{"id":143597,"date":"2023-05-14T14:03:23","date_gmt":"2023-05-14T14:03:23","guid":{"rendered":"http:\/\/talkpal.ai\/gramatica-daneza\/"},"modified":"2025-12-13T15:25:23","modified_gmt":"2025-12-13T15:25:23","slug":"gramatica-daneza","status":"publish","type":"page","link":"https:\/\/talkpal.ai\/ro\/gramatica-daneza\/","title":{"rendered":"Gramatica danez\u0103"},"content":{"rendered":"\r\n\r\n\r\n<section class=\"languageChallengeSection\">\r\n    <div class=\"languageInfoWrapper\">\r\n        \r\n        <h1>Gramatica danez\u0103<\/h1>\r\n        <p>Descoperi\u021bi elementele esen\u021biale ale gramaticii daneze \u0219i \u00eencepe\u021bi s\u0103 comunica\u021bi cu \u00eencredere \u00een aceast\u0103 fermec\u0103toare limb\u0103 scandinav\u0103. Prin st\u0103p\u00e2nirea regulilor \u0219i structurilor de baz\u0103, ve\u021bi dob\u00e2ndi abilit\u0103\u021bile necesare pentru a intra \u00een contact cu vorbitorii danezi \u0219i pentru a experimenta cultura lor bogat\u0103 \u00een mod direct. \u00cencepe\u021bi ast\u0103zi s\u0103 \u00eenv\u0103\u021ba\u021bi gramatica danez\u0103 \u0219i face\u021bi primul pas spre fluen\u021b\u0103!\n\n<\/p>\r\n\r\n                            <a class=\"getStartedHidden\" href=\"https:\/\/app.talkpal.ai\/ro\/signup?lng=\">\u00cencepe<\/a>\r\n        \r\n    <\/div>\r\n\r\n    <figure>\r\n    <img decoding=\"async\" width=\"768\" height=\"768\" src=\"https:\/\/talkpal.ai\/wp-content\/uploads\/2023\/06\/danish-768x768.png\" class=\"languageImage no-lazy\" alt=\"Language learning for career enhancement\" fetchpriority=\"high\" sizes=\"(max-width: 768px) 150px, 768px\" srcset=\"https:\/\/talkpal.ai\/wp-content\/uploads\/2023\/06\/danish-768x768.png 768w, https:\/\/talkpal.ai\/wp-content\/uploads\/2023\/06\/danish-300x300.png 300w\" \/>\r\n    \r\n\r\n    <\/figure>\r\n\r\n            <a class=\"getStartedVisible\" href=\"https:\/\/app.talkpal.ai\/ro\/signup?lng=\">\u00cencepe<\/a>\r\n    \r\n<\/section>\r\n<section class=\"promotionalBanner\">\r\n    <p class=\"promotionalText\">Cel mai eficient mod de a \u00eenv\u0103\u021ba o limb\u0103<\/p>\r\n    <a class=\"promotionalLink\" href=\"https:\/\/app.talkpal.ai\/ro\/signup?lng=\">\u00cencerca\u021bi Talkpal gratuit<\/a>\r\n<\/section>\n<div class=\"wp-block-group pageContainerStyle\"><div class=\"wp-block-group__inner-container is-layout-constrained wp-block-group-is-layout-constrained\">\n<h2 class=\"wp-block-heading\" id=\"h-delving-into-the-depths-of-danish-grammar-unraveling-its-idiosyncrasies-and-charm\">P\u0103trunderea \u00een ad\u00e2ncurile gramaticii daneze: dezv\u0103luirea idiosincraziilor \u0219i farmecului s\u0103u<\/h2>\n\n\n\n<p>V\u0103 aminti\u021bi momentul \u00een care \u00eenv\u0103\u021barea gramaticii engleze p\u0103rea o lupt\u0103 dificil\u0103 cu multitudinea de reguli, excep\u021bii \u0219i terminologie complicat\u0103? Dac\u0103 v\u0103 propune\u021bi acum s\u0103 \u00eenv\u0103\u021ba\u021bi limba danez\u0103, preg\u0103ti\u021bi-v\u0103 pentru o nou\u0103 c\u0103l\u0103torie captivant\u0103 prin complexitatea \u0219i pl\u0103cerile gramaticii daneze.<\/p>\n\n\n\n<p>Daneza, o limb\u0103 nord-germanic\u0103, \u00eemp\u0103rt\u0103\u0219e\u0219te asem\u0103n\u0103ri cu limbi precum norvegiana \u0219i suedeza. Cu toate acestea, are propriile caracteristici unice care \u00eel fac o bijuterie care merit\u0103 explorat\u0103 \u00een profunzime. S\u0103 \u00eencepem prin a deslu\u0219i minunile gramaticii daneze, regul\u0103 cu regul\u0103.<\/p>\n\n\n\n<p><strong>O caracteristic\u0103 izbitoare a gramaticii daneze<\/strong> este simplitatea sa atunci c\u00e2nd vine vorba de ordinea cuvintelor. Daneza urmeaz\u0103 structura subiect-verb-obiect (SVO), la fel ca engleza, ceea ce o face relativ u\u0219or de \u00een\u021beles pentru vorbitorii de <a href=\"https:\/\/talkpal.ai\/learn-english-with-ai\/\">englez\u0103<\/a>. Cu toate acestea, exist\u0103 o particularitate &#8211; utilizarea ordinii V2 a cuvintelor \u00een propozi\u021biile principale, ceea ce \u00eenseamn\u0103 c\u0103 verbul trebuie s\u0103 fie \u00eentotdeauna al doilea element. Aceast\u0103 regul\u0103 adaug\u0103 o not\u0103 de unicitate limbii daneze.<\/p>\n\n\n\n<p>Un alt aspect \u00eendr\u0103git al gramaticii daneze este <strong>sistemul s\u0103u cu dou\u0103 sexe<\/strong>. \u00cen timp ce unele limbi, cum ar fi franceza sau spaniola, constau din genuri separate pentru masculin \u0219i feminin, daneza simplific\u0103 acest lucru prin utilizarea a dou\u0103 genuri principale: comun \u0219i neutru. \u00cen danez\u0103, majoritatea substantivelor se \u00eencadreaz\u0103 \u00een categoria &#8222;comun&#8221;, ceea ce face ca acordul de gen cu adjectivele \u0219i articolele s\u0103 fie relativ u\u0219or de \u00een\u021beles.<\/p>\n\n\n\n<p>P\u0103trunde\u021bi \u00een domeniul <strong>conjug\u0103rii verbelor<\/strong> \u0219i ve\u021bi descoperi c\u0103 daneza eclipseaz\u0103 alte limbi \u00een ceea ce prive\u0219te simplitatea. Verbele daneze nu se schimb\u0103 \u00een func\u021bie de subiect, ceea ce face o briz\u0103 pentru a memora \u0219i \u00een\u021belege diferite forme. Verbele regulate urmeaz\u0103 modele previzibile \u0219i chiar \u0219i verbele neregulate reprezint\u0103 o provocare mic\u0103, deoarece neregularit\u0103\u021bile lor sunt foarte subtile.<\/p>\n\n\n\n<p>Gramatica danez\u0103 ofer\u0103 o caracteristic\u0103 unic\u0103 prin <strong>utilizarea de nedefinite, articole \u0219i demonstra\u021bii<\/strong>. Articolul nedefinit este echivalentul lui &#8222;a&#8221; sau &#8222;an&#8221; \u00een limba englez\u0103, iar \u00een danez\u0103 poate fi &#8222;en&#8221; pentru genul comun sau &#8222;et&#8221; pentru substantive neutre. Articolul hot\u0103r\u00e2t, similar cu &#8222;the&#8221; \u00een limba englez\u0103, se ata\u0219eaz\u0103 la sf\u00e2r\u0219itul substantivului \u00eensu\u0219i, fuzion\u00e2nd pentru a deveni un singur cuv\u00e2nt. Demonstrativele, care indic\u0103 substantive specifice, se schimb\u0103, de asemenea, \u00een func\u021bie de genul substantivului, ad\u0103ug\u00e2nd un nivel de specificitate \u0219i farmec.<\/p>\n\n\n\n<p>S\u0103 nu uit\u0103m de frumuse\u021bea <strong>pronun\u021biei daneze<\/strong>, care necesit\u0103 familiarizarea cu sunetele vocale distinctive \u0219i consoanele \u00eenmuiate. Utilizarea st\u00f8d (oprire glotal\u0103) o deosebe\u0219te \u0219i mai mult de alte limbi germanice, d\u00e2nd danezei sunetul \u0219i alura sa unic\u0103.<\/p>\n\n\n\n<p>Imers\u00e2ndu-v\u0103 \u00een gramatica danez\u0103, nu numai c\u0103 ve\u021bi \u00eenv\u0103\u021ba o nou\u0103 limb\u0103, dar v\u0103 ve\u021bi \u00eembog\u0103\u021bi \u00een mare m\u0103sur\u0103 cuno\u0219tin\u021bele culturale \u0219i \u00een\u021belegerea Danemarcei \u0219i a poporului s\u0103u. De\u0219i uneori provocatoare, gramatica danez\u0103 ofer\u0103 o experien\u021b\u0103 unic\u0103 de \u00eenv\u0103\u021bare care deschide u\u0219a c\u0103tre nenum\u0103rate farmece \u0219i idiosincrazii care o fac o limb\u0103 irezistibil\u0103 de explorat. A\u0219adar, ia-\u021bi c\u0103r\u021bile de <a href=\"https:\/\/talkpal.ai\/ro\/tutor-de-limbi-straine\/\">limbi str\u0103ine<\/a> \u0219i porne\u0219te \u00eentr-o aventur\u0103 gramatical\u0103 danez\u0103 care promite s\u0103 te captiveze \u0219i s\u0103 te inspire la fiecare pas!<\/p>\n<\/div><\/div>\n\r\n<section class=\"learnNavigationSection\">\r\n            \r\n        <a href=\"https:\/\/talkpal.ai\/ro\/invata-daneza\/\">\r\n            <div class=\"learnNavigationWrapper\">\r\n                <div class=\"learnNavigationContent\">\r\n                    <img decoding=\"async\" src=\"https:\/\/talkpal.ai\/wp-content\/uploads\/2024\/08\/Danish.jpg\" alt=\"Danish Flag\">\r\n                    <div>\r\n                        <h4>Despre \u00eenv\u0103\u021barea danez\u0103<\/h4>\r\n                        <p>Afla\u021bi totul despre gramatica danez\u0103.<\/p>\r\n                    <\/div>\r\n                <\/div>\r\n            <\/div>\r\n        <\/a>\r\n\r\n        \r\n        <a href=\"https:\/\/talkpal.ai\/ro\/exercitii-de-gramatica-daneza\/\">\r\n            <div class=\"learnNavigationWrapper\">\r\n                <div class=\"learnNavigationContent\">\r\n                    <img decoding=\"async\" src=\"https:\/\/talkpal.ai\/wp-content\/uploads\/2024\/08\/Danish.jpg\" alt=\"Danish Flag\">\r\n                    <div>\r\n                        <h4>Exerci\u021biu de gramatic\u0103 danez\u0103<\/h4>\r\n                        <p>Exersa\u021bi gramatica danez\u0103.<\/p>\r\n                    <\/div>\r\n                <\/div>\r\n            <\/div>\r\n        <\/a>\r\n\r\n        \r\n        <a href=\"https:\/\/talkpal.ai\/vocabulary_language\/danish\/\">\r\n            <div class=\"learnNavigationWrapper\">\r\n                <div class=\"learnNavigationContent\">\r\n                    <img decoding=\"async\" src=\"https:\/\/talkpal.ai\/wp-content\/uploads\/2024\/08\/Danish.jpg\" alt=\"Danish Flag\">\r\n                    <div>\r\n                        <h4>Vocabular danez<\/h4>\r\n                        <p>Extinde\u021bi-v\u0103 vocabularul danez.<\/p>\r\n                    <\/div>\r\n                <\/div>\r\n            <\/div>\r\n        <\/a>\r\n\r\n            <\/section>","protected":false},"excerpt":{"rendered":"<p>P\u0103trunderea \u00een ad\u00e2ncurile gramaticii daneze: dezv\u0103luirea idiosincraziilor \u0219i farmecului s\u0103u V\u0103 aminti\u021bi momentul \u00een care \u00eenv\u0103\u021barea gramaticii engleze p\u0103rea o lupt\u0103 dificil\u0103 cu multitudinea de reguli, excep\u021bii \u0219i terminologie complicat\u0103? Dac\u0103 v\u0103 propune\u021bi acum s\u0103 \u00eenv\u0103\u021ba\u021bi limba danez\u0103, preg\u0103ti\u021bi-v\u0103 pentru o nou\u0103 c\u0103l\u0103torie captivant\u0103 prin complexitatea \u0219i pl\u0103cerile gramaticii daneze. Daneza, o limb\u0103 nord-germanic\u0103, \u00eemp\u0103rt\u0103\u0219e\u0219te [&hellip;]<\/p>\n","protected":false},"author":1,"featured_media":111119,"parent":0,"menu_order":0,"comment_status":"closed","ping_status":"closed","template":"LearningContentPage.php","meta":{"_acf_changed":false,"footnotes":""},"class_list":["post-143597","page","type-page","status-publish","has-post-thumbnail","hentry"],"acf":[],"yoast_head":"<!-- This site is optimized with the Yoast SEO Premium plugin v27.2 (Yoast SEO v27.2) - https:\/\/yoast.com\/product\/yoast-seo-premium-wordpress\/ -->\n<title>Gramatica danez\u0103 - Talkpal<\/title>\n<meta name=\"description\" content=\"Explora\u021bi subtilit\u0103\u021bile gramaticii daneze \u0219i descoperi\u021bi regulile \u0219i caracteristicile sale unice. \u00cenv\u0103\u021ba\u021bi s\u0103 naviga\u021bi \u00een aceast\u0103 limb\u0103 f\u0103r\u0103 efort.\" \/>\n<meta name=\"robots\" content=\"index, follow, max-snippet:-1, max-image-preview:large, max-video-preview:-1\" \/>\n<link rel=\"canonical\" href=\"https:\/\/talkpal.ai\/ro\/gramatica-daneza\/\" \/>\n<meta property=\"og:locale\" content=\"ro_RO\" \/>\n<meta property=\"og:type\" content=\"article\" \/>\n<meta property=\"og:title\" content=\"Gramatica danez\u0103\" \/>\n<meta property=\"og:description\" content=\"P\u0103trunderea \u00een ad\u00e2ncurile gramaticii daneze: dezv\u0103luirea idiosincraziilor \u0219i farmecului s\u0103u V\u0103 aminti\u021bi momentul \u00een care \u00eenv\u0103\u021barea gramaticii engleze\" \/>\n<meta property=\"og:url\" content=\"https:\/\/talkpal.ai\/ro\/gramatica-daneza\/\" \/>\n<meta property=\"og:site_name\" content=\"Talkpal\" \/>\n<meta property=\"article:publisher\" content=\"https:\/\/www.facebook.com\/profile.php?id=100090733639311\" \/>\n<meta property=\"article:modified_time\" content=\"2025-12-13T15:25:23+00:00\" \/>\n<meta property=\"og:image\" content=\"https:\/\/talkpal.ai\/wp-content\/uploads\/2023\/05\/denmark.png\" \/>\n\t<meta property=\"og:image:width\" content=\"512\" \/>\n\t<meta property=\"og:image:height\" content=\"512\" \/>\n\t<meta property=\"og:image:type\" content=\"image\/png\" \/>\n<meta name=\"twitter:card\" content=\"summary_large_image\" \/>\n<meta name=\"twitter:site\" content=\"@talkpalai\" \/>\n<meta name=\"twitter:label1\" content=\"Timp estimat pentru citire\" \/>\n\t<meta name=\"twitter:data1\" content=\"3 minute\" \/>\n<script type=\"application\/ld+json\" class=\"yoast-schema-graph\">{\"@context\":\"https:\/\/schema.org\",\"@graph\":[{\"@type\":\"WebPage\",\"@id\":\"https:\/\/talkpal.ai\/ro\/gramatica-daneza\/\",\"url\":\"https:\/\/talkpal.ai\/ro\/gramatica-daneza\/\",\"name\":\"Gramatica danez\u0103 - Talkpal\",\"isPartOf\":{\"@id\":\"https:\/\/talkpal.ai\/ro\/#website\"},\"primaryImageOfPage\":{\"@id\":\"https:\/\/talkpal.ai\/ro\/gramatica-daneza\/#primaryimage\"},\"image\":{\"@id\":\"https:\/\/talkpal.ai\/ro\/gramatica-daneza\/#primaryimage\"},\"thumbnailUrl\":\"https:\/\/talkpal.ai\/wp-content\/uploads\/2023\/05\/denmark.png\",\"datePublished\":\"2023-05-14T14:03:23+00:00\",\"dateModified\":\"2025-12-13T15:25:23+00:00\",\"description\":\"Explora\u021bi subtilit\u0103\u021bile gramaticii daneze \u0219i descoperi\u021bi regulile \u0219i caracteristicile sale unice. \u00cenv\u0103\u021ba\u021bi s\u0103 naviga\u021bi \u00een aceast\u0103 limb\u0103 f\u0103r\u0103 efort.\",\"breadcrumb\":{\"@id\":\"https:\/\/talkpal.ai\/ro\/gramatica-daneza\/#breadcrumb\"},\"inLanguage\":\"ro-RO\",\"potentialAction\":[{\"@type\":\"ReadAction\",\"target\":[\"https:\/\/talkpal.ai\/ro\/gramatica-daneza\/\"]}]},{\"@type\":\"ImageObject\",\"inLanguage\":\"ro-RO\",\"@id\":\"https:\/\/talkpal.ai\/ro\/gramatica-daneza\/#primaryimage\",\"url\":\"https:\/\/talkpal.ai\/wp-content\/uploads\/2023\/05\/denmark.png\",\"contentUrl\":\"https:\/\/talkpal.ai\/wp-content\/uploads\/2023\/05\/denmark.png\",\"width\":512,\"height\":512},{\"@type\":\"BreadcrumbList\",\"@id\":\"https:\/\/talkpal.ai\/ro\/gramatica-daneza\/#breadcrumb\",\"itemListElement\":[{\"@type\":\"ListItem\",\"position\":1,\"name\":\"Homepage\",\"item\":\"https:\/\/talkpal.ai\/ro\/\"},{\"@type\":\"ListItem\",\"position\":2,\"name\":\"Gramatica danez\u0103\"}]},{\"@type\":\"WebSite\",\"@id\":\"https:\/\/talkpal.ai\/ro\/#website\",\"url\":\"https:\/\/talkpal.ai\/ro\/\",\"name\":\"Talkpal\",\"description\":\"AI Language Learning\",\"publisher\":{\"@id\":\"https:\/\/talkpal.ai\/ro\/#organization\"},\"alternateName\":\"Talkpal AI\",\"potentialAction\":[{\"@type\":\"SearchAction\",\"target\":{\"@type\":\"EntryPoint\",\"urlTemplate\":\"https:\/\/talkpal.ai\/ro\/?s={search_term_string}\"},\"query-input\":{\"@type\":\"PropertyValueSpecification\",\"valueRequired\":true,\"valueName\":\"search_term_string\"}}],\"inLanguage\":\"ro-RO\"},{\"@type\":\"Organization\",\"@id\":\"https:\/\/talkpal.ai\/ro\/#organization\",\"name\":\"Talkpal, Inc.\",\"alternateName\":\"Talkpal AI\",\"url\":\"https:\/\/talkpal.ai\/ro\/\",\"logo\":{\"@type\":\"ImageObject\",\"inLanguage\":\"ro-RO\",\"@id\":\"https:\/\/talkpal.ai\/ro\/#\/schema\/logo\/image\/\",\"url\":\"https:\/\/talkpal.ai\/wp-content\/uploads\/2024\/03\/Talkpal-Logo-Icon.png\",\"contentUrl\":\"https:\/\/talkpal.ai\/wp-content\/uploads\/2024\/03\/Talkpal-Logo-Icon.png\",\"width\":2880,\"height\":2880,\"caption\":\"Talkpal, Inc.\"},\"image\":{\"@id\":\"https:\/\/talkpal.ai\/ro\/#\/schema\/logo\/image\/\"},\"sameAs\":[\"https:\/\/www.facebook.com\/profile.php?id=100090733639311\",\"https:\/\/x.com\/talkpalai\",\"https:\/\/www.linkedin.com\/company\/talkpal\/\",\"https:\/\/www.youtube.com\/@TalkPal\/\",\"https:\/\/www.tiktok.com\/@talkpal\",\"https:\/\/www.instagram.com\/talkpal_ai\/\",\"https:\/\/www.crunchbase.com\/organization\/talkpal-9cde\",\"https:\/\/www.g2.com\/products\/talkpal-for-business\/\",\"https:\/\/www.trustpilot.com\/review\/talkpal.ai\",\"https:\/\/www.capterra.com\/p\/10006800\/TalkPal\/\"],\"description\":\"Talkpal is a language learning web and mobile education app, powered by the latest AI technologies, that provides engaging experiences to its customers in many different languages to help them improve their language skills. Users can chat about unlimited amount of topics with the app and use other modes to practice their language learning.\",\"email\":\"support@talkpal.ai\",\"legalName\":\"Talkpal, Inc.\",\"foundingDate\":\"2023-04-03\",\"duns\":\"118989042\",\"numberOfEmployees\":{\"@type\":\"QuantitativeValue\",\"minValue\":\"11\",\"maxValue\":\"50\"},\"publishingPrinciples\":\"https:\/\/talkpal.ai\/publishing-principles\/\",\"actionableFeedbackPolicy\":\"https:\/\/talkpal.ai\/actionable-feedback-policy\/\",\"correctionsPolicy\":\"https:\/\/talkpal.ai\/corrections-policy\/\",\"ethicsPolicy\":\"https:\/\/talkpal.ai\/ethics-policy\/\",\"diversityPolicy\":\"https:\/\/talkpal.ai\/diversity-policy\/\",\"diversityStaffingReport\":\"https:\/\/talkpal.ai\/diversity-policy\/\"}]}<\/script>\n<!-- \/ Yoast SEO Premium plugin. -->","yoast_head_json":{"title":"Gramatica danez\u0103 - Talkpal","description":"Explora\u021bi subtilit\u0103\u021bile gramaticii daneze \u0219i descoperi\u021bi regulile \u0219i caracteristicile sale unice. \u00cenv\u0103\u021ba\u021bi s\u0103 naviga\u021bi \u00een aceast\u0103 limb\u0103 f\u0103r\u0103 efort.","robots":{"index":"index","follow":"follow","max-snippet":"max-snippet:-1","max-image-preview":"max-image-preview:large","max-video-preview":"max-video-preview:-1"},"canonical":"https:\/\/talkpal.ai\/ro\/gramatica-daneza\/","og_locale":"ro_RO","og_type":"article","og_title":"Gramatica danez\u0103","og_description":"P\u0103trunderea \u00een ad\u00e2ncurile gramaticii daneze: dezv\u0103luirea idiosincraziilor \u0219i farmecului s\u0103u V\u0103 aminti\u021bi momentul \u00een care \u00eenv\u0103\u021barea gramaticii engleze","og_url":"https:\/\/talkpal.ai\/ro\/gramatica-daneza\/","og_site_name":"Talkpal","article_publisher":"https:\/\/www.facebook.com\/profile.php?id=100090733639311","article_modified_time":"2025-12-13T15:25:23+00:00","og_image":[{"width":512,"height":512,"url":"https:\/\/talkpal.ai\/wp-content\/uploads\/2023\/05\/denmark.png","type":"image\/png"}],"twitter_card":"summary_large_image","twitter_site":"@talkpalai","twitter_misc":{"Timp estimat pentru citire":"3 minute"},"schema":{"@context":"https:\/\/schema.org","@graph":[{"@type":"WebPage","@id":"https:\/\/talkpal.ai\/ro\/gramatica-daneza\/","url":"https:\/\/talkpal.ai\/ro\/gramatica-daneza\/","name":"Gramatica danez\u0103 - Talkpal","isPartOf":{"@id":"https:\/\/talkpal.ai\/ro\/#website"},"primaryImageOfPage":{"@id":"https:\/\/talkpal.ai\/ro\/gramatica-daneza\/#primaryimage"},"image":{"@id":"https:\/\/talkpal.ai\/ro\/gramatica-daneza\/#primaryimage"},"thumbnailUrl":"https:\/\/talkpal.ai\/wp-content\/uploads\/2023\/05\/denmark.png","datePublished":"2023-05-14T14:03:23+00:00","dateModified":"2025-12-13T15:25:23+00:00","description":"Explora\u021bi subtilit\u0103\u021bile gramaticii daneze \u0219i descoperi\u021bi regulile \u0219i caracteristicile sale unice. \u00cenv\u0103\u021ba\u021bi s\u0103 naviga\u021bi \u00een aceast\u0103 limb\u0103 f\u0103r\u0103 efort.","breadcrumb":{"@id":"https:\/\/talkpal.ai\/ro\/gramatica-daneza\/#breadcrumb"},"inLanguage":"ro-RO","potentialAction":[{"@type":"ReadAction","target":["https:\/\/talkpal.ai\/ro\/gramatica-daneza\/"]}]},{"@type":"ImageObject","inLanguage":"ro-RO","@id":"https:\/\/talkpal.ai\/ro\/gramatica-daneza\/#primaryimage","url":"https:\/\/talkpal.ai\/wp-content\/uploads\/2023\/05\/denmark.png","contentUrl":"https:\/\/talkpal.ai\/wp-content\/uploads\/2023\/05\/denmark.png","width":512,"height":512},{"@type":"BreadcrumbList","@id":"https:\/\/talkpal.ai\/ro\/gramatica-daneza\/#breadcrumb","itemListElement":[{"@type":"ListItem","position":1,"name":"Homepage","item":"https:\/\/talkpal.ai\/ro\/"},{"@type":"ListItem","position":2,"name":"Gramatica danez\u0103"}]},{"@type":"WebSite","@id":"https:\/\/talkpal.ai\/ro\/#website","url":"https:\/\/talkpal.ai\/ro\/","name":"Talkpal","description":"AI Language Learning","publisher":{"@id":"https:\/\/talkpal.ai\/ro\/#organization"},"alternateName":"Talkpal AI","potentialAction":[{"@type":"SearchAction","target":{"@type":"EntryPoint","urlTemplate":"https:\/\/talkpal.ai\/ro\/?s={search_term_string}"},"query-input":{"@type":"PropertyValueSpecification","valueRequired":true,"valueName":"search_term_string"}}],"inLanguage":"ro-RO"},{"@type":"Organization","@id":"https:\/\/talkpal.ai\/ro\/#organization","name":"Talkpal, Inc.","alternateName":"Talkpal AI","url":"https:\/\/talkpal.ai\/ro\/","logo":{"@type":"ImageObject","inLanguage":"ro-RO","@id":"https:\/\/talkpal.ai\/ro\/#\/schema\/logo\/image\/","url":"https:\/\/talkpal.ai\/wp-content\/uploads\/2024\/03\/Talkpal-Logo-Icon.png","contentUrl":"https:\/\/talkpal.ai\/wp-content\/uploads\/2024\/03\/Talkpal-Logo-Icon.png","width":2880,"height":2880,"caption":"Talkpal, Inc."},"image":{"@id":"https:\/\/talkpal.ai\/ro\/#\/schema\/logo\/image\/"},"sameAs":["https:\/\/www.facebook.com\/profile.php?id=100090733639311","https:\/\/x.com\/talkpalai","https:\/\/www.linkedin.com\/company\/talkpal\/","https:\/\/www.youtube.com\/@TalkPal\/","https:\/\/www.tiktok.com\/@talkpal","https:\/\/www.instagram.com\/talkpal_ai\/","https:\/\/www.crunchbase.com\/organization\/talkpal-9cde","https:\/\/www.g2.com\/products\/talkpal-for-business\/","https:\/\/www.trustpilot.com\/review\/talkpal.ai","https:\/\/www.capterra.com\/p\/10006800\/TalkPal\/"],"description":"Talkpal is a language learning web and mobile education app, powered by the latest AI technologies, that provides engaging experiences to its customers in many different languages to help them improve their language skills. Users can chat about unlimited amount of topics with the app and use other modes to practice their language learning.","email":"support@talkpal.ai","legalName":"Talkpal, Inc.","foundingDate":"2023-04-03","duns":"118989042","numberOfEmployees":{"@type":"QuantitativeValue","minValue":"11","maxValue":"50"},"publishingPrinciples":"https:\/\/talkpal.ai\/publishing-principles\/","actionableFeedbackPolicy":"https:\/\/talkpal.ai\/actionable-feedback-policy\/","correctionsPolicy":"https:\/\/talkpal.ai\/corrections-policy\/","ethicsPolicy":"https:\/\/talkpal.ai\/ethics-policy\/","diversityPolicy":"https:\/\/talkpal.ai\/diversity-policy\/","diversityStaffingReport":"https:\/\/talkpal.ai\/diversity-policy\/"}]}},"_links":{"self":[{"href":"https:\/\/talkpal.ai\/ro\/wp-json\/wp\/v2\/pages\/143597","targetHints":{"allow":["GET"]}}],"collection":[{"href":"https:\/\/talkpal.ai\/ro\/wp-json\/wp\/v2\/pages"}],"about":[{"href":"https:\/\/talkpal.ai\/ro\/wp-json\/wp\/v2\/types\/page"}],"author":[{"embeddable":true,"href":"https:\/\/talkpal.ai\/ro\/wp-json\/wp\/v2\/users\/1"}],"replies":[{"embeddable":true,"href":"https:\/\/talkpal.ai\/ro\/wp-json\/wp\/v2\/comments?post=143597"}],"version-history":[{"count":0,"href":"https:\/\/talkpal.ai\/ro\/wp-json\/wp\/v2\/pages\/143597\/revisions"}],"wp:featuredmedia":[{"embeddable":true,"href":"https:\/\/talkpal.ai\/ro\/wp-json\/wp\/v2\/media\/111119"}],"wp:attachment":[{"href":"https:\/\/talkpal.ai\/ro\/wp-json\/wp\/v2\/media?parent=143597"}],"curies":[{"name":"wp","href":"https:\/\/api.w.org\/{rel}","templated":true}]}}