{"id":143296,"date":"2023-05-14T14:03:07","date_gmt":"2023-05-14T14:03:07","guid":{"rendered":"http:\/\/talkpal.ai\/gramatica-limbii-cehe\/"},"modified":"2025-12-13T15:22:12","modified_gmt":"2025-12-13T15:22:12","slug":"gramatica-limbii-cehe","status":"publish","type":"page","link":"https:\/\/talkpal.ai\/ro\/gramatica-limbii-cehe\/","title":{"rendered":"Gramatica limbii cehe"},"content":{"rendered":"\r\n\r\n\r\n<section class=\"languageChallengeSection\">\r\n    <div class=\"languageInfoWrapper\">\r\n        \r\n        <h1>Gramatica limbii cehe<\/h1>\r\n        <p>Explora\u021bi subtilit\u0103\u021bile gramaticii cehe \u0219i deschide\u021bi u\u0219a spre \u00een\u021belegerea acestei limbi din Europa Central\u0103. Prin st\u0103p\u00e2nirea regulilor \u0219i modelelor esen\u021biale, ve\u021bi comunica mai eficient \u0219i ve\u021bi ob\u021bine o \u00een\u021belegere mai profund\u0103 a culturii cehe. \u00cencepe\u021bi ast\u0103zi s\u0103 \u00eenv\u0103\u021ba\u021bi gramatica ceh\u0103 \u0219i face\u021bi primul pas spre fluen\u021b\u0103!<\/p>\r\n\r\n                            <a class=\"getStartedHidden\" href=\"https:\/\/app.talkpal.ai\/ro\/signup?lng=\">\u00cencepe<\/a>\r\n        \r\n    <\/div>\r\n\r\n    <figure>\r\n    <img decoding=\"async\" width=\"768\" height=\"768\" src=\"https:\/\/talkpal.ai\/wp-content\/uploads\/2023\/06\/Czech-768x768.png\" class=\"languageImage no-lazy\" alt=\"Language learning for intellectual development\" fetchpriority=\"high\" sizes=\"(max-width: 768px) 150px, 768px\" srcset=\"https:\/\/talkpal.ai\/wp-content\/uploads\/2023\/06\/Czech-768x768.png 768w, https:\/\/talkpal.ai\/wp-content\/uploads\/2023\/06\/Czech-300x300.png 300w\" \/>\r\n    \r\n\r\n    <\/figure>\r\n\r\n            <a class=\"getStartedVisible\" href=\"https:\/\/app.talkpal.ai\/ro\/signup?lng=\">\u00cencepe<\/a>\r\n    \r\n<\/section>\r\n<section class=\"promotionalBanner\">\r\n    <p class=\"promotionalText\">Cel mai eficient mod de a \u00eenv\u0103\u021ba o limb\u0103<\/p>\r\n    <a class=\"promotionalLink\" href=\"https:\/\/app.talkpal.ai\/ro\/signup?lng=\">\u00cencerca\u021bi Talkpal gratuit<\/a>\r\n<\/section>\n<div class=\"wp-block-group pageContainerStyle\"><div class=\"wp-block-group__inner-container is-layout-constrained wp-block-group-is-layout-constrained\">\n<h2 class=\"wp-block-heading\" id=\"h-czech-grammar-making-sense-of-the-czech-language-s-unique-structure\">Gramatica ceh\u0103: Cum s\u0103 \u00een\u021belegi structura unic\u0103 a limbii cehe<\/h2>\n\n\n\n<p>Dac\u0103 a\u021bi \u00eencercat vreodat\u0103 s\u0103 \u00eenv\u0103\u021ba\u021bi limba ceh\u0103 &#8211; sau chiar dac\u0103 a\u021bi citit un articol sau o carte \u00een limba ceh\u0103 &#8211; a\u021bi observat probabil c\u0103 gramatica poate fi destul de dificil\u0103. Considerat\u0103 pe scar\u0103 larg\u0103 ca fiind unul dintre cele mai complexe sisteme lingvistice, gramatica ceh\u0103 a uimit mul\u021bi <a href=\"https:\/\/talkpal.ai\/talkpal-discount-for-students\/\">studen\u021bi<\/a> str\u0103ini. Dar nu v\u0103 l\u0103sa\u021bi intimidat de asta! Particularit\u0103\u021bile gramaticii cehe sunt ceea ce o face fascinant\u0103 \u0219i unic\u0103. \u00cen acest articol, vom demistifica c\u00e2teva elemente cheie ale gramaticii cehe \u00eentr-un mod conversa\u021bional, ajut\u00e2ndu-v\u0103 s\u0103 \u00een\u021belege\u021bi mai bine aceast\u0103 frumoas\u0103 limb\u0103.<\/p>\n\n\n\n<h3 class=\"wp-block-heading\" id=\"h-1-nouns-declensions-and-cases-galore\">1. Substantive \u2013 declin\u0103ri \u0219i cazuri din bel\u0219ug!<\/h3>\n\n\n\n<p>Unul dintre primele lucruri <a href=\"https:\/\/talkpal.ai\/culture\/how-do-i-use-pe-care-correctly\/\">pe care<\/a> le ve\u021bi observa \u00een gramatica ceh\u0103 este declinarea substantivelor. O declinare este un grup de substantive cu tr\u0103s\u0103turi gramaticale similare, iar limba ceh\u0103 are p\u00e2n\u0103 la 14 declin\u0103ri distincte. Ce zici de asta ca varietate? Fiecare declinare are un model specific pentru reprezentarea formelor substantivale singulare \u0219i <a href=\"https:\/\/talkpal.ai\/zh-hans\/grammar_exercises\/plurale-%e6%84%8f%e5%a4%a7%e5%88%a9%e8%af%ad%e6%b3%95%e7%bb%83%e4%b9%a0\/\">plurale<\/a>.<\/p>\n\n\n\n<p>Substantivele cehe au, de asemenea, \u0219apte cazuri diferite: nominativ, genitiv, dativ, acuzativ, vocativ, locativ \u0219i instrumental. De\u0219i un astfel de num\u0103r poate p\u0103rea descurajant, este esen\u021bial s\u0103 cunoa\u0219tem aceste cazuri, deoarece ele sunt esen\u021biale \u00een transmiterea semnifica\u021biei. De exemplu, \u00een limba ceh\u0103, ordinea cuvintelor nu este la fel de important\u0103 ca \u00een limba <a href=\"https:\/\/talkpal.ai\/learn-english-with-ai\/\">englez\u0103<\/a>, ci cazurile indic\u0103 rela\u021biile dintre cuvinte.<\/p>\n\n\n\n<h3 class=\"wp-block-heading\" id=\"h-2-adjectives-agreeing-with-nouns\">2. Adjective \u2013 \u00cen acord cu substantivele<\/h3>\n\n\n\n<p>Adjectivele cehe au o datorie special\u0103: trebuie s\u0103 fie de acord cu substantivele pe care le modific\u0103 \u00een gen, num\u0103r \u0219i caz. G\u00e2ndi\u021bi-v\u0103 la el ca la un duo dinamic, tangoul gramatical, unde o jum\u0103tate se ajusteaz\u0103 gra\u021bios pentru a o completa pe cealalt\u0103. Acest acord ajut\u0103 la crearea armoniei \u00een propozi\u021bii \u0219i cre\u0219te claritatea.<\/p>\n\n\n\n<p>De exemplu, cuv\u00e2ntul pentru &#8222;frumos&#8221; \u00een limba ceh\u0103 este &#8222;kr\u00e1sn\u00fd&#8221;. Dac\u0103 descrie\u021bi o cas\u0103 frumoas\u0103 (d\u016fm), care este masculin, ve\u021bi folosi &#8222;kr\u00e1sn\u00fd d\u016fm&#8221;. Pentru o fat\u0103 frumoas\u0103 (d\u00edvka), care este feminin\u0103, devine &#8222;kr\u00e1sn\u00e1 d\u00edvka&#8221;. Iar pentru o zi frumoas\u0103 (den), care este neutru, se spune &#8222;kr\u00e1sn\u00fd den&#8221;. Vede\u021bi cum danseaz\u0103 adjectivul \u00eempreun\u0103 cu substantivul?<\/p>\n\n\n\n<h3 class=\"wp-block-heading\" id=\"h-3-verbs-the-art-of-conjugation\">3. Verbe \u2013 Arta conjug\u0103rii<\/h3>\n\n\n\n<p>\u00cen ceh\u0103, arta conjug\u0103rii \u2013 adic\u0103 schimbarea formelor verbelor \u00een func\u021bie de timp, dispozi\u021bie \u0219i persoan\u0103 \u2013 cap\u0103t\u0103 o via\u021b\u0103 proprie. Verbele cehe se \u00eempart \u00een dou\u0103 categorii: perfective \u0219i imperfective. Verbele perfective indic\u0103 faptul c\u0103 o ac\u021biune a fost finalizat\u0103, \u00een timp ce verbele imperfective sugereaz\u0103 ac\u021biuni continue sau obi\u0219nuite.  <\/p>\n\n\n\n<p>Gramatica ceh\u0103 are c\u00e2teva ciud\u0103\u021benii interesante atunci c\u00e2nd vine vorba de verbe. De exemplu, timpul viitor se formeaz\u0103 \u00een mod regulat doar pentru verbele imperfective. Pentru verbele perfective, se contope\u0219te cu timpul prezent! De asemenea, \u00een loc s\u0103 aib\u0103 o voce pasiv\u0103 specific\u0103, ceha \u00eencorporeaz\u0103 construc\u021bii pasive folosind verbe auxiliare. S\u0103 nu uit\u0103m de verbele reflexive din limba ceh\u0103, unde ac\u021biunile se \u00eentorc la subiect, ad\u0103ug\u00e2nd un alt nivel de nuan\u021b\u0103 acestei limbi fascinante.<\/p>\n\n\n\n<h3 class=\"wp-block-heading\" id=\"h-4-pronouns-the-mirror-of-linguistic-diversity\">4. Pronume: oglinda diversit\u0103\u021bii lingvistice<\/h3>\n\n\n\n<p>Pronumele din gramatica ceh\u0103 &#8211; vorbim de pronumele personal, posesiv, demonstrativ, interogativ \u0219i relativ &#8211; prezint\u0103 aceea\u0219i diversitate ca \u0219i alte p\u0103r\u021bi de vorbire. \u0218i ei trebuie s\u0103 fie de acord \u00een gen, num\u0103r \u0219i caz cu substantivele pe care le \u00eenlocuiesc sau la care se refer\u0103.<\/p>\n\n\n\n<p>De exemplu, dac\u0103 vorbi\u021bi despre o carte care v\u0103 place, ve\u021bi spune &#8222;<a href=\"https:\/\/talkpal.ai\/culture\/how-to-say-i-like-in-slovak-using-mam-rad\/\">M\u00e1m r\u00e1d<\/a> tu knihu&#8221; (\u00cemi place acea carte). Aici, &#8222;tu&#8221; este forma feminin\u0103 a pronumelui demonstrativ &#8222;c\u0103&#8221;, \u00een acord cu &#8222;kniha&#8221; (carte), care este de asemenea feminin.<\/p>\n\n\n\n<h3 class=\"wp-block-heading\" id=\"h-5-embracing-the-challenge\">5. \u00cembr\u0103\u021bi\u0219area provoc\u0103rii<\/h3>\n\n\n\n<p>Gramatica limbii cehe poate fi perplex\u0103 \u0219i intimidant\u0103, dar este, de asemenea, ceea ce face ca aceast\u0103 limb\u0103 fascinant\u0103 s\u0103 ias\u0103 \u00een eviden\u021b\u0103. Nu v\u0103 feri\u021bi de provocare! Nu uita\u021bi c\u0103 nu este vorba de a st\u0103p\u00e2ni totul dintr-o dat\u0103, ci de a face progrese pas cu pas. Acorda\u021bi-v\u0103 timp pentru a \u00een\u021belege sistemul unic al gramaticii cehe \u0219i ve\u021bi fi pe drumul cel bun pentru a st\u0103p\u00e2ni aceast\u0103 limb\u0103 frumoas\u0103 \u0219i complex\u0103. \u0218i, pe m\u0103sur\u0103 ce \u00eembr\u0103\u021bi\u0219a\u021bi nuan\u021bele \u00eenc\u00e2nt\u0103toare pe care le ofer\u0103 gramatica ceh\u0103, ve\u021bi descoperi, f\u0103r\u0103 \u00eendoial\u0103, o nou\u0103 apreciere pentru complexitatea ei. Spor la invatat!<\/p>\n<\/div><\/div>\n\r\n<section class=\"learnNavigationSection\">\r\n            \r\n        <a href=\"https:\/\/talkpal.ai\/ro\/invata-limba-ceha\/\">\r\n            <div class=\"learnNavigationWrapper\">\r\n                <div class=\"learnNavigationContent\">\r\n                    <img decoding=\"async\" src=\"https:\/\/talkpal.ai\/wp-content\/uploads\/2024\/08\/Czech.jpg\" alt=\"Czech Flag\">\r\n                    <div>\r\n                        <h4>Despre Czech Learning<\/h4>\r\n                        <p>Afla\u021bi totul despre gramatica limbii cehe .<\/p>\r\n                    <\/div>\r\n                <\/div>\r\n            <\/div>\r\n        <\/a>\r\n\r\n        \r\n        <a href=\"https:\/\/talkpal.ai\/ro\/exercitii-de-gramatica-ceha\/\">\r\n            <div class=\"learnNavigationWrapper\">\r\n                <div class=\"learnNavigationContent\">\r\n                    <img decoding=\"async\" src=\"https:\/\/talkpal.ai\/wp-content\/uploads\/2024\/08\/Czech.jpg\" alt=\"Czech Flag\">\r\n                    <div>\r\n                        <h4>Exerci\u021biu de gramatic\u0103 ceh\u0103<\/h4>\r\n                        <p>Exersa\u021bi gramatica ceh\u0103.<\/p>\r\n                    <\/div>\r\n                <\/div>\r\n            <\/div>\r\n        <\/a>\r\n\r\n        \r\n        <a href=\"https:\/\/talkpal.ai\/vocabulary_language\/czech\/\">\r\n            <div class=\"learnNavigationWrapper\">\r\n                <div class=\"learnNavigationContent\">\r\n                    <img decoding=\"async\" src=\"https:\/\/talkpal.ai\/wp-content\/uploads\/2024\/08\/Czech.jpg\" alt=\"Czech Flag\">\r\n                    <div>\r\n                        <h4>Vocabular ceh<\/h4>\r\n                        <p>Extinde\u021bi-v\u0103 vocabularul ceh.<\/p>\r\n                    <\/div>\r\n                <\/div>\r\n            <\/div>\r\n        <\/a>\r\n\r\n            <\/section>","protected":false},"excerpt":{"rendered":"<p>Gramatica ceh\u0103: Cum s\u0103 \u00een\u021belegi structura unic\u0103 a limbii cehe Dac\u0103 a\u021bi \u00eencercat vreodat\u0103 s\u0103 \u00eenv\u0103\u021ba\u021bi limba ceh\u0103 &#8211; sau chiar dac\u0103 a\u021bi citit un articol sau o carte \u00een limba ceh\u0103 &#8211; a\u021bi observat probabil c\u0103 gramatica poate fi destul de dificil\u0103. Considerat\u0103 pe scar\u0103 larg\u0103 ca fiind unul dintre cele mai complexe sisteme [&hellip;]<\/p>\n","protected":false},"author":1,"featured_media":111604,"parent":0,"menu_order":0,"comment_status":"closed","ping_status":"closed","template":"LearningContentPage.php","meta":{"_acf_changed":false,"footnotes":""},"class_list":["post-143296","page","type-page","status-publish","has-post-thumbnail","hentry"],"acf":[],"yoast_head":"<!-- This site is optimized with the Yoast SEO Premium plugin v27.2 (Yoast SEO v27.2) - https:\/\/yoast.com\/product\/yoast-seo-premium-wordpress\/ -->\n<title>Gramatica limbii cehe - Talkpal<\/title>\n<meta name=\"description\" content=\"Descoperi\u021bi secretele gramaticii cehe. Afla\u021bi despre complexitatea sa unic\u0103 \u0219i cum s\u0103 st\u0103p\u00e2ni\u021bi eficient declin\u0103rile substantivului.\" \/>\n<meta name=\"robots\" content=\"index, follow, max-snippet:-1, max-image-preview:large, max-video-preview:-1\" \/>\n<link rel=\"canonical\" href=\"https:\/\/talkpal.ai\/ro\/gramatica-limbii-cehe\/\" \/>\n<meta property=\"og:locale\" content=\"ro_RO\" \/>\n<meta property=\"og:type\" content=\"article\" \/>\n<meta property=\"og:title\" content=\"Gramatica limbii cehe\" \/>\n<meta property=\"og:description\" content=\"Gramatica ceh\u0103: Cum s\u0103 \u00een\u021belegi structura unic\u0103 a limbii cehe Dac\u0103 a\u021bi \u00eencercat vreodat\u0103 s\u0103 \u00eenv\u0103\u021ba\u021bi limba ceh\u0103 - sau chiar dac\u0103 a\u021bi citit un articol sau\" \/>\n<meta property=\"og:url\" content=\"https:\/\/talkpal.ai\/ro\/gramatica-limbii-cehe\/\" \/>\n<meta property=\"og:site_name\" content=\"Talkpal\" \/>\n<meta property=\"article:publisher\" content=\"https:\/\/www.facebook.com\/profile.php?id=100090733639311\" \/>\n<meta property=\"article:modified_time\" content=\"2025-12-13T15:22:12+00:00\" \/>\n<meta property=\"og:image\" content=\"https:\/\/talkpal.ai\/wp-content\/uploads\/2023\/05\/czech-republic.png\" \/>\n\t<meta property=\"og:image:width\" content=\"512\" \/>\n\t<meta property=\"og:image:height\" content=\"512\" \/>\n\t<meta property=\"og:image:type\" content=\"image\/png\" \/>\n<meta name=\"twitter:card\" content=\"summary_large_image\" \/>\n<meta name=\"twitter:site\" content=\"@talkpalai\" \/>\n<meta name=\"twitter:label1\" content=\"Timp estimat pentru citire\" \/>\n\t<meta name=\"twitter:data1\" content=\"4 minute\" \/>\n<script type=\"application\/ld+json\" class=\"yoast-schema-graph\">{\"@context\":\"https:\/\/schema.org\",\"@graph\":[{\"@type\":\"WebPage\",\"@id\":\"https:\/\/talkpal.ai\/ro\/gramatica-limbii-cehe\/\",\"url\":\"https:\/\/talkpal.ai\/ro\/gramatica-limbii-cehe\/\",\"name\":\"Gramatica limbii cehe - Talkpal\",\"isPartOf\":{\"@id\":\"https:\/\/talkpal.ai\/ro\/#website\"},\"primaryImageOfPage\":{\"@id\":\"https:\/\/talkpal.ai\/ro\/gramatica-limbii-cehe\/#primaryimage\"},\"image\":{\"@id\":\"https:\/\/talkpal.ai\/ro\/gramatica-limbii-cehe\/#primaryimage\"},\"thumbnailUrl\":\"https:\/\/talkpal.ai\/wp-content\/uploads\/2023\/05\/czech-republic.png\",\"datePublished\":\"2023-05-14T14:03:07+00:00\",\"dateModified\":\"2025-12-13T15:22:12+00:00\",\"description\":\"Descoperi\u021bi secretele gramaticii cehe. Afla\u021bi despre complexitatea sa unic\u0103 \u0219i cum s\u0103 st\u0103p\u00e2ni\u021bi eficient declin\u0103rile substantivului.\",\"breadcrumb\":{\"@id\":\"https:\/\/talkpal.ai\/ro\/gramatica-limbii-cehe\/#breadcrumb\"},\"inLanguage\":\"ro-RO\",\"potentialAction\":[{\"@type\":\"ReadAction\",\"target\":[\"https:\/\/talkpal.ai\/ro\/gramatica-limbii-cehe\/\"]}]},{\"@type\":\"ImageObject\",\"inLanguage\":\"ro-RO\",\"@id\":\"https:\/\/talkpal.ai\/ro\/gramatica-limbii-cehe\/#primaryimage\",\"url\":\"https:\/\/talkpal.ai\/wp-content\/uploads\/2023\/05\/czech-republic.png\",\"contentUrl\":\"https:\/\/talkpal.ai\/wp-content\/uploads\/2023\/05\/czech-republic.png\",\"width\":512,\"height\":512},{\"@type\":\"BreadcrumbList\",\"@id\":\"https:\/\/talkpal.ai\/ro\/gramatica-limbii-cehe\/#breadcrumb\",\"itemListElement\":[{\"@type\":\"ListItem\",\"position\":1,\"name\":\"Homepage\",\"item\":\"https:\/\/talkpal.ai\/ro\/\"},{\"@type\":\"ListItem\",\"position\":2,\"name\":\"Gramatica limbii cehe\"}]},{\"@type\":\"WebSite\",\"@id\":\"https:\/\/talkpal.ai\/ro\/#website\",\"url\":\"https:\/\/talkpal.ai\/ro\/\",\"name\":\"Talkpal\",\"description\":\"AI Language Learning\",\"publisher\":{\"@id\":\"https:\/\/talkpal.ai\/ro\/#organization\"},\"alternateName\":\"Talkpal AI\",\"potentialAction\":[{\"@type\":\"SearchAction\",\"target\":{\"@type\":\"EntryPoint\",\"urlTemplate\":\"https:\/\/talkpal.ai\/ro\/?s={search_term_string}\"},\"query-input\":{\"@type\":\"PropertyValueSpecification\",\"valueRequired\":true,\"valueName\":\"search_term_string\"}}],\"inLanguage\":\"ro-RO\"},{\"@type\":\"Organization\",\"@id\":\"https:\/\/talkpal.ai\/ro\/#organization\",\"name\":\"Talkpal, Inc.\",\"alternateName\":\"Talkpal AI\",\"url\":\"https:\/\/talkpal.ai\/ro\/\",\"logo\":{\"@type\":\"ImageObject\",\"inLanguage\":\"ro-RO\",\"@id\":\"https:\/\/talkpal.ai\/ro\/#\/schema\/logo\/image\/\",\"url\":\"https:\/\/talkpal.ai\/wp-content\/uploads\/2024\/03\/Talkpal-Logo-Icon.png\",\"contentUrl\":\"https:\/\/talkpal.ai\/wp-content\/uploads\/2024\/03\/Talkpal-Logo-Icon.png\",\"width\":2880,\"height\":2880,\"caption\":\"Talkpal, Inc.\"},\"image\":{\"@id\":\"https:\/\/talkpal.ai\/ro\/#\/schema\/logo\/image\/\"},\"sameAs\":[\"https:\/\/www.facebook.com\/profile.php?id=100090733639311\",\"https:\/\/x.com\/talkpalai\",\"https:\/\/www.linkedin.com\/company\/talkpal\/\",\"https:\/\/www.youtube.com\/@TalkPal\/\",\"https:\/\/www.tiktok.com\/@talkpal\",\"https:\/\/www.instagram.com\/talkpal_ai\/\",\"https:\/\/www.crunchbase.com\/organization\/talkpal-9cde\",\"https:\/\/www.g2.com\/products\/talkpal-for-business\/\",\"https:\/\/www.trustpilot.com\/review\/talkpal.ai\",\"https:\/\/www.capterra.com\/p\/10006800\/TalkPal\/\"],\"description\":\"Talkpal is a language learning web and mobile education app, powered by the latest AI technologies, that provides engaging experiences to its customers in many different languages to help them improve their language skills. Users can chat about unlimited amount of topics with the app and use other modes to practice their language learning.\",\"email\":\"support@talkpal.ai\",\"legalName\":\"Talkpal, Inc.\",\"foundingDate\":\"2023-04-03\",\"duns\":\"118989042\",\"numberOfEmployees\":{\"@type\":\"QuantitativeValue\",\"minValue\":\"11\",\"maxValue\":\"50\"},\"publishingPrinciples\":\"https:\/\/talkpal.ai\/publishing-principles\/\",\"actionableFeedbackPolicy\":\"https:\/\/talkpal.ai\/actionable-feedback-policy\/\",\"correctionsPolicy\":\"https:\/\/talkpal.ai\/corrections-policy\/\",\"ethicsPolicy\":\"https:\/\/talkpal.ai\/ethics-policy\/\",\"diversityPolicy\":\"https:\/\/talkpal.ai\/diversity-policy\/\",\"diversityStaffingReport\":\"https:\/\/talkpal.ai\/diversity-policy\/\"}]}<\/script>\n<!-- \/ Yoast SEO Premium plugin. -->","yoast_head_json":{"title":"Gramatica limbii cehe - Talkpal","description":"Descoperi\u021bi secretele gramaticii cehe. Afla\u021bi despre complexitatea sa unic\u0103 \u0219i cum s\u0103 st\u0103p\u00e2ni\u021bi eficient declin\u0103rile substantivului.","robots":{"index":"index","follow":"follow","max-snippet":"max-snippet:-1","max-image-preview":"max-image-preview:large","max-video-preview":"max-video-preview:-1"},"canonical":"https:\/\/talkpal.ai\/ro\/gramatica-limbii-cehe\/","og_locale":"ro_RO","og_type":"article","og_title":"Gramatica limbii cehe","og_description":"Gramatica ceh\u0103: Cum s\u0103 \u00een\u021belegi structura unic\u0103 a limbii cehe Dac\u0103 a\u021bi \u00eencercat vreodat\u0103 s\u0103 \u00eenv\u0103\u021ba\u021bi limba ceh\u0103 - sau chiar dac\u0103 a\u021bi citit un articol sau","og_url":"https:\/\/talkpal.ai\/ro\/gramatica-limbii-cehe\/","og_site_name":"Talkpal","article_publisher":"https:\/\/www.facebook.com\/profile.php?id=100090733639311","article_modified_time":"2025-12-13T15:22:12+00:00","og_image":[{"width":512,"height":512,"url":"https:\/\/talkpal.ai\/wp-content\/uploads\/2023\/05\/czech-republic.png","type":"image\/png"}],"twitter_card":"summary_large_image","twitter_site":"@talkpalai","twitter_misc":{"Timp estimat pentru citire":"4 minute"},"schema":{"@context":"https:\/\/schema.org","@graph":[{"@type":"WebPage","@id":"https:\/\/talkpal.ai\/ro\/gramatica-limbii-cehe\/","url":"https:\/\/talkpal.ai\/ro\/gramatica-limbii-cehe\/","name":"Gramatica limbii cehe - Talkpal","isPartOf":{"@id":"https:\/\/talkpal.ai\/ro\/#website"},"primaryImageOfPage":{"@id":"https:\/\/talkpal.ai\/ro\/gramatica-limbii-cehe\/#primaryimage"},"image":{"@id":"https:\/\/talkpal.ai\/ro\/gramatica-limbii-cehe\/#primaryimage"},"thumbnailUrl":"https:\/\/talkpal.ai\/wp-content\/uploads\/2023\/05\/czech-republic.png","datePublished":"2023-05-14T14:03:07+00:00","dateModified":"2025-12-13T15:22:12+00:00","description":"Descoperi\u021bi secretele gramaticii cehe. Afla\u021bi despre complexitatea sa unic\u0103 \u0219i cum s\u0103 st\u0103p\u00e2ni\u021bi eficient declin\u0103rile substantivului.","breadcrumb":{"@id":"https:\/\/talkpal.ai\/ro\/gramatica-limbii-cehe\/#breadcrumb"},"inLanguage":"ro-RO","potentialAction":[{"@type":"ReadAction","target":["https:\/\/talkpal.ai\/ro\/gramatica-limbii-cehe\/"]}]},{"@type":"ImageObject","inLanguage":"ro-RO","@id":"https:\/\/talkpal.ai\/ro\/gramatica-limbii-cehe\/#primaryimage","url":"https:\/\/talkpal.ai\/wp-content\/uploads\/2023\/05\/czech-republic.png","contentUrl":"https:\/\/talkpal.ai\/wp-content\/uploads\/2023\/05\/czech-republic.png","width":512,"height":512},{"@type":"BreadcrumbList","@id":"https:\/\/talkpal.ai\/ro\/gramatica-limbii-cehe\/#breadcrumb","itemListElement":[{"@type":"ListItem","position":1,"name":"Homepage","item":"https:\/\/talkpal.ai\/ro\/"},{"@type":"ListItem","position":2,"name":"Gramatica limbii cehe"}]},{"@type":"WebSite","@id":"https:\/\/talkpal.ai\/ro\/#website","url":"https:\/\/talkpal.ai\/ro\/","name":"Talkpal","description":"AI Language Learning","publisher":{"@id":"https:\/\/talkpal.ai\/ro\/#organization"},"alternateName":"Talkpal AI","potentialAction":[{"@type":"SearchAction","target":{"@type":"EntryPoint","urlTemplate":"https:\/\/talkpal.ai\/ro\/?s={search_term_string}"},"query-input":{"@type":"PropertyValueSpecification","valueRequired":true,"valueName":"search_term_string"}}],"inLanguage":"ro-RO"},{"@type":"Organization","@id":"https:\/\/talkpal.ai\/ro\/#organization","name":"Talkpal, Inc.","alternateName":"Talkpal AI","url":"https:\/\/talkpal.ai\/ro\/","logo":{"@type":"ImageObject","inLanguage":"ro-RO","@id":"https:\/\/talkpal.ai\/ro\/#\/schema\/logo\/image\/","url":"https:\/\/talkpal.ai\/wp-content\/uploads\/2024\/03\/Talkpal-Logo-Icon.png","contentUrl":"https:\/\/talkpal.ai\/wp-content\/uploads\/2024\/03\/Talkpal-Logo-Icon.png","width":2880,"height":2880,"caption":"Talkpal, Inc."},"image":{"@id":"https:\/\/talkpal.ai\/ro\/#\/schema\/logo\/image\/"},"sameAs":["https:\/\/www.facebook.com\/profile.php?id=100090733639311","https:\/\/x.com\/talkpalai","https:\/\/www.linkedin.com\/company\/talkpal\/","https:\/\/www.youtube.com\/@TalkPal\/","https:\/\/www.tiktok.com\/@talkpal","https:\/\/www.instagram.com\/talkpal_ai\/","https:\/\/www.crunchbase.com\/organization\/talkpal-9cde","https:\/\/www.g2.com\/products\/talkpal-for-business\/","https:\/\/www.trustpilot.com\/review\/talkpal.ai","https:\/\/www.capterra.com\/p\/10006800\/TalkPal\/"],"description":"Talkpal is a language learning web and mobile education app, powered by the latest AI technologies, that provides engaging experiences to its customers in many different languages to help them improve their language skills. Users can chat about unlimited amount of topics with the app and use other modes to practice their language learning.","email":"support@talkpal.ai","legalName":"Talkpal, Inc.","foundingDate":"2023-04-03","duns":"118989042","numberOfEmployees":{"@type":"QuantitativeValue","minValue":"11","maxValue":"50"},"publishingPrinciples":"https:\/\/talkpal.ai\/publishing-principles\/","actionableFeedbackPolicy":"https:\/\/talkpal.ai\/actionable-feedback-policy\/","correctionsPolicy":"https:\/\/talkpal.ai\/corrections-policy\/","ethicsPolicy":"https:\/\/talkpal.ai\/ethics-policy\/","diversityPolicy":"https:\/\/talkpal.ai\/diversity-policy\/","diversityStaffingReport":"https:\/\/talkpal.ai\/diversity-policy\/"}]}},"_links":{"self":[{"href":"https:\/\/talkpal.ai\/ro\/wp-json\/wp\/v2\/pages\/143296","targetHints":{"allow":["GET"]}}],"collection":[{"href":"https:\/\/talkpal.ai\/ro\/wp-json\/wp\/v2\/pages"}],"about":[{"href":"https:\/\/talkpal.ai\/ro\/wp-json\/wp\/v2\/types\/page"}],"author":[{"embeddable":true,"href":"https:\/\/talkpal.ai\/ro\/wp-json\/wp\/v2\/users\/1"}],"replies":[{"embeddable":true,"href":"https:\/\/talkpal.ai\/ro\/wp-json\/wp\/v2\/comments?post=143296"}],"version-history":[{"count":0,"href":"https:\/\/talkpal.ai\/ro\/wp-json\/wp\/v2\/pages\/143296\/revisions"}],"wp:featuredmedia":[{"embeddable":true,"href":"https:\/\/talkpal.ai\/ro\/wp-json\/wp\/v2\/media\/111604"}],"wp:attachment":[{"href":"https:\/\/talkpal.ai\/ro\/wp-json\/wp\/v2\/media?parent=143296"}],"curies":[{"name":"wp","href":"https:\/\/api.w.org\/{rel}","templated":true}]}}