{"id":143009,"date":"2023-05-14T14:02:30","date_gmt":"2023-05-14T14:02:30","guid":{"rendered":"http:\/\/talkpal.ai\/gramatica-greaca\/"},"modified":"2025-12-13T15:33:56","modified_gmt":"2025-12-13T15:33:56","slug":"gramatica-greaca","status":"publish","type":"page","link":"https:\/\/talkpal.ai\/ro\/gramatica-greaca\/","title":{"rendered":"Gramatica greac\u0103"},"content":{"rendered":"\r\n\r\n\r\n<section class=\"languageChallengeSection\">\r\n    <div class=\"languageInfoWrapper\">\r\n        \r\n        <h1>Gramatica greac\u0103<\/h1>\r\n        <p>\u00cenv\u0103\u021ba\u021bi gramatica <a href=\"https:\/\/talkpal.ai\/learn-greek\/\">greac\u0103<\/a> \u0219i p\u0103trunde\u021bi \u00een lumea uneia dintre cele mai vechi \u0219i mai influente limbi ale omenirii. Greaca v\u0103 prezint\u0103 alfabetul s\u0103u unic, conjug\u0103rile expresive ale verbelor \u0219i un sistem de cazuri ale substantivelor care modeleaz\u0103 sensul. Pe m\u0103sur\u0103 ce explora\u021bi, ve\u021bi descoperi r\u0103d\u0103cinile multor cuvinte engleze\u0219ti \u0219i v\u0103 ve\u021bi conecta cu un patrimoniu cultural bogat. \u00cencepe\u021bi \u0219i bucura\u021bi-v\u0103 de provocarea plin\u0103 de satisfac\u021bii a \u00eenv\u0103\u021b\u0103rii gramaticii grece\u0219ti!<\/p>\r\n\r\n                            <a class=\"getStartedHidden\" href=\"https:\/\/app.talkpal.ai\/ro\/signup?lng=\">\u00cencepe<\/a>\r\n        \r\n    <\/div>\r\n\r\n    <figure>\r\n    <img decoding=\"async\" width=\"768\" height=\"768\" src=\"https:\/\/talkpal.ai\/wp-content\/uploads\/2023\/06\/greek-768x768.png\" class=\"languageImage no-lazy\" alt=\"Language learning to boost personal capability\" fetchpriority=\"high\" sizes=\"(max-width: 768px) 150px, 768px\" srcset=\"https:\/\/talkpal.ai\/wp-content\/uploads\/2023\/06\/greek-768x768.png 768w, https:\/\/talkpal.ai\/wp-content\/uploads\/2023\/06\/greek-300x300.png 300w\" \/>\r\n    \r\n\r\n    <\/figure>\r\n\r\n            <a class=\"getStartedVisible\" href=\"https:\/\/app.talkpal.ai\/ro\/signup?lng=\">\u00cencepe<\/a>\r\n    \r\n<\/section>\r\n<section class=\"promotionalBanner\">\r\n    <p class=\"promotionalText\">Cel mai eficient mod de a \u00eenv\u0103\u021ba o limb\u0103<\/p>\r\n    <a class=\"promotionalLink\" href=\"https:\/\/app.talkpal.ai\/ro\/signup?lng=\">\u00cencerca\u021bi Talkpal gratuit<\/a>\r\n<\/section>\n<div class=\"wp-block-group pageContainerStyle\"><div class=\"wp-block-group__inner-container is-layout-constrained wp-block-group-is-layout-constrained\">\n<h2 class=\"wp-block-heading\" id=\"h-demystifying-greek-grammar-a-comprehensive-guide\">Demistificarea gramaticii grece\u0219ti: un ghid cuprinz\u0103tor<\/h2>\n\n\n\n<p>Grea, o limb\u0103 elegant\u0103 \u0219i veche, de\u021bine un loc special \u00een istoria lingvistic\u0103 \u0219i r\u0103m\u00e2ne influent\u0103 ast\u0103zi. Cu o baz\u0103 solid\u0103 \u00een gramatica greac\u0103, ve\u021bi avea acces la o multitudine de resurse culturale \u0219i istorice, debloc\u00e2nd \u00een acela\u0219i timp un alt strat de semnifica\u021bie \u00een vocabularul englez. Contrar credin\u021bei populare, gramatica greac\u0103 nu este at\u00e2t de intimidant\u0103 pe c\u00e2t pare ini\u021bial. \u00cen acest articol, v\u0103 vom ajuta s\u0103 naviga\u021bi prin componentele esen\u021biale ale gramaticii grece\u0219ti pentru a v\u0103 permite s\u0103 aborda\u021bi aceast\u0103 limb\u0103 cu \u00eencredere \u0219i entuziasm.<\/p>\n\n\n\n<h3 class=\"wp-block-heading\" id=\"h-1-understanding-greek-nouns-cases-and-articles\">1. \u00cen\u021belegerea substantivelor, cazurilor \u0219i articolelor grece\u0219ti<\/h3>\n\n\n\n<p>Substantivele grece\u0219ti sunt clasificate \u00een trei genuri: masculin, feminin \u0219i neutru. Fiecare substantiv apar\u021bine uneia dintre cele trei declin\u0103ri, care determin\u0103 termina\u021biile substantivului \u00een func\u021bie de gen, num\u0103r (singular sau plural) \u0219i caz. \u00cen limba greac\u0103, exist\u0103 cinci cazuri: nominativ, genitiv, dativ, acuzativ \u0219i vocativ.<\/p>\n\n\n\n<p>Un aspect esen\u021bial al gramaticii grece\u0219ti se \u00eenv\u00e2rte \u00een jurul articolului. Asem\u0103n\u0103tor cu &#8222;the&#8221; din limba <a href=\"https:\/\/talkpal.ai\/learn-english-with-ai\/\">englez\u0103<\/a>, articolul hot\u0103r\u00e2t din limba greac\u0103 este esen\u021bial pentru \u00een\u021belegerea textelor grece\u0219ti. Articolul grecesc trebuie s\u0103 fie de acord cu substantivul \u00een gen, num\u0103r \u0219i caz. Greaca are, de asemenea, un articol nedefinit care func\u021bioneaz\u0103 ca &#8222;a&#8221; sau &#8222;an&#8221; \u00een englez\u0103.<\/p>\n\n\n\n<h3 class=\"wp-block-heading\" id=\"h-2-tackling-greek-verbs-conjugation-and-moods\">2. Abordarea verbelor grece\u0219ti: conjugare \u0219i dispozi\u021bii<\/h3>\n\n\n\n<p>Verbele grece\u0219ti se caracterizeaz\u0103 prin timpul, vocea, starea de spirit, persoana \u0219i num\u0103rul. Verbele din limba greac\u0103 sunt conjugate \u00een func\u021bie de timpul lor, ceea ce indic\u0103 c\u00e2nd are loc o ac\u021biune. Exist\u0103 \u0219apte p\u0103r\u021bi principale ale unui verb grecesc, fiecare corespunz\u00e2nd unui timp:<\/p>\n\n\n\n<p><strong>&#8211; Prezent<\/strong><\/p>\n\n\n\n<p><strong>&#8211; Viitorul<\/strong><\/p>\n\n\n\n<p><strong>&#8211; Aorist (trecut simplu)<\/strong><\/p>\n\n\n\n<p><strong>&#8211; Perfect<\/strong><\/p>\n\n\n\n<p><strong>&#8211; Viitorul perfect<\/strong><\/p>\n\n\n\n<p><strong>&#8211; Pluperfect<\/strong><\/p>\n\n\n\n<p><strong>&#8211; Aorist pasiv<\/strong><\/p>\n\n\n\n<p>\u00cen plus, verbele grece\u0219ti au diferite st\u0103ri de spirit care exprim\u0103 atitudinea vorbitorului fa\u021b\u0103 de ac\u021biune. Aceste st\u0103ri sunt imperative, indicative \u0219i conjunctive.<\/p>\n\n\n\n<h3 class=\"wp-block-heading\" id=\"h-3-crafting-expressive-sentences-with-greek-adjectives-and-adverbs\">3. Crearea propozi\u021biilor expresive cu adjective \u0219i adverbe grece\u0219ti<\/h3>\n\n\n\n<p>Adjectivele grece\u0219ti adaug\u0103 culoare \u0219i descriere propozi\u021biilor tale. Similar substantivelor, adjectivele \u00een limba greac\u0103 trebuie s\u0103 fie de acord \u00een gen, num\u0103r \u0219i caz cu substantivul <a href=\"https:\/\/talkpal.ai\/culture\/how-do-i-use-pe-care-correctly\/\">pe care<\/a> \u00eel descriu. Mai mult, adjectivele apar\u021bin uneia dintre cele trei declin\u0103ri, care determin\u0103 termina\u021biile lor.<\/p>\n\n\n\n<p>Adverbele grece\u0219ti modific\u0103 verbele, adjectivele sau alte adverbe. Ele exprim\u0103 cum, c\u00e2nd, unde sau \u00een ce m\u0103sur\u0103 se efectueaz\u0103 o ac\u021biune. Spre deosebire de adjective, adverbele nu trebuie s\u0103 fie de acord cu substantivele \u00een gen, num\u0103r sau caz. \u00cen multe cazuri, adverbele se formeaz\u0103 prin ad\u0103ugarea de termina\u021bii specifice r\u0103d\u0103cinilor adjectivale.<\/p>\n\n\n\n<h3 class=\"wp-block-heading\" id=\"h-4-exploring-greek-pronouns-and-greek-sentence-structure\">4. Explorarea pronumelor grece\u0219ti \u0219i a structurii propozi\u021biei grece\u0219ti<\/h3>\n\n\n\n<p>Pronumele joac\u0103 un rol semnificativ \u00een gramatica greac\u0103, deoarece \u00eenlocuiesc substantivele \u0219i trebuie s\u0103 fie de acord cu substantivul pe care \u00eel reprezint\u0103 \u00een gen, num\u0103r \u0219i caz. Exist\u0103 pronume personale, reflexive, demonstrative, relative, interogative \u0219i nedefinite \u00een greac\u0103.<\/p>\n\n\n\n<p>Structura propozi\u021biei grece\u0219ti urmeaz\u0103 \u00een primul r\u00e2nd ordinea subiect-verb-obiect (SVO). Cu toate acestea, datorit\u0103 naturii <a href=\"https:\/\/talkpal.ai\/locations\/learn-english-in-sale\/\">sale<\/a> foarte flexionate, greaca ofer\u0103 mai mult\u0103 flexibilitate \u00een ordinea cuvintelor, ceea ce permite accentuarea \u0219i exprimarea poetic\u0103. Aceast\u0103 flexibilitate poate p\u0103rea dificil\u0103 la \u00eenceput, dar devine mai u\u0219or de abordat pe m\u0103sur\u0103 ce v\u0103 familiariza\u021bi cu nuan\u021bele limbii.<\/p>\n\n\n\n<h3 class=\"wp-block-heading\" id=\"h-conclusion\">Concluzie<\/h3>\n\n\n\n<p>Pe m\u0103sur\u0103 ce v\u0103 \u00eembarca\u021bi \u00een c\u0103l\u0103toria dvs. de a st\u0103p\u00e2ni gramatica greac\u0103, aminti\u021bi-v\u0103 c\u0103 practica \u0219i perseveren\u021ba sunt cruciale pentru succes. Lua\u021bi-v\u0103 timp pentru a dezv\u0103lui complexitatea substantivelor, verbelor, adjectivelor, adverbelor \u0219i structurii propozi\u021biilor grece\u0219ti. Pe m\u0103sur\u0103 ce v\u0103 ad\u00e2nci\u021bi mai ad\u00e2nc \u00een aceast\u0103 limb\u0103 fascinant\u0103, ve\u021bi descoperi c\u0103 gramatica greac\u0103 devine mai familiar\u0103 \u0219i mai pu\u021bin intimidant\u0103. Mult noroc \u0219i \u03ba\u03b1\u03bb\u03ae \u03b5\u03c0\u03b9\u03c4\u03c5\u03c7\u03af\u03b1!<\/p>\n<\/div><\/div>\n\r\n<section class=\"learnNavigationSection\">\r\n            \r\n        <a href=\"https:\/\/talkpal.ai\/ro\/invata-greaca\/\">\r\n            <div class=\"learnNavigationWrapper\">\r\n                <div class=\"learnNavigationContent\">\r\n                    <img decoding=\"async\" src=\"https:\/\/talkpal.ai\/wp-content\/uploads\/2024\/08\/Greek.jpg\" alt=\"Greek Flag\">\r\n                    <div>\r\n                        <h4>Despre Greek Learning<\/h4>\r\n                        <p>Afla\u021bi totul despre gramatica greac\u0103.<\/p>\r\n                    <\/div>\r\n                <\/div>\r\n            <\/div>\r\n        <\/a>\r\n\r\n        \r\n        <a href=\"https:\/\/talkpal.ai\/ro\/exercitii-de-gramatica-greaca\/\">\r\n            <div class=\"learnNavigationWrapper\">\r\n                <div class=\"learnNavigationContent\">\r\n                    <img decoding=\"async\" src=\"https:\/\/talkpal.ai\/wp-content\/uploads\/2024\/08\/Greek.jpg\" alt=\"Greek Flag\">\r\n                    <div>\r\n                        <h4>Exerci\u021biu de gramatic\u0103 greac\u0103<\/h4>\r\n                        <p>Exersa\u021bi gramatica greac\u0103.<\/p>\r\n                    <\/div>\r\n                <\/div>\r\n            <\/div>\r\n        <\/a>\r\n\r\n        \r\n        <a href=\"https:\/\/talkpal.ai\/vocabulary_language\/greek\/\">\r\n            <div class=\"learnNavigationWrapper\">\r\n                <div class=\"learnNavigationContent\">\r\n                    <img decoding=\"async\" src=\"https:\/\/talkpal.ai\/wp-content\/uploads\/2024\/08\/Greek.jpg\" alt=\"Greek Flag\">\r\n                    <div>\r\n                        <h4>Vocabular grecesc<\/h4>\r\n                        <p>Extinde\u021bi-v\u0103 vocabularul grecesc.<\/p>\r\n                    <\/div>\r\n                <\/div>\r\n            <\/div>\r\n        <\/a>\r\n\r\n            <\/section>","protected":false},"excerpt":{"rendered":"<p>Demistificarea gramaticii grece\u0219ti: un ghid cuprinz\u0103tor Grea, o limb\u0103 elegant\u0103 \u0219i veche, de\u021bine un loc special \u00een istoria lingvistic\u0103 \u0219i r\u0103m\u00e2ne influent\u0103 ast\u0103zi. Cu o baz\u0103 solid\u0103 \u00een gramatica greac\u0103, ve\u021bi avea acces la o multitudine de resurse culturale \u0219i istorice, debloc\u00e2nd \u00een acela\u0219i timp un alt strat de semnifica\u021bie \u00een vocabularul englez. Contrar credin\u021bei [&hellip;]<\/p>\n","protected":false},"author":1,"featured_media":112767,"parent":0,"menu_order":0,"comment_status":"closed","ping_status":"closed","template":"LearningContentPage.php","meta":{"_acf_changed":false,"footnotes":""},"class_list":["post-143009","page","type-page","status-publish","has-post-thumbnail","hentry"],"acf":[],"yoast_head":"<!-- This site is optimized with the Yoast SEO Premium plugin v27.2 (Yoast SEO v27.2) - https:\/\/yoast.com\/product\/yoast-seo-premium-wordpress\/ -->\n<title>Gramatica greac\u0103 - Talkpal<\/title>\n<meta name=\"description\" content=\"St\u0103p\u00e2ne\u0219te gramatica greac\u0103 cu \u00eencredere - \u00eenva\u021b\u0103 reguli importante, exerseaz\u0103 formarea propozi\u021biilor \u0219i consolideaz\u0103-\u021bi rapid abilit\u0103\u021bile cu Talkpal AI.\" \/>\n<meta name=\"robots\" content=\"index, follow, max-snippet:-1, max-image-preview:large, max-video-preview:-1\" \/>\n<link rel=\"canonical\" href=\"https:\/\/talkpal.ai\/ro\/gramatica-greaca\/\" \/>\n<meta property=\"og:locale\" content=\"ro_RO\" \/>\n<meta property=\"og:type\" content=\"article\" \/>\n<meta property=\"og:title\" content=\"Gramatica greac\u0103\" \/>\n<meta property=\"og:description\" content=\"Demistificarea gramaticii grece\u0219ti: un ghid cuprinz\u0103tor Grea, o limb\u0103 elegant\u0103 \u0219i veche, de\u021bine un loc special \u00een istoria lingvistic\u0103 \u0219i r\u0103m\u00e2ne influent\u0103\" \/>\n<meta property=\"og:url\" content=\"https:\/\/talkpal.ai\/ro\/gramatica-greaca\/\" \/>\n<meta property=\"og:site_name\" content=\"Talkpal\" \/>\n<meta property=\"article:publisher\" content=\"https:\/\/www.facebook.com\/profile.php?id=100090733639311\" \/>\n<meta property=\"article:modified_time\" content=\"2025-12-13T15:33:56+00:00\" \/>\n<meta property=\"og:image\" content=\"https:\/\/talkpal.ai\/wp-content\/uploads\/2023\/05\/greece.png\" \/>\n\t<meta property=\"og:image:width\" content=\"512\" \/>\n\t<meta property=\"og:image:height\" content=\"512\" \/>\n\t<meta property=\"og:image:type\" content=\"image\/png\" \/>\n<meta name=\"twitter:card\" content=\"summary_large_image\" \/>\n<meta name=\"twitter:site\" content=\"@talkpalai\" \/>\n<meta name=\"twitter:label1\" content=\"Timp estimat pentru citire\" \/>\n\t<meta name=\"twitter:data1\" content=\"3 minute\" \/>\n<script type=\"application\/ld+json\" class=\"yoast-schema-graph\">{\"@context\":\"https:\/\/schema.org\",\"@graph\":[{\"@type\":\"WebPage\",\"@id\":\"https:\/\/talkpal.ai\/ro\/gramatica-greaca\/\",\"url\":\"https:\/\/talkpal.ai\/ro\/gramatica-greaca\/\",\"name\":\"Gramatica greac\u0103 - Talkpal\",\"isPartOf\":{\"@id\":\"https:\/\/talkpal.ai\/ro\/#website\"},\"primaryImageOfPage\":{\"@id\":\"https:\/\/talkpal.ai\/ro\/gramatica-greaca\/#primaryimage\"},\"image\":{\"@id\":\"https:\/\/talkpal.ai\/ro\/gramatica-greaca\/#primaryimage\"},\"thumbnailUrl\":\"https:\/\/talkpal.ai\/wp-content\/uploads\/2023\/05\/greece.png\",\"datePublished\":\"2023-05-14T14:02:30+00:00\",\"dateModified\":\"2025-12-13T15:33:56+00:00\",\"description\":\"St\u0103p\u00e2ne\u0219te gramatica greac\u0103 cu \u00eencredere - \u00eenva\u021b\u0103 reguli importante, exerseaz\u0103 formarea propozi\u021biilor \u0219i consolideaz\u0103-\u021bi rapid abilit\u0103\u021bile cu Talkpal AI.\",\"breadcrumb\":{\"@id\":\"https:\/\/talkpal.ai\/ro\/gramatica-greaca\/#breadcrumb\"},\"inLanguage\":\"ro-RO\",\"potentialAction\":[{\"@type\":\"ReadAction\",\"target\":[\"https:\/\/talkpal.ai\/ro\/gramatica-greaca\/\"]}]},{\"@type\":\"ImageObject\",\"inLanguage\":\"ro-RO\",\"@id\":\"https:\/\/talkpal.ai\/ro\/gramatica-greaca\/#primaryimage\",\"url\":\"https:\/\/talkpal.ai\/wp-content\/uploads\/2023\/05\/greece.png\",\"contentUrl\":\"https:\/\/talkpal.ai\/wp-content\/uploads\/2023\/05\/greece.png\",\"width\":512,\"height\":512},{\"@type\":\"BreadcrumbList\",\"@id\":\"https:\/\/talkpal.ai\/ro\/gramatica-greaca\/#breadcrumb\",\"itemListElement\":[{\"@type\":\"ListItem\",\"position\":1,\"name\":\"Homepage\",\"item\":\"https:\/\/talkpal.ai\/ro\/\"},{\"@type\":\"ListItem\",\"position\":2,\"name\":\"Gramatica greac\u0103\"}]},{\"@type\":\"WebSite\",\"@id\":\"https:\/\/talkpal.ai\/ro\/#website\",\"url\":\"https:\/\/talkpal.ai\/ro\/\",\"name\":\"Talkpal\",\"description\":\"AI Language Learning\",\"publisher\":{\"@id\":\"https:\/\/talkpal.ai\/ro\/#organization\"},\"alternateName\":\"Talkpal AI\",\"potentialAction\":[{\"@type\":\"SearchAction\",\"target\":{\"@type\":\"EntryPoint\",\"urlTemplate\":\"https:\/\/talkpal.ai\/ro\/?s={search_term_string}\"},\"query-input\":{\"@type\":\"PropertyValueSpecification\",\"valueRequired\":true,\"valueName\":\"search_term_string\"}}],\"inLanguage\":\"ro-RO\"},{\"@type\":\"Organization\",\"@id\":\"https:\/\/talkpal.ai\/ro\/#organization\",\"name\":\"Talkpal, Inc.\",\"alternateName\":\"Talkpal AI\",\"url\":\"https:\/\/talkpal.ai\/ro\/\",\"logo\":{\"@type\":\"ImageObject\",\"inLanguage\":\"ro-RO\",\"@id\":\"https:\/\/talkpal.ai\/ro\/#\/schema\/logo\/image\/\",\"url\":\"https:\/\/talkpal.ai\/wp-content\/uploads\/2024\/03\/Talkpal-Logo-Icon.png\",\"contentUrl\":\"https:\/\/talkpal.ai\/wp-content\/uploads\/2024\/03\/Talkpal-Logo-Icon.png\",\"width\":2880,\"height\":2880,\"caption\":\"Talkpal, Inc.\"},\"image\":{\"@id\":\"https:\/\/talkpal.ai\/ro\/#\/schema\/logo\/image\/\"},\"sameAs\":[\"https:\/\/www.facebook.com\/profile.php?id=100090733639311\",\"https:\/\/x.com\/talkpalai\",\"https:\/\/www.linkedin.com\/company\/talkpal\/\",\"https:\/\/www.youtube.com\/@TalkPal\/\",\"https:\/\/www.tiktok.com\/@talkpal\",\"https:\/\/www.instagram.com\/talkpal_ai\/\",\"https:\/\/www.crunchbase.com\/organization\/talkpal-9cde\",\"https:\/\/www.g2.com\/products\/talkpal-for-business\/\",\"https:\/\/www.trustpilot.com\/review\/talkpal.ai\",\"https:\/\/www.capterra.com\/p\/10006800\/TalkPal\/\"],\"description\":\"Talkpal is a language learning web and mobile education app, powered by the latest AI technologies, that provides engaging experiences to its customers in many different languages to help them improve their language skills. Users can chat about unlimited amount of topics with the app and use other modes to practice their language learning.\",\"email\":\"support@talkpal.ai\",\"legalName\":\"Talkpal, Inc.\",\"foundingDate\":\"2023-04-03\",\"duns\":\"118989042\",\"numberOfEmployees\":{\"@type\":\"QuantitativeValue\",\"minValue\":\"11\",\"maxValue\":\"50\"},\"publishingPrinciples\":\"https:\/\/talkpal.ai\/publishing-principles\/\",\"actionableFeedbackPolicy\":\"https:\/\/talkpal.ai\/actionable-feedback-policy\/\",\"correctionsPolicy\":\"https:\/\/talkpal.ai\/corrections-policy\/\",\"ethicsPolicy\":\"https:\/\/talkpal.ai\/ethics-policy\/\",\"diversityPolicy\":\"https:\/\/talkpal.ai\/diversity-policy\/\",\"diversityStaffingReport\":\"https:\/\/talkpal.ai\/diversity-policy\/\"}]}<\/script>\n<!-- \/ Yoast SEO Premium plugin. -->","yoast_head_json":{"title":"Gramatica greac\u0103 - Talkpal","description":"St\u0103p\u00e2ne\u0219te gramatica greac\u0103 cu \u00eencredere - \u00eenva\u021b\u0103 reguli importante, exerseaz\u0103 formarea propozi\u021biilor \u0219i consolideaz\u0103-\u021bi rapid abilit\u0103\u021bile cu Talkpal AI.","robots":{"index":"index","follow":"follow","max-snippet":"max-snippet:-1","max-image-preview":"max-image-preview:large","max-video-preview":"max-video-preview:-1"},"canonical":"https:\/\/talkpal.ai\/ro\/gramatica-greaca\/","og_locale":"ro_RO","og_type":"article","og_title":"Gramatica greac\u0103","og_description":"Demistificarea gramaticii grece\u0219ti: un ghid cuprinz\u0103tor Grea, o limb\u0103 elegant\u0103 \u0219i veche, de\u021bine un loc special \u00een istoria lingvistic\u0103 \u0219i r\u0103m\u00e2ne influent\u0103","og_url":"https:\/\/talkpal.ai\/ro\/gramatica-greaca\/","og_site_name":"Talkpal","article_publisher":"https:\/\/www.facebook.com\/profile.php?id=100090733639311","article_modified_time":"2025-12-13T15:33:56+00:00","og_image":[{"width":512,"height":512,"url":"https:\/\/talkpal.ai\/wp-content\/uploads\/2023\/05\/greece.png","type":"image\/png"}],"twitter_card":"summary_large_image","twitter_site":"@talkpalai","twitter_misc":{"Timp estimat pentru citire":"3 minute"},"schema":{"@context":"https:\/\/schema.org","@graph":[{"@type":"WebPage","@id":"https:\/\/talkpal.ai\/ro\/gramatica-greaca\/","url":"https:\/\/talkpal.ai\/ro\/gramatica-greaca\/","name":"Gramatica greac\u0103 - Talkpal","isPartOf":{"@id":"https:\/\/talkpal.ai\/ro\/#website"},"primaryImageOfPage":{"@id":"https:\/\/talkpal.ai\/ro\/gramatica-greaca\/#primaryimage"},"image":{"@id":"https:\/\/talkpal.ai\/ro\/gramatica-greaca\/#primaryimage"},"thumbnailUrl":"https:\/\/talkpal.ai\/wp-content\/uploads\/2023\/05\/greece.png","datePublished":"2023-05-14T14:02:30+00:00","dateModified":"2025-12-13T15:33:56+00:00","description":"St\u0103p\u00e2ne\u0219te gramatica greac\u0103 cu \u00eencredere - \u00eenva\u021b\u0103 reguli importante, exerseaz\u0103 formarea propozi\u021biilor \u0219i consolideaz\u0103-\u021bi rapid abilit\u0103\u021bile cu Talkpal AI.","breadcrumb":{"@id":"https:\/\/talkpal.ai\/ro\/gramatica-greaca\/#breadcrumb"},"inLanguage":"ro-RO","potentialAction":[{"@type":"ReadAction","target":["https:\/\/talkpal.ai\/ro\/gramatica-greaca\/"]}]},{"@type":"ImageObject","inLanguage":"ro-RO","@id":"https:\/\/talkpal.ai\/ro\/gramatica-greaca\/#primaryimage","url":"https:\/\/talkpal.ai\/wp-content\/uploads\/2023\/05\/greece.png","contentUrl":"https:\/\/talkpal.ai\/wp-content\/uploads\/2023\/05\/greece.png","width":512,"height":512},{"@type":"BreadcrumbList","@id":"https:\/\/talkpal.ai\/ro\/gramatica-greaca\/#breadcrumb","itemListElement":[{"@type":"ListItem","position":1,"name":"Homepage","item":"https:\/\/talkpal.ai\/ro\/"},{"@type":"ListItem","position":2,"name":"Gramatica greac\u0103"}]},{"@type":"WebSite","@id":"https:\/\/talkpal.ai\/ro\/#website","url":"https:\/\/talkpal.ai\/ro\/","name":"Talkpal","description":"AI Language Learning","publisher":{"@id":"https:\/\/talkpal.ai\/ro\/#organization"},"alternateName":"Talkpal AI","potentialAction":[{"@type":"SearchAction","target":{"@type":"EntryPoint","urlTemplate":"https:\/\/talkpal.ai\/ro\/?s={search_term_string}"},"query-input":{"@type":"PropertyValueSpecification","valueRequired":true,"valueName":"search_term_string"}}],"inLanguage":"ro-RO"},{"@type":"Organization","@id":"https:\/\/talkpal.ai\/ro\/#organization","name":"Talkpal, Inc.","alternateName":"Talkpal AI","url":"https:\/\/talkpal.ai\/ro\/","logo":{"@type":"ImageObject","inLanguage":"ro-RO","@id":"https:\/\/talkpal.ai\/ro\/#\/schema\/logo\/image\/","url":"https:\/\/talkpal.ai\/wp-content\/uploads\/2024\/03\/Talkpal-Logo-Icon.png","contentUrl":"https:\/\/talkpal.ai\/wp-content\/uploads\/2024\/03\/Talkpal-Logo-Icon.png","width":2880,"height":2880,"caption":"Talkpal, Inc."},"image":{"@id":"https:\/\/talkpal.ai\/ro\/#\/schema\/logo\/image\/"},"sameAs":["https:\/\/www.facebook.com\/profile.php?id=100090733639311","https:\/\/x.com\/talkpalai","https:\/\/www.linkedin.com\/company\/talkpal\/","https:\/\/www.youtube.com\/@TalkPal\/","https:\/\/www.tiktok.com\/@talkpal","https:\/\/www.instagram.com\/talkpal_ai\/","https:\/\/www.crunchbase.com\/organization\/talkpal-9cde","https:\/\/www.g2.com\/products\/talkpal-for-business\/","https:\/\/www.trustpilot.com\/review\/talkpal.ai","https:\/\/www.capterra.com\/p\/10006800\/TalkPal\/"],"description":"Talkpal is a language learning web and mobile education app, powered by the latest AI technologies, that provides engaging experiences to its customers in many different languages to help them improve their language skills. Users can chat about unlimited amount of topics with the app and use other modes to practice their language learning.","email":"support@talkpal.ai","legalName":"Talkpal, Inc.","foundingDate":"2023-04-03","duns":"118989042","numberOfEmployees":{"@type":"QuantitativeValue","minValue":"11","maxValue":"50"},"publishingPrinciples":"https:\/\/talkpal.ai\/publishing-principles\/","actionableFeedbackPolicy":"https:\/\/talkpal.ai\/actionable-feedback-policy\/","correctionsPolicy":"https:\/\/talkpal.ai\/corrections-policy\/","ethicsPolicy":"https:\/\/talkpal.ai\/ethics-policy\/","diversityPolicy":"https:\/\/talkpal.ai\/diversity-policy\/","diversityStaffingReport":"https:\/\/talkpal.ai\/diversity-policy\/"}]}},"_links":{"self":[{"href":"https:\/\/talkpal.ai\/ro\/wp-json\/wp\/v2\/pages\/143009","targetHints":{"allow":["GET"]}}],"collection":[{"href":"https:\/\/talkpal.ai\/ro\/wp-json\/wp\/v2\/pages"}],"about":[{"href":"https:\/\/talkpal.ai\/ro\/wp-json\/wp\/v2\/types\/page"}],"author":[{"embeddable":true,"href":"https:\/\/talkpal.ai\/ro\/wp-json\/wp\/v2\/users\/1"}],"replies":[{"embeddable":true,"href":"https:\/\/talkpal.ai\/ro\/wp-json\/wp\/v2\/comments?post=143009"}],"version-history":[{"count":0,"href":"https:\/\/talkpal.ai\/ro\/wp-json\/wp\/v2\/pages\/143009\/revisions"}],"wp:featuredmedia":[{"embeddable":true,"href":"https:\/\/talkpal.ai\/ro\/wp-json\/wp\/v2\/media\/112767"}],"wp:attachment":[{"href":"https:\/\/talkpal.ai\/ro\/wp-json\/wp\/v2\/media?parent=143009"}],"curies":[{"name":"wp","href":"https:\/\/api.w.org\/{rel}","templated":true}]}}