{"id":142657,"date":"2023-05-14T14:01:53","date_gmt":"2023-05-14T14:01:53","guid":{"rendered":"http:\/\/talkpal.ai\/gramatica-estona\/"},"modified":"2025-12-13T15:19:51","modified_gmt":"2025-12-13T15:19:51","slug":"gramatica-estona","status":"publish","type":"page","link":"https:\/\/talkpal.ai\/ro\/gramatica-estona\/","title":{"rendered":"Gramatica eston\u0103"},"content":{"rendered":"\r\n\r\n\r\n<section class=\"languageChallengeSection\">\r\n    <div class=\"languageInfoWrapper\">\r\n        \r\n        <h1>Gramatica eston\u0103<\/h1>\r\n        <p>V\u0103 g\u00e2ndi\u021bi s\u0103 \u00eenv\u0103\u021ba\u021bi eston\u0103? P\u0103\u0219i\u021bi \u00een lumea gramaticii estoniene, unde aglutinarea, armonia vocalelor \u0219i o gam\u0103 larg\u0103 de cazuri de substantive creeaz\u0103 o experien\u021b\u0103 lingvistic\u0103 cu adev\u0103rat deosebit\u0103. \u00cencepe\u021bi s\u0103 explora\u021bi ast\u0103zi &#8211; st\u0103p\u00e2nirea gramaticii estoniene nu numai c\u0103 v\u0103 va stimula fluen\u021ba, dar v\u0103 va conecta \u0219i la bogata cultur\u0103 \u0219i istorie a Estoniei!<\/p>\r\n\r\n                            <a class=\"getStartedHidden\" href=\"https:\/\/app.talkpal.ai\/ro\/signup?lng=\">\u00cencepe<\/a>\r\n        \r\n    <\/div>\r\n\r\n    <figure>\r\n    <img decoding=\"async\" width=\"768\" height=\"768\" src=\"https:\/\/talkpal.ai\/wp-content\/uploads\/2023\/06\/Estonian-768x768.png\" class=\"languageImage no-lazy\" alt=\"Secret tricks of language learning\" fetchpriority=\"high\" sizes=\"(max-width: 768px) 150px, 768px\" srcset=\"https:\/\/talkpal.ai\/wp-content\/uploads\/2023\/06\/Estonian-768x768.png 768w, https:\/\/talkpal.ai\/wp-content\/uploads\/2023\/06\/Estonian-300x300.png 300w\" \/>\r\n    \r\n\r\n    <\/figure>\r\n\r\n            <a class=\"getStartedVisible\" href=\"https:\/\/app.talkpal.ai\/ro\/signup?lng=\">\u00cencepe<\/a>\r\n    \r\n<\/section>\r\n<section class=\"promotionalBanner\">\r\n    <p class=\"promotionalText\">Cel mai eficient mod de a \u00eenv\u0103\u021ba o limb\u0103<\/p>\r\n    <a class=\"promotionalLink\" href=\"https:\/\/app.talkpal.ai\/ro\/signup?lng=\">\u00cencerca\u021bi Talkpal gratuit<\/a>\r\n<\/section>\n<div class=\"wp-block-group pageContainerStyle\"><div class=\"wp-block-group__inner-container is-layout-constrained wp-block-group-is-layout-constrained\">\n<h2 class=\"wp-block-heading\" id=\"h-estonian-grammar-the-gateway-to-a-unique-language-journey\">Gramatica eston\u0103: poarta c\u0103tre o c\u0103l\u0103torie lingvistic\u0103 unic\u0103<\/h2>\n\n\n\n<p>Bine a\u021bi venit \u00een lumea fascinant\u0103 a limbii estoniene! Cu peste un milion de vorbitori nativi, estona v\u0103 ofer\u0103 o oportunitate unic\u0103 de a v\u0103 extinde orizonturile lingvistice \u0219i de a descoperi o cultur\u0103 vibrant\u0103. \u00cen timp ce complexitatea gramaticii estoniene poate p\u0103rea descurajant\u0103 la prima vedere, acest ghid prietenos pentru \u00eencep\u0103tori este aici pentru a pune bazele gramaticii estoniene \u00eentr-un mod simplu \u0219i atractiv.<\/p>\n\n\n\n<h3 class=\"wp-block-heading\" id=\"h-1-embracing-the-estonian-alphabet\">1. \u00cembr\u0103\u021bi\u0219area alfabetului estonian<\/h3>\n\n\n\n<p>C\u0103l\u0103toria spre st\u0103p\u00e2nirea limbii estoniene \u00eencepe cu alfabetul s\u0103u. Estona folose\u0219te alfabetul latin, completat cu nou\u0103 caractere speciale: \u00c4, \u00d6, \u00dc, \u00d5, \u0160, \u017d \u0219i omologii lor minusculi. Familiarizarea cu aceste personaje va crea o baz\u0103 solid\u0103 pentru experien\u021ba dvs. de \u00eenv\u0103\u021bare eston\u0103.<\/p>\n\n\n\n<h3 class=\"wp-block-heading\" id=\"h-2-getting-a-grip-on-estonian-nouns\">2. \u00cen\u021belegerea substantivelor estoniene<\/h3>\n\n\n\n<p>Spre deosebire de multe limbi europene, estona nu face diferen\u021ba \u00eentre genurile masculine \u0219i feminine. Substantivele sunt clasificate \u00een schimb ca singular sau plural, iar fiecare substantiv are 14 cazuri. De\u0219i acest lucru poate p\u0103rea cople\u0219itor, este esen\u021bial s\u0103 \u00een\u021belege\u021bi c\u0103 structura morfologic\u0103 a substantivelor este destul de regulat\u0103, ceea ce faciliteaz\u0103 \u00eenv\u0103\u021barea. Pentru \u00eenceput, concentra\u021bi-v\u0103 pe st\u0103p\u00e2nirea celor mai frecvente cazuri: nominativ, genitiv \u0219i partitiv.<\/p>\n\n\n\n<h3 class=\"wp-block-heading\" id=\"h-3-conquering-estonian-verb-conjugation\">3. Cucerirea conjug\u0103rii verbelor estoniene<\/h3>\n\n\n\n<p>Verbele estoniene sunt conjugate pe baza timpului, persoanei \u0219i num\u0103rului. Exist\u0103 doar trei timpuri: prezent, trecut (codificat de participiul trecut) \u0219i viitor (exprimat prin forma prezent\u0103 a verbului, combinat\u0103 cu un auxiliar viitor).<\/p>\n\n\n\n<p>De exemplu, iat\u0103 conjug\u0103rile pentru verbul &#8222;lugema&#8221; (a citi):<\/p>\n\n\n\n<p><strong>&#8211; Prezent: Ma loen (citesc)<\/strong><\/p>\n\n\n\n<p><strong>&#8211; Trecut: Ma lugesin (am citit \/ am citit)<\/strong><\/p>\n\n\n\n<p><strong>&#8211; Viitorul: Ma loen raamatuid (Voi citi c\u0103r\u021bi)<\/strong><\/p>\n\n\n\n<h3 class=\"wp-block-heading\" id=\"h-4-unraveling-the-mystery-of-estonian-pronouns\">4. Dezlegarea misterului pronumelor estoniene<\/h3>\n\n\n\n<p>Pronumele \u00een eston\u0103 servesc pentru a \u00eenlocui substantivele \u0219i pentru a face vorbirea mai lin\u0103 \u0219i mai dinamic\u0103. Concentra\u021bi-v\u0103 pe \u00eenv\u0103\u021barea pronumelor personale \u0219i posesive:<\/p>\n\n\n\n<p><strong>&#8211; Pronumele personale: mina (eu), sina (tu, informal), tema (el\/ea), meie (noi), teie (voi, plural\/formal), nemad (ei)<\/strong><\/p>\n\n\n\n<p><strong>&#8211; Pronumele posesive: minu (my), sinu (your, informal), tema (his), meie (our), teie (your, plural\/formal), nende (their)<\/strong><\/p>\n\n\n\n<h3 class=\"wp-block-heading\" id=\"h-5-no-articles-no-problem\">5. F\u0103r\u0103 articole, nicio problem\u0103!<\/h3>\n\n\n\n<p>Estona nu folose\u0219te articole hot\u0103r\u00e2te sau nehot\u0103r\u00e2te, permi\u021b\u00e2ndu-v\u0103 s\u0103 r\u0103sufla\u021bi u\u0219ura\u021bi. De exemplu:<\/p>\n\n\n\n<p><strong>&#8211; Koer &#8211; &#8222;c\u00e2ine&#8221; sau &#8222;un c\u00e2ine&#8221;<\/strong><\/p>\n\n\n\n<p><strong>&#8211; Maja &#8211; &#8222;cas\u0103&#8221; sau &#8222;o cas\u0103&#8221;<\/strong><\/p>\n\n\n\n<p>St\u0103p\u00e2nirea gramaticii estoniene este un proces interesant \u0219i \u00eembog\u0103\u021bit, care deschide u\u0219ile c\u0103tre o bogat\u0103 experien\u021b\u0103 cultural\u0103. Aminti\u021bi-v\u0103 c\u0103 practica este esen\u021bial\u0103, a\u0219a c\u0103 scufunda\u021bi-v\u0103 \u00een gramatica eston\u0103, interac\u021biona\u021bi cu vorbitori nativi \u0219i construi\u021bi o baz\u0103 solid\u0103 pentru c\u0103l\u0103toria dvs. lingvistic\u0103. Edu! (Mult noroc!)<\/p>\n<\/div><\/div>\n\r\n<section class=\"learnNavigationSection\">\r\n            \r\n        <a href=\"https:\/\/talkpal.ai\/ro\/invata-estona\/\">\r\n            <div class=\"learnNavigationWrapper\">\r\n                <div class=\"learnNavigationContent\">\r\n                    <img decoding=\"async\" src=\"https:\/\/talkpal.ai\/wp-content\/uploads\/2024\/08\/Estonian.jpg\" alt=\"Estonian Flag\">\r\n                    <div>\r\n                        <h4>Despre \u00eenv\u0103\u021barea limbii estoniene<\/h4>\r\n                        <p>Afla\u021bi totul despre gramatica eston\u0103 .<\/p>\r\n                    <\/div>\r\n                <\/div>\r\n            <\/div>\r\n        <\/a>\r\n\r\n        \r\n        <a href=\"https:\/\/talkpal.ai\/ro\/exercitii-de-gramatica-estona\/\">\r\n            <div class=\"learnNavigationWrapper\">\r\n                <div class=\"learnNavigationContent\">\r\n                    <img decoding=\"async\" src=\"https:\/\/talkpal.ai\/wp-content\/uploads\/2024\/08\/Estonian.jpg\" alt=\"Estonian Flag\">\r\n                    <div>\r\n                        <h4>Exerci\u021biu de gramatic\u0103 eston\u0103<\/h4>\r\n                        <p>Exersa\u021bi gramatica eston\u0103.<\/p>\r\n                    <\/div>\r\n                <\/div>\r\n            <\/div>\r\n        <\/a>\r\n\r\n        \r\n        <a href=\"https:\/\/talkpal.ai\/vocabulary_language\/estonian\/\">\r\n            <div class=\"learnNavigationWrapper\">\r\n                <div class=\"learnNavigationContent\">\r\n                    <img decoding=\"async\" src=\"https:\/\/talkpal.ai\/wp-content\/uploads\/2024\/08\/Estonian.jpg\" alt=\"Estonian Flag\">\r\n                    <div>\r\n                        <h4>Vocabular estonian<\/h4>\r\n                        <p>Extinde\u021bi-v\u0103 vocabularul estonian.<\/p>\r\n                    <\/div>\r\n                <\/div>\r\n            <\/div>\r\n        <\/a>\r\n\r\n            <\/section>","protected":false},"excerpt":{"rendered":"<p>Gramatica eston\u0103: poarta c\u0103tre o c\u0103l\u0103torie lingvistic\u0103 unic\u0103 Bine a\u021bi venit \u00een lumea fascinant\u0103 a limbii estoniene! Cu peste un milion de vorbitori nativi, estona v\u0103 ofer\u0103 o oportunitate unic\u0103 de a v\u0103 extinde orizonturile lingvistice \u0219i de a descoperi o cultur\u0103 vibrant\u0103. \u00cen timp ce complexitatea gramaticii estoniene poate p\u0103rea descurajant\u0103 la prima vedere, [&hellip;]<\/p>\n","protected":false},"author":1,"featured_media":112520,"parent":0,"menu_order":0,"comment_status":"closed","ping_status":"closed","template":"LearningContentPage.php","meta":{"_acf_changed":false,"footnotes":""},"class_list":["post-142657","page","type-page","status-publish","has-post-thumbnail","hentry"],"acf":[],"yoast_head":"<!-- This site is optimized with the Yoast SEO Premium plugin v27.2 (Yoast SEO v27.2) - https:\/\/yoast.com\/product\/yoast-seo-premium-wordpress\/ -->\n<title>Gramatica eston\u0103 - Talkpal<\/title>\n<meta name=\"description\" content=\"Explora\u021bi conceptele esen\u021biale ale gramaticii estoniene, inclusiv cazurile, verbele, structura propozi\u021biei, pronun\u021bia \u0219i sfaturi.\" \/>\n<meta name=\"robots\" content=\"index, follow, max-snippet:-1, max-image-preview:large, max-video-preview:-1\" \/>\n<link rel=\"canonical\" href=\"https:\/\/talkpal.ai\/ro\/gramatica-estona\/\" \/>\n<meta property=\"og:locale\" content=\"ro_RO\" \/>\n<meta property=\"og:type\" content=\"article\" \/>\n<meta property=\"og:title\" content=\"Gramatica eston\u0103\" \/>\n<meta property=\"og:description\" content=\"Gramatica eston\u0103: poarta c\u0103tre o c\u0103l\u0103torie lingvistic\u0103 unic\u0103 Bine a\u021bi venit \u00een lumea fascinant\u0103 a limbii estoniene! Cu peste un milion de vorbitori\" \/>\n<meta property=\"og:url\" content=\"https:\/\/talkpal.ai\/ro\/gramatica-estona\/\" \/>\n<meta property=\"og:site_name\" content=\"Talkpal\" \/>\n<meta property=\"article:publisher\" content=\"https:\/\/www.facebook.com\/profile.php?id=100090733639311\" \/>\n<meta property=\"article:modified_time\" content=\"2025-12-13T15:19:51+00:00\" \/>\n<meta property=\"og:image\" content=\"https:\/\/talkpal.ai\/wp-content\/uploads\/2023\/05\/estonia.png\" \/>\n\t<meta property=\"og:image:width\" content=\"512\" \/>\n\t<meta property=\"og:image:height\" content=\"512\" \/>\n\t<meta property=\"og:image:type\" content=\"image\/png\" \/>\n<meta name=\"twitter:card\" content=\"summary_large_image\" \/>\n<meta name=\"twitter:site\" content=\"@talkpalai\" \/>\n<meta name=\"twitter:label1\" content=\"Timp estimat pentru citire\" \/>\n\t<meta name=\"twitter:data1\" content=\"2 minute\" \/>\n<script type=\"application\/ld+json\" class=\"yoast-schema-graph\">{\"@context\":\"https:\/\/schema.org\",\"@graph\":[{\"@type\":\"WebPage\",\"@id\":\"https:\/\/talkpal.ai\/ro\/gramatica-estona\/\",\"url\":\"https:\/\/talkpal.ai\/ro\/gramatica-estona\/\",\"name\":\"Gramatica eston\u0103 - Talkpal\",\"isPartOf\":{\"@id\":\"https:\/\/talkpal.ai\/ro\/#website\"},\"primaryImageOfPage\":{\"@id\":\"https:\/\/talkpal.ai\/ro\/gramatica-estona\/#primaryimage\"},\"image\":{\"@id\":\"https:\/\/talkpal.ai\/ro\/gramatica-estona\/#primaryimage\"},\"thumbnailUrl\":\"https:\/\/talkpal.ai\/wp-content\/uploads\/2023\/05\/estonia.png\",\"datePublished\":\"2023-05-14T14:01:53+00:00\",\"dateModified\":\"2025-12-13T15:19:51+00:00\",\"description\":\"Explora\u021bi conceptele esen\u021biale ale gramaticii estoniene, inclusiv cazurile, verbele, structura propozi\u021biei, pronun\u021bia \u0219i sfaturi.\",\"breadcrumb\":{\"@id\":\"https:\/\/talkpal.ai\/ro\/gramatica-estona\/#breadcrumb\"},\"inLanguage\":\"ro-RO\",\"potentialAction\":[{\"@type\":\"ReadAction\",\"target\":[\"https:\/\/talkpal.ai\/ro\/gramatica-estona\/\"]}]},{\"@type\":\"ImageObject\",\"inLanguage\":\"ro-RO\",\"@id\":\"https:\/\/talkpal.ai\/ro\/gramatica-estona\/#primaryimage\",\"url\":\"https:\/\/talkpal.ai\/wp-content\/uploads\/2023\/05\/estonia.png\",\"contentUrl\":\"https:\/\/talkpal.ai\/wp-content\/uploads\/2023\/05\/estonia.png\",\"width\":512,\"height\":512},{\"@type\":\"BreadcrumbList\",\"@id\":\"https:\/\/talkpal.ai\/ro\/gramatica-estona\/#breadcrumb\",\"itemListElement\":[{\"@type\":\"ListItem\",\"position\":1,\"name\":\"Homepage\",\"item\":\"https:\/\/talkpal.ai\/ro\/\"},{\"@type\":\"ListItem\",\"position\":2,\"name\":\"Gramatica eston\u0103\"}]},{\"@type\":\"WebSite\",\"@id\":\"https:\/\/talkpal.ai\/ro\/#website\",\"url\":\"https:\/\/talkpal.ai\/ro\/\",\"name\":\"Talkpal\",\"description\":\"AI Language Learning\",\"publisher\":{\"@id\":\"https:\/\/talkpal.ai\/ro\/#organization\"},\"alternateName\":\"Talkpal AI\",\"potentialAction\":[{\"@type\":\"SearchAction\",\"target\":{\"@type\":\"EntryPoint\",\"urlTemplate\":\"https:\/\/talkpal.ai\/ro\/?s={search_term_string}\"},\"query-input\":{\"@type\":\"PropertyValueSpecification\",\"valueRequired\":true,\"valueName\":\"search_term_string\"}}],\"inLanguage\":\"ro-RO\"},{\"@type\":\"Organization\",\"@id\":\"https:\/\/talkpal.ai\/ro\/#organization\",\"name\":\"Talkpal, Inc.\",\"alternateName\":\"Talkpal AI\",\"url\":\"https:\/\/talkpal.ai\/ro\/\",\"logo\":{\"@type\":\"ImageObject\",\"inLanguage\":\"ro-RO\",\"@id\":\"https:\/\/talkpal.ai\/ro\/#\/schema\/logo\/image\/\",\"url\":\"https:\/\/talkpal.ai\/wp-content\/uploads\/2024\/03\/Talkpal-Logo-Icon.png\",\"contentUrl\":\"https:\/\/talkpal.ai\/wp-content\/uploads\/2024\/03\/Talkpal-Logo-Icon.png\",\"width\":2880,\"height\":2880,\"caption\":\"Talkpal, Inc.\"},\"image\":{\"@id\":\"https:\/\/talkpal.ai\/ro\/#\/schema\/logo\/image\/\"},\"sameAs\":[\"https:\/\/www.facebook.com\/profile.php?id=100090733639311\",\"https:\/\/x.com\/talkpalai\",\"https:\/\/www.linkedin.com\/company\/talkpal\/\",\"https:\/\/www.youtube.com\/@TalkPal\/\",\"https:\/\/www.tiktok.com\/@talkpal\",\"https:\/\/www.instagram.com\/talkpal_ai\/\",\"https:\/\/www.crunchbase.com\/organization\/talkpal-9cde\",\"https:\/\/www.g2.com\/products\/talkpal-for-business\/\",\"https:\/\/www.trustpilot.com\/review\/talkpal.ai\",\"https:\/\/www.capterra.com\/p\/10006800\/TalkPal\/\"],\"description\":\"Talkpal is a language learning web and mobile education app, powered by the latest AI technologies, that provides engaging experiences to its customers in many different languages to help them improve their language skills. Users can chat about unlimited amount of topics with the app and use other modes to practice their language learning.\",\"email\":\"support@talkpal.ai\",\"legalName\":\"Talkpal, Inc.\",\"foundingDate\":\"2023-04-03\",\"duns\":\"118989042\",\"numberOfEmployees\":{\"@type\":\"QuantitativeValue\",\"minValue\":\"11\",\"maxValue\":\"50\"},\"publishingPrinciples\":\"https:\/\/talkpal.ai\/publishing-principles\/\",\"actionableFeedbackPolicy\":\"https:\/\/talkpal.ai\/actionable-feedback-policy\/\",\"correctionsPolicy\":\"https:\/\/talkpal.ai\/corrections-policy\/\",\"ethicsPolicy\":\"https:\/\/talkpal.ai\/ethics-policy\/\",\"diversityPolicy\":\"https:\/\/talkpal.ai\/diversity-policy\/\",\"diversityStaffingReport\":\"https:\/\/talkpal.ai\/diversity-policy\/\"}]}<\/script>\n<!-- \/ Yoast SEO Premium plugin. -->","yoast_head_json":{"title":"Gramatica eston\u0103 - Talkpal","description":"Explora\u021bi conceptele esen\u021biale ale gramaticii estoniene, inclusiv cazurile, verbele, structura propozi\u021biei, pronun\u021bia \u0219i sfaturi.","robots":{"index":"index","follow":"follow","max-snippet":"max-snippet:-1","max-image-preview":"max-image-preview:large","max-video-preview":"max-video-preview:-1"},"canonical":"https:\/\/talkpal.ai\/ro\/gramatica-estona\/","og_locale":"ro_RO","og_type":"article","og_title":"Gramatica eston\u0103","og_description":"Gramatica eston\u0103: poarta c\u0103tre o c\u0103l\u0103torie lingvistic\u0103 unic\u0103 Bine a\u021bi venit \u00een lumea fascinant\u0103 a limbii estoniene! Cu peste un milion de vorbitori","og_url":"https:\/\/talkpal.ai\/ro\/gramatica-estona\/","og_site_name":"Talkpal","article_publisher":"https:\/\/www.facebook.com\/profile.php?id=100090733639311","article_modified_time":"2025-12-13T15:19:51+00:00","og_image":[{"width":512,"height":512,"url":"https:\/\/talkpal.ai\/wp-content\/uploads\/2023\/05\/estonia.png","type":"image\/png"}],"twitter_card":"summary_large_image","twitter_site":"@talkpalai","twitter_misc":{"Timp estimat pentru citire":"2 minute"},"schema":{"@context":"https:\/\/schema.org","@graph":[{"@type":"WebPage","@id":"https:\/\/talkpal.ai\/ro\/gramatica-estona\/","url":"https:\/\/talkpal.ai\/ro\/gramatica-estona\/","name":"Gramatica eston\u0103 - Talkpal","isPartOf":{"@id":"https:\/\/talkpal.ai\/ro\/#website"},"primaryImageOfPage":{"@id":"https:\/\/talkpal.ai\/ro\/gramatica-estona\/#primaryimage"},"image":{"@id":"https:\/\/talkpal.ai\/ro\/gramatica-estona\/#primaryimage"},"thumbnailUrl":"https:\/\/talkpal.ai\/wp-content\/uploads\/2023\/05\/estonia.png","datePublished":"2023-05-14T14:01:53+00:00","dateModified":"2025-12-13T15:19:51+00:00","description":"Explora\u021bi conceptele esen\u021biale ale gramaticii estoniene, inclusiv cazurile, verbele, structura propozi\u021biei, pronun\u021bia \u0219i sfaturi.","breadcrumb":{"@id":"https:\/\/talkpal.ai\/ro\/gramatica-estona\/#breadcrumb"},"inLanguage":"ro-RO","potentialAction":[{"@type":"ReadAction","target":["https:\/\/talkpal.ai\/ro\/gramatica-estona\/"]}]},{"@type":"ImageObject","inLanguage":"ro-RO","@id":"https:\/\/talkpal.ai\/ro\/gramatica-estona\/#primaryimage","url":"https:\/\/talkpal.ai\/wp-content\/uploads\/2023\/05\/estonia.png","contentUrl":"https:\/\/talkpal.ai\/wp-content\/uploads\/2023\/05\/estonia.png","width":512,"height":512},{"@type":"BreadcrumbList","@id":"https:\/\/talkpal.ai\/ro\/gramatica-estona\/#breadcrumb","itemListElement":[{"@type":"ListItem","position":1,"name":"Homepage","item":"https:\/\/talkpal.ai\/ro\/"},{"@type":"ListItem","position":2,"name":"Gramatica eston\u0103"}]},{"@type":"WebSite","@id":"https:\/\/talkpal.ai\/ro\/#website","url":"https:\/\/talkpal.ai\/ro\/","name":"Talkpal","description":"AI Language Learning","publisher":{"@id":"https:\/\/talkpal.ai\/ro\/#organization"},"alternateName":"Talkpal AI","potentialAction":[{"@type":"SearchAction","target":{"@type":"EntryPoint","urlTemplate":"https:\/\/talkpal.ai\/ro\/?s={search_term_string}"},"query-input":{"@type":"PropertyValueSpecification","valueRequired":true,"valueName":"search_term_string"}}],"inLanguage":"ro-RO"},{"@type":"Organization","@id":"https:\/\/talkpal.ai\/ro\/#organization","name":"Talkpal, Inc.","alternateName":"Talkpal AI","url":"https:\/\/talkpal.ai\/ro\/","logo":{"@type":"ImageObject","inLanguage":"ro-RO","@id":"https:\/\/talkpal.ai\/ro\/#\/schema\/logo\/image\/","url":"https:\/\/talkpal.ai\/wp-content\/uploads\/2024\/03\/Talkpal-Logo-Icon.png","contentUrl":"https:\/\/talkpal.ai\/wp-content\/uploads\/2024\/03\/Talkpal-Logo-Icon.png","width":2880,"height":2880,"caption":"Talkpal, Inc."},"image":{"@id":"https:\/\/talkpal.ai\/ro\/#\/schema\/logo\/image\/"},"sameAs":["https:\/\/www.facebook.com\/profile.php?id=100090733639311","https:\/\/x.com\/talkpalai","https:\/\/www.linkedin.com\/company\/talkpal\/","https:\/\/www.youtube.com\/@TalkPal\/","https:\/\/www.tiktok.com\/@talkpal","https:\/\/www.instagram.com\/talkpal_ai\/","https:\/\/www.crunchbase.com\/organization\/talkpal-9cde","https:\/\/www.g2.com\/products\/talkpal-for-business\/","https:\/\/www.trustpilot.com\/review\/talkpal.ai","https:\/\/www.capterra.com\/p\/10006800\/TalkPal\/"],"description":"Talkpal is a language learning web and mobile education app, powered by the latest AI technologies, that provides engaging experiences to its customers in many different languages to help them improve their language skills. Users can chat about unlimited amount of topics with the app and use other modes to practice their language learning.","email":"support@talkpal.ai","legalName":"Talkpal, Inc.","foundingDate":"2023-04-03","duns":"118989042","numberOfEmployees":{"@type":"QuantitativeValue","minValue":"11","maxValue":"50"},"publishingPrinciples":"https:\/\/talkpal.ai\/publishing-principles\/","actionableFeedbackPolicy":"https:\/\/talkpal.ai\/actionable-feedback-policy\/","correctionsPolicy":"https:\/\/talkpal.ai\/corrections-policy\/","ethicsPolicy":"https:\/\/talkpal.ai\/ethics-policy\/","diversityPolicy":"https:\/\/talkpal.ai\/diversity-policy\/","diversityStaffingReport":"https:\/\/talkpal.ai\/diversity-policy\/"}]}},"_links":{"self":[{"href":"https:\/\/talkpal.ai\/ro\/wp-json\/wp\/v2\/pages\/142657","targetHints":{"allow":["GET"]}}],"collection":[{"href":"https:\/\/talkpal.ai\/ro\/wp-json\/wp\/v2\/pages"}],"about":[{"href":"https:\/\/talkpal.ai\/ro\/wp-json\/wp\/v2\/types\/page"}],"author":[{"embeddable":true,"href":"https:\/\/talkpal.ai\/ro\/wp-json\/wp\/v2\/users\/1"}],"replies":[{"embeddable":true,"href":"https:\/\/talkpal.ai\/ro\/wp-json\/wp\/v2\/comments?post=142657"}],"version-history":[{"count":0,"href":"https:\/\/talkpal.ai\/ro\/wp-json\/wp\/v2\/pages\/142657\/revisions"}],"wp:featuredmedia":[{"embeddable":true,"href":"https:\/\/talkpal.ai\/ro\/wp-json\/wp\/v2\/media\/112520"}],"wp:attachment":[{"href":"https:\/\/talkpal.ai\/ro\/wp-json\/wp\/v2\/media?parent=142657"}],"curies":[{"name":"wp","href":"https:\/\/api.w.org\/{rel}","templated":true}]}}