{"id":142363,"date":"2023-05-14T14:01:16","date_gmt":"2023-05-14T14:01:16","guid":{"rendered":"http:\/\/talkpal.ai\/gramatica-croata\/"},"modified":"2025-12-11T16:39:58","modified_gmt":"2025-12-11T16:39:58","slug":"gramatica-croata","status":"publish","type":"page","link":"https:\/\/talkpal.ai\/ro\/gramatica-croata\/","title":{"rendered":"Gramatica croat\u0103"},"content":{"rendered":"\r\n\r\n\r\n<section class=\"languageChallengeSection\">\r\n    <div class=\"languageInfoWrapper\">\r\n        \r\n        <h1>Gramatica croat\u0103<\/h1>\r\n        <p>Descoperi\u021bi structura fascinant\u0103 a croatei prin \u00eenv\u0103\u021barea regulilor gramaticale esen\u021biale. St\u0103p\u00e2nirea gramaticii <a href=\"https:\/\/talkpal.ai\/learn-croatian\/\">croate<\/a> va deschide noi oportunit\u0103\u021bi de comunicare \u0219i v\u0103 va ajuta s\u0103 experimenta\u021bi mai bine cultura \u0219i patrimoniul \u021b\u0103rii. \u00cencepe\u021bi ast\u0103zi s\u0103 \u00eenv\u0103\u021ba\u021bi gramatica croat\u0103 \u0219i face\u021bi primul pas spre fluen\u021b\u0103!<\/p>\r\n\r\n                            <a class=\"getStartedHidden\" href=\"https:\/\/app.talkpal.ai\/ro\/signup?lng=\">\u00cencepe<\/a>\r\n        \r\n    <\/div>\r\n\r\n    <figure>\r\n    <img decoding=\"async\" width=\"768\" height=\"768\" src=\"https:\/\/talkpal.ai\/wp-content\/uploads\/2023\/06\/croatian-768x768.png\" class=\"languageImage no-lazy\" alt=\"Language learning for successful interaction\" fetchpriority=\"high\" sizes=\"(max-width: 768px) 150px, 768px\" srcset=\"https:\/\/talkpal.ai\/wp-content\/uploads\/2023\/06\/croatian-768x768.png 768w, https:\/\/talkpal.ai\/wp-content\/uploads\/2023\/06\/croatian-300x300.png 300w\" \/>\r\n    \r\n\r\n    <\/figure>\r\n\r\n            <a class=\"getStartedVisible\" href=\"https:\/\/app.talkpal.ai\/ro\/signup?lng=\">\u00cencepe<\/a>\r\n    \r\n<\/section>\r\n<section class=\"promotionalBanner\">\r\n    <p class=\"promotionalText\">Cel mai eficient mod de a \u00eenv\u0103\u021ba o limb\u0103<\/p>\r\n    <a class=\"promotionalLink\" href=\"https:\/\/app.talkpal.ai\/ro\/signup?lng=\">\u00cencerca\u021bi Talkpal gratuit<\/a>\r\n<\/section>\n<div class=\"wp-block-group pageContainerStyle\"><div class=\"wp-block-group__inner-container is-layout-constrained wp-block-group-is-layout-constrained\">\n<h2 class=\"wp-block-heading\" id=\"h-a-journey-through-croatian-grammar-unraveling-the-complexities-made-easy\">O c\u0103l\u0103torie prin gramatica croat\u0103: dezv\u0103luirea complexit\u0103\u021bilor simplificat\u0103<\/h2>\n\n\n\n<p>Gramatica croat\u0103: atr\u0103g\u0103toare \u0219i intimidant\u0103, simpl\u0103 \u0219i complex\u0103, misterioas\u0103 \u0219i fascinant\u0103. Pe m\u0103sur\u0103 ce v\u0103 \u00eembarca\u021bi \u00een c\u0103l\u0103toria de \u00eenv\u0103\u021bare a limbii croate, s-ar putea s\u0103 v\u0103 sim\u021bi\u021bi cople\u0219i\u021bi de g\u00e2ndul de a \u00een\u021belege complexitatea sa gramatical\u0103. Dar nu te teme, lingvist \u00eendr\u0103zne\u021b, pentru c\u0103 suntem aici pentru a te ghida la fiecare pas!<\/p>\n\n\n\n<p>\u00cen acest articol, vom oferi o \u00een\u021belegere de baz\u0103 a conceptelor gramaticale croate \u0219i vom oferi sfaturi \u0219i trucuri pentru st\u0103p\u00e2nirea acestei frumoase limbi slave. Sta\u021bi pe spate, relaxa\u021bi-v\u0103 \u0219i haide\u021bi s\u0103 simplific\u0103m aceast\u0103 afacere aparent complicat\u0103!<\/p>\n\n\n\n<h3 class=\"wp-block-heading\" id=\"h-1-heavenly-nouns-declining-in-style\">1. Substantivele cere\u0219ti: \u00een declin \u00een stil<\/h3>\n\n\n\n<p>Dac\u0103 sunte\u021bi familiariza\u021bi cu limbi precum <a href=\"https:\/\/talkpal.ai\/locations\/language-courses-in-latina\/\">latina<\/a> sau germana, atunci conceptul de declinare a substantivelor nu v\u0103 va fi <a href=\"https:\/\/talkpal.ai\/talkpal-new-years-discount\/\">nou<\/a>. Gramatica croat\u0103 este construit\u0103 pe o funda\u021bie de declinare, cu un total de \u0219apte cazuri. Da, <a href=\"https:\/\/talkpal.ai\/speaking-with-ai\/\">ai<\/a> auzit bine! Fiecare substantiv \u00een croat\u0103 poate avea p\u00e2n\u0103 la \u0219apte forme diferite, \u00een func\u021bie de rolul s\u0103u \u00een propozi\u021bie. Dar de ce at\u00e2ta agita\u021bie, \u00eentrebi? Ei bine, reduce nevoia de prepozi\u021bii, f\u0103c\u00e2nd limbajul mai precis.  <\/p>\n\n\n\n<p>Iat\u0103 o scurt\u0103 descriere a cazurilor:<\/p>\n\n\n\n<p><strong>&#8211; Nominativ:<\/strong> Subiectul unei propozi\u021bii<\/p>\n\n\n\n<p><strong>&#8211; Genitiv:<\/strong> Indic\u0103 posesia sau originea<\/p>\n\n\n\n<p><strong>&#8211; Dativ:<\/strong> Obiectul indirect sau destina\u021bia<\/p>\n\n\n\n<p><strong>&#8211; Acuzativ:<\/strong> Obiectul direct sau scopul<\/p>\n\n\n\n<p><strong>&#8211; Vocativ:<\/strong> Folosit pentru a se adresa sau a chema pe cineva<\/p>\n\n\n\n<p><strong>&#8211; Locativ:<\/strong> Indic\u0103 loca\u021bia<\/p>\n\n\n\n<p><strong>&#8211; Instrumental:<\/strong> Descrie mijloacele, modul sau acompaniamentul.<\/p>\n\n\n\n<p>Acum, \u00eenainte de a \u00eencepe s\u0103 intra\u021bi \u00een panic\u0103, aminti\u021bi-v\u0103 c\u0103 practica este perfect\u0103. Expunerea \u0219i utilizarea regulat\u0103 a limbii v\u0103 vor ajuta s\u0103 st\u0103p\u00e2ni\u021bi treptat aceste declin\u0103ri \u0219i s\u0103 deveni\u021bi un expert \u00een gramatica croat\u0103!<\/p>\n\n\n\n<h3 class=\"wp-block-heading\" id=\"h-2-adorable-adjectives-agreements-galore\">2. Adjective adorabile: acorduri din bel\u0219ug<\/h3>\n\n\n\n<p>\u00cen lumea gramaticii croate, adjectivelor le place s\u0103 fie agreabile. Ele se schimb\u0103 \u00een func\u021bie de sex, num\u0103r \u0219i cazul substantivului <a href=\"https:\/\/talkpal.ai\/culture\/how-do-i-use-pe-care-correctly\/\">pe care<\/a> \u00eel modific\u0103. Acest lucru \u00eenseamn\u0103 c\u0103 va trebui s\u0103 ajusta\u021bi forma adjectivului \u00een func\u021bie de faptul c\u0103 substantivul este masculin, feminin sau neutru, precum \u0219i dac\u0103 este singular sau plural.<\/p>\n\n\n\n<p>Te lup\u021bi cu acordul? Iat\u0103 un mic sfat: concentreaz\u0103-te pe \u00eenv\u0103\u021barea r\u0103d\u0103cinii unui adjectiv, iar restul se va aranja de la sine. De exemplu, r\u0103d\u0103cina adjectivului pentru &#8222;frumos&#8221; este &#8222;lijep-&#8221; \u0219i se pot crea forme precum &#8222;lijepa&#8221; (feminin, nominativ) sau &#8222;lijepim&#8221; (masculin\/neutru, instrumental) folosind diferite termina\u021bii.<\/p>\n\n\n\n<h3 class=\"wp-block-heading\" id=\"h-3-vibrant-verbs-conjugating-to-perfection\">3. Verbe vibrante: conjugarea la perfec\u021biune<\/h3>\n\n\n\n<p>\u00cencepe\u021bi s\u0103 vede\u021bi un model aici? La fel ca substantivele \u0219i adjectivele, verbele croate sunt, de asemenea, pline de varia\u021bii. \u00cen aceast\u0103 limb\u0103, verbele sunt conjugate pe baza timpului, dispozi\u021biei, aspectului, persoanei \u0219i num\u0103rului.<\/p>\n\n\n\n<p>Exist\u0103 trei timpuri principale \u00een croat\u0103: trecut, prezent \u0219i viitor. \u00cen timp ce timpul prezent poate p\u0103rea relativ u\u0219or de \u00een\u021beles, timpurile trecut \u0219i viitor pot fi complicate. Dar nu v\u0103 face\u021bi griji! Practica \u0219i expunerea la limb\u0103 v\u0103 vor ajuta s\u0103 dep\u0103\u0219i\u021bi aceste obstacole \u00een cel mai scurt timp.<\/p>\n\n\n\n<h3 class=\"wp-block-heading\" id=\"h-4-prepositions-cases-dynamic-duo\">4. Prepozi\u021bii + cazuri = Duo dinamic!<\/h3>\n\n\n\n<p>Prepozi\u021biile croate pot fi pu\u021bin complicate, deoarece sunt str\u00e2ns legate de cazurile substantivale. De exemplu, prepozi\u021bia &#8222;u&#8221; (\u00een, \u00een) se folose\u0219te cu cazul acuzativ dac\u0103 denot\u0103 mi\u0219care sau direc\u021bie, dar dac\u0103 descrie o loca\u021bie, atunci se folose\u0219te cu cazul locativ.<\/p>\n\n\n\n<p>Pentru a evita confuzia, asocia\u021bi o prepozi\u021bie cu cazul pe care \u00eel cere. De exemplu, aminti\u021bi-v\u0103 &#8222;u + locative = \u00een&#8221; \u0219i &#8222;u + acuzativ = \u00een&#8221;.<\/p>\n\n\n\n<h3 class=\"wp-block-heading\" id=\"h-5-tame-the-complexities-practice-makes-perfect\">5. \u00cembl\u00e2nzi\u021bi complexit\u0103\u021bile: practica face perfect<\/h3>\n\n\n\n<p>La prima vedere, gramatica croat\u0103 poate p\u0103rea un labirint, dar re\u021bine\u021bi c\u0103 practica este ingredientul secret al succesului. Scufunda\u021bi-v\u0103 \u00een limb\u0103 prin citire, scriere, ascultare \u0219i conversa\u021bie. Transforma\u021bi provoc\u0103rile \u00een triumfuri, permi\u021b\u00e2nd creierului s\u0103 absoarb\u0103 \u0219i s\u0103 se adapteze la noul mediu lingvistic.<\/p>\n\n\n\n<p>Deci, acum c\u0103 v-a\u021bi scufundat \u00een apele fermec\u0103toare ale gramaticii croate, sunte\u021bi gata s\u0103 v\u0103 scufunda\u021bi mai ad\u00e2nc? \u00cembr\u0103\u021bi\u0219a\u021bi complexit\u0103\u021bile, savura\u021bi nuan\u021bele \u0219i aminti\u021bi-v\u0103 c\u0103, prin persisten\u021b\u0103 \u0219i pasiune, pute\u021bi debloca adev\u0103rata frumuse\u021be a limbii croate. Sretno! (Mult noroc!)<\/p>\n<\/div><\/div>\n\r\n<section class=\"learnNavigationSection\">\r\n            \r\n        <a href=\"https:\/\/talkpal.ai\/ro\/invata-croata\/\">\r\n            <div class=\"learnNavigationWrapper\">\r\n                <div class=\"learnNavigationContent\">\r\n                    <img decoding=\"async\" src=\"https:\/\/talkpal.ai\/wp-content\/uploads\/2024\/08\/Croatian.jpg\" alt=\"Croatian Flag\">\r\n                    <div>\r\n                        <h4>Despre \u00eenv\u0103\u021barea limbii croate<\/h4>\r\n                        <p>Afla\u021bi totul despre gramatica croat\u0103 .<\/p>\r\n                    <\/div>\r\n                <\/div>\r\n            <\/div>\r\n        <\/a>\r\n\r\n        \r\n        <a href=\"https:\/\/talkpal.ai\/ro\/exercitii-de-gramatica-croata\/\">\r\n            <div class=\"learnNavigationWrapper\">\r\n                <div class=\"learnNavigationContent\">\r\n                    <img decoding=\"async\" src=\"https:\/\/talkpal.ai\/wp-content\/uploads\/2024\/08\/Croatian.jpg\" alt=\"Croatian Flag\">\r\n                    <div>\r\n                        <h4>Exerci\u021biu de gramatic\u0103 croat\u0103<\/h4>\r\n                        <p>Exersa\u021bi gramatica croat\u0103.<\/p>\r\n                    <\/div>\r\n                <\/div>\r\n            <\/div>\r\n        <\/a>\r\n\r\n        \r\n        <a href=\"https:\/\/talkpal.ai\/vocabulary_language\/croatian\/\">\r\n            <div class=\"learnNavigationWrapper\">\r\n                <div class=\"learnNavigationContent\">\r\n                    <img decoding=\"async\" src=\"https:\/\/talkpal.ai\/wp-content\/uploads\/2024\/08\/Croatian.jpg\" alt=\"Croatian Flag\">\r\n                    <div>\r\n                        <h4>Vocabular \u00een croat\u0103<\/h4>\r\n                        <p>Extinde\u021bi-v\u0103 vocabularul croat.<\/p>\r\n                    <\/div>\r\n                <\/div>\r\n            <\/div>\r\n        <\/a>\r\n\r\n            <\/section>","protected":false},"excerpt":{"rendered":"<p>O c\u0103l\u0103torie prin gramatica croat\u0103: dezv\u0103luirea complexit\u0103\u021bilor simplificat\u0103 Gramatica croat\u0103: atr\u0103g\u0103toare \u0219i intimidant\u0103, simpl\u0103 \u0219i complex\u0103, misterioas\u0103 \u0219i fascinant\u0103. Pe m\u0103sur\u0103 ce v\u0103 \u00eembarca\u021bi \u00een c\u0103l\u0103toria de \u00eenv\u0103\u021bare a limbii croate, s-ar putea s\u0103 v\u0103 sim\u021bi\u021bi cople\u0219i\u021bi de g\u00e2ndul de a \u00een\u021belege complexitatea sa gramatical\u0103. Dar nu te teme, lingvist \u00eendr\u0103zne\u021b, pentru c\u0103 suntem aici [&hellip;]<\/p>\n","protected":false},"author":1,"featured_media":110260,"parent":0,"menu_order":0,"comment_status":"closed","ping_status":"closed","template":"LearningContentPage.php","meta":{"_acf_changed":false,"footnotes":""},"class_list":["post-142363","page","type-page","status-publish","has-post-thumbnail","hentry"],"acf":[],"yoast_head":"<!-- This site is optimized with the Yoast SEO Premium plugin v27.2 (Yoast SEO v27.2) - https:\/\/yoast.com\/product\/yoast-seo-premium-wordpress\/ -->\n<title>Gramatica croat\u0103 - Talkpal<\/title>\n<meta name=\"description\" content=\"Explora\u021bi gramatica croat\u0103 \u0219i \u00eembun\u0103t\u0103\u021bi\u021bi-v\u0103 \u00een\u021belegerea limbii cu sfaturi \u0219i resurse esen\u021biale.\" \/>\n<meta name=\"robots\" content=\"index, follow, max-snippet:-1, max-image-preview:large, max-video-preview:-1\" \/>\n<link rel=\"canonical\" href=\"https:\/\/talkpal.ai\/ro\/gramatica-croata\/\" \/>\n<meta property=\"og:locale\" content=\"ro_RO\" \/>\n<meta property=\"og:type\" content=\"article\" \/>\n<meta property=\"og:title\" content=\"Gramatica croat\u0103\" \/>\n<meta property=\"og:description\" content=\"O c\u0103l\u0103torie prin gramatica croat\u0103: dezv\u0103luirea complexit\u0103\u021bilor simplificat\u0103 Gramatica croat\u0103: atr\u0103g\u0103toare \u0219i intimidant\u0103, simpl\u0103 \u0219i complex\u0103, misterioas\u0103\" \/>\n<meta property=\"og:url\" content=\"https:\/\/talkpal.ai\/ro\/gramatica-croata\/\" \/>\n<meta property=\"og:site_name\" content=\"Talkpal\" \/>\n<meta property=\"article:publisher\" content=\"https:\/\/www.facebook.com\/profile.php?id=100090733639311\" \/>\n<meta property=\"article:modified_time\" content=\"2025-12-11T16:39:58+00:00\" \/>\n<meta property=\"og:image\" content=\"https:\/\/talkpal.ai\/wp-content\/uploads\/2023\/05\/croatia.png\" \/>\n\t<meta property=\"og:image:width\" content=\"512\" \/>\n\t<meta property=\"og:image:height\" content=\"512\" \/>\n\t<meta property=\"og:image:type\" content=\"image\/png\" \/>\n<meta name=\"twitter:card\" content=\"summary_large_image\" \/>\n<meta name=\"twitter:site\" content=\"@talkpalai\" \/>\n<meta name=\"twitter:label1\" content=\"Timp estimat pentru citire\" \/>\n\t<meta name=\"twitter:data1\" content=\"4 minute\" \/>\n<script type=\"application\/ld+json\" class=\"yoast-schema-graph\">{\"@context\":\"https:\/\/schema.org\",\"@graph\":[{\"@type\":\"WebPage\",\"@id\":\"https:\/\/talkpal.ai\/ro\/gramatica-croata\/\",\"url\":\"https:\/\/talkpal.ai\/ro\/gramatica-croata\/\",\"name\":\"Gramatica croat\u0103 - Talkpal\",\"isPartOf\":{\"@id\":\"https:\/\/talkpal.ai\/ro\/#website\"},\"primaryImageOfPage\":{\"@id\":\"https:\/\/talkpal.ai\/ro\/gramatica-croata\/#primaryimage\"},\"image\":{\"@id\":\"https:\/\/talkpal.ai\/ro\/gramatica-croata\/#primaryimage\"},\"thumbnailUrl\":\"https:\/\/talkpal.ai\/wp-content\/uploads\/2023\/05\/croatia.png\",\"datePublished\":\"2023-05-14T14:01:16+00:00\",\"dateModified\":\"2025-12-11T16:39:58+00:00\",\"description\":\"Explora\u021bi gramatica croat\u0103 \u0219i \u00eembun\u0103t\u0103\u021bi\u021bi-v\u0103 \u00een\u021belegerea limbii cu sfaturi \u0219i resurse esen\u021biale.\",\"breadcrumb\":{\"@id\":\"https:\/\/talkpal.ai\/ro\/gramatica-croata\/#breadcrumb\"},\"inLanguage\":\"ro-RO\",\"potentialAction\":[{\"@type\":\"ReadAction\",\"target\":[\"https:\/\/talkpal.ai\/ro\/gramatica-croata\/\"]}]},{\"@type\":\"ImageObject\",\"inLanguage\":\"ro-RO\",\"@id\":\"https:\/\/talkpal.ai\/ro\/gramatica-croata\/#primaryimage\",\"url\":\"https:\/\/talkpal.ai\/wp-content\/uploads\/2023\/05\/croatia.png\",\"contentUrl\":\"https:\/\/talkpal.ai\/wp-content\/uploads\/2023\/05\/croatia.png\",\"width\":512,\"height\":512},{\"@type\":\"BreadcrumbList\",\"@id\":\"https:\/\/talkpal.ai\/ro\/gramatica-croata\/#breadcrumb\",\"itemListElement\":[{\"@type\":\"ListItem\",\"position\":1,\"name\":\"Homepage\",\"item\":\"https:\/\/talkpal.ai\/ro\/\"},{\"@type\":\"ListItem\",\"position\":2,\"name\":\"Gramatica croat\u0103\"}]},{\"@type\":\"WebSite\",\"@id\":\"https:\/\/talkpal.ai\/ro\/#website\",\"url\":\"https:\/\/talkpal.ai\/ro\/\",\"name\":\"Talkpal\",\"description\":\"AI Language Learning\",\"publisher\":{\"@id\":\"https:\/\/talkpal.ai\/ro\/#organization\"},\"alternateName\":\"Talkpal AI\",\"potentialAction\":[{\"@type\":\"SearchAction\",\"target\":{\"@type\":\"EntryPoint\",\"urlTemplate\":\"https:\/\/talkpal.ai\/ro\/?s={search_term_string}\"},\"query-input\":{\"@type\":\"PropertyValueSpecification\",\"valueRequired\":true,\"valueName\":\"search_term_string\"}}],\"inLanguage\":\"ro-RO\"},{\"@type\":\"Organization\",\"@id\":\"https:\/\/talkpal.ai\/ro\/#organization\",\"name\":\"Talkpal, Inc.\",\"alternateName\":\"Talkpal AI\",\"url\":\"https:\/\/talkpal.ai\/ro\/\",\"logo\":{\"@type\":\"ImageObject\",\"inLanguage\":\"ro-RO\",\"@id\":\"https:\/\/talkpal.ai\/ro\/#\/schema\/logo\/image\/\",\"url\":\"https:\/\/talkpal.ai\/wp-content\/uploads\/2024\/03\/Talkpal-Logo-Icon.png\",\"contentUrl\":\"https:\/\/talkpal.ai\/wp-content\/uploads\/2024\/03\/Talkpal-Logo-Icon.png\",\"width\":2880,\"height\":2880,\"caption\":\"Talkpal, Inc.\"},\"image\":{\"@id\":\"https:\/\/talkpal.ai\/ro\/#\/schema\/logo\/image\/\"},\"sameAs\":[\"https:\/\/www.facebook.com\/profile.php?id=100090733639311\",\"https:\/\/x.com\/talkpalai\",\"https:\/\/www.linkedin.com\/company\/talkpal\/\",\"https:\/\/www.youtube.com\/@TalkPal\/\",\"https:\/\/www.tiktok.com\/@talkpal\",\"https:\/\/www.instagram.com\/talkpal_ai\/\",\"https:\/\/www.crunchbase.com\/organization\/talkpal-9cde\",\"https:\/\/www.g2.com\/products\/talkpal-for-business\/\",\"https:\/\/www.trustpilot.com\/review\/talkpal.ai\",\"https:\/\/www.capterra.com\/p\/10006800\/TalkPal\/\"],\"description\":\"Talkpal is a language learning web and mobile education app, powered by the latest AI technologies, that provides engaging experiences to its customers in many different languages to help them improve their language skills. Users can chat about unlimited amount of topics with the app and use other modes to practice their language learning.\",\"email\":\"support@talkpal.ai\",\"legalName\":\"Talkpal, Inc.\",\"foundingDate\":\"2023-04-03\",\"duns\":\"118989042\",\"numberOfEmployees\":{\"@type\":\"QuantitativeValue\",\"minValue\":\"11\",\"maxValue\":\"50\"},\"publishingPrinciples\":\"https:\/\/talkpal.ai\/publishing-principles\/\",\"actionableFeedbackPolicy\":\"https:\/\/talkpal.ai\/actionable-feedback-policy\/\",\"correctionsPolicy\":\"https:\/\/talkpal.ai\/corrections-policy\/\",\"ethicsPolicy\":\"https:\/\/talkpal.ai\/ethics-policy\/\",\"diversityPolicy\":\"https:\/\/talkpal.ai\/diversity-policy\/\",\"diversityStaffingReport\":\"https:\/\/talkpal.ai\/diversity-policy\/\"}]}<\/script>\n<!-- \/ Yoast SEO Premium plugin. -->","yoast_head_json":{"title":"Gramatica croat\u0103 - Talkpal","description":"Explora\u021bi gramatica croat\u0103 \u0219i \u00eembun\u0103t\u0103\u021bi\u021bi-v\u0103 \u00een\u021belegerea limbii cu sfaturi \u0219i resurse esen\u021biale.","robots":{"index":"index","follow":"follow","max-snippet":"max-snippet:-1","max-image-preview":"max-image-preview:large","max-video-preview":"max-video-preview:-1"},"canonical":"https:\/\/talkpal.ai\/ro\/gramatica-croata\/","og_locale":"ro_RO","og_type":"article","og_title":"Gramatica croat\u0103","og_description":"O c\u0103l\u0103torie prin gramatica croat\u0103: dezv\u0103luirea complexit\u0103\u021bilor simplificat\u0103 Gramatica croat\u0103: atr\u0103g\u0103toare \u0219i intimidant\u0103, simpl\u0103 \u0219i complex\u0103, misterioas\u0103","og_url":"https:\/\/talkpal.ai\/ro\/gramatica-croata\/","og_site_name":"Talkpal","article_publisher":"https:\/\/www.facebook.com\/profile.php?id=100090733639311","article_modified_time":"2025-12-11T16:39:58+00:00","og_image":[{"width":512,"height":512,"url":"https:\/\/talkpal.ai\/wp-content\/uploads\/2023\/05\/croatia.png","type":"image\/png"}],"twitter_card":"summary_large_image","twitter_site":"@talkpalai","twitter_misc":{"Timp estimat pentru citire":"4 minute"},"schema":{"@context":"https:\/\/schema.org","@graph":[{"@type":"WebPage","@id":"https:\/\/talkpal.ai\/ro\/gramatica-croata\/","url":"https:\/\/talkpal.ai\/ro\/gramatica-croata\/","name":"Gramatica croat\u0103 - Talkpal","isPartOf":{"@id":"https:\/\/talkpal.ai\/ro\/#website"},"primaryImageOfPage":{"@id":"https:\/\/talkpal.ai\/ro\/gramatica-croata\/#primaryimage"},"image":{"@id":"https:\/\/talkpal.ai\/ro\/gramatica-croata\/#primaryimage"},"thumbnailUrl":"https:\/\/talkpal.ai\/wp-content\/uploads\/2023\/05\/croatia.png","datePublished":"2023-05-14T14:01:16+00:00","dateModified":"2025-12-11T16:39:58+00:00","description":"Explora\u021bi gramatica croat\u0103 \u0219i \u00eembun\u0103t\u0103\u021bi\u021bi-v\u0103 \u00een\u021belegerea limbii cu sfaturi \u0219i resurse esen\u021biale.","breadcrumb":{"@id":"https:\/\/talkpal.ai\/ro\/gramatica-croata\/#breadcrumb"},"inLanguage":"ro-RO","potentialAction":[{"@type":"ReadAction","target":["https:\/\/talkpal.ai\/ro\/gramatica-croata\/"]}]},{"@type":"ImageObject","inLanguage":"ro-RO","@id":"https:\/\/talkpal.ai\/ro\/gramatica-croata\/#primaryimage","url":"https:\/\/talkpal.ai\/wp-content\/uploads\/2023\/05\/croatia.png","contentUrl":"https:\/\/talkpal.ai\/wp-content\/uploads\/2023\/05\/croatia.png","width":512,"height":512},{"@type":"BreadcrumbList","@id":"https:\/\/talkpal.ai\/ro\/gramatica-croata\/#breadcrumb","itemListElement":[{"@type":"ListItem","position":1,"name":"Homepage","item":"https:\/\/talkpal.ai\/ro\/"},{"@type":"ListItem","position":2,"name":"Gramatica croat\u0103"}]},{"@type":"WebSite","@id":"https:\/\/talkpal.ai\/ro\/#website","url":"https:\/\/talkpal.ai\/ro\/","name":"Talkpal","description":"AI Language Learning","publisher":{"@id":"https:\/\/talkpal.ai\/ro\/#organization"},"alternateName":"Talkpal AI","potentialAction":[{"@type":"SearchAction","target":{"@type":"EntryPoint","urlTemplate":"https:\/\/talkpal.ai\/ro\/?s={search_term_string}"},"query-input":{"@type":"PropertyValueSpecification","valueRequired":true,"valueName":"search_term_string"}}],"inLanguage":"ro-RO"},{"@type":"Organization","@id":"https:\/\/talkpal.ai\/ro\/#organization","name":"Talkpal, Inc.","alternateName":"Talkpal AI","url":"https:\/\/talkpal.ai\/ro\/","logo":{"@type":"ImageObject","inLanguage":"ro-RO","@id":"https:\/\/talkpal.ai\/ro\/#\/schema\/logo\/image\/","url":"https:\/\/talkpal.ai\/wp-content\/uploads\/2024\/03\/Talkpal-Logo-Icon.png","contentUrl":"https:\/\/talkpal.ai\/wp-content\/uploads\/2024\/03\/Talkpal-Logo-Icon.png","width":2880,"height":2880,"caption":"Talkpal, Inc."},"image":{"@id":"https:\/\/talkpal.ai\/ro\/#\/schema\/logo\/image\/"},"sameAs":["https:\/\/www.facebook.com\/profile.php?id=100090733639311","https:\/\/x.com\/talkpalai","https:\/\/www.linkedin.com\/company\/talkpal\/","https:\/\/www.youtube.com\/@TalkPal\/","https:\/\/www.tiktok.com\/@talkpal","https:\/\/www.instagram.com\/talkpal_ai\/","https:\/\/www.crunchbase.com\/organization\/talkpal-9cde","https:\/\/www.g2.com\/products\/talkpal-for-business\/","https:\/\/www.trustpilot.com\/review\/talkpal.ai","https:\/\/www.capterra.com\/p\/10006800\/TalkPal\/"],"description":"Talkpal is a language learning web and mobile education app, powered by the latest AI technologies, that provides engaging experiences to its customers in many different languages to help them improve their language skills. Users can chat about unlimited amount of topics with the app and use other modes to practice their language learning.","email":"support@talkpal.ai","legalName":"Talkpal, Inc.","foundingDate":"2023-04-03","duns":"118989042","numberOfEmployees":{"@type":"QuantitativeValue","minValue":"11","maxValue":"50"},"publishingPrinciples":"https:\/\/talkpal.ai\/publishing-principles\/","actionableFeedbackPolicy":"https:\/\/talkpal.ai\/actionable-feedback-policy\/","correctionsPolicy":"https:\/\/talkpal.ai\/corrections-policy\/","ethicsPolicy":"https:\/\/talkpal.ai\/ethics-policy\/","diversityPolicy":"https:\/\/talkpal.ai\/diversity-policy\/","diversityStaffingReport":"https:\/\/talkpal.ai\/diversity-policy\/"}]}},"_links":{"self":[{"href":"https:\/\/talkpal.ai\/ro\/wp-json\/wp\/v2\/pages\/142363","targetHints":{"allow":["GET"]}}],"collection":[{"href":"https:\/\/talkpal.ai\/ro\/wp-json\/wp\/v2\/pages"}],"about":[{"href":"https:\/\/talkpal.ai\/ro\/wp-json\/wp\/v2\/types\/page"}],"author":[{"embeddable":true,"href":"https:\/\/talkpal.ai\/ro\/wp-json\/wp\/v2\/users\/1"}],"replies":[{"embeddable":true,"href":"https:\/\/talkpal.ai\/ro\/wp-json\/wp\/v2\/comments?post=142363"}],"version-history":[{"count":0,"href":"https:\/\/talkpal.ai\/ro\/wp-json\/wp\/v2\/pages\/142363\/revisions"}],"wp:featuredmedia":[{"embeddable":true,"href":"https:\/\/talkpal.ai\/ro\/wp-json\/wp\/v2\/media\/110260"}],"wp:attachment":[{"href":"https:\/\/talkpal.ai\/ro\/wp-json\/wp\/v2\/media?parent=142363"}],"curies":[{"name":"wp","href":"https:\/\/api.w.org\/{rel}","templated":true}]}}