{"id":141676,"date":"2023-05-14T14:00:39","date_gmt":"2023-05-14T14:00:39","guid":{"rendered":"http:\/\/talkpal.ai\/gramatica-bulgara\/"},"modified":"2025-05-22T14:37:37","modified_gmt":"2025-05-22T14:37:37","slug":"gramatica-bulgara","status":"publish","type":"page","link":"https:\/\/talkpal.ai\/ro\/gramatica-bulgara\/","title":{"rendered":"Gramatica bulgar\u0103"},"content":{"rendered":"\r\n\r\n\r\n<section class=\"languageChallengeSection\">\r\n    <div class=\"languageInfoWrapper\">\r\n        \r\n        <h1>Gramatica bulgar\u0103<\/h1>\r\n        <p>Explora\u021bi caracteristicile unice ale gramaticii <a href=\"https:\/\/talkpal.ai\/learn-bulgarian\/\">bulgare<\/a> \u0219i ob\u021bine\u021bi instrumentele necesare pentru a comunica cu \u00eencredere \u00een aceast\u0103 vibrant\u0103 limb\u0103 slav\u0103. \u00cen\u021beleg\u00e2ndu-i regulile de baz\u0103, v\u0103 ve\u021bi \u00eembun\u0103t\u0103\u021bi capacitatea de a intra \u00een contact cu vorbitori nativi \u0219i de a p\u0103trunde mai ad\u00e2nc \u00een patrimoniul bogat al Bulgariei. \u00cencepe\u021bi ast\u0103zi c\u0103l\u0103toria dvs. \u00een gramatica bulgar\u0103 \u0219i face\u021bi primul pas spre st\u0103p\u00e2nirea limbii!<\/p>\r\n\r\n                            <a class=\"getStartedHidden\" href=\"https:\/\/app.talkpal.ai\/ro\/signup?lng=\">\u00cencepe<\/a>\r\n        \r\n    <\/div>\r\n\r\n    <figure>\r\n    <img decoding=\"async\" width=\"768\" height=\"768\" src=\"https:\/\/talkpal.ai\/wp-content\/uploads\/2023\/06\/bulgarian-768x768.png\" class=\"languageImage no-lazy\" alt=\"Language learning for deeper cultural understanding\" fetchpriority=\"high\" sizes=\"(max-width: 768px) 150px, 768px\" srcset=\"https:\/\/talkpal.ai\/wp-content\/uploads\/2023\/06\/bulgarian-768x768.png 768w, https:\/\/talkpal.ai\/wp-content\/uploads\/2023\/06\/bulgarian-300x300.png 300w\" \/>\r\n    \r\n\r\n    <\/figure>\r\n\r\n            <a class=\"getStartedVisible\" href=\"https:\/\/app.talkpal.ai\/ro\/signup?lng=\">\u00cencepe<\/a>\r\n    \r\n<\/section>\r\n<section class=\"promotionalBanner\">\r\n    <p class=\"promotionalText\">Cel mai eficient mod de a \u00eenv\u0103\u021ba o limb\u0103<\/p>\r\n    <a class=\"promotionalLink\" href=\"https:\/\/app.talkpal.ai\/ro\/signup?lng=\">\u00cencerca\u021bi Talkpal gratuit<\/a>\r\n<\/section>\n<div class=\"wp-block-group pageContainerStyle\"><div class=\"wp-block-group__inner-container is-layout-constrained wp-block-group-is-layout-constrained\">\n<h2 class=\"wp-block-heading\" id=\"h-the-ultimate-guide-to-bulgarian-grammar-navigating-the-intricacies-of-a-rich-language\">Ghidul final al gramaticii bulgare: navigarea \u00een complexitatea unei limbi bogate<\/h2>\n\n\n\n<p>Gramatica bulgar\u0103, ca \u0219i limba \u00een sine, este un amestec fascinant de simplitate, complexitate \u0219i istorie cultural\u0103 bogat\u0103. Fiind una dintre cele mai vechi limbi slave, bulgara ofer\u0103 emo\u021bii lingvistice cursan\u021bilor \u0219i provoac\u0103 chiar \u0219i cei mai competen\u021bi vorbitori. \u00cen acest ghid, vom explora principiile cheie ale gramaticii bulgare, vom demistifica complexitatea acesteia \u0219i v\u0103 vom ajuta \u00een c\u0103l\u0103toria dumneavoastr\u0103 spre st\u0103p\u00e2nirea acestei frumoase limbi. S\u0103 ne arunc\u0103m!<\/p>\n\n\n\n<h2 class=\"wp-block-heading\" id=\"h-the-nuts-and-bolts-bulgarian-sentence-structure\">Piuli\u021bele \u0219i \u0219uruburile: structura propozi\u021biei bulgare<\/h2>\n\n\n\n<p>\u00cen esen\u021b\u0103, gramatica bulgar\u0103 este destul de simpl\u0103. Limba urmeaz\u0103 structura propozi\u021biei subiect-verb-obiect (SVO), similar\u0103 cu engleza \u0219i multe alte limbi. De exemplu, propozi\u021bia &#8222;I eat an apple&#8221; se traduce prin &#8222;\u0410\u0437 \u044f\u043c \u044f\u0431\u044a\u043b\u043a\u0430&#8221; (Az yam yabalka). Simplu, nu? Cu toate acestea, pe m\u0103sur\u0103 ce vom aprofunda, ve\u021bi descoperi c\u0103 gramatica bulgar\u0103 este plin\u0103 de surprize \u0219i caracteristici unice.<\/p>\n\n\n\n<h3 class=\"wp-block-heading\" id=\"h-meet-the-family-bulgarian-nouns-and-their-genders\">Face\u021bi cuno\u0219tin\u021b\u0103 cu familia: substantive bulgare \u0219i sexul lor<\/h3>\n\n\n\n<p>Unul dintre cele mai uimitoare aspecte ale gramaticii bulgare pentru vorbitorii de <a href=\"https:\/\/talkpal.ai\/learn-english-with-ai\/\">englez\u0103<\/a> este no\u021biunea de gen gramatical. \u00cen bulgar\u0103, fiecare substantiv este atribuit unuia dintre cele trei genuri &#8211; masculin, feminin \u0219i neutru. Este esen\u021bial s\u0103 recunoa\u0219tem genul unui substantiv, deoarece acesta influen\u021beaz\u0103 forma adjectivelor \u0219i a pronumelor, precum \u0219i conjugarea verbelor care urmeaz\u0103.<\/p>\n\n\n\n<p>Deci, cum determina\u021bi genul unui substantiv? \u00cen general, totul se rezum\u0103 la final:<\/p>\n\n\n\n<p><strong>&#8211; Substantivele masculine se termin\u0103 de obicei cu o consoan\u0103.<\/strong><\/p>\n\n\n\n<p><strong>&#8211; Substantivele feminine se termin\u0103 de obicei \u00een -\u0430 (-a) sau -\u044f (-ya).<\/strong><\/p>\n\n\n\n<p><strong>&#8211; Substantivele neutre se termin\u0103 adesea \u00een -\u043e (-o) sau -\u0435 (-\u0435).<\/strong><\/p>\n\n\n\n<p>De exemplu, &#8222;\u043c\u044a\u0436&#8221; (mazh) \u00eenseamn\u0103 &#8222;b\u0103rbat&#8221; \u0219i este masculin, &#8222;\u0436\u0435\u043d\u0430&#8221; (zhena) \u00eenseamn\u0103 &#8222;femeie&#8221; \u0219i este feminin, iar &#8222;\u0434\u0435\u0442\u0435&#8221; (dete) \u00eenseamn\u0103 &#8222;copil&#8221; \u0219i este neutru.<\/p>\n\n\n\n<p>Desigur, exist\u0103 \u0219i excep\u021bii, motiv pentru care este esen\u021bial s\u0103 \u00eenv\u0103\u021b\u0103m substantivele \u00eempreun\u0103 cu genurile lor.<\/p>\n\n\n\n<h3 class=\"wp-block-heading\" id=\"h-playing-with-numbers-bulgarian-plurals\">Jocul cu numerele: pluralul bulgar<\/h3>\n\n\n\n<p>Dup\u0103 ce a\u021bi st\u0103p\u00e2nit genul substantivelor bulgare, este timpul s\u0103 v\u0103 ocupa\u021bi de pluralul acestora. \u00cen general, se formeaz\u0103 pluralul prin ad\u0103ugarea unor termina\u021bii specifice care corespund genului substantivului:<\/p>\n\n\n\n<p><strong>&#8211; Substantivele masculine schimb\u0103 ultima consoan\u0103 \u00een -\u0438 (-i) sau adaug\u0103 -\u043e\u0432\u0435 (-ove).<\/strong><\/p>\n\n\n\n<p><strong>&#8211; Substantivele feminine \u00eenlocuiesc -\u0430 sau -\u044f cu -\u0438 sau -\u0435.<\/strong><\/p>\n\n\n\n<p><strong>&#8211; Substantivele neutre \u00eenlocuiesc -\u043e sau -\u0435 cu -\u0430.<\/strong><\/p>\n\n\n\n<p>De exemplu, &#8222;\u0443\u0447\u0435\u043d\u0438\u043a&#8221; (uchenik, masculin) devine &#8222;\u0443\u0447\u0435\u043d\u0438\u0446\u0438&#8221; (uchenici, <a href=\"https:\/\/talkpal.ai\/talkpal-discount-for-students\/\">studen\u021bi<\/a>), iar &#8222;\u043a\u043d\u0438\u0433\u0430&#8221; (kniga, feminin) devine &#8222;\u043a\u043d\u0438\u0433\u0438&#8221; (knigi, c\u0103r\u021bi).<\/p>\n\n\n\n<p>Aceast\u0103 regul\u0103 are excep\u021bii, a\u0219a c\u0103 fii atent la pluralele neregulate \u0219i extinde-\u021bi vocabularul \u00een consecin\u021b\u0103.<\/p>\n\n\n\n<h3 class=\"wp-block-heading\" id=\"h-the-art-of-conjugation-bulgarian-verbs\">Arta conjug\u0103rii: verbe bulgare<\/h3>\n\n\n\n<p>Verbele bulgare pot fi intimidante datorit\u0103 num\u0103rului mare de timpuri, st\u0103ri \u0219i conjug\u0103ri. Cu toate acestea, cheia pentru a le sparge este recunoa\u0219terea modelelor \u0219i practicarea regulat\u0103.<\/p>\n\n\n\n<p>\u00cen bulgar\u0103, verbele sunt \u00eemp\u0103r\u021bite \u00een trei grupe pe baza termina\u021biei lor infinitive, -\u0430 (-a), -\u0435 (-\u0435) sau -\u0438 (-i). Fiecare grup are regulile <a href=\"https:\/\/talkpal.ai\/locations\/learn-english-in-sale\/\">sale<\/a> specifice de conjugare. De exemplu, s\u0103 lu\u0103m verbul &#8222;\u043f\u0438\u0448\u0430&#8221; (pisha, &#8222;a scrie&#8221;):<\/p>\n\n\n\n<p><strong>La timpul prezent: \u0410\u0437 \u043f\u0438\u0448\u0430 (Az pisha, &#8222;eu scriu&#8221;)<\/strong><\/p>\n\n\n\n<p><strong>La timpul trecut: \u0410\u0437 \u043f\u0438\u0441\u0430\u0445 (Az pisah, &#8222;am scris&#8221;)<\/strong><\/p>\n\n\n\n<p><strong>La timpul viitor: \u0410\u0437 \u0449\u0435 \u043f\u0438\u0448\u0430 (Az shte pisha, &#8222;Voi scrie&#8221;)<\/strong><\/p>\n\n\n\n<p>Dup\u0103 cum pute\u021bi vedea, finalurile se schimb\u0103 \u00een func\u021bie de timp. \u0218i asta nici m\u0103car nu zg\u00e2rie suprafa\u021ba conjug\u0103rii verbelor \u00een bulgar\u0103! Cu toate acestea, nu v\u0103 l\u0103sa\u021bi cople\u0219it. Cu exerci\u021biu \u0219i r\u0103bdare, ve\u021bi \u00eencepe s\u0103 recunoa\u0219te\u021bi tiparele \u0219i ve\u021bi \u00eenvinge aceast\u0103 provocare.<\/p>\n\n\n\n<h3 class=\"wp-block-heading\" id=\"h-the-finishing-touches-bulgarian-adjectives-adverbs-and-more\">Retu\u0219urile finale: adjective bulgare, adverbe \u0219i multe altele<\/h3>\n\n\n\n<p>C\u00e2nd vine vorba de adjective \u0219i adverbe bulgare, acestea joac\u0103 un rol crucial \u00een ad\u0103ugarea de profunzime \u0219i complexitate discursului t\u0103u. Adjectivele trebuie s\u0103 se potriveasc\u0103 cu substantivele <a href=\"https:\/\/talkpal.ai\/culture\/how-do-i-use-pe-care-correctly\/\">pe care<\/a> le modific\u0103 \u00een ceea ce prive\u0219te genul \u0219i, de obicei, ve\u021bi g\u0103si 3 forme &#8211; masculin, feminin \u0219i neutru.<\/p>\n\n\n\n<p>De exemplu, &#8222;\u0434\u043e\u0431\u044a\u0440&#8221; (dobur) \u00eenseamn\u0103 &#8222;bun&#8221; \u0219i apare ca &#8222;\u0434\u043e\u0431\u044a\u0440 \u043c\u044a\u0436&#8221; (dobur mazh, &#8222;om bun&#8221;), &#8222;\u0434\u043e\u0431\u0440\u0430 \u0436\u0435\u043d\u0430&#8221; (dobra zhena, &#8222;femeie bun\u0103&#8221;) \u0219i &#8222;\u0434\u043e\u0431\u0440\u043e \u0434\u0435\u0442\u0435&#8221; (dobro dete, &#8222;copil bun&#8221;). Adverbele urmeaz\u0103 modele similare, adesea derivate din adjective.<\/p>\n\n\n\n<p>\u00cen concluzie, complica\u021biile \u0219i ciud\u0103\u021beniile gramaticii bulgare, de\u0219i complexe, confer\u0103 limbii frumuse\u021bea \u0219i caracterul s\u0103u captivant. Cu o combina\u021bie de perseveren\u021b\u0103, curiozitate \u0219i aplica\u021bii practice, ve\u021bi naviga \u00een cur\u00e2nd prin gramatica bulgar\u0103 cu u\u0219urin\u021b\u0103 \u0219i \u00eencredere. Spor la invatat!<\/p>\n<\/div><\/div>\n\r\n<section class=\"learnNavigationSection\">\r\n            \r\n        <a href=\"https:\/\/talkpal.ai\/ro\/invata-bulgara\/\">\r\n            <div class=\"learnNavigationWrapper\">\r\n                <div class=\"learnNavigationContent\">\r\n                    <img decoding=\"async\" src=\"https:\/\/talkpal.ai\/wp-content\/uploads\/2024\/08\/Bulgarian.jpg\" alt=\"Bulgarian Flag\">\r\n                    <div>\r\n                        <h4>Despre \u00eenv\u0103\u021barea limbii bulgare<\/h4>\r\n                        <p>Afla\u021bi totul despre gramatica bulgar\u0103.<\/p>\r\n                    <\/div>\r\n                <\/div>\r\n            <\/div>\r\n        <\/a>\r\n\r\n        \r\n        <a href=\"https:\/\/talkpal.ai\/ro\/exercitii-de-gramatica-bulgara\/\">\r\n            <div class=\"learnNavigationWrapper\">\r\n                <div class=\"learnNavigationContent\">\r\n                    <img decoding=\"async\" src=\"https:\/\/talkpal.ai\/wp-content\/uploads\/2024\/08\/Bulgarian.jpg\" alt=\"Bulgarian Flag\">\r\n                    <div>\r\n                        <h4>Exerci\u021biu de gramatic\u0103 bulgar\u0103<\/h4>\r\n                        <p>Exersa\u021bi gramatica bulgar\u0103.<\/p>\r\n                    <\/div>\r\n                <\/div>\r\n            <\/div>\r\n        <\/a>\r\n\r\n        \r\n        <a href=\"https:\/\/talkpal.ai\/vocabulary_language\/bulgarian\/\">\r\n            <div class=\"learnNavigationWrapper\">\r\n                <div class=\"learnNavigationContent\">\r\n                    <img decoding=\"async\" src=\"https:\/\/talkpal.ai\/wp-content\/uploads\/2024\/08\/Bulgarian.jpg\" alt=\"Bulgarian Flag\">\r\n                    <div>\r\n                        <h4>Vocabular bulgar<\/h4>\r\n                        <p>Extinde\u021bi-v\u0103 vocabularul bulgar.<\/p>\r\n                    <\/div>\r\n                <\/div>\r\n            <\/div>\r\n        <\/a>\r\n\r\n            <\/section>","protected":false},"excerpt":{"rendered":"<p>Ghidul final al gramaticii bulgare: navigarea \u00een complexitatea unei limbi bogate Gramatica bulgar\u0103, ca \u0219i limba \u00een sine, este un amestec fascinant de simplitate, complexitate \u0219i istorie cultural\u0103 bogat\u0103. Fiind una dintre cele mai vechi limbi slave, bulgara ofer\u0103 emo\u021bii lingvistice cursan\u021bilor \u0219i provoac\u0103 chiar \u0219i cei mai competen\u021bi vorbitori. \u00cen acest ghid, vom explora [&hellip;]<\/p>\n","protected":false},"author":1,"featured_media":111537,"parent":0,"menu_order":0,"comment_status":"closed","ping_status":"closed","template":"LearningContentPage.php","meta":{"_acf_changed":false,"footnotes":""},"class_list":["post-141676","page","type-page","status-publish","has-post-thumbnail","hentry"],"acf":[],"yoast_head":"<!-- This site is optimized with the Yoast SEO Premium plugin v27.2 (Yoast SEO v27.2) - https:\/\/yoast.com\/product\/yoast-seo-premium-wordpress\/ -->\n<title>Gramatica bulgar\u0103 - Talkpal<\/title>\n<meta name=\"description\" content=\"Explora\u021bi elementele esen\u021biale ale gramaticii bulgare pentru o mai bun\u0103 \u00een\u021belegere a limbii \u0219i abilit\u0103\u021bi de comunicare.\" \/>\n<meta name=\"robots\" content=\"index, follow, max-snippet:-1, max-image-preview:large, max-video-preview:-1\" \/>\n<link rel=\"canonical\" href=\"https:\/\/talkpal.ai\/ro\/gramatica-bulgara\/\" \/>\n<meta property=\"og:locale\" content=\"ro_RO\" \/>\n<meta property=\"og:type\" content=\"article\" \/>\n<meta property=\"og:title\" content=\"Gramatica bulgar\u0103\" \/>\n<meta property=\"og:description\" content=\"Ghidul final al gramaticii bulgare: navigarea \u00een complexitatea unei limbi bogate Gramatica bulgar\u0103, ca \u0219i limba \u00een sine, este un amestec fascinant de\" \/>\n<meta property=\"og:url\" content=\"https:\/\/talkpal.ai\/ro\/gramatica-bulgara\/\" \/>\n<meta property=\"og:site_name\" content=\"Talkpal\" \/>\n<meta property=\"article:publisher\" content=\"https:\/\/www.facebook.com\/profile.php?id=100090733639311\" \/>\n<meta property=\"article:modified_time\" content=\"2025-05-22T14:37:37+00:00\" \/>\n<meta property=\"og:image\" content=\"https:\/\/talkpal.ai\/wp-content\/uploads\/2023\/05\/bulgaria.png\" \/>\n\t<meta property=\"og:image:width\" content=\"512\" \/>\n\t<meta property=\"og:image:height\" content=\"512\" \/>\n\t<meta property=\"og:image:type\" content=\"image\/png\" \/>\n<meta name=\"twitter:card\" content=\"summary_large_image\" \/>\n<meta name=\"twitter:site\" content=\"@talkpalai\" \/>\n<meta name=\"twitter:label1\" content=\"Timp estimat pentru citire\" \/>\n\t<meta name=\"twitter:data1\" content=\"4 minute\" \/>\n<script type=\"application\/ld+json\" class=\"yoast-schema-graph\">{\"@context\":\"https:\/\/schema.org\",\"@graph\":[{\"@type\":\"WebPage\",\"@id\":\"https:\/\/talkpal.ai\/ro\/gramatica-bulgara\/\",\"url\":\"https:\/\/talkpal.ai\/ro\/gramatica-bulgara\/\",\"name\":\"Gramatica bulgar\u0103 - Talkpal\",\"isPartOf\":{\"@id\":\"https:\/\/talkpal.ai\/ro\/#website\"},\"primaryImageOfPage\":{\"@id\":\"https:\/\/talkpal.ai\/ro\/gramatica-bulgara\/#primaryimage\"},\"image\":{\"@id\":\"https:\/\/talkpal.ai\/ro\/gramatica-bulgara\/#primaryimage\"},\"thumbnailUrl\":\"https:\/\/talkpal.ai\/wp-content\/uploads\/2023\/05\/bulgaria.png\",\"datePublished\":\"2023-05-14T14:00:39+00:00\",\"dateModified\":\"2025-05-22T14:37:37+00:00\",\"description\":\"Explora\u021bi elementele esen\u021biale ale gramaticii bulgare pentru o mai bun\u0103 \u00een\u021belegere a limbii \u0219i abilit\u0103\u021bi de comunicare.\",\"breadcrumb\":{\"@id\":\"https:\/\/talkpal.ai\/ro\/gramatica-bulgara\/#breadcrumb\"},\"inLanguage\":\"ro-RO\",\"potentialAction\":[{\"@type\":\"ReadAction\",\"target\":[\"https:\/\/talkpal.ai\/ro\/gramatica-bulgara\/\"]}]},{\"@type\":\"ImageObject\",\"inLanguage\":\"ro-RO\",\"@id\":\"https:\/\/talkpal.ai\/ro\/gramatica-bulgara\/#primaryimage\",\"url\":\"https:\/\/talkpal.ai\/wp-content\/uploads\/2023\/05\/bulgaria.png\",\"contentUrl\":\"https:\/\/talkpal.ai\/wp-content\/uploads\/2023\/05\/bulgaria.png\",\"width\":512,\"height\":512},{\"@type\":\"BreadcrumbList\",\"@id\":\"https:\/\/talkpal.ai\/ro\/gramatica-bulgara\/#breadcrumb\",\"itemListElement\":[{\"@type\":\"ListItem\",\"position\":1,\"name\":\"Homepage\",\"item\":\"https:\/\/talkpal.ai\/ro\/\"},{\"@type\":\"ListItem\",\"position\":2,\"name\":\"Gramatica bulgar\u0103\"}]},{\"@type\":\"WebSite\",\"@id\":\"https:\/\/talkpal.ai\/ro\/#website\",\"url\":\"https:\/\/talkpal.ai\/ro\/\",\"name\":\"Talkpal\",\"description\":\"AI Language Learning\",\"publisher\":{\"@id\":\"https:\/\/talkpal.ai\/ro\/#organization\"},\"alternateName\":\"Talkpal AI\",\"potentialAction\":[{\"@type\":\"SearchAction\",\"target\":{\"@type\":\"EntryPoint\",\"urlTemplate\":\"https:\/\/talkpal.ai\/ro\/?s={search_term_string}\"},\"query-input\":{\"@type\":\"PropertyValueSpecification\",\"valueRequired\":true,\"valueName\":\"search_term_string\"}}],\"inLanguage\":\"ro-RO\"},{\"@type\":\"Organization\",\"@id\":\"https:\/\/talkpal.ai\/ro\/#organization\",\"name\":\"Talkpal, Inc.\",\"alternateName\":\"Talkpal AI\",\"url\":\"https:\/\/talkpal.ai\/ro\/\",\"logo\":{\"@type\":\"ImageObject\",\"inLanguage\":\"ro-RO\",\"@id\":\"https:\/\/talkpal.ai\/ro\/#\/schema\/logo\/image\/\",\"url\":\"https:\/\/talkpal.ai\/wp-content\/uploads\/2024\/03\/Talkpal-Logo-Icon.png\",\"contentUrl\":\"https:\/\/talkpal.ai\/wp-content\/uploads\/2024\/03\/Talkpal-Logo-Icon.png\",\"width\":2880,\"height\":2880,\"caption\":\"Talkpal, Inc.\"},\"image\":{\"@id\":\"https:\/\/talkpal.ai\/ro\/#\/schema\/logo\/image\/\"},\"sameAs\":[\"https:\/\/www.facebook.com\/profile.php?id=100090733639311\",\"https:\/\/x.com\/talkpalai\",\"https:\/\/www.linkedin.com\/company\/talkpal\/\",\"https:\/\/www.youtube.com\/@TalkPal\/\",\"https:\/\/www.tiktok.com\/@talkpal\",\"https:\/\/www.instagram.com\/talkpal_ai\/\",\"https:\/\/www.crunchbase.com\/organization\/talkpal-9cde\",\"https:\/\/www.g2.com\/products\/talkpal-for-business\/\",\"https:\/\/www.trustpilot.com\/review\/talkpal.ai\",\"https:\/\/www.capterra.com\/p\/10006800\/TalkPal\/\"],\"description\":\"Talkpal is a language learning web and mobile education app, powered by the latest AI technologies, that provides engaging experiences to its customers in many different languages to help them improve their language skills. Users can chat about unlimited amount of topics with the app and use other modes to practice their language learning.\",\"email\":\"support@talkpal.ai\",\"legalName\":\"Talkpal, Inc.\",\"foundingDate\":\"2023-04-03\",\"duns\":\"118989042\",\"numberOfEmployees\":{\"@type\":\"QuantitativeValue\",\"minValue\":\"11\",\"maxValue\":\"50\"},\"publishingPrinciples\":\"https:\/\/talkpal.ai\/publishing-principles\/\",\"actionableFeedbackPolicy\":\"https:\/\/talkpal.ai\/actionable-feedback-policy\/\",\"correctionsPolicy\":\"https:\/\/talkpal.ai\/corrections-policy\/\",\"ethicsPolicy\":\"https:\/\/talkpal.ai\/ethics-policy\/\",\"diversityPolicy\":\"https:\/\/talkpal.ai\/diversity-policy\/\",\"diversityStaffingReport\":\"https:\/\/talkpal.ai\/diversity-policy\/\"}]}<\/script>\n<!-- \/ Yoast SEO Premium plugin. -->","yoast_head_json":{"title":"Gramatica bulgar\u0103 - Talkpal","description":"Explora\u021bi elementele esen\u021biale ale gramaticii bulgare pentru o mai bun\u0103 \u00een\u021belegere a limbii \u0219i abilit\u0103\u021bi de comunicare.","robots":{"index":"index","follow":"follow","max-snippet":"max-snippet:-1","max-image-preview":"max-image-preview:large","max-video-preview":"max-video-preview:-1"},"canonical":"https:\/\/talkpal.ai\/ro\/gramatica-bulgara\/","og_locale":"ro_RO","og_type":"article","og_title":"Gramatica bulgar\u0103","og_description":"Ghidul final al gramaticii bulgare: navigarea \u00een complexitatea unei limbi bogate Gramatica bulgar\u0103, ca \u0219i limba \u00een sine, este un amestec fascinant de","og_url":"https:\/\/talkpal.ai\/ro\/gramatica-bulgara\/","og_site_name":"Talkpal","article_publisher":"https:\/\/www.facebook.com\/profile.php?id=100090733639311","article_modified_time":"2025-05-22T14:37:37+00:00","og_image":[{"width":512,"height":512,"url":"https:\/\/talkpal.ai\/wp-content\/uploads\/2023\/05\/bulgaria.png","type":"image\/png"}],"twitter_card":"summary_large_image","twitter_site":"@talkpalai","twitter_misc":{"Timp estimat pentru citire":"4 minute"},"schema":{"@context":"https:\/\/schema.org","@graph":[{"@type":"WebPage","@id":"https:\/\/talkpal.ai\/ro\/gramatica-bulgara\/","url":"https:\/\/talkpal.ai\/ro\/gramatica-bulgara\/","name":"Gramatica bulgar\u0103 - Talkpal","isPartOf":{"@id":"https:\/\/talkpal.ai\/ro\/#website"},"primaryImageOfPage":{"@id":"https:\/\/talkpal.ai\/ro\/gramatica-bulgara\/#primaryimage"},"image":{"@id":"https:\/\/talkpal.ai\/ro\/gramatica-bulgara\/#primaryimage"},"thumbnailUrl":"https:\/\/talkpal.ai\/wp-content\/uploads\/2023\/05\/bulgaria.png","datePublished":"2023-05-14T14:00:39+00:00","dateModified":"2025-05-22T14:37:37+00:00","description":"Explora\u021bi elementele esen\u021biale ale gramaticii bulgare pentru o mai bun\u0103 \u00een\u021belegere a limbii \u0219i abilit\u0103\u021bi de comunicare.","breadcrumb":{"@id":"https:\/\/talkpal.ai\/ro\/gramatica-bulgara\/#breadcrumb"},"inLanguage":"ro-RO","potentialAction":[{"@type":"ReadAction","target":["https:\/\/talkpal.ai\/ro\/gramatica-bulgara\/"]}]},{"@type":"ImageObject","inLanguage":"ro-RO","@id":"https:\/\/talkpal.ai\/ro\/gramatica-bulgara\/#primaryimage","url":"https:\/\/talkpal.ai\/wp-content\/uploads\/2023\/05\/bulgaria.png","contentUrl":"https:\/\/talkpal.ai\/wp-content\/uploads\/2023\/05\/bulgaria.png","width":512,"height":512},{"@type":"BreadcrumbList","@id":"https:\/\/talkpal.ai\/ro\/gramatica-bulgara\/#breadcrumb","itemListElement":[{"@type":"ListItem","position":1,"name":"Homepage","item":"https:\/\/talkpal.ai\/ro\/"},{"@type":"ListItem","position":2,"name":"Gramatica bulgar\u0103"}]},{"@type":"WebSite","@id":"https:\/\/talkpal.ai\/ro\/#website","url":"https:\/\/talkpal.ai\/ro\/","name":"Talkpal","description":"AI Language Learning","publisher":{"@id":"https:\/\/talkpal.ai\/ro\/#organization"},"alternateName":"Talkpal AI","potentialAction":[{"@type":"SearchAction","target":{"@type":"EntryPoint","urlTemplate":"https:\/\/talkpal.ai\/ro\/?s={search_term_string}"},"query-input":{"@type":"PropertyValueSpecification","valueRequired":true,"valueName":"search_term_string"}}],"inLanguage":"ro-RO"},{"@type":"Organization","@id":"https:\/\/talkpal.ai\/ro\/#organization","name":"Talkpal, Inc.","alternateName":"Talkpal AI","url":"https:\/\/talkpal.ai\/ro\/","logo":{"@type":"ImageObject","inLanguage":"ro-RO","@id":"https:\/\/talkpal.ai\/ro\/#\/schema\/logo\/image\/","url":"https:\/\/talkpal.ai\/wp-content\/uploads\/2024\/03\/Talkpal-Logo-Icon.png","contentUrl":"https:\/\/talkpal.ai\/wp-content\/uploads\/2024\/03\/Talkpal-Logo-Icon.png","width":2880,"height":2880,"caption":"Talkpal, Inc."},"image":{"@id":"https:\/\/talkpal.ai\/ro\/#\/schema\/logo\/image\/"},"sameAs":["https:\/\/www.facebook.com\/profile.php?id=100090733639311","https:\/\/x.com\/talkpalai","https:\/\/www.linkedin.com\/company\/talkpal\/","https:\/\/www.youtube.com\/@TalkPal\/","https:\/\/www.tiktok.com\/@talkpal","https:\/\/www.instagram.com\/talkpal_ai\/","https:\/\/www.crunchbase.com\/organization\/talkpal-9cde","https:\/\/www.g2.com\/products\/talkpal-for-business\/","https:\/\/www.trustpilot.com\/review\/talkpal.ai","https:\/\/www.capterra.com\/p\/10006800\/TalkPal\/"],"description":"Talkpal is a language learning web and mobile education app, powered by the latest AI technologies, that provides engaging experiences to its customers in many different languages to help them improve their language skills. Users can chat about unlimited amount of topics with the app and use other modes to practice their language learning.","email":"support@talkpal.ai","legalName":"Talkpal, Inc.","foundingDate":"2023-04-03","duns":"118989042","numberOfEmployees":{"@type":"QuantitativeValue","minValue":"11","maxValue":"50"},"publishingPrinciples":"https:\/\/talkpal.ai\/publishing-principles\/","actionableFeedbackPolicy":"https:\/\/talkpal.ai\/actionable-feedback-policy\/","correctionsPolicy":"https:\/\/talkpal.ai\/corrections-policy\/","ethicsPolicy":"https:\/\/talkpal.ai\/ethics-policy\/","diversityPolicy":"https:\/\/talkpal.ai\/diversity-policy\/","diversityStaffingReport":"https:\/\/talkpal.ai\/diversity-policy\/"}]}},"_links":{"self":[{"href":"https:\/\/talkpal.ai\/ro\/wp-json\/wp\/v2\/pages\/141676","targetHints":{"allow":["GET"]}}],"collection":[{"href":"https:\/\/talkpal.ai\/ro\/wp-json\/wp\/v2\/pages"}],"about":[{"href":"https:\/\/talkpal.ai\/ro\/wp-json\/wp\/v2\/types\/page"}],"author":[{"embeddable":true,"href":"https:\/\/talkpal.ai\/ro\/wp-json\/wp\/v2\/users\/1"}],"replies":[{"embeddable":true,"href":"https:\/\/talkpal.ai\/ro\/wp-json\/wp\/v2\/comments?post=141676"}],"version-history":[{"count":0,"href":"https:\/\/talkpal.ai\/ro\/wp-json\/wp\/v2\/pages\/141676\/revisions"}],"wp:featuredmedia":[{"embeddable":true,"href":"https:\/\/talkpal.ai\/ro\/wp-json\/wp\/v2\/media\/111537"}],"wp:attachment":[{"href":"https:\/\/talkpal.ai\/ro\/wp-json\/wp\/v2\/media?parent=141676"}],"curies":[{"name":"wp","href":"https:\/\/api.w.org\/{rel}","templated":true}]}}