{"id":141351,"date":"2023-05-14T14:00:03","date_gmt":"2023-05-14T14:00:03","guid":{"rendered":"http:\/\/talkpal.ai\/gramatica-bosniaca\/"},"modified":"2025-05-22T14:40:45","modified_gmt":"2025-05-22T14:40:45","slug":"gramatica-bosniaca","status":"publish","type":"page","link":"https:\/\/talkpal.ai\/ro\/gramatica-bosniaca\/","title":{"rendered":"Gramatica bosniac\u0103"},"content":{"rendered":"\r\n\r\n\r\n<section class=\"languageChallengeSection\">\r\n    <div class=\"languageInfoWrapper\">\r\n        \r\n        <h1>Gramatica bosniac\u0103<\/h1>\r\n        <p>Descoperi\u021bi lumea bogat\u0103 \u0219i expresiv\u0103 a limbii bosniace prin st\u0103p\u00e2nirea elementelor gramaticale esen\u021biale. O cunoa\u0219tere solid\u0103 a gramaticii bosniace v\u0103 va ajuta s\u0103 comunica\u021bi cu \u00eencredere \u0219i s\u0103 aprecia\u021bi cultura mai profund. \u00cencepe\u021bi ast\u0103zi s\u0103 \u00eenv\u0103\u021ba\u021bi <a href=\"https:\/\/talkpal.ai\/bosnian-grammar\/\">gramatica bosniac\u0103<\/a> \u0219i face\u021bi primul pas spre fluen\u021b\u0103!<\/p>\r\n\r\n                            <a class=\"getStartedHidden\" href=\"https:\/\/app.talkpal.ai\/ro\/signup?lng=\">\u00cencepe<\/a>\r\n        \r\n    <\/div>\r\n\r\n    <figure>\r\n    <img decoding=\"async\" width=\"768\" height=\"768\" src=\"https:\/\/talkpal.ai\/wp-content\/uploads\/2023\/06\/bosinian-768x768.png\" class=\"languageImage no-lazy\" alt=\"Language learning for increasing employability\" fetchpriority=\"high\" sizes=\"(max-width: 768px) 150px, 768px\" srcset=\"https:\/\/talkpal.ai\/wp-content\/uploads\/2023\/06\/bosinian-768x768.png 768w, https:\/\/talkpal.ai\/wp-content\/uploads\/2023\/06\/bosinian-300x300.png 300w\" \/>\r\n    \r\n\r\n    <\/figure>\r\n\r\n            <a class=\"getStartedVisible\" href=\"https:\/\/app.talkpal.ai\/ro\/signup?lng=\">\u00cencepe<\/a>\r\n    \r\n<\/section>\r\n<section class=\"promotionalBanner\">\r\n    <p class=\"promotionalText\">Cel mai eficient mod de a \u00eenv\u0103\u021ba o limb\u0103<\/p>\r\n    <a class=\"promotionalLink\" href=\"https:\/\/app.talkpal.ai\/ro\/signup?lng=\">\u00cencerca\u021bi Talkpal gratuit<\/a>\r\n<\/section>\n<div class=\"wp-block-group pageContainerStyle\"><div class=\"wp-block-group__inner-container is-layout-constrained wp-block-group-is-layout-constrained\">\n<h2 class=\"wp-block-heading\" id=\"h-bosnian-grammar-a-guide-to-understanding-its-unique-features\">Gramatica bosniac\u0103: un ghid pentru \u00een\u021belegerea caracteristicilor sale unice<\/h2>\n\n\n\n<p>\u00cenv\u0103\u021ba\u021bi limba bosniac\u0103 \u0219i sunte\u021bi nedumerit de gramatica acestei limbi? Nu v\u0103 teme\u021bi! \u00cen acest articol, ne vom scufunda \u00een misterele gramaticii bosniace \u0219i v\u0103 vom ajuta s\u0103 \u00een\u021belege\u021bi caracteristicile <a href=\"https:\/\/talkpal.ai\/locations\/learn-english-in-sale\/\">sale<\/a> unice, totul p\u0103str\u00e2nd \u00een acela\u0219i timp simplitatea \u0219i atractivitatea. Sunte\u021bi gata s\u0103 porni\u021bi \u00een aceast\u0103 c\u0103l\u0103torie lingvistic\u0103 interesant\u0103? S\u0103 \u00eencepem!<\/p>\n\n\n\n<h3 class=\"wp-block-heading\" id=\"h-the-fundamentals-nouns-and-pronouns\">Fundamentele: substantive \u0219i pronume<\/h3>\n\n\n\n<p>\u00cen primul r\u00e2nd, este esen\u021bial s\u0103 \u0219tim c\u0103 bosniaca, ca \u0219i alte limbi slave, are trei genuri gramaticale: masculin, feminin \u0219i neutru. Cum v\u0103 pute\u021bi da seama c\u0103rui gen apar\u021bine un substantiv? Asta e u\u0219or! Totul se rezum\u0103 la final. Iat\u0103 un ghid rapid:<\/p>\n\n\n\n<p><strong>&#8211; Substantivele masculine se termin\u0103 de obicei cu o consoan\u0103,<\/strong><\/p>\n\n\n\n<p><strong>&#8211; Substantivele feminine se termin\u0103 de obicei \u00een -a,<\/strong><\/p>\n\n\n\n<p><strong>&#8211; Substantivele neutre se termin\u0103 cel mai adesea \u00een -o sau -e.<\/strong><\/p>\n\n\n\n<p>Re\u021bine\u021bi c\u0103 acestea sunt reguli generale \u0219i pot exista excep\u021bii. Acum s\u0103 vorbim despre pronume. Pronumele personale \u00een bosniac\u0103 se schimb\u0103 \u00een func\u021bie de genul substantivului, num\u0103r (singular sau plural) \u0219i caz (mai multe despre cazuri mai t\u00e2rziu). Exist\u0103 \u0219apte pronume personale \u00een bosniac\u0103: ja (I), ti (tu, singular\/informal), on (el), ona (ea), <a href=\"https:\/\/talkpal.ai\/locations\/language-courses-in-ono\/\">ono<\/a> (ea), mi (noi) \u0219i vi (tu, plural\/formal). Aminti\u021bi-v\u0103 c\u0103 bosniaca are at\u00e2t un mod informal, c\u00e2t \u0219i formal de a se adresa oamenilor &#8211; a\u0219a c\u0103 asigura\u021bi-v\u0103 c\u0103 utiliza\u021bi pronumele corect atunci c\u00e2nd vorbi\u021bi cu cineva!<\/p>\n\n\n\n<h3 class=\"wp-block-heading\" id=\"h-next-up-verb-conjugation\">Urm\u0103torul: Conjugarea verbelor<\/h3>\n\n\n\n<p>Verbele sunt coloana vertebral\u0103 a oric\u0103rei limbi, iar bosniaca nu este diferit\u0103. Verbele bosniace au dou\u0103 modele principale de conjugare: unul pentru verbele care se termin\u0103 \u00een -ti (prima conjugare) \u0219i altul pentru cele care se termin\u0103 \u00een -\u0107i (a doua conjugare). \u00cen ambele cazuri, termina\u021biile verbelor se schimb\u0103 \u00een func\u021bie de genul, num\u0103rul \u0219i timpul subiectului.<\/p>\n\n\n\n<p>Vorbind despre timpuri, bosniaca are trei timpuri simple: prezent, trecut \u0219i viitor. Timpul prezent se formeaz\u0103 prin ad\u0103ugarea de termina\u021bii specifice la tulpina verbului. Pe de alt\u0103 parte, timpul trecut se formeaz\u0103 cu ajutorul verbului auxiliar &#8222;biti&#8221; (a fi) la infinitivul &#8222;bio&#8221; \u0219i participiul trecut. \u00cen cele din urm\u0103, timpul viitor este creat prin combinarea verbului auxiliar &#8222;htjeti&#8221; (va) \u0219i a formei infinitive a verbului principal.<\/p>\n\n\n\n<h3 class=\"wp-block-heading\" id=\"h-the-magic-of-cases\">Magia cazurilor<\/h3>\n\n\n\n<p>Gramatica bosniac\u0103 folose\u0219te un sistem de cazuri, ceea ce \u00eenseamn\u0103 c\u0103 substantivele, pronumele, adjectivele \u0219i uneori chiar verbele \u00ee\u0219i schimb\u0103 formele \u00een func\u021bie de func\u021bia lor \u00eentr-o propozi\u021bie. Exist\u0103 \u0219apte cazuri \u00een bosniac\u0103: nominativ, genitiv, dativ, acuzativ, vocativ, instrumental \u0219i locativ.<\/p>\n\n\n\n<p>Acum, nu v\u0103 l\u0103sa\u021bi intimidat de ace\u0219ti termeni! Este doar o chestiune de practic\u0103. Fiecare caz serve\u0219te unui anumit scop \u0219i r\u0103spunde la \u00eentreb\u0103ri specifice:<\/p>\n\n\n\n<p><strong>1. Nominalizativ:<\/strong> Subiectul propozi\u021biei. Cine sau ce face ac\u021biunea?<\/p>\n\n\n\n<p><strong>2. Genitiv:<\/strong> Indic\u0103 posesia, originea sau o parte din ceva. A cui sau a ce?<\/p>\n\n\n\n<p><strong>3. Dativ:<\/strong> Obiectul indirect \u2013 cui sau pentru cine se d\u0103 sau se face ceva?<\/p>\n\n\n\n<p><strong>4. Acuzativ:<\/strong> Obiectul direct \u2013 cine sau ce prime\u0219te ac\u021biunea?<\/p>\n\n\n\n<p><strong>5. Vocativ:<\/strong> Folosit pentru a se adresa direct cuiva sau ceva &#8211; Hei, tu!<\/p>\n\n\n\n<p><strong>6. Instrumental:<\/strong> Reprezint\u0103 mijlocul sau metoda ac\u021biunii \u2013 cu ce sau de c\u0103tre cine?<\/p>\n\n\n\n<p><strong>7. Locativ:<\/strong> Demonstreaz\u0103 loca\u021bia sau pozi\u021bia a ceva \u2013 unde sau la ce?<\/p>\n\n\n\n<h3 class=\"wp-block-heading\" id=\"h-loving-the-adjectives\">Iubind adjectivele<\/h3>\n\n\n\n<p>Adjectivele \u00een bosniac\u0103 sunt de acord cu substantivul <a href=\"https:\/\/talkpal.ai\/culture\/how-do-i-use-pe-care-correctly\/\">pe care<\/a> \u00eel modific\u0103 \u00een termeni de gen, num\u0103r \u0219i caz. Aceasta \u00eenseamn\u0103 c\u0103 adjectivele, la fel ca substantivele \u0219i pronumele, au forme diferite \u00een func\u021bie de substantivul pe care \u00eel descriu.<\/p>\n\n\n\n<p>De exemplu, dac\u0103 dori\u021bi s\u0103 spune\u021bi &#8222;cas\u0103 mare&#8221; \u00een bosniac\u0103 (care este un substantiv feminin), ve\u021bi spune &#8222;velika ku\u0107a&#8221;. Totu\u0219i, dac\u0103 este vorba despre o &#8222;ma\u0219in\u0103 mare&#8221; (substantiv masculin), se spune &#8222;veliki auto&#8221;.<\/p>\n\n\n\n<h3 class=\"wp-block-heading\" id=\"h-final-thoughts\">G\u00e2nduri finale<\/h3>\n\n\n\n<p>Gramatica bosniac\u0103, cu genul, cazurile \u0219i conjugarea verbelor, poate p\u0103rea complex\u0103 ini\u021bial, dar aminti\u021bi-v\u0103: practica face perfect! Totul const\u0103 \u00een \u00een\u021belegerea sistemului \u0219i \u00een utilizarea lui \u00een situa\u021bii reale. Ave\u021bi r\u0103bdare, continua\u021bi s\u0103 exersa\u021bi \u0219i, \u00een cur\u00e2nd, ve\u021bi ajunge s\u0103 st\u0103p\u00e2ni\u021bi frumoasa limb\u0103 a Bosniei. Sretno! (Mult noroc!)<\/p>\n<\/div><\/div>\n\r\n<section class=\"learnNavigationSection\">\r\n            \r\n        <a href=\"https:\/\/talkpal.ai\/ro\/invata-bosniaca\/\">\r\n            <div class=\"learnNavigationWrapper\">\r\n                <div class=\"learnNavigationContent\">\r\n                    <img decoding=\"async\" src=\"https:\/\/talkpal.ai\/wp-content\/uploads\/2024\/08\/Bosnian.jpg\" alt=\"Bosnian Flag\">\r\n                    <div>\r\n                        <h4>Despre \u00eenv\u0103\u021barea bosniac\u0103<\/h4>\r\n                        <p>Afla\u021bi totul despre gramatica bosniac\u0103 .<\/p>\r\n                    <\/div>\r\n                <\/div>\r\n            <\/div>\r\n        <\/a>\r\n\r\n        \r\n        <a href=\"https:\/\/talkpal.ai\/ro\/exercitii-de-gramatica-bosniaca\/\">\r\n            <div class=\"learnNavigationWrapper\">\r\n                <div class=\"learnNavigationContent\">\r\n                    <img decoding=\"async\" src=\"https:\/\/talkpal.ai\/wp-content\/uploads\/2024\/08\/Bosnian.jpg\" alt=\"Bosnian Flag\">\r\n                    <div>\r\n                        <h4>Exerci\u021biu de gramatic\u0103 bosniac\u0103<\/h4>\r\n                        <p>Exersa\u021bi gramatica bosniac\u0103.<\/p>\r\n                    <\/div>\r\n                <\/div>\r\n            <\/div>\r\n        <\/a>\r\n\r\n        \r\n        <a href=\"https:\/\/talkpal.ai\/vocabulary_language\/bosnian\/\">\r\n            <div class=\"learnNavigationWrapper\">\r\n                <div class=\"learnNavigationContent\">\r\n                    <img decoding=\"async\" src=\"https:\/\/talkpal.ai\/wp-content\/uploads\/2024\/08\/Bosnian.jpg\" alt=\"Bosnian Flag\">\r\n                    <div>\r\n                        <h4>Vocabular bosniac<\/h4>\r\n                        <p>Extinde\u021bi-v\u0103 vocabularul bosniac.<\/p>\r\n                    <\/div>\r\n                <\/div>\r\n            <\/div>\r\n        <\/a>\r\n\r\n            <\/section>","protected":false},"excerpt":{"rendered":"<p>Gramatica bosniac\u0103: un ghid pentru \u00een\u021belegerea caracteristicilor sale unice \u00cenv\u0103\u021ba\u021bi limba bosniac\u0103 \u0219i sunte\u021bi nedumerit de gramatica acestei limbi? Nu v\u0103 teme\u021bi! \u00cen acest articol, ne vom scufunda \u00een misterele gramaticii bosniace \u0219i v\u0103 vom ajuta s\u0103 \u00een\u021belege\u021bi caracteristicile sale unice, totul p\u0103str\u00e2nd \u00een acela\u0219i timp simplitatea \u0219i atractivitatea. Sunte\u021bi gata s\u0103 porni\u021bi \u00een aceast\u0103 [&hellip;]<\/p>\n","protected":false},"author":1,"featured_media":111529,"parent":0,"menu_order":0,"comment_status":"closed","ping_status":"closed","template":"LearningContentPage.php","meta":{"_acf_changed":false,"footnotes":""},"class_list":["post-141351","page","type-page","status-publish","has-post-thumbnail","hentry"],"acf":[],"yoast_head":"<!-- This site is optimized with the Yoast SEO Premium plugin v27.2 (Yoast SEO v27.2) - https:\/\/yoast.com\/product\/yoast-seo-premium-wordpress\/ -->\n<title>Gramatica bosniac\u0103 - Talkpal<\/title>\n<meta name=\"description\" content=\"St\u0103p\u00e2ne\u0219te gramatica bosniac\u0103 f\u0103r\u0103 efort cu Talkpal, tutorele t\u0103u lingvistic bazat pe inteligen\u021b\u0103 artificial\u0103. Descoperi\u021bi explica\u021bii simple, sfaturi practice \u0219i exerci\u021bii interactive!\" \/>\n<meta name=\"robots\" content=\"index, follow, max-snippet:-1, max-image-preview:large, max-video-preview:-1\" \/>\n<link rel=\"canonical\" href=\"https:\/\/talkpal.ai\/ro\/gramatica-bosniaca\/\" \/>\n<meta property=\"og:locale\" content=\"ro_RO\" \/>\n<meta property=\"og:type\" content=\"article\" \/>\n<meta property=\"og:title\" content=\"Gramatica bosniac\u0103\" \/>\n<meta property=\"og:description\" content=\"Gramatica bosniac\u0103: un ghid pentru \u00een\u021belegerea caracteristicilor sale unice \u00cenv\u0103\u021ba\u021bi limba bosniac\u0103 \u0219i sunte\u021bi nedumerit de gramatica acestei limbi? Nu v\u0103\" \/>\n<meta property=\"og:url\" content=\"https:\/\/talkpal.ai\/ro\/gramatica-bosniaca\/\" \/>\n<meta property=\"og:site_name\" content=\"Talkpal\" \/>\n<meta property=\"article:publisher\" content=\"https:\/\/www.facebook.com\/profile.php?id=100090733639311\" \/>\n<meta property=\"article:modified_time\" content=\"2025-05-22T14:40:45+00:00\" \/>\n<meta property=\"og:image\" content=\"https:\/\/talkpal.ai\/wp-content\/uploads\/2023\/05\/bosnia-and-herzegovina.png\" \/>\n\t<meta property=\"og:image:width\" content=\"512\" \/>\n\t<meta property=\"og:image:height\" content=\"512\" \/>\n\t<meta property=\"og:image:type\" content=\"image\/png\" \/>\n<meta name=\"twitter:card\" content=\"summary_large_image\" \/>\n<meta name=\"twitter:site\" content=\"@talkpalai\" \/>\n<meta name=\"twitter:label1\" content=\"Timp estimat pentru citire\" \/>\n\t<meta name=\"twitter:data1\" content=\"4 minute\" \/>\n<script type=\"application\/ld+json\" class=\"yoast-schema-graph\">{\"@context\":\"https:\/\/schema.org\",\"@graph\":[{\"@type\":\"WebPage\",\"@id\":\"https:\/\/talkpal.ai\/ro\/gramatica-bosniaca\/\",\"url\":\"https:\/\/talkpal.ai\/ro\/gramatica-bosniaca\/\",\"name\":\"Gramatica bosniac\u0103 - Talkpal\",\"isPartOf\":{\"@id\":\"https:\/\/talkpal.ai\/ro\/#website\"},\"primaryImageOfPage\":{\"@id\":\"https:\/\/talkpal.ai\/ro\/gramatica-bosniaca\/#primaryimage\"},\"image\":{\"@id\":\"https:\/\/talkpal.ai\/ro\/gramatica-bosniaca\/#primaryimage\"},\"thumbnailUrl\":\"https:\/\/talkpal.ai\/wp-content\/uploads\/2023\/05\/bosnia-and-herzegovina.png\",\"datePublished\":\"2023-05-14T14:00:03+00:00\",\"dateModified\":\"2025-05-22T14:40:45+00:00\",\"description\":\"St\u0103p\u00e2ne\u0219te gramatica bosniac\u0103 f\u0103r\u0103 efort cu Talkpal, tutorele t\u0103u lingvistic bazat pe inteligen\u021b\u0103 artificial\u0103. Descoperi\u021bi explica\u021bii simple, sfaturi practice \u0219i exerci\u021bii interactive!\",\"breadcrumb\":{\"@id\":\"https:\/\/talkpal.ai\/ro\/gramatica-bosniaca\/#breadcrumb\"},\"inLanguage\":\"ro-RO\",\"potentialAction\":[{\"@type\":\"ReadAction\",\"target\":[\"https:\/\/talkpal.ai\/ro\/gramatica-bosniaca\/\"]}]},{\"@type\":\"ImageObject\",\"inLanguage\":\"ro-RO\",\"@id\":\"https:\/\/talkpal.ai\/ro\/gramatica-bosniaca\/#primaryimage\",\"url\":\"https:\/\/talkpal.ai\/wp-content\/uploads\/2023\/05\/bosnia-and-herzegovina.png\",\"contentUrl\":\"https:\/\/talkpal.ai\/wp-content\/uploads\/2023\/05\/bosnia-and-herzegovina.png\",\"width\":512,\"height\":512},{\"@type\":\"BreadcrumbList\",\"@id\":\"https:\/\/talkpal.ai\/ro\/gramatica-bosniaca\/#breadcrumb\",\"itemListElement\":[{\"@type\":\"ListItem\",\"position\":1,\"name\":\"Homepage\",\"item\":\"https:\/\/talkpal.ai\/ro\/\"},{\"@type\":\"ListItem\",\"position\":2,\"name\":\"Gramatica bosniac\u0103\"}]},{\"@type\":\"WebSite\",\"@id\":\"https:\/\/talkpal.ai\/ro\/#website\",\"url\":\"https:\/\/talkpal.ai\/ro\/\",\"name\":\"Talkpal\",\"description\":\"AI Language Learning\",\"publisher\":{\"@id\":\"https:\/\/talkpal.ai\/ro\/#organization\"},\"alternateName\":\"Talkpal AI\",\"potentialAction\":[{\"@type\":\"SearchAction\",\"target\":{\"@type\":\"EntryPoint\",\"urlTemplate\":\"https:\/\/talkpal.ai\/ro\/?s={search_term_string}\"},\"query-input\":{\"@type\":\"PropertyValueSpecification\",\"valueRequired\":true,\"valueName\":\"search_term_string\"}}],\"inLanguage\":\"ro-RO\"},{\"@type\":\"Organization\",\"@id\":\"https:\/\/talkpal.ai\/ro\/#organization\",\"name\":\"Talkpal, Inc.\",\"alternateName\":\"Talkpal AI\",\"url\":\"https:\/\/talkpal.ai\/ro\/\",\"logo\":{\"@type\":\"ImageObject\",\"inLanguage\":\"ro-RO\",\"@id\":\"https:\/\/talkpal.ai\/ro\/#\/schema\/logo\/image\/\",\"url\":\"https:\/\/talkpal.ai\/wp-content\/uploads\/2024\/03\/Talkpal-Logo-Icon.png\",\"contentUrl\":\"https:\/\/talkpal.ai\/wp-content\/uploads\/2024\/03\/Talkpal-Logo-Icon.png\",\"width\":2880,\"height\":2880,\"caption\":\"Talkpal, Inc.\"},\"image\":{\"@id\":\"https:\/\/talkpal.ai\/ro\/#\/schema\/logo\/image\/\"},\"sameAs\":[\"https:\/\/www.facebook.com\/profile.php?id=100090733639311\",\"https:\/\/x.com\/talkpalai\",\"https:\/\/www.linkedin.com\/company\/talkpal\/\",\"https:\/\/www.youtube.com\/@TalkPal\/\",\"https:\/\/www.tiktok.com\/@talkpal\",\"https:\/\/www.instagram.com\/talkpal_ai\/\",\"https:\/\/www.crunchbase.com\/organization\/talkpal-9cde\",\"https:\/\/www.g2.com\/products\/talkpal-for-business\/\",\"https:\/\/www.trustpilot.com\/review\/talkpal.ai\",\"https:\/\/www.capterra.com\/p\/10006800\/TalkPal\/\"],\"description\":\"Talkpal is a language learning web and mobile education app, powered by the latest AI technologies, that provides engaging experiences to its customers in many different languages to help them improve their language skills. Users can chat about unlimited amount of topics with the app and use other modes to practice their language learning.\",\"email\":\"support@talkpal.ai\",\"legalName\":\"Talkpal, Inc.\",\"foundingDate\":\"2023-04-03\",\"duns\":\"118989042\",\"numberOfEmployees\":{\"@type\":\"QuantitativeValue\",\"minValue\":\"11\",\"maxValue\":\"50\"},\"publishingPrinciples\":\"https:\/\/talkpal.ai\/publishing-principles\/\",\"actionableFeedbackPolicy\":\"https:\/\/talkpal.ai\/actionable-feedback-policy\/\",\"correctionsPolicy\":\"https:\/\/talkpal.ai\/corrections-policy\/\",\"ethicsPolicy\":\"https:\/\/talkpal.ai\/ethics-policy\/\",\"diversityPolicy\":\"https:\/\/talkpal.ai\/diversity-policy\/\",\"diversityStaffingReport\":\"https:\/\/talkpal.ai\/diversity-policy\/\"}]}<\/script>\n<!-- \/ Yoast SEO Premium plugin. -->","yoast_head_json":{"title":"Gramatica bosniac\u0103 - Talkpal","description":"St\u0103p\u00e2ne\u0219te gramatica bosniac\u0103 f\u0103r\u0103 efort cu Talkpal, tutorele t\u0103u lingvistic bazat pe inteligen\u021b\u0103 artificial\u0103. Descoperi\u021bi explica\u021bii simple, sfaturi practice \u0219i exerci\u021bii interactive!","robots":{"index":"index","follow":"follow","max-snippet":"max-snippet:-1","max-image-preview":"max-image-preview:large","max-video-preview":"max-video-preview:-1"},"canonical":"https:\/\/talkpal.ai\/ro\/gramatica-bosniaca\/","og_locale":"ro_RO","og_type":"article","og_title":"Gramatica bosniac\u0103","og_description":"Gramatica bosniac\u0103: un ghid pentru \u00een\u021belegerea caracteristicilor sale unice \u00cenv\u0103\u021ba\u021bi limba bosniac\u0103 \u0219i sunte\u021bi nedumerit de gramatica acestei limbi? Nu v\u0103","og_url":"https:\/\/talkpal.ai\/ro\/gramatica-bosniaca\/","og_site_name":"Talkpal","article_publisher":"https:\/\/www.facebook.com\/profile.php?id=100090733639311","article_modified_time":"2025-05-22T14:40:45+00:00","og_image":[{"width":512,"height":512,"url":"https:\/\/talkpal.ai\/wp-content\/uploads\/2023\/05\/bosnia-and-herzegovina.png","type":"image\/png"}],"twitter_card":"summary_large_image","twitter_site":"@talkpalai","twitter_misc":{"Timp estimat pentru citire":"4 minute"},"schema":{"@context":"https:\/\/schema.org","@graph":[{"@type":"WebPage","@id":"https:\/\/talkpal.ai\/ro\/gramatica-bosniaca\/","url":"https:\/\/talkpal.ai\/ro\/gramatica-bosniaca\/","name":"Gramatica bosniac\u0103 - Talkpal","isPartOf":{"@id":"https:\/\/talkpal.ai\/ro\/#website"},"primaryImageOfPage":{"@id":"https:\/\/talkpal.ai\/ro\/gramatica-bosniaca\/#primaryimage"},"image":{"@id":"https:\/\/talkpal.ai\/ro\/gramatica-bosniaca\/#primaryimage"},"thumbnailUrl":"https:\/\/talkpal.ai\/wp-content\/uploads\/2023\/05\/bosnia-and-herzegovina.png","datePublished":"2023-05-14T14:00:03+00:00","dateModified":"2025-05-22T14:40:45+00:00","description":"St\u0103p\u00e2ne\u0219te gramatica bosniac\u0103 f\u0103r\u0103 efort cu Talkpal, tutorele t\u0103u lingvistic bazat pe inteligen\u021b\u0103 artificial\u0103. Descoperi\u021bi explica\u021bii simple, sfaturi practice \u0219i exerci\u021bii interactive!","breadcrumb":{"@id":"https:\/\/talkpal.ai\/ro\/gramatica-bosniaca\/#breadcrumb"},"inLanguage":"ro-RO","potentialAction":[{"@type":"ReadAction","target":["https:\/\/talkpal.ai\/ro\/gramatica-bosniaca\/"]}]},{"@type":"ImageObject","inLanguage":"ro-RO","@id":"https:\/\/talkpal.ai\/ro\/gramatica-bosniaca\/#primaryimage","url":"https:\/\/talkpal.ai\/wp-content\/uploads\/2023\/05\/bosnia-and-herzegovina.png","contentUrl":"https:\/\/talkpal.ai\/wp-content\/uploads\/2023\/05\/bosnia-and-herzegovina.png","width":512,"height":512},{"@type":"BreadcrumbList","@id":"https:\/\/talkpal.ai\/ro\/gramatica-bosniaca\/#breadcrumb","itemListElement":[{"@type":"ListItem","position":1,"name":"Homepage","item":"https:\/\/talkpal.ai\/ro\/"},{"@type":"ListItem","position":2,"name":"Gramatica bosniac\u0103"}]},{"@type":"WebSite","@id":"https:\/\/talkpal.ai\/ro\/#website","url":"https:\/\/talkpal.ai\/ro\/","name":"Talkpal","description":"AI Language Learning","publisher":{"@id":"https:\/\/talkpal.ai\/ro\/#organization"},"alternateName":"Talkpal AI","potentialAction":[{"@type":"SearchAction","target":{"@type":"EntryPoint","urlTemplate":"https:\/\/talkpal.ai\/ro\/?s={search_term_string}"},"query-input":{"@type":"PropertyValueSpecification","valueRequired":true,"valueName":"search_term_string"}}],"inLanguage":"ro-RO"},{"@type":"Organization","@id":"https:\/\/talkpal.ai\/ro\/#organization","name":"Talkpal, Inc.","alternateName":"Talkpal AI","url":"https:\/\/talkpal.ai\/ro\/","logo":{"@type":"ImageObject","inLanguage":"ro-RO","@id":"https:\/\/talkpal.ai\/ro\/#\/schema\/logo\/image\/","url":"https:\/\/talkpal.ai\/wp-content\/uploads\/2024\/03\/Talkpal-Logo-Icon.png","contentUrl":"https:\/\/talkpal.ai\/wp-content\/uploads\/2024\/03\/Talkpal-Logo-Icon.png","width":2880,"height":2880,"caption":"Talkpal, Inc."},"image":{"@id":"https:\/\/talkpal.ai\/ro\/#\/schema\/logo\/image\/"},"sameAs":["https:\/\/www.facebook.com\/profile.php?id=100090733639311","https:\/\/x.com\/talkpalai","https:\/\/www.linkedin.com\/company\/talkpal\/","https:\/\/www.youtube.com\/@TalkPal\/","https:\/\/www.tiktok.com\/@talkpal","https:\/\/www.instagram.com\/talkpal_ai\/","https:\/\/www.crunchbase.com\/organization\/talkpal-9cde","https:\/\/www.g2.com\/products\/talkpal-for-business\/","https:\/\/www.trustpilot.com\/review\/talkpal.ai","https:\/\/www.capterra.com\/p\/10006800\/TalkPal\/"],"description":"Talkpal is a language learning web and mobile education app, powered by the latest AI technologies, that provides engaging experiences to its customers in many different languages to help them improve their language skills. Users can chat about unlimited amount of topics with the app and use other modes to practice their language learning.","email":"support@talkpal.ai","legalName":"Talkpal, Inc.","foundingDate":"2023-04-03","duns":"118989042","numberOfEmployees":{"@type":"QuantitativeValue","minValue":"11","maxValue":"50"},"publishingPrinciples":"https:\/\/talkpal.ai\/publishing-principles\/","actionableFeedbackPolicy":"https:\/\/talkpal.ai\/actionable-feedback-policy\/","correctionsPolicy":"https:\/\/talkpal.ai\/corrections-policy\/","ethicsPolicy":"https:\/\/talkpal.ai\/ethics-policy\/","diversityPolicy":"https:\/\/talkpal.ai\/diversity-policy\/","diversityStaffingReport":"https:\/\/talkpal.ai\/diversity-policy\/"}]}},"_links":{"self":[{"href":"https:\/\/talkpal.ai\/ro\/wp-json\/wp\/v2\/pages\/141351","targetHints":{"allow":["GET"]}}],"collection":[{"href":"https:\/\/talkpal.ai\/ro\/wp-json\/wp\/v2\/pages"}],"about":[{"href":"https:\/\/talkpal.ai\/ro\/wp-json\/wp\/v2\/types\/page"}],"author":[{"embeddable":true,"href":"https:\/\/talkpal.ai\/ro\/wp-json\/wp\/v2\/users\/1"}],"replies":[{"embeddable":true,"href":"https:\/\/talkpal.ai\/ro\/wp-json\/wp\/v2\/comments?post=141351"}],"version-history":[{"count":0,"href":"https:\/\/talkpal.ai\/ro\/wp-json\/wp\/v2\/pages\/141351\/revisions"}],"wp:featuredmedia":[{"embeddable":true,"href":"https:\/\/talkpal.ai\/ro\/wp-json\/wp\/v2\/media\/111529"}],"wp:attachment":[{"href":"https:\/\/talkpal.ai\/ro\/wp-json\/wp\/v2\/media?parent=141351"}],"curies":[{"name":"wp","href":"https:\/\/api.w.org\/{rel}","templated":true}]}}