{"id":141100,"date":"2023-05-14T13:59:42","date_gmt":"2023-05-14T13:59:42","guid":{"rendered":"http:\/\/talkpal.ai\/gramatica-belarusa\/"},"modified":"2025-05-22T13:49:15","modified_gmt":"2025-05-22T13:49:15","slug":"gramatica-belarusa","status":"publish","type":"page","link":"https:\/\/talkpal.ai\/ro\/gramatica-belarusa\/","title":{"rendered":"Gramatica belarus\u0103"},"content":{"rendered":"\r\n\r\n\r\n<section class=\"languageChallengeSection\">\r\n    <div class=\"languageInfoWrapper\">\r\n        \r\n        <h1>Gramatica belarus\u0103<\/h1>\r\n        <p>Descoperi\u021bi frumuse\u021bea \u0219i bog\u0103\u021bia limbii belaruse prin \u00eenv\u0103\u021barea regulilor sale gramaticale fundamentale. O \u00een\u021belegere solid\u0103 a gramaticii bieloruse v\u0103 va ajuta s\u0103 comunica\u021bi cu \u00eencredere \u0219i s\u0103 v\u0103 conecta\u021bi cu cultura bielorus\u0103. Intr\u0103 acum \u0219i \u00eencepe-\u021bi c\u0103l\u0103toria de a st\u0103p\u00e2ni bielorusa ast\u0103zi!<\/p>\r\n\r\n                            <a class=\"getStartedHidden\" href=\"https:\/\/app.talkpal.ai\/ro\/signup?lng=\">\u00cencepe<\/a>\r\n        \r\n    <\/div>\r\n\r\n    <figure>\r\n    <img decoding=\"async\" width=\"768\" height=\"768\" src=\"https:\/\/talkpal.ai\/wp-content\/uploads\/2023\/06\/belarusian-768x768.png\" class=\"languageImage no-lazy\" alt=\"Language learning for academic excellence\" fetchpriority=\"high\" sizes=\"(max-width: 768px) 150px, 768px\" srcset=\"https:\/\/talkpal.ai\/wp-content\/uploads\/2023\/06\/belarusian-768x768.png 768w, https:\/\/talkpal.ai\/wp-content\/uploads\/2023\/06\/belarusian-300x300.png 300w\" \/>\r\n    \r\n\r\n    <\/figure>\r\n\r\n            <a class=\"getStartedVisible\" href=\"https:\/\/app.talkpal.ai\/ro\/signup?lng=\">\u00cencepe<\/a>\r\n    \r\n<\/section>\r\n<section class=\"promotionalBanner\">\r\n    <p class=\"promotionalText\">Cel mai eficient mod de a \u00eenv\u0103\u021ba o limb\u0103<\/p>\r\n    <a class=\"promotionalLink\" href=\"https:\/\/app.talkpal.ai\/ro\/signup?lng=\">\u00cencerca\u021bi Talkpal gratuit<\/a>\r\n<\/section>\n<div class=\"wp-block-group pageContainerStyle\"><div class=\"wp-block-group__inner-container is-layout-constrained wp-block-group-is-layout-constrained\">\n<h2 class=\"wp-block-heading\" id=\"h-belarusian-grammar-a-closer-look-at-the-slavic-language-s-intricacies\">Gramatica bielorus\u0103: O privire mai atent\u0103 la complexitatea limbii slave<\/h2>\n\n\n\n<p>E\u0219ti un poliglot aspirant cu o fascina\u021bie pentru limbile slave? Sau poate c\u0103 sunte\u021bi doar curios de complexitatea gramatical\u0103 a limbilor din aceast\u0103 regiune interesant\u0103? Dac\u0103 da, pune-\u021bi centura! \u00cen acest articol, vom explora minunata lume a gramaticii bieloruse, un membru mai pu\u021bin cunoscut, dar fascinant al familiei de limbi slave.<\/p>\n\n\n\n<p>S\u0103 ne arunc\u0103m, da?<\/p>\n\n\n\n<h3 class=\"wp-block-heading\" id=\"h-first-things-first-what-is-belarusian\">S\u0103 \u00eencepem cu \u00eenceputul: Ce este belarus\u0103?<\/h3>\n\n\n\n<p>Bielorusa este limba oficial\u0103 a Belarusului, o \u021bar\u0103 f\u0103r\u0103 ie\u0219ire la mare situat\u0103 \u00een Europa de Est \u00eentre <a href=\"https:\/\/talkpal.ai\/learn-russian\/\">Rusia<\/a>, Ucraina, Polonia, Lituania \u0219i Letonia. Cu aproximativ 7,9 milioane de vorbitori, bielorusa are un farmec \u00eendr\u0103git at\u00e2t pentru lingvi\u0219ti, c\u00e2t \u0219i pentru pasiona\u021bii de <a href=\"https:\/\/talkpal.ai\/ro\/tutor-de-limbi-straine\/\">limbi str\u0103ine<\/a>. Ca limb\u0103 slav\u0103, bielorusa posed\u0103 multe asem\u0103n\u0103ri cu rusa, ucraineana \u0219i poloneza; Cu toate acestea, \u00eembr\u0103\u021bi\u0219eaz\u0103 \u0219i propriile caracteristici unice care \u00eel diferen\u021biaz\u0103 de fra\u021bii s\u0103i.<\/p>\n\n\n\n<h3 class=\"wp-block-heading\" id=\"h-the-building-blocks-nouns-pronouns-and-cases\">Blocurile de construc\u021bie: substantive, pronume \u0219i cazuri<\/h3>\n\n\n\n<p>Ca \u0219i alte limbi slave, gramatica <a href=\"https:\/\/talkpal.ai\/learn-belarusian\/\">belarus\u0103<\/a> se \u00eenv\u00e2rte \u00een jurul flexiunii cuvintelor. Aceasta \u00eenseamn\u0103 c\u0103 termina\u021biile cuvintelor se schimb\u0103 \u00een func\u021bie de func\u021bia lor gramatical\u0103 \u00eentr-o propozi\u021bie. Acest lucru este cel mai evident \u00een cazul substantivelor, pronumelor \u0219i adjectivelor atunci c\u00e2nd sunt folosite \u00een cazuri diferite. <a href=\"https:\/\/talkpal.ai\/learn-belarusian\/\">Belarusian<\/a> are \u0219ase cazuri, care sunt dup\u0103 cum urmeaz\u0103:<\/p>\n\n\n\n<p><strong>1. Nominativ &#8211; indic\u0103 subiectul unei propozi\u021bii<\/strong><\/p>\n\n\n\n<p><strong>2. Genitiv &#8211; arat\u0103 posesia sau obiectul nega\u021biei<\/strong><\/p>\n\n\n\n<p><strong>3. Dativul &#8211; marcheaz\u0103 obiectul indirect al unei propozi\u021bii<\/strong><\/p>\n\n\n\n<p><strong>4. Acuzativ &#8211; semnific\u0103 obiectul direct al unei propozi\u021bii<\/strong><\/p>\n\n\n\n<p><strong>5. Instrumental &#8211; exprim\u0103 mijloacele sau metoda prin care se realizeaz\u0103 o ac\u021biune<\/strong><\/p>\n\n\n\n<p><strong>6. Prepozi\u021bional sau locativ &#8211; specific\u0103 loca\u021bia sau obiectul prepozi\u021biilor<\/strong><\/p>\n\n\n\n<p>\u00cen plus fa\u021b\u0103 de cazuri, substantivele belaruse au, de asemenea, trei genuri (masculin, feminin \u0219i neutru) \u0219i dou\u0103 numere (singular \u0219i plural). Fiecare combina\u021bie de gen \u0219i num\u0103r are termina\u021bii specifice \u00een fiecare caz, ceea ce face crucial\u0103 memorarea acestora pentru a construi propozi\u021bii corecte din punct de vedere gramatical.<\/p>\n\n\n\n<h3 class=\"wp-block-heading\" id=\"h-let-s-talk-verbs-tenses-aspects-and-moods\">S\u0103 vorbim despre verbe: Timpuri, aspecte \u0219i st\u0103ri de spirit<\/h3>\n\n\n\n<p>Verbele bieloruse sunt minunat de complexe, pline de nuan\u021be \u0219i complexitate. Ele au trei timpuri (trecut, prezent \u0219i viitor), dou\u0103 aspecte (perfectiv \u0219i imperfectiv), precum \u0219i trei st\u0103ri (indicativ, <a href=\"https:\/\/talkpal.ai\/ja\/grammar_exercises\/imperatif-%e3%83%95%e3%83%a9%e3%83%b3%e3%82%b9%e3%81%ae%e6%96%87%e6%b3%95%e3%81%ae%e3%81%9f%e3%82%81%e3%81%ae%e6%bc%94%e7%bf%92\/\">imperativ<\/a> \u0219i condi\u021bionat). Ceea ce face ca verbele belaruse s\u0103 ias\u0103 \u00een eviden\u021b\u0103 fa\u021b\u0103 de alte limbi slave este utilizarea lor extensiv\u0103 a aspectului.<\/p>\n\n\n\n<p>Aspectul se refer\u0103 la faptul dac\u0103 o ac\u021biune este v\u0103zut\u0103 ca finalizat\u0103 (perfectiv\u0103) sau continu\u0103 (imperfectiv\u0103). Multe verbe vin \u00een perechi care indic\u0103 diferitele aspecte, adesea folosind un prefix sau un sufix unic. St\u0103p\u00e2nirea aspectului este esen\u021bial\u0103 pentru a \u00een\u021belege subtilit\u0103\u021bile limbii belaruse.<\/p>\n\n\n\n<h3 class=\"wp-block-heading\" id=\"h-adjectives-adverbs-and-other-delights\">Adjective, adverbe \u0219i alte delicii<\/h3>\n\n\n\n<p>Adjectivele belaruse sunt de acord cu substantivele <a href=\"https:\/\/talkpal.ai\/culture\/how-do-i-use-pe-care-correctly\/\">pe care<\/a> le modific\u0103 \u00een termeni de gen, num\u0103r \u0219i caz. Ele au, de asemenea, <a href=\"https:\/\/talkpal.ai\/hi\/grammar_exercises\/forme-comparative-%e0%a4%87%e0%a4%a4%e0%a4%be%e0%a4%b2%e0%a4%b5%e0%a5%80-%e0%a4%b5%e0%a5%8d%e0%a4%af%e0%a4%be%e0%a4%95%e0%a4%b0%e0%a4%a3-%e0%a4%95%e0%a5%87-%e0%a4%b2%e0%a4%bf%e0%a4%8f-%e0%a4%b5\/\">forme comparative<\/a> \u0219i superlative pentru a exprima diferite grade de calit\u0103\u021bi. \u00cen plus, multe adverbe sunt derivate din adjective prin simpla ad\u0103ugare a sufixului &#8222;-\u0430&#8221; pentru masculin \u0219i &#8222;-\u044b&#8221; pentru feminin.<\/p>\n\n\n\n<p>Limba belarus\u0103 prezint\u0103, de asemenea, o gam\u0103 fascinant\u0103 de conjunc\u021bii, prepozi\u021bii, cifre \u0219i particule pentru a v\u0103 ajuta s\u0103 crea\u021bi propozi\u021bii elaborate \u0219i expresive. Cu destul\u0103 practic\u0103, ve\u021bi reu\u0219i \u00een cur\u00e2nd s\u0103 v\u0103 \u00eempleti\u021bi cuvintele ca un veritabil bielorus.<\/p>\n\n\n\n<h3 class=\"wp-block-heading\" id=\"h-in-closing-the-magic-of-belarusian-grammar\">\u00cen \u00eencheiere: magia gramaticii bieloruse<\/h3>\n\n\n\n<p>La prima vedere, <a href=\"https:\/\/talkpal.ai\/belarusian-grammar\/\">gramatica belarus\u0103<\/a> poate p\u0103rea descurajant\u0103. Cu toate acestea, pe m\u0103sur\u0103 ce ve\u021bi p\u0103trunde mai ad\u00e2nc \u00een bogata sa tapiserie de cazuri, aspecte \u0219i alte ciud\u0103\u021benii lingvistice, ve\u021bi descoperi un limbaj plin de profunzime, nuan\u021b\u0103 \u0219i expresivitate. \u00cembr\u0103\u021bi\u0219area provoc\u0103rii gramaticii bieloruse nu numai c\u0103 v\u0103 va oferi o mai bun\u0103 \u00een\u021belegere a familiei slave \u00een general, ci v\u0103 va oferi \u0219i acces la o cultur\u0103 frumoas\u0103 \u0219i vibrant\u0103 care v\u0103 a\u0219teapt\u0103 explorarea.<\/p>\n\n\n\n<p>Acum, \u00eenarmat cu o nou\u0103 \u00een\u021belegere a gramaticii bieloruse, de ce s\u0103 nu ne scufund\u0103m mai ad\u00e2nc \u00een aceast\u0103 limb\u0103 fascinant\u0103? Cine \u0219tie &#8211; poate c\u0103 \u00eentr-o zi, v\u0103 ve\u021bi vedea plimb\u00e2ndu-v\u0103 pe str\u0103zile din <a href=\"https:\/\/talkpal.ai\/locations\/language-courses-in-minsk\/\">Minsk<\/a>, discut\u00e2nd f\u0103r\u0103 efort cu localnicii \u00een limba lor matern\u0103. Spor la invatat!<\/p>\n<\/div><\/div>\n\r\n<section class=\"learnNavigationSection\">\r\n            \r\n        <a href=\"https:\/\/talkpal.ai\/ro\/invata-bielorusa\/\">\r\n            <div class=\"learnNavigationWrapper\">\r\n                <div class=\"learnNavigationContent\">\r\n                    <img decoding=\"async\" src=\"https:\/\/talkpal.ai\/wp-content\/uploads\/2024\/08\/Belarusian.jpg\" alt=\"Belarusian Flag\">\r\n                    <div>\r\n                        <h4>Despre Belarusian Learning<\/h4>\r\n                        <p>Afla\u021bi totul despre gramatica belarus\u0103 .<\/p>\r\n                    <\/div>\r\n                <\/div>\r\n            <\/div>\r\n        <\/a>\r\n\r\n        \r\n        <a href=\"https:\/\/talkpal.ai\/ro\/exercitii-de-gramatica-belarusa\/\">\r\n            <div class=\"learnNavigationWrapper\">\r\n                <div class=\"learnNavigationContent\">\r\n                    <img decoding=\"async\" src=\"https:\/\/talkpal.ai\/wp-content\/uploads\/2024\/08\/Belarusian.jpg\" alt=\"Belarusian Flag\">\r\n                    <div>\r\n                        <h4>Exerci\u021biu de gramatic\u0103 belarus\u0103<\/h4>\r\n                        <p>Exersa\u021bi gramatica belarus\u0103.<\/p>\r\n                    <\/div>\r\n                <\/div>\r\n            <\/div>\r\n        <\/a>\r\n\r\n        \r\n        <a href=\"https:\/\/talkpal.ai\/vocabulary_language\/belarusian\/\">\r\n            <div class=\"learnNavigationWrapper\">\r\n                <div class=\"learnNavigationContent\">\r\n                    <img decoding=\"async\" src=\"https:\/\/talkpal.ai\/wp-content\/uploads\/2024\/08\/Belarusian.jpg\" alt=\"Belarusian Flag\">\r\n                    <div>\r\n                        <h4>Vocabular \u00een limba belarus\u0103<\/h4>\r\n                        <p>Extinde\u021bi-v\u0103 vocabularul \u00een belarus\u0103.<\/p>\r\n                    <\/div>\r\n                <\/div>\r\n            <\/div>\r\n        <\/a>\r\n\r\n            <\/section>","protected":false},"excerpt":{"rendered":"<p>Gramatica bielorus\u0103: O privire mai atent\u0103 la complexitatea limbii slave E\u0219ti un poliglot aspirant cu o fascina\u021bie pentru limbile slave? Sau poate c\u0103 sunte\u021bi doar curios de complexitatea gramatical\u0103 a limbilor din aceast\u0103 regiune interesant\u0103? Dac\u0103 da, pune-\u021bi centura! \u00cen acest articol, vom explora minunata lume a gramaticii bieloruse, un membru mai pu\u021bin cunoscut, dar [&hellip;]<\/p>\n","protected":false},"author":1,"featured_media":110488,"parent":0,"menu_order":0,"comment_status":"closed","ping_status":"closed","template":"LearningContentPage.php","meta":{"_acf_changed":false,"footnotes":""},"class_list":["post-141100","page","type-page","status-publish","has-post-thumbnail","hentry"],"acf":[],"yoast_head":"<!-- This site is optimized with the Yoast SEO Premium plugin v27.2 (Yoast SEO v27.2) - https:\/\/yoast.com\/product\/yoast-seo-premium-wordpress\/ -->\n<title>Gramatica belarus\u0103 - Talkpal<\/title>\n<meta name=\"description\" content=\"St\u0103p\u00e2ne\u0219te gramatica bielorus\u0103 f\u0103r\u0103 efort cu Talkpal, tutorele t\u0103u lingvistic bazat pe inteligen\u021b\u0103 artificial\u0103. Ob\u021bine\u021bi explica\u021bii clare, sfaturi utile \u0219i exerci\u021bii interactive!\" \/>\n<meta name=\"robots\" content=\"index, follow, max-snippet:-1, max-image-preview:large, max-video-preview:-1\" \/>\n<link rel=\"canonical\" href=\"https:\/\/talkpal.ai\/ro\/gramatica-belarusa\/\" \/>\n<meta property=\"og:locale\" content=\"ro_RO\" \/>\n<meta property=\"og:type\" content=\"article\" \/>\n<meta property=\"og:title\" content=\"Gramatica belarus\u0103\" \/>\n<meta property=\"og:description\" content=\"Gramatica bielorus\u0103: O privire mai atent\u0103 la complexitatea limbii slave E\u0219ti un poliglot aspirant cu o fascina\u021bie pentru limbile slave? Sau poate c\u0103\" \/>\n<meta property=\"og:url\" content=\"https:\/\/talkpal.ai\/ro\/gramatica-belarusa\/\" \/>\n<meta property=\"og:site_name\" content=\"Talkpal\" \/>\n<meta property=\"article:publisher\" content=\"https:\/\/www.facebook.com\/profile.php?id=100090733639311\" \/>\n<meta property=\"article:modified_time\" content=\"2025-05-22T13:49:15+00:00\" \/>\n<meta property=\"og:image\" content=\"https:\/\/talkpal.ai\/wp-content\/uploads\/2023\/05\/belarus.png\" \/>\n\t<meta property=\"og:image:width\" content=\"512\" \/>\n\t<meta property=\"og:image:height\" content=\"512\" \/>\n\t<meta property=\"og:image:type\" content=\"image\/png\" \/>\n<meta name=\"twitter:card\" content=\"summary_large_image\" \/>\n<meta name=\"twitter:site\" content=\"@talkpalai\" \/>\n<meta name=\"twitter:label1\" content=\"Timp estimat pentru citire\" \/>\n\t<meta name=\"twitter:data1\" content=\"4 minute\" \/>\n<script type=\"application\/ld+json\" class=\"yoast-schema-graph\">{\"@context\":\"https:\/\/schema.org\",\"@graph\":[{\"@type\":\"WebPage\",\"@id\":\"https:\/\/talkpal.ai\/ro\/gramatica-belarusa\/\",\"url\":\"https:\/\/talkpal.ai\/ro\/gramatica-belarusa\/\",\"name\":\"Gramatica belarus\u0103 - Talkpal\",\"isPartOf\":{\"@id\":\"https:\/\/talkpal.ai\/ro\/#website\"},\"primaryImageOfPage\":{\"@id\":\"https:\/\/talkpal.ai\/ro\/gramatica-belarusa\/#primaryimage\"},\"image\":{\"@id\":\"https:\/\/talkpal.ai\/ro\/gramatica-belarusa\/#primaryimage\"},\"thumbnailUrl\":\"https:\/\/talkpal.ai\/wp-content\/uploads\/2023\/05\/belarus.png\",\"datePublished\":\"2023-05-14T13:59:42+00:00\",\"dateModified\":\"2025-05-22T13:49:15+00:00\",\"description\":\"St\u0103p\u00e2ne\u0219te gramatica bielorus\u0103 f\u0103r\u0103 efort cu Talkpal, tutorele t\u0103u lingvistic bazat pe inteligen\u021b\u0103 artificial\u0103. Ob\u021bine\u021bi explica\u021bii clare, sfaturi utile \u0219i exerci\u021bii interactive!\",\"breadcrumb\":{\"@id\":\"https:\/\/talkpal.ai\/ro\/gramatica-belarusa\/#breadcrumb\"},\"inLanguage\":\"ro-RO\",\"potentialAction\":[{\"@type\":\"ReadAction\",\"target\":[\"https:\/\/talkpal.ai\/ro\/gramatica-belarusa\/\"]}]},{\"@type\":\"ImageObject\",\"inLanguage\":\"ro-RO\",\"@id\":\"https:\/\/talkpal.ai\/ro\/gramatica-belarusa\/#primaryimage\",\"url\":\"https:\/\/talkpal.ai\/wp-content\/uploads\/2023\/05\/belarus.png\",\"contentUrl\":\"https:\/\/talkpal.ai\/wp-content\/uploads\/2023\/05\/belarus.png\",\"width\":512,\"height\":512},{\"@type\":\"BreadcrumbList\",\"@id\":\"https:\/\/talkpal.ai\/ro\/gramatica-belarusa\/#breadcrumb\",\"itemListElement\":[{\"@type\":\"ListItem\",\"position\":1,\"name\":\"Homepage\",\"item\":\"https:\/\/talkpal.ai\/ro\/\"},{\"@type\":\"ListItem\",\"position\":2,\"name\":\"Gramatica belarus\u0103\"}]},{\"@type\":\"WebSite\",\"@id\":\"https:\/\/talkpal.ai\/ro\/#website\",\"url\":\"https:\/\/talkpal.ai\/ro\/\",\"name\":\"Talkpal\",\"description\":\"AI Language Learning\",\"publisher\":{\"@id\":\"https:\/\/talkpal.ai\/ro\/#organization\"},\"alternateName\":\"Talkpal AI\",\"potentialAction\":[{\"@type\":\"SearchAction\",\"target\":{\"@type\":\"EntryPoint\",\"urlTemplate\":\"https:\/\/talkpal.ai\/ro\/?s={search_term_string}\"},\"query-input\":{\"@type\":\"PropertyValueSpecification\",\"valueRequired\":true,\"valueName\":\"search_term_string\"}}],\"inLanguage\":\"ro-RO\"},{\"@type\":\"Organization\",\"@id\":\"https:\/\/talkpal.ai\/ro\/#organization\",\"name\":\"Talkpal, Inc.\",\"alternateName\":\"Talkpal AI\",\"url\":\"https:\/\/talkpal.ai\/ro\/\",\"logo\":{\"@type\":\"ImageObject\",\"inLanguage\":\"ro-RO\",\"@id\":\"https:\/\/talkpal.ai\/ro\/#\/schema\/logo\/image\/\",\"url\":\"https:\/\/talkpal.ai\/wp-content\/uploads\/2024\/03\/Talkpal-Logo-Icon.png\",\"contentUrl\":\"https:\/\/talkpal.ai\/wp-content\/uploads\/2024\/03\/Talkpal-Logo-Icon.png\",\"width\":2880,\"height\":2880,\"caption\":\"Talkpal, Inc.\"},\"image\":{\"@id\":\"https:\/\/talkpal.ai\/ro\/#\/schema\/logo\/image\/\"},\"sameAs\":[\"https:\/\/www.facebook.com\/profile.php?id=100090733639311\",\"https:\/\/x.com\/talkpalai\",\"https:\/\/www.linkedin.com\/company\/talkpal\/\",\"https:\/\/www.youtube.com\/@TalkPal\/\",\"https:\/\/www.tiktok.com\/@talkpal\",\"https:\/\/www.instagram.com\/talkpal_ai\/\",\"https:\/\/www.crunchbase.com\/organization\/talkpal-9cde\",\"https:\/\/www.g2.com\/products\/talkpal-for-business\/\",\"https:\/\/www.trustpilot.com\/review\/talkpal.ai\",\"https:\/\/www.capterra.com\/p\/10006800\/TalkPal\/\"],\"description\":\"Talkpal is a language learning web and mobile education app, powered by the latest AI technologies, that provides engaging experiences to its customers in many different languages to help them improve their language skills. Users can chat about unlimited amount of topics with the app and use other modes to practice their language learning.\",\"email\":\"support@talkpal.ai\",\"legalName\":\"Talkpal, Inc.\",\"foundingDate\":\"2023-04-03\",\"duns\":\"118989042\",\"numberOfEmployees\":{\"@type\":\"QuantitativeValue\",\"minValue\":\"11\",\"maxValue\":\"50\"},\"publishingPrinciples\":\"https:\/\/talkpal.ai\/publishing-principles\/\",\"actionableFeedbackPolicy\":\"https:\/\/talkpal.ai\/actionable-feedback-policy\/\",\"correctionsPolicy\":\"https:\/\/talkpal.ai\/corrections-policy\/\",\"ethicsPolicy\":\"https:\/\/talkpal.ai\/ethics-policy\/\",\"diversityPolicy\":\"https:\/\/talkpal.ai\/diversity-policy\/\",\"diversityStaffingReport\":\"https:\/\/talkpal.ai\/diversity-policy\/\"}]}<\/script>\n<!-- \/ Yoast SEO Premium plugin. -->","yoast_head_json":{"title":"Gramatica belarus\u0103 - Talkpal","description":"St\u0103p\u00e2ne\u0219te gramatica bielorus\u0103 f\u0103r\u0103 efort cu Talkpal, tutorele t\u0103u lingvistic bazat pe inteligen\u021b\u0103 artificial\u0103. Ob\u021bine\u021bi explica\u021bii clare, sfaturi utile \u0219i exerci\u021bii interactive!","robots":{"index":"index","follow":"follow","max-snippet":"max-snippet:-1","max-image-preview":"max-image-preview:large","max-video-preview":"max-video-preview:-1"},"canonical":"https:\/\/talkpal.ai\/ro\/gramatica-belarusa\/","og_locale":"ro_RO","og_type":"article","og_title":"Gramatica belarus\u0103","og_description":"Gramatica bielorus\u0103: O privire mai atent\u0103 la complexitatea limbii slave E\u0219ti un poliglot aspirant cu o fascina\u021bie pentru limbile slave? Sau poate c\u0103","og_url":"https:\/\/talkpal.ai\/ro\/gramatica-belarusa\/","og_site_name":"Talkpal","article_publisher":"https:\/\/www.facebook.com\/profile.php?id=100090733639311","article_modified_time":"2025-05-22T13:49:15+00:00","og_image":[{"width":512,"height":512,"url":"https:\/\/talkpal.ai\/wp-content\/uploads\/2023\/05\/belarus.png","type":"image\/png"}],"twitter_card":"summary_large_image","twitter_site":"@talkpalai","twitter_misc":{"Timp estimat pentru citire":"4 minute"},"schema":{"@context":"https:\/\/schema.org","@graph":[{"@type":"WebPage","@id":"https:\/\/talkpal.ai\/ro\/gramatica-belarusa\/","url":"https:\/\/talkpal.ai\/ro\/gramatica-belarusa\/","name":"Gramatica belarus\u0103 - Talkpal","isPartOf":{"@id":"https:\/\/talkpal.ai\/ro\/#website"},"primaryImageOfPage":{"@id":"https:\/\/talkpal.ai\/ro\/gramatica-belarusa\/#primaryimage"},"image":{"@id":"https:\/\/talkpal.ai\/ro\/gramatica-belarusa\/#primaryimage"},"thumbnailUrl":"https:\/\/talkpal.ai\/wp-content\/uploads\/2023\/05\/belarus.png","datePublished":"2023-05-14T13:59:42+00:00","dateModified":"2025-05-22T13:49:15+00:00","description":"St\u0103p\u00e2ne\u0219te gramatica bielorus\u0103 f\u0103r\u0103 efort cu Talkpal, tutorele t\u0103u lingvistic bazat pe inteligen\u021b\u0103 artificial\u0103. Ob\u021bine\u021bi explica\u021bii clare, sfaturi utile \u0219i exerci\u021bii interactive!","breadcrumb":{"@id":"https:\/\/talkpal.ai\/ro\/gramatica-belarusa\/#breadcrumb"},"inLanguage":"ro-RO","potentialAction":[{"@type":"ReadAction","target":["https:\/\/talkpal.ai\/ro\/gramatica-belarusa\/"]}]},{"@type":"ImageObject","inLanguage":"ro-RO","@id":"https:\/\/talkpal.ai\/ro\/gramatica-belarusa\/#primaryimage","url":"https:\/\/talkpal.ai\/wp-content\/uploads\/2023\/05\/belarus.png","contentUrl":"https:\/\/talkpal.ai\/wp-content\/uploads\/2023\/05\/belarus.png","width":512,"height":512},{"@type":"BreadcrumbList","@id":"https:\/\/talkpal.ai\/ro\/gramatica-belarusa\/#breadcrumb","itemListElement":[{"@type":"ListItem","position":1,"name":"Homepage","item":"https:\/\/talkpal.ai\/ro\/"},{"@type":"ListItem","position":2,"name":"Gramatica belarus\u0103"}]},{"@type":"WebSite","@id":"https:\/\/talkpal.ai\/ro\/#website","url":"https:\/\/talkpal.ai\/ro\/","name":"Talkpal","description":"AI Language Learning","publisher":{"@id":"https:\/\/talkpal.ai\/ro\/#organization"},"alternateName":"Talkpal AI","potentialAction":[{"@type":"SearchAction","target":{"@type":"EntryPoint","urlTemplate":"https:\/\/talkpal.ai\/ro\/?s={search_term_string}"},"query-input":{"@type":"PropertyValueSpecification","valueRequired":true,"valueName":"search_term_string"}}],"inLanguage":"ro-RO"},{"@type":"Organization","@id":"https:\/\/talkpal.ai\/ro\/#organization","name":"Talkpal, Inc.","alternateName":"Talkpal AI","url":"https:\/\/talkpal.ai\/ro\/","logo":{"@type":"ImageObject","inLanguage":"ro-RO","@id":"https:\/\/talkpal.ai\/ro\/#\/schema\/logo\/image\/","url":"https:\/\/talkpal.ai\/wp-content\/uploads\/2024\/03\/Talkpal-Logo-Icon.png","contentUrl":"https:\/\/talkpal.ai\/wp-content\/uploads\/2024\/03\/Talkpal-Logo-Icon.png","width":2880,"height":2880,"caption":"Talkpal, Inc."},"image":{"@id":"https:\/\/talkpal.ai\/ro\/#\/schema\/logo\/image\/"},"sameAs":["https:\/\/www.facebook.com\/profile.php?id=100090733639311","https:\/\/x.com\/talkpalai","https:\/\/www.linkedin.com\/company\/talkpal\/","https:\/\/www.youtube.com\/@TalkPal\/","https:\/\/www.tiktok.com\/@talkpal","https:\/\/www.instagram.com\/talkpal_ai\/","https:\/\/www.crunchbase.com\/organization\/talkpal-9cde","https:\/\/www.g2.com\/products\/talkpal-for-business\/","https:\/\/www.trustpilot.com\/review\/talkpal.ai","https:\/\/www.capterra.com\/p\/10006800\/TalkPal\/"],"description":"Talkpal is a language learning web and mobile education app, powered by the latest AI technologies, that provides engaging experiences to its customers in many different languages to help them improve their language skills. Users can chat about unlimited amount of topics with the app and use other modes to practice their language learning.","email":"support@talkpal.ai","legalName":"Talkpal, Inc.","foundingDate":"2023-04-03","duns":"118989042","numberOfEmployees":{"@type":"QuantitativeValue","minValue":"11","maxValue":"50"},"publishingPrinciples":"https:\/\/talkpal.ai\/publishing-principles\/","actionableFeedbackPolicy":"https:\/\/talkpal.ai\/actionable-feedback-policy\/","correctionsPolicy":"https:\/\/talkpal.ai\/corrections-policy\/","ethicsPolicy":"https:\/\/talkpal.ai\/ethics-policy\/","diversityPolicy":"https:\/\/talkpal.ai\/diversity-policy\/","diversityStaffingReport":"https:\/\/talkpal.ai\/diversity-policy\/"}]}},"_links":{"self":[{"href":"https:\/\/talkpal.ai\/ro\/wp-json\/wp\/v2\/pages\/141100","targetHints":{"allow":["GET"]}}],"collection":[{"href":"https:\/\/talkpal.ai\/ro\/wp-json\/wp\/v2\/pages"}],"about":[{"href":"https:\/\/talkpal.ai\/ro\/wp-json\/wp\/v2\/types\/page"}],"author":[{"embeddable":true,"href":"https:\/\/talkpal.ai\/ro\/wp-json\/wp\/v2\/users\/1"}],"replies":[{"embeddable":true,"href":"https:\/\/talkpal.ai\/ro\/wp-json\/wp\/v2\/comments?post=141100"}],"version-history":[{"count":0,"href":"https:\/\/talkpal.ai\/ro\/wp-json\/wp\/v2\/pages\/141100\/revisions"}],"wp:featuredmedia":[{"embeddable":true,"href":"https:\/\/talkpal.ai\/ro\/wp-json\/wp\/v2\/media\/110488"}],"wp:attachment":[{"href":"https:\/\/talkpal.ai\/ro\/wp-json\/wp\/v2\/media?parent=141100"}],"curies":[{"name":"wp","href":"https:\/\/api.w.org\/{rel}","templated":true}]}}