{"id":140805,"date":"2023-05-14T13:59:24","date_gmt":"2023-05-14T13:59:24","guid":{"rendered":"http:\/\/talkpal.ai\/gramatica-afrikaans\/"},"modified":"2025-05-22T19:04:14","modified_gmt":"2025-05-22T19:04:14","slug":"gramatica-afrikaans","status":"publish","type":"page","link":"https:\/\/talkpal.ai\/ro\/gramatica-afrikaans\/","title":{"rendered":"Gramatica afrikaans"},"content":{"rendered":"\r\n\r\n\r\n<section class=\"languageChallengeSection\">\r\n    <div class=\"languageInfoWrapper\">\r\n        \r\n        <h1>Gramatica afrikaans<\/h1>\r\n        <p>Descoperi\u021bi frumuse\u021bea simpl\u0103 a limbii <a href=\"https:\/\/talkpal.ai\/learn-afrikaans\/\">afrikaans<\/a> prin \u00eenv\u0103\u021barea regulilor sale gramaticale esen\u021biale. St\u0103p\u00e2nirea gramaticii afrikaans v\u0103 va permite s\u0103 comunica\u021bi eficient \u0219i s\u0103 v\u0103 bucura\u021bi de cultura bogat\u0103 a vorbitorilor s\u0103i. \u00cencepe\u021bi ast\u0103zi c\u0103l\u0103toria gramatical\u0103 \u00een afrikaans \u0219i face\u021bi primul pas spre fluen\u021b\u0103!<\/p>\r\n\r\n                            <a class=\"getStartedHidden\" href=\"https:\/\/app.talkpal.ai\/ro\/signup?lng=\">\u00cencepe<\/a>\r\n        \r\n    <\/div>\r\n\r\n    <figure>\r\n    <img decoding=\"async\" width=\"768\" height=\"768\" src=\"https:\/\/talkpal.ai\/wp-content\/uploads\/2023\/06\/TalkPal-Afrikaans-768x768.png\" class=\"languageImage no-lazy\" alt=\"Language learning for global awareness\" fetchpriority=\"high\" sizes=\"(max-width: 768px) 150px, 768px\" srcset=\"https:\/\/talkpal.ai\/wp-content\/uploads\/2023\/06\/TalkPal-Afrikaans-768x768.png 768w, https:\/\/talkpal.ai\/wp-content\/uploads\/2023\/06\/TalkPal-Afrikaans-300x300.png 300w\" \/>\r\n    \r\n\r\n    <\/figure>\r\n\r\n            <a class=\"getStartedVisible\" href=\"https:\/\/app.talkpal.ai\/ro\/signup?lng=\">\u00cencepe<\/a>\r\n    \r\n<\/section>\r\n<section class=\"promotionalBanner\">\r\n    <p class=\"promotionalText\">Cel mai eficient mod de a \u00eenv\u0103\u021ba o limb\u0103<\/p>\r\n    <a class=\"promotionalLink\" href=\"https:\/\/app.talkpal.ai\/ro\/signup?lng=\">\u00cencerca\u021bi Talkpal gratuit<\/a>\r\n<\/section>\n<div class=\"wp-block-group pageContainerStyle\"><div class=\"wp-block-group__inner-container is-layout-constrained wp-block-group-is-layout-constrained\">\n<h2 class=\"wp-block-heading\" id=\"h-mastering-afrikaans-grammar-your-ultimate-guide\">St\u0103p\u00e2nirea gramaticii afrikaans: ghidul t\u0103u final<\/h2>\n\n\n\n<p><strong>Goeie dag<\/strong>, <a href=\"https:\/\/talkpal.ai\/talkpal-discount-for-language-enthusiasts\/\">pasiona\u021bi de limbi str\u0103ine<\/a>! Sunte\u021bi gata s\u0103 v\u0103 \u00eembarca\u021bi \u00eentr-o c\u0103l\u0103torie \u00een lumea gramaticii afrikaans? A\u021bi venit la locul potrivit. Plin de informa\u021bii u\u0219or de \u00een\u021beles \u0219i un ton conversa\u021bional, acest articol v\u0103 va ghida prin t\u0103r\u00e2mul fascinant al gramaticii afrikaans. \u00cen cur\u00e2nd, ve\u021bi putea s\u0103 construi\u021bi propozi\u021bii \u0219i s\u0103 purta\u021bi conversa\u021bii semnificative cu vorbitori nativi. Deci, s\u0103 \u00eencepem!<\/p>\n\n\n\n<p><strong>Dar mai \u00eent\u00e2i, de ce gramatica afrikaans?<\/strong><\/p>\n\n\n\n<p>Dac\u0103 \u00eenv\u0103\u021ba\u021bi afrikaans, o baz\u0103 solid\u0103 de <a href=\"https:\/\/talkpal.ai\/grammar\/\">gramatic\u0103<\/a> este esen\u021bial\u0103 pentru a vorbi, citi \u0219i scrie fluent. \u00cen timp ce <a href=\"https:\/\/talkpal.ai\/es\/gramatica-afrikaans\/\">gramatica afrikaans<\/a> poate p\u0103rea complex\u0103 la \u00eenceput, este relativ simpl\u0103 odat\u0103 ce o \u00eemp\u0103r\u021bi\u021bi \u00een buc\u0103\u021bi mai mici, mai u\u0219or de gestionat. A\u0219adar, haide\u021bi s\u0103 \u00eencepem c\u0103l\u0103toria c\u0103tre st\u0103p\u00e2nirea gramaticii afrikaans!<\/p>\n\n\n\n<h3 class=\"wp-block-heading\" id=\"h-1-nouns-gender-and-articles\">1. Substantive, gen \u0219i articole<\/h3>\n\n\n\n<p>Spre deosebire de multe alte limbi, substantivele afrikaans nu au gen, ceea ce le face mai u\u0219or de \u00eenv\u0103\u021bat. Articolul hot\u0103r\u00e2t &#8222;die&#8221; (the) este utilizat pentru toate substantivele, \u00een timp ce articolele nedefinite &#8221; &#8216;n &#8221; sau &#8222;een&#8221; (a\/an) sunt, de asemenea, neutre din punct de vedere al genului.  <\/p>\n\n\n\n<p>De exemplu:<\/p>\n\n\n\n<p>&#8211; die hond (c\u00e2inele)<\/p>\n\n\n\n<p>&#8211; &#8216;n hond (un c\u00e2ine)<\/p>\n\n\n\n<h3 class=\"wp-block-heading\" id=\"h-2-adjectives\">2. Adjective<\/h3>\n\n\n\n<p>\u00cen afrikaans, adjectivele preced de obicei substantivul <a href=\"https:\/\/talkpal.ai\/culture\/how-do-i-use-pe-care-correctly\/\">pe care<\/a> \u00eel modific\u0103 \u0219i sunt de acord cu substantivul \u00een num\u0103r. Adjectivele nu au acord de gen. De exemplu:<\/p>\n\n\n\n<p>&#8211; &#8216;n groot huis (o cas\u0103 mare)<\/p>\n\n\n\n<p>&#8211; twee groot huise (dou\u0103 case mari)<\/p>\n\n\n\n<p>Unele adjective necesit\u0103 un &#8222;-e&#8221; suplimentar atunci c\u00e2nd descriu un substantiv la plural:<\/p>\n\n\n\n<p>&#8211; &#8216;n ou man (un om b\u0103tr\u00e2n)<\/p>\n\n\n\n<p>&#8211; twee ou manne (doi b\u0103tr\u00e2ni)<\/p>\n\n\n\n<h3 class=\"wp-block-heading\" id=\"h-3-verbs-and-tense\">3. Verbe \u0219i timpul<\/h3>\n\n\n\n<p>Verbele afrikaans sunt relativ u\u0219or de \u00eenv\u0103\u021bat, deoarece nu sunt conjugate pe baza subiectului propozi\u021biei. De asemenea, afrikaans are mai pu\u021bine timpuri dec\u00e2t multe alte limbi. Pentru a v\u0103 da o idee despre verbele \u00een afrikaans, s\u0103 discut\u0103m despre verbele regulate la timpul prezent:<\/p>\n\n\n\n<p>&#8211; Ek <a href=\"https:\/\/talkpal.ai\/locations\/language-courses-in-leer\/\">leer<\/a> (I learn)<\/p>\n\n\n\n<p>&#8211; Jy\/u leer (tu \u00eenve\u021bi, informal\/formal)<\/p>\n\n\n\n<p>&#8211; Hy\/sy\/dit leer (el\/ea \u00eenva\u021b\u0103)<\/p>\n\n\n\n<p>&#8211; Ons\/julle leer (noi\/voi to\u021bi \u00eenv\u0103\u021ba\u021bi)<\/p>\n\n\n\n<p>&#8211; Hulle leer (ei \u00eenva\u021b\u0103)<\/p>\n\n\n\n<p>Aminti\u021bi-v\u0103, acesta este doar v\u00e2rful aisbergului! Pe m\u0103sur\u0103 ce progresa\u021bi \u00een studiile dvs., ve\u021bi \u00eent\u00e2lni diverse alte timpuri \u0219i unele verbe neregulate.<\/p>\n\n\n\n<h3 class=\"wp-block-heading\" id=\"h-4-pronouns-prepositions-and-more\">4. Pronume, prepozi\u021bii \u0219i multe altele!<\/h3>\n\n\n\n<p>Gramatica afrikaans cuprinde alte componente, cum ar fi pronumele (ek, jy, hy, sy etc.), prepozi\u021biile (in, op, met etc.) \u0219i expresiile idiomatice. Pe m\u0103sur\u0103 ce \u00eenv\u0103\u021ba\u021bi limba, va trebui s\u0103 st\u0103p\u00e2ni\u021bi fiecare dintre aceste elemente pentru o fluen\u021b\u0103 complet\u0103.<\/p>\n\n\n\n<p>\u00cen concluzie, st\u0103p\u00e2nirea gramaticii afrikaans necesit\u0103 persisten\u021b\u0103, practic\u0103 \u0219i r\u0103bdare. Dar, odat\u0103 ce a\u021bi \u00een\u021beles complexitatea limbii, ve\u021bi fi pe drumul cel bun pentru a conversa cu vorbitori nativi, pentru a experimenta cultura \u0219i istoria bogat\u0103 a lumii vorbitoare de afrikaans \u0219i pentru a v\u0103 aprofunda dragostea pentru aceast\u0103 limb\u0103. Sterkte (mult noroc)!<\/p>\n<\/div><\/div>\n\r\n<section class=\"learnNavigationSection\">\r\n            \r\n        <a href=\"https:\/\/talkpal.ai\/ro\/invata-afrikaans\/\">\r\n            <div class=\"learnNavigationWrapper\">\r\n                <div class=\"learnNavigationContent\">\r\n                    <img decoding=\"async\" src=\"https:\/\/talkpal.ai\/wp-content\/uploads\/2024\/08\/Afrikaans.jpg\" alt=\"South Africa Flag\">\r\n                    <div>\r\n                        <h4>Despre Afrikaans Learning<\/h4>\r\n                        <p>Afla\u021bi totul despre gramatica afrikaans.<\/p>\r\n                    <\/div>\r\n                <\/div>\r\n            <\/div>\r\n        <\/a>\r\n\r\n        \r\n        <a href=\"https:\/\/talkpal.ai\/ro\/exercitii-de-gramatica-afrikaans\/\">\r\n            <div class=\"learnNavigationWrapper\">\r\n                <div class=\"learnNavigationContent\">\r\n                    <img decoding=\"async\" src=\"https:\/\/talkpal.ai\/wp-content\/uploads\/2024\/08\/Afrikaans.jpg\" alt=\"South Africa Flag\">\r\n                    <div>\r\n                        <h4>Exerci\u021biu de gramatic\u0103 afrikaans<\/h4>\r\n                        <p>Exersa\u021bi gramatica afrikaans.<\/p>\r\n                    <\/div>\r\n                <\/div>\r\n            <\/div>\r\n        <\/a>\r\n\r\n        \r\n        <a href=\"https:\/\/talkpal.ai\/vocabulary_language\/afrikaans\/\">\r\n            <div class=\"learnNavigationWrapper\">\r\n                <div class=\"learnNavigationContent\">\r\n                    <img decoding=\"async\" src=\"https:\/\/talkpal.ai\/wp-content\/uploads\/2024\/08\/Afrikaans.jpg\" alt=\"South Africa Flag\">\r\n                    <div>\r\n                        <h4>Vocabularul afrikaans<\/h4>\r\n                        <p>Extinde\u021bi-v\u0103 vocabularul de afrikaans.<\/p>\r\n                    <\/div>\r\n                <\/div>\r\n            <\/div>\r\n        <\/a>\r\n\r\n            <\/section>","protected":false},"excerpt":{"rendered":"<p>St\u0103p\u00e2nirea gramaticii afrikaans: ghidul t\u0103u final Goeie dag, pasiona\u021bi de limbi str\u0103ine! Sunte\u021bi gata s\u0103 v\u0103 \u00eembarca\u021bi \u00eentr-o c\u0103l\u0103torie \u00een lumea gramaticii afrikaans? A\u021bi venit la locul potrivit. Plin de informa\u021bii u\u0219or de \u00een\u021beles \u0219i un ton conversa\u021bional, acest articol v\u0103 va ghida prin t\u0103r\u00e2mul fascinant al gramaticii afrikaans. \u00cen cur\u00e2nd, ve\u021bi putea s\u0103 construi\u021bi [&hellip;]<\/p>\n","protected":false},"author":1,"featured_media":109023,"parent":0,"menu_order":0,"comment_status":"closed","ping_status":"closed","template":"LearningContentPage.php","meta":{"_acf_changed":false,"footnotes":""},"class_list":["post-140805","page","type-page","status-publish","has-post-thumbnail","hentry"],"acf":[],"yoast_head":"<!-- This site is optimized with the Yoast SEO Premium plugin v27.2 (Yoast SEO v27.2) - https:\/\/yoast.com\/product\/yoast-seo-premium-wordpress\/ -->\n<title>Gramatica afrikaans - Talkpal<\/title>\n<meta name=\"description\" content=\"Explora\u021bi gramatica afrikaans cu ghidul nostru pentru \u00eencep\u0103tori. St\u0103p\u00e2ne\u0219te construc\u021bia propozi\u021biilor \u0219i \u00eembun\u0103t\u0103\u021be\u0219te-\u021bi abilit\u0103\u021bile conversa\u021bionale.\" \/>\n<meta name=\"robots\" content=\"index, follow, max-snippet:-1, max-image-preview:large, max-video-preview:-1\" \/>\n<link rel=\"canonical\" href=\"https:\/\/talkpal.ai\/ro\/gramatica-afrikaans\/\" \/>\n<meta property=\"og:locale\" content=\"ro_RO\" \/>\n<meta property=\"og:type\" content=\"article\" \/>\n<meta property=\"og:title\" content=\"Gramatica afrikaans\" \/>\n<meta property=\"og:description\" content=\"St\u0103p\u00e2nirea gramaticii afrikaans: ghidul t\u0103u final Goeie dag, pasiona\u021bi de limbi str\u0103ine! Sunte\u021bi gata s\u0103 v\u0103 \u00eembarca\u021bi \u00eentr-o c\u0103l\u0103torie \u00een lumea gramaticii\" \/>\n<meta property=\"og:url\" content=\"https:\/\/talkpal.ai\/ro\/gramatica-afrikaans\/\" \/>\n<meta property=\"og:site_name\" content=\"Talkpal\" \/>\n<meta property=\"article:publisher\" content=\"https:\/\/www.facebook.com\/profile.php?id=100090733639311\" \/>\n<meta property=\"article:modified_time\" content=\"2025-05-22T19:04:14+00:00\" \/>\n<meta property=\"og:image\" content=\"https:\/\/talkpal.ai\/wp-content\/uploads\/2023\/05\/south-africa.png\" \/>\n\t<meta property=\"og:image:width\" content=\"512\" \/>\n\t<meta property=\"og:image:height\" content=\"512\" \/>\n\t<meta property=\"og:image:type\" content=\"image\/png\" \/>\n<meta name=\"twitter:card\" content=\"summary_large_image\" \/>\n<meta name=\"twitter:site\" content=\"@talkpalai\" \/>\n<meta name=\"twitter:label1\" content=\"Timp estimat pentru citire\" \/>\n\t<meta name=\"twitter:data1\" content=\"3 minute\" \/>\n<script type=\"application\/ld+json\" class=\"yoast-schema-graph\">{\"@context\":\"https:\/\/schema.org\",\"@graph\":[{\"@type\":\"WebPage\",\"@id\":\"https:\/\/talkpal.ai\/ro\/gramatica-afrikaans\/\",\"url\":\"https:\/\/talkpal.ai\/ro\/gramatica-afrikaans\/\",\"name\":\"Gramatica afrikaans - Talkpal\",\"isPartOf\":{\"@id\":\"https:\/\/talkpal.ai\/ro\/#website\"},\"primaryImageOfPage\":{\"@id\":\"https:\/\/talkpal.ai\/ro\/gramatica-afrikaans\/#primaryimage\"},\"image\":{\"@id\":\"https:\/\/talkpal.ai\/ro\/gramatica-afrikaans\/#primaryimage\"},\"thumbnailUrl\":\"https:\/\/talkpal.ai\/wp-content\/uploads\/2023\/05\/south-africa.png\",\"datePublished\":\"2023-05-14T13:59:24+00:00\",\"dateModified\":\"2025-05-22T19:04:14+00:00\",\"description\":\"Explora\u021bi gramatica afrikaans cu ghidul nostru pentru \u00eencep\u0103tori. St\u0103p\u00e2ne\u0219te construc\u021bia propozi\u021biilor \u0219i \u00eembun\u0103t\u0103\u021be\u0219te-\u021bi abilit\u0103\u021bile conversa\u021bionale.\",\"breadcrumb\":{\"@id\":\"https:\/\/talkpal.ai\/ro\/gramatica-afrikaans\/#breadcrumb\"},\"inLanguage\":\"ro-RO\",\"potentialAction\":[{\"@type\":\"ReadAction\",\"target\":[\"https:\/\/talkpal.ai\/ro\/gramatica-afrikaans\/\"]}]},{\"@type\":\"ImageObject\",\"inLanguage\":\"ro-RO\",\"@id\":\"https:\/\/talkpal.ai\/ro\/gramatica-afrikaans\/#primaryimage\",\"url\":\"https:\/\/talkpal.ai\/wp-content\/uploads\/2023\/05\/south-africa.png\",\"contentUrl\":\"https:\/\/talkpal.ai\/wp-content\/uploads\/2023\/05\/south-africa.png\",\"width\":512,\"height\":512},{\"@type\":\"BreadcrumbList\",\"@id\":\"https:\/\/talkpal.ai\/ro\/gramatica-afrikaans\/#breadcrumb\",\"itemListElement\":[{\"@type\":\"ListItem\",\"position\":1,\"name\":\"Homepage\",\"item\":\"https:\/\/talkpal.ai\/ro\/\"},{\"@type\":\"ListItem\",\"position\":2,\"name\":\"Gramatica afrikaans\"}]},{\"@type\":\"WebSite\",\"@id\":\"https:\/\/talkpal.ai\/ro\/#website\",\"url\":\"https:\/\/talkpal.ai\/ro\/\",\"name\":\"Talkpal\",\"description\":\"AI Language Learning\",\"publisher\":{\"@id\":\"https:\/\/talkpal.ai\/ro\/#organization\"},\"alternateName\":\"Talkpal AI\",\"potentialAction\":[{\"@type\":\"SearchAction\",\"target\":{\"@type\":\"EntryPoint\",\"urlTemplate\":\"https:\/\/talkpal.ai\/ro\/?s={search_term_string}\"},\"query-input\":{\"@type\":\"PropertyValueSpecification\",\"valueRequired\":true,\"valueName\":\"search_term_string\"}}],\"inLanguage\":\"ro-RO\"},{\"@type\":\"Organization\",\"@id\":\"https:\/\/talkpal.ai\/ro\/#organization\",\"name\":\"Talkpal, Inc.\",\"alternateName\":\"Talkpal AI\",\"url\":\"https:\/\/talkpal.ai\/ro\/\",\"logo\":{\"@type\":\"ImageObject\",\"inLanguage\":\"ro-RO\",\"@id\":\"https:\/\/talkpal.ai\/ro\/#\/schema\/logo\/image\/\",\"url\":\"https:\/\/talkpal.ai\/wp-content\/uploads\/2024\/03\/Talkpal-Logo-Icon.png\",\"contentUrl\":\"https:\/\/talkpal.ai\/wp-content\/uploads\/2024\/03\/Talkpal-Logo-Icon.png\",\"width\":2880,\"height\":2880,\"caption\":\"Talkpal, Inc.\"},\"image\":{\"@id\":\"https:\/\/talkpal.ai\/ro\/#\/schema\/logo\/image\/\"},\"sameAs\":[\"https:\/\/www.facebook.com\/profile.php?id=100090733639311\",\"https:\/\/x.com\/talkpalai\",\"https:\/\/www.linkedin.com\/company\/talkpal\/\",\"https:\/\/www.youtube.com\/@TalkPal\/\",\"https:\/\/www.tiktok.com\/@talkpal\",\"https:\/\/www.instagram.com\/talkpal_ai\/\",\"https:\/\/www.crunchbase.com\/organization\/talkpal-9cde\",\"https:\/\/www.g2.com\/products\/talkpal-for-business\/\",\"https:\/\/www.trustpilot.com\/review\/talkpal.ai\",\"https:\/\/www.capterra.com\/p\/10006800\/TalkPal\/\"],\"description\":\"Talkpal is a language learning web and mobile education app, powered by the latest AI technologies, that provides engaging experiences to its customers in many different languages to help them improve their language skills. Users can chat about unlimited amount of topics with the app and use other modes to practice their language learning.\",\"email\":\"support@talkpal.ai\",\"legalName\":\"Talkpal, Inc.\",\"foundingDate\":\"2023-04-03\",\"duns\":\"118989042\",\"numberOfEmployees\":{\"@type\":\"QuantitativeValue\",\"minValue\":\"11\",\"maxValue\":\"50\"},\"publishingPrinciples\":\"https:\/\/talkpal.ai\/publishing-principles\/\",\"actionableFeedbackPolicy\":\"https:\/\/talkpal.ai\/actionable-feedback-policy\/\",\"correctionsPolicy\":\"https:\/\/talkpal.ai\/corrections-policy\/\",\"ethicsPolicy\":\"https:\/\/talkpal.ai\/ethics-policy\/\",\"diversityPolicy\":\"https:\/\/talkpal.ai\/diversity-policy\/\",\"diversityStaffingReport\":\"https:\/\/talkpal.ai\/diversity-policy\/\"}]}<\/script>\n<!-- \/ Yoast SEO Premium plugin. -->","yoast_head_json":{"title":"Gramatica afrikaans - Talkpal","description":"Explora\u021bi gramatica afrikaans cu ghidul nostru pentru \u00eencep\u0103tori. St\u0103p\u00e2ne\u0219te construc\u021bia propozi\u021biilor \u0219i \u00eembun\u0103t\u0103\u021be\u0219te-\u021bi abilit\u0103\u021bile conversa\u021bionale.","robots":{"index":"index","follow":"follow","max-snippet":"max-snippet:-1","max-image-preview":"max-image-preview:large","max-video-preview":"max-video-preview:-1"},"canonical":"https:\/\/talkpal.ai\/ro\/gramatica-afrikaans\/","og_locale":"ro_RO","og_type":"article","og_title":"Gramatica afrikaans","og_description":"St\u0103p\u00e2nirea gramaticii afrikaans: ghidul t\u0103u final Goeie dag, pasiona\u021bi de limbi str\u0103ine! Sunte\u021bi gata s\u0103 v\u0103 \u00eembarca\u021bi \u00eentr-o c\u0103l\u0103torie \u00een lumea gramaticii","og_url":"https:\/\/talkpal.ai\/ro\/gramatica-afrikaans\/","og_site_name":"Talkpal","article_publisher":"https:\/\/www.facebook.com\/profile.php?id=100090733639311","article_modified_time":"2025-05-22T19:04:14+00:00","og_image":[{"width":512,"height":512,"url":"https:\/\/talkpal.ai\/wp-content\/uploads\/2023\/05\/south-africa.png","type":"image\/png"}],"twitter_card":"summary_large_image","twitter_site":"@talkpalai","twitter_misc":{"Timp estimat pentru citire":"3 minute"},"schema":{"@context":"https:\/\/schema.org","@graph":[{"@type":"WebPage","@id":"https:\/\/talkpal.ai\/ro\/gramatica-afrikaans\/","url":"https:\/\/talkpal.ai\/ro\/gramatica-afrikaans\/","name":"Gramatica afrikaans - Talkpal","isPartOf":{"@id":"https:\/\/talkpal.ai\/ro\/#website"},"primaryImageOfPage":{"@id":"https:\/\/talkpal.ai\/ro\/gramatica-afrikaans\/#primaryimage"},"image":{"@id":"https:\/\/talkpal.ai\/ro\/gramatica-afrikaans\/#primaryimage"},"thumbnailUrl":"https:\/\/talkpal.ai\/wp-content\/uploads\/2023\/05\/south-africa.png","datePublished":"2023-05-14T13:59:24+00:00","dateModified":"2025-05-22T19:04:14+00:00","description":"Explora\u021bi gramatica afrikaans cu ghidul nostru pentru \u00eencep\u0103tori. St\u0103p\u00e2ne\u0219te construc\u021bia propozi\u021biilor \u0219i \u00eembun\u0103t\u0103\u021be\u0219te-\u021bi abilit\u0103\u021bile conversa\u021bionale.","breadcrumb":{"@id":"https:\/\/talkpal.ai\/ro\/gramatica-afrikaans\/#breadcrumb"},"inLanguage":"ro-RO","potentialAction":[{"@type":"ReadAction","target":["https:\/\/talkpal.ai\/ro\/gramatica-afrikaans\/"]}]},{"@type":"ImageObject","inLanguage":"ro-RO","@id":"https:\/\/talkpal.ai\/ro\/gramatica-afrikaans\/#primaryimage","url":"https:\/\/talkpal.ai\/wp-content\/uploads\/2023\/05\/south-africa.png","contentUrl":"https:\/\/talkpal.ai\/wp-content\/uploads\/2023\/05\/south-africa.png","width":512,"height":512},{"@type":"BreadcrumbList","@id":"https:\/\/talkpal.ai\/ro\/gramatica-afrikaans\/#breadcrumb","itemListElement":[{"@type":"ListItem","position":1,"name":"Homepage","item":"https:\/\/talkpal.ai\/ro\/"},{"@type":"ListItem","position":2,"name":"Gramatica afrikaans"}]},{"@type":"WebSite","@id":"https:\/\/talkpal.ai\/ro\/#website","url":"https:\/\/talkpal.ai\/ro\/","name":"Talkpal","description":"AI Language Learning","publisher":{"@id":"https:\/\/talkpal.ai\/ro\/#organization"},"alternateName":"Talkpal AI","potentialAction":[{"@type":"SearchAction","target":{"@type":"EntryPoint","urlTemplate":"https:\/\/talkpal.ai\/ro\/?s={search_term_string}"},"query-input":{"@type":"PropertyValueSpecification","valueRequired":true,"valueName":"search_term_string"}}],"inLanguage":"ro-RO"},{"@type":"Organization","@id":"https:\/\/talkpal.ai\/ro\/#organization","name":"Talkpal, Inc.","alternateName":"Talkpal AI","url":"https:\/\/talkpal.ai\/ro\/","logo":{"@type":"ImageObject","inLanguage":"ro-RO","@id":"https:\/\/talkpal.ai\/ro\/#\/schema\/logo\/image\/","url":"https:\/\/talkpal.ai\/wp-content\/uploads\/2024\/03\/Talkpal-Logo-Icon.png","contentUrl":"https:\/\/talkpal.ai\/wp-content\/uploads\/2024\/03\/Talkpal-Logo-Icon.png","width":2880,"height":2880,"caption":"Talkpal, Inc."},"image":{"@id":"https:\/\/talkpal.ai\/ro\/#\/schema\/logo\/image\/"},"sameAs":["https:\/\/www.facebook.com\/profile.php?id=100090733639311","https:\/\/x.com\/talkpalai","https:\/\/www.linkedin.com\/company\/talkpal\/","https:\/\/www.youtube.com\/@TalkPal\/","https:\/\/www.tiktok.com\/@talkpal","https:\/\/www.instagram.com\/talkpal_ai\/","https:\/\/www.crunchbase.com\/organization\/talkpal-9cde","https:\/\/www.g2.com\/products\/talkpal-for-business\/","https:\/\/www.trustpilot.com\/review\/talkpal.ai","https:\/\/www.capterra.com\/p\/10006800\/TalkPal\/"],"description":"Talkpal is a language learning web and mobile education app, powered by the latest AI technologies, that provides engaging experiences to its customers in many different languages to help them improve their language skills. Users can chat about unlimited amount of topics with the app and use other modes to practice their language learning.","email":"support@talkpal.ai","legalName":"Talkpal, Inc.","foundingDate":"2023-04-03","duns":"118989042","numberOfEmployees":{"@type":"QuantitativeValue","minValue":"11","maxValue":"50"},"publishingPrinciples":"https:\/\/talkpal.ai\/publishing-principles\/","actionableFeedbackPolicy":"https:\/\/talkpal.ai\/actionable-feedback-policy\/","correctionsPolicy":"https:\/\/talkpal.ai\/corrections-policy\/","ethicsPolicy":"https:\/\/talkpal.ai\/ethics-policy\/","diversityPolicy":"https:\/\/talkpal.ai\/diversity-policy\/","diversityStaffingReport":"https:\/\/talkpal.ai\/diversity-policy\/"}]}},"_links":{"self":[{"href":"https:\/\/talkpal.ai\/ro\/wp-json\/wp\/v2\/pages\/140805","targetHints":{"allow":["GET"]}}],"collection":[{"href":"https:\/\/talkpal.ai\/ro\/wp-json\/wp\/v2\/pages"}],"about":[{"href":"https:\/\/talkpal.ai\/ro\/wp-json\/wp\/v2\/types\/page"}],"author":[{"embeddable":true,"href":"https:\/\/talkpal.ai\/ro\/wp-json\/wp\/v2\/users\/1"}],"replies":[{"embeddable":true,"href":"https:\/\/talkpal.ai\/ro\/wp-json\/wp\/v2\/comments?post=140805"}],"version-history":[{"count":0,"href":"https:\/\/talkpal.ai\/ro\/wp-json\/wp\/v2\/pages\/140805\/revisions"}],"wp:featuredmedia":[{"embeddable":true,"href":"https:\/\/talkpal.ai\/ro\/wp-json\/wp\/v2\/media\/109023"}],"wp:attachment":[{"href":"https:\/\/talkpal.ai\/ro\/wp-json\/wp\/v2\/media?parent=140805"}],"curies":[{"name":"wp","href":"https:\/\/api.w.org\/{rel}","templated":true}]}}