{"id":140438,"date":"2023-05-14T13:54:14","date_gmt":"2023-05-14T13:54:14","guid":{"rendered":"http:\/\/talkpal.ai\/gramatica-armeana\/"},"modified":"2025-05-21T10:54:14","modified_gmt":"2025-05-21T10:54:14","slug":"gramatica-armeana","status":"publish","type":"page","link":"https:\/\/talkpal.ai\/ro\/gramatica-armeana\/","title":{"rendered":"Gramatica armean\u0103"},"content":{"rendered":"\r\n\r\n\r\n<section class=\"languageChallengeSection\">\r\n    <div class=\"languageInfoWrapper\">\r\n        \r\n        <h1>Gramatica armean\u0103<\/h1>\r\n        <p>Sunte\u021bi gata s\u0103 explora\u021bi o nou\u0103 limb\u0103? <a href=\"https:\/\/talkpal.ai\/armenian-grammar\/\">Gramatica armean\u0103<\/a> este poarta ta de intrare \u00eentr-o lume de modele fascinante \u0219i tradi\u021bii unice! Pe m\u0103sur\u0103 ce \u00eenv\u0103\u021ba\u021bi gramatica armean\u0103, nu numai c\u0103 ve\u021bi st\u0103p\u00e2ni o limb\u0103, dar v\u0103 ve\u021bi conecta \u0219i cu patrimoniul cultural profund al Armeniei. S\u0103 ne scufund\u0103m \u00eempreun\u0103 \u0219i s\u0103 ne bucur\u0103m de c\u0103l\u0103toria \u00een limba armean\u0103!<\/p>\r\n\r\n                            <a class=\"getStartedHidden\" href=\"https:\/\/app.talkpal.ai\/ro\/signup?lng=\">\u00cencepe<\/a>\r\n        \r\n    <\/div>\r\n\r\n    <figure>\r\n    <img decoding=\"async\" width=\"768\" height=\"768\" src=\"https:\/\/talkpal.ai\/wp-content\/uploads\/2023\/06\/armenian-768x768.png\" class=\"languageImage no-lazy\" alt=\"Language learning for higher cognition\" fetchpriority=\"high\" sizes=\"(max-width: 768px) 150px, 768px\" srcset=\"https:\/\/talkpal.ai\/wp-content\/uploads\/2023\/06\/armenian-768x768.png 768w, https:\/\/talkpal.ai\/wp-content\/uploads\/2023\/06\/armenian-300x300.png 300w\" \/>\r\n    \r\n\r\n    <\/figure>\r\n\r\n            <a class=\"getStartedVisible\" href=\"https:\/\/app.talkpal.ai\/ro\/signup?lng=\">\u00cencepe<\/a>\r\n    \r\n<\/section>\r\n<section class=\"promotionalBanner\">\r\n    <p class=\"promotionalText\">Cel mai eficient mod de a \u00eenv\u0103\u021ba o limb\u0103<\/p>\r\n    <a class=\"promotionalLink\" href=\"https:\/\/app.talkpal.ai\/ro\/signup?lng=\">\u00cencerca\u021bi Talkpal gratuit<\/a>\r\n<\/section>\n<div class=\"wp-block-group pageContainerStyle\"><div class=\"wp-block-group__inner-container is-layout-constrained wp-block-group-is-layout-constrained\">\n<h2 class=\"wp-block-heading\" id=\"h-discovering-the-richness-of-armenian-grammar\">Descoperind bog\u0103\u021bia gramaticii armene<\/h2>\n\n\n\n<p>Armeana, o limb\u0103 unic\u0103 \u0219i fascinant\u0103, de\u021bine un loc distinct \u00een familia indo-european\u0103. \u00cenv\u0103\u021barea limbii armene nu numai c\u0103 v\u0103 \u00eembog\u0103\u021be\u0219te repertoriul lingvistic, ci v\u0103 permite, de asemenea, s\u0103 v\u0103 scufunda\u021bi \u00een istoria \u0219i cultura bogat\u0103 a Armeniei. \u00cen timp ce gramatica armean\u0103 ar putea p\u0103rea descurajant\u0103 la prima vedere, descompunerea acesteia \u00een componentele <a href=\"https:\/\/talkpal.ai\/locations\/learn-english-in-sale\/\">sale<\/a> esen\u021biale simplific\u0103 procesul. \u00cen acest articol, v\u0103 vom introduce \u00een lumea captivant\u0103 a gramaticii armene\u0219ti \u0219i v\u0103 vom oferi sfaturi despre cum s\u0103-i st\u0103p\u00e2ni\u021bi complexitatea.<\/p>\n\n\n\n<h3 class=\"wp-block-heading\" id=\"h-1-the-armenian-alphabet\">1. Alfabetul armean<\/h3>\n\n\n\n<p>Armeana are alfabetul s\u0103u distinct, format din 39 de litere, fiecare reprezent\u00e2nd un fonem specific sau o combina\u021bie de foneme. Pentru a \u00eenv\u0103\u021ba gramatica armean\u0103, este esen\u021bial s\u0103 v\u0103 familiariza\u021bi cu acest sistem de scriere unic, exers\u00e2nd citirea \u0219i scrierea textelor \u00een armean\u0103.<\/p>\n\n\n\n<h3 class=\"wp-block-heading\" id=\"h-2-nouns-gender-and-cases\">2. Substantive: gen \u0219i cazuri<\/h3>\n\n\n\n<p>Substantivele armene nu au gen gramatical ca multe alte limbi. Cu toate acestea, au mai multe cazuri, inclusiv nominativ, acuzativ, dativ, genitiv, instrumental, ablativ \u0219i locativ. \u00cenv\u0103\u021barea regulilor de formare a acestor cazuri v\u0103 va permite s\u0103 \u00een\u021belege\u021bi mai bine \u0219i s\u0103 structura\u021bi propozi\u021biile armene.<\/p>\n\n\n\n<h3 class=\"wp-block-heading\" id=\"h-3-verbs-conjugation-and-tense\">3. Verbe: conjugare \u0219i timp<\/h3>\n\n\n\n<p>Verbele armene sunt conjugate \u00een func\u021bie de timpul, starea de spirit \u0219i aspectul lor. Exist\u0103 \u0219apte timpuri de baz\u0103 \u00een armean\u0103, inclusiv prezent, imperfect, perfect, aorist, viitor, pluperfect \u0219i viitor perfect. Verbele regulate urmeaz\u0103 modele specifice de conjugare, f\u0103c\u00e2ndu-le relativ u\u0219or de \u00eenv\u0103\u021bat odat\u0103 ce \u00een\u021belege\u021bi regulile.<\/p>\n\n\n\n<h3 class=\"wp-block-heading\" id=\"h-4-adjectives-agreement-and-placement\">4. Adjective: acord \u0219i plasare<\/h3>\n\n\n\n<p>\u00cen gramatica armean\u0103, adjectivele vin \u00een general \u00eenaintea substantivului <a href=\"https:\/\/talkpal.ai\/culture\/how-do-i-use-pe-care-correctly\/\">pe care<\/a> \u00eel modific\u0103 \u0219i nu trebuie s\u0103 fie de acord \u00een cazul substantivului. Cu toate acestea, adjectivele pot fi refuzate dac\u0103 sunt folosite substan\u021bial (ca substantiv) sau sunt precedate de anumite pronume demonstrative \u0219i posesive.<\/p>\n\n\n\n<p><strong>Exemple:<\/strong><\/p>\n\n\n\n<p>&#8211; \u057d\u0578\u0582\u0580\u0562 \u057f\u0561\u0573\u0561\u0580 (surb tachar) &#8211; templu sf\u00e2nt<\/p>\n\n\n\n<p>&#8211; \u0561\u0575\u057d \u0574\u0565\u056e \u057f\u0578\u0582\u0576 (ays <a href=\"https:\/\/talkpal.ai\/locations\/language-courses-in-metz\/\">metz<\/a> tun) &#8211; aceast\u0103 cas\u0103 mare<\/p>\n\n\n\n<h3 class=\"wp-block-heading\" id=\"h-5-evidentiality-in-verbs\">5. Probatorialitatea \u00een verbe<\/h3>\n\n\n\n<p>Un aspect unic al gramaticii armene este utilizarea verbelor probatorii. Aceast\u0103 caracteristic\u0103 arat\u0103 sursa cuno\u0219tin\u021belor unui vorbitor (experien\u021b\u0103 personal\u0103, zvonuri sau deduc\u021bii) cu privire la ac\u021biunea dintr-o propozi\u021bie. Acord\u00e2nd aten\u021bie acestor nuan\u021be v\u0103 poate ajuta s\u0103 oferi\u021bi context \u0219i claritate \u00een conversa\u021bia dvs.<\/p>\n\n\n\n<h3 class=\"wp-block-heading\" id=\"h-6-engaging-with-the-language\">6. Interac\u021biunea cu limba<\/h3>\n\n\n\n<p>Cel mai eficient mod de a \u00een\u021belege \u0219i internaliza gramatica armean\u0103 este de a interac\u021biona \u00een mod regulat cu limba. Citind literatura armean\u0103, vizion\u00e2nd filme sau seriale de televiziune \u0219i comunic\u00e2nd activ cu vorbitorii nativi, v\u0103 ve\u021bi consolida \u00een\u021belegerea gramaticii \u0219i v\u0103 ve\u021bi extinde vocabularul simultan.<\/p>\n\n\n\n<h3 class=\"wp-block-heading\" id=\"h-conclusion\">Concluzie<\/h3>\n\n\n\n<p>De\u0219i gramatica armean\u0103 poate p\u0103rea complicat\u0103, abordarea ei pas cu pas \u0219i practicarea consecvent\u0103 v\u0103 va ajuta s\u0103 deveni\u021bi competen\u021bi \u00een aceast\u0103 limb\u0103 frumoas\u0103. Accepta\u021bi provocarea pe m\u0103sur\u0103 ce v\u0103 \u00eembarca\u021bi \u00een aventura limbii armene, \u0219i \u00een cur\u00e2nd v\u0103 ve\u021bi g\u0103si navig\u00e2nd printre nuan\u021bele gramaticii sale cu o \u00eencredere din ce \u00een ce mai mare. Spor la studiu \u0219i bucura\u021bi-v\u0103 de explorarea bog\u0103\u021biei gramaticii armene!<\/p>\n<\/div><\/div>\n\r\n<section class=\"learnNavigationSection\">\r\n            \r\n        <a href=\"https:\/\/talkpal.ai\/ro\/invata-armeana\/\">\r\n            <div class=\"learnNavigationWrapper\">\r\n                <div class=\"learnNavigationContent\">\r\n                    <img decoding=\"async\" src=\"https:\/\/talkpal.ai\/wp-content\/uploads\/2024\/08\/Armenian.jpg\" alt=\"Armenian Flag\">\r\n                    <div>\r\n                        <h4>Despre Armenian Learning<\/h4>\r\n                        <p>Afla\u021bi totul despre gramatica armean\u0103 .<\/p>\r\n                    <\/div>\r\n                <\/div>\r\n            <\/div>\r\n        <\/a>\r\n\r\n        \r\n        <a href=\"https:\/\/talkpal.ai\/ro\/exercitii-de-gramatica-armeana\/\">\r\n            <div class=\"learnNavigationWrapper\">\r\n                <div class=\"learnNavigationContent\">\r\n                    <img decoding=\"async\" src=\"https:\/\/talkpal.ai\/wp-content\/uploads\/2024\/08\/Armenian.jpg\" alt=\"Armenian Flag\">\r\n                    <div>\r\n                        <h4>Exerci\u021biu de gramatic\u0103 armean\u0103<\/h4>\r\n                        <p>Exersa\u021bi gramatica armean\u0103.<\/p>\r\n                    <\/div>\r\n                <\/div>\r\n            <\/div>\r\n        <\/a>\r\n\r\n        \r\n        <a href=\"https:\/\/talkpal.ai\/vocabulary_language\/armenian\/\">\r\n            <div class=\"learnNavigationWrapper\">\r\n                <div class=\"learnNavigationContent\">\r\n                    <img decoding=\"async\" src=\"https:\/\/talkpal.ai\/wp-content\/uploads\/2024\/08\/Armenian.jpg\" alt=\"Armenian Flag\">\r\n                    <div>\r\n                        <h4>Vocabular armean<\/h4>\r\n                        <p>Extinde\u021bi-v\u0103 vocabularul armean.<\/p>\r\n                    <\/div>\r\n                <\/div>\r\n            <\/div>\r\n        <\/a>\r\n\r\n            <\/section>","protected":false},"excerpt":{"rendered":"<p>Descoperind bog\u0103\u021bia gramaticii armene Armeana, o limb\u0103 unic\u0103 \u0219i fascinant\u0103, de\u021bine un loc distinct \u00een familia indo-european\u0103. \u00cenv\u0103\u021barea limbii armene nu numai c\u0103 v\u0103 \u00eembog\u0103\u021be\u0219te repertoriul lingvistic, ci v\u0103 permite, de asemenea, s\u0103 v\u0103 scufunda\u021bi \u00een istoria \u0219i cultura bogat\u0103 a Armeniei. \u00cen timp ce gramatica armean\u0103 ar putea p\u0103rea descurajant\u0103 la prima vedere, descompunerea [&hellip;]<\/p>\n","protected":false},"author":1,"featured_media":109153,"parent":0,"menu_order":0,"comment_status":"closed","ping_status":"closed","template":"LearningContentPage.php","meta":{"_acf_changed":false,"footnotes":""},"class_list":["post-140438","page","type-page","status-publish","has-post-thumbnail","hentry"],"acf":[],"yoast_head":"<!-- This site is optimized with the Yoast SEO Premium plugin v27.2 (Yoast SEO v27.2) - https:\/\/yoast.com\/product\/yoast-seo-premium-wordpress\/ -->\n<title>Gramatica armean\u0103 - Talkpal<\/title>\n<meta name=\"description\" content=\"Descoperi\u021bi secretele gramaticii armene\u0219ti \u0219i explora\u021bi cultura bogat\u0103 a Armeniei \u00een timp ce st\u0103p\u00e2ni\u021bi aceast\u0103 limb\u0103 fascinant\u0103.\" \/>\n<meta name=\"robots\" content=\"index, follow, max-snippet:-1, max-image-preview:large, max-video-preview:-1\" \/>\n<link rel=\"canonical\" href=\"https:\/\/talkpal.ai\/ro\/gramatica-armeana\/\" \/>\n<meta property=\"og:locale\" content=\"ro_RO\" \/>\n<meta property=\"og:type\" content=\"article\" \/>\n<meta property=\"og:title\" content=\"Gramatica armean\u0103\" \/>\n<meta property=\"og:description\" content=\"Descoperind bog\u0103\u021bia gramaticii armene Armeana, o limb\u0103 unic\u0103 \u0219i fascinant\u0103, de\u021bine un loc distinct \u00een familia indo-european\u0103. \u00cenv\u0103\u021barea limbii armene nu\" \/>\n<meta property=\"og:url\" content=\"https:\/\/talkpal.ai\/ro\/gramatica-armeana\/\" \/>\n<meta property=\"og:site_name\" content=\"Talkpal\" \/>\n<meta property=\"article:publisher\" content=\"https:\/\/www.facebook.com\/profile.php?id=100090733639311\" \/>\n<meta property=\"article:modified_time\" content=\"2025-05-21T10:54:14+00:00\" \/>\n<meta property=\"og:image\" content=\"https:\/\/talkpal.ai\/wp-content\/uploads\/2023\/05\/armenia.png\" \/>\n\t<meta property=\"og:image:width\" content=\"512\" \/>\n\t<meta property=\"og:image:height\" content=\"512\" \/>\n\t<meta property=\"og:image:type\" content=\"image\/png\" \/>\n<meta name=\"twitter:card\" content=\"summary_large_image\" \/>\n<meta name=\"twitter:site\" content=\"@talkpalai\" \/>\n<meta name=\"twitter:label1\" content=\"Timp estimat pentru citire\" \/>\n\t<meta name=\"twitter:data1\" content=\"3 minute\" \/>\n<script type=\"application\/ld+json\" class=\"yoast-schema-graph\">{\"@context\":\"https:\/\/schema.org\",\"@graph\":[{\"@type\":\"WebPage\",\"@id\":\"https:\/\/talkpal.ai\/ro\/gramatica-armeana\/\",\"url\":\"https:\/\/talkpal.ai\/ro\/gramatica-armeana\/\",\"name\":\"Gramatica armean\u0103 - Talkpal\",\"isPartOf\":{\"@id\":\"https:\/\/talkpal.ai\/ro\/#website\"},\"primaryImageOfPage\":{\"@id\":\"https:\/\/talkpal.ai\/ro\/gramatica-armeana\/#primaryimage\"},\"image\":{\"@id\":\"https:\/\/talkpal.ai\/ro\/gramatica-armeana\/#primaryimage\"},\"thumbnailUrl\":\"https:\/\/talkpal.ai\/wp-content\/uploads\/2023\/05\/armenia.png\",\"datePublished\":\"2023-05-14T13:54:14+00:00\",\"dateModified\":\"2025-05-21T10:54:14+00:00\",\"description\":\"Descoperi\u021bi secretele gramaticii armene\u0219ti \u0219i explora\u021bi cultura bogat\u0103 a Armeniei \u00een timp ce st\u0103p\u00e2ni\u021bi aceast\u0103 limb\u0103 fascinant\u0103.\",\"breadcrumb\":{\"@id\":\"https:\/\/talkpal.ai\/ro\/gramatica-armeana\/#breadcrumb\"},\"inLanguage\":\"ro-RO\",\"potentialAction\":[{\"@type\":\"ReadAction\",\"target\":[\"https:\/\/talkpal.ai\/ro\/gramatica-armeana\/\"]}]},{\"@type\":\"ImageObject\",\"inLanguage\":\"ro-RO\",\"@id\":\"https:\/\/talkpal.ai\/ro\/gramatica-armeana\/#primaryimage\",\"url\":\"https:\/\/talkpal.ai\/wp-content\/uploads\/2023\/05\/armenia.png\",\"contentUrl\":\"https:\/\/talkpal.ai\/wp-content\/uploads\/2023\/05\/armenia.png\",\"width\":512,\"height\":512},{\"@type\":\"BreadcrumbList\",\"@id\":\"https:\/\/talkpal.ai\/ro\/gramatica-armeana\/#breadcrumb\",\"itemListElement\":[{\"@type\":\"ListItem\",\"position\":1,\"name\":\"Homepage\",\"item\":\"https:\/\/talkpal.ai\/ro\/\"},{\"@type\":\"ListItem\",\"position\":2,\"name\":\"Gramatica armean\u0103\"}]},{\"@type\":\"WebSite\",\"@id\":\"https:\/\/talkpal.ai\/ro\/#website\",\"url\":\"https:\/\/talkpal.ai\/ro\/\",\"name\":\"Talkpal\",\"description\":\"AI Language Learning\",\"publisher\":{\"@id\":\"https:\/\/talkpal.ai\/ro\/#organization\"},\"alternateName\":\"Talkpal AI\",\"potentialAction\":[{\"@type\":\"SearchAction\",\"target\":{\"@type\":\"EntryPoint\",\"urlTemplate\":\"https:\/\/talkpal.ai\/ro\/?s={search_term_string}\"},\"query-input\":{\"@type\":\"PropertyValueSpecification\",\"valueRequired\":true,\"valueName\":\"search_term_string\"}}],\"inLanguage\":\"ro-RO\"},{\"@type\":\"Organization\",\"@id\":\"https:\/\/talkpal.ai\/ro\/#organization\",\"name\":\"Talkpal, Inc.\",\"alternateName\":\"Talkpal AI\",\"url\":\"https:\/\/talkpal.ai\/ro\/\",\"logo\":{\"@type\":\"ImageObject\",\"inLanguage\":\"ro-RO\",\"@id\":\"https:\/\/talkpal.ai\/ro\/#\/schema\/logo\/image\/\",\"url\":\"https:\/\/talkpal.ai\/wp-content\/uploads\/2024\/03\/Talkpal-Logo-Icon.png\",\"contentUrl\":\"https:\/\/talkpal.ai\/wp-content\/uploads\/2024\/03\/Talkpal-Logo-Icon.png\",\"width\":2880,\"height\":2880,\"caption\":\"Talkpal, Inc.\"},\"image\":{\"@id\":\"https:\/\/talkpal.ai\/ro\/#\/schema\/logo\/image\/\"},\"sameAs\":[\"https:\/\/www.facebook.com\/profile.php?id=100090733639311\",\"https:\/\/x.com\/talkpalai\",\"https:\/\/www.linkedin.com\/company\/talkpal\/\",\"https:\/\/www.youtube.com\/@TalkPal\/\",\"https:\/\/www.tiktok.com\/@talkpal\",\"https:\/\/www.instagram.com\/talkpal_ai\/\",\"https:\/\/www.crunchbase.com\/organization\/talkpal-9cde\",\"https:\/\/www.g2.com\/products\/talkpal-for-business\/\",\"https:\/\/www.trustpilot.com\/review\/talkpal.ai\",\"https:\/\/www.capterra.com\/p\/10006800\/TalkPal\/\"],\"description\":\"Talkpal is a language learning web and mobile education app, powered by the latest AI technologies, that provides engaging experiences to its customers in many different languages to help them improve their language skills. Users can chat about unlimited amount of topics with the app and use other modes to practice their language learning.\",\"email\":\"support@talkpal.ai\",\"legalName\":\"Talkpal, Inc.\",\"foundingDate\":\"2023-04-03\",\"duns\":\"118989042\",\"numberOfEmployees\":{\"@type\":\"QuantitativeValue\",\"minValue\":\"11\",\"maxValue\":\"50\"},\"publishingPrinciples\":\"https:\/\/talkpal.ai\/publishing-principles\/\",\"actionableFeedbackPolicy\":\"https:\/\/talkpal.ai\/actionable-feedback-policy\/\",\"correctionsPolicy\":\"https:\/\/talkpal.ai\/corrections-policy\/\",\"ethicsPolicy\":\"https:\/\/talkpal.ai\/ethics-policy\/\",\"diversityPolicy\":\"https:\/\/talkpal.ai\/diversity-policy\/\",\"diversityStaffingReport\":\"https:\/\/talkpal.ai\/diversity-policy\/\"}]}<\/script>\n<!-- \/ Yoast SEO Premium plugin. -->","yoast_head_json":{"title":"Gramatica armean\u0103 - Talkpal","description":"Descoperi\u021bi secretele gramaticii armene\u0219ti \u0219i explora\u021bi cultura bogat\u0103 a Armeniei \u00een timp ce st\u0103p\u00e2ni\u021bi aceast\u0103 limb\u0103 fascinant\u0103.","robots":{"index":"index","follow":"follow","max-snippet":"max-snippet:-1","max-image-preview":"max-image-preview:large","max-video-preview":"max-video-preview:-1"},"canonical":"https:\/\/talkpal.ai\/ro\/gramatica-armeana\/","og_locale":"ro_RO","og_type":"article","og_title":"Gramatica armean\u0103","og_description":"Descoperind bog\u0103\u021bia gramaticii armene Armeana, o limb\u0103 unic\u0103 \u0219i fascinant\u0103, de\u021bine un loc distinct \u00een familia indo-european\u0103. \u00cenv\u0103\u021barea limbii armene nu","og_url":"https:\/\/talkpal.ai\/ro\/gramatica-armeana\/","og_site_name":"Talkpal","article_publisher":"https:\/\/www.facebook.com\/profile.php?id=100090733639311","article_modified_time":"2025-05-21T10:54:14+00:00","og_image":[{"width":512,"height":512,"url":"https:\/\/talkpal.ai\/wp-content\/uploads\/2023\/05\/armenia.png","type":"image\/png"}],"twitter_card":"summary_large_image","twitter_site":"@talkpalai","twitter_misc":{"Timp estimat pentru citire":"3 minute"},"schema":{"@context":"https:\/\/schema.org","@graph":[{"@type":"WebPage","@id":"https:\/\/talkpal.ai\/ro\/gramatica-armeana\/","url":"https:\/\/talkpal.ai\/ro\/gramatica-armeana\/","name":"Gramatica armean\u0103 - Talkpal","isPartOf":{"@id":"https:\/\/talkpal.ai\/ro\/#website"},"primaryImageOfPage":{"@id":"https:\/\/talkpal.ai\/ro\/gramatica-armeana\/#primaryimage"},"image":{"@id":"https:\/\/talkpal.ai\/ro\/gramatica-armeana\/#primaryimage"},"thumbnailUrl":"https:\/\/talkpal.ai\/wp-content\/uploads\/2023\/05\/armenia.png","datePublished":"2023-05-14T13:54:14+00:00","dateModified":"2025-05-21T10:54:14+00:00","description":"Descoperi\u021bi secretele gramaticii armene\u0219ti \u0219i explora\u021bi cultura bogat\u0103 a Armeniei \u00een timp ce st\u0103p\u00e2ni\u021bi aceast\u0103 limb\u0103 fascinant\u0103.","breadcrumb":{"@id":"https:\/\/talkpal.ai\/ro\/gramatica-armeana\/#breadcrumb"},"inLanguage":"ro-RO","potentialAction":[{"@type":"ReadAction","target":["https:\/\/talkpal.ai\/ro\/gramatica-armeana\/"]}]},{"@type":"ImageObject","inLanguage":"ro-RO","@id":"https:\/\/talkpal.ai\/ro\/gramatica-armeana\/#primaryimage","url":"https:\/\/talkpal.ai\/wp-content\/uploads\/2023\/05\/armenia.png","contentUrl":"https:\/\/talkpal.ai\/wp-content\/uploads\/2023\/05\/armenia.png","width":512,"height":512},{"@type":"BreadcrumbList","@id":"https:\/\/talkpal.ai\/ro\/gramatica-armeana\/#breadcrumb","itemListElement":[{"@type":"ListItem","position":1,"name":"Homepage","item":"https:\/\/talkpal.ai\/ro\/"},{"@type":"ListItem","position":2,"name":"Gramatica armean\u0103"}]},{"@type":"WebSite","@id":"https:\/\/talkpal.ai\/ro\/#website","url":"https:\/\/talkpal.ai\/ro\/","name":"Talkpal","description":"AI Language Learning","publisher":{"@id":"https:\/\/talkpal.ai\/ro\/#organization"},"alternateName":"Talkpal AI","potentialAction":[{"@type":"SearchAction","target":{"@type":"EntryPoint","urlTemplate":"https:\/\/talkpal.ai\/ro\/?s={search_term_string}"},"query-input":{"@type":"PropertyValueSpecification","valueRequired":true,"valueName":"search_term_string"}}],"inLanguage":"ro-RO"},{"@type":"Organization","@id":"https:\/\/talkpal.ai\/ro\/#organization","name":"Talkpal, Inc.","alternateName":"Talkpal AI","url":"https:\/\/talkpal.ai\/ro\/","logo":{"@type":"ImageObject","inLanguage":"ro-RO","@id":"https:\/\/talkpal.ai\/ro\/#\/schema\/logo\/image\/","url":"https:\/\/talkpal.ai\/wp-content\/uploads\/2024\/03\/Talkpal-Logo-Icon.png","contentUrl":"https:\/\/talkpal.ai\/wp-content\/uploads\/2024\/03\/Talkpal-Logo-Icon.png","width":2880,"height":2880,"caption":"Talkpal, Inc."},"image":{"@id":"https:\/\/talkpal.ai\/ro\/#\/schema\/logo\/image\/"},"sameAs":["https:\/\/www.facebook.com\/profile.php?id=100090733639311","https:\/\/x.com\/talkpalai","https:\/\/www.linkedin.com\/company\/talkpal\/","https:\/\/www.youtube.com\/@TalkPal\/","https:\/\/www.tiktok.com\/@talkpal","https:\/\/www.instagram.com\/talkpal_ai\/","https:\/\/www.crunchbase.com\/organization\/talkpal-9cde","https:\/\/www.g2.com\/products\/talkpal-for-business\/","https:\/\/www.trustpilot.com\/review\/talkpal.ai","https:\/\/www.capterra.com\/p\/10006800\/TalkPal\/"],"description":"Talkpal is a language learning web and mobile education app, powered by the latest AI technologies, that provides engaging experiences to its customers in many different languages to help them improve their language skills. Users can chat about unlimited amount of topics with the app and use other modes to practice their language learning.","email":"support@talkpal.ai","legalName":"Talkpal, Inc.","foundingDate":"2023-04-03","duns":"118989042","numberOfEmployees":{"@type":"QuantitativeValue","minValue":"11","maxValue":"50"},"publishingPrinciples":"https:\/\/talkpal.ai\/publishing-principles\/","actionableFeedbackPolicy":"https:\/\/talkpal.ai\/actionable-feedback-policy\/","correctionsPolicy":"https:\/\/talkpal.ai\/corrections-policy\/","ethicsPolicy":"https:\/\/talkpal.ai\/ethics-policy\/","diversityPolicy":"https:\/\/talkpal.ai\/diversity-policy\/","diversityStaffingReport":"https:\/\/talkpal.ai\/diversity-policy\/"}]}},"_links":{"self":[{"href":"https:\/\/talkpal.ai\/ro\/wp-json\/wp\/v2\/pages\/140438","targetHints":{"allow":["GET"]}}],"collection":[{"href":"https:\/\/talkpal.ai\/ro\/wp-json\/wp\/v2\/pages"}],"about":[{"href":"https:\/\/talkpal.ai\/ro\/wp-json\/wp\/v2\/types\/page"}],"author":[{"embeddable":true,"href":"https:\/\/talkpal.ai\/ro\/wp-json\/wp\/v2\/users\/1"}],"replies":[{"embeddable":true,"href":"https:\/\/talkpal.ai\/ro\/wp-json\/wp\/v2\/comments?post=140438"}],"version-history":[{"count":0,"href":"https:\/\/talkpal.ai\/ro\/wp-json\/wp\/v2\/pages\/140438\/revisions"}],"wp:featuredmedia":[{"embeddable":true,"href":"https:\/\/talkpal.ai\/ro\/wp-json\/wp\/v2\/media\/109153"}],"wp:attachment":[{"href":"https:\/\/talkpal.ai\/ro\/wp-json\/wp\/v2\/media?parent=140438"}],"curies":[{"name":"wp","href":"https:\/\/api.w.org\/{rel}","templated":true}]}}