{"id":140122,"date":"2023-05-14T13:53:48","date_gmt":"2023-05-14T13:53:48","guid":{"rendered":"http:\/\/talkpal.ai\/gramatica-azera\/"},"modified":"2025-05-22T08:23:56","modified_gmt":"2025-05-22T08:23:56","slug":"gramatica-azera","status":"publish","type":"page","link":"https:\/\/talkpal.ai\/ro\/gramatica-azera\/","title":{"rendered":"Gramatica azer\u0103"},"content":{"rendered":"\r\n\r\n\r\n<section class=\"languageChallengeSection\">\r\n    <div class=\"languageInfoWrapper\">\r\n        \r\n        <h1>Gramatica azer\u0103<\/h1>\r\n        <p>Sunte\u021bi gata s\u0103 descoperi\u021bi frumuse\u021bea limbii azere? P\u0103trunde\u021bi \u00een gramatica azer\u0103 \u0219i descoperi\u021bi structura sa unic\u0103, de la armonia vocalelor la formele expresive ale verbelor. \u00cencepe\u021bi s\u0103 \u00eenv\u0103\u021ba\u021bi ast\u0103zi \u0219i experimenta\u021bi cum st\u0103p\u00e2nirea gramaticii v\u0103 deschide cu adev\u0103rat calea c\u0103tre o conversa\u021bie fluent\u0103 \u0219i o \u00een\u021belegere mai profund\u0103 a culturii azere!<\/p>\r\n\r\n                            <a class=\"getStartedHidden\" href=\"https:\/\/app.talkpal.ai\/ro\/signup?lng=\">\u00cencepe<\/a>\r\n        \r\n    <\/div>\r\n\r\n    <figure>\r\n    <img decoding=\"async\" width=\"768\" height=\"768\" src=\"https:\/\/talkpal.ai\/wp-content\/uploads\/2023\/06\/azerbaijani-768x768.png\" class=\"languageImage no-lazy\" alt=\"Language learning for enhanced cognitive skills\" fetchpriority=\"high\" sizes=\"(max-width: 768px) 150px, 768px\" srcset=\"https:\/\/talkpal.ai\/wp-content\/uploads\/2023\/06\/azerbaijani-768x768.png 768w, https:\/\/talkpal.ai\/wp-content\/uploads\/2023\/06\/azerbaijani-300x300.png 300w\" \/>\r\n    \r\n\r\n    <\/figure>\r\n\r\n            <a class=\"getStartedVisible\" href=\"https:\/\/app.talkpal.ai\/ro\/signup?lng=\">\u00cencepe<\/a>\r\n    \r\n<\/section>\r\n<section class=\"promotionalBanner\">\r\n    <p class=\"promotionalText\">Cel mai eficient mod de a \u00eenv\u0103\u021ba o limb\u0103<\/p>\r\n    <a class=\"promotionalLink\" href=\"https:\/\/app.talkpal.ai\/ro\/signup?lng=\">\u00cencerca\u021bi Talkpal gratuit<\/a>\r\n<\/section>\n<div class=\"wp-block-group pageContainerStyle\"><div class=\"wp-block-group__inner-container is-layout-constrained wp-block-group-is-layout-constrained\">\n<h2 class=\"wp-block-heading\" id=\"h-a-comprehensive-guide-to-azerbaijani-grammar\">Un ghid cuprinz\u0103tor al gramaticii azere<\/h2>\n\n\n\n<p>Te-ai g\u00e2ndit vreodat\u0103 s\u0103 \u00eenve\u021bi azer\u0103? Ca limb\u0103 oficial\u0103 a Azerbaidjanului \u0219i vorbit\u0103 de milioane de oameni din regiunea Caucazului, azerbaidjanul este o limb\u0103 unic\u0103 \u0219i fascinant\u0103. Cu o istorie bogat\u0103, o cultur\u0103 divers\u0103 \u0219i un amestec de influen\u021be din limbile turc\u0103, <a href=\"https:\/\/talkpal.ai\/learn-russian\/\">rus\u0103<\/a> \u0219i <a href=\"https:\/\/talkpal.ai\/learn-persian\/\">persan\u0103<\/a>, limba azer\u0103 ofer\u0103 o experien\u021b\u0103 lingvistic\u0103 unic\u0103. Dar nu te teme, prietene! \u00cen acest articol, vom descoperi minunile gramaticii azere, f\u0103c\u00e2nd-o accesibil\u0103 \u0219i, \u00eendr\u0103znesc s\u0103 spun, pl\u0103cut\u0103 pentru pasiona\u021bii de <a href=\"https:\/\/talkpal.ai\/ro\/tutor-de-limbi-straine\/\">limbi str\u0103ine<\/a> ca tine.<\/p>\n\n\n\n<p><strong>S\u0103 \u00eencepem, da?<\/strong><\/p>\n\n\n\n<h3 class=\"wp-block-heading\" id=\"h-1-the-azerbaijani-alphabet-a-fusion-of-beauty-and-simplicity\">1. Alfabetul azer: o fuziune \u00eentre frumuse\u021be \u0219i simplitate<\/h3>\n\n\n\n<p>Alfabetul azer se bazeaz\u0103 pe alfabetul latin, format din 32 de litere. Nu v\u0103 face\u021bi griji, nu va trebui s\u0103 descifra\u021bi caractere criptice, deoarece seam\u0103n\u0103 foarte mult cu alfabetul englezesc. Cu toate acestea, unele litere posed\u0103 accente unice \u0219i semne diacritice pentru a reprezenta sunete specifice azere. Care este cheia de urmat? St\u0103p\u00e2nirea alfabetului este primul pas mic, dar esen\u021bial \u00een \u00eenv\u0103\u021barea limbii.<\/p>\n\n\n\n<h3 class=\"wp-block-heading\" id=\"h-2-word-order-simple-as-s-o-v\">2. Ordinea cuvintelor: Simplu ca S-O-V!<\/h3>\n\n\n\n<p>Spre deosebire de <a href=\"https:\/\/talkpal.ai\/learn-english-with-ai\/\">englez\u0103<\/a>, care urmeaz\u0103 o ordine de cuvinte subiect-verb-obiect (SVO), azerbaidjanul este o limb\u0103 SOV. Asta \u00eenseamn\u0103 c\u0103 ve\u021bi g\u0103si de obicei subiectul la \u00eenceputul unei propozi\u021bii, urmat de obiect \u0219i termin\u00e2nd cu verbul. S-ar putea p\u0103rea pu\u021bin ciudat la \u00eenceput, dar crede\u021bi-m\u0103, v\u0103 ve\u021bi obi\u0219nui imediat! De exemplu, \u00een limba englez\u0103, spunem &#8222;I love Azerbaijan&#8221;. \u00cen azer\u0103, propozi\u021bia ar fi &#8222;M\u0259n Az\u0259rbaycan\u0131 sevir\u0259m&#8221; (literal, &#8222;Eu iubesc Azerbaidjanul&#8221;). Bucat\u0103 de tort, nu?<\/p>\n\n\n\n<h3 class=\"wp-block-heading\" id=\"h-3-noun-cases-a-colorful-display-of-linguistic-variety\">3. Cazuri substantivale: o afi\u0219are colorat\u0103 a variet\u0103\u021bii lingvistice<\/h3>\n\n\n\n<p>Una dintre cele mai izbitoare tr\u0103s\u0103turi ale gramaticii azere este cazurile <a href=\"https:\/\/talkpal.ai\/locations\/learn-english-in-sale\/\">sale<\/a> substantivale. Limba are \u0219ase cazuri distincte, fiecare servind o func\u021bie specific\u0103. Acestea sunt: nominativ, genitiv, dativ, acuzativ, locativ \u0219i ablativ. Acum, asta ar putea suna intimidant, dar nu v\u0103 teme\u021bi! La fel ca pictarea unei imagini cu culori diferite, aceste cazuri adaug\u0103 profunzime \u0219i semnifica\u021bie propozi\u021biilor tale. De exemplu, &#8222;kitab&#8221; (carte) se poate transforma \u00een &#8222;kitab\u0131n&#8221; (al c\u0103r\u021bii) pentru a exprima posesia. Pe m\u0103sur\u0103 ce v\u0103 familiariza\u021bi treptat cu aceste cazuri, ve\u021bi \u00eencepe s\u0103 aprecia\u021bi semnifica\u021bia lor \u00een limb\u0103.<\/p>\n\n\n\n<h3 class=\"wp-block-heading\" id=\"h-4-verb-conjugation-express-yourself-with-ease\">4. Conjugarea verbelor: exprima\u021bi-v\u0103 cu u\u0219urin\u021b\u0103<\/h3>\n\n\n\n<p>Verbele azere sunt bogate \u0219i expresive, permi\u021b\u00e2ndu-v\u0103 s\u0103 transmite\u021bi o gam\u0103 larg\u0103 de ac\u021biuni, emo\u021bii, inten\u021bii \u0219i multe altele. Cheia pentru st\u0103p\u00e2nirea conjug\u0103rii verbelor azere const\u0103 \u00een \u00een\u021belegerea formei infinitive (forma de baz\u0103, neconjugat\u0103 a verbului) \u0219i a diferitelor sufixe care indic\u0103 timpul, persoana \u0219i num\u0103rul. De exemplu, infinitivul &#8222;g\u00f6rm\u0259k&#8221; (to see) poate deveni &#8222;g\u00f6r\u00fcr\u0259m&#8221; (I see) sau &#8222;g\u00f6rd\u00fcm&#8221; (I saw) prin magia conjug\u0103rii. Practica face perfec\u021biunea, a\u0219a c\u0103 continua\u021bi \u0219i ve\u021bi fi un expert \u00een conjugarea verbelor \u00een cel mai scurt timp!<\/p>\n\n\n\n<h3 class=\"wp-block-heading\" id=\"h-5-it-s-all-about-the-context-dig-deep-into-the-azerbaijani-mindset\">5. Totul \u021bine de context: Sap\u0103 ad\u00e2nc \u00een mentalitatea azer\u0103!<\/h3>\n\n\n\n<p>Pe m\u0103sur\u0103 ce \u00eencepe\u021bi s\u0103 pune\u021bi cap la cap propozi\u021bii \u0219i s\u0103 v\u0103 scufunda\u021bi \u00een limba azer\u0103, re\u021bine\u021bi \u00eentotdeauna c\u0103 contextul este crucial. Cultura, istoria \u0219i viziunea azer\u0103 asupra lumii joac\u0103 un rol important \u00een modelarea limbii. Prin urmare, a\u0219a cum se spune, &#8222;c\u00e2nd e\u0219ti la <a href=\"https:\/\/talkpal.ai\/it\/locations\/impara-lo-spagnolo-a-roma\/\">Roma<\/a>, f\u0103 ce fac romanii&#8221;. Scufunda\u021bi-v\u0103 \u00een mentalitatea azer\u0103 pentru a ob\u021bine un adev\u0103rat <a href=\"https:\/\/talkpal.ai\/locations\/language-courses-in-sens\/\">sens<\/a> al limbii. Interac\u021biona\u021bi cu vorbitori nativi, explora\u021bi literatura local\u0103 \u0219i \u00eembr\u0103\u021bi\u0219a\u021bi idiosincraziile limbii. Crede\u021bi-m\u0103, nu numai c\u0103 v\u0103 ve\u021bi \u00eembun\u0103t\u0103\u021bi cuno\u0219tin\u021bele de limb\u0103, dar ve\u021bi avea parte \u0219i de experien\u021be \u0219i amintiri de neuitat.<\/p>\n\n\n\n<p>\u00cen concluzie, gramatica azer\u0103 poate p\u0103rea o provocare la \u00eenceput, dar cu dedicare, practic\u0103 \u0219i un interes deosebit pentru cultur\u0103, vei deveni un profesionist \u00een cel mai scurt timp! Deci, de ce s\u0103 a\u0219tep\u021bi? Face\u021bi pasul \u0219i porni\u021bi \u00een aceast\u0103 aventur\u0103 lingvistic\u0103 interesant\u0103, care v\u0103 va l\u0103sa uimi\u021bi de frumuse\u021bea \u0219i profunzimea limbii azere.<\/p>\n<\/div><\/div>\n\r\n<section class=\"learnNavigationSection\">\r\n            \r\n        <a href=\"https:\/\/talkpal.ai\/ro\/invata-azera\/\">\r\n            <div class=\"learnNavigationWrapper\">\r\n                <div class=\"learnNavigationContent\">\r\n                    <img decoding=\"async\" src=\"https:\/\/talkpal.ai\/wp-content\/uploads\/2024\/08\/Azerbaijani.jpg\" alt=\"Azerbaijani Flag\">\r\n                    <div>\r\n                        <h4>Despre \u00eenv\u0103\u021barea \u00een Azerbaidjan<\/h4>\r\n                        <p>Afla\u021bi totul despre gramatica azer\u0103 .<\/p>\r\n                    <\/div>\r\n                <\/div>\r\n            <\/div>\r\n        <\/a>\r\n\r\n        \r\n        <a href=\"https:\/\/talkpal.ai\/ro\/exercitii-de-gramatica-azera\/\">\r\n            <div class=\"learnNavigationWrapper\">\r\n                <div class=\"learnNavigationContent\">\r\n                    <img decoding=\"async\" src=\"https:\/\/talkpal.ai\/wp-content\/uploads\/2024\/08\/Azerbaijani.jpg\" alt=\"Azerbaijani Flag\">\r\n                    <div>\r\n                        <h4>Exerci\u021biu de gramatic\u0103 azer\u0103<\/h4>\r\n                        <p>Exersa\u021bi gramatica azer\u0103.<\/p>\r\n                    <\/div>\r\n                <\/div>\r\n            <\/div>\r\n        <\/a>\r\n\r\n        \r\n        <a href=\"https:\/\/talkpal.ai\/vocabulary_language\/azerbaijani\/\">\r\n            <div class=\"learnNavigationWrapper\">\r\n                <div class=\"learnNavigationContent\">\r\n                    <img decoding=\"async\" src=\"https:\/\/talkpal.ai\/wp-content\/uploads\/2024\/08\/Azerbaijani.jpg\" alt=\"Azerbaijani Flag\">\r\n                    <div>\r\n                        <h4>Vocabular \u00een azerbaidjan\u0103<\/h4>\r\n                        <p>Extinde\u021bi-v\u0103 vocabularul \u00een azer\u0103.<\/p>\r\n                    <\/div>\r\n                <\/div>\r\n            <\/div>\r\n        <\/a>\r\n\r\n            <\/section>","protected":false},"excerpt":{"rendered":"<p>Un ghid cuprinz\u0103tor al gramaticii azere Te-ai g\u00e2ndit vreodat\u0103 s\u0103 \u00eenve\u021bi azer\u0103? Ca limb\u0103 oficial\u0103 a Azerbaidjanului \u0219i vorbit\u0103 de milioane de oameni din regiunea Caucazului, azerbaidjanul este o limb\u0103 unic\u0103 \u0219i fascinant\u0103. Cu o istorie bogat\u0103, o cultur\u0103 divers\u0103 \u0219i un amestec de influen\u021be din limbile turc\u0103, rus\u0103 \u0219i persan\u0103, limba azer\u0103 ofer\u0103 o [&hellip;]<\/p>\n","protected":false},"author":1,"featured_media":109497,"parent":0,"menu_order":0,"comment_status":"closed","ping_status":"closed","template":"LearningContentPage.php","meta":{"_acf_changed":false,"footnotes":""},"class_list":["post-140122","page","type-page","status-publish","has-post-thumbnail","hentry"],"acf":[],"yoast_head":"<!-- This site is optimized with the Yoast SEO Premium plugin v27.2 (Yoast SEO v27.2) - https:\/\/yoast.com\/product\/yoast-seo-premium-wordpress\/ -->\n<title>Gramatica azer\u0103 - Talkpal<\/title>\n<meta name=\"description\" content=\"St\u0103p\u00e2ne\u0219te gramatica azer\u0103 f\u0103r\u0103 efort cu Talkpal, tutorele t\u0103u bazat pe inteligen\u021b\u0103 artificial\u0103. Descoperi\u021bi explica\u021bii simple, exerci\u021bii interactive \u0219i sfaturi practice\" \/>\n<meta name=\"robots\" content=\"index, follow, max-snippet:-1, max-image-preview:large, max-video-preview:-1\" \/>\n<link rel=\"canonical\" href=\"https:\/\/talkpal.ai\/ro\/gramatica-azera\/\" \/>\n<meta property=\"og:locale\" content=\"ro_RO\" \/>\n<meta property=\"og:type\" content=\"article\" \/>\n<meta property=\"og:title\" content=\"Gramatica azer\u0103\" \/>\n<meta property=\"og:description\" content=\"Un ghid cuprinz\u0103tor al gramaticii azere Te-ai g\u00e2ndit vreodat\u0103 s\u0103 \u00eenve\u021bi azer\u0103? Ca limb\u0103 oficial\u0103 a Azerbaidjanului \u0219i vorbit\u0103 de milioane de oameni din\" \/>\n<meta property=\"og:url\" content=\"https:\/\/talkpal.ai\/ro\/gramatica-azera\/\" \/>\n<meta property=\"og:site_name\" content=\"Talkpal\" \/>\n<meta property=\"article:publisher\" content=\"https:\/\/www.facebook.com\/profile.php?id=100090733639311\" \/>\n<meta property=\"article:modified_time\" content=\"2025-05-22T08:23:56+00:00\" \/>\n<meta property=\"og:image\" content=\"https:\/\/talkpal.ai\/wp-content\/uploads\/2023\/05\/azerbaijan.png\" \/>\n\t<meta property=\"og:image:width\" content=\"512\" \/>\n\t<meta property=\"og:image:height\" content=\"512\" \/>\n\t<meta property=\"og:image:type\" content=\"image\/png\" \/>\n<meta name=\"twitter:card\" content=\"summary_large_image\" \/>\n<meta name=\"twitter:site\" content=\"@talkpalai\" \/>\n<meta name=\"twitter:label1\" content=\"Timp estimat pentru citire\" \/>\n\t<meta name=\"twitter:data1\" content=\"3 minute\" \/>\n<script type=\"application\/ld+json\" class=\"yoast-schema-graph\">{\"@context\":\"https:\/\/schema.org\",\"@graph\":[{\"@type\":\"WebPage\",\"@id\":\"https:\/\/talkpal.ai\/ro\/gramatica-azera\/\",\"url\":\"https:\/\/talkpal.ai\/ro\/gramatica-azera\/\",\"name\":\"Gramatica azer\u0103 - Talkpal\",\"isPartOf\":{\"@id\":\"https:\/\/talkpal.ai\/ro\/#website\"},\"primaryImageOfPage\":{\"@id\":\"https:\/\/talkpal.ai\/ro\/gramatica-azera\/#primaryimage\"},\"image\":{\"@id\":\"https:\/\/talkpal.ai\/ro\/gramatica-azera\/#primaryimage\"},\"thumbnailUrl\":\"https:\/\/talkpal.ai\/wp-content\/uploads\/2023\/05\/azerbaijan.png\",\"datePublished\":\"2023-05-14T13:53:48+00:00\",\"dateModified\":\"2025-05-22T08:23:56+00:00\",\"description\":\"St\u0103p\u00e2ne\u0219te gramatica azer\u0103 f\u0103r\u0103 efort cu Talkpal, tutorele t\u0103u bazat pe inteligen\u021b\u0103 artificial\u0103. Descoperi\u021bi explica\u021bii simple, exerci\u021bii interactive \u0219i sfaturi practice\",\"breadcrumb\":{\"@id\":\"https:\/\/talkpal.ai\/ro\/gramatica-azera\/#breadcrumb\"},\"inLanguage\":\"ro-RO\",\"potentialAction\":[{\"@type\":\"ReadAction\",\"target\":[\"https:\/\/talkpal.ai\/ro\/gramatica-azera\/\"]}]},{\"@type\":\"ImageObject\",\"inLanguage\":\"ro-RO\",\"@id\":\"https:\/\/talkpal.ai\/ro\/gramatica-azera\/#primaryimage\",\"url\":\"https:\/\/talkpal.ai\/wp-content\/uploads\/2023\/05\/azerbaijan.png\",\"contentUrl\":\"https:\/\/talkpal.ai\/wp-content\/uploads\/2023\/05\/azerbaijan.png\",\"width\":512,\"height\":512},{\"@type\":\"BreadcrumbList\",\"@id\":\"https:\/\/talkpal.ai\/ro\/gramatica-azera\/#breadcrumb\",\"itemListElement\":[{\"@type\":\"ListItem\",\"position\":1,\"name\":\"Homepage\",\"item\":\"https:\/\/talkpal.ai\/ro\/\"},{\"@type\":\"ListItem\",\"position\":2,\"name\":\"Gramatica azer\u0103\"}]},{\"@type\":\"WebSite\",\"@id\":\"https:\/\/talkpal.ai\/ro\/#website\",\"url\":\"https:\/\/talkpal.ai\/ro\/\",\"name\":\"Talkpal\",\"description\":\"AI Language Learning\",\"publisher\":{\"@id\":\"https:\/\/talkpal.ai\/ro\/#organization\"},\"alternateName\":\"Talkpal AI\",\"potentialAction\":[{\"@type\":\"SearchAction\",\"target\":{\"@type\":\"EntryPoint\",\"urlTemplate\":\"https:\/\/talkpal.ai\/ro\/?s={search_term_string}\"},\"query-input\":{\"@type\":\"PropertyValueSpecification\",\"valueRequired\":true,\"valueName\":\"search_term_string\"}}],\"inLanguage\":\"ro-RO\"},{\"@type\":\"Organization\",\"@id\":\"https:\/\/talkpal.ai\/ro\/#organization\",\"name\":\"Talkpal, Inc.\",\"alternateName\":\"Talkpal AI\",\"url\":\"https:\/\/talkpal.ai\/ro\/\",\"logo\":{\"@type\":\"ImageObject\",\"inLanguage\":\"ro-RO\",\"@id\":\"https:\/\/talkpal.ai\/ro\/#\/schema\/logo\/image\/\",\"url\":\"https:\/\/talkpal.ai\/wp-content\/uploads\/2024\/03\/Talkpal-Logo-Icon.png\",\"contentUrl\":\"https:\/\/talkpal.ai\/wp-content\/uploads\/2024\/03\/Talkpal-Logo-Icon.png\",\"width\":2880,\"height\":2880,\"caption\":\"Talkpal, Inc.\"},\"image\":{\"@id\":\"https:\/\/talkpal.ai\/ro\/#\/schema\/logo\/image\/\"},\"sameAs\":[\"https:\/\/www.facebook.com\/profile.php?id=100090733639311\",\"https:\/\/x.com\/talkpalai\",\"https:\/\/www.linkedin.com\/company\/talkpal\/\",\"https:\/\/www.youtube.com\/@TalkPal\/\",\"https:\/\/www.tiktok.com\/@talkpal\",\"https:\/\/www.instagram.com\/talkpal_ai\/\",\"https:\/\/www.crunchbase.com\/organization\/talkpal-9cde\",\"https:\/\/www.g2.com\/products\/talkpal-for-business\/\",\"https:\/\/www.trustpilot.com\/review\/talkpal.ai\",\"https:\/\/www.capterra.com\/p\/10006800\/TalkPal\/\"],\"description\":\"Talkpal is a language learning web and mobile education app, powered by the latest AI technologies, that provides engaging experiences to its customers in many different languages to help them improve their language skills. Users can chat about unlimited amount of topics with the app and use other modes to practice their language learning.\",\"email\":\"support@talkpal.ai\",\"legalName\":\"Talkpal, Inc.\",\"foundingDate\":\"2023-04-03\",\"duns\":\"118989042\",\"numberOfEmployees\":{\"@type\":\"QuantitativeValue\",\"minValue\":\"11\",\"maxValue\":\"50\"},\"publishingPrinciples\":\"https:\/\/talkpal.ai\/publishing-principles\/\",\"actionableFeedbackPolicy\":\"https:\/\/talkpal.ai\/actionable-feedback-policy\/\",\"correctionsPolicy\":\"https:\/\/talkpal.ai\/corrections-policy\/\",\"ethicsPolicy\":\"https:\/\/talkpal.ai\/ethics-policy\/\",\"diversityPolicy\":\"https:\/\/talkpal.ai\/diversity-policy\/\",\"diversityStaffingReport\":\"https:\/\/talkpal.ai\/diversity-policy\/\"}]}<\/script>\n<!-- \/ Yoast SEO Premium plugin. -->","yoast_head_json":{"title":"Gramatica azer\u0103 - Talkpal","description":"St\u0103p\u00e2ne\u0219te gramatica azer\u0103 f\u0103r\u0103 efort cu Talkpal, tutorele t\u0103u bazat pe inteligen\u021b\u0103 artificial\u0103. Descoperi\u021bi explica\u021bii simple, exerci\u021bii interactive \u0219i sfaturi practice","robots":{"index":"index","follow":"follow","max-snippet":"max-snippet:-1","max-image-preview":"max-image-preview:large","max-video-preview":"max-video-preview:-1"},"canonical":"https:\/\/talkpal.ai\/ro\/gramatica-azera\/","og_locale":"ro_RO","og_type":"article","og_title":"Gramatica azer\u0103","og_description":"Un ghid cuprinz\u0103tor al gramaticii azere Te-ai g\u00e2ndit vreodat\u0103 s\u0103 \u00eenve\u021bi azer\u0103? Ca limb\u0103 oficial\u0103 a Azerbaidjanului \u0219i vorbit\u0103 de milioane de oameni din","og_url":"https:\/\/talkpal.ai\/ro\/gramatica-azera\/","og_site_name":"Talkpal","article_publisher":"https:\/\/www.facebook.com\/profile.php?id=100090733639311","article_modified_time":"2025-05-22T08:23:56+00:00","og_image":[{"width":512,"height":512,"url":"https:\/\/talkpal.ai\/wp-content\/uploads\/2023\/05\/azerbaijan.png","type":"image\/png"}],"twitter_card":"summary_large_image","twitter_site":"@talkpalai","twitter_misc":{"Timp estimat pentru citire":"3 minute"},"schema":{"@context":"https:\/\/schema.org","@graph":[{"@type":"WebPage","@id":"https:\/\/talkpal.ai\/ro\/gramatica-azera\/","url":"https:\/\/talkpal.ai\/ro\/gramatica-azera\/","name":"Gramatica azer\u0103 - Talkpal","isPartOf":{"@id":"https:\/\/talkpal.ai\/ro\/#website"},"primaryImageOfPage":{"@id":"https:\/\/talkpal.ai\/ro\/gramatica-azera\/#primaryimage"},"image":{"@id":"https:\/\/talkpal.ai\/ro\/gramatica-azera\/#primaryimage"},"thumbnailUrl":"https:\/\/talkpal.ai\/wp-content\/uploads\/2023\/05\/azerbaijan.png","datePublished":"2023-05-14T13:53:48+00:00","dateModified":"2025-05-22T08:23:56+00:00","description":"St\u0103p\u00e2ne\u0219te gramatica azer\u0103 f\u0103r\u0103 efort cu Talkpal, tutorele t\u0103u bazat pe inteligen\u021b\u0103 artificial\u0103. Descoperi\u021bi explica\u021bii simple, exerci\u021bii interactive \u0219i sfaturi practice","breadcrumb":{"@id":"https:\/\/talkpal.ai\/ro\/gramatica-azera\/#breadcrumb"},"inLanguage":"ro-RO","potentialAction":[{"@type":"ReadAction","target":["https:\/\/talkpal.ai\/ro\/gramatica-azera\/"]}]},{"@type":"ImageObject","inLanguage":"ro-RO","@id":"https:\/\/talkpal.ai\/ro\/gramatica-azera\/#primaryimage","url":"https:\/\/talkpal.ai\/wp-content\/uploads\/2023\/05\/azerbaijan.png","contentUrl":"https:\/\/talkpal.ai\/wp-content\/uploads\/2023\/05\/azerbaijan.png","width":512,"height":512},{"@type":"BreadcrumbList","@id":"https:\/\/talkpal.ai\/ro\/gramatica-azera\/#breadcrumb","itemListElement":[{"@type":"ListItem","position":1,"name":"Homepage","item":"https:\/\/talkpal.ai\/ro\/"},{"@type":"ListItem","position":2,"name":"Gramatica azer\u0103"}]},{"@type":"WebSite","@id":"https:\/\/talkpal.ai\/ro\/#website","url":"https:\/\/talkpal.ai\/ro\/","name":"Talkpal","description":"AI Language Learning","publisher":{"@id":"https:\/\/talkpal.ai\/ro\/#organization"},"alternateName":"Talkpal AI","potentialAction":[{"@type":"SearchAction","target":{"@type":"EntryPoint","urlTemplate":"https:\/\/talkpal.ai\/ro\/?s={search_term_string}"},"query-input":{"@type":"PropertyValueSpecification","valueRequired":true,"valueName":"search_term_string"}}],"inLanguage":"ro-RO"},{"@type":"Organization","@id":"https:\/\/talkpal.ai\/ro\/#organization","name":"Talkpal, Inc.","alternateName":"Talkpal AI","url":"https:\/\/talkpal.ai\/ro\/","logo":{"@type":"ImageObject","inLanguage":"ro-RO","@id":"https:\/\/talkpal.ai\/ro\/#\/schema\/logo\/image\/","url":"https:\/\/talkpal.ai\/wp-content\/uploads\/2024\/03\/Talkpal-Logo-Icon.png","contentUrl":"https:\/\/talkpal.ai\/wp-content\/uploads\/2024\/03\/Talkpal-Logo-Icon.png","width":2880,"height":2880,"caption":"Talkpal, Inc."},"image":{"@id":"https:\/\/talkpal.ai\/ro\/#\/schema\/logo\/image\/"},"sameAs":["https:\/\/www.facebook.com\/profile.php?id=100090733639311","https:\/\/x.com\/talkpalai","https:\/\/www.linkedin.com\/company\/talkpal\/","https:\/\/www.youtube.com\/@TalkPal\/","https:\/\/www.tiktok.com\/@talkpal","https:\/\/www.instagram.com\/talkpal_ai\/","https:\/\/www.crunchbase.com\/organization\/talkpal-9cde","https:\/\/www.g2.com\/products\/talkpal-for-business\/","https:\/\/www.trustpilot.com\/review\/talkpal.ai","https:\/\/www.capterra.com\/p\/10006800\/TalkPal\/"],"description":"Talkpal is a language learning web and mobile education app, powered by the latest AI technologies, that provides engaging experiences to its customers in many different languages to help them improve their language skills. Users can chat about unlimited amount of topics with the app and use other modes to practice their language learning.","email":"support@talkpal.ai","legalName":"Talkpal, Inc.","foundingDate":"2023-04-03","duns":"118989042","numberOfEmployees":{"@type":"QuantitativeValue","minValue":"11","maxValue":"50"},"publishingPrinciples":"https:\/\/talkpal.ai\/publishing-principles\/","actionableFeedbackPolicy":"https:\/\/talkpal.ai\/actionable-feedback-policy\/","correctionsPolicy":"https:\/\/talkpal.ai\/corrections-policy\/","ethicsPolicy":"https:\/\/talkpal.ai\/ethics-policy\/","diversityPolicy":"https:\/\/talkpal.ai\/diversity-policy\/","diversityStaffingReport":"https:\/\/talkpal.ai\/diversity-policy\/"}]}},"_links":{"self":[{"href":"https:\/\/talkpal.ai\/ro\/wp-json\/wp\/v2\/pages\/140122","targetHints":{"allow":["GET"]}}],"collection":[{"href":"https:\/\/talkpal.ai\/ro\/wp-json\/wp\/v2\/pages"}],"about":[{"href":"https:\/\/talkpal.ai\/ro\/wp-json\/wp\/v2\/types\/page"}],"author":[{"embeddable":true,"href":"https:\/\/talkpal.ai\/ro\/wp-json\/wp\/v2\/users\/1"}],"replies":[{"embeddable":true,"href":"https:\/\/talkpal.ai\/ro\/wp-json\/wp\/v2\/comments?post=140122"}],"version-history":[{"count":0,"href":"https:\/\/talkpal.ai\/ro\/wp-json\/wp\/v2\/pages\/140122\/revisions"}],"wp:featuredmedia":[{"embeddable":true,"href":"https:\/\/talkpal.ai\/ro\/wp-json\/wp\/v2\/media\/109497"}],"wp:attachment":[{"href":"https:\/\/talkpal.ai\/ro\/wp-json\/wp\/v2\/media?parent=140122"}],"curies":[{"name":"wp","href":"https:\/\/api.w.org\/{rel}","templated":true}]}}