{"id":140014,"date":"2023-05-14T13:52:49","date_gmt":"2023-05-14T13:52:49","guid":{"rendered":"http:\/\/talkpal.ai\/gramatica-rusa\/"},"modified":"2025-12-13T15:16:00","modified_gmt":"2025-12-13T15:16:00","slug":"gramatica-rusa","status":"publish","type":"page","link":"https:\/\/talkpal.ai\/ro\/gramatica-rusa\/","title":{"rendered":"Gramatica rus\u0103"},"content":{"rendered":"\r\n\r\n\r\n<section class=\"languageChallengeSection\">\r\n    <div class=\"languageInfoWrapper\">\r\n        \r\n        <h1>Gramatica rus\u0103<\/h1>\r\n        <p>\u00cencepe\u021bi-v\u0103 aventura \u00een limba <a href=\"https:\/\/talkpal.ai\/learn-russian\/\">rus\u0103<\/a> \u0219i deschide\u021bi-v\u0103 por\u021bile c\u0103tre o cultur\u0103 \u0219i o istorie bogate. St\u0103p\u00e2nirea gramaticii \u0219i a vocabularului limbii <a href=\"https:\/\/talkpal.ai\/locations\/language-courses-in-ruse\/\">ruse<\/a> v\u0103 va spori oportunit\u0103\u021bile de c\u0103l\u0103torie, carier\u0103 \u0219i comunicare. \u00cencepe\u021bi s\u0103 \u00eenv\u0103\u021ba\u021bi limba rus\u0103 ast\u0103zi \u0219i face\u021bi primul pas spre fluen\u021b\u0103!\n\n<\/p>\r\n\r\n                            <a class=\"getStartedHidden\" href=\"https:\/\/app.talkpal.ai\/ro\/signup?lng=\">\u00cencepe<\/a>\r\n        \r\n    <\/div>\r\n\r\n    <figure>\r\n    <img decoding=\"async\" width=\"768\" height=\"768\" src=\"https:\/\/talkpal.ai\/wp-content\/uploads\/2023\/06\/russian-768x768.png\" class=\"languageImage no-lazy\" alt=\"Language learning for multicultural understanding\" fetchpriority=\"high\" sizes=\"(max-width: 768px) 150px, 768px\" srcset=\"https:\/\/talkpal.ai\/wp-content\/uploads\/2023\/06\/russian-768x768.png 768w, https:\/\/talkpal.ai\/wp-content\/uploads\/2023\/06\/russian-300x300.png 300w\" \/>\r\n    \r\n\r\n    <\/figure>\r\n\r\n            <a class=\"getStartedVisible\" href=\"https:\/\/app.talkpal.ai\/ro\/signup?lng=\">\u00cencepe<\/a>\r\n    \r\n<\/section>\r\n<section class=\"promotionalBanner\">\r\n    <p class=\"promotionalText\">Cel mai eficient mod de a \u00eenv\u0103\u021ba o limb\u0103<\/p>\r\n    <a class=\"promotionalLink\" href=\"https:\/\/app.talkpal.ai\/ro\/signup?lng=\">\u00cencerca\u021bi Talkpal gratuit<\/a>\r\n<\/section>\n<div class=\"wp-block-group pageContainerStyle\"><div class=\"wp-block-group__inner-container is-layout-constrained wp-block-group-is-layout-constrained\">\n<h1 class=\"wp-block-heading\" id=\"h-russian-grammar-unlock-the-secrets-to-mastering-russian\">Gramatica rus\u0103: Debloca\u021bi secretele st\u0103p\u00e2nirii limbii ruse<\/h1>\n\n\n\n<p>Felicit\u0103ri pentru c\u0103 a\u021bi f\u0103cut pasul \u00eendr\u0103zne\u021b spre \u00eenv\u0103\u021barea limbii ruse! Cu peste 258 de milioane de vorbitori \u00een \u00eentreaga lume, rusa este o limb\u0103 fascinant\u0103 \u0219i plin\u0103 de satisfac\u021bii, care ofer\u0103 perspective asupra unei culturi \u0219i istorii bogate. C\u00e2nd vine vorba de gramatica rus\u0103, poate p\u0103rea intimidant\u0103, dar nu v\u0103 teme\u021bi! Acest ghid prietenos pentru \u00eencep\u0103tori este aici pentru a explica elementele esen\u021biale ale gramaticii ruse\u0219ti \u00eentr-un mod simplu \u0219i atractiv.<\/p>\n\n\n\n<h3 class=\"wp-block-heading\" id=\"h-1-the-russian-alphabet-your-starting-point\">1. Alfabetul rus: punctul t\u0103u de plecare<\/h3>\n\n\n\n<p>Cheia pentru navigarea gramaticii ruse\u0219ti este st\u0103p\u00e2nirea alfabetului chirilic. Cu 33 de litere, 10 vocale \u0219i 21 de consoane, formeaz\u0103 fundamentul pentru citirea, scrierea \u0219i \u00een\u021belegerea limbii. Familiarizarea cu alfabetul va crea o baz\u0103 solid\u0103 pentru a v\u0103 construi abilit\u0103\u021bile gramaticale ruse\u0219ti.<\/p>\n\n\n\n<h3 class=\"wp-block-heading\" id=\"h-2-nouns-and-cases-the-core-of-russian-grammar\">2. Substantive \u0219i cazuri: nucleul gramaticii ruse<\/h3>\n\n\n\n<p>Gramatica rus\u0103 subliniaz\u0103 utilizarea cazurilor pentru a transmite sensul \u0219i contextul. Cu \u0219ase cazuri &#8211; Nominativ, Genitiv, Dativ, Acuzativ, Instrumental \u0219i Prepozi\u021bional &#8211; substantivele ruse\u0219ti \u00ee\u0219i schimb\u0103 termina\u021biile pentru a-\u0219i ar\u0103ta func\u021bia \u00eentr-o propozi\u021bie. Prin urmare, ordinea cuvintelor devine mai pu\u021bin critic\u0103 dec\u00e2t \u00een limba <a href=\"https:\/\/talkpal.ai\/learn-english-with-ai\/\">englez\u0103<\/a>. De exemplu:<\/p>\n\n\n\n<p><a href=\"https:\/\/talkpal.ai\/learn-english-with-ai\/\">Englez\u0103<\/a>: Dau o carte unui prieten.<\/p>\n\n\n\n<p>Rus\u0103: \u042f \u0434\u0430\u044e \u0434\u0440\u0443\u0433\u0443 \u043a\u043d\u0438\u0433\u0443 (Ya dayu drugu knigu)<\/p>\n\n\n\n<p>Aici, &#8222;\u0434\u0440\u0443\u0433\u0443&#8221; (c\u0103tre un prieten) \u0219i &#8222;\u043a\u043d\u0438\u0433\u0443&#8221; (carte) sunt \u00een cazul dativ \u0219i, respectiv, acuzativ.<\/p>\n\n\n\n<h3 class=\"wp-block-heading\" id=\"h-3-mastering-gender-and-plurals\">3. St\u0103p\u00e2nirea genului \u0219i a pluralului<\/h3>\n\n\n\n<p>\u00cen gramatica rus\u0103, substantivelor li se atribuie unul din cele trei genuri: masculin, feminin sau neutru. Termina\u021bia unui substantiv indic\u0103 de obicei genul s\u0103u:<\/p>\n\n\n\n<p>&#8211; Masculin: se termin\u0103 cu o consoan\u0103 sau &#8222;-\u0439&#8221;<\/p>\n\n\n\n<p>&#8211; Feminin: se termin\u0103 cu &#8222;-\u0430&#8221; sau &#8222;-\u044f&#8221;<\/p>\n\n\n\n<p>&#8211; Neutre: se termin\u0103 cu &#8222;-\u043e&#8221; sau &#8222;-\u0435&#8221;<\/p>\n\n\n\n<p>Pentru a forma plural, termina\u021biile substantivelor se schimb\u0103 \u00een func\u021bie de genul lor \u0219i de cazul \u00een care se afl\u0103.<\/p>\n\n\n\n<h3 class=\"wp-block-heading\" id=\"h-4-conquer-verb-conjugation\">4. Cucere\u0219te conjugarea verbelor<\/h3>\n\n\n\n<p>Ca multe limbi, verbele ruse\u0219ti \u00ee\u0219i schimb\u0103 forma (conjugarea) pe baza timpului, persoanei \u0219i num\u0103rului. Verbele ruse\u0219ti vin, de asemenea, \u00een dou\u0103 aspecte: perfectiv \u0219i imperfectiv. Aspectul perfectiv semnaleaz\u0103 o ac\u021biune finalizat\u0103, \u00een timp ce aspectul imperfectiv se refer\u0103 la ac\u021biuni continue sau obi\u0219nuite.<\/p>\n\n\n\n<p>Pentru \u00eenceput, concentra\u021bi-v\u0103 pe \u00een\u021belegerea conjug\u0103rii timpului prezent pentru verbele imperfective \u0219i a timpului trecut pentru ambele aspecte. De exemplu:<\/p>\n\n\n\n<p>Timp prezent (imperfectiv): \u042f \u0447\u0438\u0442\u0430\u044e (Ya chitayu) &#8211; &#8222;citesc&#8221; sau &#8222;citesc&#8221;<\/p>\n\n\n\n<p>Trecutul (imperfectiv): \u042f \u0447\u0438\u0442\u0430\u043b (Ya chital) &#8211; &#8222;Citeam&#8221;<\/p>\n\n\n\n<p>Trecut (Perfectiv): \u042f \u043f\u0440\u043e\u0447\u0438\u0442\u0430\u043b (Ya prochital) &#8211; &#8222;Am citit&#8221; sau &#8222;Am citit (\u0219i am terminat)&#8221;.<\/p>\n\n\n\n<h3 class=\"wp-block-heading\" id=\"h-5-embrace-russian-pronouns\">5. \u00cembr\u0103\u021bi\u0219eaz\u0103 pronumele ruse\u0219ti<\/h3>\n\n\n\n<p>Pronumele din gramatica rus\u0103 \u00eenlocuiesc substantivele \u0219i sunt cruciale pentru vorbirea fluid\u0103. Scufunda\u021bi-v\u0103 \u00een \u00eenv\u0103\u021barea pronumelor personale \u0219i posesive, cum ar fi:<\/p>\n\n\n\n<p>Pronume personale: \u044f (eu), \u0442\u044b (tu, informal), \u043e\u043d \/ \u043e\u043d\u0430 \/ \u043e\u043d\u043e (el \/ ea \/ ea), \u0432\u044b (tu, formal sau plural), \u043c\u044b (noi), \u043e\u043d\u0438 (ei)<\/p>\n\n\n\n<p>Pronume posesive: \u043c\u043e\u0439\/\u043c\u043e\u044f\/\u043c\u043e\u0451 (<a href=\"https:\/\/talkpal.ai\/culture\/can-i-use-al-meu-instead-of-the-enclitic-article\/\">al meu<\/a>), \u0442\u0432\u043e\u0439\/\u0442\u0432\u043e\u044f\/\u0442\u0432\u043e\u0451 (al t\u0103u, informal), \u0435\u0433\u043e\/\u0435\u0451\/\u0438\u0445 (al lui\/ei), \u0432\u0430\u0448\/\u0432\u0430\u0448\u0430\/\u0432\u0430\u0448\u0435 (al t\u0103u, formal sau plural), \u043d\u0430\u0448\/\u043d\u0430\u0448\u0430\/\u043d\u0430\u0448\u0435 (al nostru)<\/p>\n\n\n\n<p>Nu uita\u021bi c\u0103 pronumele ruse\u0219ti trebuie s\u0103 fie \u00een acord cu genul \u0219i cazul substantivului <a href=\"https:\/\/talkpal.ai\/culture\/how-do-i-use-pe-care-correctly\/\">pe care<\/a> \u00eel \u00eenlocuiesc.<\/p>\n\n\n\n<p>Felicit\u0103ri! A\u021bi f\u0103cut primii pa\u0219i pentru a st\u0103p\u00e2ni complexitatea gramaticii ruse\u0219ti. Aminti\u021bi-v\u0103, practica este esen\u021bial\u0103, a\u0219a c\u0103 aprofunda\u021bi limba, interac\u021biona\u021bi cu vorbitori nativi \u0219i consolida\u021bi-v\u0103 funda\u021bia de \u00eenv\u0103\u021bare. \u0423\u0434\u0430\u0447\u0438! (Mult noroc!)<\/p>\n<\/div><\/div>\n\r\n<section class=\"learnNavigationSection\">\r\n            \r\n        <a href=\"https:\/\/talkpal.ai\/ro\/invata-limba-rusa\/\">\r\n            <div class=\"learnNavigationWrapper\">\r\n                <div class=\"learnNavigationContent\">\r\n                    <img decoding=\"async\" src=\"https:\/\/talkpal.ai\/wp-content\/uploads\/2024\/08\/Russian.jpg\" alt=\"Russian Flag\">\r\n                    <div>\r\n                        <h4>Despre \u00eenv\u0103\u021barea limbii ruse<\/h4>\r\n                        <p>Afla\u021bi totul despre gramatica rus\u0103.<\/p>\r\n                    <\/div>\r\n                <\/div>\r\n            <\/div>\r\n        <\/a>\r\n\r\n        \r\n        <a href=\"https:\/\/talkpal.ai\/ro\/exercitii-de-gramatica-rusa\/\">\r\n            <div class=\"learnNavigationWrapper\">\r\n                <div class=\"learnNavigationContent\">\r\n                    <img decoding=\"async\" src=\"https:\/\/talkpal.ai\/wp-content\/uploads\/2024\/08\/Russian.jpg\" alt=\"Russian Flag\">\r\n                    <div>\r\n                        <h4>Exerci\u021biu de gramatic\u0103 rus\u0103<\/h4>\r\n                        <p>Exersa\u021bi gramatica rus\u0103.<\/p>\r\n                    <\/div>\r\n                <\/div>\r\n            <\/div>\r\n        <\/a>\r\n\r\n        \r\n        <a href=\"https:\/\/talkpal.ai\/vocabulary_language\/russian\/\">\r\n            <div class=\"learnNavigationWrapper\">\r\n                <div class=\"learnNavigationContent\">\r\n                    <img decoding=\"async\" src=\"https:\/\/talkpal.ai\/wp-content\/uploads\/2024\/08\/Russian.jpg\" alt=\"Russian Flag\">\r\n                    <div>\r\n                        <h4>Vocabular rusesc<\/h4>\r\n                        <p>Extinde\u021bi-v\u0103 vocabularul rusesc.<\/p>\r\n                    <\/div>\r\n                <\/div>\r\n            <\/div>\r\n        <\/a>\r\n\r\n            <\/section>","protected":false},"excerpt":{"rendered":"<p>Gramatica rus\u0103: Debloca\u021bi secretele st\u0103p\u00e2nirii limbii ruse Felicit\u0103ri pentru c\u0103 a\u021bi f\u0103cut pasul \u00eendr\u0103zne\u021b spre \u00eenv\u0103\u021barea limbii ruse! Cu peste 258 de milioane de vorbitori \u00een \u00eentreaga lume, rusa este o limb\u0103 fascinant\u0103 \u0219i plin\u0103 de satisfac\u021bii, care ofer\u0103 perspective asupra unei culturi \u0219i istorii bogate. C\u00e2nd vine vorba de gramatica rus\u0103, poate p\u0103rea intimidant\u0103, [&hellip;]<\/p>\n","protected":false},"author":1,"featured_media":108150,"parent":0,"menu_order":0,"comment_status":"closed","ping_status":"closed","template":"LearningContentPage.php","meta":{"_acf_changed":false,"footnotes":""},"class_list":["post-140014","page","type-page","status-publish","has-post-thumbnail","hentry"],"acf":[],"yoast_head":"<!-- This site is optimized with the Yoast SEO Premium plugin v27.2 (Yoast SEO v27.2) - https:\/\/yoast.com\/product\/yoast-seo-premium-wordpress\/ -->\n<title>Gramatica rus\u0103 - Talkpal<\/title>\n<meta name=\"description\" content=\"Descoperi\u021bi lumea gramaticii ruse\u0219ti cu ghidul nostru pentru \u00eencep\u0103tori. St\u0103p\u00e2ne\u0219te alfabetul chirilic \u0219i dezvolt\u0103-\u021bi competen\u021bele lingvistice.\" \/>\n<meta name=\"robots\" content=\"index, follow, max-snippet:-1, max-image-preview:large, max-video-preview:-1\" \/>\n<link rel=\"canonical\" href=\"https:\/\/talkpal.ai\/ro\/gramatica-rusa\/\" \/>\n<meta property=\"og:locale\" content=\"ro_RO\" \/>\n<meta property=\"og:type\" content=\"article\" \/>\n<meta property=\"og:title\" content=\"Gramatica rus\u0103\" \/>\n<meta property=\"og:description\" content=\"Gramatica rus\u0103: Debloca\u021bi secretele st\u0103p\u00e2nirii limbii ruse Felicit\u0103ri pentru c\u0103 a\u021bi f\u0103cut pasul \u00eendr\u0103zne\u021b spre \u00eenv\u0103\u021barea limbii ruse! Cu peste 258 de\" \/>\n<meta property=\"og:url\" content=\"https:\/\/talkpal.ai\/ro\/gramatica-rusa\/\" \/>\n<meta property=\"og:site_name\" content=\"Talkpal\" \/>\n<meta property=\"article:publisher\" content=\"https:\/\/www.facebook.com\/profile.php?id=100090733639311\" \/>\n<meta property=\"article:modified_time\" content=\"2025-12-13T15:16:00+00:00\" \/>\n<meta property=\"og:image\" content=\"https:\/\/talkpal.ai\/wp-content\/uploads\/2023\/04\/rusia.png\" \/>\n\t<meta property=\"og:image:width\" content=\"512\" \/>\n\t<meta property=\"og:image:height\" content=\"512\" \/>\n\t<meta property=\"og:image:type\" content=\"image\/png\" \/>\n<meta name=\"twitter:card\" content=\"summary_large_image\" \/>\n<meta name=\"twitter:site\" content=\"@talkpalai\" \/>\n<meta name=\"twitter:label1\" content=\"Timp estimat pentru citire\" \/>\n\t<meta name=\"twitter:data1\" content=\"3 minute\" \/>\n<script type=\"application\/ld+json\" class=\"yoast-schema-graph\">{\"@context\":\"https:\/\/schema.org\",\"@graph\":[{\"@type\":\"WebPage\",\"@id\":\"https:\/\/talkpal.ai\/ro\/gramatica-rusa\/\",\"url\":\"https:\/\/talkpal.ai\/ro\/gramatica-rusa\/\",\"name\":\"Gramatica rus\u0103 - Talkpal\",\"isPartOf\":{\"@id\":\"https:\/\/talkpal.ai\/ro\/#website\"},\"primaryImageOfPage\":{\"@id\":\"https:\/\/talkpal.ai\/ro\/gramatica-rusa\/#primaryimage\"},\"image\":{\"@id\":\"https:\/\/talkpal.ai\/ro\/gramatica-rusa\/#primaryimage\"},\"thumbnailUrl\":\"https:\/\/talkpal.ai\/wp-content\/uploads\/2023\/04\/rusia.png\",\"datePublished\":\"2023-05-14T13:52:49+00:00\",\"dateModified\":\"2025-12-13T15:16:00+00:00\",\"description\":\"Descoperi\u021bi lumea gramaticii ruse\u0219ti cu ghidul nostru pentru \u00eencep\u0103tori. St\u0103p\u00e2ne\u0219te alfabetul chirilic \u0219i dezvolt\u0103-\u021bi competen\u021bele lingvistice.\",\"breadcrumb\":{\"@id\":\"https:\/\/talkpal.ai\/ro\/gramatica-rusa\/#breadcrumb\"},\"inLanguage\":\"ro-RO\",\"potentialAction\":[{\"@type\":\"ReadAction\",\"target\":[\"https:\/\/talkpal.ai\/ro\/gramatica-rusa\/\"]}]},{\"@type\":\"ImageObject\",\"inLanguage\":\"ro-RO\",\"@id\":\"https:\/\/talkpal.ai\/ro\/gramatica-rusa\/#primaryimage\",\"url\":\"https:\/\/talkpal.ai\/wp-content\/uploads\/2023\/04\/rusia.png\",\"contentUrl\":\"https:\/\/talkpal.ai\/wp-content\/uploads\/2023\/04\/rusia.png\",\"width\":512,\"height\":512},{\"@type\":\"BreadcrumbList\",\"@id\":\"https:\/\/talkpal.ai\/ro\/gramatica-rusa\/#breadcrumb\",\"itemListElement\":[{\"@type\":\"ListItem\",\"position\":1,\"name\":\"Homepage\",\"item\":\"https:\/\/talkpal.ai\/ro\/\"},{\"@type\":\"ListItem\",\"position\":2,\"name\":\"Gramatica rus\u0103\"}]},{\"@type\":\"WebSite\",\"@id\":\"https:\/\/talkpal.ai\/ro\/#website\",\"url\":\"https:\/\/talkpal.ai\/ro\/\",\"name\":\"Talkpal\",\"description\":\"AI Language Learning\",\"publisher\":{\"@id\":\"https:\/\/talkpal.ai\/ro\/#organization\"},\"alternateName\":\"Talkpal AI\",\"potentialAction\":[{\"@type\":\"SearchAction\",\"target\":{\"@type\":\"EntryPoint\",\"urlTemplate\":\"https:\/\/talkpal.ai\/ro\/?s={search_term_string}\"},\"query-input\":{\"@type\":\"PropertyValueSpecification\",\"valueRequired\":true,\"valueName\":\"search_term_string\"}}],\"inLanguage\":\"ro-RO\"},{\"@type\":\"Organization\",\"@id\":\"https:\/\/talkpal.ai\/ro\/#organization\",\"name\":\"Talkpal, Inc.\",\"alternateName\":\"Talkpal AI\",\"url\":\"https:\/\/talkpal.ai\/ro\/\",\"logo\":{\"@type\":\"ImageObject\",\"inLanguage\":\"ro-RO\",\"@id\":\"https:\/\/talkpal.ai\/ro\/#\/schema\/logo\/image\/\",\"url\":\"https:\/\/talkpal.ai\/wp-content\/uploads\/2024\/03\/Talkpal-Logo-Icon.png\",\"contentUrl\":\"https:\/\/talkpal.ai\/wp-content\/uploads\/2024\/03\/Talkpal-Logo-Icon.png\",\"width\":2880,\"height\":2880,\"caption\":\"Talkpal, Inc.\"},\"image\":{\"@id\":\"https:\/\/talkpal.ai\/ro\/#\/schema\/logo\/image\/\"},\"sameAs\":[\"https:\/\/www.facebook.com\/profile.php?id=100090733639311\",\"https:\/\/x.com\/talkpalai\",\"https:\/\/www.linkedin.com\/company\/talkpal\/\",\"https:\/\/www.youtube.com\/@TalkPal\/\",\"https:\/\/www.tiktok.com\/@talkpal\",\"https:\/\/www.instagram.com\/talkpal_ai\/\",\"https:\/\/www.crunchbase.com\/organization\/talkpal-9cde\",\"https:\/\/www.g2.com\/products\/talkpal-for-business\/\",\"https:\/\/www.trustpilot.com\/review\/talkpal.ai\",\"https:\/\/www.capterra.com\/p\/10006800\/TalkPal\/\"],\"description\":\"Talkpal is a language learning web and mobile education app, powered by the latest AI technologies, that provides engaging experiences to its customers in many different languages to help them improve their language skills. Users can chat about unlimited amount of topics with the app and use other modes to practice their language learning.\",\"email\":\"support@talkpal.ai\",\"legalName\":\"Talkpal, Inc.\",\"foundingDate\":\"2023-04-03\",\"duns\":\"118989042\",\"numberOfEmployees\":{\"@type\":\"QuantitativeValue\",\"minValue\":\"11\",\"maxValue\":\"50\"},\"publishingPrinciples\":\"https:\/\/talkpal.ai\/publishing-principles\/\",\"actionableFeedbackPolicy\":\"https:\/\/talkpal.ai\/actionable-feedback-policy\/\",\"correctionsPolicy\":\"https:\/\/talkpal.ai\/corrections-policy\/\",\"ethicsPolicy\":\"https:\/\/talkpal.ai\/ethics-policy\/\",\"diversityPolicy\":\"https:\/\/talkpal.ai\/diversity-policy\/\",\"diversityStaffingReport\":\"https:\/\/talkpal.ai\/diversity-policy\/\"}]}<\/script>\n<!-- \/ Yoast SEO Premium plugin. -->","yoast_head_json":{"title":"Gramatica rus\u0103 - Talkpal","description":"Descoperi\u021bi lumea gramaticii ruse\u0219ti cu ghidul nostru pentru \u00eencep\u0103tori. St\u0103p\u00e2ne\u0219te alfabetul chirilic \u0219i dezvolt\u0103-\u021bi competen\u021bele lingvistice.","robots":{"index":"index","follow":"follow","max-snippet":"max-snippet:-1","max-image-preview":"max-image-preview:large","max-video-preview":"max-video-preview:-1"},"canonical":"https:\/\/talkpal.ai\/ro\/gramatica-rusa\/","og_locale":"ro_RO","og_type":"article","og_title":"Gramatica rus\u0103","og_description":"Gramatica rus\u0103: Debloca\u021bi secretele st\u0103p\u00e2nirii limbii ruse Felicit\u0103ri pentru c\u0103 a\u021bi f\u0103cut pasul \u00eendr\u0103zne\u021b spre \u00eenv\u0103\u021barea limbii ruse! Cu peste 258 de","og_url":"https:\/\/talkpal.ai\/ro\/gramatica-rusa\/","og_site_name":"Talkpal","article_publisher":"https:\/\/www.facebook.com\/profile.php?id=100090733639311","article_modified_time":"2025-12-13T15:16:00+00:00","og_image":[{"width":512,"height":512,"url":"https:\/\/talkpal.ai\/wp-content\/uploads\/2023\/04\/rusia.png","type":"image\/png"}],"twitter_card":"summary_large_image","twitter_site":"@talkpalai","twitter_misc":{"Timp estimat pentru citire":"3 minute"},"schema":{"@context":"https:\/\/schema.org","@graph":[{"@type":"WebPage","@id":"https:\/\/talkpal.ai\/ro\/gramatica-rusa\/","url":"https:\/\/talkpal.ai\/ro\/gramatica-rusa\/","name":"Gramatica rus\u0103 - Talkpal","isPartOf":{"@id":"https:\/\/talkpal.ai\/ro\/#website"},"primaryImageOfPage":{"@id":"https:\/\/talkpal.ai\/ro\/gramatica-rusa\/#primaryimage"},"image":{"@id":"https:\/\/talkpal.ai\/ro\/gramatica-rusa\/#primaryimage"},"thumbnailUrl":"https:\/\/talkpal.ai\/wp-content\/uploads\/2023\/04\/rusia.png","datePublished":"2023-05-14T13:52:49+00:00","dateModified":"2025-12-13T15:16:00+00:00","description":"Descoperi\u021bi lumea gramaticii ruse\u0219ti cu ghidul nostru pentru \u00eencep\u0103tori. St\u0103p\u00e2ne\u0219te alfabetul chirilic \u0219i dezvolt\u0103-\u021bi competen\u021bele lingvistice.","breadcrumb":{"@id":"https:\/\/talkpal.ai\/ro\/gramatica-rusa\/#breadcrumb"},"inLanguage":"ro-RO","potentialAction":[{"@type":"ReadAction","target":["https:\/\/talkpal.ai\/ro\/gramatica-rusa\/"]}]},{"@type":"ImageObject","inLanguage":"ro-RO","@id":"https:\/\/talkpal.ai\/ro\/gramatica-rusa\/#primaryimage","url":"https:\/\/talkpal.ai\/wp-content\/uploads\/2023\/04\/rusia.png","contentUrl":"https:\/\/talkpal.ai\/wp-content\/uploads\/2023\/04\/rusia.png","width":512,"height":512},{"@type":"BreadcrumbList","@id":"https:\/\/talkpal.ai\/ro\/gramatica-rusa\/#breadcrumb","itemListElement":[{"@type":"ListItem","position":1,"name":"Homepage","item":"https:\/\/talkpal.ai\/ro\/"},{"@type":"ListItem","position":2,"name":"Gramatica rus\u0103"}]},{"@type":"WebSite","@id":"https:\/\/talkpal.ai\/ro\/#website","url":"https:\/\/talkpal.ai\/ro\/","name":"Talkpal","description":"AI Language Learning","publisher":{"@id":"https:\/\/talkpal.ai\/ro\/#organization"},"alternateName":"Talkpal AI","potentialAction":[{"@type":"SearchAction","target":{"@type":"EntryPoint","urlTemplate":"https:\/\/talkpal.ai\/ro\/?s={search_term_string}"},"query-input":{"@type":"PropertyValueSpecification","valueRequired":true,"valueName":"search_term_string"}}],"inLanguage":"ro-RO"},{"@type":"Organization","@id":"https:\/\/talkpal.ai\/ro\/#organization","name":"Talkpal, Inc.","alternateName":"Talkpal AI","url":"https:\/\/talkpal.ai\/ro\/","logo":{"@type":"ImageObject","inLanguage":"ro-RO","@id":"https:\/\/talkpal.ai\/ro\/#\/schema\/logo\/image\/","url":"https:\/\/talkpal.ai\/wp-content\/uploads\/2024\/03\/Talkpal-Logo-Icon.png","contentUrl":"https:\/\/talkpal.ai\/wp-content\/uploads\/2024\/03\/Talkpal-Logo-Icon.png","width":2880,"height":2880,"caption":"Talkpal, Inc."},"image":{"@id":"https:\/\/talkpal.ai\/ro\/#\/schema\/logo\/image\/"},"sameAs":["https:\/\/www.facebook.com\/profile.php?id=100090733639311","https:\/\/x.com\/talkpalai","https:\/\/www.linkedin.com\/company\/talkpal\/","https:\/\/www.youtube.com\/@TalkPal\/","https:\/\/www.tiktok.com\/@talkpal","https:\/\/www.instagram.com\/talkpal_ai\/","https:\/\/www.crunchbase.com\/organization\/talkpal-9cde","https:\/\/www.g2.com\/products\/talkpal-for-business\/","https:\/\/www.trustpilot.com\/review\/talkpal.ai","https:\/\/www.capterra.com\/p\/10006800\/TalkPal\/"],"description":"Talkpal is a language learning web and mobile education app, powered by the latest AI technologies, that provides engaging experiences to its customers in many different languages to help them improve their language skills. Users can chat about unlimited amount of topics with the app and use other modes to practice their language learning.","email":"support@talkpal.ai","legalName":"Talkpal, Inc.","foundingDate":"2023-04-03","duns":"118989042","numberOfEmployees":{"@type":"QuantitativeValue","minValue":"11","maxValue":"50"},"publishingPrinciples":"https:\/\/talkpal.ai\/publishing-principles\/","actionableFeedbackPolicy":"https:\/\/talkpal.ai\/actionable-feedback-policy\/","correctionsPolicy":"https:\/\/talkpal.ai\/corrections-policy\/","ethicsPolicy":"https:\/\/talkpal.ai\/ethics-policy\/","diversityPolicy":"https:\/\/talkpal.ai\/diversity-policy\/","diversityStaffingReport":"https:\/\/talkpal.ai\/diversity-policy\/"}]}},"_links":{"self":[{"href":"https:\/\/talkpal.ai\/ro\/wp-json\/wp\/v2\/pages\/140014","targetHints":{"allow":["GET"]}}],"collection":[{"href":"https:\/\/talkpal.ai\/ro\/wp-json\/wp\/v2\/pages"}],"about":[{"href":"https:\/\/talkpal.ai\/ro\/wp-json\/wp\/v2\/types\/page"}],"author":[{"embeddable":true,"href":"https:\/\/talkpal.ai\/ro\/wp-json\/wp\/v2\/users\/1"}],"replies":[{"embeddable":true,"href":"https:\/\/talkpal.ai\/ro\/wp-json\/wp\/v2\/comments?post=140014"}],"version-history":[{"count":0,"href":"https:\/\/talkpal.ai\/ro\/wp-json\/wp\/v2\/pages\/140014\/revisions"}],"wp:featuredmedia":[{"embeddable":true,"href":"https:\/\/talkpal.ai\/ro\/wp-json\/wp\/v2\/media\/108150"}],"wp:attachment":[{"href":"https:\/\/talkpal.ai\/ro\/wp-json\/wp\/v2\/media?parent=140014"}],"curies":[{"name":"wp","href":"https:\/\/api.w.org\/{rel}","templated":true}]}}