{"id":135864,"date":"2023-06-16T10:51:16","date_gmt":"2023-06-16T10:51:16","guid":{"rendered":"http:\/\/talkpal.ai\/exercitii-de-gramatica-ucraineana\/"},"modified":"2025-12-17T16:20:57","modified_gmt":"2025-12-17T16:20:57","slug":"exercitii-de-gramatica-ucraineana","status":"publish","type":"page","link":"https:\/\/talkpal.ai\/ro\/exercitii-de-gramatica-ucraineana\/","title":{"rendered":"Exerci\u021bii de gramatic\u0103 ucrainean\u0103"},"content":{"rendered":"\r\n\r\n\r\n<section class=\"languageChallengeSection\">\r\n    <div class=\"languageInfoWrapper\">\r\n        \r\n        <h1>Exerci\u021bii de gramatic\u0103 ucrainean\u0103<\/h1>\r\n        <p>Dori\u021bi s\u0103 v\u0103 ridica\u021bi competen\u021bele ucrainene la nivelul urm\u0103tor? Practicarea exerci\u021biilor gramaticale este o modalitate esen\u021bial\u0103 de a st\u0103p\u00e2ni structura propozi\u021biilor, formele verbale \u0219i modelele unice ale limbii ucrainene. \u00cencepe\u021bi s\u0103 lucra\u021bi ast\u0103zi la gramatica ucrainean\u0103 \u0219i urm\u0103ri\u021bi cum v\u0103 cre\u0219te \u00eencrederea \u0219i fluen\u021ba cu fiecare exerci\u021biu!<\/p>\r\n\r\n                            <a class=\"getStartedHidden\" href=\"https:\/\/app.talkpal.ai\/ro\/signup?lng=\">\u00cencepe<\/a>\r\n        \r\n    <\/div>\r\n\r\n    <figure>\r\n    <img decoding=\"async\" width=\"768\" height=\"768\" src=\"https:\/\/talkpal.ai\/wp-content\/uploads\/2023\/06\/Ukrainian-768x768.png\" class=\"languageImage no-lazy\" alt=\"Language learning - Your doorway to the world\" fetchpriority=\"high\" sizes=\"(max-width: 768px) 150px, 768px\" srcset=\"https:\/\/talkpal.ai\/wp-content\/uploads\/2023\/06\/Ukrainian-768x768.png 768w, https:\/\/talkpal.ai\/wp-content\/uploads\/2023\/06\/Ukrainian-300x300.png 300w\" \/>\r\n    \r\n\r\n    <\/figure>\r\n\r\n            <a class=\"getStartedVisible\" href=\"https:\/\/app.talkpal.ai\/ro\/signup?lng=\">\u00cencepe<\/a>\r\n    \r\n<\/section>\r\n\r\n\r\n<!-- <section class=\"grammarSection\">\r\n    <div class=\"grammarLinks\">\r\n            <\/div>\r\n<\/section> -->\r\n\r\n\r\n\r\n\r\n<section class=\"promotionalBanner\">\r\n    <p class=\"promotionalText\">Cel mai eficient mod de a \u00eenv\u0103\u021ba o limb\u0103<\/p>\r\n    <a class=\"promotionalLink\" href=\"https:\/\/app.talkpal.ai\/ro\/signup?lng=\">\u00cencerca\u021bi Talkpal gratuit<\/a>\r\n<\/section>\n<div class=\"wp-block-group pageContainerStyle\"><div class=\"wp-block-group__inner-container is-layout-constrained wp-block-group-is-layout-constrained\">\n<h2 class=\"wp-block-heading\" id=\"h-ukrainian-grammar-topics\">Subiecte de gramatic\u0103 ucrainean\u0103<\/h2>\n\n\n\n<p>\u00cenv\u0103\u021barea unei noi limbi poate fi un efort interesant, dar provocator, iar limba ucrainean\u0103 nu face excep\u021bie. Ucraineana, o limb\u0103 est-slav\u0103, este limba oficial\u0103 a Ucrainei \u0219i se m\u00e2ndre\u0219te cu o istorie bogat\u0103 \u0219i o structur\u0103 gramatical\u0103 divers\u0103. Pe m\u0103sur\u0103 ce v\u0103 \u00eembarca\u021bi \u00een c\u0103l\u0103toria dvs. de a deveni competen\u021bi \u00een limba ucrainean\u0103, exist\u0103 mai multe subiecte cheie de <a href=\"https:\/\/talkpal.ai\/grammar\/\">gramatic\u0103<\/a> <a href=\"https:\/\/talkpal.ai\/culture\/how-do-i-use-pe-care-correctly\/\">pe care<\/a> va trebui s\u0103 le st\u0103p\u00e2ni\u021bi, inclusiv timpuri, verbe, substantive, articole, pronume, adjective, adverbe, prepozi\u021bii \u0219i structura propozi\u021biei. \u00cen\u021belegerea \u0219i aplicarea corect\u0103 a acestor reguli gramaticale v\u0103 va \u00eembun\u0103t\u0103\u021bi semnificativ fluen\u021ba \u00een limb\u0103. A\u0219adar, haide\u021bi s\u0103 ne scufund\u0103m \u00een fiecare subiect \u0219i s\u0103 explor\u0103m ordinea \u00een care ar trebui s\u0103 le \u00eenv\u0103\u021ba\u021bi.<\/p>\n\n\n\n<h3 class=\"wp-block-heading\" id=\"h-1-nouns\">1. Substantive:<\/h3>\n\n\n\n<p>\u00cencepe\u021bi prin a \u00eenv\u0103\u021ba substantive ucrainene, deoarece acestea sunt fundamentul limbii. Familiariza\u021bi-v\u0103 cu genul lor (masculin, feminin \u0219i neutru) \u0219i formele lor <a href=\"https:\/\/talkpal.ai\/zh-hans\/grammar_exercises\/plurale-%e6%84%8f%e5%a4%a7%e5%88%a9%e8%af%ad%e6%b3%95%e7%bb%83%e4%b9%a0\/\">plurale<\/a>. \u00cen\u021belegerea declin\u0103rilor substantivelor (cazuri) este crucial\u0103 pentru formarea corect\u0103 a propozi\u021biilor.<\/p>\n\n\n\n<h3 class=\"wp-block-heading\" id=\"h-2-pronouns\">2. Pronume:<\/h3>\n\n\n\n<p>Apoi, \u00eenv\u0103\u021ba\u021bi pronumele \u2013 cuvinte care \u00eenlocuiesc substantivele \u00eentr-o propozi\u021bie. De asemenea, au distinc\u021bii de gen \u0219i de majuscul\u0103, a\u0219a c\u0103 este esen\u021bial s\u0103 \u00eenv\u0103\u021ba\u021bi formele adecvate de utilizat \u00een func\u021bie de substantivul pe care \u00eel \u00eenlocuiesc.<\/p>\n\n\n\n<h3 class=\"wp-block-heading\" id=\"h-3-verbs\">3. Verbe:<\/h3>\n\n\n\n<p>Verbele sunt cuvintele de ac\u021biune dintr-o propozi\u021bie. \u00cen ucrainean\u0103, verbele au forme diferite bazate pe timp, dispozi\u021bie \u0219i aspect. \u00cencepe\u021bi prin a \u00eenv\u0103\u021ba formele indicative ale verbelor la timpul prezent, care v\u0103 vor ajuta s\u0103 \u00een\u021belege\u021bi structura de baz\u0103 a propozi\u021biei.<\/p>\n\n\n\n<h3 class=\"wp-block-heading\" id=\"h-4-tenses-indicative\">4. Timpuri orientative:<\/h3>\n\n\n\n<p>Odat\u0103 ce v\u0103 sim\u021bi\u021bi confortabil cu verbele la timpul prezent, trece\u021bi la \u00eenv\u0103\u021barea timpurilor trecut \u0219i viitor la modul indicativ. Acest lucru v\u0103 va permite s\u0103 comunica\u021bi despre evenimente care au avut deja loc sau vor avea loc \u00een viitor.<\/p>\n\n\n\n<h3 class=\"wp-block-heading\" id=\"h-5-tenses-subjunctive\">5. Timpuri conjunctive:<\/h3>\n\n\n\n<p>Dup\u0103 st\u0103p\u00e2nirea dispozi\u021biei indicative, explora\u021bi starea conjunctiv\u0103, care exprim\u0103 situa\u021bii, dorin\u021be sau sugestii ipotetice. Starea de spirit conjunctiv\u0103 apare \u00een principal \u00een timpurile trecute \u0219i viitoare \u00een limba ucrainean\u0103.<\/p>\n\n\n\n<h3 class=\"wp-block-heading\" id=\"h-6-tense-comparison\">6. Compara\u021bie tensionat\u0103:<\/h3>\n\n\n\n<p>Afla\u021bi cum s\u0103 compara\u021bi timpurile \u00een limba ucrainean\u0103 pentru a exprima diferite grade de certitudine sau posibilitate. Acest lucru v\u0103 va ajuta s\u0103 \u00een\u021belege\u021bi \u0219i s\u0103 crea\u021bi propozi\u021bii mai complexe.<\/p>\n\n\n\n<h3 class=\"wp-block-heading\" id=\"h-7-adjectives\">7. Adjective:<\/h3>\n\n\n\n<p>Adjectivele descriu calit\u0103\u021bile substantivelor. Ei sunt de acord \u00een gen, num\u0103r \u0219i caz cu substantivul pe care \u00eel modific\u0103. Adjectivele de \u00eenv\u0103\u021bare v\u0103 vor ajuta s\u0103 ad\u0103uga\u021bi mai multe detalii propozi\u021biilor dvs.<\/p>\n\n\n\n<h3 class=\"wp-block-heading\" id=\"h-8-adverbs\">8. Adverbe:<\/h3>\n\n\n\n<p>Adverbele descriu maniera, locul sau timpul unei ac\u021biuni. Ele nu se declin\u0103 ca adjectivele, dar joac\u0103 un rol crucial \u00een a face propozi\u021biile mai informative \u0219i mai atractive.<\/p>\n\n\n\n<h3 class=\"wp-block-heading\" id=\"h-9-prepositions\">9. Prepozi\u021bii:<\/h3>\n\n\n\n<p>Prepozi\u021biile arat\u0103 rela\u021bia dintre cuvintele dintr-o propozi\u021bie (de exemplu, loca\u021bia, direc\u021bia sau timpul). Afla\u021bi cum s\u0103 utiliza\u021bi corect prepozi\u021biile pentru a evita confuzia \u0219i pentru a transmite semnifica\u021bia dorit\u0103.<\/p>\n\n\n\n<h3 class=\"wp-block-heading\" id=\"h-10-sentence-structure\">10. Structura propozi\u021biei:<\/h3>\n\n\n\n<p>\u00cen cele din urm\u0103, familiariza\u021bi-v\u0103 cu structura propozi\u021biei ucrainene. Aceasta include \u00een\u021belegerea ordinii cuvintelor subiect-verb-obiect (SVO) \u0219i modul de utilizare a cazurilor \u0219i a altor elemente gramaticale pentru a forma propozi\u021bii clare \u0219i coerente.<\/p>\n\n\n\n<h3 class=\"wp-block-heading\" id=\"h-11-articles\">11. Articole:<\/h3>\n\n\n\n<p>Ucraineana nu are articole precum &#8222;the&#8221; sau &#8222;a&#8221; \u00een limba <a href=\"https:\/\/talkpal.ai\/learn-english-with-ai\/\">englez\u0103<\/a>, dar este esen\u021bial s\u0103 \u00een\u021belegem modul \u00een care defini\u021bia \u0219i nedeterminarea sunt transmise \u00een aceast\u0103 limb\u0103, de obicei prin utilizarea pronumelor demonstrative sau a contextului.<\/p>\n\n\n\n<p>\u00cenv\u0103\u021b\u00e2nd aceste subiecte de gramatic\u0103 \u00een ordinea sugerat\u0103, ve\u021bi construi treptat o baz\u0103 solid\u0103 \u00een limba ucrainean\u0103 \u0219i ve\u021bi progresa spre fluen\u021b\u0103 \u00een limb\u0103.<\/p>\n<\/div><\/div>\n\r\n<section class=\"learnNavigationSection\">\r\n            \r\n        <a href=\"https:\/\/talkpal.ai\/ro\/invata-ucraineana\/\">\r\n            <div class=\"learnNavigationWrapper\">\r\n                <div class=\"learnNavigationContent\">\r\n                    <img decoding=\"async\" src=\"https:\/\/talkpal.ai\/wp-content\/uploads\/2024\/08\/Ukrainian.jpg\" alt=\"Ukrainian Flag\">\r\n                    <div>\r\n                        <h4>Despre \u00eenv\u0103\u021barea ucrainean\u0103<\/h4>\r\n                        <p>Afla\u021bi totul despre gramatica ucrainean\u0103.<\/p>\r\n                    <\/div>\r\n                <\/div>\r\n            <\/div>\r\n        <\/a>\r\n\r\n        \r\n        <a href=\"https:\/\/talkpal.ai\/ro\/gramatica-limbii-ucrainene\/\">\r\n            <div class=\"learnNavigationWrapper\">\r\n                <div class=\"learnNavigationContent\">\r\n                    <img decoding=\"async\" src=\"https:\/\/talkpal.ai\/wp-content\/uploads\/2024\/08\/Ukrainian.jpg\" alt=\"Ukrainian Flag\">\r\n                    <div>\r\n                        <h4>Lec\u021bii de gramatic\u0103 ucrainean\u0103<\/h4>\r\n                        <p>Exersa\u021bi gramatica ucrainean\u0103.<\/p>\r\n                    <\/div>\r\n                <\/div>\r\n            <\/div>\r\n        <\/a>\r\n\r\n        \r\n        <a href=\"https:\/\/talkpal.ai\/vocabulary_language\/ukrainian\/\">\r\n            <div class=\"learnNavigationWrapper\">\r\n                <div class=\"learnNavigationContent\">\r\n                    <img decoding=\"async\" src=\"https:\/\/talkpal.ai\/wp-content\/uploads\/2024\/08\/Ukrainian.jpg\" alt=\"Ukrainian Flag\">\r\n                    <div>\r\n                        <h4>Vocabular ucrainean<\/h4>\r\n                        <p>Extinde\u021bi-v\u0103 vocabularul ucrainean.<\/p>\r\n                    <\/div>\r\n                <\/div>\r\n            <\/div>\r\n        <\/a>\r\n\r\n            <\/section>","protected":false},"excerpt":{"rendered":"<p>Subiecte de gramatic\u0103 ucrainean\u0103 \u00cenv\u0103\u021barea unei noi limbi poate fi un efort interesant, dar provocator, iar limba ucrainean\u0103 nu face excep\u021bie. Ucraineana, o limb\u0103 est-slav\u0103, este limba oficial\u0103 a Ucrainei \u0219i se m\u00e2ndre\u0219te cu o istorie bogat\u0103 \u0219i o structur\u0103 gramatical\u0103 divers\u0103. Pe m\u0103sur\u0103 ce v\u0103 \u00eembarca\u021bi \u00een c\u0103l\u0103toria dvs. de a deveni competen\u021bi \u00een [&hellip;]<\/p>\n","protected":false},"author":6,"featured_media":108735,"parent":0,"menu_order":0,"comment_status":"closed","ping_status":"closed","template":"LearningContentPage.php","meta":{"_acf_changed":false,"footnotes":""},"class_list":["post-135864","page","type-page","status-publish","has-post-thumbnail","hentry"],"acf":[],"yoast_head":"<!-- This site is optimized with the Yoast SEO Premium plugin v27.2 (Yoast SEO v27.2) - https:\/\/yoast.com\/product\/yoast-seo-premium-wordpress\/ -->\n<title>Exerci\u021bii de gramatic\u0103 ucrainean\u0103 - Talkpal<\/title>\n<meta name=\"description\" content=\"\u00cembun\u0103t\u0103\u021bi\u021bi-v\u0103 cuno\u0219tin\u021bele de ucrainean\u0103 cu exerci\u021bii atractive de gramatic\u0103 ucrainean\u0103 care acoper\u0103 subiecte gramaticale esen\u021biale pentru fluen\u021b\u0103.\" \/>\n<meta name=\"robots\" content=\"index, follow, max-snippet:-1, max-image-preview:large, max-video-preview:-1\" \/>\n<link rel=\"canonical\" href=\"https:\/\/talkpal.ai\/ro\/exercitii-de-gramatica-ucraineana\/\" \/>\n<meta property=\"og:locale\" content=\"ro_RO\" \/>\n<meta property=\"og:type\" content=\"article\" \/>\n<meta property=\"og:title\" content=\"Exerci\u021bii de gramatic\u0103 ucrainean\u0103\" \/>\n<meta property=\"og:description\" content=\"Subiecte de gramatic\u0103 ucrainean\u0103 \u00cenv\u0103\u021barea unei noi limbi poate fi un efort interesant, dar provocator, iar limba ucrainean\u0103 nu face excep\u021bie. Ucraineana,\" \/>\n<meta property=\"og:url\" content=\"https:\/\/talkpal.ai\/ro\/exercitii-de-gramatica-ucraineana\/\" \/>\n<meta property=\"og:site_name\" content=\"Talkpal\" \/>\n<meta property=\"article:publisher\" content=\"https:\/\/www.facebook.com\/profile.php?id=100090733639311\" \/>\n<meta property=\"article:modified_time\" content=\"2025-12-17T16:20:57+00:00\" \/>\n<meta property=\"og:image\" content=\"https:\/\/talkpal.ai\/wp-content\/uploads\/2023\/04\/ukraine.png\" \/>\n\t<meta property=\"og:image:width\" content=\"512\" \/>\n\t<meta property=\"og:image:height\" content=\"512\" \/>\n\t<meta property=\"og:image:type\" content=\"image\/png\" \/>\n<meta name=\"twitter:card\" content=\"summary_large_image\" \/>\n<meta name=\"twitter:site\" content=\"@talkpalai\" \/>\n<meta name=\"twitter:label1\" content=\"Timp estimat pentru citire\" \/>\n\t<meta name=\"twitter:data1\" content=\"3 minute\" \/>\n<script type=\"application\/ld+json\" class=\"yoast-schema-graph\">{\"@context\":\"https:\/\/schema.org\",\"@graph\":[{\"@type\":\"WebPage\",\"@id\":\"https:\/\/talkpal.ai\/ro\/exercitii-de-gramatica-ucraineana\/\",\"url\":\"https:\/\/talkpal.ai\/ro\/exercitii-de-gramatica-ucraineana\/\",\"name\":\"Exerci\u021bii de gramatic\u0103 ucrainean\u0103 - Talkpal\",\"isPartOf\":{\"@id\":\"https:\/\/talkpal.ai\/ro\/#website\"},\"primaryImageOfPage\":{\"@id\":\"https:\/\/talkpal.ai\/ro\/exercitii-de-gramatica-ucraineana\/#primaryimage\"},\"image\":{\"@id\":\"https:\/\/talkpal.ai\/ro\/exercitii-de-gramatica-ucraineana\/#primaryimage\"},\"thumbnailUrl\":\"https:\/\/talkpal.ai\/wp-content\/uploads\/2023\/04\/ukraine.png\",\"datePublished\":\"2023-06-16T10:51:16+00:00\",\"dateModified\":\"2025-12-17T16:20:57+00:00\",\"description\":\"\u00cembun\u0103t\u0103\u021bi\u021bi-v\u0103 cuno\u0219tin\u021bele de ucrainean\u0103 cu exerci\u021bii atractive de gramatic\u0103 ucrainean\u0103 care acoper\u0103 subiecte gramaticale esen\u021biale pentru fluen\u021b\u0103.\",\"breadcrumb\":{\"@id\":\"https:\/\/talkpal.ai\/ro\/exercitii-de-gramatica-ucraineana\/#breadcrumb\"},\"inLanguage\":\"ro-RO\",\"potentialAction\":[{\"@type\":\"ReadAction\",\"target\":[\"https:\/\/talkpal.ai\/ro\/exercitii-de-gramatica-ucraineana\/\"]}]},{\"@type\":\"ImageObject\",\"inLanguage\":\"ro-RO\",\"@id\":\"https:\/\/talkpal.ai\/ro\/exercitii-de-gramatica-ucraineana\/#primaryimage\",\"url\":\"https:\/\/talkpal.ai\/wp-content\/uploads\/2023\/04\/ukraine.png\",\"contentUrl\":\"https:\/\/talkpal.ai\/wp-content\/uploads\/2023\/04\/ukraine.png\",\"width\":512,\"height\":512,\"caption\":\"TalkPal Ukrainian Flag\"},{\"@type\":\"BreadcrumbList\",\"@id\":\"https:\/\/talkpal.ai\/ro\/exercitii-de-gramatica-ucraineana\/#breadcrumb\",\"itemListElement\":[{\"@type\":\"ListItem\",\"position\":1,\"name\":\"Homepage\",\"item\":\"https:\/\/talkpal.ai\/ro\/\"},{\"@type\":\"ListItem\",\"position\":2,\"name\":\"Exerci\u021bii de gramatic\u0103 ucrainean\u0103\"}]},{\"@type\":\"WebSite\",\"@id\":\"https:\/\/talkpal.ai\/ro\/#website\",\"url\":\"https:\/\/talkpal.ai\/ro\/\",\"name\":\"Talkpal\",\"description\":\"AI Language Learning\",\"publisher\":{\"@id\":\"https:\/\/talkpal.ai\/ro\/#organization\"},\"alternateName\":\"Talkpal AI\",\"potentialAction\":[{\"@type\":\"SearchAction\",\"target\":{\"@type\":\"EntryPoint\",\"urlTemplate\":\"https:\/\/talkpal.ai\/ro\/?s={search_term_string}\"},\"query-input\":{\"@type\":\"PropertyValueSpecification\",\"valueRequired\":true,\"valueName\":\"search_term_string\"}}],\"inLanguage\":\"ro-RO\"},{\"@type\":\"Organization\",\"@id\":\"https:\/\/talkpal.ai\/ro\/#organization\",\"name\":\"Talkpal, Inc.\",\"alternateName\":\"Talkpal AI\",\"url\":\"https:\/\/talkpal.ai\/ro\/\",\"logo\":{\"@type\":\"ImageObject\",\"inLanguage\":\"ro-RO\",\"@id\":\"https:\/\/talkpal.ai\/ro\/#\/schema\/logo\/image\/\",\"url\":\"https:\/\/talkpal.ai\/wp-content\/uploads\/2024\/03\/Talkpal-Logo-Icon.png\",\"contentUrl\":\"https:\/\/talkpal.ai\/wp-content\/uploads\/2024\/03\/Talkpal-Logo-Icon.png\",\"width\":2880,\"height\":2880,\"caption\":\"Talkpal, Inc.\"},\"image\":{\"@id\":\"https:\/\/talkpal.ai\/ro\/#\/schema\/logo\/image\/\"},\"sameAs\":[\"https:\/\/www.facebook.com\/profile.php?id=100090733639311\",\"https:\/\/x.com\/talkpalai\",\"https:\/\/www.linkedin.com\/company\/talkpal\/\",\"https:\/\/www.youtube.com\/@TalkPal\/\",\"https:\/\/www.tiktok.com\/@talkpal\",\"https:\/\/www.instagram.com\/talkpal_ai\/\",\"https:\/\/www.crunchbase.com\/organization\/talkpal-9cde\",\"https:\/\/www.g2.com\/products\/talkpal-for-business\/\",\"https:\/\/www.trustpilot.com\/review\/talkpal.ai\",\"https:\/\/www.capterra.com\/p\/10006800\/TalkPal\/\"],\"description\":\"Talkpal is a language learning web and mobile education app, powered by the latest AI technologies, that provides engaging experiences to its customers in many different languages to help them improve their language skills. Users can chat about unlimited amount of topics with the app and use other modes to practice their language learning.\",\"email\":\"support@talkpal.ai\",\"legalName\":\"Talkpal, Inc.\",\"foundingDate\":\"2023-04-03\",\"duns\":\"118989042\",\"numberOfEmployees\":{\"@type\":\"QuantitativeValue\",\"minValue\":\"11\",\"maxValue\":\"50\"},\"publishingPrinciples\":\"https:\/\/talkpal.ai\/publishing-principles\/\",\"actionableFeedbackPolicy\":\"https:\/\/talkpal.ai\/actionable-feedback-policy\/\",\"correctionsPolicy\":\"https:\/\/talkpal.ai\/corrections-policy\/\",\"ethicsPolicy\":\"https:\/\/talkpal.ai\/ethics-policy\/\",\"diversityPolicy\":\"https:\/\/talkpal.ai\/diversity-policy\/\",\"diversityStaffingReport\":\"https:\/\/talkpal.ai\/diversity-policy\/\"}]}<\/script>\n<!-- \/ Yoast SEO Premium plugin. -->","yoast_head_json":{"title":"Exerci\u021bii de gramatic\u0103 ucrainean\u0103 - Talkpal","description":"\u00cembun\u0103t\u0103\u021bi\u021bi-v\u0103 cuno\u0219tin\u021bele de ucrainean\u0103 cu exerci\u021bii atractive de gramatic\u0103 ucrainean\u0103 care acoper\u0103 subiecte gramaticale esen\u021biale pentru fluen\u021b\u0103.","robots":{"index":"index","follow":"follow","max-snippet":"max-snippet:-1","max-image-preview":"max-image-preview:large","max-video-preview":"max-video-preview:-1"},"canonical":"https:\/\/talkpal.ai\/ro\/exercitii-de-gramatica-ucraineana\/","og_locale":"ro_RO","og_type":"article","og_title":"Exerci\u021bii de gramatic\u0103 ucrainean\u0103","og_description":"Subiecte de gramatic\u0103 ucrainean\u0103 \u00cenv\u0103\u021barea unei noi limbi poate fi un efort interesant, dar provocator, iar limba ucrainean\u0103 nu face excep\u021bie. Ucraineana,","og_url":"https:\/\/talkpal.ai\/ro\/exercitii-de-gramatica-ucraineana\/","og_site_name":"Talkpal","article_publisher":"https:\/\/www.facebook.com\/profile.php?id=100090733639311","article_modified_time":"2025-12-17T16:20:57+00:00","og_image":[{"width":512,"height":512,"url":"https:\/\/talkpal.ai\/wp-content\/uploads\/2023\/04\/ukraine.png","type":"image\/png"}],"twitter_card":"summary_large_image","twitter_site":"@talkpalai","twitter_misc":{"Timp estimat pentru citire":"3 minute"},"schema":{"@context":"https:\/\/schema.org","@graph":[{"@type":"WebPage","@id":"https:\/\/talkpal.ai\/ro\/exercitii-de-gramatica-ucraineana\/","url":"https:\/\/talkpal.ai\/ro\/exercitii-de-gramatica-ucraineana\/","name":"Exerci\u021bii de gramatic\u0103 ucrainean\u0103 - Talkpal","isPartOf":{"@id":"https:\/\/talkpal.ai\/ro\/#website"},"primaryImageOfPage":{"@id":"https:\/\/talkpal.ai\/ro\/exercitii-de-gramatica-ucraineana\/#primaryimage"},"image":{"@id":"https:\/\/talkpal.ai\/ro\/exercitii-de-gramatica-ucraineana\/#primaryimage"},"thumbnailUrl":"https:\/\/talkpal.ai\/wp-content\/uploads\/2023\/04\/ukraine.png","datePublished":"2023-06-16T10:51:16+00:00","dateModified":"2025-12-17T16:20:57+00:00","description":"\u00cembun\u0103t\u0103\u021bi\u021bi-v\u0103 cuno\u0219tin\u021bele de ucrainean\u0103 cu exerci\u021bii atractive de gramatic\u0103 ucrainean\u0103 care acoper\u0103 subiecte gramaticale esen\u021biale pentru fluen\u021b\u0103.","breadcrumb":{"@id":"https:\/\/talkpal.ai\/ro\/exercitii-de-gramatica-ucraineana\/#breadcrumb"},"inLanguage":"ro-RO","potentialAction":[{"@type":"ReadAction","target":["https:\/\/talkpal.ai\/ro\/exercitii-de-gramatica-ucraineana\/"]}]},{"@type":"ImageObject","inLanguage":"ro-RO","@id":"https:\/\/talkpal.ai\/ro\/exercitii-de-gramatica-ucraineana\/#primaryimage","url":"https:\/\/talkpal.ai\/wp-content\/uploads\/2023\/04\/ukraine.png","contentUrl":"https:\/\/talkpal.ai\/wp-content\/uploads\/2023\/04\/ukraine.png","width":512,"height":512,"caption":"TalkPal Ukrainian Flag"},{"@type":"BreadcrumbList","@id":"https:\/\/talkpal.ai\/ro\/exercitii-de-gramatica-ucraineana\/#breadcrumb","itemListElement":[{"@type":"ListItem","position":1,"name":"Homepage","item":"https:\/\/talkpal.ai\/ro\/"},{"@type":"ListItem","position":2,"name":"Exerci\u021bii de gramatic\u0103 ucrainean\u0103"}]},{"@type":"WebSite","@id":"https:\/\/talkpal.ai\/ro\/#website","url":"https:\/\/talkpal.ai\/ro\/","name":"Talkpal","description":"AI Language Learning","publisher":{"@id":"https:\/\/talkpal.ai\/ro\/#organization"},"alternateName":"Talkpal AI","potentialAction":[{"@type":"SearchAction","target":{"@type":"EntryPoint","urlTemplate":"https:\/\/talkpal.ai\/ro\/?s={search_term_string}"},"query-input":{"@type":"PropertyValueSpecification","valueRequired":true,"valueName":"search_term_string"}}],"inLanguage":"ro-RO"},{"@type":"Organization","@id":"https:\/\/talkpal.ai\/ro\/#organization","name":"Talkpal, Inc.","alternateName":"Talkpal AI","url":"https:\/\/talkpal.ai\/ro\/","logo":{"@type":"ImageObject","inLanguage":"ro-RO","@id":"https:\/\/talkpal.ai\/ro\/#\/schema\/logo\/image\/","url":"https:\/\/talkpal.ai\/wp-content\/uploads\/2024\/03\/Talkpal-Logo-Icon.png","contentUrl":"https:\/\/talkpal.ai\/wp-content\/uploads\/2024\/03\/Talkpal-Logo-Icon.png","width":2880,"height":2880,"caption":"Talkpal, Inc."},"image":{"@id":"https:\/\/talkpal.ai\/ro\/#\/schema\/logo\/image\/"},"sameAs":["https:\/\/www.facebook.com\/profile.php?id=100090733639311","https:\/\/x.com\/talkpalai","https:\/\/www.linkedin.com\/company\/talkpal\/","https:\/\/www.youtube.com\/@TalkPal\/","https:\/\/www.tiktok.com\/@talkpal","https:\/\/www.instagram.com\/talkpal_ai\/","https:\/\/www.crunchbase.com\/organization\/talkpal-9cde","https:\/\/www.g2.com\/products\/talkpal-for-business\/","https:\/\/www.trustpilot.com\/review\/talkpal.ai","https:\/\/www.capterra.com\/p\/10006800\/TalkPal\/"],"description":"Talkpal is a language learning web and mobile education app, powered by the latest AI technologies, that provides engaging experiences to its customers in many different languages to help them improve their language skills. Users can chat about unlimited amount of topics with the app and use other modes to practice their language learning.","email":"support@talkpal.ai","legalName":"Talkpal, Inc.","foundingDate":"2023-04-03","duns":"118989042","numberOfEmployees":{"@type":"QuantitativeValue","minValue":"11","maxValue":"50"},"publishingPrinciples":"https:\/\/talkpal.ai\/publishing-principles\/","actionableFeedbackPolicy":"https:\/\/talkpal.ai\/actionable-feedback-policy\/","correctionsPolicy":"https:\/\/talkpal.ai\/corrections-policy\/","ethicsPolicy":"https:\/\/talkpal.ai\/ethics-policy\/","diversityPolicy":"https:\/\/talkpal.ai\/diversity-policy\/","diversityStaffingReport":"https:\/\/talkpal.ai\/diversity-policy\/"}]}},"_links":{"self":[{"href":"https:\/\/talkpal.ai\/ro\/wp-json\/wp\/v2\/pages\/135864","targetHints":{"allow":["GET"]}}],"collection":[{"href":"https:\/\/talkpal.ai\/ro\/wp-json\/wp\/v2\/pages"}],"about":[{"href":"https:\/\/talkpal.ai\/ro\/wp-json\/wp\/v2\/types\/page"}],"author":[{"embeddable":true,"href":"https:\/\/talkpal.ai\/ro\/wp-json\/wp\/v2\/users\/6"}],"replies":[{"embeddable":true,"href":"https:\/\/talkpal.ai\/ro\/wp-json\/wp\/v2\/comments?post=135864"}],"version-history":[{"count":0,"href":"https:\/\/talkpal.ai\/ro\/wp-json\/wp\/v2\/pages\/135864\/revisions"}],"wp:featuredmedia":[{"embeddable":true,"href":"https:\/\/talkpal.ai\/ro\/wp-json\/wp\/v2\/media\/108735"}],"wp:attachment":[{"href":"https:\/\/talkpal.ai\/ro\/wp-json\/wp\/v2\/media?parent=135864"}],"curies":[{"name":"wp","href":"https:\/\/api.w.org\/{rel}","templated":true}]}}