{"id":135100,"date":"2023-06-16T10:27:33","date_gmt":"2023-06-16T10:27:33","guid":{"rendered":"http:\/\/talkpal.ai\/exercitii-de-gramatica-coreeana\/"},"modified":"2025-12-17T16:49:19","modified_gmt":"2025-12-17T16:49:19","slug":"exercitii-de-gramatica-coreeana","status":"publish","type":"page","link":"https:\/\/talkpal.ai\/ro\/exercitii-de-gramatica-coreeana\/","title":{"rendered":"Exerci\u021bii de gramatic\u0103 coreean\u0103"},"content":{"rendered":"\r\n\r\n\r\n<section class=\"languageChallengeSection\">\r\n    <div class=\"languageInfoWrapper\">\r\n        \r\n        <h1>Exerci\u021bii de gramatic\u0103 coreean\u0103<\/h1>\r\n        <p>Dori\u021bi s\u0103 v\u0103 consolida\u021bi cuno\u0219tin\u021bele de limba coreean\u0103? Concentrarea pe exerci\u021bii gramaticale este o modalitate excelent\u0103 de a st\u0103p\u00e2ni structura propozi\u021biilor, termina\u021biile verbelor \u0219i frazele uzuale. Imersa\u021bi-v\u0103 \u0219i practica\u021bi gramatica coreean\u0103 \u00een mod regulat &#8211; fiecare exerci\u021biu v\u0103 aduce mai aproape de comunicarea natural\u0103 \u0219i \u00eencrez\u0103toare. \u00cencepe\u021bi ast\u0103zi \u0219i vede\u021bi cum abilit\u0103\u021bile dvs. coreene cresc pas cu pas!<\/p>\r\n\r\n                            <a class=\"getStartedHidden\" href=\"https:\/\/app.talkpal.ai\/ro\/signup?lng=\">\u00cencepe<\/a>\r\n        \r\n    <\/div>\r\n\r\n    <figure>\r\n    <img decoding=\"async\" width=\"768\" height=\"768\" src=\"https:\/\/talkpal.ai\/wp-content\/uploads\/2023\/06\/korean-768x768.png\" class=\"languageImage no-lazy\" alt=\"Line-by-line learning for language acquisition\" fetchpriority=\"high\" sizes=\"(max-width: 768px) 150px, 768px\" srcset=\"https:\/\/talkpal.ai\/wp-content\/uploads\/2023\/06\/korean-768x768.png 768w, https:\/\/talkpal.ai\/wp-content\/uploads\/2023\/06\/korean-300x300.png 300w\" \/>\r\n    \r\n\r\n    <\/figure>\r\n\r\n            <a class=\"getStartedVisible\" href=\"https:\/\/app.talkpal.ai\/ro\/signup?lng=\">\u00cencepe<\/a>\r\n    \r\n<\/section>\r\n\r\n\r\n<!-- <section class=\"grammarSection\">\r\n    <div class=\"grammarLinks\">\r\n            <\/div>\r\n<\/section> -->\r\n\r\n\r\n\r\n\r\n<section class=\"promotionalBanner\">\r\n    <p class=\"promotionalText\">Cel mai eficient mod de a \u00eenv\u0103\u021ba o limb\u0103<\/p>\r\n    <a class=\"promotionalLink\" href=\"https:\/\/app.talkpal.ai\/ro\/signup?lng=\">\u00cencerca\u021bi Talkpal gratuit<\/a>\r\n<\/section>\n<div class=\"wp-block-group pageContainerStyle\"><div class=\"wp-block-group__inner-container is-layout-constrained wp-block-group-is-layout-constrained\">\n<h2 class=\"wp-block-heading\" id=\"h-korean-grammar-topics\">Subiecte de gramatic\u0103 coreean\u0103<\/h2>\n\n\n\n<p>\u00cenv\u0103\u021barea limbii coreene poate fi o experien\u021b\u0103 interesant\u0103 \u0219i plin\u0103 de satisfac\u021bii, deoarece deschide noi oportunit\u0103\u021bi culturale \u0219i profesionale. Limba coreean\u0103 are o istorie bogat\u0103 \u0219i este vorbit\u0103 de milioane de oameni din \u00eentreaga lume. Unul dintre aspectele cheie ale \u00eenv\u0103\u021b\u0103rii oric\u0103rei limbi este \u00een\u021belegerea gramaticii <a href=\"https:\/\/talkpal.ai\/locations\/learn-english-in-sale\/\">sale<\/a>. \u00cen cazul limbii coreene, gramatica este destul de diferit\u0103 de multe limbi occidentale, dar cu abordarea corect\u0103, poate fi \u00een\u021beleas\u0103 sistematic. \u00cen acest articol, vom explora diverse subiecte de <a href=\"https:\/\/talkpal.ai\/korean-grammar\/\">gramatic\u0103 coreean\u0103<\/a>, inclusiv timpuri, verbe, substantive, articole, pronume, adjective, adverbe, prepozi\u021bii \u0219i structura propozi\u021biei. Prin \u00een\u021belegerea \u0219i st\u0103p\u00e2nirea acestor concepte, ve\u021bi fi pe cale s\u0103 deveni\u021bi competen\u021bi \u00een limba coreean\u0103.<\/p>\n\n\n\n<h3 class=\"wp-block-heading\" id=\"h-1-nouns\">1. Substantive:<\/h3>\n\n\n\n<p>\u00cen coreean\u0103, substantivele sunt elemente esen\u021biale ale propozi\u021biilor. Ele reprezint\u0103 oameni, locuri, lucruri sau idei. Substantivele coreene nu au distinc\u021bii de gen sau numere, ceea ce le face relativ simplu de \u00eenv\u0103\u021bat. Familiarizarea cu substantivele coreene comune v\u0103 va ajuta s\u0103 construi\u021bi o baz\u0103 solid\u0103 de vocabular.<\/p>\n\n\n\n<h3 class=\"wp-block-heading\" id=\"h-2-verbs\">2. Verbe:<\/h3>\n\n\n\n<p>Verbele coreene sunt esen\u021biale pentru transmiterea ac\u021biunilor \u0219i st\u0103rilor de a fi. Ele vin de obicei la sf\u00e2r\u0219itul unei propozi\u021bii \u0219i au diferite forme, \u00een func\u021bie de nivelul de tensiune \u0219i polite\u021be. \u00cen\u021belegerea regulilor de conjugare pentru diferite forme verbale este esen\u021bial\u0103 pentru o comunicare eficient\u0103 \u00een coreean\u0103.<\/p>\n\n\n\n<h3 class=\"wp-block-heading\" id=\"h-3-adjectives\">3. Adjective:<\/h3>\n\n\n\n<p>\u00cen coreean\u0103, adjectivele sunt folosite pentru a descrie substantivele \u0219i au reguli de conjugare similare cu verbele. Ele pot fi folosite \u00eenainte sau dup\u0103 un substantiv, iar forma lor se poate schimba \u00een func\u021bie de nivelul de tensiune \u0219i polite\u021be. \u00cenv\u0103\u021barea adjectivelor comune \u0219i utilizarea lor v\u0103 va \u00eembun\u0103t\u0103\u021bi abilit\u0103\u021bile descriptive \u00een coreean\u0103.<\/p>\n\n\n\n<h3 class=\"wp-block-heading\" id=\"h-4-adverbs\">4. Adverbe:<\/h3>\n\n\n\n<p>Adverbele \u00een coreean\u0103 ofer\u0103 informa\u021bii suplimentare despre verbe, adjective sau alte adverbe. Ele vin de obicei \u00eenaintea cuv\u00e2ntului <a href=\"https:\/\/talkpal.ai\/culture\/how-do-i-use-pe-care-correctly\/\">pe care<\/a> \u00eel modific\u0103 \u0219i nu au reguli specifice de conjugare. \u00cencorporarea adverbelor \u00een propozi\u021biile coreene poate ad\u0103uga profunzime \u0219i nuan\u021b\u0103 expresiei tale.<\/p>\n\n\n\n<h3 class=\"wp-block-heading\" id=\"h-5-pronouns\">5. Pronume:<\/h3>\n\n\n\n<p>Pronumele coreene ajut\u0103 la evitarea redundan\u021bei \u0219i fac propozi\u021biile mai concise. Ele \u00eenlocuiesc substantive care au fost deja men\u021bionate sau sunt \u00een\u021belese \u00een context. Pronumele coreene au forme diferite \u00een func\u021bie de statutul social \u0219i de genul subiectului, ceea ce face ca acestea s\u0103 fie un aspect important al limbii pe care trebuie s\u0103 \u00eel st\u0103p\u00e2ne\u0219ti.<\/p>\n\n\n\n<h3 class=\"wp-block-heading\" id=\"h-6-prepositions\">6. Prepozi\u021bii:<\/h3>\n\n\n\n<p>\u00cen coreean\u0103, prepozi\u021biile sunt folosite pentru a exprima rela\u021biile dintre substantive \u00eentr-o propozi\u021bie, cum ar fi loca\u021bia, direc\u021bia sau posesia. Spre deosebire de <a href=\"https:\/\/talkpal.ai\/learn-english-with-ai\/\">englez\u0103<\/a>, prepozi\u021biile coreene vin de obicei dup\u0103 substantivul pe care \u00eel modific\u0103, form\u00e2nd o singur\u0103 unitate numit\u0103 fraz\u0103 postpozi\u021bional\u0103. \u00cen\u021belegerea utiliz\u0103rii corecte a acestor particule este crucial\u0103 pentru construirea unor propozi\u021bii coreene coerente.<\/p>\n\n\n\n<h3 class=\"wp-block-heading\" id=\"h-7-sentence-structure\">7. Structura propozi\u021biei:<\/h3>\n\n\n\n<p>Structura de baz\u0103 a unei propozi\u021bii coreene este subiect-obiect-verb (SOV). Aceasta \u00eenseamn\u0103 c\u0103 verbul vine de obicei ultimul \u00eentr-o propozi\u021bie, ceea ce poate fi o schimbare semnificativ\u0103 pentru vorbitorii de englez\u0103. \u00cenv\u0103\u021barea ordinii corecte a cuvintelor \u0219i a structurii propozi\u021biilor v\u0103 va permite s\u0103 comunica\u021bi mai eficient \u00een coreean\u0103.<\/p>\n\n\n\n<h3 class=\"wp-block-heading\" id=\"h-8-tenses-indicative-and-subjunctive\">8. Timpuri indicative \u0219i conjunctive:<\/h3>\n\n\n\n<p>Coreeana are diferite forme verbale pentru a exprima ac\u021biuni sau st\u0103ri trecute, prezente \u0219i viitoare. Starea de spirit indicativ\u0103 este utilizat\u0103 pentru declara\u021biile de fapt, \u00een timp ce starea conjunctiv\u0103 transmite incertitudine, posibilitate sau situa\u021bii ipotetice. Recunoa\u0219terea \u0219i utilizarea corect\u0103 a acestor forme verbale este esen\u021bial\u0103 pentru o comunicare clar\u0103 \u00een coreean\u0103.<\/p>\n\n\n\n<h3 class=\"wp-block-heading\" id=\"h-9-tense-comparison\">9. Compara\u021bie tensionat\u0103:<\/h3>\n\n\n\n<p>Compararea evenimentelor \u00een diferite intervale de timp necesit\u0103 \u00een\u021belegerea nuan\u021belor conjug\u0103rii verbelor coreene. \u00cenv\u0103\u021b\u00e2nd cum s\u0103 compara\u021bi evenimentele trecute, prezente \u0219i viitoare folosind forme verbale adecvate, pute\u021bi transmite idei \u0219i rela\u021bii complexe \u00een coreean\u0103.<\/p>\n\n\n\n<h3 class=\"wp-block-heading\" id=\"h-10-articles\">10. Articole:<\/h3>\n\n\n\n<p>Spre deosebire de englez\u0103, coreeana nu are articole definite sau nehot\u0103r\u00e2te. \u00cen schimb, limbajul se bazeaz\u0103 pe context \u0219i pe utilizarea unor particule specifice pentru a transmite caracterul definitiv sau nedefinit al unui substantiv. St\u0103p\u00e2nirea acestor particule v\u0103 va permite s\u0103 v\u0103 exprima\u021bi mai precis \u00een coreean\u0103.<\/p>\n<\/div><\/div>\n\r\n<section class=\"learnNavigationSection\">\r\n            \r\n        <a href=\"https:\/\/talkpal.ai\/ro\/invata-coreeana\/\">\r\n            <div class=\"learnNavigationWrapper\">\r\n                <div class=\"learnNavigationContent\">\r\n                    <img decoding=\"async\" src=\"https:\/\/talkpal.ai\/wp-content\/uploads\/2024\/08\/Korean.jpg\" alt=\"Korean Flag\">\r\n                    <div>\r\n                        <h4>Despre \u00eenv\u0103\u021barea coreean\u0103<\/h4>\r\n                        <p>Afla\u021bi totul despre gramatica coreean\u0103.<\/p>\r\n                    <\/div>\r\n                <\/div>\r\n            <\/div>\r\n        <\/a>\r\n\r\n        \r\n        <a href=\"https:\/\/talkpal.ai\/ro\/gramatica-coreeana\/\">\r\n            <div class=\"learnNavigationWrapper\">\r\n                <div class=\"learnNavigationContent\">\r\n                    <img decoding=\"async\" src=\"https:\/\/talkpal.ai\/wp-content\/uploads\/2024\/08\/Korean.jpg\" alt=\"Korean Flag\">\r\n                    <div>\r\n                        <h4>Lec\u021bii de gramatic\u0103 coreean\u0103<\/h4>\r\n                        <p>Exersa\u021bi gramatica coreean\u0103.<\/p>\r\n                    <\/div>\r\n                <\/div>\r\n            <\/div>\r\n        <\/a>\r\n\r\n        \r\n        <a href=\"https:\/\/talkpal.ai\/vocabulary_language\/korean\/\">\r\n            <div class=\"learnNavigationWrapper\">\r\n                <div class=\"learnNavigationContent\">\r\n                    <img decoding=\"async\" src=\"https:\/\/talkpal.ai\/wp-content\/uploads\/2024\/08\/Korean.jpg\" alt=\"Korean Flag\">\r\n                    <div>\r\n                        <h4>Vocabular coreean<\/h4>\r\n                        <p>Extinde\u021bi-v\u0103 vocabularul coreean.<\/p>\r\n                    <\/div>\r\n                <\/div>\r\n            <\/div>\r\n        <\/a>\r\n\r\n            <\/section>","protected":false},"excerpt":{"rendered":"<p>Subiecte de gramatic\u0103 coreean\u0103 \u00cenv\u0103\u021barea limbii coreene poate fi o experien\u021b\u0103 interesant\u0103 \u0219i plin\u0103 de satisfac\u021bii, deoarece deschide noi oportunit\u0103\u021bi culturale \u0219i profesionale. Limba coreean\u0103 are o istorie bogat\u0103 \u0219i este vorbit\u0103 de milioane de oameni din \u00eentreaga lume. Unul dintre aspectele cheie ale \u00eenv\u0103\u021b\u0103rii oric\u0103rei limbi este \u00een\u021belegerea gramaticii sale. \u00cen cazul limbii coreene, [&hellip;]<\/p>\n","protected":false},"author":6,"featured_media":107680,"parent":0,"menu_order":0,"comment_status":"closed","ping_status":"closed","template":"LearningContentPage.php","meta":{"_acf_changed":false,"footnotes":""},"class_list":["post-135100","page","type-page","status-publish","has-post-thumbnail","hentry"],"acf":[],"yoast_head":"<!-- This site is optimized with the Yoast SEO Premium plugin v27.2 (Yoast SEO v27.2) - https:\/\/yoast.com\/product\/yoast-seo-premium-wordpress\/ -->\n<title>Exerci\u021bii de gramatic\u0103 coreean\u0103 - Talkpal<\/title>\n<meta name=\"description\" content=\"\u00cembun\u0103t\u0103\u021bi\u021bi-v\u0103 gramatica coreean\u0103 cu u\u0219urin\u021b\u0103 - exersa\u021bi cu exerci\u021bii interactive, st\u0103p\u00e2ni\u021bi modele lingvistice \u0219i construi\u021bi \u00eencredere\" \/>\n<meta name=\"robots\" content=\"index, follow, max-snippet:-1, max-image-preview:large, max-video-preview:-1\" \/>\n<link rel=\"canonical\" href=\"https:\/\/talkpal.ai\/ro\/exercitii-de-gramatica-coreeana\/\" \/>\n<meta property=\"og:locale\" content=\"ro_RO\" \/>\n<meta property=\"og:type\" content=\"article\" \/>\n<meta property=\"og:title\" content=\"Exerci\u021bii de gramatic\u0103 coreean\u0103\" \/>\n<meta property=\"og:description\" content=\"Subiecte de gramatic\u0103 coreean\u0103 \u00cenv\u0103\u021barea limbii coreene poate fi o experien\u021b\u0103 interesant\u0103 \u0219i plin\u0103 de satisfac\u021bii, deoarece deschide noi oportunit\u0103\u021bi\" \/>\n<meta property=\"og:url\" content=\"https:\/\/talkpal.ai\/ro\/exercitii-de-gramatica-coreeana\/\" \/>\n<meta property=\"og:site_name\" content=\"Talkpal\" \/>\n<meta property=\"article:publisher\" content=\"https:\/\/www.facebook.com\/profile.php?id=100090733639311\" \/>\n<meta property=\"article:modified_time\" content=\"2025-12-17T16:49:19+00:00\" \/>\n<meta property=\"og:image\" content=\"https:\/\/talkpal.ai\/wp-content\/uploads\/2023\/04\/south-korea.png\" \/>\n\t<meta property=\"og:image:width\" content=\"512\" \/>\n\t<meta property=\"og:image:height\" content=\"512\" \/>\n\t<meta property=\"og:image:type\" content=\"image\/png\" \/>\n<meta name=\"twitter:card\" content=\"summary_large_image\" \/>\n<meta name=\"twitter:site\" content=\"@talkpalai\" \/>\n<meta name=\"twitter:label1\" content=\"Timp estimat pentru citire\" \/>\n\t<meta name=\"twitter:data1\" content=\"3 minute\" \/>\n<script type=\"application\/ld+json\" class=\"yoast-schema-graph\">{\"@context\":\"https:\/\/schema.org\",\"@graph\":[{\"@type\":\"WebPage\",\"@id\":\"https:\/\/talkpal.ai\/ro\/exercitii-de-gramatica-coreeana\/\",\"url\":\"https:\/\/talkpal.ai\/ro\/exercitii-de-gramatica-coreeana\/\",\"name\":\"Exerci\u021bii de gramatic\u0103 coreean\u0103 - Talkpal\",\"isPartOf\":{\"@id\":\"https:\/\/talkpal.ai\/ro\/#website\"},\"primaryImageOfPage\":{\"@id\":\"https:\/\/talkpal.ai\/ro\/exercitii-de-gramatica-coreeana\/#primaryimage\"},\"image\":{\"@id\":\"https:\/\/talkpal.ai\/ro\/exercitii-de-gramatica-coreeana\/#primaryimage\"},\"thumbnailUrl\":\"https:\/\/talkpal.ai\/wp-content\/uploads\/2023\/04\/south-korea.png\",\"datePublished\":\"2023-06-16T10:27:33+00:00\",\"dateModified\":\"2025-12-17T16:49:19+00:00\",\"description\":\"\u00cembun\u0103t\u0103\u021bi\u021bi-v\u0103 gramatica coreean\u0103 cu u\u0219urin\u021b\u0103 - exersa\u021bi cu exerci\u021bii interactive, st\u0103p\u00e2ni\u021bi modele lingvistice \u0219i construi\u021bi \u00eencredere\",\"breadcrumb\":{\"@id\":\"https:\/\/talkpal.ai\/ro\/exercitii-de-gramatica-coreeana\/#breadcrumb\"},\"inLanguage\":\"ro-RO\",\"potentialAction\":[{\"@type\":\"ReadAction\",\"target\":[\"https:\/\/talkpal.ai\/ro\/exercitii-de-gramatica-coreeana\/\"]}]},{\"@type\":\"ImageObject\",\"inLanguage\":\"ro-RO\",\"@id\":\"https:\/\/talkpal.ai\/ro\/exercitii-de-gramatica-coreeana\/#primaryimage\",\"url\":\"https:\/\/talkpal.ai\/wp-content\/uploads\/2023\/04\/south-korea.png\",\"contentUrl\":\"https:\/\/talkpal.ai\/wp-content\/uploads\/2023\/04\/south-korea.png\",\"width\":512,\"height\":512},{\"@type\":\"BreadcrumbList\",\"@id\":\"https:\/\/talkpal.ai\/ro\/exercitii-de-gramatica-coreeana\/#breadcrumb\",\"itemListElement\":[{\"@type\":\"ListItem\",\"position\":1,\"name\":\"Homepage\",\"item\":\"https:\/\/talkpal.ai\/ro\/\"},{\"@type\":\"ListItem\",\"position\":2,\"name\":\"Exerci\u021bii de gramatic\u0103 coreean\u0103\"}]},{\"@type\":\"WebSite\",\"@id\":\"https:\/\/talkpal.ai\/ro\/#website\",\"url\":\"https:\/\/talkpal.ai\/ro\/\",\"name\":\"Talkpal\",\"description\":\"AI Language Learning\",\"publisher\":{\"@id\":\"https:\/\/talkpal.ai\/ro\/#organization\"},\"alternateName\":\"Talkpal AI\",\"potentialAction\":[{\"@type\":\"SearchAction\",\"target\":{\"@type\":\"EntryPoint\",\"urlTemplate\":\"https:\/\/talkpal.ai\/ro\/?s={search_term_string}\"},\"query-input\":{\"@type\":\"PropertyValueSpecification\",\"valueRequired\":true,\"valueName\":\"search_term_string\"}}],\"inLanguage\":\"ro-RO\"},{\"@type\":\"Organization\",\"@id\":\"https:\/\/talkpal.ai\/ro\/#organization\",\"name\":\"Talkpal, Inc.\",\"alternateName\":\"Talkpal AI\",\"url\":\"https:\/\/talkpal.ai\/ro\/\",\"logo\":{\"@type\":\"ImageObject\",\"inLanguage\":\"ro-RO\",\"@id\":\"https:\/\/talkpal.ai\/ro\/#\/schema\/logo\/image\/\",\"url\":\"https:\/\/talkpal.ai\/wp-content\/uploads\/2024\/03\/Talkpal-Logo-Icon.png\",\"contentUrl\":\"https:\/\/talkpal.ai\/wp-content\/uploads\/2024\/03\/Talkpal-Logo-Icon.png\",\"width\":2880,\"height\":2880,\"caption\":\"Talkpal, Inc.\"},\"image\":{\"@id\":\"https:\/\/talkpal.ai\/ro\/#\/schema\/logo\/image\/\"},\"sameAs\":[\"https:\/\/www.facebook.com\/profile.php?id=100090733639311\",\"https:\/\/x.com\/talkpalai\",\"https:\/\/www.linkedin.com\/company\/talkpal\/\",\"https:\/\/www.youtube.com\/@TalkPal\/\",\"https:\/\/www.tiktok.com\/@talkpal\",\"https:\/\/www.instagram.com\/talkpal_ai\/\",\"https:\/\/www.crunchbase.com\/organization\/talkpal-9cde\",\"https:\/\/www.g2.com\/products\/talkpal-for-business\/\",\"https:\/\/www.trustpilot.com\/review\/talkpal.ai\",\"https:\/\/www.capterra.com\/p\/10006800\/TalkPal\/\"],\"description\":\"Talkpal is a language learning web and mobile education app, powered by the latest AI technologies, that provides engaging experiences to its customers in many different languages to help them improve their language skills. Users can chat about unlimited amount of topics with the app and use other modes to practice their language learning.\",\"email\":\"support@talkpal.ai\",\"legalName\":\"Talkpal, Inc.\",\"foundingDate\":\"2023-04-03\",\"duns\":\"118989042\",\"numberOfEmployees\":{\"@type\":\"QuantitativeValue\",\"minValue\":\"11\",\"maxValue\":\"50\"},\"publishingPrinciples\":\"https:\/\/talkpal.ai\/publishing-principles\/\",\"actionableFeedbackPolicy\":\"https:\/\/talkpal.ai\/actionable-feedback-policy\/\",\"correctionsPolicy\":\"https:\/\/talkpal.ai\/corrections-policy\/\",\"ethicsPolicy\":\"https:\/\/talkpal.ai\/ethics-policy\/\",\"diversityPolicy\":\"https:\/\/talkpal.ai\/diversity-policy\/\",\"diversityStaffingReport\":\"https:\/\/talkpal.ai\/diversity-policy\/\"}]}<\/script>\n<!-- \/ Yoast SEO Premium plugin. -->","yoast_head_json":{"title":"Exerci\u021bii de gramatic\u0103 coreean\u0103 - Talkpal","description":"\u00cembun\u0103t\u0103\u021bi\u021bi-v\u0103 gramatica coreean\u0103 cu u\u0219urin\u021b\u0103 - exersa\u021bi cu exerci\u021bii interactive, st\u0103p\u00e2ni\u021bi modele lingvistice \u0219i construi\u021bi \u00eencredere","robots":{"index":"index","follow":"follow","max-snippet":"max-snippet:-1","max-image-preview":"max-image-preview:large","max-video-preview":"max-video-preview:-1"},"canonical":"https:\/\/talkpal.ai\/ro\/exercitii-de-gramatica-coreeana\/","og_locale":"ro_RO","og_type":"article","og_title":"Exerci\u021bii de gramatic\u0103 coreean\u0103","og_description":"Subiecte de gramatic\u0103 coreean\u0103 \u00cenv\u0103\u021barea limbii coreene poate fi o experien\u021b\u0103 interesant\u0103 \u0219i plin\u0103 de satisfac\u021bii, deoarece deschide noi oportunit\u0103\u021bi","og_url":"https:\/\/talkpal.ai\/ro\/exercitii-de-gramatica-coreeana\/","og_site_name":"Talkpal","article_publisher":"https:\/\/www.facebook.com\/profile.php?id=100090733639311","article_modified_time":"2025-12-17T16:49:19+00:00","og_image":[{"width":512,"height":512,"url":"https:\/\/talkpal.ai\/wp-content\/uploads\/2023\/04\/south-korea.png","type":"image\/png"}],"twitter_card":"summary_large_image","twitter_site":"@talkpalai","twitter_misc":{"Timp estimat pentru citire":"3 minute"},"schema":{"@context":"https:\/\/schema.org","@graph":[{"@type":"WebPage","@id":"https:\/\/talkpal.ai\/ro\/exercitii-de-gramatica-coreeana\/","url":"https:\/\/talkpal.ai\/ro\/exercitii-de-gramatica-coreeana\/","name":"Exerci\u021bii de gramatic\u0103 coreean\u0103 - Talkpal","isPartOf":{"@id":"https:\/\/talkpal.ai\/ro\/#website"},"primaryImageOfPage":{"@id":"https:\/\/talkpal.ai\/ro\/exercitii-de-gramatica-coreeana\/#primaryimage"},"image":{"@id":"https:\/\/talkpal.ai\/ro\/exercitii-de-gramatica-coreeana\/#primaryimage"},"thumbnailUrl":"https:\/\/talkpal.ai\/wp-content\/uploads\/2023\/04\/south-korea.png","datePublished":"2023-06-16T10:27:33+00:00","dateModified":"2025-12-17T16:49:19+00:00","description":"\u00cembun\u0103t\u0103\u021bi\u021bi-v\u0103 gramatica coreean\u0103 cu u\u0219urin\u021b\u0103 - exersa\u021bi cu exerci\u021bii interactive, st\u0103p\u00e2ni\u021bi modele lingvistice \u0219i construi\u021bi \u00eencredere","breadcrumb":{"@id":"https:\/\/talkpal.ai\/ro\/exercitii-de-gramatica-coreeana\/#breadcrumb"},"inLanguage":"ro-RO","potentialAction":[{"@type":"ReadAction","target":["https:\/\/talkpal.ai\/ro\/exercitii-de-gramatica-coreeana\/"]}]},{"@type":"ImageObject","inLanguage":"ro-RO","@id":"https:\/\/talkpal.ai\/ro\/exercitii-de-gramatica-coreeana\/#primaryimage","url":"https:\/\/talkpal.ai\/wp-content\/uploads\/2023\/04\/south-korea.png","contentUrl":"https:\/\/talkpal.ai\/wp-content\/uploads\/2023\/04\/south-korea.png","width":512,"height":512},{"@type":"BreadcrumbList","@id":"https:\/\/talkpal.ai\/ro\/exercitii-de-gramatica-coreeana\/#breadcrumb","itemListElement":[{"@type":"ListItem","position":1,"name":"Homepage","item":"https:\/\/talkpal.ai\/ro\/"},{"@type":"ListItem","position":2,"name":"Exerci\u021bii de gramatic\u0103 coreean\u0103"}]},{"@type":"WebSite","@id":"https:\/\/talkpal.ai\/ro\/#website","url":"https:\/\/talkpal.ai\/ro\/","name":"Talkpal","description":"AI Language Learning","publisher":{"@id":"https:\/\/talkpal.ai\/ro\/#organization"},"alternateName":"Talkpal AI","potentialAction":[{"@type":"SearchAction","target":{"@type":"EntryPoint","urlTemplate":"https:\/\/talkpal.ai\/ro\/?s={search_term_string}"},"query-input":{"@type":"PropertyValueSpecification","valueRequired":true,"valueName":"search_term_string"}}],"inLanguage":"ro-RO"},{"@type":"Organization","@id":"https:\/\/talkpal.ai\/ro\/#organization","name":"Talkpal, Inc.","alternateName":"Talkpal AI","url":"https:\/\/talkpal.ai\/ro\/","logo":{"@type":"ImageObject","inLanguage":"ro-RO","@id":"https:\/\/talkpal.ai\/ro\/#\/schema\/logo\/image\/","url":"https:\/\/talkpal.ai\/wp-content\/uploads\/2024\/03\/Talkpal-Logo-Icon.png","contentUrl":"https:\/\/talkpal.ai\/wp-content\/uploads\/2024\/03\/Talkpal-Logo-Icon.png","width":2880,"height":2880,"caption":"Talkpal, Inc."},"image":{"@id":"https:\/\/talkpal.ai\/ro\/#\/schema\/logo\/image\/"},"sameAs":["https:\/\/www.facebook.com\/profile.php?id=100090733639311","https:\/\/x.com\/talkpalai","https:\/\/www.linkedin.com\/company\/talkpal\/","https:\/\/www.youtube.com\/@TalkPal\/","https:\/\/www.tiktok.com\/@talkpal","https:\/\/www.instagram.com\/talkpal_ai\/","https:\/\/www.crunchbase.com\/organization\/talkpal-9cde","https:\/\/www.g2.com\/products\/talkpal-for-business\/","https:\/\/www.trustpilot.com\/review\/talkpal.ai","https:\/\/www.capterra.com\/p\/10006800\/TalkPal\/"],"description":"Talkpal is a language learning web and mobile education app, powered by the latest AI technologies, that provides engaging experiences to its customers in many different languages to help them improve their language skills. Users can chat about unlimited amount of topics with the app and use other modes to practice their language learning.","email":"support@talkpal.ai","legalName":"Talkpal, Inc.","foundingDate":"2023-04-03","duns":"118989042","numberOfEmployees":{"@type":"QuantitativeValue","minValue":"11","maxValue":"50"},"publishingPrinciples":"https:\/\/talkpal.ai\/publishing-principles\/","actionableFeedbackPolicy":"https:\/\/talkpal.ai\/actionable-feedback-policy\/","correctionsPolicy":"https:\/\/talkpal.ai\/corrections-policy\/","ethicsPolicy":"https:\/\/talkpal.ai\/ethics-policy\/","diversityPolicy":"https:\/\/talkpal.ai\/diversity-policy\/","diversityStaffingReport":"https:\/\/talkpal.ai\/diversity-policy\/"}]}},"_links":{"self":[{"href":"https:\/\/talkpal.ai\/ro\/wp-json\/wp\/v2\/pages\/135100","targetHints":{"allow":["GET"]}}],"collection":[{"href":"https:\/\/talkpal.ai\/ro\/wp-json\/wp\/v2\/pages"}],"about":[{"href":"https:\/\/talkpal.ai\/ro\/wp-json\/wp\/v2\/types\/page"}],"author":[{"embeddable":true,"href":"https:\/\/talkpal.ai\/ro\/wp-json\/wp\/v2\/users\/6"}],"replies":[{"embeddable":true,"href":"https:\/\/talkpal.ai\/ro\/wp-json\/wp\/v2\/comments?post=135100"}],"version-history":[{"count":0,"href":"https:\/\/talkpal.ai\/ro\/wp-json\/wp\/v2\/pages\/135100\/revisions"}],"wp:featuredmedia":[{"embeddable":true,"href":"https:\/\/talkpal.ai\/ro\/wp-json\/wp\/v2\/media\/107680"}],"wp:attachment":[{"href":"https:\/\/talkpal.ai\/ro\/wp-json\/wp\/v2\/media?parent=135100"}],"curies":[{"name":"wp","href":"https:\/\/api.w.org\/{rel}","templated":true}]}}