{"id":134727,"date":"2023-06-16T10:21:59","date_gmt":"2023-06-16T10:21:59","guid":{"rendered":"http:\/\/talkpal.ai\/exercitii-de-gramatica-japoneza\/"},"modified":"2025-12-17T16:55:55","modified_gmt":"2025-12-17T16:55:55","slug":"exercitii-de-gramatica-japoneza","status":"publish","type":"page","link":"https:\/\/talkpal.ai\/ro\/exercitii-de-gramatica-japoneza\/","title":{"rendered":"Exerci\u021bii de gramatic\u0103 japonez\u0103"},"content":{"rendered":"\r\n\r\n\r\n<section class=\"languageChallengeSection\">\r\n    <div class=\"languageInfoWrapper\">\r\n        \r\n        <h1>Exerci\u021bii de gramatic\u0103 japonez\u0103<\/h1>\r\n        <p>Sunte\u021bi gata s\u0103 trece\u021bi la urm\u0103torul nivel \u00een japonez\u0103? Practicarea exerci\u021biilor de <a href=\"https:\/\/talkpal.ai\/grammar\/\">gramatic\u0103<\/a> este o modalitate fantastic\u0103 de a \u00een\u021belege tiparele propozi\u021biilor, de a folosi corect particulele \u0219i de a v\u0103 sim\u021bi mai confortabil cu limba. \u00cencepe\u021bi, \u00eencerca\u021bi noi puncte gramaticale \u0219i vede\u021bi cum fiecare exerci\u021biu v\u0103 aduce mai aproape de fluen\u021b\u0103 &#8211; \u00eencepe\u021bi ast\u0103zi s\u0103 practica\u021bi gramatica japonez\u0103!<\/p>\r\n\r\n                            <a class=\"getStartedHidden\" href=\"https:\/\/app.talkpal.ai\/ro\/signup?lng=\">\u00cencepe<\/a>\r\n        \r\n    <\/div>\r\n\r\n    <figure>\r\n    <img decoding=\"async\" width=\"768\" height=\"768\" src=\"https:\/\/talkpal.ai\/wp-content\/uploads\/2023\/06\/japanese-768x768.png\" class=\"languageImage no-lazy\" alt=\"Language learning for world travelers\" fetchpriority=\"high\" sizes=\"(max-width: 768px) 150px, 768px\" srcset=\"https:\/\/talkpal.ai\/wp-content\/uploads\/2023\/06\/japanese-768x768.png 768w, https:\/\/talkpal.ai\/wp-content\/uploads\/2023\/06\/japanese-300x300.png 300w\" \/>\r\n    \r\n\r\n    <\/figure>\r\n\r\n            <a class=\"getStartedVisible\" href=\"https:\/\/app.talkpal.ai\/ro\/signup?lng=\">\u00cencepe<\/a>\r\n    \r\n<\/section>\r\n\r\n\r\n<!-- <section class=\"grammarSection\">\r\n    <div class=\"grammarLinks\">\r\n            <\/div>\r\n<\/section> -->\r\n\r\n\r\n\r\n\r\n<section class=\"promotionalBanner\">\r\n    <p class=\"promotionalText\">Cel mai eficient mod de a \u00eenv\u0103\u021ba o limb\u0103<\/p>\r\n    <a class=\"promotionalLink\" href=\"https:\/\/app.talkpal.ai\/ro\/signup?lng=\">\u00cencerca\u021bi Talkpal gratuit<\/a>\r\n<\/section>\n<div class=\"wp-block-group pageContainerStyle\"><div class=\"wp-block-group__inner-container is-layout-constrained wp-block-group-is-layout-constrained\">\n<h2 class=\"wp-block-heading\" id=\"h-japanese-grammar-topics\">Subiecte de gramatic\u0103 japonez\u0103<\/h2>\n\n\n\n<p>\u00cenv\u0103\u021barea limbii japoneze poate fi o experien\u021b\u0103 interesant\u0103 \u0219i plin\u0103 de satisfac\u021bii, deoarece deschide o lume cu totul nou\u0103 de cultur\u0103, comunicare \u0219i cre\u0219tere personal\u0103. Limba japonez\u0103 are o structur\u0103 unic\u0103 \u0219i un sistem gramatical, care poate p\u0103rea descurajant la \u00eenceput, dar poate fi st\u0103p\u00e2nit printr-o practic\u0103 consecvent\u0103 \u0219i un plan de \u00eenv\u0103\u021bare bine organizat. Pentru a v\u0103 facilita c\u0103l\u0103toria \u00een lumea japonez\u0103, am grupat subiectele esen\u021biale de gramatic\u0103 \u00eentr-o secven\u021b\u0103 care v\u0103 va ajuta s\u0103 construi\u021bi o baz\u0103 solid\u0103 \u0219i s\u0103 progresa\u021bi f\u0103r\u0103 probleme. Concentr\u00e2ndu-v\u0103 pe aceste elemente gramaticale, ve\u021bi fi pe cale s\u0103 ob\u021bine\u021bi competen\u021be \u00een limba japonez\u0103.<\/p>\n\n\n\n<h3 class=\"wp-block-heading\" id=\"h-1-particles\">1. Particule:<\/h3>\n\n\n\n<p>Particulele sunt esen\u021biale \u00een japonez\u0103, deoarece indic\u0103 rela\u021bia dintre cuvintele dintr-o propozi\u021bie. Ele func\u021bioneaz\u0103 ca prepozi\u021bii \u0219i postpozi\u021bii \u00een alte limbi. \u00cenv\u0103\u021barea particulelor precum \u306f (wa), \u304c (ga), \u3092 (wo), \u306b (ni), \u3067 (de) \u0219i \u3068 (to) v\u0103 va ajuta s\u0103 forma\u021bi propozi\u021bii de baz\u0103 \u0219i s\u0103 \u00een\u021belege\u021bi func\u021bia fiec\u0103rui cuv\u00e2nt.<\/p>\n\n\n\n<h3 class=\"wp-block-heading\" id=\"h-2-nouns\">2. Substantive:<\/h3>\n\n\n\n<p>Familiarizarea cu substantivele comune v\u0103 va permite s\u0103 \u00eencepe\u021bi s\u0103 v\u0103 construi\u021bi vocabularul. Substantivele japoneze nu au gen, num\u0103r sau articole, ceea ce simplific\u0103 procesul de \u00eenv\u0103\u021bare.<\/p>\n\n\n\n<h3 class=\"wp-block-heading\" id=\"h-3-pronouns\">3. Pronume:<\/h3>\n\n\n\n<p>Pronumele japoneze sunt folosite pentru a se referi la oameni \u0219i lucruri. Printre pronumele uzuale se num\u0103r\u0103 \u79c1 (watashi &#8211; eu), \u3042\u306a\u305f (anata &#8211; tu), \u5f7c (kare &#8211; el), \u5f7c\u5973 (kanojo &#8211; ea) \u0219i \u305d\u308c (sore &#8211; acela).<\/p>\n\n\n\n<h3 class=\"wp-block-heading\" id=\"h-4-verb-conjugation\">4. Conjugarea verbelor:<\/h3>\n\n\n\n<p>Verbele japoneze au conjug\u0103ri diferite bazate pe timp, polite\u021be \u0219i al\u021bi factori. \u00cenv\u0103\u021barea formelor verbale de baz\u0103, cum ar fi forma dic\u021bionarului, forma -masu \u0219i forma -te, v\u0103 va ajuta s\u0103 exprima\u021bi diverse ac\u021biuni \u0219i st\u0103ri.<\/p>\n\n\n\n<h3 class=\"wp-block-heading\" id=\"h-5-tenses\">5. Timpuri:<\/h3>\n\n\n\n<p>Japoneza are timpuri trecute \u0219i non-trecute, acestea din urm\u0103 fiind folosite pentru ac\u021biuni prezente \u0219i viitoare. \u00cen\u021belegerea modului de conjugare a verbelor \u00een aceste timpuri v\u0103 va ajuta s\u0103 exprima\u021bi timpul cu exactitate.<\/p>\n\n\n\n<h3 class=\"wp-block-heading\" id=\"h-6-adjectives\">6. Adjective:<\/h3>\n\n\n\n<p>Adjectivele japoneze sunt \u00eemp\u0103r\u021bite \u00een dou\u0103 grupe: adjective i \u0219i na-adjective. \u00cenv\u0103\u021barea regulilor lor de conjugare \u0219i cum s\u0103 le folosi\u021bi \u00een propozi\u021bii v\u0103 va ajuta s\u0103 descrie\u021bi obiecte, oameni \u0219i situa\u021bii.<\/p>\n\n\n\n<h3 class=\"wp-block-heading\" id=\"h-7-adverbs\">7. Adverbe:<\/h3>\n\n\n\n<p>Adverbele modific\u0103 verbele, adjectivele \u0219i alte adverbe, ad\u0103ug\u00e2nd nuan\u021be propozi\u021biilor dvs. Adverbele japoneze comune includ \u901f\u304f (hayaku &#8211; repede), \u3086\u3063\u304f\u308a (yukkuri &#8211; \u00eencet) \u0219i \u3068\u3066\u3082 (totemo &#8211; foarte).<\/p>\n\n\n\n<h3 class=\"wp-block-heading\" id=\"h-8-prepositions\">8. Prepozi\u021bii:<\/h3>\n\n\n\n<p>De\u0219i japoneza nu are prepozi\u021bii \u00een acela\u0219i mod ca engleza, unele particule func\u021bioneaz\u0103 \u00een mod similar. \u00cenv\u0103\u021barea acestor particule \u0219i a utiliz\u0103rilor lor v\u0103 va ajuta s\u0103 exprima\u021bi rela\u021bii spa\u021biale \u0219i temporale.<\/p>\n\n\n\n<h3 class=\"wp-block-heading\" id=\"h-9-conjunctions\">9. Conjunc\u021bii:<\/h3>\n\n\n\n<p>Conjunc\u021biile sunt folosite pentru a conecta cuvinte, fraze \u0219i propozi\u021bii. Printre conjunc\u021biile japoneze comune se num\u0103r\u0103 \u305d\u3057\u3066 (soshite &#8211; \u0219i), \u3057\u304b\u3057 (shikashi &#8211; totu\u0219i) \u0219i \u3060\u304b\u3089 (dakara &#8211; prin urmare).<\/p>\n\n\n\n<h3 class=\"wp-block-heading\" id=\"h-10-sentence-structure\">10. Structura propozi\u021biei:<\/h3>\n\n\n\n<p>Japoneza urmeaz\u0103 o structur\u0103 de propozi\u021bie subiect-obiect-verb (SOV). \u00cen\u021belegerea acestei structuri \u0219i a altor modele de propozi\u021bii v\u0103 va ajuta s\u0103 crea\u021bi propozi\u021bii exacte \u0219i complexe.<\/p>\n\n\n\n<h3 class=\"wp-block-heading\" id=\"h-11-honorifics\">11. Onorifice:<\/h3>\n\n\n\n<p>Japonezii au un sistem complex de onorifice care exprim\u0103 polite\u021be \u0219i respect. \u00cenv\u0103\u021barea elementelor de baz\u0103 ale discursului onorific, cum ar fi utilizarea \u3067\u3059 (desu) \u0219i \u307e\u3059 (masu), v\u0103 va ajuta s\u0103 naviga\u021bi \u00een situa\u021bii sociale.<\/p>\n\n\n\n<h3 class=\"wp-block-heading\" id=\"h-12-expressions\">12. Expresii:<\/h3>\n\n\n\n<p>Familiarizarea cu expresiile \u0219i expresiile japoneze comune v\u0103 va ajuta s\u0103 suna\u021bi mai natural \u0219i mai fluent \u00een conversa\u021bie.<\/p>\n\n\n\n<h3 class=\"wp-block-heading\" id=\"h-13-numbers\">13. Numere:<\/h3>\n\n\n\n<p>Japoneza are un sistem numeric unic, cu contoare diferite pentru diverse obiecte. \u00cenv\u0103\u021barea modului de num\u0103rare \u0219i utilizare a numerelor \u00een context este esen\u021bial\u0103 pentru comunicarea de zi cu zi.<\/p>\n\n\n\n<h3 class=\"wp-block-heading\" id=\"h-14-verbs\">14. Verbe:<\/h3>\n\n\n\n<p>\u00cen cele din urm\u0103, extinderea vocabularului verbelor v\u0103 va permite s\u0103 exprima\u021bi o gam\u0103 larg\u0103 de ac\u021biuni \u0219i st\u0103ri, permi\u021b\u00e2ndu-v\u0103 s\u0103 comunica\u021bi mai eficient \u00een japonez\u0103.<\/p>\n<\/div><\/div>\n\r\n<section class=\"learnNavigationSection\">\r\n            \r\n        <a href=\"https:\/\/talkpal.ai\/ro\/invata-japoneza\/\">\r\n            <div class=\"learnNavigationWrapper\">\r\n                <div class=\"learnNavigationContent\">\r\n                    <img decoding=\"async\" src=\"https:\/\/talkpal.ai\/wp-content\/uploads\/2024\/08\/Japanese.jpg\" alt=\"Japanese Flag\">\r\n                    <div>\r\n                        <h4>Despre \u00eenv\u0103\u021barea limbii japoneze<\/h4>\r\n                        <p>Afla\u021bi totul despre gramatica japonez\u0103.<\/p>\r\n                    <\/div>\r\n                <\/div>\r\n            <\/div>\r\n        <\/a>\r\n\r\n        \r\n        <a href=\"https:\/\/talkpal.ai\/ro\/gramatica-japoneza\/\">\r\n            <div class=\"learnNavigationWrapper\">\r\n                <div class=\"learnNavigationContent\">\r\n                    <img decoding=\"async\" src=\"https:\/\/talkpal.ai\/wp-content\/uploads\/2024\/08\/Japanese.jpg\" alt=\"Japanese Flag\">\r\n                    <div>\r\n                        <h4>Lec\u021bii de gramatic\u0103 japonez\u0103<\/h4>\r\n                        <p>Exersa\u021bi gramatica japonez\u0103.<\/p>\r\n                    <\/div>\r\n                <\/div>\r\n            <\/div>\r\n        <\/a>\r\n\r\n        \r\n        <a href=\"https:\/\/talkpal.ai\/vocabulary_language\/japanese\/\">\r\n            <div class=\"learnNavigationWrapper\">\r\n                <div class=\"learnNavigationContent\">\r\n                    <img decoding=\"async\" src=\"https:\/\/talkpal.ai\/wp-content\/uploads\/2024\/08\/Japanese.jpg\" alt=\"Japanese Flag\">\r\n                    <div>\r\n                        <h4>Vocabular japonez<\/h4>\r\n                        <p>Extinde\u021bi-v\u0103 vocabularul japonez.<\/p>\r\n                    <\/div>\r\n                <\/div>\r\n            <\/div>\r\n        <\/a>\r\n\r\n            <\/section>","protected":false},"excerpt":{"rendered":"<p>Subiecte de gramatic\u0103 japonez\u0103 \u00cenv\u0103\u021barea limbii japoneze poate fi o experien\u021b\u0103 interesant\u0103 \u0219i plin\u0103 de satisfac\u021bii, deoarece deschide o lume cu totul nou\u0103 de cultur\u0103, comunicare \u0219i cre\u0219tere personal\u0103. Limba japonez\u0103 are o structur\u0103 unic\u0103 \u0219i un sistem gramatical, care poate p\u0103rea descurajant la \u00eenceput, dar poate fi st\u0103p\u00e2nit printr-o practic\u0103 consecvent\u0103 \u0219i un plan [&hellip;]<\/p>\n","protected":false},"author":6,"featured_media":107384,"parent":0,"menu_order":0,"comment_status":"closed","ping_status":"closed","template":"LearningContentPage.php","meta":{"_acf_changed":false,"footnotes":""},"class_list":["post-134727","page","type-page","status-publish","has-post-thumbnail","hentry"],"acf":[],"yoast_head":"<!-- This site is optimized with the Yoast SEO Premium plugin v27.2 (Yoast SEO v27.2) - https:\/\/yoast.com\/product\/yoast-seo-premium-wordpress\/ -->\n<title>Exerci\u021bii de gramatic\u0103 japonez\u0103 - Talkpal<\/title>\n<meta name=\"description\" content=\"\u00cembun\u0103t\u0103\u021bi\u021bi-v\u0103 abilit\u0103\u021bile gramaticale japoneze - st\u0103p\u00e2ni\u021bi structurile propozi\u021biilor, practica\u021bi activit\u0103\u021bi interactive \u0219i stimula\u021bi fluen\u021ba\" \/>\n<meta name=\"robots\" content=\"index, follow, max-snippet:-1, max-image-preview:large, max-video-preview:-1\" \/>\n<link rel=\"canonical\" href=\"https:\/\/talkpal.ai\/ro\/exercitii-de-gramatica-japoneza\/\" \/>\n<meta property=\"og:locale\" content=\"ro_RO\" \/>\n<meta property=\"og:type\" content=\"article\" \/>\n<meta property=\"og:title\" content=\"Exerci\u021bii de gramatic\u0103 japonez\u0103\" \/>\n<meta property=\"og:description\" content=\"Subiecte de gramatic\u0103 japonez\u0103 \u00cenv\u0103\u021barea limbii japoneze poate fi o experien\u021b\u0103 interesant\u0103 \u0219i plin\u0103 de satisfac\u021bii, deoarece deschide o lume cu totul nou\u0103\" \/>\n<meta property=\"og:url\" content=\"https:\/\/talkpal.ai\/ro\/exercitii-de-gramatica-japoneza\/\" \/>\n<meta property=\"og:site_name\" content=\"Talkpal\" \/>\n<meta property=\"article:publisher\" content=\"https:\/\/www.facebook.com\/profile.php?id=100090733639311\" \/>\n<meta property=\"article:modified_time\" content=\"2025-12-17T16:55:55+00:00\" \/>\n<meta property=\"og:image\" content=\"https:\/\/talkpal.ai\/wp-content\/uploads\/2023\/04\/japan.png\" \/>\n\t<meta property=\"og:image:width\" content=\"512\" \/>\n\t<meta property=\"og:image:height\" content=\"512\" \/>\n\t<meta property=\"og:image:type\" content=\"image\/png\" \/>\n<meta name=\"twitter:card\" content=\"summary_large_image\" \/>\n<meta name=\"twitter:site\" content=\"@talkpalai\" \/>\n<meta name=\"twitter:label1\" content=\"Timp estimat pentru citire\" \/>\n\t<meta name=\"twitter:data1\" content=\"3 minute\" \/>\n<script type=\"application\/ld+json\" class=\"yoast-schema-graph\">{\"@context\":\"https:\/\/schema.org\",\"@graph\":[{\"@type\":\"WebPage\",\"@id\":\"https:\/\/talkpal.ai\/ro\/exercitii-de-gramatica-japoneza\/\",\"url\":\"https:\/\/talkpal.ai\/ro\/exercitii-de-gramatica-japoneza\/\",\"name\":\"Exerci\u021bii de gramatic\u0103 japonez\u0103 - Talkpal\",\"isPartOf\":{\"@id\":\"https:\/\/talkpal.ai\/ro\/#website\"},\"primaryImageOfPage\":{\"@id\":\"https:\/\/talkpal.ai\/ro\/exercitii-de-gramatica-japoneza\/#primaryimage\"},\"image\":{\"@id\":\"https:\/\/talkpal.ai\/ro\/exercitii-de-gramatica-japoneza\/#primaryimage\"},\"thumbnailUrl\":\"https:\/\/talkpal.ai\/wp-content\/uploads\/2023\/04\/japan.png\",\"datePublished\":\"2023-06-16T10:21:59+00:00\",\"dateModified\":\"2025-12-17T16:55:55+00:00\",\"description\":\"\u00cembun\u0103t\u0103\u021bi\u021bi-v\u0103 abilit\u0103\u021bile gramaticale japoneze - st\u0103p\u00e2ni\u021bi structurile propozi\u021biilor, practica\u021bi activit\u0103\u021bi interactive \u0219i stimula\u021bi fluen\u021ba\",\"breadcrumb\":{\"@id\":\"https:\/\/talkpal.ai\/ro\/exercitii-de-gramatica-japoneza\/#breadcrumb\"},\"inLanguage\":\"ro-RO\",\"potentialAction\":[{\"@type\":\"ReadAction\",\"target\":[\"https:\/\/talkpal.ai\/ro\/exercitii-de-gramatica-japoneza\/\"]}]},{\"@type\":\"ImageObject\",\"inLanguage\":\"ro-RO\",\"@id\":\"https:\/\/talkpal.ai\/ro\/exercitii-de-gramatica-japoneza\/#primaryimage\",\"url\":\"https:\/\/talkpal.ai\/wp-content\/uploads\/2023\/04\/japan.png\",\"contentUrl\":\"https:\/\/talkpal.ai\/wp-content\/uploads\/2023\/04\/japan.png\",\"width\":512,\"height\":512},{\"@type\":\"BreadcrumbList\",\"@id\":\"https:\/\/talkpal.ai\/ro\/exercitii-de-gramatica-japoneza\/#breadcrumb\",\"itemListElement\":[{\"@type\":\"ListItem\",\"position\":1,\"name\":\"Homepage\",\"item\":\"https:\/\/talkpal.ai\/ro\/\"},{\"@type\":\"ListItem\",\"position\":2,\"name\":\"Exerci\u021bii de gramatic\u0103 japonez\u0103\"}]},{\"@type\":\"WebSite\",\"@id\":\"https:\/\/talkpal.ai\/ro\/#website\",\"url\":\"https:\/\/talkpal.ai\/ro\/\",\"name\":\"Talkpal\",\"description\":\"AI Language Learning\",\"publisher\":{\"@id\":\"https:\/\/talkpal.ai\/ro\/#organization\"},\"alternateName\":\"Talkpal AI\",\"potentialAction\":[{\"@type\":\"SearchAction\",\"target\":{\"@type\":\"EntryPoint\",\"urlTemplate\":\"https:\/\/talkpal.ai\/ro\/?s={search_term_string}\"},\"query-input\":{\"@type\":\"PropertyValueSpecification\",\"valueRequired\":true,\"valueName\":\"search_term_string\"}}],\"inLanguage\":\"ro-RO\"},{\"@type\":\"Organization\",\"@id\":\"https:\/\/talkpal.ai\/ro\/#organization\",\"name\":\"Talkpal, Inc.\",\"alternateName\":\"Talkpal AI\",\"url\":\"https:\/\/talkpal.ai\/ro\/\",\"logo\":{\"@type\":\"ImageObject\",\"inLanguage\":\"ro-RO\",\"@id\":\"https:\/\/talkpal.ai\/ro\/#\/schema\/logo\/image\/\",\"url\":\"https:\/\/talkpal.ai\/wp-content\/uploads\/2024\/03\/Talkpal-Logo-Icon.png\",\"contentUrl\":\"https:\/\/talkpal.ai\/wp-content\/uploads\/2024\/03\/Talkpal-Logo-Icon.png\",\"width\":2880,\"height\":2880,\"caption\":\"Talkpal, Inc.\"},\"image\":{\"@id\":\"https:\/\/talkpal.ai\/ro\/#\/schema\/logo\/image\/\"},\"sameAs\":[\"https:\/\/www.facebook.com\/profile.php?id=100090733639311\",\"https:\/\/x.com\/talkpalai\",\"https:\/\/www.linkedin.com\/company\/talkpal\/\",\"https:\/\/www.youtube.com\/@TalkPal\/\",\"https:\/\/www.tiktok.com\/@talkpal\",\"https:\/\/www.instagram.com\/talkpal_ai\/\",\"https:\/\/www.crunchbase.com\/organization\/talkpal-9cde\",\"https:\/\/www.g2.com\/products\/talkpal-for-business\/\",\"https:\/\/www.trustpilot.com\/review\/talkpal.ai\",\"https:\/\/www.capterra.com\/p\/10006800\/TalkPal\/\"],\"description\":\"Talkpal is a language learning web and mobile education app, powered by the latest AI technologies, that provides engaging experiences to its customers in many different languages to help them improve their language skills. Users can chat about unlimited amount of topics with the app and use other modes to practice their language learning.\",\"email\":\"support@talkpal.ai\",\"legalName\":\"Talkpal, Inc.\",\"foundingDate\":\"2023-04-03\",\"duns\":\"118989042\",\"numberOfEmployees\":{\"@type\":\"QuantitativeValue\",\"minValue\":\"11\",\"maxValue\":\"50\"},\"publishingPrinciples\":\"https:\/\/talkpal.ai\/publishing-principles\/\",\"actionableFeedbackPolicy\":\"https:\/\/talkpal.ai\/actionable-feedback-policy\/\",\"correctionsPolicy\":\"https:\/\/talkpal.ai\/corrections-policy\/\",\"ethicsPolicy\":\"https:\/\/talkpal.ai\/ethics-policy\/\",\"diversityPolicy\":\"https:\/\/talkpal.ai\/diversity-policy\/\",\"diversityStaffingReport\":\"https:\/\/talkpal.ai\/diversity-policy\/\"}]}<\/script>\n<!-- \/ Yoast SEO Premium plugin. -->","yoast_head_json":{"title":"Exerci\u021bii de gramatic\u0103 japonez\u0103 - Talkpal","description":"\u00cembun\u0103t\u0103\u021bi\u021bi-v\u0103 abilit\u0103\u021bile gramaticale japoneze - st\u0103p\u00e2ni\u021bi structurile propozi\u021biilor, practica\u021bi activit\u0103\u021bi interactive \u0219i stimula\u021bi fluen\u021ba","robots":{"index":"index","follow":"follow","max-snippet":"max-snippet:-1","max-image-preview":"max-image-preview:large","max-video-preview":"max-video-preview:-1"},"canonical":"https:\/\/talkpal.ai\/ro\/exercitii-de-gramatica-japoneza\/","og_locale":"ro_RO","og_type":"article","og_title":"Exerci\u021bii de gramatic\u0103 japonez\u0103","og_description":"Subiecte de gramatic\u0103 japonez\u0103 \u00cenv\u0103\u021barea limbii japoneze poate fi o experien\u021b\u0103 interesant\u0103 \u0219i plin\u0103 de satisfac\u021bii, deoarece deschide o lume cu totul nou\u0103","og_url":"https:\/\/talkpal.ai\/ro\/exercitii-de-gramatica-japoneza\/","og_site_name":"Talkpal","article_publisher":"https:\/\/www.facebook.com\/profile.php?id=100090733639311","article_modified_time":"2025-12-17T16:55:55+00:00","og_image":[{"width":512,"height":512,"url":"https:\/\/talkpal.ai\/wp-content\/uploads\/2023\/04\/japan.png","type":"image\/png"}],"twitter_card":"summary_large_image","twitter_site":"@talkpalai","twitter_misc":{"Timp estimat pentru citire":"3 minute"},"schema":{"@context":"https:\/\/schema.org","@graph":[{"@type":"WebPage","@id":"https:\/\/talkpal.ai\/ro\/exercitii-de-gramatica-japoneza\/","url":"https:\/\/talkpal.ai\/ro\/exercitii-de-gramatica-japoneza\/","name":"Exerci\u021bii de gramatic\u0103 japonez\u0103 - Talkpal","isPartOf":{"@id":"https:\/\/talkpal.ai\/ro\/#website"},"primaryImageOfPage":{"@id":"https:\/\/talkpal.ai\/ro\/exercitii-de-gramatica-japoneza\/#primaryimage"},"image":{"@id":"https:\/\/talkpal.ai\/ro\/exercitii-de-gramatica-japoneza\/#primaryimage"},"thumbnailUrl":"https:\/\/talkpal.ai\/wp-content\/uploads\/2023\/04\/japan.png","datePublished":"2023-06-16T10:21:59+00:00","dateModified":"2025-12-17T16:55:55+00:00","description":"\u00cembun\u0103t\u0103\u021bi\u021bi-v\u0103 abilit\u0103\u021bile gramaticale japoneze - st\u0103p\u00e2ni\u021bi structurile propozi\u021biilor, practica\u021bi activit\u0103\u021bi interactive \u0219i stimula\u021bi fluen\u021ba","breadcrumb":{"@id":"https:\/\/talkpal.ai\/ro\/exercitii-de-gramatica-japoneza\/#breadcrumb"},"inLanguage":"ro-RO","potentialAction":[{"@type":"ReadAction","target":["https:\/\/talkpal.ai\/ro\/exercitii-de-gramatica-japoneza\/"]}]},{"@type":"ImageObject","inLanguage":"ro-RO","@id":"https:\/\/talkpal.ai\/ro\/exercitii-de-gramatica-japoneza\/#primaryimage","url":"https:\/\/talkpal.ai\/wp-content\/uploads\/2023\/04\/japan.png","contentUrl":"https:\/\/talkpal.ai\/wp-content\/uploads\/2023\/04\/japan.png","width":512,"height":512},{"@type":"BreadcrumbList","@id":"https:\/\/talkpal.ai\/ro\/exercitii-de-gramatica-japoneza\/#breadcrumb","itemListElement":[{"@type":"ListItem","position":1,"name":"Homepage","item":"https:\/\/talkpal.ai\/ro\/"},{"@type":"ListItem","position":2,"name":"Exerci\u021bii de gramatic\u0103 japonez\u0103"}]},{"@type":"WebSite","@id":"https:\/\/talkpal.ai\/ro\/#website","url":"https:\/\/talkpal.ai\/ro\/","name":"Talkpal","description":"AI Language Learning","publisher":{"@id":"https:\/\/talkpal.ai\/ro\/#organization"},"alternateName":"Talkpal AI","potentialAction":[{"@type":"SearchAction","target":{"@type":"EntryPoint","urlTemplate":"https:\/\/talkpal.ai\/ro\/?s={search_term_string}"},"query-input":{"@type":"PropertyValueSpecification","valueRequired":true,"valueName":"search_term_string"}}],"inLanguage":"ro-RO"},{"@type":"Organization","@id":"https:\/\/talkpal.ai\/ro\/#organization","name":"Talkpal, Inc.","alternateName":"Talkpal AI","url":"https:\/\/talkpal.ai\/ro\/","logo":{"@type":"ImageObject","inLanguage":"ro-RO","@id":"https:\/\/talkpal.ai\/ro\/#\/schema\/logo\/image\/","url":"https:\/\/talkpal.ai\/wp-content\/uploads\/2024\/03\/Talkpal-Logo-Icon.png","contentUrl":"https:\/\/talkpal.ai\/wp-content\/uploads\/2024\/03\/Talkpal-Logo-Icon.png","width":2880,"height":2880,"caption":"Talkpal, Inc."},"image":{"@id":"https:\/\/talkpal.ai\/ro\/#\/schema\/logo\/image\/"},"sameAs":["https:\/\/www.facebook.com\/profile.php?id=100090733639311","https:\/\/x.com\/talkpalai","https:\/\/www.linkedin.com\/company\/talkpal\/","https:\/\/www.youtube.com\/@TalkPal\/","https:\/\/www.tiktok.com\/@talkpal","https:\/\/www.instagram.com\/talkpal_ai\/","https:\/\/www.crunchbase.com\/organization\/talkpal-9cde","https:\/\/www.g2.com\/products\/talkpal-for-business\/","https:\/\/www.trustpilot.com\/review\/talkpal.ai","https:\/\/www.capterra.com\/p\/10006800\/TalkPal\/"],"description":"Talkpal is a language learning web and mobile education app, powered by the latest AI technologies, that provides engaging experiences to its customers in many different languages to help them improve their language skills. Users can chat about unlimited amount of topics with the app and use other modes to practice their language learning.","email":"support@talkpal.ai","legalName":"Talkpal, Inc.","foundingDate":"2023-04-03","duns":"118989042","numberOfEmployees":{"@type":"QuantitativeValue","minValue":"11","maxValue":"50"},"publishingPrinciples":"https:\/\/talkpal.ai\/publishing-principles\/","actionableFeedbackPolicy":"https:\/\/talkpal.ai\/actionable-feedback-policy\/","correctionsPolicy":"https:\/\/talkpal.ai\/corrections-policy\/","ethicsPolicy":"https:\/\/talkpal.ai\/ethics-policy\/","diversityPolicy":"https:\/\/talkpal.ai\/diversity-policy\/","diversityStaffingReport":"https:\/\/talkpal.ai\/diversity-policy\/"}]}},"_links":{"self":[{"href":"https:\/\/talkpal.ai\/ro\/wp-json\/wp\/v2\/pages\/134727","targetHints":{"allow":["GET"]}}],"collection":[{"href":"https:\/\/talkpal.ai\/ro\/wp-json\/wp\/v2\/pages"}],"about":[{"href":"https:\/\/talkpal.ai\/ro\/wp-json\/wp\/v2\/types\/page"}],"author":[{"embeddable":true,"href":"https:\/\/talkpal.ai\/ro\/wp-json\/wp\/v2\/users\/6"}],"replies":[{"embeddable":true,"href":"https:\/\/talkpal.ai\/ro\/wp-json\/wp\/v2\/comments?post=134727"}],"version-history":[{"count":0,"href":"https:\/\/talkpal.ai\/ro\/wp-json\/wp\/v2\/pages\/134727\/revisions"}],"wp:featuredmedia":[{"embeddable":true,"href":"https:\/\/talkpal.ai\/ro\/wp-json\/wp\/v2\/media\/107384"}],"wp:attachment":[{"href":"https:\/\/talkpal.ai\/ro\/wp-json\/wp\/v2\/media?parent=134727"}],"curies":[{"name":"wp","href":"https:\/\/api.w.org\/{rel}","templated":true}]}}