{"id":134365,"date":"2023-06-16T10:15:21","date_gmt":"2023-06-16T10:15:21","guid":{"rendered":"http:\/\/talkpal.ai\/exercitii-de-gramatica-hindi\/"},"modified":"2025-12-17T16:17:33","modified_gmt":"2025-12-17T16:17:33","slug":"exercitii-de-gramatica-hindi","status":"publish","type":"page","link":"https:\/\/talkpal.ai\/ro\/exercitii-de-gramatica-hindi\/","title":{"rendered":"Exerci\u021bii de gramatic\u0103 hindi"},"content":{"rendered":"\r\n\r\n\r\n<section class=\"languageChallengeSection\">\r\n    <div class=\"languageInfoWrapper\">\r\n        \r\n        <h1>Exerci\u021bii de gramatic\u0103 hindi<\/h1>\r\n        <p>Dori\u021bi s\u0103 deveni\u021bi mai \u00eencrez\u0103tori \u00een <a href=\"https:\/\/talkpal.ai\/learn-hindi\/\">hindi<\/a>? Practicarea exerci\u021biilor gramaticale este o modalitate excelent\u0103 de a st\u0103p\u00e2ni structura propozi\u021biilor, formele verbale \u0219i modelele unice ale limbii <a href=\"https:\/\/talkpal.ai\/learn-hindi\/\">hindi<\/a>. \u00cencepe\u021bi s\u0103 lucra\u021bi la gramatica hindi ast\u0103zi \u0219i vede\u021bi cum v\u0103 cre\u0219te \u00een\u021belegerea \u0219i fluen\u021ba cu fiecare exerci\u021biu!\n\n<\/p>\r\n\r\n                            <a class=\"getStartedHidden\" href=\"https:\/\/app.talkpal.ai\/ro\/signup?lng=\">\u00cencepe<\/a>\r\n        \r\n    <\/div>\r\n\r\n    <figure>\r\n    <img decoding=\"async\" width=\"768\" height=\"768\" src=\"https:\/\/talkpal.ai\/wp-content\/uploads\/2023\/06\/hindi-768x768.png\" class=\"languageImage no-lazy\" alt=\"Language learning for mental agility\" fetchpriority=\"high\" sizes=\"(max-width: 768px) 150px, 768px\" srcset=\"https:\/\/talkpal.ai\/wp-content\/uploads\/2023\/06\/hindi-768x768.png 768w, https:\/\/talkpal.ai\/wp-content\/uploads\/2023\/06\/hindi-300x300.png 300w\" \/>\r\n    \r\n\r\n    <\/figure>\r\n\r\n            <a class=\"getStartedVisible\" href=\"https:\/\/app.talkpal.ai\/ro\/signup?lng=\">\u00cencepe<\/a>\r\n    \r\n<\/section>\r\n\r\n\r\n<!-- <section class=\"grammarSection\">\r\n    <div class=\"grammarLinks\">\r\n            <\/div>\r\n<\/section> -->\r\n\r\n\r\n\r\n\r\n<section class=\"promotionalBanner\">\r\n    <p class=\"promotionalText\">Cel mai eficient mod de a \u00eenv\u0103\u021ba o limb\u0103<\/p>\r\n    <a class=\"promotionalLink\" href=\"https:\/\/app.talkpal.ai\/ro\/signup?lng=\">\u00cencerca\u021bi Talkpal gratuit<\/a>\r\n<\/section>\n<div class=\"wp-block-group pageContainerStyle\"><div class=\"wp-block-group__inner-container is-layout-constrained wp-block-group-is-layout-constrained\">\n<h2 class=\"wp-block-heading\" id=\"h-hindi-grammar-topics\">Subiecte de gramatic\u0103 hindi<\/h2>\n\n\n\n<p>\u00cenv\u0103\u021barea unei noi limbi poate fi o experien\u021b\u0103 antrenant\u0103, dar provocatoare, mai ales atunci c\u00e2nd vine vorba de \u00een\u021belegerea \u0219i st\u0103p\u00e2nirea gramaticii <a href=\"https:\/\/talkpal.ai\/locations\/learn-english-in-sale\/\">sale<\/a>. Hindi, fiind una dintre <a href=\"https:\/\/talkpal.ai\/the-10-most-spoken-languages-in-the-world\/\">cele mai vorbite limbi<\/a> din lume, ofer\u0103 o experien\u021b\u0103 lingvistic\u0103 unic\u0103 \u0219i bogat\u0103. Pe m\u0103sur\u0103 ce v\u0103 \u00eembarca\u021bi \u00een c\u0103l\u0103toria dvs. pentru a \u00eenv\u0103\u021ba hindi, este esen\u021bial s\u0103 \u00een\u021belege\u021bi subiectele fundamentale de <a href=\"https:\/\/talkpal.ai\/grammar\/\">gramatic\u0103<\/a> care vor pune o baz\u0103 solid\u0103 pentru abilit\u0103\u021bile dvs. lingvistice. Acest ghid v\u0103 va prezenta subiectele cheie de <a href=\"https:\/\/talkpal.ai\/hindi-grammar\/\">gramatic\u0103 hindi<\/a>, grupate \u00eentr-o secven\u021b\u0103 care v\u0103 va facilita procesul de \u00eenv\u0103\u021bare.<\/p>\n\n\n\n<h3 class=\"wp-block-heading\" id=\"h-1-nouns\">1. Substantive:<\/h3>\n\n\n\n<p>\u00cencepe\u021bi c\u0103l\u0103toria de \u00eenv\u0103\u021bare hindi cu substantive, deoarece acestea sunt blocurile de construc\u021bie ale oric\u0103rei limbi. \u00cen hindi, substantivele sunt clasificate \u00een dou\u0103 genuri (masculin \u0219i feminin) \u0219i pot fi singulare sau <a href=\"https:\/\/talkpal.ai\/zh-hans\/grammar_exercises\/plurale-%e6%84%8f%e5%a4%a7%e5%88%a9%e8%af%ad%e6%b3%95%e7%bb%83%e4%b9%a0\/\">plurale<\/a>. \u00cen\u021belegerea elementelor de baz\u0103 ale substantivelor hindi va ajuta la formarea de propozi\u021bii \u0219i fraze simple.<\/p>\n\n\n\n<h3 class=\"wp-block-heading\" id=\"h-2-pronouns\">2. Pronume:<\/h3>\n\n\n\n<p>Pronumele \u00eenlocuiesc substantivele \u00eentr-o propozi\u021bie \u0219i ajut\u0103 la evitarea repet\u0103rii. Pronumele hindi sunt \u00eemp\u0103r\u021bite \u00een trei categorii &#8211; personale, demonstrative \u0219i interogative. Familiariza\u021bi-v\u0103 cu diferitele forme de pronume pentru a v\u0103 \u00eembun\u0103t\u0103\u021bi abilit\u0103\u021bile de comunicare.<\/p>\n\n\n\n<h3 class=\"wp-block-heading\" id=\"h-3-adjectives\">3. Adjective:<\/h3>\n\n\n\n<p>Adjectivele descriu calit\u0103\u021bile substantivelor \u0219i pronumelor. \u00cen hindi, adjectivele sunt de acord cu substantivul <a href=\"https:\/\/talkpal.ai\/culture\/how-do-i-use-pe-care-correctly\/\">pe care<\/a> \u00eel descriu \u00een gen \u0219i num\u0103r. Adjectivele de \u00eenv\u0103\u021bare v\u0103 vor permite s\u0103 v\u0103 exprima\u021bi g\u00e2ndurile \u0219i opiniile mai viu.<\/p>\n\n\n\n<h3 class=\"wp-block-heading\" id=\"h-4-verbs\">4. Verbe:<\/h3>\n\n\n\n<p>Verbele denot\u0103 ac\u021biuni sau st\u0103ri de a fi. Verbele hindi au trei timpuri principale \u2013 trecut, prezent \u0219i viitor \u2013 \u0219i pot fi indicative sau conjunctive. Ob\u021binerea unei \u00een\u021belegeri solide a verbelor hindi \u0219i a conjug\u0103rilor lor v\u0103 va permite s\u0103 exprima\u021bi cu exactitate ac\u021biunile \u0219i evenimentele.<\/p>\n\n\n\n<h3 class=\"wp-block-heading\" id=\"h-5-tenses-indicative\">5. Timpuri orientative:<\/h3>\n\n\n\n<p>Timpurile indicative \u00een hindi exprim\u0103 fapte sau certitudine \u0219i sunt folosite \u00een conversa\u021biile de zi cu zi. Afla\u021bi regulile \u0219i conjug\u0103rile pentru timpurile indicative trecute, prezente \u0219i viitoare pentru a comunica clar \u0219i eficient.<\/p>\n\n\n\n<h3 class=\"wp-block-heading\" id=\"h-6-tenses-subjunctive\">6. Timpuri conjunctive:<\/h3>\n\n\n\n<p>Timpurile conjunctive \u00een hindi reprezint\u0103 ac\u021biuni sau evenimente care sunt incerte, ipotetice sau contrare faptelor. St\u0103p\u00e2nirea dispozi\u021biei conjunctive v\u0103 va permite s\u0103 v\u0103 exprima\u021bi \u00eendoiala, posibilitatea \u0219i dorin\u021bele.<\/p>\n\n\n\n<h3 class=\"wp-block-heading\" id=\"h-7-tense-comparison\">7. Compara\u021bie tensionat\u0103:<\/h3>\n\n\n\n<p>Compararea diferitelor timpuri \u00een hindi v\u0103 ajut\u0103 s\u0103 \u00een\u021belege\u021bi rela\u021biile dintre ac\u021biuni \u0219i evenimente \u00een timp. Exersa\u021bi formarea propozi\u021biilor folosind diferite timpuri pentru a dezvolta o \u00een\u021belegere cuprinz\u0103toare a rela\u021biilor temporale.<\/p>\n\n\n\n<h3 class=\"wp-block-heading\" id=\"h-8-adverbs\">8. Adverbe:<\/h3>\n\n\n\n<p>Adverbele modific\u0103 verbe, adjective sau alte adverbe \u0219i ofer\u0103 informa\u021bii suplimentare despre ac\u021biuni sau calit\u0103\u021bi. Afla\u021bi adverbele hindi comune \u0219i plasarea lor \u00een propozi\u021bii pentru a v\u0103 \u00eembun\u0103t\u0103\u021bi abilit\u0103\u021bile descriptive.<\/p>\n\n\n\n<h3 class=\"wp-block-heading\" id=\"h-9-prepositions\">9. Prepozi\u021bii:<\/h3>\n\n\n\n<p>Prepozi\u021biile \u00een hindi conecteaz\u0103 substantive, pronume sau fraze la alte cuvinte dintr-o propozi\u021bie. Ele indic\u0103 rela\u021bii precum loca\u021bia, timpul \u0219i direc\u021bia. Familiariza\u021bi-v\u0103 cu prepozi\u021biile hindi \u0219i utilizarea lor pentru a crea propozi\u021bii mai complexe.<\/p>\n\n\n\n<h3 class=\"wp-block-heading\" id=\"h-10-articles\">10. Articole:<\/h3>\n\n\n\n<p>Hindi nu are articole precum engleza (the, a, an), dar folose\u0219te postpozi\u021bii pentru a transmite semnifica\u021bii similare. \u00cen\u021belegerea utiliz\u0103rii postpozi\u021biilor \u00een hindi v\u0103 va ajuta s\u0103 transmite\u021bi corect claritatea \u0219i neclaritatea \u00een propozi\u021biile dvs.<\/p>\n\n\n\n<h3 class=\"wp-block-heading\" id=\"h-11-sentence-structure\">11. Structura propozi\u021biei:<\/h3>\n\n\n\n<p>\u00cen cele din urm\u0103, \u00eenv\u0103\u021ba\u021bi structura de baz\u0103 a propozi\u021biei \u00een hindi, care urmeaz\u0103 un model subiect-obiect-verb (SOV). \u00cen\u021belegerea structurii propozi\u021biei hindi v\u0103 va permite s\u0103 comunica\u021bi eficient \u0219i cu claritate.<\/p>\n\n\n\n<p>Urm\u00e2nd aceast\u0103 secven\u021b\u0103 de subiecte de gramatic\u0103 hindi, ve\u021bi fi bine echipat pentru a \u00een\u021belege, vorbi \u0219i scrie \u00een hindi, permi\u021b\u00e2ndu-v\u0103 s\u0103 v\u0103 scufunda\u021bi pe deplin \u00een cultura \u0219i tradi\u021biile bogate ale regiunilor vorbitoare de hindi.<\/p>\n<\/div><\/div>\n\r\n<section class=\"learnNavigationSection\">\r\n            \r\n        <a href=\"https:\/\/talkpal.ai\/ro\/invata-hindi\/\">\r\n            <div class=\"learnNavigationWrapper\">\r\n                <div class=\"learnNavigationContent\">\r\n                    <img decoding=\"async\" src=\"https:\/\/talkpal.ai\/wp-content\/uploads\/2024\/08\/Hindi.jpg\" alt=\"Indian Flag\">\r\n                    <div>\r\n                        <h4>Despre Hindi Learning<\/h4>\r\n                        <p>Afla\u021bi totul despre gramatica hindi .<\/p>\r\n                    <\/div>\r\n                <\/div>\r\n            <\/div>\r\n        <\/a>\r\n\r\n        \r\n        <a href=\"https:\/\/talkpal.ai\/ro\/gramatica-hindi\/\">\r\n            <div class=\"learnNavigationWrapper\">\r\n                <div class=\"learnNavigationContent\">\r\n                    <img decoding=\"async\" src=\"https:\/\/talkpal.ai\/wp-content\/uploads\/2024\/08\/Hindi.jpg\" alt=\"Indian Flag\">\r\n                    <div>\r\n                        <h4>Lec\u021bii de gramatic\u0103 hindi<\/h4>\r\n                        <p>Exersa\u021bi gramatica hindi.<\/p>\r\n                    <\/div>\r\n                <\/div>\r\n            <\/div>\r\n        <\/a>\r\n\r\n        \r\n        <a href=\"https:\/\/talkpal.ai\/vocabulary_language\/hindi\/\">\r\n            <div class=\"learnNavigationWrapper\">\r\n                <div class=\"learnNavigationContent\">\r\n                    <img decoding=\"async\" src=\"https:\/\/talkpal.ai\/wp-content\/uploads\/2024\/08\/Hindi.jpg\" alt=\"Indian Flag\">\r\n                    <div>\r\n                        <h4>Vocabular hindi<\/h4>\r\n                        <p>Extinde\u021bi-v\u0103 vocabularul hindi.<\/p>\r\n                    <\/div>\r\n                <\/div>\r\n            <\/div>\r\n        <\/a>\r\n\r\n            <\/section>","protected":false},"excerpt":{"rendered":"<p>Subiecte de gramatic\u0103 hindi \u00cenv\u0103\u021barea unei noi limbi poate fi o experien\u021b\u0103 antrenant\u0103, dar provocatoare, mai ales atunci c\u00e2nd vine vorba de \u00een\u021belegerea \u0219i st\u0103p\u00e2nirea gramaticii sale. Hindi, fiind una dintre cele mai vorbite limbi din lume, ofer\u0103 o experien\u021b\u0103 lingvistic\u0103 unic\u0103 \u0219i bogat\u0103. Pe m\u0103sur\u0103 ce v\u0103 \u00eembarca\u021bi \u00een c\u0103l\u0103toria dvs. pentru a \u00eenv\u0103\u021ba [&hellip;]<\/p>\n","protected":false},"author":6,"featured_media":188227,"parent":0,"menu_order":0,"comment_status":"closed","ping_status":"closed","template":"LearningContentPage.php","meta":{"_acf_changed":false,"footnotes":""},"class_list":["post-134365","page","type-page","status-publish","has-post-thumbnail","hentry"],"acf":[],"yoast_head":"<!-- This site is optimized with the Yoast SEO Premium plugin v27.2 (Yoast SEO v27.2) - https:\/\/yoast.com\/product\/yoast-seo-premium-wordpress\/ -->\n<title>Exerci\u021bii de gramatic\u0103 hindi - Talkpal<\/title>\n<meta name=\"description\" content=\"Practica\u021bi gramatica hindi cu u\u0219urin\u021b\u0103 - \u00eencerca\u021bi exerci\u021bii interactive pentru a v\u0103 \u00eembun\u0103t\u0103\u021bi abilit\u0103\u021bile \u0219i a \u00eenv\u0103\u021ba mai repede cu Talkpal AI.\" \/>\n<meta name=\"robots\" content=\"index, follow, max-snippet:-1, max-image-preview:large, max-video-preview:-1\" \/>\n<link rel=\"canonical\" href=\"https:\/\/talkpal.ai\/ro\/exercitii-de-gramatica-hindi\/\" \/>\n<meta property=\"og:locale\" content=\"ro_RO\" \/>\n<meta property=\"og:type\" content=\"article\" \/>\n<meta property=\"og:title\" content=\"Exerci\u021bii de gramatic\u0103 hindi\" \/>\n<meta property=\"og:description\" content=\"Subiecte de gramatic\u0103 hindi \u00cenv\u0103\u021barea unei noi limbi poate fi o experien\u021b\u0103 antrenant\u0103, dar provocatoare, mai ales atunci c\u00e2nd vine vorba de \u00een\u021belegerea \u0219i\" \/>\n<meta property=\"og:url\" content=\"https:\/\/talkpal.ai\/ro\/exercitii-de-gramatica-hindi\/\" \/>\n<meta property=\"og:site_name\" content=\"Talkpal\" \/>\n<meta property=\"article:publisher\" content=\"https:\/\/www.facebook.com\/profile.php?id=100090733639311\" \/>\n<meta property=\"article:modified_time\" content=\"2025-12-17T16:17:33+00:00\" \/>\n<meta property=\"og:image\" content=\"https:\/\/talkpal.ai\/wp-content\/uploads\/2024\/02\/india.png\" \/>\n\t<meta property=\"og:image:width\" content=\"517\" \/>\n\t<meta property=\"og:image:height\" content=\"517\" \/>\n\t<meta property=\"og:image:type\" content=\"image\/png\" \/>\n<meta name=\"twitter:card\" content=\"summary_large_image\" \/>\n<meta name=\"twitter:site\" content=\"@talkpalai\" \/>\n<meta name=\"twitter:label1\" content=\"Timp estimat pentru citire\" \/>\n\t<meta name=\"twitter:data1\" content=\"3 minute\" \/>\n<script type=\"application\/ld+json\" class=\"yoast-schema-graph\">{\"@context\":\"https:\/\/schema.org\",\"@graph\":[{\"@type\":\"WebPage\",\"@id\":\"https:\/\/talkpal.ai\/ro\/exercitii-de-gramatica-hindi\/\",\"url\":\"https:\/\/talkpal.ai\/ro\/exercitii-de-gramatica-hindi\/\",\"name\":\"Exerci\u021bii de gramatic\u0103 hindi - Talkpal\",\"isPartOf\":{\"@id\":\"https:\/\/talkpal.ai\/ro\/#website\"},\"primaryImageOfPage\":{\"@id\":\"https:\/\/talkpal.ai\/ro\/exercitii-de-gramatica-hindi\/#primaryimage\"},\"image\":{\"@id\":\"https:\/\/talkpal.ai\/ro\/exercitii-de-gramatica-hindi\/#primaryimage\"},\"thumbnailUrl\":\"https:\/\/talkpal.ai\/wp-content\/uploads\/2024\/02\/india.png\",\"datePublished\":\"2023-06-16T10:15:21+00:00\",\"dateModified\":\"2025-12-17T16:17:33+00:00\",\"description\":\"Practica\u021bi gramatica hindi cu u\u0219urin\u021b\u0103 - \u00eencerca\u021bi exerci\u021bii interactive pentru a v\u0103 \u00eembun\u0103t\u0103\u021bi abilit\u0103\u021bile \u0219i a \u00eenv\u0103\u021ba mai repede cu Talkpal AI.\",\"breadcrumb\":{\"@id\":\"https:\/\/talkpal.ai\/ro\/exercitii-de-gramatica-hindi\/#breadcrumb\"},\"inLanguage\":\"ro-RO\",\"potentialAction\":[{\"@type\":\"ReadAction\",\"target\":[\"https:\/\/talkpal.ai\/ro\/exercitii-de-gramatica-hindi\/\"]}]},{\"@type\":\"ImageObject\",\"inLanguage\":\"ro-RO\",\"@id\":\"https:\/\/talkpal.ai\/ro\/exercitii-de-gramatica-hindi\/#primaryimage\",\"url\":\"https:\/\/talkpal.ai\/wp-content\/uploads\/2024\/02\/india.png\",\"contentUrl\":\"https:\/\/talkpal.ai\/wp-content\/uploads\/2024\/02\/india.png\",\"width\":517,\"height\":517,\"caption\":\"TalkPal Indian Flag\"},{\"@type\":\"BreadcrumbList\",\"@id\":\"https:\/\/talkpal.ai\/ro\/exercitii-de-gramatica-hindi\/#breadcrumb\",\"itemListElement\":[{\"@type\":\"ListItem\",\"position\":1,\"name\":\"Homepage\",\"item\":\"https:\/\/talkpal.ai\/ro\/\"},{\"@type\":\"ListItem\",\"position\":2,\"name\":\"Exerci\u021bii de gramatic\u0103 hindi\"}]},{\"@type\":\"WebSite\",\"@id\":\"https:\/\/talkpal.ai\/ro\/#website\",\"url\":\"https:\/\/talkpal.ai\/ro\/\",\"name\":\"Talkpal\",\"description\":\"AI Language Learning\",\"publisher\":{\"@id\":\"https:\/\/talkpal.ai\/ro\/#organization\"},\"alternateName\":\"Talkpal AI\",\"potentialAction\":[{\"@type\":\"SearchAction\",\"target\":{\"@type\":\"EntryPoint\",\"urlTemplate\":\"https:\/\/talkpal.ai\/ro\/?s={search_term_string}\"},\"query-input\":{\"@type\":\"PropertyValueSpecification\",\"valueRequired\":true,\"valueName\":\"search_term_string\"}}],\"inLanguage\":\"ro-RO\"},{\"@type\":\"Organization\",\"@id\":\"https:\/\/talkpal.ai\/ro\/#organization\",\"name\":\"Talkpal, Inc.\",\"alternateName\":\"Talkpal AI\",\"url\":\"https:\/\/talkpal.ai\/ro\/\",\"logo\":{\"@type\":\"ImageObject\",\"inLanguage\":\"ro-RO\",\"@id\":\"https:\/\/talkpal.ai\/ro\/#\/schema\/logo\/image\/\",\"url\":\"https:\/\/talkpal.ai\/wp-content\/uploads\/2024\/03\/Talkpal-Logo-Icon.png\",\"contentUrl\":\"https:\/\/talkpal.ai\/wp-content\/uploads\/2024\/03\/Talkpal-Logo-Icon.png\",\"width\":2880,\"height\":2880,\"caption\":\"Talkpal, Inc.\"},\"image\":{\"@id\":\"https:\/\/talkpal.ai\/ro\/#\/schema\/logo\/image\/\"},\"sameAs\":[\"https:\/\/www.facebook.com\/profile.php?id=100090733639311\",\"https:\/\/x.com\/talkpalai\",\"https:\/\/www.linkedin.com\/company\/talkpal\/\",\"https:\/\/www.youtube.com\/@TalkPal\/\",\"https:\/\/www.tiktok.com\/@talkpal\",\"https:\/\/www.instagram.com\/talkpal_ai\/\",\"https:\/\/www.crunchbase.com\/organization\/talkpal-9cde\",\"https:\/\/www.g2.com\/products\/talkpal-for-business\/\",\"https:\/\/www.trustpilot.com\/review\/talkpal.ai\",\"https:\/\/www.capterra.com\/p\/10006800\/TalkPal\/\"],\"description\":\"Talkpal is a language learning web and mobile education app, powered by the latest AI technologies, that provides engaging experiences to its customers in many different languages to help them improve their language skills. Users can chat about unlimited amount of topics with the app and use other modes to practice their language learning.\",\"email\":\"support@talkpal.ai\",\"legalName\":\"Talkpal, Inc.\",\"foundingDate\":\"2023-04-03\",\"duns\":\"118989042\",\"numberOfEmployees\":{\"@type\":\"QuantitativeValue\",\"minValue\":\"11\",\"maxValue\":\"50\"},\"publishingPrinciples\":\"https:\/\/talkpal.ai\/publishing-principles\/\",\"actionableFeedbackPolicy\":\"https:\/\/talkpal.ai\/actionable-feedback-policy\/\",\"correctionsPolicy\":\"https:\/\/talkpal.ai\/corrections-policy\/\",\"ethicsPolicy\":\"https:\/\/talkpal.ai\/ethics-policy\/\",\"diversityPolicy\":\"https:\/\/talkpal.ai\/diversity-policy\/\",\"diversityStaffingReport\":\"https:\/\/talkpal.ai\/diversity-policy\/\"}]}<\/script>\n<!-- \/ Yoast SEO Premium plugin. -->","yoast_head_json":{"title":"Exerci\u021bii de gramatic\u0103 hindi - Talkpal","description":"Practica\u021bi gramatica hindi cu u\u0219urin\u021b\u0103 - \u00eencerca\u021bi exerci\u021bii interactive pentru a v\u0103 \u00eembun\u0103t\u0103\u021bi abilit\u0103\u021bile \u0219i a \u00eenv\u0103\u021ba mai repede cu Talkpal AI.","robots":{"index":"index","follow":"follow","max-snippet":"max-snippet:-1","max-image-preview":"max-image-preview:large","max-video-preview":"max-video-preview:-1"},"canonical":"https:\/\/talkpal.ai\/ro\/exercitii-de-gramatica-hindi\/","og_locale":"ro_RO","og_type":"article","og_title":"Exerci\u021bii de gramatic\u0103 hindi","og_description":"Subiecte de gramatic\u0103 hindi \u00cenv\u0103\u021barea unei noi limbi poate fi o experien\u021b\u0103 antrenant\u0103, dar provocatoare, mai ales atunci c\u00e2nd vine vorba de \u00een\u021belegerea \u0219i","og_url":"https:\/\/talkpal.ai\/ro\/exercitii-de-gramatica-hindi\/","og_site_name":"Talkpal","article_publisher":"https:\/\/www.facebook.com\/profile.php?id=100090733639311","article_modified_time":"2025-12-17T16:17:33+00:00","og_image":[{"width":517,"height":517,"url":"https:\/\/talkpal.ai\/wp-content\/uploads\/2024\/02\/india.png","type":"image\/png"}],"twitter_card":"summary_large_image","twitter_site":"@talkpalai","twitter_misc":{"Timp estimat pentru citire":"3 minute"},"schema":{"@context":"https:\/\/schema.org","@graph":[{"@type":"WebPage","@id":"https:\/\/talkpal.ai\/ro\/exercitii-de-gramatica-hindi\/","url":"https:\/\/talkpal.ai\/ro\/exercitii-de-gramatica-hindi\/","name":"Exerci\u021bii de gramatic\u0103 hindi - Talkpal","isPartOf":{"@id":"https:\/\/talkpal.ai\/ro\/#website"},"primaryImageOfPage":{"@id":"https:\/\/talkpal.ai\/ro\/exercitii-de-gramatica-hindi\/#primaryimage"},"image":{"@id":"https:\/\/talkpal.ai\/ro\/exercitii-de-gramatica-hindi\/#primaryimage"},"thumbnailUrl":"https:\/\/talkpal.ai\/wp-content\/uploads\/2024\/02\/india.png","datePublished":"2023-06-16T10:15:21+00:00","dateModified":"2025-12-17T16:17:33+00:00","description":"Practica\u021bi gramatica hindi cu u\u0219urin\u021b\u0103 - \u00eencerca\u021bi exerci\u021bii interactive pentru a v\u0103 \u00eembun\u0103t\u0103\u021bi abilit\u0103\u021bile \u0219i a \u00eenv\u0103\u021ba mai repede cu Talkpal AI.","breadcrumb":{"@id":"https:\/\/talkpal.ai\/ro\/exercitii-de-gramatica-hindi\/#breadcrumb"},"inLanguage":"ro-RO","potentialAction":[{"@type":"ReadAction","target":["https:\/\/talkpal.ai\/ro\/exercitii-de-gramatica-hindi\/"]}]},{"@type":"ImageObject","inLanguage":"ro-RO","@id":"https:\/\/talkpal.ai\/ro\/exercitii-de-gramatica-hindi\/#primaryimage","url":"https:\/\/talkpal.ai\/wp-content\/uploads\/2024\/02\/india.png","contentUrl":"https:\/\/talkpal.ai\/wp-content\/uploads\/2024\/02\/india.png","width":517,"height":517,"caption":"TalkPal Indian Flag"},{"@type":"BreadcrumbList","@id":"https:\/\/talkpal.ai\/ro\/exercitii-de-gramatica-hindi\/#breadcrumb","itemListElement":[{"@type":"ListItem","position":1,"name":"Homepage","item":"https:\/\/talkpal.ai\/ro\/"},{"@type":"ListItem","position":2,"name":"Exerci\u021bii de gramatic\u0103 hindi"}]},{"@type":"WebSite","@id":"https:\/\/talkpal.ai\/ro\/#website","url":"https:\/\/talkpal.ai\/ro\/","name":"Talkpal","description":"AI Language Learning","publisher":{"@id":"https:\/\/talkpal.ai\/ro\/#organization"},"alternateName":"Talkpal AI","potentialAction":[{"@type":"SearchAction","target":{"@type":"EntryPoint","urlTemplate":"https:\/\/talkpal.ai\/ro\/?s={search_term_string}"},"query-input":{"@type":"PropertyValueSpecification","valueRequired":true,"valueName":"search_term_string"}}],"inLanguage":"ro-RO"},{"@type":"Organization","@id":"https:\/\/talkpal.ai\/ro\/#organization","name":"Talkpal, Inc.","alternateName":"Talkpal AI","url":"https:\/\/talkpal.ai\/ro\/","logo":{"@type":"ImageObject","inLanguage":"ro-RO","@id":"https:\/\/talkpal.ai\/ro\/#\/schema\/logo\/image\/","url":"https:\/\/talkpal.ai\/wp-content\/uploads\/2024\/03\/Talkpal-Logo-Icon.png","contentUrl":"https:\/\/talkpal.ai\/wp-content\/uploads\/2024\/03\/Talkpal-Logo-Icon.png","width":2880,"height":2880,"caption":"Talkpal, Inc."},"image":{"@id":"https:\/\/talkpal.ai\/ro\/#\/schema\/logo\/image\/"},"sameAs":["https:\/\/www.facebook.com\/profile.php?id=100090733639311","https:\/\/x.com\/talkpalai","https:\/\/www.linkedin.com\/company\/talkpal\/","https:\/\/www.youtube.com\/@TalkPal\/","https:\/\/www.tiktok.com\/@talkpal","https:\/\/www.instagram.com\/talkpal_ai\/","https:\/\/www.crunchbase.com\/organization\/talkpal-9cde","https:\/\/www.g2.com\/products\/talkpal-for-business\/","https:\/\/www.trustpilot.com\/review\/talkpal.ai","https:\/\/www.capterra.com\/p\/10006800\/TalkPal\/"],"description":"Talkpal is a language learning web and mobile education app, powered by the latest AI technologies, that provides engaging experiences to its customers in many different languages to help them improve their language skills. Users can chat about unlimited amount of topics with the app and use other modes to practice their language learning.","email":"support@talkpal.ai","legalName":"Talkpal, Inc.","foundingDate":"2023-04-03","duns":"118989042","numberOfEmployees":{"@type":"QuantitativeValue","minValue":"11","maxValue":"50"},"publishingPrinciples":"https:\/\/talkpal.ai\/publishing-principles\/","actionableFeedbackPolicy":"https:\/\/talkpal.ai\/actionable-feedback-policy\/","correctionsPolicy":"https:\/\/talkpal.ai\/corrections-policy\/","ethicsPolicy":"https:\/\/talkpal.ai\/ethics-policy\/","diversityPolicy":"https:\/\/talkpal.ai\/diversity-policy\/","diversityStaffingReport":"https:\/\/talkpal.ai\/diversity-policy\/"}]}},"_links":{"self":[{"href":"https:\/\/talkpal.ai\/ro\/wp-json\/wp\/v2\/pages\/134365","targetHints":{"allow":["GET"]}}],"collection":[{"href":"https:\/\/talkpal.ai\/ro\/wp-json\/wp\/v2\/pages"}],"about":[{"href":"https:\/\/talkpal.ai\/ro\/wp-json\/wp\/v2\/types\/page"}],"author":[{"embeddable":true,"href":"https:\/\/talkpal.ai\/ro\/wp-json\/wp\/v2\/users\/6"}],"replies":[{"embeddable":true,"href":"https:\/\/talkpal.ai\/ro\/wp-json\/wp\/v2\/comments?post=134365"}],"version-history":[{"count":0,"href":"https:\/\/talkpal.ai\/ro\/wp-json\/wp\/v2\/pages\/134365\/revisions"}],"wp:featuredmedia":[{"embeddable":true,"href":"https:\/\/talkpal.ai\/ro\/wp-json\/wp\/v2\/media\/188227"}],"wp:attachment":[{"href":"https:\/\/talkpal.ai\/ro\/wp-json\/wp\/v2\/media?parent=134365"}],"curies":[{"name":"wp","href":"https:\/\/api.w.org\/{rel}","templated":true}]}}