{"id":133972,"date":"2023-06-16T10:07:13","date_gmt":"2023-06-16T10:07:13","guid":{"rendered":"http:\/\/talkpal.ai\/exercitii-de-gramatica-finlandeza\/"},"modified":"2025-12-17T15:32:02","modified_gmt":"2025-12-17T15:32:02","slug":"exercitii-de-gramatica-finlandeza","status":"publish","type":"page","link":"https:\/\/talkpal.ai\/ro\/exercitii-de-gramatica-finlandeza\/","title":{"rendered":"Exerci\u021bii de gramatic\u0103 finlandez\u0103"},"content":{"rendered":"\r\n\r\n\r\n<section class=\"languageChallengeSection\">\r\n    <div class=\"languageInfoWrapper\">\r\n        \r\n        <h1>Exerci\u021bii de gramatic\u0103 finlandez\u0103<\/h1>\r\n        <p>Sunte\u021bi gata s\u0103 aborda\u021bi structura unic\u0103 a limbii finlandeze? Practicarea exerci\u021biilor gramaticale este o modalitate excelent\u0103 de a v\u0103 familiariza cu termina\u021biile cuvintelor, cazurile \u0219i tiparele propozi\u021biilor care fac finlandeza special\u0103. Scufunda\u021bi-v\u0103 ast\u0103zi \u00een gramatica <a href=\"https:\/\/talkpal.ai\/learn-finnish\/\">finlandez\u0103<\/a> \u0219i vede\u021bi-v\u0103 abilit\u0103\u021bile \u0219i \u00eencrederea cresc\u00e2nd cu fiecare exerci\u021biu!<\/p>\r\n\r\n                            <a class=\"getStartedHidden\" href=\"https:\/\/app.talkpal.ai\/ro\/signup?lng=\">\u00cencepe<\/a>\r\n        \r\n    <\/div>\r\n\r\n    <figure>\r\n    <img decoding=\"async\" width=\"768\" height=\"768\" src=\"https:\/\/talkpal.ai\/wp-content\/uploads\/2023\/06\/Finnish-768x768.png\" class=\"languageImage no-lazy\" alt=\"Develop your language aptitude learning\" fetchpriority=\"high\" sizes=\"(max-width: 768px) 150px, 768px\" srcset=\"https:\/\/talkpal.ai\/wp-content\/uploads\/2023\/06\/Finnish-768x768.png 768w, https:\/\/talkpal.ai\/wp-content\/uploads\/2023\/06\/Finnish-300x300.png 300w\" \/>\r\n    \r\n\r\n    <\/figure>\r\n\r\n            <a class=\"getStartedVisible\" href=\"https:\/\/app.talkpal.ai\/ro\/signup?lng=\">\u00cencepe<\/a>\r\n    \r\n<\/section>\r\n\r\n\r\n<!-- <section class=\"grammarSection\">\r\n    <div class=\"grammarLinks\">\r\n            <\/div>\r\n<\/section> -->\r\n\r\n\r\n\r\n\r\n<section class=\"promotionalBanner\">\r\n    <p class=\"promotionalText\">Cel mai eficient mod de a \u00eenv\u0103\u021ba o limb\u0103<\/p>\r\n    <a class=\"promotionalLink\" href=\"https:\/\/app.talkpal.ai\/ro\/signup?lng=\">\u00cencerca\u021bi Talkpal gratuit<\/a>\r\n<\/section>\n<div class=\"wp-block-group pageContainerStyle\"><div class=\"wp-block-group__inner-container is-layout-constrained wp-block-group-is-layout-constrained\">\n<h2 class=\"wp-block-heading\" id=\"h-finnish-grammar-topics\">Subiecte de gramatic\u0103 finlandez\u0103<\/h2>\n\n\n\n<p>\u00cenv\u0103\u021barea limbii finlandeze poate fi o experien\u021b\u0103 plin\u0103 de satisfac\u021bii pentru pasiona\u021bii de <a href=\"https:\/\/talkpal.ai\/ro\/tutor-de-limbi-straine\/\">limbi str\u0103ine<\/a>, deoarece este o limb\u0103 unic\u0103 \u0219i fascinant\u0103, cu o istorie cultural\u0103 bogat\u0103. <a href=\"https:\/\/talkpal.ai\/finnish-grammar\/\">Gramatica finlandez\u0103<\/a> poate p\u0103rea provocatoare la \u00eenceput, dar cu o abordare sistematic\u0103 \u0219i un accent pe subiectele esen\u021biale, pute\u021bi face progrese constante \u0219i, \u00een cele din urm\u0103, pute\u021bi deveni fluent \u00een aceast\u0103 limb\u0103 frumoas\u0103. \u00cen acest ghid, vom discuta subiectele gramaticii finlandeze \u00eentr-o secven\u021b\u0103 care v\u0103 va ajuta s\u0103 \u00eenv\u0103\u021ba\u021bi limba \u00een mod eficient, acoperind timpuri, verbe, substantive, articole, adjective, adverbe, postpozi\u021bii \u0219i structura propozi\u021biei.<\/p>\n\n\n\n<h3 class=\"wp-block-heading\" id=\"h-1-nouns\">1. Substantive:<\/h3>\n\n\n\n<p>\u00cencepe\u021bi prin \u00eenv\u0103\u021barea substantivelor finlandeze, deoarece acestea formeaz\u0103 fundamentul pentru construirea propozi\u021biei. Substantivele finlandeze au 15 cazuri, care sunt esen\u021biale pentru a \u00een\u021belege structura limbii. Familiariza\u021bi-v\u0103 cu diferitele cazuri substantivale \u0219i rolurile lor \u00eentr-o propozi\u021bie.<\/p>\n\n\n\n<h3 class=\"wp-block-heading\" id=\"h-2-articles\">2. Articole:<\/h3>\n\n\n\n<p>Finlandeza nu are articole precum &#8222;the&#8221; sau &#8222;a&#8221; \u00een <a href=\"https:\/\/talkpal.ai\/learn-english-with-ai\/\">englez\u0103<\/a>, ceea ce o face mai u\u0219oar\u0103 pentru cursan\u021bi. \u00cen schimb, sensul unui substantiv este determinat de context \u0219i de termina\u021biile cazurilor.<\/p>\n\n\n\n<h3 class=\"wp-block-heading\" id=\"h-3-adjectives\">3. Adjective:<\/h3>\n\n\n\n<p>Adjectivele descriu substantivele \u0219i sunt de acord cu ele \u00een caz \u0219i num\u0103r. Afla\u021bi cum s\u0103 forma\u021bi \u0219i s\u0103 utiliza\u021bi adjective pentru a v\u0103 face propozi\u021biile mai descriptive \u0219i mai expresive.<\/p>\n\n\n\n<h3 class=\"wp-block-heading\" id=\"h-4-verbs\">4. Verbe:<\/h3>\n\n\n\n<p>Verbele finlandeze sunt cruciale pentru exprimarea ac\u021biunilor \u0219i st\u0103rilor. Familiariza\u021bi-v\u0103 cu modelele de baz\u0103 de conjugare a verbelor \u0219i cu cele mai frecvente verbe neregulate.<\/p>\n\n\n\n<h3 class=\"wp-block-heading\" id=\"h-5-tenses-indicative\">5. Timpuri orientative:<\/h3>\n\n\n\n<p>\u00cen\u021belege\u021bi starea de spirit indicativ\u0103, care este folosit\u0103 pentru a exprima declara\u021bii, fapte \u0219i opinii. Finlandeza are patru timpuri principale \u00een starea indicativ\u0103: prezent, trecut (imperfect), perfect \u0219i pluperfect. Afla\u021bi cum s\u0103 forma\u021bi \u0219i s\u0103 utiliza\u021bi corect aceste timpuri.<\/p>\n\n\n\n<h3 class=\"wp-block-heading\" id=\"h-6-tenses-potential\">6. Poten\u021bialul de timp:<\/h3>\n\n\n\n<p>Starea de spirit poten\u021bial\u0103 este folosit\u0103 pentru a exprima posibilitatea, probabilitatea sau \u00eendoiala. Are dou\u0103 timpuri: poten\u021bialul prezent \u0219i poten\u021bialul trecut. Afla\u021bi cum s\u0103 forma\u021bi \u0219i s\u0103 utiliza\u021bi aceste timpuri pentru a ad\u0103uga nuan\u021be propozi\u021biilor dvs.<\/p>\n\n\n\n<h3 class=\"wp-block-heading\" id=\"h-7-tenses-imperative\">7. Timpuri imperative:<\/h3>\n\n\n\n<p>Starea imperativ\u0103 este folosit\u0103 pentru a da comenzi \u0219i a face cereri. Afla\u021bi cum s\u0103 forma\u021bi imperativul \u00een finlandez\u0103 \u0219i s\u0103 \u00eel utiliza\u021bi \u00een mod corespunz\u0103tor \u00een diferite situa\u021bii.<\/p>\n\n\n\n<h3 class=\"wp-block-heading\" id=\"h-8-tense-comparison\">8. Compara\u021bie tensionat\u0103:<\/h3>\n\n\n\n<p>\u00cen\u021belege\u021bi cum s\u0103 compara\u021bi diferite timpuri \u0219i st\u0103ri de spirit \u00een finlandez\u0103. Aceast\u0103 abilitate v\u0103 va permite s\u0103 exprima\u021bi idei complexe \u0219i rela\u021bii \u00eentre evenimente.<\/p>\n\n\n\n<h3 class=\"wp-block-heading\" id=\"h-9-adverbs\">9. Adverbe:<\/h3>\n\n\n\n<p>Adverbele modific\u0103 verbe, adjective sau alte adverbe, oferind informa\u021bii suplimentare despre ac\u021biuni sau calit\u0103\u021bi. Afla\u021bi diferitele tipuri de adverbe \u0219i cum s\u0103 le utiliza\u021bi eficient \u00een propozi\u021biile dvs.<\/p>\n\n\n\n<h3 class=\"wp-block-heading\" id=\"h-10-postpositions\">10. Postpozi\u021bii:<\/h3>\n\n\n\n<p>Finlandeza folose\u0219te postpozi\u021bii \u00een loc de prepozi\u021bii pentru a indica rela\u021biile dintre cuvinte. Afla\u021bi cele mai frecvente postpozi\u021bii \u0219i cum func\u021bioneaz\u0103 \u00eentr-o propozi\u021bie.<\/p>\n\n\n\n<h3 class=\"wp-block-heading\" id=\"h-11-sentence-structure\">11. Structura propozi\u021biei:<\/h3>\n\n\n\n<p>\u00cen cele din urm\u0103, studia\u021bi structura de baz\u0103 a propozi\u021biei finlandeze, care urmeaz\u0103 modelul subiect-verb-obiect (SVO). Afla\u021bi cum s\u0103 crea\u021bi propozi\u021bii simple \u0219i complexe folosind subiectele gramaticale <a href=\"https:\/\/talkpal.ai\/culture\/how-do-i-use-pe-care-correctly\/\">pe care<\/a> le-a\u021bi \u00eenv\u0103\u021bat \u0219i practica\u021bi combinarea acestora pentru a v\u0103 exprima g\u00e2ndurile cu acurate\u021be \u0219i fluent.<\/p>\n<\/div><\/div>\n\r\n<section class=\"learnNavigationSection\">\r\n            \r\n        <a href=\"https:\/\/talkpal.ai\/ro\/invata-finlandeza\/\">\r\n            <div class=\"learnNavigationWrapper\">\r\n                <div class=\"learnNavigationContent\">\r\n                    <img decoding=\"async\" src=\"https:\/\/talkpal.ai\/wp-content\/uploads\/2024\/08\/Finnish.jpg\" alt=\"Finnish Flag\">\r\n                    <div>\r\n                        <h4>Despre \u00eenv\u0103\u021barea finlandez\u0103<\/h4>\r\n                        <p>Afla\u021bi totul despre gramatica finlandez\u0103.<\/p>\r\n                    <\/div>\r\n                <\/div>\r\n            <\/div>\r\n        <\/a>\r\n\r\n        \r\n        <a href=\"https:\/\/talkpal.ai\/ro\/gramatica-finlandeza\/\">\r\n            <div class=\"learnNavigationWrapper\">\r\n                <div class=\"learnNavigationContent\">\r\n                    <img decoding=\"async\" src=\"https:\/\/talkpal.ai\/wp-content\/uploads\/2024\/08\/Finnish.jpg\" alt=\"Finnish Flag\">\r\n                    <div>\r\n                        <h4>Lec\u021bii de gramatic\u0103 finlandez\u0103<\/h4>\r\n                        <p>Exersa\u021bi gramatica finlandez\u0103.<\/p>\r\n                    <\/div>\r\n                <\/div>\r\n            <\/div>\r\n        <\/a>\r\n\r\n        \r\n        <a href=\"https:\/\/talkpal.ai\/vocabulary_language\/finnish\/\">\r\n            <div class=\"learnNavigationWrapper\">\r\n                <div class=\"learnNavigationContent\">\r\n                    <img decoding=\"async\" src=\"https:\/\/talkpal.ai\/wp-content\/uploads\/2024\/08\/Finnish.jpg\" alt=\"Finnish Flag\">\r\n                    <div>\r\n                        <h4>Vocabular finlandez<\/h4>\r\n                        <p>Extinde\u021bi-v\u0103 vocabularul finlandez.<\/p>\r\n                    <\/div>\r\n                <\/div>\r\n            <\/div>\r\n        <\/a>\r\n\r\n            <\/section>\n<p><\/p>\n","protected":false},"excerpt":{"rendered":"<p>Subiecte de gramatic\u0103 finlandez\u0103 \u00cenv\u0103\u021barea limbii finlandeze poate fi o experien\u021b\u0103 plin\u0103 de satisfac\u021bii pentru pasiona\u021bii de limbi str\u0103ine, deoarece este o limb\u0103 unic\u0103 \u0219i fascinant\u0103, cu o istorie cultural\u0103 bogat\u0103. Gramatica finlandez\u0103 poate p\u0103rea provocatoare la \u00eenceput, dar cu o abordare sistematic\u0103 \u0219i un accent pe subiectele esen\u021biale, pute\u021bi face progrese constante \u0219i, \u00een [&hellip;]<\/p>\n","protected":false},"author":6,"featured_media":106781,"parent":0,"menu_order":0,"comment_status":"closed","ping_status":"closed","template":"LearningContentPage.php","meta":{"_acf_changed":false,"footnotes":""},"class_list":["post-133972","page","type-page","status-publish","has-post-thumbnail","hentry"],"acf":[],"yoast_head":"<!-- This site is optimized with the Yoast SEO Premium plugin v27.2 (Yoast SEO v27.2) - https:\/\/yoast.com\/product\/yoast-seo-premium-wordpress\/ -->\n<title>Exerci\u021bii de gramatic\u0103 finlandez\u0103 - Talkpal<\/title>\n<meta name=\"description\" content=\"Exersa\u021bi \u0219i \u00eembun\u0103t\u0103\u021bi\u021bi-v\u0103 abilit\u0103\u021bile gramaticale finlandeze cu aceste exerci\u021bii interactive \u0219i eficiente. Potrivit pentru toate nivelurile de \u00eenv\u0103\u021bare.\" \/>\n<meta name=\"robots\" content=\"index, follow, max-snippet:-1, max-image-preview:large, max-video-preview:-1\" \/>\n<link rel=\"canonical\" href=\"https:\/\/talkpal.ai\/ro\/exercitii-de-gramatica-finlandeza\/\" \/>\n<meta property=\"og:locale\" content=\"ro_RO\" \/>\n<meta property=\"og:type\" content=\"article\" \/>\n<meta property=\"og:title\" content=\"Exerci\u021bii de gramatic\u0103 finlandez\u0103\" \/>\n<meta property=\"og:description\" content=\"Subiecte de gramatic\u0103 finlandez\u0103 \u00cenv\u0103\u021barea limbii finlandeze poate fi o experien\u021b\u0103 plin\u0103 de satisfac\u021bii pentru pasiona\u021bii de limbi str\u0103ine, deoarece este\" \/>\n<meta property=\"og:url\" content=\"https:\/\/talkpal.ai\/ro\/exercitii-de-gramatica-finlandeza\/\" \/>\n<meta property=\"og:site_name\" content=\"Talkpal\" \/>\n<meta property=\"article:publisher\" content=\"https:\/\/www.facebook.com\/profile.php?id=100090733639311\" \/>\n<meta property=\"article:modified_time\" content=\"2025-12-17T15:32:02+00:00\" \/>\n<meta property=\"og:image\" content=\"https:\/\/talkpal.ai\/wp-content\/uploads\/2023\/04\/finland.png\" \/>\n\t<meta property=\"og:image:width\" content=\"512\" \/>\n\t<meta property=\"og:image:height\" content=\"512\" \/>\n\t<meta property=\"og:image:type\" content=\"image\/png\" \/>\n<meta name=\"twitter:card\" content=\"summary_large_image\" \/>\n<meta name=\"twitter:site\" content=\"@talkpalai\" \/>\n<meta name=\"twitter:label1\" content=\"Timp estimat pentru citire\" \/>\n\t<meta name=\"twitter:data1\" content=\"3 minute\" \/>\n<script type=\"application\/ld+json\" class=\"yoast-schema-graph\">{\"@context\":\"https:\/\/schema.org\",\"@graph\":[{\"@type\":\"WebPage\",\"@id\":\"https:\/\/talkpal.ai\/ro\/exercitii-de-gramatica-finlandeza\/\",\"url\":\"https:\/\/talkpal.ai\/ro\/exercitii-de-gramatica-finlandeza\/\",\"name\":\"Exerci\u021bii de gramatic\u0103 finlandez\u0103 - Talkpal\",\"isPartOf\":{\"@id\":\"https:\/\/talkpal.ai\/ro\/#website\"},\"primaryImageOfPage\":{\"@id\":\"https:\/\/talkpal.ai\/ro\/exercitii-de-gramatica-finlandeza\/#primaryimage\"},\"image\":{\"@id\":\"https:\/\/talkpal.ai\/ro\/exercitii-de-gramatica-finlandeza\/#primaryimage\"},\"thumbnailUrl\":\"https:\/\/talkpal.ai\/wp-content\/uploads\/2023\/04\/finland.png\",\"datePublished\":\"2023-06-16T10:07:13+00:00\",\"dateModified\":\"2025-12-17T15:32:02+00:00\",\"description\":\"Exersa\u021bi \u0219i \u00eembun\u0103t\u0103\u021bi\u021bi-v\u0103 abilit\u0103\u021bile gramaticale finlandeze cu aceste exerci\u021bii interactive \u0219i eficiente. Potrivit pentru toate nivelurile de \u00eenv\u0103\u021bare.\",\"breadcrumb\":{\"@id\":\"https:\/\/talkpal.ai\/ro\/exercitii-de-gramatica-finlandeza\/#breadcrumb\"},\"inLanguage\":\"ro-RO\",\"potentialAction\":[{\"@type\":\"ReadAction\",\"target\":[\"https:\/\/talkpal.ai\/ro\/exercitii-de-gramatica-finlandeza\/\"]}]},{\"@type\":\"ImageObject\",\"inLanguage\":\"ro-RO\",\"@id\":\"https:\/\/talkpal.ai\/ro\/exercitii-de-gramatica-finlandeza\/#primaryimage\",\"url\":\"https:\/\/talkpal.ai\/wp-content\/uploads\/2023\/04\/finland.png\",\"contentUrl\":\"https:\/\/talkpal.ai\/wp-content\/uploads\/2023\/04\/finland.png\",\"width\":512,\"height\":512,\"caption\":\"TalkPal finland Flag\"},{\"@type\":\"BreadcrumbList\",\"@id\":\"https:\/\/talkpal.ai\/ro\/exercitii-de-gramatica-finlandeza\/#breadcrumb\",\"itemListElement\":[{\"@type\":\"ListItem\",\"position\":1,\"name\":\"Homepage\",\"item\":\"https:\/\/talkpal.ai\/ro\/\"},{\"@type\":\"ListItem\",\"position\":2,\"name\":\"Exerci\u021bii de gramatic\u0103 finlandez\u0103\"}]},{\"@type\":\"WebSite\",\"@id\":\"https:\/\/talkpal.ai\/ro\/#website\",\"url\":\"https:\/\/talkpal.ai\/ro\/\",\"name\":\"Talkpal\",\"description\":\"AI Language Learning\",\"publisher\":{\"@id\":\"https:\/\/talkpal.ai\/ro\/#organization\"},\"alternateName\":\"Talkpal AI\",\"potentialAction\":[{\"@type\":\"SearchAction\",\"target\":{\"@type\":\"EntryPoint\",\"urlTemplate\":\"https:\/\/talkpal.ai\/ro\/?s={search_term_string}\"},\"query-input\":{\"@type\":\"PropertyValueSpecification\",\"valueRequired\":true,\"valueName\":\"search_term_string\"}}],\"inLanguage\":\"ro-RO\"},{\"@type\":\"Organization\",\"@id\":\"https:\/\/talkpal.ai\/ro\/#organization\",\"name\":\"Talkpal, Inc.\",\"alternateName\":\"Talkpal AI\",\"url\":\"https:\/\/talkpal.ai\/ro\/\",\"logo\":{\"@type\":\"ImageObject\",\"inLanguage\":\"ro-RO\",\"@id\":\"https:\/\/talkpal.ai\/ro\/#\/schema\/logo\/image\/\",\"url\":\"https:\/\/talkpal.ai\/wp-content\/uploads\/2024\/03\/Talkpal-Logo-Icon.png\",\"contentUrl\":\"https:\/\/talkpal.ai\/wp-content\/uploads\/2024\/03\/Talkpal-Logo-Icon.png\",\"width\":2880,\"height\":2880,\"caption\":\"Talkpal, Inc.\"},\"image\":{\"@id\":\"https:\/\/talkpal.ai\/ro\/#\/schema\/logo\/image\/\"},\"sameAs\":[\"https:\/\/www.facebook.com\/profile.php?id=100090733639311\",\"https:\/\/x.com\/talkpalai\",\"https:\/\/www.linkedin.com\/company\/talkpal\/\",\"https:\/\/www.youtube.com\/@TalkPal\/\",\"https:\/\/www.tiktok.com\/@talkpal\",\"https:\/\/www.instagram.com\/talkpal_ai\/\",\"https:\/\/www.crunchbase.com\/organization\/talkpal-9cde\",\"https:\/\/www.g2.com\/products\/talkpal-for-business\/\",\"https:\/\/www.trustpilot.com\/review\/talkpal.ai\",\"https:\/\/www.capterra.com\/p\/10006800\/TalkPal\/\"],\"description\":\"Talkpal is a language learning web and mobile education app, powered by the latest AI technologies, that provides engaging experiences to its customers in many different languages to help them improve their language skills. Users can chat about unlimited amount of topics with the app and use other modes to practice their language learning.\",\"email\":\"support@talkpal.ai\",\"legalName\":\"Talkpal, Inc.\",\"foundingDate\":\"2023-04-03\",\"duns\":\"118989042\",\"numberOfEmployees\":{\"@type\":\"QuantitativeValue\",\"minValue\":\"11\",\"maxValue\":\"50\"},\"publishingPrinciples\":\"https:\/\/talkpal.ai\/publishing-principles\/\",\"actionableFeedbackPolicy\":\"https:\/\/talkpal.ai\/actionable-feedback-policy\/\",\"correctionsPolicy\":\"https:\/\/talkpal.ai\/corrections-policy\/\",\"ethicsPolicy\":\"https:\/\/talkpal.ai\/ethics-policy\/\",\"diversityPolicy\":\"https:\/\/talkpal.ai\/diversity-policy\/\",\"diversityStaffingReport\":\"https:\/\/talkpal.ai\/diversity-policy\/\"}]}<\/script>\n<!-- \/ Yoast SEO Premium plugin. -->","yoast_head_json":{"title":"Exerci\u021bii de gramatic\u0103 finlandez\u0103 - Talkpal","description":"Exersa\u021bi \u0219i \u00eembun\u0103t\u0103\u021bi\u021bi-v\u0103 abilit\u0103\u021bile gramaticale finlandeze cu aceste exerci\u021bii interactive \u0219i eficiente. Potrivit pentru toate nivelurile de \u00eenv\u0103\u021bare.","robots":{"index":"index","follow":"follow","max-snippet":"max-snippet:-1","max-image-preview":"max-image-preview:large","max-video-preview":"max-video-preview:-1"},"canonical":"https:\/\/talkpal.ai\/ro\/exercitii-de-gramatica-finlandeza\/","og_locale":"ro_RO","og_type":"article","og_title":"Exerci\u021bii de gramatic\u0103 finlandez\u0103","og_description":"Subiecte de gramatic\u0103 finlandez\u0103 \u00cenv\u0103\u021barea limbii finlandeze poate fi o experien\u021b\u0103 plin\u0103 de satisfac\u021bii pentru pasiona\u021bii de limbi str\u0103ine, deoarece este","og_url":"https:\/\/talkpal.ai\/ro\/exercitii-de-gramatica-finlandeza\/","og_site_name":"Talkpal","article_publisher":"https:\/\/www.facebook.com\/profile.php?id=100090733639311","article_modified_time":"2025-12-17T15:32:02+00:00","og_image":[{"width":512,"height":512,"url":"https:\/\/talkpal.ai\/wp-content\/uploads\/2023\/04\/finland.png","type":"image\/png"}],"twitter_card":"summary_large_image","twitter_site":"@talkpalai","twitter_misc":{"Timp estimat pentru citire":"3 minute"},"schema":{"@context":"https:\/\/schema.org","@graph":[{"@type":"WebPage","@id":"https:\/\/talkpal.ai\/ro\/exercitii-de-gramatica-finlandeza\/","url":"https:\/\/talkpal.ai\/ro\/exercitii-de-gramatica-finlandeza\/","name":"Exerci\u021bii de gramatic\u0103 finlandez\u0103 - Talkpal","isPartOf":{"@id":"https:\/\/talkpal.ai\/ro\/#website"},"primaryImageOfPage":{"@id":"https:\/\/talkpal.ai\/ro\/exercitii-de-gramatica-finlandeza\/#primaryimage"},"image":{"@id":"https:\/\/talkpal.ai\/ro\/exercitii-de-gramatica-finlandeza\/#primaryimage"},"thumbnailUrl":"https:\/\/talkpal.ai\/wp-content\/uploads\/2023\/04\/finland.png","datePublished":"2023-06-16T10:07:13+00:00","dateModified":"2025-12-17T15:32:02+00:00","description":"Exersa\u021bi \u0219i \u00eembun\u0103t\u0103\u021bi\u021bi-v\u0103 abilit\u0103\u021bile gramaticale finlandeze cu aceste exerci\u021bii interactive \u0219i eficiente. Potrivit pentru toate nivelurile de \u00eenv\u0103\u021bare.","breadcrumb":{"@id":"https:\/\/talkpal.ai\/ro\/exercitii-de-gramatica-finlandeza\/#breadcrumb"},"inLanguage":"ro-RO","potentialAction":[{"@type":"ReadAction","target":["https:\/\/talkpal.ai\/ro\/exercitii-de-gramatica-finlandeza\/"]}]},{"@type":"ImageObject","inLanguage":"ro-RO","@id":"https:\/\/talkpal.ai\/ro\/exercitii-de-gramatica-finlandeza\/#primaryimage","url":"https:\/\/talkpal.ai\/wp-content\/uploads\/2023\/04\/finland.png","contentUrl":"https:\/\/talkpal.ai\/wp-content\/uploads\/2023\/04\/finland.png","width":512,"height":512,"caption":"TalkPal finland Flag"},{"@type":"BreadcrumbList","@id":"https:\/\/talkpal.ai\/ro\/exercitii-de-gramatica-finlandeza\/#breadcrumb","itemListElement":[{"@type":"ListItem","position":1,"name":"Homepage","item":"https:\/\/talkpal.ai\/ro\/"},{"@type":"ListItem","position":2,"name":"Exerci\u021bii de gramatic\u0103 finlandez\u0103"}]},{"@type":"WebSite","@id":"https:\/\/talkpal.ai\/ro\/#website","url":"https:\/\/talkpal.ai\/ro\/","name":"Talkpal","description":"AI Language Learning","publisher":{"@id":"https:\/\/talkpal.ai\/ro\/#organization"},"alternateName":"Talkpal AI","potentialAction":[{"@type":"SearchAction","target":{"@type":"EntryPoint","urlTemplate":"https:\/\/talkpal.ai\/ro\/?s={search_term_string}"},"query-input":{"@type":"PropertyValueSpecification","valueRequired":true,"valueName":"search_term_string"}}],"inLanguage":"ro-RO"},{"@type":"Organization","@id":"https:\/\/talkpal.ai\/ro\/#organization","name":"Talkpal, Inc.","alternateName":"Talkpal AI","url":"https:\/\/talkpal.ai\/ro\/","logo":{"@type":"ImageObject","inLanguage":"ro-RO","@id":"https:\/\/talkpal.ai\/ro\/#\/schema\/logo\/image\/","url":"https:\/\/talkpal.ai\/wp-content\/uploads\/2024\/03\/Talkpal-Logo-Icon.png","contentUrl":"https:\/\/talkpal.ai\/wp-content\/uploads\/2024\/03\/Talkpal-Logo-Icon.png","width":2880,"height":2880,"caption":"Talkpal, Inc."},"image":{"@id":"https:\/\/talkpal.ai\/ro\/#\/schema\/logo\/image\/"},"sameAs":["https:\/\/www.facebook.com\/profile.php?id=100090733639311","https:\/\/x.com\/talkpalai","https:\/\/www.linkedin.com\/company\/talkpal\/","https:\/\/www.youtube.com\/@TalkPal\/","https:\/\/www.tiktok.com\/@talkpal","https:\/\/www.instagram.com\/talkpal_ai\/","https:\/\/www.crunchbase.com\/organization\/talkpal-9cde","https:\/\/www.g2.com\/products\/talkpal-for-business\/","https:\/\/www.trustpilot.com\/review\/talkpal.ai","https:\/\/www.capterra.com\/p\/10006800\/TalkPal\/"],"description":"Talkpal is a language learning web and mobile education app, powered by the latest AI technologies, that provides engaging experiences to its customers in many different languages to help them improve their language skills. Users can chat about unlimited amount of topics with the app and use other modes to practice their language learning.","email":"support@talkpal.ai","legalName":"Talkpal, Inc.","foundingDate":"2023-04-03","duns":"118989042","numberOfEmployees":{"@type":"QuantitativeValue","minValue":"11","maxValue":"50"},"publishingPrinciples":"https:\/\/talkpal.ai\/publishing-principles\/","actionableFeedbackPolicy":"https:\/\/talkpal.ai\/actionable-feedback-policy\/","correctionsPolicy":"https:\/\/talkpal.ai\/corrections-policy\/","ethicsPolicy":"https:\/\/talkpal.ai\/ethics-policy\/","diversityPolicy":"https:\/\/talkpal.ai\/diversity-policy\/","diversityStaffingReport":"https:\/\/talkpal.ai\/diversity-policy\/"}]}},"_links":{"self":[{"href":"https:\/\/talkpal.ai\/ro\/wp-json\/wp\/v2\/pages\/133972","targetHints":{"allow":["GET"]}}],"collection":[{"href":"https:\/\/talkpal.ai\/ro\/wp-json\/wp\/v2\/pages"}],"about":[{"href":"https:\/\/talkpal.ai\/ro\/wp-json\/wp\/v2\/types\/page"}],"author":[{"embeddable":true,"href":"https:\/\/talkpal.ai\/ro\/wp-json\/wp\/v2\/users\/6"}],"replies":[{"embeddable":true,"href":"https:\/\/talkpal.ai\/ro\/wp-json\/wp\/v2\/comments?post=133972"}],"version-history":[{"count":0,"href":"https:\/\/talkpal.ai\/ro\/wp-json\/wp\/v2\/pages\/133972\/revisions"}],"wp:featuredmedia":[{"embeddable":true,"href":"https:\/\/talkpal.ai\/ro\/wp-json\/wp\/v2\/media\/106781"}],"wp:attachment":[{"href":"https:\/\/talkpal.ai\/ro\/wp-json\/wp\/v2\/media?parent=133972"}],"curies":[{"name":"wp","href":"https:\/\/api.w.org\/{rel}","templated":true}]}}