{"id":133190,"date":"2023-06-16T09:41:10","date_gmt":"2023-06-16T09:41:10","guid":{"rendered":"http:\/\/talkpal.ai\/exercitii-de-gramatica-olandeza\/"},"modified":"2025-12-17T15:27:35","modified_gmt":"2025-12-17T15:27:35","slug":"exercitii-de-gramatica-olandeza","status":"publish","type":"page","link":"https:\/\/talkpal.ai\/ro\/exercitii-de-gramatica-olandeza\/","title":{"rendered":"Exerci\u021bii de gramatic\u0103 olandez\u0103"},"content":{"rendered":"\r\n\r\n\r\n<section class=\"languageChallengeSection\">\r\n    <div class=\"languageInfoWrapper\">\r\n        \r\n        <h1>Exerci\u021bii de gramatic\u0103 olandez\u0103<\/h1>\r\n        <p>Dori\u021bi s\u0103 deveni\u021bi mai \u00eencrez\u0103tori \u00een limba <a href=\"https:\/\/talkpal.ai\/learn-dutch\/\">olandez\u0103<\/a>? Practicarea exerci\u021biilor gramaticale este o modalitate excelent\u0103 de a st\u0103p\u00e2ni structura propozi\u021biilor, conjugarea verbelor \u0219i modelele unice ale limbii olandeze. \u00cencepe\u021bi s\u0103 lucra\u021bi la gramatica olandez\u0103 ast\u0103zi \u0219i urm\u0103ri\u021bi cum v\u0103 cresc abilit\u0103\u021bile \u0219i fluen\u021ba cu fiecare exerci\u021biu!\n\n<\/p>\r\n\r\n                            <a class=\"getStartedHidden\" href=\"https:\/\/app.talkpal.ai\/ro\/signup?lng=\">\u00cencepe<\/a>\r\n        \r\n    <\/div>\r\n\r\n    <figure>\r\n    <img decoding=\"async\" width=\"768\" height=\"768\" src=\"https:\/\/talkpal.ai\/wp-content\/uploads\/2023\/06\/Dutch-768x768.png\" class=\"languageImage no-lazy\" alt=\"Developing skills through language learning\" fetchpriority=\"high\" sizes=\"(max-width: 768px) 150px, 768px\" srcset=\"https:\/\/talkpal.ai\/wp-content\/uploads\/2023\/06\/Dutch-768x768.png 768w, https:\/\/talkpal.ai\/wp-content\/uploads\/2023\/06\/Dutch-300x300.png 300w\" \/>\r\n    \r\n\r\n    <\/figure>\r\n\r\n            <a class=\"getStartedVisible\" href=\"https:\/\/app.talkpal.ai\/ro\/signup?lng=\">\u00cencepe<\/a>\r\n    \r\n<\/section>\r\n\r\n\r\n<!-- <section class=\"grammarSection\">\r\n    <div class=\"grammarLinks\">\r\n            <\/div>\r\n<\/section> -->\r\n\r\n\r\n\r\n\r\n<section class=\"promotionalBanner\">\r\n    <p class=\"promotionalText\">Cel mai eficient mod de a \u00eenv\u0103\u021ba o limb\u0103<\/p>\r\n    <a class=\"promotionalLink\" href=\"https:\/\/app.talkpal.ai\/ro\/signup?lng=\">\u00cencerca\u021bi Talkpal gratuit<\/a>\r\n<\/section>\n<div class=\"wp-block-group pageContainerStyle\"><div class=\"wp-block-group__inner-container is-layout-constrained wp-block-group-is-layout-constrained\">\n<h2 class=\"wp-block-heading\" id=\"h-dutch-grammar-topics\">Subiecte de gramatic\u0103 olandez\u0103<\/h2>\n\n\n\n<p>\u00cenv\u0103\u021barea limbii olandeze poate fi o experien\u021b\u0103 interesant\u0103 \u0219i plin\u0103 de satisfac\u021bii, deoarece deschide u\u0219a c\u0103tre o cultur\u0103 bogat\u0103, istorie \u0219i oportunit\u0103\u021bi de cre\u0219tere personal\u0103 \u0219i profesional\u0103. Limba olandez\u0103, de\u0219i str\u00e2ns legat\u0103 de <a href=\"https:\/\/talkpal.ai\/learn-english-with-ai\/\">englez\u0103<\/a> \u0219i german\u0103, are propriile reguli \u0219i structuri gramaticale unice, care pot p\u0103rea provocatoare la \u00eenceput. Cu toate acestea, cu dedicare \u0219i abordarea corect\u0103, pute\u021bi st\u0103p\u00e2ni limba olandez\u0103 \u0219i pute\u021bi comunica fluent cu vorbitorii nativi. \u00cen acest ghid, vom explora c\u00e2teva subiecte esen\u021biale de <a href=\"https:\/\/talkpal.ai\/grammar\/\">gramatic\u0103<\/a> olandez\u0103, grupate \u00eentr-o secven\u021b\u0103 care v\u0103 va ajuta s\u0103 \u00eenv\u0103\u021ba\u021bi limba \u00eentr-un mod sistematic \u0219i eficient.<\/p>\n\n\n\n<h3 class=\"wp-block-heading\" id=\"h-1-nouns-and-articles\">1. Substantive \u0219i articole:<\/h3>\n\n\n\n<p>\u00cencepe\u021bi prin a v\u0103 familiariza cu substantivele olandeze \u0219i clasificarea lor de gen (comun\u0103 \u0219i neutr\u0103). Afla\u021bi articolele definite \u0219i nedefinite care le \u00eenso\u021besc, precum \u0219i formele de plural \u0219i termina\u021biile diminutive.<\/p>\n\n\n\n<h3 class=\"wp-block-heading\" id=\"h-2-adjectives\">2. Adjective:<\/h3>\n\n\n\n<p>Apoi, studia\u021bi regulile pentru acordul adjectival cu substantivele \u00een ceea ce prive\u0219te genul, num\u0103rul \u0219i prezen\u021ba articolelor definite. Afla\u021bi cum sunt flexionate adjectivele pe baza acestor factori \u0219i cum s\u0103 utiliza\u021bi <a href=\"https:\/\/talkpal.ai\/hi\/grammar_exercises\/forme-comparative-%e0%a4%87%e0%a4%a4%e0%a4%be%e0%a4%b2%e0%a4%b5%e0%a5%80-%e0%a4%b5%e0%a5%8d%e0%a4%af%e0%a4%be%e0%a4%95%e0%a4%b0%e0%a4%a3-%e0%a4%95%e0%a5%87-%e0%a4%b2%e0%a4%bf%e0%a4%8f-%e0%a4%b5\/\">forme comparative<\/a> \u0219i superlative.<\/p>\n\n\n\n<h3 class=\"wp-block-heading\" id=\"h-3-pronouns\">3. Pronume:<\/h3>\n\n\n\n<p>Scufunda\u021bi-v\u0103 \u00een lumea pronumelor olandeze, inclusiv pronumele personale, posesive, demonstrative, reflexive \u0219i relative. \u00cen\u021belege\u021bi cum \u00eenlocuiesc substantivele \u0219i cum sunt de acord cu ele \u00een ceea ce prive\u0219te genul \u0219i num\u0103rul.<\/p>\n\n\n\n<h3 class=\"wp-block-heading\" id=\"h-4-verbs\">4. Verbe:<\/h3>\n\n\n\n<p>Acum, concentra\u021bi-v\u0103 pe verbele olandeze \u0219i modelele lor de conjugare \u00een prezent, trecut \u0219i viitor. Afla\u021bi diferen\u021ba dintre verbele puternice, slabe \u0219i neregulate \u0219i familiariza\u021bi-v\u0103 cu regulile pentru formarea timpurilor perfecte \u0219i perfecte.<\/p>\n\n\n\n<h3 class=\"wp-block-heading\" id=\"h-5-tenses-indicative\">5. Timpuri orientative:<\/h3>\n\n\n\n<p>Studia\u021bi starea de spirit indicativ\u0103 \u00een olandez\u0103, care este folosit\u0103 pentru a exprima declara\u021bii de fapt \u0219i probabilitate. Afla\u021bi cum s\u0103 conjuga\u021bi verbele \u00een prezent, trecut \u0219i viitor \u00een aceast\u0103 dispozi\u021bie, precum \u0219i formele condi\u021bionale \u0219i imperative.<\/p>\n\n\n\n<h3 class=\"wp-block-heading\" id=\"h-6-tenses-subjunctive\">6. Timpuri conjunctive:<\/h3>\n\n\n\n<p>De\u0219i mai pu\u021bin frecvent\u0103 \u00een olandeza modern\u0103, starea conjunctiv\u0103 este esen\u021bial\u0103 pentru \u00een\u021belegerea textelor mai vechi \u0219i a limbajului formal. Afla\u021bi cum s\u0103 forma\u021bi starea de spirit conjunctiv\u0103 \u00een olandez\u0103 \u0219i c\u00e2nd s\u0103 o utiliza\u021bi.<\/p>\n\n\n\n<h3 class=\"wp-block-heading\" id=\"h-7-tense-comparison\">7. Compara\u021bie tensionat\u0103:<\/h3>\n\n\n\n<p>Dup\u0103 st\u0103p\u00e2nirea diferitelor timpuri, concentra\u021bi-v\u0103 pe \u00een\u021belegerea diferen\u021belor \u0219i asem\u0103n\u0103rilor dintre ele. Afla\u021bi cum s\u0103 utiliza\u021bi \u00een mod corespunz\u0103tor fiecare timp \u00een context \u0219i cum interac\u021bioneaz\u0103 unul cu cel\u0103lalt.<\/p>\n\n\n\n<h3 class=\"wp-block-heading\" id=\"h-8-adverbs\">8. Adverbe:<\/h3>\n\n\n\n<p>Studia\u021bi adverbele olandeze \u0219i diferitele lor func\u021bii \u00een propozi\u021bii. Afla\u021bi cum s\u0103 forma\u021bi adverbe din adjective \u0219i cum s\u0103 le utiliza\u021bi pentru a modifica verbe, adjective \u0219i alte adverbe.<\/p>\n\n\n\n<h3 class=\"wp-block-heading\" id=\"h-9-prepositions\">9. Prepozi\u021bii:<\/h3>\n\n\n\n<p>Dezvolta\u021bi o \u00een\u021belegere puternic\u0103 a prepozi\u021biilor olandeze \u0219i a utiliz\u0103rii lor cu substantive, pronume \u0219i verbe. Afla\u021bi cum exprim\u0103 rela\u021biile \u00een timp, spa\u021biu \u0219i alte contexte.<\/p>\n\n\n\n<h3 class=\"wp-block-heading\" id=\"h-10-sentence-structure\">10. Structura propozi\u021biei:<\/h3>\n\n\n\n<p>\u00cen cele din urm\u0103, aduce\u021bi totul \u00eempreun\u0103 studiind structura propozi\u021biei olandeze \u0219i ordinea cuvintelor. Afla\u021bi regulile pentru construirea propozi\u021biilor simple \u0219i complexe, inclusiv propozi\u021bii declarative, interogative, imperative \u0219i exclamative.<\/p>\n\n\n\n<p>Urm\u00e2nd aceast\u0103 secven\u021b\u0103 de subiecte gramaticale \u0219i dedic\u00e2nd timp pentru practic\u0103 \u0219i revizuire, ve\u021bi fi pe cale s\u0103 st\u0103p\u00e2ni\u021bi limba olandez\u0103. Aminti\u021bi-v\u0103, consecven\u021ba \u0219i r\u0103bdarea sunt esen\u021biale \u00een \u00eenv\u0103\u021barea oric\u0103rei limbi noi. Mult noroc \u0219i bucura\u021bi-v\u0103 de c\u0103l\u0103torie!<\/p>\n<\/div><\/div>\n\r\n<section class=\"learnNavigationSection\">\r\n            \r\n        <a href=\"https:\/\/talkpal.ai\/ro\/invata-olandeza\/\">\r\n            <div class=\"learnNavigationWrapper\">\r\n                <div class=\"learnNavigationContent\">\r\n                    <img decoding=\"async\" src=\"https:\/\/talkpal.ai\/wp-content\/uploads\/2024\/08\/Dutch.jpg\" alt=\"Netherlands Flag\">\r\n                    <div>\r\n                        <h4>Despre Dutch Learning<\/h4>\r\n                        <p>Afla\u021bi totul despre gramatica olandez\u0103.<\/p>\r\n                    <\/div>\r\n                <\/div>\r\n            <\/div>\r\n        <\/a>\r\n\r\n        \r\n        <a href=\"https:\/\/talkpal.ai\/ro\/gramatica-olandeza\/\">\r\n            <div class=\"learnNavigationWrapper\">\r\n                <div class=\"learnNavigationContent\">\r\n                    <img decoding=\"async\" src=\"https:\/\/talkpal.ai\/wp-content\/uploads\/2024\/08\/Dutch.jpg\" alt=\"Netherlands Flag\">\r\n                    <div>\r\n                        <h4>Lec\u021bii de gramatic\u0103 olandez\u0103<\/h4>\r\n                        <p>Exersa\u021bi gramatica olandez\u0103.<\/p>\r\n                    <\/div>\r\n                <\/div>\r\n            <\/div>\r\n        <\/a>\r\n\r\n        \r\n        <a href=\"https:\/\/talkpal.ai\/vocabulary_language\/dutch\/\">\r\n            <div class=\"learnNavigationWrapper\">\r\n                <div class=\"learnNavigationContent\">\r\n                    <img decoding=\"async\" src=\"https:\/\/talkpal.ai\/wp-content\/uploads\/2024\/08\/Dutch.jpg\" alt=\"Netherlands Flag\">\r\n                    <div>\r\n                        <h4>Vocabularul olandez<\/h4>\r\n                        <p>Extinde\u021bi-v\u0103 vocabularul olandez.<\/p>\r\n                    <\/div>\r\n                <\/div>\r\n            <\/div>\r\n        <\/a>\r\n\r\n            <\/section>","protected":false},"excerpt":{"rendered":"<p>Subiecte de gramatic\u0103 olandez\u0103 \u00cenv\u0103\u021barea limbii olandeze poate fi o experien\u021b\u0103 interesant\u0103 \u0219i plin\u0103 de satisfac\u021bii, deoarece deschide u\u0219a c\u0103tre o cultur\u0103 bogat\u0103, istorie \u0219i oportunit\u0103\u021bi de cre\u0219tere personal\u0103 \u0219i profesional\u0103. Limba olandez\u0103, de\u0219i str\u00e2ns legat\u0103 de englez\u0103 \u0219i german\u0103, are propriile reguli \u0219i structuri gramaticale unice, care pot p\u0103rea provocatoare la \u00eenceput. Cu toate [&hellip;]<\/p>\n","protected":false},"author":6,"featured_media":106478,"parent":0,"menu_order":0,"comment_status":"closed","ping_status":"closed","template":"LearningContentPage.php","meta":{"_acf_changed":false,"footnotes":""},"class_list":["post-133190","page","type-page","status-publish","has-post-thumbnail","hentry"],"acf":[],"yoast_head":"<!-- This site is optimized with the Yoast SEO Premium plugin v27.2 (Yoast SEO v27.2) - https:\/\/yoast.com\/product\/yoast-seo-premium-wordpress\/ -->\n<title>Exerci\u021bii de gramatic\u0103 olandez\u0103 - Talkpal<\/title>\n<meta name=\"description\" content=\"\u00cembun\u0103t\u0103\u021be\u0219te-\u021bi competen\u021bele lingvistice cu exerci\u021bii interactive de gramatic\u0103 olandez\u0103 de la Talkpal, tutorele t\u0103u lingvistic cu inteligen\u021b\u0103 artificial\u0103.\" \/>\n<meta name=\"robots\" content=\"index, follow, max-snippet:-1, max-image-preview:large, max-video-preview:-1\" \/>\n<link rel=\"canonical\" href=\"https:\/\/talkpal.ai\/ro\/exercitii-de-gramatica-olandeza\/\" \/>\n<meta property=\"og:locale\" content=\"ro_RO\" \/>\n<meta property=\"og:type\" content=\"article\" \/>\n<meta property=\"og:title\" content=\"Exerci\u021bii de gramatic\u0103 olandez\u0103\" \/>\n<meta property=\"og:description\" content=\"Subiecte de gramatic\u0103 olandez\u0103 \u00cenv\u0103\u021barea limbii olandeze poate fi o experien\u021b\u0103 interesant\u0103 \u0219i plin\u0103 de satisfac\u021bii, deoarece deschide u\u0219a c\u0103tre o cultur\u0103\" \/>\n<meta property=\"og:url\" content=\"https:\/\/talkpal.ai\/ro\/exercitii-de-gramatica-olandeza\/\" \/>\n<meta property=\"og:site_name\" content=\"Talkpal\" \/>\n<meta property=\"article:publisher\" content=\"https:\/\/www.facebook.com\/profile.php?id=100090733639311\" \/>\n<meta property=\"article:modified_time\" content=\"2025-12-17T15:27:35+00:00\" \/>\n<meta property=\"og:image\" content=\"https:\/\/talkpal.ai\/wp-content\/uploads\/2023\/04\/netherlands-dutch.png\" \/>\n\t<meta property=\"og:image:width\" content=\"512\" \/>\n\t<meta property=\"og:image:height\" content=\"512\" \/>\n\t<meta property=\"og:image:type\" content=\"image\/png\" \/>\n<meta name=\"twitter:card\" content=\"summary_large_image\" \/>\n<meta name=\"twitter:site\" content=\"@talkpalai\" \/>\n<meta name=\"twitter:label1\" content=\"Timp estimat pentru citire\" \/>\n\t<meta name=\"twitter:data1\" content=\"3 minute\" \/>\n<script type=\"application\/ld+json\" class=\"yoast-schema-graph\">{\"@context\":\"https:\/\/schema.org\",\"@graph\":[{\"@type\":\"WebPage\",\"@id\":\"https:\/\/talkpal.ai\/ro\/exercitii-de-gramatica-olandeza\/\",\"url\":\"https:\/\/talkpal.ai\/ro\/exercitii-de-gramatica-olandeza\/\",\"name\":\"Exerci\u021bii de gramatic\u0103 olandez\u0103 - Talkpal\",\"isPartOf\":{\"@id\":\"https:\/\/talkpal.ai\/ro\/#website\"},\"primaryImageOfPage\":{\"@id\":\"https:\/\/talkpal.ai\/ro\/exercitii-de-gramatica-olandeza\/#primaryimage\"},\"image\":{\"@id\":\"https:\/\/talkpal.ai\/ro\/exercitii-de-gramatica-olandeza\/#primaryimage\"},\"thumbnailUrl\":\"https:\/\/talkpal.ai\/wp-content\/uploads\/2023\/04\/netherlands-dutch.png\",\"datePublished\":\"2023-06-16T09:41:10+00:00\",\"dateModified\":\"2025-12-17T15:27:35+00:00\",\"description\":\"\u00cembun\u0103t\u0103\u021be\u0219te-\u021bi competen\u021bele lingvistice cu exerci\u021bii interactive de gramatic\u0103 olandez\u0103 de la Talkpal, tutorele t\u0103u lingvistic cu inteligen\u021b\u0103 artificial\u0103.\",\"breadcrumb\":{\"@id\":\"https:\/\/talkpal.ai\/ro\/exercitii-de-gramatica-olandeza\/#breadcrumb\"},\"inLanguage\":\"ro-RO\",\"potentialAction\":[{\"@type\":\"ReadAction\",\"target\":[\"https:\/\/talkpal.ai\/ro\/exercitii-de-gramatica-olandeza\/\"]}]},{\"@type\":\"ImageObject\",\"inLanguage\":\"ro-RO\",\"@id\":\"https:\/\/talkpal.ai\/ro\/exercitii-de-gramatica-olandeza\/#primaryimage\",\"url\":\"https:\/\/talkpal.ai\/wp-content\/uploads\/2023\/04\/netherlands-dutch.png\",\"contentUrl\":\"https:\/\/talkpal.ai\/wp-content\/uploads\/2023\/04\/netherlands-dutch.png\",\"width\":512,\"height\":512},{\"@type\":\"BreadcrumbList\",\"@id\":\"https:\/\/talkpal.ai\/ro\/exercitii-de-gramatica-olandeza\/#breadcrumb\",\"itemListElement\":[{\"@type\":\"ListItem\",\"position\":1,\"name\":\"Homepage\",\"item\":\"https:\/\/talkpal.ai\/ro\/\"},{\"@type\":\"ListItem\",\"position\":2,\"name\":\"Exerci\u021bii de gramatic\u0103 olandez\u0103\"}]},{\"@type\":\"WebSite\",\"@id\":\"https:\/\/talkpal.ai\/ro\/#website\",\"url\":\"https:\/\/talkpal.ai\/ro\/\",\"name\":\"Talkpal\",\"description\":\"AI Language Learning\",\"publisher\":{\"@id\":\"https:\/\/talkpal.ai\/ro\/#organization\"},\"alternateName\":\"Talkpal AI\",\"potentialAction\":[{\"@type\":\"SearchAction\",\"target\":{\"@type\":\"EntryPoint\",\"urlTemplate\":\"https:\/\/talkpal.ai\/ro\/?s={search_term_string}\"},\"query-input\":{\"@type\":\"PropertyValueSpecification\",\"valueRequired\":true,\"valueName\":\"search_term_string\"}}],\"inLanguage\":\"ro-RO\"},{\"@type\":\"Organization\",\"@id\":\"https:\/\/talkpal.ai\/ro\/#organization\",\"name\":\"Talkpal, Inc.\",\"alternateName\":\"Talkpal AI\",\"url\":\"https:\/\/talkpal.ai\/ro\/\",\"logo\":{\"@type\":\"ImageObject\",\"inLanguage\":\"ro-RO\",\"@id\":\"https:\/\/talkpal.ai\/ro\/#\/schema\/logo\/image\/\",\"url\":\"https:\/\/talkpal.ai\/wp-content\/uploads\/2024\/03\/Talkpal-Logo-Icon.png\",\"contentUrl\":\"https:\/\/talkpal.ai\/wp-content\/uploads\/2024\/03\/Talkpal-Logo-Icon.png\",\"width\":2880,\"height\":2880,\"caption\":\"Talkpal, Inc.\"},\"image\":{\"@id\":\"https:\/\/talkpal.ai\/ro\/#\/schema\/logo\/image\/\"},\"sameAs\":[\"https:\/\/www.facebook.com\/profile.php?id=100090733639311\",\"https:\/\/x.com\/talkpalai\",\"https:\/\/www.linkedin.com\/company\/talkpal\/\",\"https:\/\/www.youtube.com\/@TalkPal\/\",\"https:\/\/www.tiktok.com\/@talkpal\",\"https:\/\/www.instagram.com\/talkpal_ai\/\",\"https:\/\/www.crunchbase.com\/organization\/talkpal-9cde\",\"https:\/\/www.g2.com\/products\/talkpal-for-business\/\",\"https:\/\/www.trustpilot.com\/review\/talkpal.ai\",\"https:\/\/www.capterra.com\/p\/10006800\/TalkPal\/\"],\"description\":\"Talkpal is a language learning web and mobile education app, powered by the latest AI technologies, that provides engaging experiences to its customers in many different languages to help them improve their language skills. Users can chat about unlimited amount of topics with the app and use other modes to practice their language learning.\",\"email\":\"support@talkpal.ai\",\"legalName\":\"Talkpal, Inc.\",\"foundingDate\":\"2023-04-03\",\"duns\":\"118989042\",\"numberOfEmployees\":{\"@type\":\"QuantitativeValue\",\"minValue\":\"11\",\"maxValue\":\"50\"},\"publishingPrinciples\":\"https:\/\/talkpal.ai\/publishing-principles\/\",\"actionableFeedbackPolicy\":\"https:\/\/talkpal.ai\/actionable-feedback-policy\/\",\"correctionsPolicy\":\"https:\/\/talkpal.ai\/corrections-policy\/\",\"ethicsPolicy\":\"https:\/\/talkpal.ai\/ethics-policy\/\",\"diversityPolicy\":\"https:\/\/talkpal.ai\/diversity-policy\/\",\"diversityStaffingReport\":\"https:\/\/talkpal.ai\/diversity-policy\/\"}]}<\/script>\n<!-- \/ Yoast SEO Premium plugin. -->","yoast_head_json":{"title":"Exerci\u021bii de gramatic\u0103 olandez\u0103 - Talkpal","description":"\u00cembun\u0103t\u0103\u021be\u0219te-\u021bi competen\u021bele lingvistice cu exerci\u021bii interactive de gramatic\u0103 olandez\u0103 de la Talkpal, tutorele t\u0103u lingvistic cu inteligen\u021b\u0103 artificial\u0103.","robots":{"index":"index","follow":"follow","max-snippet":"max-snippet:-1","max-image-preview":"max-image-preview:large","max-video-preview":"max-video-preview:-1"},"canonical":"https:\/\/talkpal.ai\/ro\/exercitii-de-gramatica-olandeza\/","og_locale":"ro_RO","og_type":"article","og_title":"Exerci\u021bii de gramatic\u0103 olandez\u0103","og_description":"Subiecte de gramatic\u0103 olandez\u0103 \u00cenv\u0103\u021barea limbii olandeze poate fi o experien\u021b\u0103 interesant\u0103 \u0219i plin\u0103 de satisfac\u021bii, deoarece deschide u\u0219a c\u0103tre o cultur\u0103","og_url":"https:\/\/talkpal.ai\/ro\/exercitii-de-gramatica-olandeza\/","og_site_name":"Talkpal","article_publisher":"https:\/\/www.facebook.com\/profile.php?id=100090733639311","article_modified_time":"2025-12-17T15:27:35+00:00","og_image":[{"width":512,"height":512,"url":"https:\/\/talkpal.ai\/wp-content\/uploads\/2023\/04\/netherlands-dutch.png","type":"image\/png"}],"twitter_card":"summary_large_image","twitter_site":"@talkpalai","twitter_misc":{"Timp estimat pentru citire":"3 minute"},"schema":{"@context":"https:\/\/schema.org","@graph":[{"@type":"WebPage","@id":"https:\/\/talkpal.ai\/ro\/exercitii-de-gramatica-olandeza\/","url":"https:\/\/talkpal.ai\/ro\/exercitii-de-gramatica-olandeza\/","name":"Exerci\u021bii de gramatic\u0103 olandez\u0103 - Talkpal","isPartOf":{"@id":"https:\/\/talkpal.ai\/ro\/#website"},"primaryImageOfPage":{"@id":"https:\/\/talkpal.ai\/ro\/exercitii-de-gramatica-olandeza\/#primaryimage"},"image":{"@id":"https:\/\/talkpal.ai\/ro\/exercitii-de-gramatica-olandeza\/#primaryimage"},"thumbnailUrl":"https:\/\/talkpal.ai\/wp-content\/uploads\/2023\/04\/netherlands-dutch.png","datePublished":"2023-06-16T09:41:10+00:00","dateModified":"2025-12-17T15:27:35+00:00","description":"\u00cembun\u0103t\u0103\u021be\u0219te-\u021bi competen\u021bele lingvistice cu exerci\u021bii interactive de gramatic\u0103 olandez\u0103 de la Talkpal, tutorele t\u0103u lingvistic cu inteligen\u021b\u0103 artificial\u0103.","breadcrumb":{"@id":"https:\/\/talkpal.ai\/ro\/exercitii-de-gramatica-olandeza\/#breadcrumb"},"inLanguage":"ro-RO","potentialAction":[{"@type":"ReadAction","target":["https:\/\/talkpal.ai\/ro\/exercitii-de-gramatica-olandeza\/"]}]},{"@type":"ImageObject","inLanguage":"ro-RO","@id":"https:\/\/talkpal.ai\/ro\/exercitii-de-gramatica-olandeza\/#primaryimage","url":"https:\/\/talkpal.ai\/wp-content\/uploads\/2023\/04\/netherlands-dutch.png","contentUrl":"https:\/\/talkpal.ai\/wp-content\/uploads\/2023\/04\/netherlands-dutch.png","width":512,"height":512},{"@type":"BreadcrumbList","@id":"https:\/\/talkpal.ai\/ro\/exercitii-de-gramatica-olandeza\/#breadcrumb","itemListElement":[{"@type":"ListItem","position":1,"name":"Homepage","item":"https:\/\/talkpal.ai\/ro\/"},{"@type":"ListItem","position":2,"name":"Exerci\u021bii de gramatic\u0103 olandez\u0103"}]},{"@type":"WebSite","@id":"https:\/\/talkpal.ai\/ro\/#website","url":"https:\/\/talkpal.ai\/ro\/","name":"Talkpal","description":"AI Language Learning","publisher":{"@id":"https:\/\/talkpal.ai\/ro\/#organization"},"alternateName":"Talkpal AI","potentialAction":[{"@type":"SearchAction","target":{"@type":"EntryPoint","urlTemplate":"https:\/\/talkpal.ai\/ro\/?s={search_term_string}"},"query-input":{"@type":"PropertyValueSpecification","valueRequired":true,"valueName":"search_term_string"}}],"inLanguage":"ro-RO"},{"@type":"Organization","@id":"https:\/\/talkpal.ai\/ro\/#organization","name":"Talkpal, Inc.","alternateName":"Talkpal AI","url":"https:\/\/talkpal.ai\/ro\/","logo":{"@type":"ImageObject","inLanguage":"ro-RO","@id":"https:\/\/talkpal.ai\/ro\/#\/schema\/logo\/image\/","url":"https:\/\/talkpal.ai\/wp-content\/uploads\/2024\/03\/Talkpal-Logo-Icon.png","contentUrl":"https:\/\/talkpal.ai\/wp-content\/uploads\/2024\/03\/Talkpal-Logo-Icon.png","width":2880,"height":2880,"caption":"Talkpal, Inc."},"image":{"@id":"https:\/\/talkpal.ai\/ro\/#\/schema\/logo\/image\/"},"sameAs":["https:\/\/www.facebook.com\/profile.php?id=100090733639311","https:\/\/x.com\/talkpalai","https:\/\/www.linkedin.com\/company\/talkpal\/","https:\/\/www.youtube.com\/@TalkPal\/","https:\/\/www.tiktok.com\/@talkpal","https:\/\/www.instagram.com\/talkpal_ai\/","https:\/\/www.crunchbase.com\/organization\/talkpal-9cde","https:\/\/www.g2.com\/products\/talkpal-for-business\/","https:\/\/www.trustpilot.com\/review\/talkpal.ai","https:\/\/www.capterra.com\/p\/10006800\/TalkPal\/"],"description":"Talkpal is a language learning web and mobile education app, powered by the latest AI technologies, that provides engaging experiences to its customers in many different languages to help them improve their language skills. Users can chat about unlimited amount of topics with the app and use other modes to practice their language learning.","email":"support@talkpal.ai","legalName":"Talkpal, Inc.","foundingDate":"2023-04-03","duns":"118989042","numberOfEmployees":{"@type":"QuantitativeValue","minValue":"11","maxValue":"50"},"publishingPrinciples":"https:\/\/talkpal.ai\/publishing-principles\/","actionableFeedbackPolicy":"https:\/\/talkpal.ai\/actionable-feedback-policy\/","correctionsPolicy":"https:\/\/talkpal.ai\/corrections-policy\/","ethicsPolicy":"https:\/\/talkpal.ai\/ethics-policy\/","diversityPolicy":"https:\/\/talkpal.ai\/diversity-policy\/","diversityStaffingReport":"https:\/\/talkpal.ai\/diversity-policy\/"}]}},"_links":{"self":[{"href":"https:\/\/talkpal.ai\/ro\/wp-json\/wp\/v2\/pages\/133190","targetHints":{"allow":["GET"]}}],"collection":[{"href":"https:\/\/talkpal.ai\/ro\/wp-json\/wp\/v2\/pages"}],"about":[{"href":"https:\/\/talkpal.ai\/ro\/wp-json\/wp\/v2\/types\/page"}],"author":[{"embeddable":true,"href":"https:\/\/talkpal.ai\/ro\/wp-json\/wp\/v2\/users\/6"}],"replies":[{"embeddable":true,"href":"https:\/\/talkpal.ai\/ro\/wp-json\/wp\/v2\/comments?post=133190"}],"version-history":[{"count":0,"href":"https:\/\/talkpal.ai\/ro\/wp-json\/wp\/v2\/pages\/133190\/revisions"}],"wp:featuredmedia":[{"embeddable":true,"href":"https:\/\/talkpal.ai\/ro\/wp-json\/wp\/v2\/media\/106478"}],"wp:attachment":[{"href":"https:\/\/talkpal.ai\/ro\/wp-json\/wp\/v2\/media?parent=133190"}],"curies":[{"name":"wp","href":"https:\/\/api.w.org\/{rel}","templated":true}]}}