{"id":132885,"date":"2023-06-16T09:39:29","date_gmt":"2023-06-16T09:39:29","guid":{"rendered":"http:\/\/talkpal.ai\/exercitii-de-gramatica-chineza\/"},"modified":"2025-05-22T21:24:51","modified_gmt":"2025-05-22T21:24:51","slug":"exercitii-de-gramatica-chineza","status":"publish","type":"page","link":"https:\/\/talkpal.ai\/ro\/exercitii-de-gramatica-chineza\/","title":{"rendered":"Exerci\u021bii de gramatic\u0103 chinez\u0103"},"content":{"rendered":"\r\n\r\n\r\n<section class=\"languageChallengeSection\">\r\n    <div class=\"languageInfoWrapper\">\r\n        \r\n        <h1>Exerci\u021bii de gramatic\u0103 chinez\u0103<\/h1>\r\n        <p>Dori\u021bi s\u0103 v\u0103 \u00eembun\u0103t\u0103\u021bi\u021bi cuno\u0219tin\u021bele de limba chinez\u0103? Concentrarea pe exerci\u021bii gramaticale v\u0103 va ajuta s\u0103 \u00een\u021belege\u021bi structura propozi\u021biilor, s\u0103 st\u0103p\u00e2ni\u021bi modelele esen\u021biale \u0219i s\u0103 v\u0103 consolida\u021bi \u00eencrederea \u00een conversa\u021biile de zi cu zi. \u00cencepe\u021bi s\u0103 practica\u021bi <a href=\"https:\/\/talkpal.ai\/chinese-grammar\/\">gramatica chinez\u0103<\/a> ast\u0103zi \u0219i face\u021bi pa\u0219i siguri spre fluen\u021b\u0103 cu fiecare exerci\u021biu!<\/p>\r\n\r\n                            <a class=\"getStartedHidden\" href=\"https:\/\/app.talkpal.ai\/ro\/signup?lng=\">\u00cencepe<\/a>\r\n        \r\n    <\/div>\r\n\r\n    <figure>\r\n    <img decoding=\"async\" width=\"768\" height=\"768\" src=\"https:\/\/talkpal.ai\/wp-content\/uploads\/2023\/06\/chinese-768x768.png\" class=\"languageImage no-lazy\" alt=\"Language learning for flexible communication\" fetchpriority=\"high\" sizes=\"(max-width: 768px) 150px, 768px\" srcset=\"https:\/\/talkpal.ai\/wp-content\/uploads\/2023\/06\/chinese-768x768.png 768w, https:\/\/talkpal.ai\/wp-content\/uploads\/2023\/06\/chinese-300x300.png 300w\" \/>\r\n    \r\n\r\n    <\/figure>\r\n\r\n            <a class=\"getStartedVisible\" href=\"https:\/\/app.talkpal.ai\/ro\/signup?lng=\">\u00cencepe<\/a>\r\n    \r\n<\/section>\r\n\r\n\r\n<!-- <section class=\"grammarSection\">\r\n    <div class=\"grammarLinks\">\r\n            <\/div>\r\n<\/section> -->\r\n\r\n\r\n\r\n\r\n<section class=\"promotionalBanner\">\r\n    <p class=\"promotionalText\">Cel mai eficient mod de a \u00eenv\u0103\u021ba o limb\u0103<\/p>\r\n    <a class=\"promotionalLink\" href=\"https:\/\/app.talkpal.ai\/ro\/signup?lng=\">\u00cencerca\u021bi Talkpal gratuit<\/a>\r\n<\/section>\n<div class=\"wp-block-group pageContainerStyle\"><div class=\"wp-block-group__inner-container is-layout-constrained wp-block-group-is-layout-constrained\">\n<h2 class=\"wp-block-heading\" id=\"h-chinese-grammar-topics\">Subiecte de gramatic\u0103 chinez\u0103<\/h2>\n\n\n\n<p><a href=\"https:\/\/talkpal.ai\/chinese-grammar\/\">Gramatica chinez\u0103<\/a> poate p\u0103rea intimidant\u0103 la \u00eenceput, dar este esen\u021bial\u0103 pentru st\u0103p\u00e2nirea limbii. Cu sistemul s\u0103u unic de caractere \u0219i natura tonal\u0103, gramatica chinez\u0103 urmeaz\u0103 un set diferit de reguli dec\u00e2t limbi precum engleza. \u00cenv\u0103\u021barea acestor reguli \u00een ordinea corect\u0103 v\u0103 va ajuta s\u0103 progresa\u021bi mai eficient \u00een studiile lingvistice. Urm\u0103toarele subiecte vor fi discutate \u00een ordinea de \u00eenv\u0103\u021bare recomandat\u0103: timpuri, verbe, substantive, articole, pronume, adjective, adverbe, prepozi\u021bii \u0219i structura propozi\u021biei. Acest ghid va oferi scurte explica\u021bii ale fiec\u0103rui subiect pentru a v\u0103 ajuta s\u0103 \u00een\u021belege\u021bi mai bine func\u021biile lor \u00een limba chinez\u0103.<\/p>\n\n\n\n<h3 class=\"wp-block-heading\" id=\"h-1-tenses\">1. Timpuri:<\/h3>\n\n\n\n<p>Spre deosebire de <a href=\"https:\/\/talkpal.ai\/learn-english-with-ai\/\">englez\u0103<\/a>, chineza nu are conjug\u0103ri complexe ale verbelor pentru a indica timpul. \u00cen schimb, folose\u0219te cuvinte de timp sau particule pentru a ar\u0103ta c\u00e2nd are loc o ac\u021biune. Pentru a exprima ac\u021biuni trecute, prezente sau viitoare, ar trebui s\u0103 v\u0103 familiariza\u021bi mai \u00eent\u00e2i cu cuvinte comune de timp, cum ar fi &#8222;ieri&#8221;, &#8222;ast\u0103zi&#8221; \u0219i &#8222;m\u00e2ine&#8221;.<\/p>\n\n\n\n<h3 class=\"wp-block-heading\" id=\"h-2-verbs\">2. Verbe:<\/h3>\n\n\n\n<p>Odat\u0103 ce \u00een\u021belege\u021bi timpurile, este esen\u021bial s\u0103 \u00eenv\u0103\u021ba\u021bi verbele de baz\u0103 \u00een chinez\u0103. Verbele sunt cruciale, deoarece exprim\u0103 ac\u021biuni \u0219i st\u0103ri \u0219i r\u0103m\u00e2n adesea neschimbate la diferite timpuri. Concentra\u021bi-v\u0103 pe \u00eenv\u0103\u021barea celor mai comune verbe \u0219i utilizarea lor adecvat\u0103.<\/p>\n\n\n\n<h3 class=\"wp-block-heading\" id=\"h-3-nouns\">3. Substantive:<\/h3>\n\n\n\n<p>Substantivele sunt blocurile de construc\u021bie ale unei limbi, reprezent\u00e2nd oameni, locuri, lucruri sau idei. \u00cen chinez\u0103, substantivele sunt \u00een general simple \u0219i pute\u021bi \u00eencepe prin a le \u00eenv\u0103\u021ba pe cele mai comune \u0219i utile pentru a v\u0103 extinde vocabularul.<\/p>\n\n\n\n<h3 class=\"wp-block-heading\" id=\"h-4-articles\">4. Articole:<\/h3>\n\n\n\n<p>Chineza nu are articole precum &#8222;a&#8221; sau &#8222;the&#8221; \u00een englez\u0103. Cu toate acestea, exist\u0103 cuvinte de m\u0103sur\u0103 care \u00eenso\u021besc substantivele pentru a indica cantitatea. Aceste cuvinte de m\u0103sur\u0103 sunt esen\u021biale atunci c\u00e2nd se discut\u0103 cantit\u0103\u021bi sau numere de elemente specifice.<\/p>\n\n\n\n<h3 class=\"wp-block-heading\" id=\"h-5-pronouns\">5. Pronume:<\/h3>\n\n\n\n<p>Pronumele sunt folosite pentru a \u00eenlocui substantivele \u00eentr-o propozi\u021bie \u0219i sunt cruciale pentru evitarea repet\u0103rii. \u00cen chinez\u0103, pronumele se schimb\u0103 \u00een func\u021bie de func\u021bia lor \u00eentr-o propozi\u021bie, cum ar fi subiect, obiect sau posesiv. Afla\u021bi diferitele pronume \u0219i utilizarea corect\u0103 a acestora pentru a v\u0103 \u00eembun\u0103t\u0103\u021bi construc\u021bia propozi\u021biei.<\/p>\n\n\n\n<h3 class=\"wp-block-heading\" id=\"h-6-adjectives\">6. Adjective:<\/h3>\n\n\n\n<p>Adjectivele sunt folosite pentru a descrie sau modifica substantive \u0219i joac\u0103 un rol semnificativ \u00een a face propozi\u021biile mai expresive \u0219i mai captivante. Afla\u021bi cele mai frecvente adjective \u0219i plasarea lor \u00een raport cu substantivul \u00eentr-o propozi\u021bie.<\/p>\n\n\n\n<h3 class=\"wp-block-heading\" id=\"h-7-adverbs\">7. Adverbe:<\/h3>\n\n\n\n<p>Adverbele sunt esen\u021biale pentru furnizarea de informa\u021bii suplimentare despre verbe, adjective sau alte adverbe. Ele pot descrie cum, c\u00e2nd sau unde are loc o ac\u021biune. Familiariza\u021bi-v\u0103 cu adverbele comune \u0219i utilizarea lor pentru a v\u0103 \u00eembun\u0103t\u0103\u021bi abilit\u0103\u021bile descriptive.<\/p>\n\n\n\n<h3 class=\"wp-block-heading\" id=\"h-8-prepositions\">8. Prepozi\u021bii:<\/h3>\n\n\n\n<p>Prepozi\u021biile sunt folosite pentru a indica rela\u021bia dintre substantive sau pronume \u00eentr-o propozi\u021bie. Ele exprim\u0103 adesea rela\u021bii spa\u021biale sau temporale, cum ar fi &#8222;\u00een&#8221;, &#8222;pe&#8221; sau &#8222;la&#8221;. \u00cenv\u0103\u021barea celor mai comune prepozi\u021bii \u0219i utilizarea corect\u0103 a acestora v\u0103 va \u00eembun\u0103t\u0103\u021bi considerabil structura propozi\u021biei.<\/p>\n\n\n\n<h3 class=\"wp-block-heading\" id=\"h-9-sentence-structure\">9. Structura propozi\u021biei:<\/h3>\n\n\n\n<p>\u00cen cele din urm\u0103, \u00een\u021belegerea structurii propozi\u021biei chineze este cheia form\u0103rii unor propozi\u021bii coerente \u0219i corecte din punct de vedere gramatical. Chineza urmeaz\u0103 o structur\u0103 subiect-verb-obiect (SVO), similar\u0103 cu engleza. Cu toate acestea, exist\u0103 diferen\u021be \u00een ordinea cuvintelor \u0219i plasarea diferitelor elemente gramaticale. Afla\u021bi modelele de baz\u0103 ale propozi\u021biilor \u0219i exersa\u021bi construirea propozi\u021biilor cu elementele <a href=\"https:\/\/talkpal.ai\/culture\/how-do-i-use-pe-care-correctly\/\">pe care<\/a> le-a\u021bi \u00eenv\u0103\u021bat, cum ar fi timpurile, verbele, substantivele, pronumele, adjectivele, adverbele \u0219i prepozi\u021biile.<\/p>\n\n\n\n<p>Urm\u00e2nd aceast\u0103 secven\u021b\u0103 \u0219i concentr\u00e2ndu-v\u0103 pe fiecare subiect, ve\u021bi dezvolta o baz\u0103 solid\u0103 \u00een gramatica chinez\u0103 \u0219i ve\u021bi fi pe drumul cel bun spre fluen\u021b\u0103 \u00een limb\u0103.<\/p>\n<\/div><\/div>\n\r\n<section class=\"learnNavigationSection\">\r\n            \r\n        <a href=\"https:\/\/talkpal.ai\/ro\/invata-chineza\/\">\r\n            <div class=\"learnNavigationWrapper\">\r\n                <div class=\"learnNavigationContent\">\r\n                    <img decoding=\"async\" src=\"https:\/\/talkpal.ai\/wp-content\/uploads\/2024\/08\/Chinese.jpg\" alt=\"Chinese Flag\u00a0\">\r\n                    <div>\r\n                        <h4>Despre \u00eenv\u0103\u021barea chinez\u0103<\/h4>\r\n                        <p>Afla\u021bi totul despre gramatica chinez\u0103.<\/p>\r\n                    <\/div>\r\n                <\/div>\r\n            <\/div>\r\n        <\/a>\r\n\r\n        \r\n        <a href=\"https:\/\/talkpal.ai\/ro\/gramatica-chineza\/\">\r\n            <div class=\"learnNavigationWrapper\">\r\n                <div class=\"learnNavigationContent\">\r\n                    <img decoding=\"async\" src=\"https:\/\/talkpal.ai\/wp-content\/uploads\/2024\/08\/Chinese.jpg\" alt=\"Chinese Flag\u00a0\">\r\n                    <div>\r\n                        <h4>Lec\u021bii de gramatic\u0103 chinez\u0103<\/h4>\r\n                        <p>Exersa\u021bi gramatica chinez\u0103.<\/p>\r\n                    <\/div>\r\n                <\/div>\r\n            <\/div>\r\n        <\/a>\r\n\r\n        \r\n        <a href=\"https:\/\/talkpal.ai\/vocabulary_language\/chinese\/\">\r\n            <div class=\"learnNavigationWrapper\">\r\n                <div class=\"learnNavigationContent\">\r\n                    <img decoding=\"async\" src=\"https:\/\/talkpal.ai\/wp-content\/uploads\/2024\/08\/Chinese.jpg\" alt=\"Chinese Flag\u00a0\">\r\n                    <div>\r\n                        <h4>Vocabularul chinezesc<\/h4>\r\n                        <p>Extinde\u021bi-v\u0103 vocabularul chinezesc.<\/p>\r\n                    <\/div>\r\n                <\/div>\r\n            <\/div>\r\n        <\/a>\r\n\r\n            <\/section>","protected":false},"excerpt":{"rendered":"<p>Subiecte de gramatic\u0103 chinez\u0103 Gramatica chinez\u0103 poate p\u0103rea intimidant\u0103 la \u00eenceput, dar este esen\u021bial\u0103 pentru st\u0103p\u00e2nirea limbii. Cu sistemul s\u0103u unic de caractere \u0219i natura tonal\u0103, gramatica chinez\u0103 urmeaz\u0103 un set diferit de reguli dec\u00e2t limbi precum engleza. \u00cenv\u0103\u021barea acestor reguli \u00een ordinea corect\u0103 v\u0103 va ajuta s\u0103 progresa\u021bi mai eficient \u00een studiile lingvistice. Urm\u0103toarele [&hellip;]<\/p>\n","protected":false},"author":6,"featured_media":106152,"parent":0,"menu_order":0,"comment_status":"closed","ping_status":"closed","template":"LearningContentPage.php","meta":{"_acf_changed":false,"footnotes":""},"class_list":["post-132885","page","type-page","status-publish","has-post-thumbnail","hentry"],"acf":[],"yoast_head":"<!-- This site is optimized with the Yoast SEO Premium plugin v27.2 (Yoast SEO v27.2) - https:\/\/yoast.com\/product\/yoast-seo-premium-wordpress\/ -->\n<title>Exerci\u021bii de gramatic\u0103 chinez\u0103 - Talkpal<\/title>\n<meta name=\"description\" content=\"St\u0103p\u00e2ne\u0219te gramatica chinez\u0103 cu ajutorul ghidului nostru cuprinz\u0103tor care acoper\u0103 timpurile, verbele \u0219i multe altele pentru a-\u021bi \u00eembun\u0103t\u0103\u021bi competen\u021bele lingvistice.\" \/>\n<meta name=\"robots\" content=\"index, follow, max-snippet:-1, max-image-preview:large, max-video-preview:-1\" \/>\n<link rel=\"canonical\" href=\"https:\/\/talkpal.ai\/ro\/exercitii-de-gramatica-chineza\/\" \/>\n<meta property=\"og:locale\" content=\"ro_RO\" \/>\n<meta property=\"og:type\" content=\"article\" \/>\n<meta property=\"og:title\" content=\"Exerci\u021bii de gramatic\u0103 chinez\u0103\" \/>\n<meta property=\"og:description\" content=\"Subiecte de gramatic\u0103 chinez\u0103 Gramatica chinez\u0103 poate p\u0103rea intimidant\u0103 la \u00eenceput, dar este esen\u021bial\u0103 pentru st\u0103p\u00e2nirea limbii. Cu sistemul s\u0103u unic de\" \/>\n<meta property=\"og:url\" content=\"https:\/\/talkpal.ai\/ro\/exercitii-de-gramatica-chineza\/\" \/>\n<meta property=\"og:site_name\" content=\"Talkpal\" \/>\n<meta property=\"article:publisher\" content=\"https:\/\/www.facebook.com\/profile.php?id=100090733639311\" \/>\n<meta property=\"article:modified_time\" content=\"2025-05-22T21:24:51+00:00\" \/>\n<meta property=\"og:image\" content=\"https:\/\/talkpal.ai\/wp-content\/uploads\/2023\/04\/china.png\" \/>\n\t<meta property=\"og:image:width\" content=\"512\" \/>\n\t<meta property=\"og:image:height\" content=\"512\" \/>\n\t<meta property=\"og:image:type\" content=\"image\/png\" \/>\n<meta name=\"twitter:card\" content=\"summary_large_image\" \/>\n<meta name=\"twitter:site\" content=\"@talkpalai\" \/>\n<meta name=\"twitter:label1\" content=\"Timp estimat pentru citire\" \/>\n\t<meta name=\"twitter:data1\" content=\"3 minute\" \/>\n<script type=\"application\/ld+json\" class=\"yoast-schema-graph\">{\"@context\":\"https:\/\/schema.org\",\"@graph\":[{\"@type\":\"WebPage\",\"@id\":\"https:\/\/talkpal.ai\/ro\/exercitii-de-gramatica-chineza\/\",\"url\":\"https:\/\/talkpal.ai\/ro\/exercitii-de-gramatica-chineza\/\",\"name\":\"Exerci\u021bii de gramatic\u0103 chinez\u0103 - Talkpal\",\"isPartOf\":{\"@id\":\"https:\/\/talkpal.ai\/ro\/#website\"},\"primaryImageOfPage\":{\"@id\":\"https:\/\/talkpal.ai\/ro\/exercitii-de-gramatica-chineza\/#primaryimage\"},\"image\":{\"@id\":\"https:\/\/talkpal.ai\/ro\/exercitii-de-gramatica-chineza\/#primaryimage\"},\"thumbnailUrl\":\"https:\/\/talkpal.ai\/wp-content\/uploads\/2023\/04\/china.png\",\"datePublished\":\"2023-06-16T09:39:29+00:00\",\"dateModified\":\"2025-05-22T21:24:51+00:00\",\"description\":\"St\u0103p\u00e2ne\u0219te gramatica chinez\u0103 cu ajutorul ghidului nostru cuprinz\u0103tor care acoper\u0103 timpurile, verbele \u0219i multe altele pentru a-\u021bi \u00eembun\u0103t\u0103\u021bi competen\u021bele lingvistice.\",\"breadcrumb\":{\"@id\":\"https:\/\/talkpal.ai\/ro\/exercitii-de-gramatica-chineza\/#breadcrumb\"},\"inLanguage\":\"ro-RO\",\"potentialAction\":[{\"@type\":\"ReadAction\",\"target\":[\"https:\/\/talkpal.ai\/ro\/exercitii-de-gramatica-chineza\/\"]}]},{\"@type\":\"ImageObject\",\"inLanguage\":\"ro-RO\",\"@id\":\"https:\/\/talkpal.ai\/ro\/exercitii-de-gramatica-chineza\/#primaryimage\",\"url\":\"https:\/\/talkpal.ai\/wp-content\/uploads\/2023\/04\/china.png\",\"contentUrl\":\"https:\/\/talkpal.ai\/wp-content\/uploads\/2023\/04\/china.png\",\"width\":512,\"height\":512},{\"@type\":\"BreadcrumbList\",\"@id\":\"https:\/\/talkpal.ai\/ro\/exercitii-de-gramatica-chineza\/#breadcrumb\",\"itemListElement\":[{\"@type\":\"ListItem\",\"position\":1,\"name\":\"Homepage\",\"item\":\"https:\/\/talkpal.ai\/ro\/\"},{\"@type\":\"ListItem\",\"position\":2,\"name\":\"Exerci\u021bii de gramatic\u0103 chinez\u0103\"}]},{\"@type\":\"WebSite\",\"@id\":\"https:\/\/talkpal.ai\/ro\/#website\",\"url\":\"https:\/\/talkpal.ai\/ro\/\",\"name\":\"Talkpal\",\"description\":\"AI Language Learning\",\"publisher\":{\"@id\":\"https:\/\/talkpal.ai\/ro\/#organization\"},\"alternateName\":\"Talkpal AI\",\"potentialAction\":[{\"@type\":\"SearchAction\",\"target\":{\"@type\":\"EntryPoint\",\"urlTemplate\":\"https:\/\/talkpal.ai\/ro\/?s={search_term_string}\"},\"query-input\":{\"@type\":\"PropertyValueSpecification\",\"valueRequired\":true,\"valueName\":\"search_term_string\"}}],\"inLanguage\":\"ro-RO\"},{\"@type\":\"Organization\",\"@id\":\"https:\/\/talkpal.ai\/ro\/#organization\",\"name\":\"Talkpal, Inc.\",\"alternateName\":\"Talkpal AI\",\"url\":\"https:\/\/talkpal.ai\/ro\/\",\"logo\":{\"@type\":\"ImageObject\",\"inLanguage\":\"ro-RO\",\"@id\":\"https:\/\/talkpal.ai\/ro\/#\/schema\/logo\/image\/\",\"url\":\"https:\/\/talkpal.ai\/wp-content\/uploads\/2024\/03\/Talkpal-Logo-Icon.png\",\"contentUrl\":\"https:\/\/talkpal.ai\/wp-content\/uploads\/2024\/03\/Talkpal-Logo-Icon.png\",\"width\":2880,\"height\":2880,\"caption\":\"Talkpal, Inc.\"},\"image\":{\"@id\":\"https:\/\/talkpal.ai\/ro\/#\/schema\/logo\/image\/\"},\"sameAs\":[\"https:\/\/www.facebook.com\/profile.php?id=100090733639311\",\"https:\/\/x.com\/talkpalai\",\"https:\/\/www.linkedin.com\/company\/talkpal\/\",\"https:\/\/www.youtube.com\/@TalkPal\/\",\"https:\/\/www.tiktok.com\/@talkpal\",\"https:\/\/www.instagram.com\/talkpal_ai\/\",\"https:\/\/www.crunchbase.com\/organization\/talkpal-9cde\",\"https:\/\/www.g2.com\/products\/talkpal-for-business\/\",\"https:\/\/www.trustpilot.com\/review\/talkpal.ai\",\"https:\/\/www.capterra.com\/p\/10006800\/TalkPal\/\"],\"description\":\"Talkpal is a language learning web and mobile education app, powered by the latest AI technologies, that provides engaging experiences to its customers in many different languages to help them improve their language skills. Users can chat about unlimited amount of topics with the app and use other modes to practice their language learning.\",\"email\":\"support@talkpal.ai\",\"legalName\":\"Talkpal, Inc.\",\"foundingDate\":\"2023-04-03\",\"duns\":\"118989042\",\"numberOfEmployees\":{\"@type\":\"QuantitativeValue\",\"minValue\":\"11\",\"maxValue\":\"50\"},\"publishingPrinciples\":\"https:\/\/talkpal.ai\/publishing-principles\/\",\"actionableFeedbackPolicy\":\"https:\/\/talkpal.ai\/actionable-feedback-policy\/\",\"correctionsPolicy\":\"https:\/\/talkpal.ai\/corrections-policy\/\",\"ethicsPolicy\":\"https:\/\/talkpal.ai\/ethics-policy\/\",\"diversityPolicy\":\"https:\/\/talkpal.ai\/diversity-policy\/\",\"diversityStaffingReport\":\"https:\/\/talkpal.ai\/diversity-policy\/\"}]}<\/script>\n<!-- \/ Yoast SEO Premium plugin. -->","yoast_head_json":{"title":"Exerci\u021bii de gramatic\u0103 chinez\u0103 - Talkpal","description":"St\u0103p\u00e2ne\u0219te gramatica chinez\u0103 cu ajutorul ghidului nostru cuprinz\u0103tor care acoper\u0103 timpurile, verbele \u0219i multe altele pentru a-\u021bi \u00eembun\u0103t\u0103\u021bi competen\u021bele lingvistice.","robots":{"index":"index","follow":"follow","max-snippet":"max-snippet:-1","max-image-preview":"max-image-preview:large","max-video-preview":"max-video-preview:-1"},"canonical":"https:\/\/talkpal.ai\/ro\/exercitii-de-gramatica-chineza\/","og_locale":"ro_RO","og_type":"article","og_title":"Exerci\u021bii de gramatic\u0103 chinez\u0103","og_description":"Subiecte de gramatic\u0103 chinez\u0103 Gramatica chinez\u0103 poate p\u0103rea intimidant\u0103 la \u00eenceput, dar este esen\u021bial\u0103 pentru st\u0103p\u00e2nirea limbii. Cu sistemul s\u0103u unic de","og_url":"https:\/\/talkpal.ai\/ro\/exercitii-de-gramatica-chineza\/","og_site_name":"Talkpal","article_publisher":"https:\/\/www.facebook.com\/profile.php?id=100090733639311","article_modified_time":"2025-05-22T21:24:51+00:00","og_image":[{"width":512,"height":512,"url":"https:\/\/talkpal.ai\/wp-content\/uploads\/2023\/04\/china.png","type":"image\/png"}],"twitter_card":"summary_large_image","twitter_site":"@talkpalai","twitter_misc":{"Timp estimat pentru citire":"3 minute"},"schema":{"@context":"https:\/\/schema.org","@graph":[{"@type":"WebPage","@id":"https:\/\/talkpal.ai\/ro\/exercitii-de-gramatica-chineza\/","url":"https:\/\/talkpal.ai\/ro\/exercitii-de-gramatica-chineza\/","name":"Exerci\u021bii de gramatic\u0103 chinez\u0103 - Talkpal","isPartOf":{"@id":"https:\/\/talkpal.ai\/ro\/#website"},"primaryImageOfPage":{"@id":"https:\/\/talkpal.ai\/ro\/exercitii-de-gramatica-chineza\/#primaryimage"},"image":{"@id":"https:\/\/talkpal.ai\/ro\/exercitii-de-gramatica-chineza\/#primaryimage"},"thumbnailUrl":"https:\/\/talkpal.ai\/wp-content\/uploads\/2023\/04\/china.png","datePublished":"2023-06-16T09:39:29+00:00","dateModified":"2025-05-22T21:24:51+00:00","description":"St\u0103p\u00e2ne\u0219te gramatica chinez\u0103 cu ajutorul ghidului nostru cuprinz\u0103tor care acoper\u0103 timpurile, verbele \u0219i multe altele pentru a-\u021bi \u00eembun\u0103t\u0103\u021bi competen\u021bele lingvistice.","breadcrumb":{"@id":"https:\/\/talkpal.ai\/ro\/exercitii-de-gramatica-chineza\/#breadcrumb"},"inLanguage":"ro-RO","potentialAction":[{"@type":"ReadAction","target":["https:\/\/talkpal.ai\/ro\/exercitii-de-gramatica-chineza\/"]}]},{"@type":"ImageObject","inLanguage":"ro-RO","@id":"https:\/\/talkpal.ai\/ro\/exercitii-de-gramatica-chineza\/#primaryimage","url":"https:\/\/talkpal.ai\/wp-content\/uploads\/2023\/04\/china.png","contentUrl":"https:\/\/talkpal.ai\/wp-content\/uploads\/2023\/04\/china.png","width":512,"height":512},{"@type":"BreadcrumbList","@id":"https:\/\/talkpal.ai\/ro\/exercitii-de-gramatica-chineza\/#breadcrumb","itemListElement":[{"@type":"ListItem","position":1,"name":"Homepage","item":"https:\/\/talkpal.ai\/ro\/"},{"@type":"ListItem","position":2,"name":"Exerci\u021bii de gramatic\u0103 chinez\u0103"}]},{"@type":"WebSite","@id":"https:\/\/talkpal.ai\/ro\/#website","url":"https:\/\/talkpal.ai\/ro\/","name":"Talkpal","description":"AI Language Learning","publisher":{"@id":"https:\/\/talkpal.ai\/ro\/#organization"},"alternateName":"Talkpal AI","potentialAction":[{"@type":"SearchAction","target":{"@type":"EntryPoint","urlTemplate":"https:\/\/talkpal.ai\/ro\/?s={search_term_string}"},"query-input":{"@type":"PropertyValueSpecification","valueRequired":true,"valueName":"search_term_string"}}],"inLanguage":"ro-RO"},{"@type":"Organization","@id":"https:\/\/talkpal.ai\/ro\/#organization","name":"Talkpal, Inc.","alternateName":"Talkpal AI","url":"https:\/\/talkpal.ai\/ro\/","logo":{"@type":"ImageObject","inLanguage":"ro-RO","@id":"https:\/\/talkpal.ai\/ro\/#\/schema\/logo\/image\/","url":"https:\/\/talkpal.ai\/wp-content\/uploads\/2024\/03\/Talkpal-Logo-Icon.png","contentUrl":"https:\/\/talkpal.ai\/wp-content\/uploads\/2024\/03\/Talkpal-Logo-Icon.png","width":2880,"height":2880,"caption":"Talkpal, Inc."},"image":{"@id":"https:\/\/talkpal.ai\/ro\/#\/schema\/logo\/image\/"},"sameAs":["https:\/\/www.facebook.com\/profile.php?id=100090733639311","https:\/\/x.com\/talkpalai","https:\/\/www.linkedin.com\/company\/talkpal\/","https:\/\/www.youtube.com\/@TalkPal\/","https:\/\/www.tiktok.com\/@talkpal","https:\/\/www.instagram.com\/talkpal_ai\/","https:\/\/www.crunchbase.com\/organization\/talkpal-9cde","https:\/\/www.g2.com\/products\/talkpal-for-business\/","https:\/\/www.trustpilot.com\/review\/talkpal.ai","https:\/\/www.capterra.com\/p\/10006800\/TalkPal\/"],"description":"Talkpal is a language learning web and mobile education app, powered by the latest AI technologies, that provides engaging experiences to its customers in many different languages to help them improve their language skills. Users can chat about unlimited amount of topics with the app and use other modes to practice their language learning.","email":"support@talkpal.ai","legalName":"Talkpal, Inc.","foundingDate":"2023-04-03","duns":"118989042","numberOfEmployees":{"@type":"QuantitativeValue","minValue":"11","maxValue":"50"},"publishingPrinciples":"https:\/\/talkpal.ai\/publishing-principles\/","actionableFeedbackPolicy":"https:\/\/talkpal.ai\/actionable-feedback-policy\/","correctionsPolicy":"https:\/\/talkpal.ai\/corrections-policy\/","ethicsPolicy":"https:\/\/talkpal.ai\/ethics-policy\/","diversityPolicy":"https:\/\/talkpal.ai\/diversity-policy\/","diversityStaffingReport":"https:\/\/talkpal.ai\/diversity-policy\/"}]}},"_links":{"self":[{"href":"https:\/\/talkpal.ai\/ro\/wp-json\/wp\/v2\/pages\/132885","targetHints":{"allow":["GET"]}}],"collection":[{"href":"https:\/\/talkpal.ai\/ro\/wp-json\/wp\/v2\/pages"}],"about":[{"href":"https:\/\/talkpal.ai\/ro\/wp-json\/wp\/v2\/types\/page"}],"author":[{"embeddable":true,"href":"https:\/\/talkpal.ai\/ro\/wp-json\/wp\/v2\/users\/6"}],"replies":[{"embeddable":true,"href":"https:\/\/talkpal.ai\/ro\/wp-json\/wp\/v2\/comments?post=132885"}],"version-history":[{"count":0,"href":"https:\/\/talkpal.ai\/ro\/wp-json\/wp\/v2\/pages\/132885\/revisions"}],"wp:featuredmedia":[{"embeddable":true,"href":"https:\/\/talkpal.ai\/ro\/wp-json\/wp\/v2\/media\/106152"}],"wp:attachment":[{"href":"https:\/\/talkpal.ai\/ro\/wp-json\/wp\/v2\/media?parent=132885"}],"curies":[{"name":"wp","href":"https:\/\/api.w.org\/{rel}","templated":true}]}}