{"id":132562,"date":"2023-06-16T09:31:38","date_gmt":"2023-06-16T09:31:38","guid":{"rendered":"http:\/\/talkpal.ai\/exercitii-de-gramatica-araba\/"},"modified":"2025-05-22T20:15:47","modified_gmt":"2025-05-22T20:15:47","slug":"exercitii-de-gramatica-araba","status":"publish","type":"page","link":"https:\/\/talkpal.ai\/ro\/exercitii-de-gramatica-araba\/","title":{"rendered":"Exerci\u021bii de gramatic\u0103 arab\u0103"},"content":{"rendered":"\r\n\r\n\r\n<section class=\"languageChallengeSection\">\r\n    <div class=\"languageInfoWrapper\">\r\n        \r\n        <h1>Exerci\u021bii de gramatic\u0103 arab\u0103<\/h1>\r\n        <p>Sunte\u021bi gata s\u0103 v\u0103 \u00eembun\u0103t\u0103\u021bi\u021bi cuno\u0219tin\u021bele de arab\u0103? Practicarea exerci\u021biilor gramaticale este esen\u021bial\u0103 pentru st\u0103p\u00e2nirea structurii propozi\u021biilor, a formelor verbale \u0219i a modelelor unice ale limbii arabe. Concentra\u021bi-v\u0103 pe aceste exerci\u021bii pentru a v\u0103 spori \u00eencrederea, pentru a v\u0103 extinde vocabularul \u0219i pentru a v\u0103 exprima mult mai u\u0219or \u00een arab\u0103. \u00cencepe\u021bi s\u0103 exersa\u021bi ast\u0103zi \u0219i vede\u021bi cum v\u0103 cresc competen\u021bele lingvistice!<\/p>\r\n\r\n                            <a class=\"getStartedHidden\" href=\"https:\/\/app.talkpal.ai\/ro\/signup?lng=\">\u00cencepe<\/a>\r\n        \r\n    <\/div>\r\n\r\n    <figure>\r\n    <img decoding=\"async\" width=\"768\" height=\"768\" src=\"https:\/\/talkpal.ai\/wp-content\/uploads\/2023\/06\/arabic-768x768.png\" class=\"languageImage no-lazy\" alt=\"Language learning for linguistic diversity\" fetchpriority=\"high\" sizes=\"(max-width: 768px) 150px, 768px\" srcset=\"https:\/\/talkpal.ai\/wp-content\/uploads\/2023\/06\/arabic-768x768.png 768w, https:\/\/talkpal.ai\/wp-content\/uploads\/2023\/06\/arabic-300x300.png 300w\" \/>\r\n    \r\n\r\n    <\/figure>\r\n\r\n            <a class=\"getStartedVisible\" href=\"https:\/\/app.talkpal.ai\/ro\/signup?lng=\">\u00cencepe<\/a>\r\n    \r\n<\/section>\r\n\r\n\r\n<!-- <section class=\"grammarSection\">\r\n    <div class=\"grammarLinks\">\r\n            <\/div>\r\n<\/section> -->\r\n\r\n\r\n\r\n\r\n<section class=\"promotionalBanner\">\r\n    <p class=\"promotionalText\">Cel mai eficient mod de a \u00eenv\u0103\u021ba o limb\u0103<\/p>\r\n    <a class=\"promotionalLink\" href=\"https:\/\/app.talkpal.ai\/ro\/signup?lng=\">\u00cencerca\u021bi Talkpal gratuit<\/a>\r\n<\/section>\n<div class=\"wp-block-group pageContainerStyle\"><div class=\"wp-block-group__inner-container is-layout-constrained wp-block-group-is-layout-constrained\">\n<h2 class=\"wp-block-heading\" id=\"h-arabic-grammar-topics\">Subiecte de gramatic\u0103 arab\u0103<\/h2>\n\n\n\n<p>Limba arab\u0103, cu istoria sa bogat\u0103 \u0219i semnifica\u021bia cultural\u0103, este un efort fascinant \u0219i plin de satisfac\u021bii pentru cursan\u021bii de <a href=\"https:\/\/talkpal.ai\/ro\/tutor-de-limbi-straine\/\">limbi str\u0103ine<\/a>. Fiind una dintre cele \u0219ase limbi oficiale ale Organiza\u021biei Na\u021biunilor Unite \u0219i vorbit\u0103 de peste 420 de milioane de oameni din \u00eentreaga lume, \u00eenv\u0103\u021barea limbii arabe deschide oportunit\u0103\u021bi de comunicare \u0219i \u00een\u021belegere global\u0103. Cu toate acestea, st\u0103p\u00e2nirea limbii necesit\u0103 o \u00een\u021belegere aprofundat\u0103 a regulilor \u0219i structurilor <a href=\"https:\/\/talkpal.ai\/locations\/learn-english-in-sale\/\">sale<\/a> gramaticale unice. \u00cen acest articol, vom explora subiectele esen\u021biale ale gramaticii arabe care v\u0103 vor ajuta s\u0103 construi\u021bi o baz\u0103 solid\u0103 \u00een limb\u0103, de la timpurile de baz\u0103 \u0219i conjug\u0103rile verbelor p\u00e2n\u0103 la structuri de propozi\u021bii nominale \u0219i verbale mai complexe.<\/p>\n\n\n\n<h3 class=\"wp-block-heading\" id=\"h-1-tenses-indicative\">1. Timpuri orientative:<\/h3>\n\n\n\n<p>Timpul indicativ este folosit pentru a exprima ac\u021biuni sau st\u0103ri din prezent, trecut sau viitor. \u00cen arab\u0103, conjugarea verbelor se schimb\u0103 \u00een func\u021bie de timp. \u00cencepe\u021bi prin a \u00eenv\u0103\u021ba conjug\u0103rile de baz\u0103 pentru verbele regulate \u0219i familiariza\u021bi-v\u0103 cu diferitele modele pentru timpurile prezent, trecut \u0219i viitor.<\/p>\n\n\n\n<h3 class=\"wp-block-heading\" id=\"h-2-tenses-subjunctive\">2. Timpuri conjunctive:<\/h3>\n\n\n\n<p>Timpul conjunctiv este folosit pentru a exprima incertitudinea, \u00eendoiala sau dorin\u021ba. Este esen\u021bial s\u0103 \u00eenv\u0103\u021ba\u021bi conjug\u0103rile specifice ale verbelor \u0219i modul \u00een care acestea difer\u0103 de timpul indicativ. Acest lucru v\u0103 va ajuta s\u0103 transmite\u021bi g\u00e2nduri \u0219i sentimente mai nuan\u021bate \u00een comunicarea dvs.<\/p>\n\n\n\n<h3 class=\"wp-block-heading\" id=\"h-3-tense-comparison\">3. Compara\u021bie tensionat\u0103:<\/h3>\n\n\n\n<p>\u00cen\u021belegerea diferen\u021belor dintre timpurile indicative \u0219i conjunctive este vital\u0103. Concentra\u021bi-v\u0103 pe modul \u00een care conjug\u0103rile verbelor sunt modificate \u0219i contextul \u00een care este folosit fiecare timp.<\/p>\n\n\n\n<h3 class=\"wp-block-heading\" id=\"h-4-verbs\">4. Verbe:<\/h3>\n\n\n\n<p>Verbele arabe sunt clasificate \u00een diferite forme pe baza literelor \u0219i modelelor lor r\u0103d\u0103cin\u0103. Afla\u021bi cele zece forme de baz\u0103 ale verbelor \u0219i regulile lor de conjugare, care v\u0103 vor ajuta s\u0103 recunoa\u0219te\u021bi \u0219i s\u0103 utiliza\u021bi corect verbele \u00een diferite situa\u021bii.<\/p>\n\n\n\n<h3 class=\"wp-block-heading\" id=\"h-5-nouns\">5. Substantive:<\/h3>\n\n\n\n<p>Substantivele arabe sunt fie masculine, fie feminine, iar termina\u021biile lor se schimb\u0103 pe baza rolului lor gramatical \u00eentr-o propozi\u021bie. Afla\u021bi diferitele modele de substantive \u0219i modul \u00een care acestea sunt afectate de marcajele de caz \u0219i de alte elemente gramaticale.<\/p>\n\n\n\n<h3 class=\"wp-block-heading\" id=\"h-6-articles\">6. Articole:<\/h3>\n\n\n\n<p>Araba are articole definite \u0219i nedefinite, care joac\u0103 un rol crucial \u00een identificarea substantivelor. \u00cenv\u0103\u021ba\u021bi regulile \u0219i utilizarea articolului hot\u0103r\u00e2t &#8222;al-&#8221; \u0219i absen\u021ba unui articol nedefinit \u00een limba arab\u0103.<\/p>\n\n\n\n<h3 class=\"wp-block-heading\" id=\"h-7-definite-and-indefinite-articles\">7. Articole hot\u0103r\u00e2te \u0219i nehot\u0103r\u00e2te:<\/h3>\n\n\n\n<p>A\u0219a cum am men\u021bionat mai devreme, \u00een\u021belegerea utiliz\u0103rii articolelor definite \u0219i nedefinite \u00een arab\u0103 este esen\u021bial\u0103. Exersa\u021bi folosirea lor \u00een propozi\u021bii cu substantive diferite pentru a v\u0103 \u00eent\u0103ri \u00een\u021belegerea conceptului.<\/p>\n\n\n\n<h3 class=\"wp-block-heading\" id=\"h-8-pronouns\">8. Pronume:<\/h3>\n\n\n\n<p>Pronumele arabe sunt \u00eemp\u0103r\u021bite \u00een pronume personale, demonstrative \u0219i relative. Afla\u021bi formele \u0219i utilizarea lor, precum \u0219i regulile pentru ata\u0219area lor la verbe, substantive \u0219i prepozi\u021bii.<\/p>\n\n\n\n<h3 class=\"wp-block-heading\" id=\"h-9-adjectives\">9. Adjective:<\/h3>\n\n\n\n<p>Adjectivele \u00een arab\u0103 sunt de acord cu substantivele <a href=\"https:\/\/talkpal.ai\/culture\/how-do-i-use-pe-care-correctly\/\">pe care<\/a> le modific\u0103 \u00een gen \u0219i num\u0103r. Afla\u021bi regulile pentru acordul adjectival \u0219i modelele de baz\u0103 ale adjectivelor.<\/p>\n\n\n\n<h3 class=\"wp-block-heading\" id=\"h-10-adverbs\">10. Adverbe:<\/h3>\n\n\n\n<p>Familiariza\u021bi-v\u0103 cu adverbele arabe comune \u0219i plasarea lor \u00een propozi\u021bii. \u00cen\u021belegerea func\u021biei adverbelor v\u0103 va ajuta s\u0103 transmite\u021bi informa\u021bii mai detaliate \u00een comunicarea dvs.<\/p>\n\n\n\n<h3 class=\"wp-block-heading\" id=\"h-11-prepositions\">11. Prepozi\u021bii:<\/h3>\n\n\n\n<p>Prepozi\u021biile arabe sunt esen\u021biale pentru conectarea cuvintelor \u0219i expresiilor \u0219i exprimarea rela\u021biilor dintre ele. Afla\u021bi diferitele prepozi\u021bii \u0219i utilizarea lor \u00een propozi\u021bii.<\/p>\n\n\n\n<h3 class=\"wp-block-heading\" id=\"h-12-idaafa-genitive-construction\">12. Idaafa (construc\u021bie genitiv\u0103):<\/h3>\n\n\n\n<p>Construc\u021bia Idaafa este folosit\u0103 pentru a exprima posesia sau rela\u021biile dintre substantive. Afla\u021bi regulile \u0219i modelele pentru formarea construc\u021biilor Idaafa, care fac parte integrant\u0103 din <a href=\"https:\/\/talkpal.ai\/arabic-grammar\/\">gramatica arab\u0103<\/a>.<\/p>\n\n\n\n<h3 class=\"wp-block-heading\" id=\"h-13-sentence-structure\">13. Structura propozi\u021biei:<\/h3>\n\n\n\n<p>Propozi\u021biile arabe pot fi nominale sau verbale. Afla\u021bi structura de baz\u0103 a ambelor tipuri de propozi\u021bii \u0219i exersa\u021bi formarea propozi\u021biilor cu componente diferite.<\/p>\n\n\n\n<h3 class=\"wp-block-heading\" id=\"h-14-nominal-and-verbal-sentences\">14. Propozi\u021bii nominale \u0219i verbale:<\/h3>\n\n\n\n<p>Scufunda\u021bi-v\u0103 mai ad\u00e2nc \u00een diferen\u021bele dintre propozi\u021biile nominale \u0219i verbale \u0219i \u00eenv\u0103\u021ba\u021bi cum s\u0103 le utiliza\u021bi eficient \u00een diferite contexte.<\/p>\n\n\n\n<h3 class=\"wp-block-heading\" id=\"h-15-subject-and-predicate-in-arabic\">15. Subiect \u0219i predicat \u00een arab\u0103:<\/h3>\n\n\n\n<p>\u00cen\u021belegerea rolurilor subiectului \u0219i predicatului \u00een propozi\u021biile arabe este fundamental\u0103 pentru o comunicare eficient\u0103. Afla\u021bi regulile pentru identificarea \u0219i utilizarea subiectelor \u0219i predicatelor \u00een diferite tipuri de propozi\u021bii.<\/p>\n<\/div><\/div>\n\r\n<section class=\"learnNavigationSection\">\r\n            \r\n        <a href=\"https:\/\/talkpal.ai\/ro\/invata-araba\/\">\r\n            <div class=\"learnNavigationWrapper\">\r\n                <div class=\"learnNavigationContent\">\r\n                    <img decoding=\"async\" src=\"https:\/\/talkpal.ai\/wp-content\/uploads\/2024\/08\/Arabic.jpg\" alt=\"Arabic Flag\">\r\n                    <div>\r\n                        <h4>Despre \u00eenv\u0103\u021barea arab\u0103<\/h4>\r\n                        <p>Afla\u021bi totul despre gramatica arab\u0103.<\/p>\r\n                    <\/div>\r\n                <\/div>\r\n            <\/div>\r\n        <\/a>\r\n\r\n        \r\n        <a href=\"https:\/\/talkpal.ai\/ro\/gramatica-araba\/\">\r\n            <div class=\"learnNavigationWrapper\">\r\n                <div class=\"learnNavigationContent\">\r\n                    <img decoding=\"async\" src=\"https:\/\/talkpal.ai\/wp-content\/uploads\/2024\/08\/Arabic.jpg\" alt=\"Arabic Flag\">\r\n                    <div>\r\n                        <h4>Lec\u021bii de gramatic\u0103 arab\u0103<\/h4>\r\n                        <p>Exersa\u021bi gramatica arab\u0103.<\/p>\r\n                    <\/div>\r\n                <\/div>\r\n            <\/div>\r\n        <\/a>\r\n\r\n        \r\n        <a href=\"https:\/\/talkpal.ai\/vocabulary_language\/arabic\/\">\r\n            <div class=\"learnNavigationWrapper\">\r\n                <div class=\"learnNavigationContent\">\r\n                    <img decoding=\"async\" src=\"https:\/\/talkpal.ai\/wp-content\/uploads\/2024\/08\/Arabic.jpg\" alt=\"Arabic Flag\">\r\n                    <div>\r\n                        <h4>Vocabular arab<\/h4>\r\n                        <p>Extinde\u021bi-v\u0103 vocabularul arab.<\/p>\r\n                    <\/div>\r\n                <\/div>\r\n            <\/div>\r\n        <\/a>\r\n\r\n            <\/section>","protected":false},"excerpt":{"rendered":"<p>Subiecte de gramatic\u0103 arab\u0103 Limba arab\u0103, cu istoria sa bogat\u0103 \u0219i semnifica\u021bia cultural\u0103, este un efort fascinant \u0219i plin de satisfac\u021bii pentru cursan\u021bii de limbi str\u0103ine. Fiind una dintre cele \u0219ase limbi oficiale ale Organiza\u021biei Na\u021biunilor Unite \u0219i vorbit\u0103 de peste 420 de milioane de oameni din \u00eentreaga lume, \u00eenv\u0103\u021barea limbii arabe deschide oportunit\u0103\u021bi de [&hellip;]<\/p>\n","protected":false},"author":6,"featured_media":105969,"parent":0,"menu_order":0,"comment_status":"closed","ping_status":"closed","template":"LearningContentPage.php","meta":{"_acf_changed":false,"footnotes":""},"class_list":["post-132562","page","type-page","status-publish","has-post-thumbnail","hentry"],"acf":[],"yoast_head":"<!-- This site is optimized with the Yoast SEO Premium plugin v27.2 (Yoast SEO v27.2) - https:\/\/yoast.com\/product\/yoast-seo-premium-wordpress\/ -->\n<title>Exerci\u021bii de gramatic\u0103 arab\u0103 - Talkpal<\/title>\n<meta name=\"description\" content=\"\u00cembun\u0103t\u0103\u021bi\u021bi-v\u0103 \u00een\u021belegerea cu exerci\u021bii de gramatic\u0103 arab\u0103 care acoper\u0103 reguli \u0219i structuri esen\u021biale pentru st\u0103p\u00e2nirea limbii.\" \/>\n<meta name=\"robots\" content=\"index, follow, max-snippet:-1, max-image-preview:large, max-video-preview:-1\" \/>\n<link rel=\"canonical\" href=\"https:\/\/talkpal.ai\/ro\/exercitii-de-gramatica-araba\/\" \/>\n<meta property=\"og:locale\" content=\"ro_RO\" \/>\n<meta property=\"og:type\" content=\"article\" \/>\n<meta property=\"og:title\" content=\"Exerci\u021bii de gramatic\u0103 arab\u0103\" \/>\n<meta property=\"og:description\" content=\"Subiecte de gramatic\u0103 arab\u0103 Limba arab\u0103, cu istoria sa bogat\u0103 \u0219i semnifica\u021bia cultural\u0103, este un efort fascinant \u0219i plin de satisfac\u021bii pentru cursan\u021bii\" \/>\n<meta property=\"og:url\" content=\"https:\/\/talkpal.ai\/ro\/exercitii-de-gramatica-araba\/\" \/>\n<meta property=\"og:site_name\" content=\"Talkpal\" \/>\n<meta property=\"article:publisher\" content=\"https:\/\/www.facebook.com\/profile.php?id=100090733639311\" \/>\n<meta property=\"article:modified_time\" content=\"2025-05-22T20:15:47+00:00\" \/>\n<meta property=\"og:image\" content=\"https:\/\/talkpal.ai\/wp-content\/uploads\/2023\/04\/arabic-united-arab-emirates.png\" \/>\n\t<meta property=\"og:image:width\" content=\"512\" \/>\n\t<meta property=\"og:image:height\" content=\"512\" \/>\n\t<meta property=\"og:image:type\" content=\"image\/png\" \/>\n<meta name=\"twitter:card\" content=\"summary_large_image\" \/>\n<meta name=\"twitter:site\" content=\"@talkpalai\" \/>\n<meta name=\"twitter:label1\" content=\"Timp estimat pentru citire\" \/>\n\t<meta name=\"twitter:data1\" content=\"4 minute\" \/>\n<script type=\"application\/ld+json\" class=\"yoast-schema-graph\">{\"@context\":\"https:\/\/schema.org\",\"@graph\":[{\"@type\":\"WebPage\",\"@id\":\"https:\/\/talkpal.ai\/ro\/exercitii-de-gramatica-araba\/\",\"url\":\"https:\/\/talkpal.ai\/ro\/exercitii-de-gramatica-araba\/\",\"name\":\"Exerci\u021bii de gramatic\u0103 arab\u0103 - Talkpal\",\"isPartOf\":{\"@id\":\"https:\/\/talkpal.ai\/ro\/#website\"},\"primaryImageOfPage\":{\"@id\":\"https:\/\/talkpal.ai\/ro\/exercitii-de-gramatica-araba\/#primaryimage\"},\"image\":{\"@id\":\"https:\/\/talkpal.ai\/ro\/exercitii-de-gramatica-araba\/#primaryimage\"},\"thumbnailUrl\":\"https:\/\/talkpal.ai\/wp-content\/uploads\/2023\/04\/arabic-united-arab-emirates.png\",\"datePublished\":\"2023-06-16T09:31:38+00:00\",\"dateModified\":\"2025-05-22T20:15:47+00:00\",\"description\":\"\u00cembun\u0103t\u0103\u021bi\u021bi-v\u0103 \u00een\u021belegerea cu exerci\u021bii de gramatic\u0103 arab\u0103 care acoper\u0103 reguli \u0219i structuri esen\u021biale pentru st\u0103p\u00e2nirea limbii.\",\"breadcrumb\":{\"@id\":\"https:\/\/talkpal.ai\/ro\/exercitii-de-gramatica-araba\/#breadcrumb\"},\"inLanguage\":\"ro-RO\",\"potentialAction\":[{\"@type\":\"ReadAction\",\"target\":[\"https:\/\/talkpal.ai\/ro\/exercitii-de-gramatica-araba\/\"]}]},{\"@type\":\"ImageObject\",\"inLanguage\":\"ro-RO\",\"@id\":\"https:\/\/talkpal.ai\/ro\/exercitii-de-gramatica-araba\/#primaryimage\",\"url\":\"https:\/\/talkpal.ai\/wp-content\/uploads\/2023\/04\/arabic-united-arab-emirates.png\",\"contentUrl\":\"https:\/\/talkpal.ai\/wp-content\/uploads\/2023\/04\/arabic-united-arab-emirates.png\",\"width\":512,\"height\":512},{\"@type\":\"BreadcrumbList\",\"@id\":\"https:\/\/talkpal.ai\/ro\/exercitii-de-gramatica-araba\/#breadcrumb\",\"itemListElement\":[{\"@type\":\"ListItem\",\"position\":1,\"name\":\"Homepage\",\"item\":\"https:\/\/talkpal.ai\/ro\/\"},{\"@type\":\"ListItem\",\"position\":2,\"name\":\"Exerci\u021bii de gramatic\u0103 arab\u0103\"}]},{\"@type\":\"WebSite\",\"@id\":\"https:\/\/talkpal.ai\/ro\/#website\",\"url\":\"https:\/\/talkpal.ai\/ro\/\",\"name\":\"Talkpal\",\"description\":\"AI Language Learning\",\"publisher\":{\"@id\":\"https:\/\/talkpal.ai\/ro\/#organization\"},\"alternateName\":\"Talkpal AI\",\"potentialAction\":[{\"@type\":\"SearchAction\",\"target\":{\"@type\":\"EntryPoint\",\"urlTemplate\":\"https:\/\/talkpal.ai\/ro\/?s={search_term_string}\"},\"query-input\":{\"@type\":\"PropertyValueSpecification\",\"valueRequired\":true,\"valueName\":\"search_term_string\"}}],\"inLanguage\":\"ro-RO\"},{\"@type\":\"Organization\",\"@id\":\"https:\/\/talkpal.ai\/ro\/#organization\",\"name\":\"Talkpal, Inc.\",\"alternateName\":\"Talkpal AI\",\"url\":\"https:\/\/talkpal.ai\/ro\/\",\"logo\":{\"@type\":\"ImageObject\",\"inLanguage\":\"ro-RO\",\"@id\":\"https:\/\/talkpal.ai\/ro\/#\/schema\/logo\/image\/\",\"url\":\"https:\/\/talkpal.ai\/wp-content\/uploads\/2024\/03\/Talkpal-Logo-Icon.png\",\"contentUrl\":\"https:\/\/talkpal.ai\/wp-content\/uploads\/2024\/03\/Talkpal-Logo-Icon.png\",\"width\":2880,\"height\":2880,\"caption\":\"Talkpal, Inc.\"},\"image\":{\"@id\":\"https:\/\/talkpal.ai\/ro\/#\/schema\/logo\/image\/\"},\"sameAs\":[\"https:\/\/www.facebook.com\/profile.php?id=100090733639311\",\"https:\/\/x.com\/talkpalai\",\"https:\/\/www.linkedin.com\/company\/talkpal\/\",\"https:\/\/www.youtube.com\/@TalkPal\/\",\"https:\/\/www.tiktok.com\/@talkpal\",\"https:\/\/www.instagram.com\/talkpal_ai\/\",\"https:\/\/www.crunchbase.com\/organization\/talkpal-9cde\",\"https:\/\/www.g2.com\/products\/talkpal-for-business\/\",\"https:\/\/www.trustpilot.com\/review\/talkpal.ai\",\"https:\/\/www.capterra.com\/p\/10006800\/TalkPal\/\"],\"description\":\"Talkpal is a language learning web and mobile education app, powered by the latest AI technologies, that provides engaging experiences to its customers in many different languages to help them improve their language skills. Users can chat about unlimited amount of topics with the app and use other modes to practice their language learning.\",\"email\":\"support@talkpal.ai\",\"legalName\":\"Talkpal, Inc.\",\"foundingDate\":\"2023-04-03\",\"duns\":\"118989042\",\"numberOfEmployees\":{\"@type\":\"QuantitativeValue\",\"minValue\":\"11\",\"maxValue\":\"50\"},\"publishingPrinciples\":\"https:\/\/talkpal.ai\/publishing-principles\/\",\"actionableFeedbackPolicy\":\"https:\/\/talkpal.ai\/actionable-feedback-policy\/\",\"correctionsPolicy\":\"https:\/\/talkpal.ai\/corrections-policy\/\",\"ethicsPolicy\":\"https:\/\/talkpal.ai\/ethics-policy\/\",\"diversityPolicy\":\"https:\/\/talkpal.ai\/diversity-policy\/\",\"diversityStaffingReport\":\"https:\/\/talkpal.ai\/diversity-policy\/\"}]}<\/script>\n<!-- \/ Yoast SEO Premium plugin. -->","yoast_head_json":{"title":"Exerci\u021bii de gramatic\u0103 arab\u0103 - Talkpal","description":"\u00cembun\u0103t\u0103\u021bi\u021bi-v\u0103 \u00een\u021belegerea cu exerci\u021bii de gramatic\u0103 arab\u0103 care acoper\u0103 reguli \u0219i structuri esen\u021biale pentru st\u0103p\u00e2nirea limbii.","robots":{"index":"index","follow":"follow","max-snippet":"max-snippet:-1","max-image-preview":"max-image-preview:large","max-video-preview":"max-video-preview:-1"},"canonical":"https:\/\/talkpal.ai\/ro\/exercitii-de-gramatica-araba\/","og_locale":"ro_RO","og_type":"article","og_title":"Exerci\u021bii de gramatic\u0103 arab\u0103","og_description":"Subiecte de gramatic\u0103 arab\u0103 Limba arab\u0103, cu istoria sa bogat\u0103 \u0219i semnifica\u021bia cultural\u0103, este un efort fascinant \u0219i plin de satisfac\u021bii pentru cursan\u021bii","og_url":"https:\/\/talkpal.ai\/ro\/exercitii-de-gramatica-araba\/","og_site_name":"Talkpal","article_publisher":"https:\/\/www.facebook.com\/profile.php?id=100090733639311","article_modified_time":"2025-05-22T20:15:47+00:00","og_image":[{"width":512,"height":512,"url":"https:\/\/talkpal.ai\/wp-content\/uploads\/2023\/04\/arabic-united-arab-emirates.png","type":"image\/png"}],"twitter_card":"summary_large_image","twitter_site":"@talkpalai","twitter_misc":{"Timp estimat pentru citire":"4 minute"},"schema":{"@context":"https:\/\/schema.org","@graph":[{"@type":"WebPage","@id":"https:\/\/talkpal.ai\/ro\/exercitii-de-gramatica-araba\/","url":"https:\/\/talkpal.ai\/ro\/exercitii-de-gramatica-araba\/","name":"Exerci\u021bii de gramatic\u0103 arab\u0103 - Talkpal","isPartOf":{"@id":"https:\/\/talkpal.ai\/ro\/#website"},"primaryImageOfPage":{"@id":"https:\/\/talkpal.ai\/ro\/exercitii-de-gramatica-araba\/#primaryimage"},"image":{"@id":"https:\/\/talkpal.ai\/ro\/exercitii-de-gramatica-araba\/#primaryimage"},"thumbnailUrl":"https:\/\/talkpal.ai\/wp-content\/uploads\/2023\/04\/arabic-united-arab-emirates.png","datePublished":"2023-06-16T09:31:38+00:00","dateModified":"2025-05-22T20:15:47+00:00","description":"\u00cembun\u0103t\u0103\u021bi\u021bi-v\u0103 \u00een\u021belegerea cu exerci\u021bii de gramatic\u0103 arab\u0103 care acoper\u0103 reguli \u0219i structuri esen\u021biale pentru st\u0103p\u00e2nirea limbii.","breadcrumb":{"@id":"https:\/\/talkpal.ai\/ro\/exercitii-de-gramatica-araba\/#breadcrumb"},"inLanguage":"ro-RO","potentialAction":[{"@type":"ReadAction","target":["https:\/\/talkpal.ai\/ro\/exercitii-de-gramatica-araba\/"]}]},{"@type":"ImageObject","inLanguage":"ro-RO","@id":"https:\/\/talkpal.ai\/ro\/exercitii-de-gramatica-araba\/#primaryimage","url":"https:\/\/talkpal.ai\/wp-content\/uploads\/2023\/04\/arabic-united-arab-emirates.png","contentUrl":"https:\/\/talkpal.ai\/wp-content\/uploads\/2023\/04\/arabic-united-arab-emirates.png","width":512,"height":512},{"@type":"BreadcrumbList","@id":"https:\/\/talkpal.ai\/ro\/exercitii-de-gramatica-araba\/#breadcrumb","itemListElement":[{"@type":"ListItem","position":1,"name":"Homepage","item":"https:\/\/talkpal.ai\/ro\/"},{"@type":"ListItem","position":2,"name":"Exerci\u021bii de gramatic\u0103 arab\u0103"}]},{"@type":"WebSite","@id":"https:\/\/talkpal.ai\/ro\/#website","url":"https:\/\/talkpal.ai\/ro\/","name":"Talkpal","description":"AI Language Learning","publisher":{"@id":"https:\/\/talkpal.ai\/ro\/#organization"},"alternateName":"Talkpal AI","potentialAction":[{"@type":"SearchAction","target":{"@type":"EntryPoint","urlTemplate":"https:\/\/talkpal.ai\/ro\/?s={search_term_string}"},"query-input":{"@type":"PropertyValueSpecification","valueRequired":true,"valueName":"search_term_string"}}],"inLanguage":"ro-RO"},{"@type":"Organization","@id":"https:\/\/talkpal.ai\/ro\/#organization","name":"Talkpal, Inc.","alternateName":"Talkpal AI","url":"https:\/\/talkpal.ai\/ro\/","logo":{"@type":"ImageObject","inLanguage":"ro-RO","@id":"https:\/\/talkpal.ai\/ro\/#\/schema\/logo\/image\/","url":"https:\/\/talkpal.ai\/wp-content\/uploads\/2024\/03\/Talkpal-Logo-Icon.png","contentUrl":"https:\/\/talkpal.ai\/wp-content\/uploads\/2024\/03\/Talkpal-Logo-Icon.png","width":2880,"height":2880,"caption":"Talkpal, Inc."},"image":{"@id":"https:\/\/talkpal.ai\/ro\/#\/schema\/logo\/image\/"},"sameAs":["https:\/\/www.facebook.com\/profile.php?id=100090733639311","https:\/\/x.com\/talkpalai","https:\/\/www.linkedin.com\/company\/talkpal\/","https:\/\/www.youtube.com\/@TalkPal\/","https:\/\/www.tiktok.com\/@talkpal","https:\/\/www.instagram.com\/talkpal_ai\/","https:\/\/www.crunchbase.com\/organization\/talkpal-9cde","https:\/\/www.g2.com\/products\/talkpal-for-business\/","https:\/\/www.trustpilot.com\/review\/talkpal.ai","https:\/\/www.capterra.com\/p\/10006800\/TalkPal\/"],"description":"Talkpal is a language learning web and mobile education app, powered by the latest AI technologies, that provides engaging experiences to its customers in many different languages to help them improve their language skills. Users can chat about unlimited amount of topics with the app and use other modes to practice their language learning.","email":"support@talkpal.ai","legalName":"Talkpal, Inc.","foundingDate":"2023-04-03","duns":"118989042","numberOfEmployees":{"@type":"QuantitativeValue","minValue":"11","maxValue":"50"},"publishingPrinciples":"https:\/\/talkpal.ai\/publishing-principles\/","actionableFeedbackPolicy":"https:\/\/talkpal.ai\/actionable-feedback-policy\/","correctionsPolicy":"https:\/\/talkpal.ai\/corrections-policy\/","ethicsPolicy":"https:\/\/talkpal.ai\/ethics-policy\/","diversityPolicy":"https:\/\/talkpal.ai\/diversity-policy\/","diversityStaffingReport":"https:\/\/talkpal.ai\/diversity-policy\/"}]}},"_links":{"self":[{"href":"https:\/\/talkpal.ai\/ro\/wp-json\/wp\/v2\/pages\/132562","targetHints":{"allow":["GET"]}}],"collection":[{"href":"https:\/\/talkpal.ai\/ro\/wp-json\/wp\/v2\/pages"}],"about":[{"href":"https:\/\/talkpal.ai\/ro\/wp-json\/wp\/v2\/types\/page"}],"author":[{"embeddable":true,"href":"https:\/\/talkpal.ai\/ro\/wp-json\/wp\/v2\/users\/6"}],"replies":[{"embeddable":true,"href":"https:\/\/talkpal.ai\/ro\/wp-json\/wp\/v2\/comments?post=132562"}],"version-history":[{"count":0,"href":"https:\/\/talkpal.ai\/ro\/wp-json\/wp\/v2\/pages\/132562\/revisions"}],"wp:featuredmedia":[{"embeddable":true,"href":"https:\/\/talkpal.ai\/ro\/wp-json\/wp\/v2\/media\/105969"}],"wp:attachment":[{"href":"https:\/\/talkpal.ai\/ro\/wp-json\/wp\/v2\/media?parent=132562"}],"curies":[{"name":"wp","href":"https:\/\/api.w.org\/{rel}","templated":true}]}}