{"id":132378,"date":"2023-06-16T09:22:36","date_gmt":"2023-06-16T09:22:36","guid":{"rendered":"http:\/\/talkpal.ai\/exercitii-de-gramatica-italiana\/"},"modified":"2025-12-17T16:13:35","modified_gmt":"2025-12-17T16:13:35","slug":"exercitii-de-gramatica-italiana","status":"publish","type":"page","link":"https:\/\/talkpal.ai\/ro\/exercitii-de-gramatica-italiana\/","title":{"rendered":"Exerci\u021bii de gramatic\u0103 italian\u0103"},"content":{"rendered":"\r\n\r\n\r\n<section class=\"languageChallengeSection\">\r\n    <div class=\"languageInfoWrapper\">\r\n        \r\n        <h1>Exerci\u021bii de gramatic\u0103 italian\u0103<\/h1>\r\n        <p>Sunte\u021bi gata s\u0103 v\u0103 consolida\u021bi \u00eencrederea \u00een limba <a href=\"https:\/\/talkpal.ai\/learn-italian\/\">italian\u0103<\/a>? Practicarea gramaticii este cel mai bun mod de a st\u0103p\u00e2ni structura propozi\u021biilor, conjugarea verbelor \u0219i caracteristicile unice ale limbii italiene. \u00cencepe\u021bi ast\u0103zi s\u0103 lucra\u021bi la gramatica italian\u0103 \u0219i vede\u021bi cum v\u0103 \u00eembun\u0103t\u0103\u021bi\u021bi abilit\u0103\u021bile \u0219i fluen\u021ba cu fiecare pas!\n\n<\/p>\r\n\r\n                            <a class=\"getStartedHidden\" href=\"https:\/\/app.talkpal.ai\/ro\/signup?lng=\">\u00cencepe<\/a>\r\n        \r\n    <\/div>\r\n\r\n    <figure>\r\n    <img decoding=\"async\" width=\"768\" height=\"768\" src=\"https:\/\/talkpal.ai\/wp-content\/uploads\/2023\/06\/italian-768x768.png\" class=\"languageImage no-lazy\" alt=\"Language learning for increased memory capacity\" fetchpriority=\"high\" sizes=\"(max-width: 768px) 150px, 768px\" srcset=\"https:\/\/talkpal.ai\/wp-content\/uploads\/2023\/06\/italian-768x768.png 768w, https:\/\/talkpal.ai\/wp-content\/uploads\/2023\/06\/italian-300x300.png 300w\" \/>\r\n    \r\n\r\n    <\/figure>\r\n\r\n            <a class=\"getStartedVisible\" href=\"https:\/\/app.talkpal.ai\/ro\/signup?lng=\">\u00cencepe<\/a>\r\n    \r\n<\/section>\r\n\r\n\r\n<!-- <section class=\"grammarSection\">\r\n    <div class=\"grammarLinks\">\r\n        <a href=\"https:\/\/talkpal.ai\/ro\/exercise_language\/adjective-gramatica-italiana\/\">Adjective <\/a><a href=\"https:\/\/talkpal.ai\/ro\/exercise_language\/adverbe-gramatica-italiana\/\">Adverbe <\/a><a href=\"https:\/\/talkpal.ai\/ro\/exercise_language\/articole-gramatica-italiana\/\">Articole <\/a><a href=\"https:\/\/talkpal.ai\/ro\/exercise_language\/comparatie-de-timpuri-gramatica-italiana\/\">Compara\u021bie de timpuri <\/a><a href=\"https:\/\/talkpal.ai\/ro\/exercise_language\/prepozitii-gramatica-italiana\/\">Prepozi\u021bii <\/a><a href=\"https:\/\/talkpal.ai\/ro\/exercise_language\/pronume-gramatica-italiana\/\">Pronume <\/a><a href=\"https:\/\/talkpal.ai\/ro\/exercise_language\/structura-propozitiei-gramatica-italiana\/\">Structura propozi\u021biei <\/a><a href=\"https:\/\/talkpal.ai\/ro\/exercise_language\/substantive-gramatica-italiana\/\">Substantive <\/a><a href=\"https:\/\/talkpal.ai\/ro\/exercise_language\/timpuri-indicative-gramatica-italiana\/\">Timpuri Indicative <\/a><a href=\"https:\/\/talkpal.ai\/ro\/exercise_language\/timpuri-subjunctive-gramatica-italiana\/\">Timpuri subjunctive <\/a><a href=\"https:\/\/talkpal.ai\/ro\/exercise_language\/verbe-gramatica-italiana\/\">Verbe <\/a>    <\/div>\r\n<\/section> -->\r\n\r\n\r\n\r\n\r\n        <section class=\"grammarSection\">\r\n            <div class=\"grammarLinks\">\r\n                <a href=\"https:\/\/talkpal.ai\/ro\/exercise_language\/adjective-gramatica-italiana\/\">Adjective <\/a><a href=\"https:\/\/talkpal.ai\/ro\/exercise_language\/adverbe-gramatica-italiana\/\">Adverbe <\/a><a href=\"https:\/\/talkpal.ai\/ro\/exercise_language\/articole-gramatica-italiana\/\">Articole <\/a><a href=\"https:\/\/talkpal.ai\/ro\/exercise_language\/comparatie-de-timpuri-gramatica-italiana\/\">Compara\u021bie de timpuri <\/a><a href=\"https:\/\/talkpal.ai\/ro\/exercise_language\/prepozitii-gramatica-italiana\/\">Prepozi\u021bii <\/a><a href=\"https:\/\/talkpal.ai\/ro\/exercise_language\/pronume-gramatica-italiana\/\">Pronume <\/a><a href=\"https:\/\/talkpal.ai\/ro\/exercise_language\/structura-propozitiei-gramatica-italiana\/\">Structura propozi\u021biei <\/a><a href=\"https:\/\/talkpal.ai\/ro\/exercise_language\/substantive-gramatica-italiana\/\">Substantive <\/a><a href=\"https:\/\/talkpal.ai\/ro\/exercise_language\/timpuri-indicative-gramatica-italiana\/\">Timpuri Indicative <\/a><a href=\"https:\/\/talkpal.ai\/ro\/exercise_language\/timpuri-subjunctive-gramatica-italiana\/\">Timpuri subjunctive <\/a><a href=\"https:\/\/talkpal.ai\/ro\/exercise_language\/verbe-gramatica-italiana\/\">Verbe <\/a>            <\/div>\r\n        <\/section>\r\n<section class=\"promotionalBanner\">\r\n    <p class=\"promotionalText\">Cel mai eficient mod de a \u00eenv\u0103\u021ba o limb\u0103<\/p>\r\n    <a class=\"promotionalLink\" href=\"https:\/\/app.talkpal.ai\/ro\/signup?lng=\">\u00cencerca\u021bi Talkpal gratuit<\/a>\r\n<\/section>\n<div class=\"wp-block-group pageContainerStyle\"><div class=\"wp-block-group__inner-container is-layout-constrained wp-block-group-is-layout-constrained\">\n<h2 class=\"wp-block-heading\" id=\"h-italian-grammar-topics\">Subiecte de gramatic\u0103 italian\u0103<\/h2>\n\n\n\n<p>\u00cenv\u0103\u021barea unei noi limbi este o c\u0103l\u0103torie interesant\u0103 care deschide noi oportunit\u0103\u021bi \u0219i experien\u021be culturale. Una dintre cele mai frumoase \u0219i vorbite limbi este italiana, cunoscut\u0103 pentru muzicalitatea, expresivitatea \u0219i istoria bogat\u0103. Pentru a \u00eenv\u0103\u021ba limba italian\u0103 \u00een mod eficient, este esen\u021bial s\u0103 ave\u021bi o \u00een\u021belegere clar\u0103 a gramaticii <a href=\"https:\/\/talkpal.ai\/locations\/learn-english-in-sale\/\">sale<\/a>, care serve\u0219te drept baz\u0103 pentru construirea abilit\u0103\u021bilor lingvistice. Aceasta include st\u0103p\u00e2nirea diferitelor aspecte, cum ar fi timpuri, verbe, substantive, articole \u0219i multe altele. \u00cen acest ghid, vom explora o serie de subiecte gramaticale care v\u0103 vor ajuta s\u0103 \u00eenv\u0103\u021ba\u021bi limba italian\u0103 \u00eentr-un mod organizat \u0219i eficient.<\/p>\n\n\n\n<h3 class=\"wp-block-heading\" id=\"h-1-nouns-and-articles\">1. Substantive \u0219i articole:<\/h3>\n\n\n\n<p>\u00cencepe\u021bi-v\u0103 c\u0103l\u0103toria de \u00eenv\u0103\u021bare italian\u0103 cu substantive \u0219i articole, deoarece acestea sunt blocurile de baz\u0103 ale oric\u0103rei propozi\u021bii. Substantivele sunt cuvinte care reprezint\u0103 oameni, locuri, lucruri sau idei. \u00cen italian\u0103, substantivele au genuri (masculin \u0219i feminin) \u0219i numere (singular \u0219i plural). Articolele sunt cuvintele care \u00eenso\u021besc substantivele \u0219i au, de asemenea, gen \u0219i num\u0103r. Familiariza\u021bi-v\u0103 cu articolele definite (il, la etc.) \u0219i nehot\u0103r\u00e2te (un, una etc.) pentru a forma fraze simple.<\/p>\n\n\n\n<h3 class=\"wp-block-heading\" id=\"h-2-adjectives\">2. Adjective:<\/h3>\n\n\n\n<p>Adjectivele ofer\u0103 informa\u021bii despre substantive, cum ar fi culoarea, dimensiunea sau calitatea. \u00cen italian\u0103, adjectivele sunt de acord \u00een gen \u0219i num\u0103r cu substantivul <a href=\"https:\/\/talkpal.ai\/culture\/how-do-i-use-pe-care-correctly\/\">pe care<\/a> \u00eel descriu. Afla\u021bi regulile pentru plasarea adjectivelor \u0219i acordul pentru a v\u0103 \u00eembun\u0103t\u0103\u021bi abilit\u0103\u021bile lingvistice descriptive.<\/p>\n\n\n\n<h3 class=\"wp-block-heading\" id=\"h-3-pronouns\">3. Pronume:<\/h3>\n\n\n\n<p>Pronumele \u00eenlocuiesc substantivele \u00een propozi\u021bii pentru a evita repetarea. Studia\u021bi pronumele subiectului (io, tu, lui etc.), pronumele obiectului direct \u0219i indirect (lo, la, gli etc.) \u0219i pronumele posesive (mio, tuo, suo etc.) pentru a ad\u0103uga mai mult\u0103 varietate discursului dvs.<\/p>\n\n\n\n<h3 class=\"wp-block-heading\" id=\"h-4-verbs-and-tenses-indicative\">4. Verbe \u0219i timpuri orientative:<\/h3>\n\n\n\n<p>Verbele exprim\u0103 ac\u021biuni, st\u0103ri sau apari\u021bii. Verbele italiene au conjug\u0103ri diferite bazate pe subiect, timp \u0219i dispozi\u021bie. \u00cencepe\u021bi cu verbe regulate \u00een indicativul timpului prezent, cum ar fi parlare (a vorbi) \u0219i \u00eenv\u0103\u021ba\u021bi treptat alte timpuri, cum ar fi trecutul (<a href=\"https:\/\/talkpal.ai\/ar\/grammar_exercises\/passato-prossimo-%d8%aa%d9%85%d8%a7%d8%b1%d9%8a%d9%86-%d9%84%d9%84%d9%82%d9%88%d8%a7%d8%b9%d8%af-%d8%a7%d9%84%d8%a5%d9%8a%d8%b7%d8%a7%d9%84%d9%8a%d8%a9\/\">passato prossimo<\/a>) \u0219i viitorul (<a href=\"https:\/\/talkpal.ai\/ar\/grammar_exercises\/futuro-semplice-%d8%aa%d9%85%d8%a7%d8%b1%d9%8a%d9%86-%d9%84%d9%84%d9%82%d9%88%d8%a7%d8%b9%d8%af-%d8%a7%d9%84%d8%a5%d9%8a%d8%b7%d8%a7%d9%84%d9%8a%d8%a9\/\">futuro semplice<\/a>).<\/p>\n\n\n\n<h3 class=\"wp-block-heading\" id=\"h-5-tenses-subjunctive\">5. Timpuri conjunctive:<\/h3>\n\n\n\n<p>Starea conjunctiv\u0103 exprim\u0103 \u00eendoial\u0103, incertitudine sau opinii personale. Afla\u021bi cele patru timpuri conjunctive (prezent, trecut, imperfect \u0219i trecut perfect) \u0219i utiliz\u0103rile lor \u00een exprimarea dorin\u021belor, dorin\u021belor \u0219i situa\u021biilor ipotetice.<\/p>\n\n\n\n<h3 class=\"wp-block-heading\" id=\"h-6-tense-comparison\">6. Compara\u021bie tensionat\u0103:<\/h3>\n\n\n\n<p>Dezvolta\u021bi-v\u0103 capacitatea de a compara ac\u021biunile \u00een diferite intervale de timp, \u00eenv\u0103\u021b\u00e2nd cum s\u0103 utiliza\u021bi <a href=\"https:\/\/talkpal.ai\/hi\/grammar_exercises\/forme-comparative-%e0%a4%87%e0%a4%a4%e0%a4%be%e0%a4%b2%e0%a4%b5%e0%a5%80-%e0%a4%b5%e0%a5%8d%e0%a4%af%e0%a4%be%e0%a4%95%e0%a4%b0%e0%a4%a3-%e0%a4%95%e0%a5%87-%e0%a4%b2%e0%a4%bf%e0%a4%8f-%e0%a4%b5\/\">forme comparative<\/a> \u0219i superlative de adjective \u0219i adverbe. Acest lucru v\u0103 va permite s\u0103 face\u021bi compara\u021bii \u00eentre oameni, obiecte sau situa\u021bii.<\/p>\n\n\n\n<h3 class=\"wp-block-heading\" id=\"h-7-adverbs\">7. Adverbe:<\/h3>\n\n\n\n<p>Adverbele modific\u0103 verbe, adjective sau alte adverbe furniz\u00e2nd informa\u021bii suplimentare despre timp, manier\u0103 sau grad. Afla\u021bi adverbe italiene comune \u0219i plasarea lor \u00een propozi\u021bii pentru a v\u0103 \u00eembun\u0103t\u0103\u021bi fluen\u021ba.<\/p>\n\n\n\n<h3 class=\"wp-block-heading\" id=\"h-8-prepositions\">8. Prepozi\u021bii:<\/h3>\n\n\n\n<p>Prepozi\u021biile sunt esen\u021biale pentru conectarea cuvintelor \u0219i expresiilor, indic\u00e2nd rela\u021bii precum loca\u021bia, timpul sau cauza. St\u0103p\u00e2ne\u0219te prepozi\u021biile italiene comune (di, a, da etc.) \u0219i utilizarea lor \u00een diverse contexte.<\/p>\n\n\n\n<h3 class=\"wp-block-heading\" id=\"h-9-sentence-structure\">9. Structura propozi\u021biei:<\/h3>\n\n\n\n<p>\u00cen cele din urm\u0103, reuni\u021bi toate componentele gramaticale studiind structura propozi\u021biei italiene. Afla\u021bi despre ordinea subiect-verb-obiect, negarea \u0219i formarea \u00eentreb\u0103rilor pentru a crea propozi\u021bii exacte \u0219i semnificative.<\/p>\n\n\n\n<p>Urm\u00e2nd aceast\u0103 secven\u021b\u0103 de subiecte gramaticale \u0219i dedic\u00e2nd timp practicii \u0219i revizuirii, ve\u021bi fi pe cale s\u0103 st\u0103p\u00e2ni\u021bi limba italian\u0103 \u0219i s\u0103 v\u0103 bucura\u021bi de bogatele experien\u021be lingvistice \u0219i culturale pe care le ofer\u0103.<\/p>\n<\/div><\/div>\n\r\n<section class=\"learnNavigationSection\">\r\n            \r\n        <a href=\"https:\/\/talkpal.ai\/ro\/invatati-italiana\/\">\r\n            <div class=\"learnNavigationWrapper\">\r\n                <div class=\"learnNavigationContent\">\r\n                    <img decoding=\"async\" src=\"https:\/\/talkpal.ai\/wp-content\/uploads\/2024\/08\/Italian.jpg\" alt=\"Italian Flag\">\r\n                    <div>\r\n                        <h4>Despre \u00eenv\u0103\u021barea limbii italiene<\/h4>\r\n                        <p>Afla\u021bi totul despre gramatica italian\u0103.<\/p>\r\n                    <\/div>\r\n                <\/div>\r\n            <\/div>\r\n        <\/a>\r\n\r\n        \r\n        <a href=\"https:\/\/talkpal.ai\/ro\/gramatica-italiana\/\">\r\n            <div class=\"learnNavigationWrapper\">\r\n                <div class=\"learnNavigationContent\">\r\n                    <img decoding=\"async\" src=\"https:\/\/talkpal.ai\/wp-content\/uploads\/2024\/08\/Italian.jpg\" alt=\"Italian Flag\">\r\n                    <div>\r\n                        <h4>Lec\u021bii de gramatic\u0103 italian\u0103<\/h4>\r\n                        <p>Exersa\u021bi gramatica italian\u0103.<\/p>\r\n                    <\/div>\r\n                <\/div>\r\n            <\/div>\r\n        <\/a>\r\n\r\n        \r\n        <a href=\"https:\/\/talkpal.ai\/vocabulary_language\/italian\/\">\r\n            <div class=\"learnNavigationWrapper\">\r\n                <div class=\"learnNavigationContent\">\r\n                    <img decoding=\"async\" src=\"https:\/\/talkpal.ai\/wp-content\/uploads\/2024\/08\/Italian.jpg\" alt=\"Italian Flag\">\r\n                    <div>\r\n                        <h4>Vocabular \u00een italian\u0103<\/h4>\r\n                        <p>Extinde\u021bi-v\u0103 vocabularul \u00een italian\u0103.<\/p>\r\n                    <\/div>\r\n                <\/div>\r\n            <\/div>\r\n        <\/a>\r\n\r\n            <\/section>","protected":false},"excerpt":{"rendered":"<p>Subiecte de gramatic\u0103 italian\u0103 \u00cenv\u0103\u021barea unei noi limbi este o c\u0103l\u0103torie interesant\u0103 care deschide noi oportunit\u0103\u021bi \u0219i experien\u021be culturale. Una dintre cele mai frumoase \u0219i vorbite limbi este italiana, cunoscut\u0103 pentru muzicalitatea, expresivitatea \u0219i istoria bogat\u0103. Pentru a \u00eenv\u0103\u021ba limba italian\u0103 \u00een mod eficient, este esen\u021bial s\u0103 ave\u021bi o \u00een\u021belegere clar\u0103 a gramaticii sale, care [&hellip;]<\/p>\n","protected":false},"author":6,"featured_media":76294,"parent":0,"menu_order":0,"comment_status":"closed","ping_status":"closed","template":"LearningContentPage.php","meta":{"_acf_changed":false,"footnotes":""},"class_list":["post-132378","page","type-page","status-publish","has-post-thumbnail","hentry"],"acf":[],"yoast_head":"<!-- This site is optimized with the Yoast SEO Premium plugin v27.2 (Yoast SEO v27.2) - https:\/\/yoast.com\/product\/yoast-seo-premium-wordpress\/ -->\n<title>Exerci\u021bii de gramatic\u0103 italian\u0103 - Talkpal<\/title>\n<meta name=\"description\" content=\"Consolidarea gramaticii italiene \u00een mod eficient - \u00eembun\u0103t\u0103\u021bi\u021bi-v\u0103 abilit\u0103\u021bile cu exerci\u021bii practice, practic\u0103 interactiv\u0103 \u0219i feedback imediat\" \/>\n<meta name=\"robots\" content=\"index, follow, max-snippet:-1, max-image-preview:large, max-video-preview:-1\" \/>\n<link rel=\"canonical\" href=\"https:\/\/talkpal.ai\/ro\/exercitii-de-gramatica-italiana\/\" \/>\n<meta property=\"og:locale\" content=\"ro_RO\" \/>\n<meta property=\"og:type\" content=\"article\" \/>\n<meta property=\"og:title\" content=\"Exerci\u021bii de gramatic\u0103 italian\u0103\" \/>\n<meta property=\"og:description\" content=\"Subiecte de gramatic\u0103 italian\u0103 \u00cenv\u0103\u021barea unei noi limbi este o c\u0103l\u0103torie interesant\u0103 care deschide noi oportunit\u0103\u021bi \u0219i experien\u021be culturale. Una dintre\" \/>\n<meta property=\"og:url\" content=\"https:\/\/talkpal.ai\/ro\/exercitii-de-gramatica-italiana\/\" \/>\n<meta property=\"og:site_name\" content=\"Talkpal\" \/>\n<meta property=\"article:publisher\" content=\"https:\/\/www.facebook.com\/profile.php?id=100090733639311\" \/>\n<meta property=\"article:modified_time\" content=\"2025-12-17T16:13:35+00:00\" \/>\n<meta property=\"og:image\" content=\"https:\/\/talkpal.ai\/wp-content\/uploads\/2023\/03\/italy.png\" \/>\n\t<meta property=\"og:image:width\" content=\"512\" \/>\n\t<meta property=\"og:image:height\" content=\"512\" \/>\n\t<meta property=\"og:image:type\" content=\"image\/png\" \/>\n<meta name=\"twitter:card\" content=\"summary_large_image\" \/>\n<meta name=\"twitter:site\" content=\"@talkpalai\" \/>\n<meta name=\"twitter:label1\" content=\"Timp estimat pentru citire\" \/>\n\t<meta name=\"twitter:data1\" content=\"3 minute\" \/>\n<script type=\"application\/ld+json\" class=\"yoast-schema-graph\">{\"@context\":\"https:\/\/schema.org\",\"@graph\":[{\"@type\":\"WebPage\",\"@id\":\"https:\/\/talkpal.ai\/ro\/exercitii-de-gramatica-italiana\/\",\"url\":\"https:\/\/talkpal.ai\/ro\/exercitii-de-gramatica-italiana\/\",\"name\":\"Exerci\u021bii de gramatic\u0103 italian\u0103 - Talkpal\",\"isPartOf\":{\"@id\":\"https:\/\/talkpal.ai\/ro\/#website\"},\"primaryImageOfPage\":{\"@id\":\"https:\/\/talkpal.ai\/ro\/exercitii-de-gramatica-italiana\/#primaryimage\"},\"image\":{\"@id\":\"https:\/\/talkpal.ai\/ro\/exercitii-de-gramatica-italiana\/#primaryimage\"},\"thumbnailUrl\":\"https:\/\/talkpal.ai\/wp-content\/uploads\/2023\/03\/italy.png\",\"datePublished\":\"2023-06-16T09:22:36+00:00\",\"dateModified\":\"2025-12-17T16:13:35+00:00\",\"description\":\"Consolidarea gramaticii italiene \u00een mod eficient - \u00eembun\u0103t\u0103\u021bi\u021bi-v\u0103 abilit\u0103\u021bile cu exerci\u021bii practice, practic\u0103 interactiv\u0103 \u0219i feedback imediat\",\"breadcrumb\":{\"@id\":\"https:\/\/talkpal.ai\/ro\/exercitii-de-gramatica-italiana\/#breadcrumb\"},\"inLanguage\":\"ro-RO\",\"potentialAction\":[{\"@type\":\"ReadAction\",\"target\":[\"https:\/\/talkpal.ai\/ro\/exercitii-de-gramatica-italiana\/\"]}]},{\"@type\":\"ImageObject\",\"inLanguage\":\"ro-RO\",\"@id\":\"https:\/\/talkpal.ai\/ro\/exercitii-de-gramatica-italiana\/#primaryimage\",\"url\":\"https:\/\/talkpal.ai\/wp-content\/uploads\/2023\/03\/italy.png\",\"contentUrl\":\"https:\/\/talkpal.ai\/wp-content\/uploads\/2023\/03\/italy.png\",\"width\":512,\"height\":512,\"caption\":\"Talkpal AI \u00eenva\u021b\u0103 italian\u0103\"},{\"@type\":\"BreadcrumbList\",\"@id\":\"https:\/\/talkpal.ai\/ro\/exercitii-de-gramatica-italiana\/#breadcrumb\",\"itemListElement\":[{\"@type\":\"ListItem\",\"position\":1,\"name\":\"Homepage\",\"item\":\"https:\/\/talkpal.ai\/ro\/\"},{\"@type\":\"ListItem\",\"position\":2,\"name\":\"Exerci\u021bii de gramatic\u0103 italian\u0103\"}]},{\"@type\":\"WebSite\",\"@id\":\"https:\/\/talkpal.ai\/ro\/#website\",\"url\":\"https:\/\/talkpal.ai\/ro\/\",\"name\":\"Talkpal\",\"description\":\"AI Language Learning\",\"publisher\":{\"@id\":\"https:\/\/talkpal.ai\/ro\/#organization\"},\"alternateName\":\"Talkpal AI\",\"potentialAction\":[{\"@type\":\"SearchAction\",\"target\":{\"@type\":\"EntryPoint\",\"urlTemplate\":\"https:\/\/talkpal.ai\/ro\/?s={search_term_string}\"},\"query-input\":{\"@type\":\"PropertyValueSpecification\",\"valueRequired\":true,\"valueName\":\"search_term_string\"}}],\"inLanguage\":\"ro-RO\"},{\"@type\":\"Organization\",\"@id\":\"https:\/\/talkpal.ai\/ro\/#organization\",\"name\":\"Talkpal, Inc.\",\"alternateName\":\"Talkpal AI\",\"url\":\"https:\/\/talkpal.ai\/ro\/\",\"logo\":{\"@type\":\"ImageObject\",\"inLanguage\":\"ro-RO\",\"@id\":\"https:\/\/talkpal.ai\/ro\/#\/schema\/logo\/image\/\",\"url\":\"https:\/\/talkpal.ai\/wp-content\/uploads\/2024\/03\/Talkpal-Logo-Icon.png\",\"contentUrl\":\"https:\/\/talkpal.ai\/wp-content\/uploads\/2024\/03\/Talkpal-Logo-Icon.png\",\"width\":2880,\"height\":2880,\"caption\":\"Talkpal, Inc.\"},\"image\":{\"@id\":\"https:\/\/talkpal.ai\/ro\/#\/schema\/logo\/image\/\"},\"sameAs\":[\"https:\/\/www.facebook.com\/profile.php?id=100090733639311\",\"https:\/\/x.com\/talkpalai\",\"https:\/\/www.linkedin.com\/company\/talkpal\/\",\"https:\/\/www.youtube.com\/@TalkPal\/\",\"https:\/\/www.tiktok.com\/@talkpal\",\"https:\/\/www.instagram.com\/talkpal_ai\/\",\"https:\/\/www.crunchbase.com\/organization\/talkpal-9cde\",\"https:\/\/www.g2.com\/products\/talkpal-for-business\/\",\"https:\/\/www.trustpilot.com\/review\/talkpal.ai\",\"https:\/\/www.capterra.com\/p\/10006800\/TalkPal\/\"],\"description\":\"Talkpal is a language learning web and mobile education app, powered by the latest AI technologies, that provides engaging experiences to its customers in many different languages to help them improve their language skills. Users can chat about unlimited amount of topics with the app and use other modes to practice their language learning.\",\"email\":\"support@talkpal.ai\",\"legalName\":\"Talkpal, Inc.\",\"foundingDate\":\"2023-04-03\",\"duns\":\"118989042\",\"numberOfEmployees\":{\"@type\":\"QuantitativeValue\",\"minValue\":\"11\",\"maxValue\":\"50\"},\"publishingPrinciples\":\"https:\/\/talkpal.ai\/publishing-principles\/\",\"actionableFeedbackPolicy\":\"https:\/\/talkpal.ai\/actionable-feedback-policy\/\",\"correctionsPolicy\":\"https:\/\/talkpal.ai\/corrections-policy\/\",\"ethicsPolicy\":\"https:\/\/talkpal.ai\/ethics-policy\/\",\"diversityPolicy\":\"https:\/\/talkpal.ai\/diversity-policy\/\",\"diversityStaffingReport\":\"https:\/\/talkpal.ai\/diversity-policy\/\"}]}<\/script>\n<!-- \/ Yoast SEO Premium plugin. -->","yoast_head_json":{"title":"Exerci\u021bii de gramatic\u0103 italian\u0103 - Talkpal","description":"Consolidarea gramaticii italiene \u00een mod eficient - \u00eembun\u0103t\u0103\u021bi\u021bi-v\u0103 abilit\u0103\u021bile cu exerci\u021bii practice, practic\u0103 interactiv\u0103 \u0219i feedback imediat","robots":{"index":"index","follow":"follow","max-snippet":"max-snippet:-1","max-image-preview":"max-image-preview:large","max-video-preview":"max-video-preview:-1"},"canonical":"https:\/\/talkpal.ai\/ro\/exercitii-de-gramatica-italiana\/","og_locale":"ro_RO","og_type":"article","og_title":"Exerci\u021bii de gramatic\u0103 italian\u0103","og_description":"Subiecte de gramatic\u0103 italian\u0103 \u00cenv\u0103\u021barea unei noi limbi este o c\u0103l\u0103torie interesant\u0103 care deschide noi oportunit\u0103\u021bi \u0219i experien\u021be culturale. Una dintre","og_url":"https:\/\/talkpal.ai\/ro\/exercitii-de-gramatica-italiana\/","og_site_name":"Talkpal","article_publisher":"https:\/\/www.facebook.com\/profile.php?id=100090733639311","article_modified_time":"2025-12-17T16:13:35+00:00","og_image":[{"width":512,"height":512,"url":"https:\/\/talkpal.ai\/wp-content\/uploads\/2023\/03\/italy.png","type":"image\/png"}],"twitter_card":"summary_large_image","twitter_site":"@talkpalai","twitter_misc":{"Timp estimat pentru citire":"3 minute"},"schema":{"@context":"https:\/\/schema.org","@graph":[{"@type":"WebPage","@id":"https:\/\/talkpal.ai\/ro\/exercitii-de-gramatica-italiana\/","url":"https:\/\/talkpal.ai\/ro\/exercitii-de-gramatica-italiana\/","name":"Exerci\u021bii de gramatic\u0103 italian\u0103 - Talkpal","isPartOf":{"@id":"https:\/\/talkpal.ai\/ro\/#website"},"primaryImageOfPage":{"@id":"https:\/\/talkpal.ai\/ro\/exercitii-de-gramatica-italiana\/#primaryimage"},"image":{"@id":"https:\/\/talkpal.ai\/ro\/exercitii-de-gramatica-italiana\/#primaryimage"},"thumbnailUrl":"https:\/\/talkpal.ai\/wp-content\/uploads\/2023\/03\/italy.png","datePublished":"2023-06-16T09:22:36+00:00","dateModified":"2025-12-17T16:13:35+00:00","description":"Consolidarea gramaticii italiene \u00een mod eficient - \u00eembun\u0103t\u0103\u021bi\u021bi-v\u0103 abilit\u0103\u021bile cu exerci\u021bii practice, practic\u0103 interactiv\u0103 \u0219i feedback imediat","breadcrumb":{"@id":"https:\/\/talkpal.ai\/ro\/exercitii-de-gramatica-italiana\/#breadcrumb"},"inLanguage":"ro-RO","potentialAction":[{"@type":"ReadAction","target":["https:\/\/talkpal.ai\/ro\/exercitii-de-gramatica-italiana\/"]}]},{"@type":"ImageObject","inLanguage":"ro-RO","@id":"https:\/\/talkpal.ai\/ro\/exercitii-de-gramatica-italiana\/#primaryimage","url":"https:\/\/talkpal.ai\/wp-content\/uploads\/2023\/03\/italy.png","contentUrl":"https:\/\/talkpal.ai\/wp-content\/uploads\/2023\/03\/italy.png","width":512,"height":512,"caption":"Talkpal AI \u00eenva\u021b\u0103 italian\u0103"},{"@type":"BreadcrumbList","@id":"https:\/\/talkpal.ai\/ro\/exercitii-de-gramatica-italiana\/#breadcrumb","itemListElement":[{"@type":"ListItem","position":1,"name":"Homepage","item":"https:\/\/talkpal.ai\/ro\/"},{"@type":"ListItem","position":2,"name":"Exerci\u021bii de gramatic\u0103 italian\u0103"}]},{"@type":"WebSite","@id":"https:\/\/talkpal.ai\/ro\/#website","url":"https:\/\/talkpal.ai\/ro\/","name":"Talkpal","description":"AI Language Learning","publisher":{"@id":"https:\/\/talkpal.ai\/ro\/#organization"},"alternateName":"Talkpal AI","potentialAction":[{"@type":"SearchAction","target":{"@type":"EntryPoint","urlTemplate":"https:\/\/talkpal.ai\/ro\/?s={search_term_string}"},"query-input":{"@type":"PropertyValueSpecification","valueRequired":true,"valueName":"search_term_string"}}],"inLanguage":"ro-RO"},{"@type":"Organization","@id":"https:\/\/talkpal.ai\/ro\/#organization","name":"Talkpal, Inc.","alternateName":"Talkpal AI","url":"https:\/\/talkpal.ai\/ro\/","logo":{"@type":"ImageObject","inLanguage":"ro-RO","@id":"https:\/\/talkpal.ai\/ro\/#\/schema\/logo\/image\/","url":"https:\/\/talkpal.ai\/wp-content\/uploads\/2024\/03\/Talkpal-Logo-Icon.png","contentUrl":"https:\/\/talkpal.ai\/wp-content\/uploads\/2024\/03\/Talkpal-Logo-Icon.png","width":2880,"height":2880,"caption":"Talkpal, Inc."},"image":{"@id":"https:\/\/talkpal.ai\/ro\/#\/schema\/logo\/image\/"},"sameAs":["https:\/\/www.facebook.com\/profile.php?id=100090733639311","https:\/\/x.com\/talkpalai","https:\/\/www.linkedin.com\/company\/talkpal\/","https:\/\/www.youtube.com\/@TalkPal\/","https:\/\/www.tiktok.com\/@talkpal","https:\/\/www.instagram.com\/talkpal_ai\/","https:\/\/www.crunchbase.com\/organization\/talkpal-9cde","https:\/\/www.g2.com\/products\/talkpal-for-business\/","https:\/\/www.trustpilot.com\/review\/talkpal.ai","https:\/\/www.capterra.com\/p\/10006800\/TalkPal\/"],"description":"Talkpal is a language learning web and mobile education app, powered by the latest AI technologies, that provides engaging experiences to its customers in many different languages to help them improve their language skills. Users can chat about unlimited amount of topics with the app and use other modes to practice their language learning.","email":"support@talkpal.ai","legalName":"Talkpal, Inc.","foundingDate":"2023-04-03","duns":"118989042","numberOfEmployees":{"@type":"QuantitativeValue","minValue":"11","maxValue":"50"},"publishingPrinciples":"https:\/\/talkpal.ai\/publishing-principles\/","actionableFeedbackPolicy":"https:\/\/talkpal.ai\/actionable-feedback-policy\/","correctionsPolicy":"https:\/\/talkpal.ai\/corrections-policy\/","ethicsPolicy":"https:\/\/talkpal.ai\/ethics-policy\/","diversityPolicy":"https:\/\/talkpal.ai\/diversity-policy\/","diversityStaffingReport":"https:\/\/talkpal.ai\/diversity-policy\/"}]}},"_links":{"self":[{"href":"https:\/\/talkpal.ai\/ro\/wp-json\/wp\/v2\/pages\/132378","targetHints":{"allow":["GET"]}}],"collection":[{"href":"https:\/\/talkpal.ai\/ro\/wp-json\/wp\/v2\/pages"}],"about":[{"href":"https:\/\/talkpal.ai\/ro\/wp-json\/wp\/v2\/types\/page"}],"author":[{"embeddable":true,"href":"https:\/\/talkpal.ai\/ro\/wp-json\/wp\/v2\/users\/6"}],"replies":[{"embeddable":true,"href":"https:\/\/talkpal.ai\/ro\/wp-json\/wp\/v2\/comments?post=132378"}],"version-history":[{"count":0,"href":"https:\/\/talkpal.ai\/ro\/wp-json\/wp\/v2\/pages\/132378\/revisions"}],"wp:featuredmedia":[{"embeddable":true,"href":"https:\/\/talkpal.ai\/ro\/wp-json\/wp\/v2\/media\/76294"}],"wp:attachment":[{"href":"https:\/\/talkpal.ai\/ro\/wp-json\/wp\/v2\/media?parent=132378"}],"curies":[{"name":"wp","href":"https:\/\/api.w.org\/{rel}","templated":true}]}}