{"id":131991,"date":"2023-06-16T09:14:18","date_gmt":"2023-06-16T09:14:18","guid":{"rendered":"http:\/\/talkpal.ai\/exercitii-de-gramatica-germana\/"},"modified":"2025-12-17T16:11:11","modified_gmt":"2025-12-17T16:11:11","slug":"exercitii-de-gramatica-germana","status":"publish","type":"page","link":"https:\/\/talkpal.ai\/ro\/exercitii-de-gramatica-germana\/","title":{"rendered":"Exerci\u021bii de gramatic\u0103 german\u0103"},"content":{"rendered":"\r\n\r\n\r\n<section class=\"languageChallengeSection\">\r\n    <div class=\"languageInfoWrapper\">\r\n        \r\n        <h1>Exerci\u021bii de gramatic\u0103 german\u0103<\/h1>\r\n        <p>Sunte\u021bi gata s\u0103 v\u0103 consolida\u021bi gramatica german\u0103? Practicarea exerci\u021biilor gramaticale este modalitatea perfect\u0103 de a st\u0103p\u00e2ni limba german\u0103. \u00cencepe\u021bi s\u0103 lucra\u021bi la el ast\u0103zi \u0219i vede\u021bi cum v\u0103 cre\u0219te \u00eencrederea \u0219i fluen\u021ba cu fiecare exerci\u021biu!\n\n<\/p>\r\n\r\n                            <a class=\"getStartedHidden\" href=\"https:\/\/app.talkpal.ai\/ro\/signup?lng=\">\u00cencepe<\/a>\r\n        \r\n    <\/div>\r\n\r\n    <figure>\r\n    <img decoding=\"async\" width=\"768\" height=\"768\" src=\"https:\/\/talkpal.ai\/wp-content\/uploads\/2023\/06\/german-768x768.png\" class=\"languageImage no-lazy\" alt=\"Language learning for global networking\" fetchpriority=\"high\" sizes=\"(max-width: 768px) 150px, 768px\" srcset=\"https:\/\/talkpal.ai\/wp-content\/uploads\/2023\/06\/german-768x768.png 768w, https:\/\/talkpal.ai\/wp-content\/uploads\/2023\/06\/german-300x300.png 300w\" \/>\r\n    \r\n\r\n    <\/figure>\r\n\r\n            <a class=\"getStartedVisible\" href=\"https:\/\/app.talkpal.ai\/ro\/signup?lng=\">\u00cencepe<\/a>\r\n    \r\n<\/section>\r\n\r\n\r\n<!-- <section class=\"grammarSection\">\r\n    <div class=\"grammarLinks\">\r\n        <a href=\"https:\/\/talkpal.ai\/ro\/exercise_language\/adjective-gramatica-germana\/\">Adjective <\/a><a href=\"https:\/\/talkpal.ai\/ro\/exercise_language\/adverbe-gramatica-germana\/\">Adverbe <\/a><a href=\"https:\/\/talkpal.ai\/ro\/exercise_language\/declinare-gramatica-germana\/\">Declinare <\/a><a href=\"https:\/\/talkpal.ai\/ro\/exercise_language\/prepozitii-gramatica-germana\/\">Prepozi\u021bii <\/a><a href=\"https:\/\/talkpal.ai\/ro\/exercise_language\/pronume-gramatica-germana\/\">Pronume <\/a><a href=\"https:\/\/talkpal.ai\/ro\/exercise_language\/structura-propozitiilor-gramatica-germana\/\">Structura propozi\u021biilor <\/a><a href=\"https:\/\/talkpal.ai\/ro\/exercise_language\/substantive-si-articole-gramatica-germana\/\">Substantive \u0219i articole <\/a><a href=\"https:\/\/talkpal.ai\/ro\/exercise_language\/timpuri-gramatica-germana\/\">Timpuri <\/a><a href=\"https:\/\/talkpal.ai\/ro\/exercise_language\/verbe-gramatica-germana\/\">Verbe <\/a>    <\/div>\r\n<\/section> -->\r\n\r\n\r\n\r\n\r\n        <section class=\"grammarSection\">\r\n            <div class=\"grammarLinks\">\r\n                <a href=\"https:\/\/talkpal.ai\/ro\/exercise_language\/adjective-gramatica-germana\/\">Adjective <\/a><a href=\"https:\/\/talkpal.ai\/ro\/exercise_language\/adverbe-gramatica-germana\/\">Adverbe <\/a><a href=\"https:\/\/talkpal.ai\/ro\/exercise_language\/declinare-gramatica-germana\/\">Declinare <\/a><a href=\"https:\/\/talkpal.ai\/ro\/exercise_language\/prepozitii-gramatica-germana\/\">Prepozi\u021bii <\/a><a href=\"https:\/\/talkpal.ai\/ro\/exercise_language\/pronume-gramatica-germana\/\">Pronume <\/a><a href=\"https:\/\/talkpal.ai\/ro\/exercise_language\/structura-propozitiilor-gramatica-germana\/\">Structura propozi\u021biilor <\/a><a href=\"https:\/\/talkpal.ai\/ro\/exercise_language\/substantive-si-articole-gramatica-germana\/\">Substantive \u0219i articole <\/a><a href=\"https:\/\/talkpal.ai\/ro\/exercise_language\/timpuri-gramatica-germana\/\">Timpuri <\/a><a href=\"https:\/\/talkpal.ai\/ro\/exercise_language\/verbe-gramatica-germana\/\">Verbe <\/a>            <\/div>\r\n        <\/section>\r\n<section class=\"promotionalBanner\">\r\n    <p class=\"promotionalText\">Cel mai eficient mod de a \u00eenv\u0103\u021ba o limb\u0103<\/p>\r\n    <a class=\"promotionalLink\" href=\"https:\/\/app.talkpal.ai\/ro\/signup?lng=\">\u00cencerca\u021bi Talkpal gratuit<\/a>\r\n<\/section>\n<div class=\"wp-block-group pageContainerStyle\"><div class=\"wp-block-group__inner-container is-layout-constrained wp-block-group-is-layout-constrained\">\n<h2 class=\"wp-block-heading\" id=\"h-german-grammar-topics\">Subiecte de gramatic\u0103 german\u0103<\/h2>\n\n\n\n<p>\u00cenv\u0103\u021barea unei noi limbi poate fi o sarcin\u0103 descurajant\u0103, dar cu abordarea corect\u0103, poate fi o experien\u021b\u0103 interesant\u0103 \u0219i plin\u0103 de satisfac\u021bii. Germana este o limb\u0103 foarte structurat\u0103 \u0219i logic\u0103, ceea ce face mai u\u0219or de \u00eenv\u0103\u021bat dac\u0103 ave\u021bi o \u00een\u021belegere clar\u0103 a regulilor <a href=\"https:\/\/talkpal.ai\/locations\/learn-english-in-sale\/\">sale<\/a> gramaticale. Acest ghid v\u0103 va ajuta s\u0103 \u00een\u021belege\u021bi aspectele cheie ale gramaticii germane, cum ar fi timpurile, verbele, substantivele \u0219i articolele, pronumele, adjectivele, declinarea, adverbele, prepozi\u021biile \u0219i structura propozi\u021biei. Urm\u00e2nd aceast\u0103 secven\u021b\u0103, ve\u021bi putea progresa \u00een c\u0103l\u0103toria dvs. de \u00eenv\u0103\u021bare a limbii germane \u00een mod eficient \u0219i eficient.<\/p>\n\n\n\n<h3 class=\"wp-block-heading\" id=\"h-1-nouns-and-articles\">1. Substantive \u0219i articole:<\/h3>\n\n\n\n<p>\u00cencepe\u021bi prin a \u00eenv\u0103\u021ba elementele de baz\u0103 ale substantivelor germane \u0219i articolele care le \u00eenso\u021besc. Germana are trei genuri (masculin, feminin \u0219i neutru) \u0219i patru cazuri (nominativ, acuzativ, dativ \u0219i genitiv). \u00cen\u021belegerea acestor reguli v\u0103 va ajuta s\u0103 determina\u021bi articolul corect pentru fiecare substantiv \u0219i s\u0103 pune\u021bi bazele cuno\u0219tin\u021belor dvs. de <a href=\"https:\/\/talkpal.ai\/grammar\/\">gramatic\u0103<\/a> german\u0103.<\/p>\n\n\n\n<h3 class=\"wp-block-heading\" id=\"h-2-pronouns\">2. Pronume:<\/h3>\n\n\n\n<p>Pronumele \u00eenlocuiesc substantivele \u00eentr-o propozi\u021bie \u0219i au forme diferite \u00een func\u021bie de sexul, num\u0103rul \u0219i cazul lor. Familiariza\u021bi-v\u0103 cu pronumele germane, cum ar fi pronumele personale, posesive, reflexive \u0219i relative, pentru a crea propozi\u021bii mai complexe \u0219i pentru a v\u0103 exprima g\u00e2ndurile mai precis.<\/p>\n\n\n\n<h3 class=\"wp-block-heading\" id=\"h-3-verbs\">3. Verbe:<\/h3>\n\n\n\n<p>Verbele sunt cruciale \u00een formarea propozi\u021biilor, deoarece exprim\u0103 ac\u021biuni \u0219i st\u0103ri. Afla\u021bi diferitele tipuri de verbe germane, cum ar fi verbele regulate, neregulate, modale \u0219i reflexive, \u00eempreun\u0103 cu conjug\u0103rile lor \u00een prezent, trecut \u0219i viitor. Acest lucru v\u0103 va permite s\u0103 comunica\u021bi eficient \u00een diferite situa\u021bii.<\/p>\n\n\n\n<h3 class=\"wp-block-heading\" id=\"h-4-tenses\">4. Timpuri:<\/h3>\n\n\n\n<p>Timpurile indic\u0103 momentul \u00een care are loc o ac\u021biune. \u00cen limba german\u0103, exist\u0103 \u0219ase timpuri: prezent, <a href=\"https:\/\/talkpal.ai\/ro\/grammar\/trecut-simplu-in-gramatica-engleza\/\">trecut simplu<\/a>, prezent perfect, trecut perfect, viitor \u0219i viitor perfect. \u00cen\u021belegerea regulilor \u0219i utilizarea acestor timpuri v\u0103 va ajuta s\u0103 v\u0103 exprima\u021bi clar \u0219i precis.<\/p>\n\n\n\n<h3 class=\"wp-block-heading\" id=\"h-5-adjectives\">5. Adjective:<\/h3>\n\n\n\n<p>Adjectivele descriu calit\u0103\u021bile substantivelor \u0219i pronumelor \u0219i sunt de acord \u00een gen, num\u0103r \u0219i caz cu substantivul <a href=\"https:\/\/talkpal.ai\/culture\/how-do-i-use-pe-care-correctly\/\">pe care<\/a> \u00eel modific\u0103. Afla\u021bi regulile pentru declinarea adjectivului, precum \u0219i formele comparative \u0219i superlative, pentru a v\u0103 \u00eembun\u0103t\u0103\u021bi descrierile \u0219i pentru a v\u0103 face discursul mai colorat.<\/p>\n\n\n\n<h3 class=\"wp-block-heading\" id=\"h-6-declension\">6. Declinarea:<\/h3>\n\n\n\n<p>Declinarea este procesul de schimbare a substantivelor, pronumelor \u0219i adjectivelor pentru a indica func\u021bia lor gramatical\u0103 \u00eentr-o propozi\u021bie. Familiariza\u021bi-v\u0103 cu cele patru cazuri germane \u0219i cu modul \u00een care acestea afecteaz\u0103 termina\u021biile cuvintelor, ceea ce v\u0103 va permite s\u0103 construi\u021bi propozi\u021bii corecte din punct de vedere gramatical.<\/p>\n\n\n\n<h3 class=\"wp-block-heading\" id=\"h-7-adverbs\">7. Adverbe:<\/h3>\n\n\n\n<p>Adverbele ofer\u0103 informa\u021bii suplimentare despre verbe, adjective sau alte adverbe. Afla\u021bi diferitele tipuri de adverbe germane, cum ar fi cele care indic\u0103 timpul, maniera \u0219i locul \u0219i cum s\u0103 le utiliza\u021bi eficient pentru a ad\u0103uga nuan\u021be \u0219i precizie discursului dvs.<\/p>\n\n\n\n<h3 class=\"wp-block-heading\" id=\"h-8-prepositions\">8. Prepozi\u021bii:<\/h3>\n\n\n\n<p>Prepozi\u021biile sunt folosite pentru a indica rela\u021bia dintre substantive sau pronume \u0219i alte elemente dintr-o propozi\u021bie. Studia\u021bi diferitele prepozi\u021bii germane \u0219i utilizarea lor \u00een diferite cazuri pentru a dezvolta o mai bun\u0103 \u00een\u021belegere a modului \u00een care sunt construite propozi\u021biile.<\/p>\n\n\n\n<h3 class=\"wp-block-heading\" id=\"h-9-sentence-structure\">9. Structura propozi\u021biei:<\/h3>\n\n\n\n<p>\u00cen cele din urm\u0103, familiariza\u021bi-v\u0103 cu structura propozi\u021biei germane, inclusiv ordinea cuvintelor, propozi\u021biile subordonate \u0219i conjunc\u021biile. \u00cen\u021belegerea acestor reguli v\u0103 va ajuta s\u0103 crea\u021bi propozi\u021bii coerente \u0219i bine structurate, permi\u021b\u00e2ndu-v\u0103 s\u0103 v\u0103 exprima\u021bi g\u00e2ndurile \u00een mod clar \u0219i eficient \u00een limba german\u0103.<\/p>\n<\/div><\/div>\n\r\n<section class=\"learnNavigationSection\">\r\n            \r\n        <a href=\"https:\/\/talkpal.ai\/ro\/invatati-germana\/\">\r\n            <div class=\"learnNavigationWrapper\">\r\n                <div class=\"learnNavigationContent\">\r\n                    <img decoding=\"async\" src=\"https:\/\/talkpal.ai\/wp-content\/uploads\/2024\/08\/German.jpg\" alt=\"German Flag\">\r\n                    <div>\r\n                        <h4>Despre \u00eenv\u0103\u021barea limbii germane<\/h4>\r\n                        <p>Afla\u021bi totul despre gramatica german\u0103.<\/p>\r\n                    <\/div>\r\n                <\/div>\r\n            <\/div>\r\n        <\/a>\r\n\r\n        \r\n        <a href=\"https:\/\/talkpal.ai\/ro\/gramatica-germana\/\">\r\n            <div class=\"learnNavigationWrapper\">\r\n                <div class=\"learnNavigationContent\">\r\n                    <img decoding=\"async\" src=\"https:\/\/talkpal.ai\/wp-content\/uploads\/2024\/08\/German.jpg\" alt=\"German Flag\">\r\n                    <div>\r\n                        <h4>Lec\u021bii de gramatic\u0103 german\u0103<\/h4>\r\n                        <p>Exersa\u021bi gramatica german\u0103.<\/p>\r\n                    <\/div>\r\n                <\/div>\r\n            <\/div>\r\n        <\/a>\r\n\r\n        \r\n        <a href=\"https:\/\/talkpal.ai\/vocabulary_language\/german\/\">\r\n            <div class=\"learnNavigationWrapper\">\r\n                <div class=\"learnNavigationContent\">\r\n                    <img decoding=\"async\" src=\"https:\/\/talkpal.ai\/wp-content\/uploads\/2024\/08\/German.jpg\" alt=\"German Flag\">\r\n                    <div>\r\n                        <h4>Vocabularul german<\/h4>\r\n                        <p>Extinde\u021bi-v\u0103 vocabularul german.<\/p>\r\n                    <\/div>\r\n                <\/div>\r\n            <\/div>\r\n        <\/a>\r\n\r\n            <\/section>","protected":false},"excerpt":{"rendered":"<p>Subiecte de gramatic\u0103 german\u0103 \u00cenv\u0103\u021barea unei noi limbi poate fi o sarcin\u0103 descurajant\u0103, dar cu abordarea corect\u0103, poate fi o experien\u021b\u0103 interesant\u0103 \u0219i plin\u0103 de satisfac\u021bii. Germana este o limb\u0103 foarte structurat\u0103 \u0219i logic\u0103, ceea ce face mai u\u0219or de \u00eenv\u0103\u021bat dac\u0103 ave\u021bi o \u00een\u021belegere clar\u0103 a regulilor sale gramaticale. Acest ghid v\u0103 va ajuta [&hellip;]<\/p>\n","protected":false},"author":6,"featured_media":75770,"parent":0,"menu_order":0,"comment_status":"closed","ping_status":"closed","template":"LearningContentPage.php","meta":{"_acf_changed":false,"footnotes":""},"class_list":["post-131991","page","type-page","status-publish","has-post-thumbnail","hentry"],"acf":[],"yoast_head":"<!-- This site is optimized with the Yoast SEO Premium plugin v27.2 (Yoast SEO v27.2) - https:\/\/yoast.com\/product\/yoast-seo-premium-wordpress\/ -->\n<title>Exerci\u021bii de gramatic\u0103 german\u0103 - Talkpal<\/title>\n<meta name=\"description\" content=\"\u00cembun\u0103t\u0103\u021bi\u021bi-v\u0103 gramatica limbii germane cu exerci\u021bii practice - \u00eembun\u0103t\u0103\u021bi\u021bi-v\u0103 rapid, exersa\u021bi interactiv \u0219i c\u00e2\u0219tiga\u021bi \u00eencredere \u00een limba german\u0103 folosind Talkpal AI.\" \/>\n<meta name=\"robots\" content=\"index, follow, max-snippet:-1, max-image-preview:large, max-video-preview:-1\" \/>\n<link rel=\"canonical\" href=\"https:\/\/talkpal.ai\/ro\/exercitii-de-gramatica-germana\/\" \/>\n<meta property=\"og:locale\" content=\"ro_RO\" \/>\n<meta property=\"og:type\" content=\"article\" \/>\n<meta property=\"og:title\" content=\"Exerci\u021bii de gramatic\u0103 german\u0103\" \/>\n<meta property=\"og:description\" content=\"Subiecte de gramatic\u0103 german\u0103 \u00cenv\u0103\u021barea unei noi limbi poate fi o sarcin\u0103 descurajant\u0103, dar cu abordarea corect\u0103, poate fi o experien\u021b\u0103 interesant\u0103 \u0219i\" \/>\n<meta property=\"og:url\" content=\"https:\/\/talkpal.ai\/ro\/exercitii-de-gramatica-germana\/\" \/>\n<meta property=\"og:site_name\" content=\"Talkpal\" \/>\n<meta property=\"article:publisher\" content=\"https:\/\/www.facebook.com\/profile.php?id=100090733639311\" \/>\n<meta property=\"article:modified_time\" content=\"2025-12-17T16:11:11+00:00\" \/>\n<meta property=\"og:image\" content=\"https:\/\/talkpal.ai\/wp-content\/uploads\/2023\/03\/germany.png\" \/>\n\t<meta property=\"og:image:width\" content=\"512\" \/>\n\t<meta property=\"og:image:height\" content=\"512\" \/>\n\t<meta property=\"og:image:type\" content=\"image\/png\" \/>\n<meta name=\"twitter:card\" content=\"summary_large_image\" \/>\n<meta name=\"twitter:site\" content=\"@talkpalai\" \/>\n<meta name=\"twitter:label1\" content=\"Timp estimat pentru citire\" \/>\n\t<meta name=\"twitter:data1\" content=\"3 minute\" \/>\n<script type=\"application\/ld+json\" class=\"yoast-schema-graph\">{\"@context\":\"https:\/\/schema.org\",\"@graph\":[{\"@type\":\"WebPage\",\"@id\":\"https:\/\/talkpal.ai\/ro\/exercitii-de-gramatica-germana\/\",\"url\":\"https:\/\/talkpal.ai\/ro\/exercitii-de-gramatica-germana\/\",\"name\":\"Exerci\u021bii de gramatic\u0103 german\u0103 - Talkpal\",\"isPartOf\":{\"@id\":\"https:\/\/talkpal.ai\/ro\/#website\"},\"primaryImageOfPage\":{\"@id\":\"https:\/\/talkpal.ai\/ro\/exercitii-de-gramatica-germana\/#primaryimage\"},\"image\":{\"@id\":\"https:\/\/talkpal.ai\/ro\/exercitii-de-gramatica-germana\/#primaryimage\"},\"thumbnailUrl\":\"https:\/\/talkpal.ai\/wp-content\/uploads\/2023\/03\/germany.png\",\"datePublished\":\"2023-06-16T09:14:18+00:00\",\"dateModified\":\"2025-12-17T16:11:11+00:00\",\"description\":\"\u00cembun\u0103t\u0103\u021bi\u021bi-v\u0103 gramatica limbii germane cu exerci\u021bii practice - \u00eembun\u0103t\u0103\u021bi\u021bi-v\u0103 rapid, exersa\u021bi interactiv \u0219i c\u00e2\u0219tiga\u021bi \u00eencredere \u00een limba german\u0103 folosind Talkpal AI.\",\"breadcrumb\":{\"@id\":\"https:\/\/talkpal.ai\/ro\/exercitii-de-gramatica-germana\/#breadcrumb\"},\"inLanguage\":\"ro-RO\",\"potentialAction\":[{\"@type\":\"ReadAction\",\"target\":[\"https:\/\/talkpal.ai\/ro\/exercitii-de-gramatica-germana\/\"]}]},{\"@type\":\"ImageObject\",\"inLanguage\":\"ro-RO\",\"@id\":\"https:\/\/talkpal.ai\/ro\/exercitii-de-gramatica-germana\/#primaryimage\",\"url\":\"https:\/\/talkpal.ai\/wp-content\/uploads\/2023\/03\/germany.png\",\"contentUrl\":\"https:\/\/talkpal.ai\/wp-content\/uploads\/2023\/03\/germany.png\",\"width\":512,\"height\":512,\"caption\":\"TalkPal AI learn German\"},{\"@type\":\"BreadcrumbList\",\"@id\":\"https:\/\/talkpal.ai\/ro\/exercitii-de-gramatica-germana\/#breadcrumb\",\"itemListElement\":[{\"@type\":\"ListItem\",\"position\":1,\"name\":\"Homepage\",\"item\":\"https:\/\/talkpal.ai\/ro\/\"},{\"@type\":\"ListItem\",\"position\":2,\"name\":\"Exerci\u021bii de gramatic\u0103 german\u0103\"}]},{\"@type\":\"WebSite\",\"@id\":\"https:\/\/talkpal.ai\/ro\/#website\",\"url\":\"https:\/\/talkpal.ai\/ro\/\",\"name\":\"Talkpal\",\"description\":\"AI Language Learning\",\"publisher\":{\"@id\":\"https:\/\/talkpal.ai\/ro\/#organization\"},\"alternateName\":\"Talkpal AI\",\"potentialAction\":[{\"@type\":\"SearchAction\",\"target\":{\"@type\":\"EntryPoint\",\"urlTemplate\":\"https:\/\/talkpal.ai\/ro\/?s={search_term_string}\"},\"query-input\":{\"@type\":\"PropertyValueSpecification\",\"valueRequired\":true,\"valueName\":\"search_term_string\"}}],\"inLanguage\":\"ro-RO\"},{\"@type\":\"Organization\",\"@id\":\"https:\/\/talkpal.ai\/ro\/#organization\",\"name\":\"Talkpal, Inc.\",\"alternateName\":\"Talkpal AI\",\"url\":\"https:\/\/talkpal.ai\/ro\/\",\"logo\":{\"@type\":\"ImageObject\",\"inLanguage\":\"ro-RO\",\"@id\":\"https:\/\/talkpal.ai\/ro\/#\/schema\/logo\/image\/\",\"url\":\"https:\/\/talkpal.ai\/wp-content\/uploads\/2024\/03\/Talkpal-Logo-Icon.png\",\"contentUrl\":\"https:\/\/talkpal.ai\/wp-content\/uploads\/2024\/03\/Talkpal-Logo-Icon.png\",\"width\":2880,\"height\":2880,\"caption\":\"Talkpal, Inc.\"},\"image\":{\"@id\":\"https:\/\/talkpal.ai\/ro\/#\/schema\/logo\/image\/\"},\"sameAs\":[\"https:\/\/www.facebook.com\/profile.php?id=100090733639311\",\"https:\/\/x.com\/talkpalai\",\"https:\/\/www.linkedin.com\/company\/talkpal\/\",\"https:\/\/www.youtube.com\/@TalkPal\/\",\"https:\/\/www.tiktok.com\/@talkpal\",\"https:\/\/www.instagram.com\/talkpal_ai\/\",\"https:\/\/www.crunchbase.com\/organization\/talkpal-9cde\",\"https:\/\/www.g2.com\/products\/talkpal-for-business\/\",\"https:\/\/www.trustpilot.com\/review\/talkpal.ai\",\"https:\/\/www.capterra.com\/p\/10006800\/TalkPal\/\"],\"description\":\"Talkpal is a language learning web and mobile education app, powered by the latest AI technologies, that provides engaging experiences to its customers in many different languages to help them improve their language skills. Users can chat about unlimited amount of topics with the app and use other modes to practice their language learning.\",\"email\":\"support@talkpal.ai\",\"legalName\":\"Talkpal, Inc.\",\"foundingDate\":\"2023-04-03\",\"duns\":\"118989042\",\"numberOfEmployees\":{\"@type\":\"QuantitativeValue\",\"minValue\":\"11\",\"maxValue\":\"50\"},\"publishingPrinciples\":\"https:\/\/talkpal.ai\/publishing-principles\/\",\"actionableFeedbackPolicy\":\"https:\/\/talkpal.ai\/actionable-feedback-policy\/\",\"correctionsPolicy\":\"https:\/\/talkpal.ai\/corrections-policy\/\",\"ethicsPolicy\":\"https:\/\/talkpal.ai\/ethics-policy\/\",\"diversityPolicy\":\"https:\/\/talkpal.ai\/diversity-policy\/\",\"diversityStaffingReport\":\"https:\/\/talkpal.ai\/diversity-policy\/\"}]}<\/script>\n<!-- \/ Yoast SEO Premium plugin. -->","yoast_head_json":{"title":"Exerci\u021bii de gramatic\u0103 german\u0103 - Talkpal","description":"\u00cembun\u0103t\u0103\u021bi\u021bi-v\u0103 gramatica limbii germane cu exerci\u021bii practice - \u00eembun\u0103t\u0103\u021bi\u021bi-v\u0103 rapid, exersa\u021bi interactiv \u0219i c\u00e2\u0219tiga\u021bi \u00eencredere \u00een limba german\u0103 folosind Talkpal AI.","robots":{"index":"index","follow":"follow","max-snippet":"max-snippet:-1","max-image-preview":"max-image-preview:large","max-video-preview":"max-video-preview:-1"},"canonical":"https:\/\/talkpal.ai\/ro\/exercitii-de-gramatica-germana\/","og_locale":"ro_RO","og_type":"article","og_title":"Exerci\u021bii de gramatic\u0103 german\u0103","og_description":"Subiecte de gramatic\u0103 german\u0103 \u00cenv\u0103\u021barea unei noi limbi poate fi o sarcin\u0103 descurajant\u0103, dar cu abordarea corect\u0103, poate fi o experien\u021b\u0103 interesant\u0103 \u0219i","og_url":"https:\/\/talkpal.ai\/ro\/exercitii-de-gramatica-germana\/","og_site_name":"Talkpal","article_publisher":"https:\/\/www.facebook.com\/profile.php?id=100090733639311","article_modified_time":"2025-12-17T16:11:11+00:00","og_image":[{"width":512,"height":512,"url":"https:\/\/talkpal.ai\/wp-content\/uploads\/2023\/03\/germany.png","type":"image\/png"}],"twitter_card":"summary_large_image","twitter_site":"@talkpalai","twitter_misc":{"Timp estimat pentru citire":"3 minute"},"schema":{"@context":"https:\/\/schema.org","@graph":[{"@type":"WebPage","@id":"https:\/\/talkpal.ai\/ro\/exercitii-de-gramatica-germana\/","url":"https:\/\/talkpal.ai\/ro\/exercitii-de-gramatica-germana\/","name":"Exerci\u021bii de gramatic\u0103 german\u0103 - Talkpal","isPartOf":{"@id":"https:\/\/talkpal.ai\/ro\/#website"},"primaryImageOfPage":{"@id":"https:\/\/talkpal.ai\/ro\/exercitii-de-gramatica-germana\/#primaryimage"},"image":{"@id":"https:\/\/talkpal.ai\/ro\/exercitii-de-gramatica-germana\/#primaryimage"},"thumbnailUrl":"https:\/\/talkpal.ai\/wp-content\/uploads\/2023\/03\/germany.png","datePublished":"2023-06-16T09:14:18+00:00","dateModified":"2025-12-17T16:11:11+00:00","description":"\u00cembun\u0103t\u0103\u021bi\u021bi-v\u0103 gramatica limbii germane cu exerci\u021bii practice - \u00eembun\u0103t\u0103\u021bi\u021bi-v\u0103 rapid, exersa\u021bi interactiv \u0219i c\u00e2\u0219tiga\u021bi \u00eencredere \u00een limba german\u0103 folosind Talkpal AI.","breadcrumb":{"@id":"https:\/\/talkpal.ai\/ro\/exercitii-de-gramatica-germana\/#breadcrumb"},"inLanguage":"ro-RO","potentialAction":[{"@type":"ReadAction","target":["https:\/\/talkpal.ai\/ro\/exercitii-de-gramatica-germana\/"]}]},{"@type":"ImageObject","inLanguage":"ro-RO","@id":"https:\/\/talkpal.ai\/ro\/exercitii-de-gramatica-germana\/#primaryimage","url":"https:\/\/talkpal.ai\/wp-content\/uploads\/2023\/03\/germany.png","contentUrl":"https:\/\/talkpal.ai\/wp-content\/uploads\/2023\/03\/germany.png","width":512,"height":512,"caption":"TalkPal AI learn German"},{"@type":"BreadcrumbList","@id":"https:\/\/talkpal.ai\/ro\/exercitii-de-gramatica-germana\/#breadcrumb","itemListElement":[{"@type":"ListItem","position":1,"name":"Homepage","item":"https:\/\/talkpal.ai\/ro\/"},{"@type":"ListItem","position":2,"name":"Exerci\u021bii de gramatic\u0103 german\u0103"}]},{"@type":"WebSite","@id":"https:\/\/talkpal.ai\/ro\/#website","url":"https:\/\/talkpal.ai\/ro\/","name":"Talkpal","description":"AI Language Learning","publisher":{"@id":"https:\/\/talkpal.ai\/ro\/#organization"},"alternateName":"Talkpal AI","potentialAction":[{"@type":"SearchAction","target":{"@type":"EntryPoint","urlTemplate":"https:\/\/talkpal.ai\/ro\/?s={search_term_string}"},"query-input":{"@type":"PropertyValueSpecification","valueRequired":true,"valueName":"search_term_string"}}],"inLanguage":"ro-RO"},{"@type":"Organization","@id":"https:\/\/talkpal.ai\/ro\/#organization","name":"Talkpal, Inc.","alternateName":"Talkpal AI","url":"https:\/\/talkpal.ai\/ro\/","logo":{"@type":"ImageObject","inLanguage":"ro-RO","@id":"https:\/\/talkpal.ai\/ro\/#\/schema\/logo\/image\/","url":"https:\/\/talkpal.ai\/wp-content\/uploads\/2024\/03\/Talkpal-Logo-Icon.png","contentUrl":"https:\/\/talkpal.ai\/wp-content\/uploads\/2024\/03\/Talkpal-Logo-Icon.png","width":2880,"height":2880,"caption":"Talkpal, Inc."},"image":{"@id":"https:\/\/talkpal.ai\/ro\/#\/schema\/logo\/image\/"},"sameAs":["https:\/\/www.facebook.com\/profile.php?id=100090733639311","https:\/\/x.com\/talkpalai","https:\/\/www.linkedin.com\/company\/talkpal\/","https:\/\/www.youtube.com\/@TalkPal\/","https:\/\/www.tiktok.com\/@talkpal","https:\/\/www.instagram.com\/talkpal_ai\/","https:\/\/www.crunchbase.com\/organization\/talkpal-9cde","https:\/\/www.g2.com\/products\/talkpal-for-business\/","https:\/\/www.trustpilot.com\/review\/talkpal.ai","https:\/\/www.capterra.com\/p\/10006800\/TalkPal\/"],"description":"Talkpal is a language learning web and mobile education app, powered by the latest AI technologies, that provides engaging experiences to its customers in many different languages to help them improve their language skills. Users can chat about unlimited amount of topics with the app and use other modes to practice their language learning.","email":"support@talkpal.ai","legalName":"Talkpal, Inc.","foundingDate":"2023-04-03","duns":"118989042","numberOfEmployees":{"@type":"QuantitativeValue","minValue":"11","maxValue":"50"},"publishingPrinciples":"https:\/\/talkpal.ai\/publishing-principles\/","actionableFeedbackPolicy":"https:\/\/talkpal.ai\/actionable-feedback-policy\/","correctionsPolicy":"https:\/\/talkpal.ai\/corrections-policy\/","ethicsPolicy":"https:\/\/talkpal.ai\/ethics-policy\/","diversityPolicy":"https:\/\/talkpal.ai\/diversity-policy\/","diversityStaffingReport":"https:\/\/talkpal.ai\/diversity-policy\/"}]}},"_links":{"self":[{"href":"https:\/\/talkpal.ai\/ro\/wp-json\/wp\/v2\/pages\/131991","targetHints":{"allow":["GET"]}}],"collection":[{"href":"https:\/\/talkpal.ai\/ro\/wp-json\/wp\/v2\/pages"}],"about":[{"href":"https:\/\/talkpal.ai\/ro\/wp-json\/wp\/v2\/types\/page"}],"author":[{"embeddable":true,"href":"https:\/\/talkpal.ai\/ro\/wp-json\/wp\/v2\/users\/6"}],"replies":[{"embeddable":true,"href":"https:\/\/talkpal.ai\/ro\/wp-json\/wp\/v2\/comments?post=131991"}],"version-history":[{"count":0,"href":"https:\/\/talkpal.ai\/ro\/wp-json\/wp\/v2\/pages\/131991\/revisions"}],"wp:featuredmedia":[{"embeddable":true,"href":"https:\/\/talkpal.ai\/ro\/wp-json\/wp\/v2\/media\/75770"}],"wp:attachment":[{"href":"https:\/\/talkpal.ai\/ro\/wp-json\/wp\/v2\/media?parent=131991"}],"curies":[{"name":"wp","href":"https:\/\/api.w.org\/{rel}","templated":true}]}}