{"id":131894,"date":"2023-06-16T08:35:52","date_gmt":"2023-06-16T08:35:52","guid":{"rendered":"http:\/\/talkpal.ai\/exercitii-de-gramatica-franceza\/"},"modified":"2025-12-17T16:46:46","modified_gmt":"2025-12-17T16:46:46","slug":"exercitii-de-gramatica-franceza","status":"publish","type":"page","link":"https:\/\/talkpal.ai\/ro\/exercitii-de-gramatica-franceza\/","title":{"rendered":"Exerci\u021bii de gramatic\u0103 francez\u0103"},"content":{"rendered":"\r\n\r\n\r\n<section class=\"languageChallengeSection\">\r\n    <div class=\"languageInfoWrapper\">\r\n        \r\n        <h1>Exerci\u021bii de gramatic\u0103 francez\u0103<\/h1>\r\n        <p>Dori\u021bi s\u0103 st\u0103p\u00e2ni\u021bi <a href=\"https:\/\/talkpal.ai\/ro\/cursuri-de-limba-franceza\/\">limba francez\u0103<\/a>? Practicarea exerci\u021biilor gramaticale este o modalitate fantastic\u0103 de a \u00een\u021belege structura propozi\u021biilor, conjugarea verbelor \u0219i modelele unice ale limbii franceze. \u00cencepe\u021bi s\u0103 lucra\u021bi la gramatica francez\u0103 ast\u0103zi \u0219i urm\u0103ri\u021bi cum v\u0103 cre\u0219te \u00eencrederea \u0219i fluen\u021ba cu fiecare exerci\u021biu!\n\n<\/p>\r\n\r\n                            <a class=\"getStartedHidden\" href=\"https:\/\/app.talkpal.ai\/ro\/signup?lng=\">\u00cencepe<\/a>\r\n        \r\n    <\/div>\r\n\r\n    <figure>\r\n    <img decoding=\"async\" width=\"768\" height=\"768\" src=\"https:\/\/talkpal.ai\/wp-content\/uploads\/2023\/06\/french-768x768.png\" class=\"languageImage no-lazy\" alt=\"Language learning strategies for professionals\" fetchpriority=\"high\" sizes=\"(max-width: 768px) 150px, 768px\" srcset=\"https:\/\/talkpal.ai\/wp-content\/uploads\/2023\/06\/french-768x768.png 768w, https:\/\/talkpal.ai\/wp-content\/uploads\/2023\/06\/french-300x300.png 300w\" \/>\r\n    \r\n\r\n    <\/figure>\r\n\r\n            <a class=\"getStartedVisible\" href=\"https:\/\/app.talkpal.ai\/ro\/signup?lng=\">\u00cencepe<\/a>\r\n    \r\n<\/section>\r\n\r\n\r\n<!-- <section class=\"grammarSection\">\r\n    <div class=\"grammarLinks\">\r\n        <a href=\"https:\/\/talkpal.ai\/ro\/exercise_language\/adjective-gramatica-franceza\/\">Adjective <\/a><a href=\"https:\/\/talkpal.ai\/ro\/exercise_language\/adverbe-gramatica-franceza\/\">Adverbe <\/a><a href=\"https:\/\/talkpal.ai\/ro\/exercise_language\/articole-gramatica-franceza\/\">Articole <\/a><a href=\"https:\/\/talkpal.ai\/ro\/exercise_language\/prepozitii-gramatica-franceza\/\">Prepozi\u021bii <\/a><a href=\"https:\/\/talkpal.ai\/ro\/exercise_language\/pronume-si-determinanti-gramatica-franceza\/\">Pronume \u0219i determinan\u021bi <\/a><a href=\"https:\/\/talkpal.ai\/ro\/exercise_language\/structura-propozitiei-gramatica-franceza\/\">Structura propozi\u021biei <\/a><a href=\"https:\/\/talkpal.ai\/ro\/exercise_language\/substantive-gramatica-franceza\/\">Substantive <\/a><a href=\"https:\/\/talkpal.ai\/ro\/exercise_language\/timpuri-indicativ-gramatica-franceza\/\">Timpuri \u2013 Indicativ <\/a><a href=\"https:\/\/talkpal.ai\/ro\/exercise_language\/verbe-gramatica-franceza\/\">Verbe <\/a>    <\/div>\r\n<\/section> -->\r\n\r\n\r\n\r\n\r\n        <section class=\"grammarSection\">\r\n            <div class=\"grammarLinks\">\r\n                <a href=\"https:\/\/talkpal.ai\/ro\/exercise_language\/adjective-gramatica-franceza\/\">Adjective <\/a><a href=\"https:\/\/talkpal.ai\/ro\/exercise_language\/adverbe-gramatica-franceza\/\">Adverbe <\/a><a href=\"https:\/\/talkpal.ai\/ro\/exercise_language\/articole-gramatica-franceza\/\">Articole <\/a><a href=\"https:\/\/talkpal.ai\/ro\/exercise_language\/prepozitii-gramatica-franceza\/\">Prepozi\u021bii <\/a><a href=\"https:\/\/talkpal.ai\/ro\/exercise_language\/pronume-si-determinanti-gramatica-franceza\/\">Pronume \u0219i determinan\u021bi <\/a><a href=\"https:\/\/talkpal.ai\/ro\/exercise_language\/structura-propozitiei-gramatica-franceza\/\">Structura propozi\u021biei <\/a><a href=\"https:\/\/talkpal.ai\/ro\/exercise_language\/substantive-gramatica-franceza\/\">Substantive <\/a><a href=\"https:\/\/talkpal.ai\/ro\/exercise_language\/timpuri-indicativ-gramatica-franceza\/\">Timpuri \u2013 Indicativ <\/a><a href=\"https:\/\/talkpal.ai\/ro\/exercise_language\/verbe-gramatica-franceza\/\">Verbe <\/a>            <\/div>\r\n        <\/section>\r\n<section class=\"promotionalBanner\">\r\n    <p class=\"promotionalText\">Cel mai eficient mod de a \u00eenv\u0103\u021ba o limb\u0103<\/p>\r\n    <a class=\"promotionalLink\" href=\"https:\/\/app.talkpal.ai\/ro\/signup?lng=\">\u00cencerca\u021bi Talkpal gratuit<\/a>\r\n<\/section>\n<div class=\"wp-block-group pageContainerStyle\"><div class=\"wp-block-group__inner-container is-layout-constrained wp-block-group-is-layout-constrained\">\n<h2 class=\"wp-block-heading\" id=\"h-french-grammar-topics\">Subiecte de gramatic\u0103 francez\u0103<\/h2>\n\n\n\n<p>\u00cenv\u0103\u021barea limbii franceze poate fi o experien\u021b\u0103 interesant\u0103 \u0219i plin\u0103 de satisfac\u021bii. Fiind o limb\u0103 bogat\u0103 \u00een istorie \u0219i cultur\u0103, franceza ofer\u0103 o perspectiv\u0103 unic\u0103 asupra lumii \u0219i este un instrument esen\u021bial de comunicare \u00een diverse domenii. Pentru a \u00eenv\u0103\u021ba eficient limba francez\u0103, este esen\u021bial s\u0103 ave\u021bi o bun\u0103 \u00een\u021belegere a gramaticii <a href=\"https:\/\/talkpal.ai\/locations\/learn-english-in-sale\/\">sale<\/a>, care este fundamentul oric\u0103rei limbi. Urm\u0103toarea secven\u021b\u0103 de subiecte gramaticale franceze, inclusiv adjective, adverbe, articole, substantive, prepozi\u021bii, pronume \u0219i determinan\u021bi, structura propozi\u021biei, timpuri &#8211; indicativ \u0219i verbe, v\u0103 va ajuta s\u0103 v\u0103 ghida\u021bi \u00een c\u0103l\u0103toria dvs. spre st\u0103p\u00e2nirea limbii.<\/p>\n\n\n\n<h3 class=\"wp-block-heading\" id=\"h-1-nouns\">1. Substantive:<\/h3>\n\n\n\n<p>Substantivele sunt principalele elemente de baz\u0103 ale oric\u0103rei limbi, deoarece reprezint\u0103 oameni, locuri, lucruri sau idei. \u00cen francez\u0103, substantivele au genuri (masculin sau feminin) \u0219i pot fi singulare sau <a href=\"https:\/\/talkpal.ai\/zh-hans\/grammar_exercises\/plurale-%e6%84%8f%e5%a4%a7%e5%88%a9%e8%af%ad%e6%b3%95%e7%bb%83%e4%b9%a0\/\">plurale<\/a>. \u00cen\u021belegerea genului \u0219i a num\u0103rului de substantive este vital\u0103, deoarece influen\u021beaz\u0103 formele altor cuvinte dintr-o propozi\u021bie, cum ar fi adjectivele, articolele \u0219i pronumele.<\/p>\n\n\n\n<h3 class=\"wp-block-heading\" id=\"h-2-articles\">2. Articole:<\/h3>\n\n\n\n<p>Articolele sunt esen\u021biale \u00een gramatica francez\u0103, deoarece ofer\u0103 informa\u021bii despre genul \u0219i num\u0103rul unui substantiv. Exist\u0103 trei tipuri de articole \u00een limba francez\u0103: definite (le, la, les), nedefinite (un, une, des) \u0219i partitive (du, de la, des). Utilizarea articolului corespunz\u0103tor ajut\u0103 la transmiterea sensului inten\u021bionat al unei propozi\u021bii.<\/p>\n\n\n\n<h3 class=\"wp-block-heading\" id=\"h-3-adjectives\">3. Adjective:<\/h3>\n\n\n\n<p>Adjectivele sunt folosite pentru a descrie sau modifica substantivele. \u00cen francez\u0103, adjectivele trebuie s\u0103 fie de acord cu substantivul <a href=\"https:\/\/talkpal.ai\/culture\/how-do-i-use-pe-care-correctly\/\">pe care<\/a> \u00eel modific\u0103 \u00een gen \u0219i num\u0103r. \u00cen plus, pozi\u021bia adjectivelor \u00eentr-o propozi\u021bie poate varia, de\u0219i majoritatea adjectivelor urmeaz\u0103 substantivul pe care \u00eel descriu.<\/p>\n\n\n\n<h3 class=\"wp-block-heading\" id=\"h-4-pronouns-and-determiners\">4. Pronume \u0219i determinan\u021bi:<\/h3>\n\n\n\n<p>Pronumele \u00eenlocuiesc substantivele pentru a evita repeti\u021bia, \u00een timp ce determinan\u021bii specific\u0103 sau cuantific\u0103 substantivele. At\u00e2t pronumele, c\u00e2t \u0219i determinan\u021bii trebuie s\u0103 fie de acord cu substantivul pe care \u00eel \u00eenlocuiesc sau \u00eel \u00eenso\u021besc \u00een gen \u0219i num\u0103r. Pronumele franceze includ pronumele subiect (je, tu, il etc.), pronumele obiect (eu, te, lui etc.) \u0219i pronumele reflexive (eu, te, se etc.). Determinan\u021bii includ adjective posesive (mon, ma, mes etc.) \u0219i adjective demonstrative (ce, cette, ces, etc.).<\/p>\n\n\n\n<h3 class=\"wp-block-heading\" id=\"h-5-verbs\">5. Verbe:<\/h3>\n\n\n\n<p>Verbele exprim\u0103 ac\u021biuni, st\u0103ri sau apari\u021bii. \u00cen francez\u0103, verbele sunt conjugate pentru a fi de acord cu subiectul \u00een persoan\u0103 \u0219i num\u0103r \u0219i pentru a exprima diferite timpuri \u0219i dispozi\u021bii. Verbele regulate urmeaz\u0103 un model previzibil, \u00een timp ce verbele neregulate necesit\u0103 memorare.<\/p>\n\n\n\n<h3 class=\"wp-block-heading\" id=\"h-6-tenses-indicative\">6. Timpuri &#8211; Indicativ:<\/h3>\n\n\n\n<p>Starea de spirit indicativ\u0103 este utilizat\u0103 pentru a exprima fapte \u0219i declara\u021bii obiective. Exist\u0103 opt timpuri \u00een indicativul francez: prezent, viitor, imperfect, <a href=\"https:\/\/talkpal.ai\/ro\/grammar\/trecut-simplu-in-gramatica-engleza\/\">trecut simplu<\/a>, pluperfect, viitor perfect, trecut condi\u021bionat \u0219i trecut perfect. \u00cen\u021belegerea \u0219i st\u0103p\u00e2nirea acestor timpuri este crucial\u0103 pentru exprimarea timpului \u0219i a secven\u021bei \u00een limba francez\u0103.<\/p>\n\n\n\n<h3 class=\"wp-block-heading\" id=\"h-7-adverbs\">7. Adverbe:<\/h3>\n\n\n\n<p>Adverbele modific\u0103 verbe, adjective sau alte adverbe, furniz\u00e2nd informa\u021bii suplimentare despre ac\u021biune, stare sau calitate. \u00cen francez\u0103, majoritatea adverbelor se formeaz\u0103 prin ad\u0103ugarea -ment la forma feminin\u0103 a adjectivului. Adverbele urmeaz\u0103 \u00een general verbul pe care \u00eel modific\u0103.<\/p>\n\n\n\n<h3 class=\"wp-block-heading\" id=\"h-8-prepositions\">8. Prepozi\u021bii:<\/h3>\n\n\n\n<p>Prepozi\u021biile leag\u0103 cuvinte sau grupuri de cuvinte, indic\u00e2nd rela\u021bii precum loca\u021bia, direc\u021bia, timpul sau cauza. Prepozi\u021biile franceze comune includ \u00e0 (at, to), de (of, from), en (in, on) \u0219i pour (for). \u00cenv\u0103\u021barea prepozi\u021biilor \u0219i utilizarea lor este esen\u021bial\u0103 pentru construirea unor propozi\u021bii coerente.<\/p>\n\n\n\n<h3 class=\"wp-block-heading\" id=\"h-9-sentence-structure\">9. Structura propozi\u021biei:<\/h3>\n\n\n\n<p>Propozi\u021biile franceze urmeaz\u0103 o structur\u0103 subiect-verb-obiect (SVO), similar\u0103 cu engleza. Cu toate acestea, ordinea cuvintelor poate varia \u00een func\u021bie de utilizarea pronumelor, nega\u021bie \u0219i accentuare. \u00cen\u021belegerea structurii propozi\u021biei este vital\u0103 pentru formarea unor afirma\u021bii \u0219i \u00eentreb\u0103ri clare \u0219i exacte \u00een limba francez\u0103.<\/p>\n<\/div><\/div>\n\r\n<section class=\"learnNavigationSection\">\r\n            \r\n        <a href=\"https:\/\/talkpal.ai\/ro\/invatati-franceza\/\">\r\n            <div class=\"learnNavigationWrapper\">\r\n                <div class=\"learnNavigationContent\">\r\n                    <img decoding=\"async\" src=\"https:\/\/talkpal.ai\/wp-content\/uploads\/2024\/08\/French.jpg\" alt=\"French Flag\">\r\n                    <div>\r\n                        <h4>Despre \u00eenv\u0103\u021barea limbii franceze<\/h4>\r\n                        <p>Afla\u021bi totul despre gramatica francez\u0103.<\/p>\r\n                    <\/div>\r\n                <\/div>\r\n            <\/div>\r\n        <\/a>\r\n\r\n        \r\n        <a href=\"https:\/\/talkpal.ai\/ro\/gramatica-franceza\/\">\r\n            <div class=\"learnNavigationWrapper\">\r\n                <div class=\"learnNavigationContent\">\r\n                    <img decoding=\"async\" src=\"https:\/\/talkpal.ai\/wp-content\/uploads\/2024\/08\/French.jpg\" alt=\"French Flag\">\r\n                    <div>\r\n                        <h4>Lec\u021bii de gramatic\u0103 francez\u0103<\/h4>\r\n                        <p>Exersa\u021bi gramatica francez\u0103.<\/p>\r\n                    <\/div>\r\n                <\/div>\r\n            <\/div>\r\n        <\/a>\r\n\r\n        \r\n        <a href=\"https:\/\/talkpal.ai\/vocabulary_language\/french\/\">\r\n            <div class=\"learnNavigationWrapper\">\r\n                <div class=\"learnNavigationContent\">\r\n                    <img decoding=\"async\" src=\"https:\/\/talkpal.ai\/wp-content\/uploads\/2024\/08\/French.jpg\" alt=\"French Flag\">\r\n                    <div>\r\n                        <h4>Vocabularul francez<\/h4>\r\n                        <p>Extinde\u021bi-v\u0103 vocabularul francez.<\/p>\r\n                    <\/div>\r\n                <\/div>\r\n            <\/div>\r\n        <\/a>\r\n\r\n            <\/section>","protected":false},"excerpt":{"rendered":"<p>Subiecte de gramatic\u0103 francez\u0103 \u00cenv\u0103\u021barea limbii franceze poate fi o experien\u021b\u0103 interesant\u0103 \u0219i plin\u0103 de satisfac\u021bii. Fiind o limb\u0103 bogat\u0103 \u00een istorie \u0219i cultur\u0103, franceza ofer\u0103 o perspectiv\u0103 unic\u0103 asupra lumii \u0219i este un instrument esen\u021bial de comunicare \u00een diverse domenii. Pentru a \u00eenv\u0103\u021ba eficient limba francez\u0103, este esen\u021bial s\u0103 ave\u021bi o bun\u0103 \u00een\u021belegere a [&hellip;]<\/p>\n","protected":false},"author":6,"featured_media":75991,"parent":0,"menu_order":0,"comment_status":"closed","ping_status":"closed","template":"LearningContentPage.php","meta":{"_acf_changed":false,"footnotes":""},"class_list":["post-131894","page","type-page","status-publish","has-post-thumbnail","hentry"],"acf":[],"yoast_head":"<!-- This site is optimized with the Yoast SEO Premium plugin v27.2 (Yoast SEO v27.2) - https:\/\/yoast.com\/product\/yoast-seo-premium-wordpress\/ -->\n<title>Exerci\u021bii de gramatic\u0103 francez\u0103 - Talkpal<\/title>\n<meta name=\"description\" content=\"Exersa\u021bi \u0219i \u00eembun\u0103t\u0103\u021bi\u021bi-v\u0103 cuno\u0219tin\u021bele de gramatic\u0103 francez\u0103 cu exerci\u021bii interactive concepute pentru toate nivelurile. \u00cembun\u0103t\u0103\u021bi\u021bi-v\u0103 cuno\u0219tin\u021bele lingvistice!\" \/>\n<meta name=\"robots\" content=\"index, follow, max-snippet:-1, max-image-preview:large, max-video-preview:-1\" \/>\n<link rel=\"canonical\" href=\"https:\/\/talkpal.ai\/ro\/exercitii-de-gramatica-franceza\/\" \/>\n<meta property=\"og:locale\" content=\"ro_RO\" \/>\n<meta property=\"og:type\" content=\"article\" \/>\n<meta property=\"og:title\" content=\"Exerci\u021bii de gramatic\u0103 francez\u0103\" \/>\n<meta property=\"og:description\" content=\"Subiecte de gramatic\u0103 francez\u0103 \u00cenv\u0103\u021barea limbii franceze poate fi o experien\u021b\u0103 interesant\u0103 \u0219i plin\u0103 de satisfac\u021bii. Fiind o limb\u0103 bogat\u0103 \u00een istorie \u0219i\" \/>\n<meta property=\"og:url\" content=\"https:\/\/talkpal.ai\/ro\/exercitii-de-gramatica-franceza\/\" \/>\n<meta property=\"og:site_name\" content=\"Talkpal\" \/>\n<meta property=\"article:publisher\" content=\"https:\/\/www.facebook.com\/profile.php?id=100090733639311\" \/>\n<meta property=\"article:modified_time\" content=\"2025-12-17T16:46:46+00:00\" \/>\n<meta property=\"og:image\" content=\"https:\/\/talkpal.ai\/wp-content\/uploads\/2023\/03\/france.png\" \/>\n\t<meta property=\"og:image:width\" content=\"512\" \/>\n\t<meta property=\"og:image:height\" content=\"512\" \/>\n\t<meta property=\"og:image:type\" content=\"image\/png\" \/>\n<meta name=\"twitter:card\" content=\"summary_large_image\" \/>\n<meta name=\"twitter:site\" content=\"@talkpalai\" \/>\n<meta name=\"twitter:label1\" content=\"Timp estimat pentru citire\" \/>\n\t<meta name=\"twitter:data1\" content=\"3 minute\" \/>\n<script type=\"application\/ld+json\" class=\"yoast-schema-graph\">{\"@context\":\"https:\/\/schema.org\",\"@graph\":[{\"@type\":\"WebPage\",\"@id\":\"https:\/\/talkpal.ai\/ro\/exercitii-de-gramatica-franceza\/\",\"url\":\"https:\/\/talkpal.ai\/ro\/exercitii-de-gramatica-franceza\/\",\"name\":\"Exerci\u021bii de gramatic\u0103 francez\u0103 - Talkpal\",\"isPartOf\":{\"@id\":\"https:\/\/talkpal.ai\/ro\/#website\"},\"primaryImageOfPage\":{\"@id\":\"https:\/\/talkpal.ai\/ro\/exercitii-de-gramatica-franceza\/#primaryimage\"},\"image\":{\"@id\":\"https:\/\/talkpal.ai\/ro\/exercitii-de-gramatica-franceza\/#primaryimage\"},\"thumbnailUrl\":\"https:\/\/talkpal.ai\/wp-content\/uploads\/2023\/03\/france.png\",\"datePublished\":\"2023-06-16T08:35:52+00:00\",\"dateModified\":\"2025-12-17T16:46:46+00:00\",\"description\":\"Exersa\u021bi \u0219i \u00eembun\u0103t\u0103\u021bi\u021bi-v\u0103 cuno\u0219tin\u021bele de gramatic\u0103 francez\u0103 cu exerci\u021bii interactive concepute pentru toate nivelurile. \u00cembun\u0103t\u0103\u021bi\u021bi-v\u0103 cuno\u0219tin\u021bele lingvistice!\",\"breadcrumb\":{\"@id\":\"https:\/\/talkpal.ai\/ro\/exercitii-de-gramatica-franceza\/#breadcrumb\"},\"inLanguage\":\"ro-RO\",\"potentialAction\":[{\"@type\":\"ReadAction\",\"target\":[\"https:\/\/talkpal.ai\/ro\/exercitii-de-gramatica-franceza\/\"]}]},{\"@type\":\"ImageObject\",\"inLanguage\":\"ro-RO\",\"@id\":\"https:\/\/talkpal.ai\/ro\/exercitii-de-gramatica-franceza\/#primaryimage\",\"url\":\"https:\/\/talkpal.ai\/wp-content\/uploads\/2023\/03\/france.png\",\"contentUrl\":\"https:\/\/talkpal.ai\/wp-content\/uploads\/2023\/03\/france.png\",\"width\":512,\"height\":512,\"caption\":\"TalkPal AI learn French\"},{\"@type\":\"BreadcrumbList\",\"@id\":\"https:\/\/talkpal.ai\/ro\/exercitii-de-gramatica-franceza\/#breadcrumb\",\"itemListElement\":[{\"@type\":\"ListItem\",\"position\":1,\"name\":\"Homepage\",\"item\":\"https:\/\/talkpal.ai\/ro\/\"},{\"@type\":\"ListItem\",\"position\":2,\"name\":\"Exerci\u021bii de gramatic\u0103 francez\u0103\"}]},{\"@type\":\"WebSite\",\"@id\":\"https:\/\/talkpal.ai\/ro\/#website\",\"url\":\"https:\/\/talkpal.ai\/ro\/\",\"name\":\"Talkpal\",\"description\":\"AI Language Learning\",\"publisher\":{\"@id\":\"https:\/\/talkpal.ai\/ro\/#organization\"},\"alternateName\":\"Talkpal AI\",\"potentialAction\":[{\"@type\":\"SearchAction\",\"target\":{\"@type\":\"EntryPoint\",\"urlTemplate\":\"https:\/\/talkpal.ai\/ro\/?s={search_term_string}\"},\"query-input\":{\"@type\":\"PropertyValueSpecification\",\"valueRequired\":true,\"valueName\":\"search_term_string\"}}],\"inLanguage\":\"ro-RO\"},{\"@type\":\"Organization\",\"@id\":\"https:\/\/talkpal.ai\/ro\/#organization\",\"name\":\"Talkpal, Inc.\",\"alternateName\":\"Talkpal AI\",\"url\":\"https:\/\/talkpal.ai\/ro\/\",\"logo\":{\"@type\":\"ImageObject\",\"inLanguage\":\"ro-RO\",\"@id\":\"https:\/\/talkpal.ai\/ro\/#\/schema\/logo\/image\/\",\"url\":\"https:\/\/talkpal.ai\/wp-content\/uploads\/2024\/03\/Talkpal-Logo-Icon.png\",\"contentUrl\":\"https:\/\/talkpal.ai\/wp-content\/uploads\/2024\/03\/Talkpal-Logo-Icon.png\",\"width\":2880,\"height\":2880,\"caption\":\"Talkpal, Inc.\"},\"image\":{\"@id\":\"https:\/\/talkpal.ai\/ro\/#\/schema\/logo\/image\/\"},\"sameAs\":[\"https:\/\/www.facebook.com\/profile.php?id=100090733639311\",\"https:\/\/x.com\/talkpalai\",\"https:\/\/www.linkedin.com\/company\/talkpal\/\",\"https:\/\/www.youtube.com\/@TalkPal\/\",\"https:\/\/www.tiktok.com\/@talkpal\",\"https:\/\/www.instagram.com\/talkpal_ai\/\",\"https:\/\/www.crunchbase.com\/organization\/talkpal-9cde\",\"https:\/\/www.g2.com\/products\/talkpal-for-business\/\",\"https:\/\/www.trustpilot.com\/review\/talkpal.ai\",\"https:\/\/www.capterra.com\/p\/10006800\/TalkPal\/\"],\"description\":\"Talkpal is a language learning web and mobile education app, powered by the latest AI technologies, that provides engaging experiences to its customers in many different languages to help them improve their language skills. Users can chat about unlimited amount of topics with the app and use other modes to practice their language learning.\",\"email\":\"support@talkpal.ai\",\"legalName\":\"Talkpal, Inc.\",\"foundingDate\":\"2023-04-03\",\"duns\":\"118989042\",\"numberOfEmployees\":{\"@type\":\"QuantitativeValue\",\"minValue\":\"11\",\"maxValue\":\"50\"},\"publishingPrinciples\":\"https:\/\/talkpal.ai\/publishing-principles\/\",\"actionableFeedbackPolicy\":\"https:\/\/talkpal.ai\/actionable-feedback-policy\/\",\"correctionsPolicy\":\"https:\/\/talkpal.ai\/corrections-policy\/\",\"ethicsPolicy\":\"https:\/\/talkpal.ai\/ethics-policy\/\",\"diversityPolicy\":\"https:\/\/talkpal.ai\/diversity-policy\/\",\"diversityStaffingReport\":\"https:\/\/talkpal.ai\/diversity-policy\/\"}]}<\/script>\n<!-- \/ Yoast SEO Premium plugin. -->","yoast_head_json":{"title":"Exerci\u021bii de gramatic\u0103 francez\u0103 - Talkpal","description":"Exersa\u021bi \u0219i \u00eembun\u0103t\u0103\u021bi\u021bi-v\u0103 cuno\u0219tin\u021bele de gramatic\u0103 francez\u0103 cu exerci\u021bii interactive concepute pentru toate nivelurile. \u00cembun\u0103t\u0103\u021bi\u021bi-v\u0103 cuno\u0219tin\u021bele lingvistice!","robots":{"index":"index","follow":"follow","max-snippet":"max-snippet:-1","max-image-preview":"max-image-preview:large","max-video-preview":"max-video-preview:-1"},"canonical":"https:\/\/talkpal.ai\/ro\/exercitii-de-gramatica-franceza\/","og_locale":"ro_RO","og_type":"article","og_title":"Exerci\u021bii de gramatic\u0103 francez\u0103","og_description":"Subiecte de gramatic\u0103 francez\u0103 \u00cenv\u0103\u021barea limbii franceze poate fi o experien\u021b\u0103 interesant\u0103 \u0219i plin\u0103 de satisfac\u021bii. Fiind o limb\u0103 bogat\u0103 \u00een istorie \u0219i","og_url":"https:\/\/talkpal.ai\/ro\/exercitii-de-gramatica-franceza\/","og_site_name":"Talkpal","article_publisher":"https:\/\/www.facebook.com\/profile.php?id=100090733639311","article_modified_time":"2025-12-17T16:46:46+00:00","og_image":[{"width":512,"height":512,"url":"https:\/\/talkpal.ai\/wp-content\/uploads\/2023\/03\/france.png","type":"image\/png"}],"twitter_card":"summary_large_image","twitter_site":"@talkpalai","twitter_misc":{"Timp estimat pentru citire":"3 minute"},"schema":{"@context":"https:\/\/schema.org","@graph":[{"@type":"WebPage","@id":"https:\/\/talkpal.ai\/ro\/exercitii-de-gramatica-franceza\/","url":"https:\/\/talkpal.ai\/ro\/exercitii-de-gramatica-franceza\/","name":"Exerci\u021bii de gramatic\u0103 francez\u0103 - Talkpal","isPartOf":{"@id":"https:\/\/talkpal.ai\/ro\/#website"},"primaryImageOfPage":{"@id":"https:\/\/talkpal.ai\/ro\/exercitii-de-gramatica-franceza\/#primaryimage"},"image":{"@id":"https:\/\/talkpal.ai\/ro\/exercitii-de-gramatica-franceza\/#primaryimage"},"thumbnailUrl":"https:\/\/talkpal.ai\/wp-content\/uploads\/2023\/03\/france.png","datePublished":"2023-06-16T08:35:52+00:00","dateModified":"2025-12-17T16:46:46+00:00","description":"Exersa\u021bi \u0219i \u00eembun\u0103t\u0103\u021bi\u021bi-v\u0103 cuno\u0219tin\u021bele de gramatic\u0103 francez\u0103 cu exerci\u021bii interactive concepute pentru toate nivelurile. \u00cembun\u0103t\u0103\u021bi\u021bi-v\u0103 cuno\u0219tin\u021bele lingvistice!","breadcrumb":{"@id":"https:\/\/talkpal.ai\/ro\/exercitii-de-gramatica-franceza\/#breadcrumb"},"inLanguage":"ro-RO","potentialAction":[{"@type":"ReadAction","target":["https:\/\/talkpal.ai\/ro\/exercitii-de-gramatica-franceza\/"]}]},{"@type":"ImageObject","inLanguage":"ro-RO","@id":"https:\/\/talkpal.ai\/ro\/exercitii-de-gramatica-franceza\/#primaryimage","url":"https:\/\/talkpal.ai\/wp-content\/uploads\/2023\/03\/france.png","contentUrl":"https:\/\/talkpal.ai\/wp-content\/uploads\/2023\/03\/france.png","width":512,"height":512,"caption":"TalkPal AI learn French"},{"@type":"BreadcrumbList","@id":"https:\/\/talkpal.ai\/ro\/exercitii-de-gramatica-franceza\/#breadcrumb","itemListElement":[{"@type":"ListItem","position":1,"name":"Homepage","item":"https:\/\/talkpal.ai\/ro\/"},{"@type":"ListItem","position":2,"name":"Exerci\u021bii de gramatic\u0103 francez\u0103"}]},{"@type":"WebSite","@id":"https:\/\/talkpal.ai\/ro\/#website","url":"https:\/\/talkpal.ai\/ro\/","name":"Talkpal","description":"AI Language Learning","publisher":{"@id":"https:\/\/talkpal.ai\/ro\/#organization"},"alternateName":"Talkpal AI","potentialAction":[{"@type":"SearchAction","target":{"@type":"EntryPoint","urlTemplate":"https:\/\/talkpal.ai\/ro\/?s={search_term_string}"},"query-input":{"@type":"PropertyValueSpecification","valueRequired":true,"valueName":"search_term_string"}}],"inLanguage":"ro-RO"},{"@type":"Organization","@id":"https:\/\/talkpal.ai\/ro\/#organization","name":"Talkpal, Inc.","alternateName":"Talkpal AI","url":"https:\/\/talkpal.ai\/ro\/","logo":{"@type":"ImageObject","inLanguage":"ro-RO","@id":"https:\/\/talkpal.ai\/ro\/#\/schema\/logo\/image\/","url":"https:\/\/talkpal.ai\/wp-content\/uploads\/2024\/03\/Talkpal-Logo-Icon.png","contentUrl":"https:\/\/talkpal.ai\/wp-content\/uploads\/2024\/03\/Talkpal-Logo-Icon.png","width":2880,"height":2880,"caption":"Talkpal, Inc."},"image":{"@id":"https:\/\/talkpal.ai\/ro\/#\/schema\/logo\/image\/"},"sameAs":["https:\/\/www.facebook.com\/profile.php?id=100090733639311","https:\/\/x.com\/talkpalai","https:\/\/www.linkedin.com\/company\/talkpal\/","https:\/\/www.youtube.com\/@TalkPal\/","https:\/\/www.tiktok.com\/@talkpal","https:\/\/www.instagram.com\/talkpal_ai\/","https:\/\/www.crunchbase.com\/organization\/talkpal-9cde","https:\/\/www.g2.com\/products\/talkpal-for-business\/","https:\/\/www.trustpilot.com\/review\/talkpal.ai","https:\/\/www.capterra.com\/p\/10006800\/TalkPal\/"],"description":"Talkpal is a language learning web and mobile education app, powered by the latest AI technologies, that provides engaging experiences to its customers in many different languages to help them improve their language skills. Users can chat about unlimited amount of topics with the app and use other modes to practice their language learning.","email":"support@talkpal.ai","legalName":"Talkpal, Inc.","foundingDate":"2023-04-03","duns":"118989042","numberOfEmployees":{"@type":"QuantitativeValue","minValue":"11","maxValue":"50"},"publishingPrinciples":"https:\/\/talkpal.ai\/publishing-principles\/","actionableFeedbackPolicy":"https:\/\/talkpal.ai\/actionable-feedback-policy\/","correctionsPolicy":"https:\/\/talkpal.ai\/corrections-policy\/","ethicsPolicy":"https:\/\/talkpal.ai\/ethics-policy\/","diversityPolicy":"https:\/\/talkpal.ai\/diversity-policy\/","diversityStaffingReport":"https:\/\/talkpal.ai\/diversity-policy\/"}]}},"_links":{"self":[{"href":"https:\/\/talkpal.ai\/ro\/wp-json\/wp\/v2\/pages\/131894","targetHints":{"allow":["GET"]}}],"collection":[{"href":"https:\/\/talkpal.ai\/ro\/wp-json\/wp\/v2\/pages"}],"about":[{"href":"https:\/\/talkpal.ai\/ro\/wp-json\/wp\/v2\/types\/page"}],"author":[{"embeddable":true,"href":"https:\/\/talkpal.ai\/ro\/wp-json\/wp\/v2\/users\/6"}],"replies":[{"embeddable":true,"href":"https:\/\/talkpal.ai\/ro\/wp-json\/wp\/v2\/comments?post=131894"}],"version-history":[{"count":0,"href":"https:\/\/talkpal.ai\/ro\/wp-json\/wp\/v2\/pages\/131894\/revisions"}],"wp:featuredmedia":[{"embeddable":true,"href":"https:\/\/talkpal.ai\/ro\/wp-json\/wp\/v2\/media\/75991"}],"wp:attachment":[{"href":"https:\/\/talkpal.ai\/ro\/wp-json\/wp\/v2\/media?parent=131894"}],"curies":[{"name":"wp","href":"https:\/\/api.w.org\/{rel}","templated":true}]}}