{"id":131718,"date":"2023-06-15T07:00:21","date_gmt":"2023-06-15T07:00:21","guid":{"rendered":"http:\/\/talkpal.ai\/exercitii-de-gramatica-spaniola\/"},"modified":"2025-12-17T16:37:02","modified_gmt":"2025-12-17T16:37:02","slug":"exercitii-de-gramatica-spaniola","status":"publish","type":"page","link":"https:\/\/talkpal.ai\/ro\/exercitii-de-gramatica-spaniola\/","title":{"rendered":"Exerci\u021bii de gramatic\u0103 spaniol\u0103"},"content":{"rendered":"\r\n\r\n\r\n<section class=\"languageChallengeSection\">\r\n    <div class=\"languageInfoWrapper\">\r\n        \r\n        <h1>Exerci\u021bii de gramatic\u0103 spaniol\u0103<\/h1>\r\n        <p>Sunte\u021bi gata s\u0103 v\u0103 \u00eembun\u0103t\u0103\u021bi\u021bi limba <a href=\"https:\/\/talkpal.ai\/learn-spanish\/\">spaniol\u0103<\/a>? Practicarea exerci\u021biilor gramaticale este o modalitate excelent\u0103 de a st\u0103p\u00e2ni structura propozi\u021biilor, conjugarea verbelor \u0219i modelele unice ale limbii spaniole. \u00cencepe\u021bi s\u0103 lucra\u021bi la gramatica spaniol\u0103 ast\u0103zi \u0219i vede\u021bi-v\u0103 \u00eencrederea \u0219i fluen\u021ba cresc\u00e2nd cu fiecare exerci\u021biu!\n\n<\/p>\r\n\r\n                            <a class=\"getStartedHidden\" href=\"https:\/\/app.talkpal.ai\/ro\/signup?lng=\">\u00cencepe<\/a>\r\n        \r\n    <\/div>\r\n\r\n    <figure>\r\n    <img decoding=\"async\" width=\"768\" height=\"768\" src=\"https:\/\/talkpal.ai\/wp-content\/uploads\/2023\/06\/Spanish-768x768.png\" class=\"languageImage no-lazy\" alt=\"Practical application of language learning\" fetchpriority=\"high\" sizes=\"(max-width: 768px) 150px, 768px\" srcset=\"https:\/\/talkpal.ai\/wp-content\/uploads\/2023\/06\/Spanish-768x768.png 768w, https:\/\/talkpal.ai\/wp-content\/uploads\/2023\/06\/Spanish-300x300.png 300w\" \/>\r\n    \r\n\r\n    <\/figure>\r\n\r\n            <a class=\"getStartedVisible\" href=\"https:\/\/app.talkpal.ai\/ro\/signup?lng=\">\u00cencepe<\/a>\r\n    \r\n<\/section>\r\n\r\n\r\n<!-- <section class=\"grammarSection\">\r\n    <div class=\"grammarLinks\">\r\n        <a href=\"https:\/\/talkpal.ai\/ro\/exercise_language\/adjective-gramatica-spaniola\/\">Adjective <\/a><a href=\"https:\/\/talkpal.ai\/ro\/exercise_language\/adverbe-gramatica-spaniola\/\">Adverbe <\/a><a href=\"https:\/\/talkpal.ai\/ro\/exercise_language\/articole-gramatica-spaniola\/\">Articole <\/a><a href=\"https:\/\/talkpal.ai\/ro\/exercise_language\/comparatie-de-timpuri-gramatica-spaniola\/\">Compara\u021bie de timpuri <\/a><a href=\"https:\/\/talkpal.ai\/ro\/exercise_language\/prepozitii-gramatica-spaniola\/\">Prepozi\u021bii <\/a><a href=\"https:\/\/talkpal.ai\/ro\/exercise_language\/pronume-gramatica-spaniola\/\">Pronume <\/a><a href=\"https:\/\/talkpal.ai\/ro\/exercise_language\/structura-propozitiei-gramatica-spaniola\/\">Structura propozi\u021biei <\/a><a href=\"https:\/\/talkpal.ai\/ro\/exercise_language\/substantive-gramatica-spaniola\/\">Substantive <\/a><a href=\"https:\/\/talkpal.ai\/ro\/exercise_language\/timpuri-indicative-gramatica-spaniola\/\">Timpuri Indicative <\/a><a href=\"https:\/\/talkpal.ai\/ro\/exercise_language\/timpuri-subjunctive-gramatica-spaniola\/\">Timpuri subjunctive <\/a><a href=\"https:\/\/talkpal.ai\/ro\/exercise_language\/verbe-gramatica-spaniola\/\">Verbe <\/a>    <\/div>\r\n<\/section> -->\r\n\r\n\r\n\r\n\r\n        <section class=\"grammarSection\">\r\n            <div class=\"grammarLinks\">\r\n                <a href=\"https:\/\/talkpal.ai\/ro\/exercise_language\/adjective-gramatica-spaniola\/\">Adjective <\/a><a href=\"https:\/\/talkpal.ai\/ro\/exercise_language\/adverbe-gramatica-spaniola\/\">Adverbe <\/a><a href=\"https:\/\/talkpal.ai\/ro\/exercise_language\/articole-gramatica-spaniola\/\">Articole <\/a><a href=\"https:\/\/talkpal.ai\/ro\/exercise_language\/comparatie-de-timpuri-gramatica-spaniola\/\">Compara\u021bie de timpuri <\/a><a href=\"https:\/\/talkpal.ai\/ro\/exercise_language\/prepozitii-gramatica-spaniola\/\">Prepozi\u021bii <\/a><a href=\"https:\/\/talkpal.ai\/ro\/exercise_language\/pronume-gramatica-spaniola\/\">Pronume <\/a><a href=\"https:\/\/talkpal.ai\/ro\/exercise_language\/structura-propozitiei-gramatica-spaniola\/\">Structura propozi\u021biei <\/a><a href=\"https:\/\/talkpal.ai\/ro\/exercise_language\/substantive-gramatica-spaniola\/\">Substantive <\/a><a href=\"https:\/\/talkpal.ai\/ro\/exercise_language\/timpuri-indicative-gramatica-spaniola\/\">Timpuri Indicative <\/a><a href=\"https:\/\/talkpal.ai\/ro\/exercise_language\/timpuri-subjunctive-gramatica-spaniola\/\">Timpuri subjunctive <\/a><a href=\"https:\/\/talkpal.ai\/ro\/exercise_language\/verbe-gramatica-spaniola\/\">Verbe <\/a>            <\/div>\r\n        <\/section>\r\n<section class=\"promotionalBanner\">\r\n    <p class=\"promotionalText\">Cel mai eficient mod de a \u00eenv\u0103\u021ba o limb\u0103<\/p>\r\n    <a class=\"promotionalLink\" href=\"https:\/\/app.talkpal.ai\/ro\/signup?lng=\">\u00cencerca\u021bi Talkpal gratuit<\/a>\r\n<\/section>\n<div class=\"wp-block-group pageContainerStyle\"><div class=\"wp-block-group__inner-container is-layout-constrained wp-block-group-is-layout-constrained\">\n<h2 class=\"wp-block-heading\" id=\"h-spanish-grammar-topics\">Subiecte de gramatic\u0103 spaniol\u0103<\/h2>\n\n\n\n<p>\u00cenv\u0103\u021barea unei noi limbi poate fi un efort interesant \u0219i plin de satisfac\u021bii, iar spaniola nu face excep\u021bie. Fiind a doua cea mai vorbit\u0103 limb\u0103 din lume, poate deschide noi oportunit\u0103\u021bi pentru c\u0103l\u0103torii, munc\u0103 \u0219i schimburi culturale. Indiferent dac\u0103 sunte\u021bi un \u00eencep\u0103tor complet sau c\u0103uta\u021bi s\u0103 v\u0103 \u00eembun\u0103t\u0103\u021bi\u021bi abilit\u0103\u021bile existente, \u00een\u021belegerea \u0219i st\u0103p\u00e2nirea gramaticii spaniole este esen\u021bial\u0103. De la timpuri \u0219i verbe la structura propozi\u021biei \u0219i prepozi\u021bii, fiecare aspect al limbii joac\u0103 un rol crucial \u00een capacitatea ta de a comunica eficient. \u00cen acest ghid, vom explora subiecte importante de <a href=\"https:\/\/talkpal.ai\/grammar\/\">gramatic\u0103<\/a> spaniol\u0103, prezent\u00e2ndu-le \u00eentr-o secven\u021b\u0103 logic\u0103 pentru a v\u0103 ajuta s\u0103 \u00eenv\u0103\u021ba\u021bi limba cu u\u0219urin\u021b\u0103.<\/p>\n\n\n\n<h3 class=\"wp-block-heading\" id=\"h-1-nouns-and-articles\">1. Substantive \u0219i articole:<\/h3>\n\n\n\n<p>\u00cencepe\u021bi prin a v\u0103 familiariza cu substantivele spaniole \u0219i genul lor, precum \u0219i cu articole definite \u0219i nedeterminate. Aceste blocuri de baz\u0103 v\u0103 vor ajuta s\u0103 \u00een\u021belege\u021bi \u0219i s\u0103 forma\u021bi fraze \u0219i propozi\u021bii simple.<\/p>\n\n\n\n<h3 class=\"wp-block-heading\" id=\"h-2-adjectives\">2. Adjective:<\/h3>\n\n\n\n<p>Adjectivele sunt esen\u021biale pentru descrierea substantivelor, iar \u00een spaniol\u0103, ele trebuie s\u0103 fie de acord \u00een gen \u0219i num\u0103r cu substantivul <a href=\"https:\/\/talkpal.ai\/culture\/how-do-i-use-pe-care-correctly\/\">pe care<\/a> \u00eel modific\u0103. \u00cenv\u0103\u021barea regulilor pentru plasarea adjectivului \u0219i acordul v\u0103 va spori foarte mult capacitatea de a v\u0103 exprima \u00een spaniol\u0103.<\/p>\n\n\n\n<h3 class=\"wp-block-heading\" id=\"h-3-pronouns\">3. Pronume:<\/h3>\n\n\n\n<p>Pronumele \u00eenlocuiesc substantivele \u0219i sunt vitale pentru a face conversa\u021bia mai fluid\u0103 \u0219i mai natural\u0103. Concentra\u021bi-v\u0103 pe pronumele subiectului, pronumele obiectului direct \u0219i indirect \u0219i pronumele reflexive, asigur\u00e2ndu-v\u0103 c\u0103 \u00een\u021belege\u021bi utilizarea \u0219i plasarea lor \u00een propozi\u021bii.<\/p>\n\n\n\n<h3 class=\"wp-block-heading\" id=\"h-4-verbs\">4. Verbe:<\/h3>\n\n\n\n<p>Verbele sunt coloana vertebral\u0103 a oric\u0103rei limbi, iar spaniola nu este diferit\u0103. \u00cencepe\u021bi prin \u00eenv\u0103\u021barea celor mai frecvente verbe regulate \u0219i neregulate, precum \u0219i conjug\u0103rile lor \u00een starea de spirit indicativ\u0103 la timpul prezent.<\/p>\n\n\n\n<h3 class=\"wp-block-heading\" id=\"h-5-tenses-indicative\">5. Timpuri orientative:<\/h3>\n\n\n\n<p>Odat\u0103 ce a\u021bi \u00een\u021beles conjugarea verbelor de baz\u0103, extinde\u021bi-v\u0103 cuno\u0219tin\u021bele pentru a include alte timpuri indicative, cum ar fi timpurile preterit, imperfect, viitor \u0219i condi\u021bional. Acest lucru v\u0103 va permite s\u0103 exprima\u021bi ac\u021biuni \u0219i evenimente \u00een diferite intervale de timp.<\/p>\n\n\n\n<h3 class=\"wp-block-heading\" id=\"h-6-adverbs\">6. Adverbe:<\/h3>\n\n\n\n<p>Adverbele ofer\u0103 informa\u021bii suplimentare despre verbe, adjective sau alte adverbe. Afla\u021bi diferitele tipuri de adverbe \u0219i plasarea lor \u00een propozi\u021bii pentru a ad\u0103uga mai multe detalii \u0219i nuan\u021be discursului dvs.<\/p>\n\n\n\n<h3 class=\"wp-block-heading\" id=\"h-7-prepositions\">7. Prepozi\u021bii:<\/h3>\n\n\n\n<p>Prepozi\u021biile sunt esen\u021biale pentru exprimarea rela\u021biilor dintre cuvinte, cum ar fi loca\u021bia, direc\u021bia sau timpul. Familiariza\u021bi-v\u0103 cu cele mai comune prepozi\u021bii spaniole \u0219i utilizarea lor \u00een diferite contexte.<\/p>\n\n\n\n<h3 class=\"wp-block-heading\" id=\"h-8-tenses-subjunctive\">8. Timpuri conjunctive:<\/h3>\n\n\n\n<p>Starea conjunctiv\u0103 este folosit\u0103 pentru a exprima \u00eendoiala, incertitudinea sau situa\u021biile ipotetice. Studia\u021bi regulile de conjugare pentru verbele regulate \u0219i neregulate \u00een timpul conjunctiv prezent, trecut \u0219i viitor pentru a v\u0103 extinde capacit\u0103\u021bile expresive.<\/p>\n\n\n\n<h3 class=\"wp-block-heading\" id=\"h-9-tense-comparison\">9. Compara\u021bie tensionat\u0103:<\/h3>\n\n\n\n<p>\u00cen\u021belegerea nuan\u021belor dintre diferite timpuri \u0219i st\u0103ri de spirit v\u0103 va ajuta s\u0103 alege\u021bi forma potrivit\u0103 pentru a transmite semnifica\u021bia dorit\u0103. Exersa\u021bi compararea \u0219i contrastarea timpurilor indicative \u0219i conjunctive, precum \u0219i diferitele timpuri trecute, pentru a ob\u021bine o mai bun\u0103 st\u0103p\u00e2nire a limbii.<\/p>\n\n\n\n<h3 class=\"wp-block-heading\" id=\"h-10-sentence-structure\">10. Structura propozi\u021biei:<\/h3>\n\n\n\n<p>\u00cen cele din urm\u0103, explora\u021bi diferite structuri de propozi\u021bii, inclusiv propozi\u021bii simple, compuse \u0219i complexe. Afla\u021bi cum s\u0103 utiliza\u021bi conjunc\u021biile de coordonare \u0219i subordonare pentru a crea idei mai complexe \u0219i pentru a v\u0103 dezvolta capacitatea de a comunica eficient \u00een limba spaniol\u0103.<\/p>\n<\/div><\/div>\n\r\n<section class=\"learnNavigationSection\">\r\n            \r\n        <a href=\"https:\/\/talkpal.ai\/ro\/invatati-spaniola\/\">\r\n            <div class=\"learnNavigationWrapper\">\r\n                <div class=\"learnNavigationContent\">\r\n                    <img decoding=\"async\" src=\"https:\/\/talkpal.ai\/wp-content\/uploads\/2024\/08\/Spanish.jpg\" alt=\"Spanish Flag\">\r\n                    <div>\r\n                        <h4>Despre \u00eenv\u0103\u021barea limbii spaniole<\/h4>\r\n                        <p>Afla\u021bi totul despre gramatica spaniol\u0103.<\/p>\r\n                    <\/div>\r\n                <\/div>\r\n            <\/div>\r\n        <\/a>\r\n\r\n        \r\n        <a href=\"https:\/\/talkpal.ai\/ro\/gramatica-spaniola\/\">\r\n            <div class=\"learnNavigationWrapper\">\r\n                <div class=\"learnNavigationContent\">\r\n                    <img decoding=\"async\" src=\"https:\/\/talkpal.ai\/wp-content\/uploads\/2024\/08\/Spanish.jpg\" alt=\"Spanish Flag\">\r\n                    <div>\r\n                        <h4>Lec\u021bii de gramatic\u0103 spaniol\u0103<\/h4>\r\n                        <p>Exersa\u021bi gramatica spaniol\u0103.<\/p>\r\n                    <\/div>\r\n                <\/div>\r\n            <\/div>\r\n        <\/a>\r\n\r\n        \r\n        <a href=\"https:\/\/talkpal.ai\/vocabulary_language\/spanish\/\">\r\n            <div class=\"learnNavigationWrapper\">\r\n                <div class=\"learnNavigationContent\">\r\n                    <img decoding=\"async\" src=\"https:\/\/talkpal.ai\/wp-content\/uploads\/2024\/08\/Spanish.jpg\" alt=\"Spanish Flag\">\r\n                    <div>\r\n                        <h4>Vocabular spaniol<\/h4>\r\n                        <p>Extinde\u021bi-v\u0103 vocabularul spaniol.<\/p>\r\n                    <\/div>\r\n                <\/div>\r\n            <\/div>\r\n        <\/a>\r\n\r\n            <\/section>","protected":false},"excerpt":{"rendered":"<p>Subiecte de gramatic\u0103 spaniol\u0103 \u00cenv\u0103\u021barea unei noi limbi poate fi un efort interesant \u0219i plin de satisfac\u021bii, iar spaniola nu face excep\u021bie. Fiind a doua cea mai vorbit\u0103 limb\u0103 din lume, poate deschide noi oportunit\u0103\u021bi pentru c\u0103l\u0103torii, munc\u0103 \u0219i schimburi culturale. Indiferent dac\u0103 sunte\u021bi un \u00eencep\u0103tor complet sau c\u0103uta\u021bi s\u0103 v\u0103 \u00eembun\u0103t\u0103\u021bi\u021bi abilit\u0103\u021bile existente, \u00een\u021belegerea [&hellip;]<\/p>\n","protected":false},"author":1,"featured_media":75433,"parent":0,"menu_order":0,"comment_status":"closed","ping_status":"closed","template":"LearningContentPage.php","meta":{"_acf_changed":false,"footnotes":""},"class_list":["post-131718","page","type-page","status-publish","has-post-thumbnail","hentry"],"acf":[],"yoast_head":"<!-- This site is optimized with the Yoast SEO Premium plugin v27.2 (Yoast SEO v27.2) - https:\/\/yoast.com\/product\/yoast-seo-premium-wordpress\/ -->\n<title>Exerci\u021bii de gramatic\u0103 spaniol\u0103 - Talkpal<\/title>\n<meta name=\"description\" content=\"\u00cembun\u0103t\u0103\u021bi\u021bi-v\u0103 gramatica spaniol\u0103 cu exerci\u021bii interactive concepute pentru toate nivelurile de calificare. Exerseaz\u0103 verbele, structura propozi\u021biilor, vocabularul \u0219i multe altele!\" \/>\n<meta name=\"robots\" content=\"index, follow, max-snippet:-1, max-image-preview:large, max-video-preview:-1\" \/>\n<link rel=\"canonical\" href=\"https:\/\/talkpal.ai\/ro\/exercitii-de-gramatica-spaniola\/\" \/>\n<meta property=\"og:locale\" content=\"ro_RO\" \/>\n<meta property=\"og:type\" content=\"article\" \/>\n<meta property=\"og:title\" content=\"Exerci\u021bii de gramatic\u0103 spaniol\u0103\" \/>\n<meta property=\"og:description\" content=\"Subiecte de gramatic\u0103 spaniol\u0103 \u00cenv\u0103\u021barea unei noi limbi poate fi un efort interesant \u0219i plin de satisfac\u021bii, iar spaniola nu face excep\u021bie. Fiind a doua\" \/>\n<meta property=\"og:url\" content=\"https:\/\/talkpal.ai\/ro\/exercitii-de-gramatica-spaniola\/\" \/>\n<meta property=\"og:site_name\" content=\"Talkpal\" \/>\n<meta property=\"article:publisher\" content=\"https:\/\/www.facebook.com\/profile.php?id=100090733639311\" \/>\n<meta property=\"article:modified_time\" content=\"2025-12-17T16:37:02+00:00\" \/>\n<meta property=\"og:image\" content=\"https:\/\/talkpal.ai\/wp-content\/uploads\/2023\/03\/spain.png\" \/>\n\t<meta property=\"og:image:width\" content=\"512\" \/>\n\t<meta property=\"og:image:height\" content=\"512\" \/>\n\t<meta property=\"og:image:type\" content=\"image\/png\" \/>\n<meta name=\"twitter:card\" content=\"summary_large_image\" \/>\n<meta name=\"twitter:site\" content=\"@talkpalai\" \/>\n<meta name=\"twitter:label1\" content=\"Timp estimat pentru citire\" \/>\n\t<meta name=\"twitter:data1\" content=\"3 minute\" \/>\n<script type=\"application\/ld+json\" class=\"yoast-schema-graph\">{\"@context\":\"https:\/\/schema.org\",\"@graph\":[{\"@type\":\"WebPage\",\"@id\":\"https:\/\/talkpal.ai\/ro\/exercitii-de-gramatica-spaniola\/\",\"url\":\"https:\/\/talkpal.ai\/ro\/exercitii-de-gramatica-spaniola\/\",\"name\":\"Exerci\u021bii de gramatic\u0103 spaniol\u0103 - Talkpal\",\"isPartOf\":{\"@id\":\"https:\/\/talkpal.ai\/ro\/#website\"},\"primaryImageOfPage\":{\"@id\":\"https:\/\/talkpal.ai\/ro\/exercitii-de-gramatica-spaniola\/#primaryimage\"},\"image\":{\"@id\":\"https:\/\/talkpal.ai\/ro\/exercitii-de-gramatica-spaniola\/#primaryimage\"},\"thumbnailUrl\":\"https:\/\/talkpal.ai\/wp-content\/uploads\/2023\/03\/spain.png\",\"datePublished\":\"2023-06-15T07:00:21+00:00\",\"dateModified\":\"2025-12-17T16:37:02+00:00\",\"description\":\"\u00cembun\u0103t\u0103\u021bi\u021bi-v\u0103 gramatica spaniol\u0103 cu exerci\u021bii interactive concepute pentru toate nivelurile de calificare. Exerseaz\u0103 verbele, structura propozi\u021biilor, vocabularul \u0219i multe altele!\",\"breadcrumb\":{\"@id\":\"https:\/\/talkpal.ai\/ro\/exercitii-de-gramatica-spaniola\/#breadcrumb\"},\"inLanguage\":\"ro-RO\",\"potentialAction\":[{\"@type\":\"ReadAction\",\"target\":[\"https:\/\/talkpal.ai\/ro\/exercitii-de-gramatica-spaniola\/\"]}]},{\"@type\":\"ImageObject\",\"inLanguage\":\"ro-RO\",\"@id\":\"https:\/\/talkpal.ai\/ro\/exercitii-de-gramatica-spaniola\/#primaryimage\",\"url\":\"https:\/\/talkpal.ai\/wp-content\/uploads\/2023\/03\/spain.png\",\"contentUrl\":\"https:\/\/talkpal.ai\/wp-content\/uploads\/2023\/03\/spain.png\",\"width\":512,\"height\":512,\"caption\":\"TalkPal AI learn Spanish\"},{\"@type\":\"BreadcrumbList\",\"@id\":\"https:\/\/talkpal.ai\/ro\/exercitii-de-gramatica-spaniola\/#breadcrumb\",\"itemListElement\":[{\"@type\":\"ListItem\",\"position\":1,\"name\":\"Homepage\",\"item\":\"https:\/\/talkpal.ai\/ro\/\"},{\"@type\":\"ListItem\",\"position\":2,\"name\":\"Exerci\u021bii de gramatic\u0103 spaniol\u0103\"}]},{\"@type\":\"WebSite\",\"@id\":\"https:\/\/talkpal.ai\/ro\/#website\",\"url\":\"https:\/\/talkpal.ai\/ro\/\",\"name\":\"Talkpal\",\"description\":\"AI Language Learning\",\"publisher\":{\"@id\":\"https:\/\/talkpal.ai\/ro\/#organization\"},\"alternateName\":\"Talkpal AI\",\"potentialAction\":[{\"@type\":\"SearchAction\",\"target\":{\"@type\":\"EntryPoint\",\"urlTemplate\":\"https:\/\/talkpal.ai\/ro\/?s={search_term_string}\"},\"query-input\":{\"@type\":\"PropertyValueSpecification\",\"valueRequired\":true,\"valueName\":\"search_term_string\"}}],\"inLanguage\":\"ro-RO\"},{\"@type\":\"Organization\",\"@id\":\"https:\/\/talkpal.ai\/ro\/#organization\",\"name\":\"Talkpal, Inc.\",\"alternateName\":\"Talkpal AI\",\"url\":\"https:\/\/talkpal.ai\/ro\/\",\"logo\":{\"@type\":\"ImageObject\",\"inLanguage\":\"ro-RO\",\"@id\":\"https:\/\/talkpal.ai\/ro\/#\/schema\/logo\/image\/\",\"url\":\"https:\/\/talkpal.ai\/wp-content\/uploads\/2024\/03\/Talkpal-Logo-Icon.png\",\"contentUrl\":\"https:\/\/talkpal.ai\/wp-content\/uploads\/2024\/03\/Talkpal-Logo-Icon.png\",\"width\":2880,\"height\":2880,\"caption\":\"Talkpal, Inc.\"},\"image\":{\"@id\":\"https:\/\/talkpal.ai\/ro\/#\/schema\/logo\/image\/\"},\"sameAs\":[\"https:\/\/www.facebook.com\/profile.php?id=100090733639311\",\"https:\/\/x.com\/talkpalai\",\"https:\/\/www.linkedin.com\/company\/talkpal\/\",\"https:\/\/www.youtube.com\/@TalkPal\/\",\"https:\/\/www.tiktok.com\/@talkpal\",\"https:\/\/www.instagram.com\/talkpal_ai\/\",\"https:\/\/www.crunchbase.com\/organization\/talkpal-9cde\",\"https:\/\/www.g2.com\/products\/talkpal-for-business\/\",\"https:\/\/www.trustpilot.com\/review\/talkpal.ai\",\"https:\/\/www.capterra.com\/p\/10006800\/TalkPal\/\"],\"description\":\"Talkpal is a language learning web and mobile education app, powered by the latest AI technologies, that provides engaging experiences to its customers in many different languages to help them improve their language skills. Users can chat about unlimited amount of topics with the app and use other modes to practice their language learning.\",\"email\":\"support@talkpal.ai\",\"legalName\":\"Talkpal, Inc.\",\"foundingDate\":\"2023-04-03\",\"duns\":\"118989042\",\"numberOfEmployees\":{\"@type\":\"QuantitativeValue\",\"minValue\":\"11\",\"maxValue\":\"50\"},\"publishingPrinciples\":\"https:\/\/talkpal.ai\/publishing-principles\/\",\"actionableFeedbackPolicy\":\"https:\/\/talkpal.ai\/actionable-feedback-policy\/\",\"correctionsPolicy\":\"https:\/\/talkpal.ai\/corrections-policy\/\",\"ethicsPolicy\":\"https:\/\/talkpal.ai\/ethics-policy\/\",\"diversityPolicy\":\"https:\/\/talkpal.ai\/diversity-policy\/\",\"diversityStaffingReport\":\"https:\/\/talkpal.ai\/diversity-policy\/\"}]}<\/script>\n<!-- \/ Yoast SEO Premium plugin. -->","yoast_head_json":{"title":"Exerci\u021bii de gramatic\u0103 spaniol\u0103 - Talkpal","description":"\u00cembun\u0103t\u0103\u021bi\u021bi-v\u0103 gramatica spaniol\u0103 cu exerci\u021bii interactive concepute pentru toate nivelurile de calificare. Exerseaz\u0103 verbele, structura propozi\u021biilor, vocabularul \u0219i multe altele!","robots":{"index":"index","follow":"follow","max-snippet":"max-snippet:-1","max-image-preview":"max-image-preview:large","max-video-preview":"max-video-preview:-1"},"canonical":"https:\/\/talkpal.ai\/ro\/exercitii-de-gramatica-spaniola\/","og_locale":"ro_RO","og_type":"article","og_title":"Exerci\u021bii de gramatic\u0103 spaniol\u0103","og_description":"Subiecte de gramatic\u0103 spaniol\u0103 \u00cenv\u0103\u021barea unei noi limbi poate fi un efort interesant \u0219i plin de satisfac\u021bii, iar spaniola nu face excep\u021bie. Fiind a doua","og_url":"https:\/\/talkpal.ai\/ro\/exercitii-de-gramatica-spaniola\/","og_site_name":"Talkpal","article_publisher":"https:\/\/www.facebook.com\/profile.php?id=100090733639311","article_modified_time":"2025-12-17T16:37:02+00:00","og_image":[{"width":512,"height":512,"url":"https:\/\/talkpal.ai\/wp-content\/uploads\/2023\/03\/spain.png","type":"image\/png"}],"twitter_card":"summary_large_image","twitter_site":"@talkpalai","twitter_misc":{"Timp estimat pentru citire":"3 minute"},"schema":{"@context":"https:\/\/schema.org","@graph":[{"@type":"WebPage","@id":"https:\/\/talkpal.ai\/ro\/exercitii-de-gramatica-spaniola\/","url":"https:\/\/talkpal.ai\/ro\/exercitii-de-gramatica-spaniola\/","name":"Exerci\u021bii de gramatic\u0103 spaniol\u0103 - Talkpal","isPartOf":{"@id":"https:\/\/talkpal.ai\/ro\/#website"},"primaryImageOfPage":{"@id":"https:\/\/talkpal.ai\/ro\/exercitii-de-gramatica-spaniola\/#primaryimage"},"image":{"@id":"https:\/\/talkpal.ai\/ro\/exercitii-de-gramatica-spaniola\/#primaryimage"},"thumbnailUrl":"https:\/\/talkpal.ai\/wp-content\/uploads\/2023\/03\/spain.png","datePublished":"2023-06-15T07:00:21+00:00","dateModified":"2025-12-17T16:37:02+00:00","description":"\u00cembun\u0103t\u0103\u021bi\u021bi-v\u0103 gramatica spaniol\u0103 cu exerci\u021bii interactive concepute pentru toate nivelurile de calificare. Exerseaz\u0103 verbele, structura propozi\u021biilor, vocabularul \u0219i multe altele!","breadcrumb":{"@id":"https:\/\/talkpal.ai\/ro\/exercitii-de-gramatica-spaniola\/#breadcrumb"},"inLanguage":"ro-RO","potentialAction":[{"@type":"ReadAction","target":["https:\/\/talkpal.ai\/ro\/exercitii-de-gramatica-spaniola\/"]}]},{"@type":"ImageObject","inLanguage":"ro-RO","@id":"https:\/\/talkpal.ai\/ro\/exercitii-de-gramatica-spaniola\/#primaryimage","url":"https:\/\/talkpal.ai\/wp-content\/uploads\/2023\/03\/spain.png","contentUrl":"https:\/\/talkpal.ai\/wp-content\/uploads\/2023\/03\/spain.png","width":512,"height":512,"caption":"TalkPal AI learn Spanish"},{"@type":"BreadcrumbList","@id":"https:\/\/talkpal.ai\/ro\/exercitii-de-gramatica-spaniola\/#breadcrumb","itemListElement":[{"@type":"ListItem","position":1,"name":"Homepage","item":"https:\/\/talkpal.ai\/ro\/"},{"@type":"ListItem","position":2,"name":"Exerci\u021bii de gramatic\u0103 spaniol\u0103"}]},{"@type":"WebSite","@id":"https:\/\/talkpal.ai\/ro\/#website","url":"https:\/\/talkpal.ai\/ro\/","name":"Talkpal","description":"AI Language Learning","publisher":{"@id":"https:\/\/talkpal.ai\/ro\/#organization"},"alternateName":"Talkpal AI","potentialAction":[{"@type":"SearchAction","target":{"@type":"EntryPoint","urlTemplate":"https:\/\/talkpal.ai\/ro\/?s={search_term_string}"},"query-input":{"@type":"PropertyValueSpecification","valueRequired":true,"valueName":"search_term_string"}}],"inLanguage":"ro-RO"},{"@type":"Organization","@id":"https:\/\/talkpal.ai\/ro\/#organization","name":"Talkpal, Inc.","alternateName":"Talkpal AI","url":"https:\/\/talkpal.ai\/ro\/","logo":{"@type":"ImageObject","inLanguage":"ro-RO","@id":"https:\/\/talkpal.ai\/ro\/#\/schema\/logo\/image\/","url":"https:\/\/talkpal.ai\/wp-content\/uploads\/2024\/03\/Talkpal-Logo-Icon.png","contentUrl":"https:\/\/talkpal.ai\/wp-content\/uploads\/2024\/03\/Talkpal-Logo-Icon.png","width":2880,"height":2880,"caption":"Talkpal, Inc."},"image":{"@id":"https:\/\/talkpal.ai\/ro\/#\/schema\/logo\/image\/"},"sameAs":["https:\/\/www.facebook.com\/profile.php?id=100090733639311","https:\/\/x.com\/talkpalai","https:\/\/www.linkedin.com\/company\/talkpal\/","https:\/\/www.youtube.com\/@TalkPal\/","https:\/\/www.tiktok.com\/@talkpal","https:\/\/www.instagram.com\/talkpal_ai\/","https:\/\/www.crunchbase.com\/organization\/talkpal-9cde","https:\/\/www.g2.com\/products\/talkpal-for-business\/","https:\/\/www.trustpilot.com\/review\/talkpal.ai","https:\/\/www.capterra.com\/p\/10006800\/TalkPal\/"],"description":"Talkpal is a language learning web and mobile education app, powered by the latest AI technologies, that provides engaging experiences to its customers in many different languages to help them improve their language skills. Users can chat about unlimited amount of topics with the app and use other modes to practice their language learning.","email":"support@talkpal.ai","legalName":"Talkpal, Inc.","foundingDate":"2023-04-03","duns":"118989042","numberOfEmployees":{"@type":"QuantitativeValue","minValue":"11","maxValue":"50"},"publishingPrinciples":"https:\/\/talkpal.ai\/publishing-principles\/","actionableFeedbackPolicy":"https:\/\/talkpal.ai\/actionable-feedback-policy\/","correctionsPolicy":"https:\/\/talkpal.ai\/corrections-policy\/","ethicsPolicy":"https:\/\/talkpal.ai\/ethics-policy\/","diversityPolicy":"https:\/\/talkpal.ai\/diversity-policy\/","diversityStaffingReport":"https:\/\/talkpal.ai\/diversity-policy\/"}]}},"_links":{"self":[{"href":"https:\/\/talkpal.ai\/ro\/wp-json\/wp\/v2\/pages\/131718","targetHints":{"allow":["GET"]}}],"collection":[{"href":"https:\/\/talkpal.ai\/ro\/wp-json\/wp\/v2\/pages"}],"about":[{"href":"https:\/\/talkpal.ai\/ro\/wp-json\/wp\/v2\/types\/page"}],"author":[{"embeddable":true,"href":"https:\/\/talkpal.ai\/ro\/wp-json\/wp\/v2\/users\/1"}],"replies":[{"embeddable":true,"href":"https:\/\/talkpal.ai\/ro\/wp-json\/wp\/v2\/comments?post=131718"}],"version-history":[{"count":0,"href":"https:\/\/talkpal.ai\/ro\/wp-json\/wp\/v2\/pages\/131718\/revisions"}],"wp:featuredmedia":[{"embeddable":true,"href":"https:\/\/talkpal.ai\/ro\/wp-json\/wp\/v2\/media\/75433"}],"wp:attachment":[{"href":"https:\/\/talkpal.ai\/ro\/wp-json\/wp\/v2\/media?parent=131718"}],"curies":[{"name":"wp","href":"https:\/\/api.w.org\/{rel}","templated":true}]}}