{"id":131166,"date":"2023-05-14T13:53:24","date_gmt":"2023-05-14T13:53:24","guid":{"rendered":"http:\/\/talkpal.ai\/gramatica-limbii-ucrainene\/"},"modified":"2025-12-11T16:35:37","modified_gmt":"2025-12-11T16:35:37","slug":"gramatica-limbii-ucrainene","status":"publish","type":"page","link":"https:\/\/talkpal.ai\/ro\/gramatica-limbii-ucrainene\/","title":{"rendered":"Gramatica limbii ucrainene"},"content":{"rendered":"\r\n\r\n\r\n<section class=\"languageChallengeSection\">\r\n    <div class=\"languageInfoWrapper\">\r\n        \r\n        <h1>Gramatica limbii ucrainene<\/h1>\r\n        <p>Explora\u021bi structura limbii ucrainene prin \u00eenv\u0103\u021barea regulilor <a href=\"https:\/\/talkpal.ai\/locations\/learn-english-in-sale\/\">sale<\/a> gramaticale esen\u021biale. St\u0103p\u00e2nirea gramaticii ucrainene v\u0103 va ajuta s\u0103 comunica\u021bi cu \u00eencredere \u0219i s\u0103 v\u0103 conecta\u021bi mai profund cu cultura \u0219i patrimoniul ucrainean. \u00cencepe\u021bi ast\u0103zi c\u0103l\u0103toria dvs. gramatical\u0103 ucrainean\u0103 \u0219i face\u021bi primul pas spre fluen\u021b\u0103!<\/p>\r\n\r\n                            <a class=\"getStartedHidden\" href=\"https:\/\/app.talkpal.ai\/ro\/signup?lng=\">\u00cencepe<\/a>\r\n        \r\n    <\/div>\r\n\r\n    <figure>\r\n    <img decoding=\"async\" width=\"768\" height=\"768\" src=\"https:\/\/talkpal.ai\/wp-content\/uploads\/2023\/06\/Ukrainian-768x768.png\" class=\"languageImage no-lazy\" alt=\"Language learning - Your doorway to the world\" fetchpriority=\"high\" sizes=\"(max-width: 768px) 150px, 768px\" srcset=\"https:\/\/talkpal.ai\/wp-content\/uploads\/2023\/06\/Ukrainian-768x768.png 768w, https:\/\/talkpal.ai\/wp-content\/uploads\/2023\/06\/Ukrainian-300x300.png 300w\" \/>\r\n    \r\n\r\n    <\/figure>\r\n\r\n            <a class=\"getStartedVisible\" href=\"https:\/\/app.talkpal.ai\/ro\/signup?lng=\">\u00cencepe<\/a>\r\n    \r\n<\/section>\r\n<section class=\"promotionalBanner\">\r\n    <p class=\"promotionalText\">Cel mai eficient mod de a \u00eenv\u0103\u021ba o limb\u0103<\/p>\r\n    <a class=\"promotionalLink\" href=\"https:\/\/app.talkpal.ai\/ro\/signup?lng=\">\u00cencerca\u021bi Talkpal gratuit<\/a>\r\n<\/section>\n<div class=\"wp-block-group pageContainerStyle\"><div class=\"wp-block-group__inner-container is-layout-constrained wp-block-group-is-layout-constrained\">\n<h2 class=\"wp-block-heading\" id=\"h-a-comprehensive-guide-to-mastering-ukrainian-grammar\">Un ghid cuprinz\u0103tor pentru st\u0103p\u00e2nirea gramaticii ucrainene<\/h2>\n\n\n\n<p>Ucraineana, o limb\u0103 frumoas\u0103 \u0219i melodic\u0103, a atras un interes tot mai mare din partea entuzia\u0219tilor de limb\u0103 din \u00eentreaga lume. \u00cenv\u0103\u021barea limbii ucrainene v\u0103 ofer\u0103 acces la un bogat patrimoniu cultural \u0219i v\u0103 permite s\u0103 comunica\u021bi cu milioane de oameni din Ucraina \u0219i \u021b\u0103rile vecine. \u00cen timp ce scufundarea \u00een gramatica ucrainean\u0103 poate p\u0103rea descurajant\u0103 la \u00eenceput, av\u00e2nd o baz\u0103 solid\u0103 \u00een ea v\u0103 va permite s\u0103 explora\u021bi nuan\u021bele limbii \u0219i s\u0103 aprecia\u021bi pe deplin frumuse\u021bea acesteia. Acest articol v\u0103 va ghida pas cu pas prin elementele esen\u021biale ale gramaticii ucrainene, echip\u00e2ndu-v\u0103 pentru a \u00eencepe cu \u00eencredere c\u0103l\u0103toria lingvistic\u0103.<\/p>\n\n\n\n<h3 class=\"wp-block-heading\" id=\"h-1-mastering-ukrainian-nouns-and-cases\">1. St\u0103p\u00e2nirea substantivelor \u0219i cazurilor ucrainene<\/h3>\n\n\n\n<p>O caracteristic\u0103 central\u0103 a gramaticii ucrainene este sistemul s\u0103u de cazuri. C\u00e2nd utiliza\u021bi substantive, trebuie s\u0103 cunoa\u0219te\u021bi genul lor (masculin, feminin sau neutru) \u0219i s\u0103 fi\u021bi con\u0219tien\u021bi de contextul care poate necesita o schimbare a termina\u021biilor lor. Limba ucrainean\u0103 are \u0219apte cazuri:<\/p>\n\n\n\n<p>&#8211; Nominativ: subiectul unei propozi\u021bii<\/p>\n\n\n\n<p>&#8211; Genitiv: indic\u0103 posesia, cantitatea \u0219i nega\u021bia<\/p>\n\n\n\n<p>&#8211; Dativ: obiect indirect sau mi\u0219care spre un scop<\/p>\n\n\n\n<p>&#8211; Acuzativ: obiect direct sau mi\u0219care \u00eendreptat\u0103 spre ceva<\/p>\n\n\n\n<p>&#8211; Instrumental: denot\u0103 un mijloc sau un instrument de ac\u021biune<\/p>\n\n\n\n<p>&#8211; Locativ: indic\u0103 loca\u021bia<\/p>\n\n\n\n<p>&#8211; Vocativ: folosit pentru a se adresa sau a striga pe cineva<\/p>\n\n\n\n<p>Va trebui s\u0103 fi\u021bi aten\u021bi la termina\u021biile \u0219i declin\u0103rile substantivelor, deoarece acestea se schimb\u0103 \u00een func\u021bie de cazul folosit, precum \u0219i de genul \u0219i num\u0103rul substantivului.<\/p>\n\n\n\n<h3 class=\"wp-block-heading\" id=\"h-2-navigating-the-ukrainian-verb-system\">2. Navigarea \u00een sistemul verbelor ucrainene<\/h3>\n\n\n\n<p>Verbele ucrainene sunt conjugate pe baza persoanei, num\u0103rului, timpului, dispozi\u021biei \u0219i vocii. \u00cen ucrainean\u0103, exist\u0103 patru aspecte ale verbelor \u2013 perfectiv, imperfectiv, iterativ \u0219i inceptiv:<\/p>\n\n\n\n<p>&#8211; Perfectiv: denot\u0103 ac\u021biuni finalizate<\/p>\n\n\n\n<p>&#8211; Imperfectiv: descrie ac\u021biuni continue, obi\u0219nuite sau repetate<\/p>\n\n\n\n<p>&#8211; Iterativ: transmite ac\u021biuni repetate \u00eentr-un interval specificat<\/p>\n\n\n\n<p>&#8211; Inceptiv\u0103: indic\u0103 \u00eenceputul unei ac\u021biuni<\/p>\n\n\n\n<p>Pentru a naviga \u00een sistemul verbelor ucrainene, trebuie s\u0103 v\u0103 familiariza\u021bi cu cele trei conjug\u0103ri verbale de baz\u0103. Procesul de conjugare implic\u0103 schimbarea termina\u021biilor r\u0103d\u0103cinii verbului \u00een func\u021bie de timp, dispozi\u021bie \u0219i subiect.<\/p>\n\n\n\n<h3 class=\"wp-block-heading\" id=\"h-3-perfecting-ukrainian-adjectives-and-pronouns\">3. Perfec\u021bionarea adjectivelor \u0219i pronumelor ucrainene<\/h3>\n\n\n\n<p>Adjectivele \u00een ucrainean\u0103 trebuie s\u0103 fie de acord cu substantivul <a href=\"https:\/\/talkpal.ai\/culture\/how-do-i-use-pe-care-correctly\/\">pe care<\/a> \u00eel descriu, \u00een gen, num\u0103r \u0219i caz. Aceasta \u00eenseamn\u0103 c\u0103 atunci c\u00e2nd utiliza\u021bi un adjectiv, trebuie s\u0103 fi\u021bi aten\u021bi la termina\u021biile sale, deoarece acestea se vor schimba pentru a se alinia cu substantivul. \u00cen plus, adjectivele \u00een ucrainean\u0103 pot fi forme lungi sau scurte, fiecare av\u00e2nd utilizarea sa \u00een func\u021bie de context.<\/p>\n\n\n\n<p>Pronumele sunt folosite \u00een locul substantivelor \u0219i trebuie, de asemenea, s\u0103 fie de acord cu substantivul pe care \u00eel \u00eenlocuiesc, \u00een gen, num\u0103r \u0219i caz. Pronumele personale \u00een ucrainean\u0103 includ &#8222;\u044f&#8221; (eu), &#8222;\u0442\u0438&#8221; (tu, singular), &#8222;\u0432\u0456\u043d\/\u0432\u043e\u043d\u0430\/\u0432\u043e\u043d\u043e&#8221; (el\/ea\/ea), &#8222;\u043c\u0438&#8221; (noi), &#8222;\u0432\u0438&#8221; (tu, plural sau formal) \u0219i &#8222;\u0432\u043e\u043d\u0438&#8221; (ei). Exist\u0103, de asemenea, pronume posesive, demonstrative \u0219i relative \u00een ucrainean\u0103.<\/p>\n\n\n\n<h3 class=\"wp-block-heading\" id=\"h-4-putting-it-all-together-sentence-structure\">4. Punerea tuturor \u00eempreun\u0103: structura propozi\u021biei<\/h3>\n\n\n\n<p>Ucraineana urmeaz\u0103 structura propozi\u021biei subiect-verb-obiect (SVO), similar\u0103 cu engleza. Cu toate acestea, spre deosebire de <a href=\"https:\/\/talkpal.ai\/learn-english-with-ai\/\">englez\u0103<\/a>, ucraineana are mai mult\u0103 flexibilitate \u00een ordinea cuvintelor datorit\u0103 sistemului s\u0103u de cazuri. Aceast\u0103 flexibilitate permite vorbitorilor s\u0103 sublinieze cuvinte sau idei specifice, plas\u00e2ndu-le \u00een diferite pozi\u021bii \u00eentr-o propozi\u021bie. \u00cen timp ce st\u0103p\u00e2nirea acestei versatilit\u0103\u021bi poate necesita timp, v\u0103 permite s\u0103 v\u0103 exprima\u021bi mai artistic \u0219i mai fluid \u00een limba ucrainean\u0103.<\/p>\n\n\n\n<h3 class=\"wp-block-heading\" id=\"h-conclusion\">Concluzie<\/h3>\n\n\n\n<p>Pe m\u0103sur\u0103 ce v\u0103 \u00eembarca\u021bi \u00een c\u0103l\u0103toria dvs. \u00een limba ucrainean\u0103, aminti\u021bi-v\u0103 c\u0103 a deveni fluent \u00een <a href=\"https:\/\/talkpal.ai\/grammar\/\">gramatic\u0103<\/a> necesit\u0103 practic\u0103 \u0219i persisten\u021b\u0103. Familiariza\u021bi-v\u0103 treptat cu diferitele aspecte ale gramaticii ucrainene, de la substantive \u0219i cazuri la verbe \u0219i structura propozi\u021biei. Bucura\u021bi-v\u0103 de procesul de \u00eenv\u0103\u021bare \u0219i bucura\u021bi-v\u0103 de frumuse\u021bea \u0219i expresivitatea limbii ucrainene. \u0412\u0434\u0430\u0447\u0456! (Mult noroc!)<\/p>\n<\/div><\/div>\n\r\n<section class=\"learnNavigationSection\">\r\n            \r\n        <a href=\"https:\/\/talkpal.ai\/ro\/invata-ucraineana\/\">\r\n            <div class=\"learnNavigationWrapper\">\r\n                <div class=\"learnNavigationContent\">\r\n                    <img decoding=\"async\" src=\"https:\/\/talkpal.ai\/wp-content\/uploads\/2024\/08\/Ukrainian.jpg\" alt=\"Ukrainian Flag\">\r\n                    <div>\r\n                        <h4>Despre \u00eenv\u0103\u021barea ucrainean\u0103<\/h4>\r\n                        <p>Afla\u021bi totul despre gramatica ucrainean\u0103.<\/p>\r\n                    <\/div>\r\n                <\/div>\r\n            <\/div>\r\n        <\/a>\r\n\r\n        \r\n        <a href=\"https:\/\/talkpal.ai\/ro\/exercitii-de-gramatica-ucraineana\/\">\r\n            <div class=\"learnNavigationWrapper\">\r\n                <div class=\"learnNavigationContent\">\r\n                    <img decoding=\"async\" src=\"https:\/\/talkpal.ai\/wp-content\/uploads\/2024\/08\/Ukrainian.jpg\" alt=\"Ukrainian Flag\">\r\n                    <div>\r\n                        <h4>Exerci\u021biu de gramatic\u0103 ucrainean\u0103<\/h4>\r\n                        <p>Exersa\u021bi gramatica ucrainean\u0103.<\/p>\r\n                    <\/div>\r\n                <\/div>\r\n            <\/div>\r\n        <\/a>\r\n\r\n        \r\n        <a href=\"https:\/\/talkpal.ai\/vocabulary_language\/ukrainian\/\">\r\n            <div class=\"learnNavigationWrapper\">\r\n                <div class=\"learnNavigationContent\">\r\n                    <img decoding=\"async\" src=\"https:\/\/talkpal.ai\/wp-content\/uploads\/2024\/08\/Ukrainian.jpg\" alt=\"Ukrainian Flag\">\r\n                    <div>\r\n                        <h4>Vocabular ucrainean<\/h4>\r\n                        <p>Extinde\u021bi-v\u0103 vocabularul ucrainean.<\/p>\r\n                    <\/div>\r\n                <\/div>\r\n            <\/div>\r\n        <\/a>\r\n\r\n            <\/section>","protected":false},"excerpt":{"rendered":"<p>Un ghid cuprinz\u0103tor pentru st\u0103p\u00e2nirea gramaticii ucrainene Ucraineana, o limb\u0103 frumoas\u0103 \u0219i melodic\u0103, a atras un interes tot mai mare din partea entuzia\u0219tilor de limb\u0103 din \u00eentreaga lume. \u00cenv\u0103\u021barea limbii ucrainene v\u0103 ofer\u0103 acces la un bogat patrimoniu cultural \u0219i v\u0103 permite s\u0103 comunica\u021bi cu milioane de oameni din Ucraina \u0219i \u021b\u0103rile vecine. \u00cen timp [&hellip;]<\/p>\n","protected":false},"author":1,"featured_media":108735,"parent":0,"menu_order":0,"comment_status":"closed","ping_status":"closed","template":"LearningContentPage.php","meta":{"_acf_changed":false,"footnotes":""},"class_list":["post-131166","page","type-page","status-publish","has-post-thumbnail","hentry"],"acf":[],"yoast_head":"<!-- This site is optimized with the Yoast SEO Premium plugin v27.2 (Yoast SEO v27.2) - https:\/\/yoast.com\/product\/yoast-seo-premium-wordpress\/ -->\n<title>Gramatica limbii ucrainene - Talkpal<\/title>\n<meta name=\"description\" content=\"Descoperi\u021bi frumuse\u021bea gramaticii ucrainene cu sfaturi \u0219i informa\u021bii esen\u021biale pentru a v\u0103 \u00eembun\u0103t\u0103\u021bi c\u0103l\u0103toria de \u00eenv\u0103\u021bare a limbii.\" \/>\n<meta name=\"robots\" content=\"index, follow, max-snippet:-1, max-image-preview:large, max-video-preview:-1\" \/>\n<link rel=\"canonical\" href=\"https:\/\/talkpal.ai\/ro\/gramatica-limbii-ucrainene\/\" \/>\n<meta property=\"og:locale\" content=\"ro_RO\" \/>\n<meta property=\"og:type\" content=\"article\" \/>\n<meta property=\"og:title\" content=\"Gramatica limbii ucrainene\" \/>\n<meta property=\"og:description\" content=\"Un ghid cuprinz\u0103tor pentru st\u0103p\u00e2nirea gramaticii ucrainene Ucraineana, o limb\u0103 frumoas\u0103 \u0219i melodic\u0103, a atras un interes tot mai mare din partea\" \/>\n<meta property=\"og:url\" content=\"https:\/\/talkpal.ai\/ro\/gramatica-limbii-ucrainene\/\" \/>\n<meta property=\"og:site_name\" content=\"Talkpal\" \/>\n<meta property=\"article:publisher\" content=\"https:\/\/www.facebook.com\/profile.php?id=100090733639311\" \/>\n<meta property=\"article:modified_time\" content=\"2025-12-11T16:35:37+00:00\" \/>\n<meta property=\"og:image\" content=\"https:\/\/talkpal.ai\/wp-content\/uploads\/2023\/04\/ukraine.png\" \/>\n\t<meta property=\"og:image:width\" content=\"512\" \/>\n\t<meta property=\"og:image:height\" content=\"512\" \/>\n\t<meta property=\"og:image:type\" content=\"image\/png\" \/>\n<meta name=\"twitter:card\" content=\"summary_large_image\" \/>\n<meta name=\"twitter:site\" content=\"@talkpalai\" \/>\n<meta name=\"twitter:label1\" content=\"Timp estimat pentru citire\" \/>\n\t<meta name=\"twitter:data1\" content=\"3 minute\" \/>\n<script type=\"application\/ld+json\" class=\"yoast-schema-graph\">{\"@context\":\"https:\/\/schema.org\",\"@graph\":[{\"@type\":\"WebPage\",\"@id\":\"https:\/\/talkpal.ai\/ro\/gramatica-limbii-ucrainene\/\",\"url\":\"https:\/\/talkpal.ai\/ro\/gramatica-limbii-ucrainene\/\",\"name\":\"Gramatica limbii ucrainene - Talkpal\",\"isPartOf\":{\"@id\":\"https:\/\/talkpal.ai\/ro\/#website\"},\"primaryImageOfPage\":{\"@id\":\"https:\/\/talkpal.ai\/ro\/gramatica-limbii-ucrainene\/#primaryimage\"},\"image\":{\"@id\":\"https:\/\/talkpal.ai\/ro\/gramatica-limbii-ucrainene\/#primaryimage\"},\"thumbnailUrl\":\"https:\/\/talkpal.ai\/wp-content\/uploads\/2023\/04\/ukraine.png\",\"datePublished\":\"2023-05-14T13:53:24+00:00\",\"dateModified\":\"2025-12-11T16:35:37+00:00\",\"description\":\"Descoperi\u021bi frumuse\u021bea gramaticii ucrainene cu sfaturi \u0219i informa\u021bii esen\u021biale pentru a v\u0103 \u00eembun\u0103t\u0103\u021bi c\u0103l\u0103toria de \u00eenv\u0103\u021bare a limbii.\",\"breadcrumb\":{\"@id\":\"https:\/\/talkpal.ai\/ro\/gramatica-limbii-ucrainene\/#breadcrumb\"},\"inLanguage\":\"ro-RO\",\"potentialAction\":[{\"@type\":\"ReadAction\",\"target\":[\"https:\/\/talkpal.ai\/ro\/gramatica-limbii-ucrainene\/\"]}]},{\"@type\":\"ImageObject\",\"inLanguage\":\"ro-RO\",\"@id\":\"https:\/\/talkpal.ai\/ro\/gramatica-limbii-ucrainene\/#primaryimage\",\"url\":\"https:\/\/talkpal.ai\/wp-content\/uploads\/2023\/04\/ukraine.png\",\"contentUrl\":\"https:\/\/talkpal.ai\/wp-content\/uploads\/2023\/04\/ukraine.png\",\"width\":512,\"height\":512,\"caption\":\"TalkPal Ukrainian Flag\"},{\"@type\":\"BreadcrumbList\",\"@id\":\"https:\/\/talkpal.ai\/ro\/gramatica-limbii-ucrainene\/#breadcrumb\",\"itemListElement\":[{\"@type\":\"ListItem\",\"position\":1,\"name\":\"Homepage\",\"item\":\"https:\/\/talkpal.ai\/ro\/\"},{\"@type\":\"ListItem\",\"position\":2,\"name\":\"Gramatica limbii ucrainene\"}]},{\"@type\":\"WebSite\",\"@id\":\"https:\/\/talkpal.ai\/ro\/#website\",\"url\":\"https:\/\/talkpal.ai\/ro\/\",\"name\":\"Talkpal\",\"description\":\"AI Language Learning\",\"publisher\":{\"@id\":\"https:\/\/talkpal.ai\/ro\/#organization\"},\"alternateName\":\"Talkpal AI\",\"potentialAction\":[{\"@type\":\"SearchAction\",\"target\":{\"@type\":\"EntryPoint\",\"urlTemplate\":\"https:\/\/talkpal.ai\/ro\/?s={search_term_string}\"},\"query-input\":{\"@type\":\"PropertyValueSpecification\",\"valueRequired\":true,\"valueName\":\"search_term_string\"}}],\"inLanguage\":\"ro-RO\"},{\"@type\":\"Organization\",\"@id\":\"https:\/\/talkpal.ai\/ro\/#organization\",\"name\":\"Talkpal, Inc.\",\"alternateName\":\"Talkpal AI\",\"url\":\"https:\/\/talkpal.ai\/ro\/\",\"logo\":{\"@type\":\"ImageObject\",\"inLanguage\":\"ro-RO\",\"@id\":\"https:\/\/talkpal.ai\/ro\/#\/schema\/logo\/image\/\",\"url\":\"https:\/\/talkpal.ai\/wp-content\/uploads\/2024\/03\/Talkpal-Logo-Icon.png\",\"contentUrl\":\"https:\/\/talkpal.ai\/wp-content\/uploads\/2024\/03\/Talkpal-Logo-Icon.png\",\"width\":2880,\"height\":2880,\"caption\":\"Talkpal, Inc.\"},\"image\":{\"@id\":\"https:\/\/talkpal.ai\/ro\/#\/schema\/logo\/image\/\"},\"sameAs\":[\"https:\/\/www.facebook.com\/profile.php?id=100090733639311\",\"https:\/\/x.com\/talkpalai\",\"https:\/\/www.linkedin.com\/company\/talkpal\/\",\"https:\/\/www.youtube.com\/@TalkPal\/\",\"https:\/\/www.tiktok.com\/@talkpal\",\"https:\/\/www.instagram.com\/talkpal_ai\/\",\"https:\/\/www.crunchbase.com\/organization\/talkpal-9cde\",\"https:\/\/www.g2.com\/products\/talkpal-for-business\/\",\"https:\/\/www.trustpilot.com\/review\/talkpal.ai\",\"https:\/\/www.capterra.com\/p\/10006800\/TalkPal\/\"],\"description\":\"Talkpal is a language learning web and mobile education app, powered by the latest AI technologies, that provides engaging experiences to its customers in many different languages to help them improve their language skills. Users can chat about unlimited amount of topics with the app and use other modes to practice their language learning.\",\"email\":\"support@talkpal.ai\",\"legalName\":\"Talkpal, Inc.\",\"foundingDate\":\"2023-04-03\",\"duns\":\"118989042\",\"numberOfEmployees\":{\"@type\":\"QuantitativeValue\",\"minValue\":\"11\",\"maxValue\":\"50\"},\"publishingPrinciples\":\"https:\/\/talkpal.ai\/publishing-principles\/\",\"actionableFeedbackPolicy\":\"https:\/\/talkpal.ai\/actionable-feedback-policy\/\",\"correctionsPolicy\":\"https:\/\/talkpal.ai\/corrections-policy\/\",\"ethicsPolicy\":\"https:\/\/talkpal.ai\/ethics-policy\/\",\"diversityPolicy\":\"https:\/\/talkpal.ai\/diversity-policy\/\",\"diversityStaffingReport\":\"https:\/\/talkpal.ai\/diversity-policy\/\"}]}<\/script>\n<!-- \/ Yoast SEO Premium plugin. -->","yoast_head_json":{"title":"Gramatica limbii ucrainene - Talkpal","description":"Descoperi\u021bi frumuse\u021bea gramaticii ucrainene cu sfaturi \u0219i informa\u021bii esen\u021biale pentru a v\u0103 \u00eembun\u0103t\u0103\u021bi c\u0103l\u0103toria de \u00eenv\u0103\u021bare a limbii.","robots":{"index":"index","follow":"follow","max-snippet":"max-snippet:-1","max-image-preview":"max-image-preview:large","max-video-preview":"max-video-preview:-1"},"canonical":"https:\/\/talkpal.ai\/ro\/gramatica-limbii-ucrainene\/","og_locale":"ro_RO","og_type":"article","og_title":"Gramatica limbii ucrainene","og_description":"Un ghid cuprinz\u0103tor pentru st\u0103p\u00e2nirea gramaticii ucrainene Ucraineana, o limb\u0103 frumoas\u0103 \u0219i melodic\u0103, a atras un interes tot mai mare din partea","og_url":"https:\/\/talkpal.ai\/ro\/gramatica-limbii-ucrainene\/","og_site_name":"Talkpal","article_publisher":"https:\/\/www.facebook.com\/profile.php?id=100090733639311","article_modified_time":"2025-12-11T16:35:37+00:00","og_image":[{"width":512,"height":512,"url":"https:\/\/talkpal.ai\/wp-content\/uploads\/2023\/04\/ukraine.png","type":"image\/png"}],"twitter_card":"summary_large_image","twitter_site":"@talkpalai","twitter_misc":{"Timp estimat pentru citire":"3 minute"},"schema":{"@context":"https:\/\/schema.org","@graph":[{"@type":"WebPage","@id":"https:\/\/talkpal.ai\/ro\/gramatica-limbii-ucrainene\/","url":"https:\/\/talkpal.ai\/ro\/gramatica-limbii-ucrainene\/","name":"Gramatica limbii ucrainene - Talkpal","isPartOf":{"@id":"https:\/\/talkpal.ai\/ro\/#website"},"primaryImageOfPage":{"@id":"https:\/\/talkpal.ai\/ro\/gramatica-limbii-ucrainene\/#primaryimage"},"image":{"@id":"https:\/\/talkpal.ai\/ro\/gramatica-limbii-ucrainene\/#primaryimage"},"thumbnailUrl":"https:\/\/talkpal.ai\/wp-content\/uploads\/2023\/04\/ukraine.png","datePublished":"2023-05-14T13:53:24+00:00","dateModified":"2025-12-11T16:35:37+00:00","description":"Descoperi\u021bi frumuse\u021bea gramaticii ucrainene cu sfaturi \u0219i informa\u021bii esen\u021biale pentru a v\u0103 \u00eembun\u0103t\u0103\u021bi c\u0103l\u0103toria de \u00eenv\u0103\u021bare a limbii.","breadcrumb":{"@id":"https:\/\/talkpal.ai\/ro\/gramatica-limbii-ucrainene\/#breadcrumb"},"inLanguage":"ro-RO","potentialAction":[{"@type":"ReadAction","target":["https:\/\/talkpal.ai\/ro\/gramatica-limbii-ucrainene\/"]}]},{"@type":"ImageObject","inLanguage":"ro-RO","@id":"https:\/\/talkpal.ai\/ro\/gramatica-limbii-ucrainene\/#primaryimage","url":"https:\/\/talkpal.ai\/wp-content\/uploads\/2023\/04\/ukraine.png","contentUrl":"https:\/\/talkpal.ai\/wp-content\/uploads\/2023\/04\/ukraine.png","width":512,"height":512,"caption":"TalkPal Ukrainian Flag"},{"@type":"BreadcrumbList","@id":"https:\/\/talkpal.ai\/ro\/gramatica-limbii-ucrainene\/#breadcrumb","itemListElement":[{"@type":"ListItem","position":1,"name":"Homepage","item":"https:\/\/talkpal.ai\/ro\/"},{"@type":"ListItem","position":2,"name":"Gramatica limbii ucrainene"}]},{"@type":"WebSite","@id":"https:\/\/talkpal.ai\/ro\/#website","url":"https:\/\/talkpal.ai\/ro\/","name":"Talkpal","description":"AI Language Learning","publisher":{"@id":"https:\/\/talkpal.ai\/ro\/#organization"},"alternateName":"Talkpal AI","potentialAction":[{"@type":"SearchAction","target":{"@type":"EntryPoint","urlTemplate":"https:\/\/talkpal.ai\/ro\/?s={search_term_string}"},"query-input":{"@type":"PropertyValueSpecification","valueRequired":true,"valueName":"search_term_string"}}],"inLanguage":"ro-RO"},{"@type":"Organization","@id":"https:\/\/talkpal.ai\/ro\/#organization","name":"Talkpal, Inc.","alternateName":"Talkpal AI","url":"https:\/\/talkpal.ai\/ro\/","logo":{"@type":"ImageObject","inLanguage":"ro-RO","@id":"https:\/\/talkpal.ai\/ro\/#\/schema\/logo\/image\/","url":"https:\/\/talkpal.ai\/wp-content\/uploads\/2024\/03\/Talkpal-Logo-Icon.png","contentUrl":"https:\/\/talkpal.ai\/wp-content\/uploads\/2024\/03\/Talkpal-Logo-Icon.png","width":2880,"height":2880,"caption":"Talkpal, Inc."},"image":{"@id":"https:\/\/talkpal.ai\/ro\/#\/schema\/logo\/image\/"},"sameAs":["https:\/\/www.facebook.com\/profile.php?id=100090733639311","https:\/\/x.com\/talkpalai","https:\/\/www.linkedin.com\/company\/talkpal\/","https:\/\/www.youtube.com\/@TalkPal\/","https:\/\/www.tiktok.com\/@talkpal","https:\/\/www.instagram.com\/talkpal_ai\/","https:\/\/www.crunchbase.com\/organization\/talkpal-9cde","https:\/\/www.g2.com\/products\/talkpal-for-business\/","https:\/\/www.trustpilot.com\/review\/talkpal.ai","https:\/\/www.capterra.com\/p\/10006800\/TalkPal\/"],"description":"Talkpal is a language learning web and mobile education app, powered by the latest AI technologies, that provides engaging experiences to its customers in many different languages to help them improve their language skills. Users can chat about unlimited amount of topics with the app and use other modes to practice their language learning.","email":"support@talkpal.ai","legalName":"Talkpal, Inc.","foundingDate":"2023-04-03","duns":"118989042","numberOfEmployees":{"@type":"QuantitativeValue","minValue":"11","maxValue":"50"},"publishingPrinciples":"https:\/\/talkpal.ai\/publishing-principles\/","actionableFeedbackPolicy":"https:\/\/talkpal.ai\/actionable-feedback-policy\/","correctionsPolicy":"https:\/\/talkpal.ai\/corrections-policy\/","ethicsPolicy":"https:\/\/talkpal.ai\/ethics-policy\/","diversityPolicy":"https:\/\/talkpal.ai\/diversity-policy\/","diversityStaffingReport":"https:\/\/talkpal.ai\/diversity-policy\/"}]}},"_links":{"self":[{"href":"https:\/\/talkpal.ai\/ro\/wp-json\/wp\/v2\/pages\/131166","targetHints":{"allow":["GET"]}}],"collection":[{"href":"https:\/\/talkpal.ai\/ro\/wp-json\/wp\/v2\/pages"}],"about":[{"href":"https:\/\/talkpal.ai\/ro\/wp-json\/wp\/v2\/types\/page"}],"author":[{"embeddable":true,"href":"https:\/\/talkpal.ai\/ro\/wp-json\/wp\/v2\/users\/1"}],"replies":[{"embeddable":true,"href":"https:\/\/talkpal.ai\/ro\/wp-json\/wp\/v2\/comments?post=131166"}],"version-history":[{"count":0,"href":"https:\/\/talkpal.ai\/ro\/wp-json\/wp\/v2\/pages\/131166\/revisions"}],"wp:featuredmedia":[{"embeddable":true,"href":"https:\/\/talkpal.ai\/ro\/wp-json\/wp\/v2\/media\/108735"}],"wp:attachment":[{"href":"https:\/\/talkpal.ai\/ro\/wp-json\/wp\/v2\/media?parent=131166"}],"curies":[{"name":"wp","href":"https:\/\/api.w.org\/{rel}","templated":true}]}}