{"id":130790,"date":"2023-05-14T13:53:07","date_gmt":"2023-05-14T13:53:07","guid":{"rendered":"http:\/\/talkpal.ai\/gramatica-suedeza\/"},"modified":"2025-12-11T16:31:42","modified_gmt":"2025-12-11T16:31:42","slug":"gramatica-suedeza","status":"publish","type":"page","link":"https:\/\/talkpal.ai\/ro\/gramatica-suedeza\/","title":{"rendered":"Gramatica suedez\u0103"},"content":{"rendered":"\r\n\r\n\r\n<section class=\"languageChallengeSection\">\r\n    <div class=\"languageInfoWrapper\">\r\n        \r\n        <h1>Gramatica suedez\u0103<\/h1>\r\n        <p>Descoperi\u021bi frumuse\u021bea limbii <a href=\"https:\/\/talkpal.ai\/learn-swedish\/\">suedeze<\/a> prin st\u0103p\u00e2nirea regulilor <a href=\"https:\/\/talkpal.ai\/locations\/learn-english-in-sale\/\">sale<\/a> gramaticale esen\u021biale. O \u00een\u021belegere solid\u0103 a gramaticii suedeze v\u0103 va permite s\u0103 comunica\u021bi cu \u00eencredere \u0219i s\u0103 v\u0103 conecta\u021bi cu cultura suedez\u0103. \u00cencepe\u021bi ast\u0103zi s\u0103 \u00eenv\u0103\u021ba\u021bi gramatica suedez\u0103 \u0219i face\u021bi primul pas spre fluen\u021b\u0103!<\/p>\r\n\r\n                            <a class=\"getStartedHidden\" href=\"https:\/\/app.talkpal.ai\/ro\/signup?lng=\">\u00cencepe<\/a>\r\n        \r\n    <\/div>\r\n\r\n    <figure>\r\n    <img decoding=\"async\" width=\"768\" height=\"768\" src=\"https:\/\/talkpal.ai\/wp-content\/uploads\/2023\/06\/swedish-768x768.png\" class=\"languageImage no-lazy\" alt=\"Language learning for improved concentration\" fetchpriority=\"high\" sizes=\"(max-width: 768px) 150px, 768px\" srcset=\"https:\/\/talkpal.ai\/wp-content\/uploads\/2023\/06\/swedish-768x768.png 768w, https:\/\/talkpal.ai\/wp-content\/uploads\/2023\/06\/swedish-300x300.png 300w\" \/>\r\n    \r\n\r\n    <\/figure>\r\n\r\n            <a class=\"getStartedVisible\" href=\"https:\/\/app.talkpal.ai\/ro\/signup?lng=\">\u00cencepe<\/a>\r\n    \r\n<\/section>\r\n<section class=\"promotionalBanner\">\r\n    <p class=\"promotionalText\">Cel mai eficient mod de a \u00eenv\u0103\u021ba o limb\u0103<\/p>\r\n    <a class=\"promotionalLink\" href=\"https:\/\/app.talkpal.ai\/ro\/signup?lng=\">\u00cencerca\u021bi Talkpal gratuit<\/a>\r\n<\/section>\n<div class=\"wp-block-group pageContainerStyle\"><div class=\"wp-block-group__inner-container is-layout-constrained wp-block-group-is-layout-constrained\">\n<h2 class=\"wp-block-heading\" id=\"h-demystifying-swedish-grammar-a-comprehensive-guide-to-master-its-rules-and-nuances\">Demistificarea gramaticii suedeze: un ghid cuprinz\u0103tor pentru a-i st\u0103p\u00e2ni regulile \u0219i nuan\u021bele<\/h2>\n\n\n\n<p>Suedeza, vorbit\u0103 de aproximativ 10 milioane de oameni, este o limb\u0103 bogat\u0103 \u0219i melodic\u0103 apar\u021bin\u00e2nd familiei germanice de nord. De\u0219i gramatica suedez\u0103 este relativ simpl\u0103 \u00een compara\u021bie cu alte limbi, \u00een\u021belegerea regulilor \u0219i structurii sale este esen\u021bial\u0103 pentru \u00eembun\u0103t\u0103\u021birea competen\u021bei lingvistice. \u00cen acest articol, v\u0103 vom ghida prin aspectele fundamentale ale gramaticii suedeze \u0219i v\u0103 vom oferi sfaturi utile pentru a v\u0103 \u00eembun\u0103t\u0103\u021bi cuno\u0219tin\u021bele de limb\u0103 suedez\u0103.<\/p>\n\n\n\n<h3 class=\"wp-block-heading\" id=\"h-essential-components-of-swedish-grammar\">Componente esen\u021biale ale gramaticii suedeze:<\/h3>\n\n\n\n<p>Gramatica suedez\u0103 are asem\u0103n\u0103ri cu gramatica limbii engleze, ceea ce face mai u\u0219or pentru vorbitorii de <a href=\"https:\/\/talkpal.ai\/learn-english-with-ai\/\">englez\u0103<\/a>. Iat\u0103 c\u00e2teva aspecte critice ale gramaticii suedeze cu care merit\u0103 s\u0103 v\u0103 familiariza\u021bi:<\/p>\n\n\n\n<p><strong>1. Substantive: Substantivele<\/strong> suedeze sunt \u00eemp\u0103r\u021bite \u00een dou\u0103 genuri gramaticale: comun (en) \u0219i neutru (ett). Fiecare substantiv apar\u021bine uneia dintre aceste categorii, ceea ce este important de luat \u00een considerare atunci c\u00e2nd se utilizeaz\u0103 articole nedefinite \u0219i definite. Substantivele suedeze au, de asemenea, forme de plural, cu mai multe modele distincte de re\u021binut.<\/p>\n\n\n\n<p><strong>2. Adjective:<\/strong> Adjectivele \u00een limba suedez\u0103 se potrivesc cu genul substantivului. \u00cen func\u021bie de genul substantivului, exist\u0103 trei forme de adjective: pozitiv, comparativ \u0219i superlativ. Adjectivele sunt, de asemenea, de acord \u00een num\u0103r (singular sau plural).<\/p>\n\n\n\n<p><strong>3. Verbe:<\/strong> Verbele suedeze sunt clasificate \u00een patru grupe, fiecare cu modelul s\u0103u de conjugare. Verbele se conjug\u0103 \u00een func\u021bie de timp (prezent, trecut sau viitor), dar nu se conjug\u0103 \u00een func\u021bie de subiect, ca \u00een limba englez\u0103. \u00cen schimb, formele verbelor suedeze r\u0103m\u00e2n consecvente indiferent de subiect. \u00cen plus, verbele suedeze nu au forme continue (adic\u0103 -ing) ca \u00een englez\u0103.<\/p>\n\n\n\n<p><strong>4. Structura propozi\u021biei: Structura propozi\u021biei<\/strong> suedeze este de obicei subiect-verb-obiect (SVO), la fel ca engleza. Cu toate acestea, suedeza folose\u0219te adesea regula de ordine a cuvintelor V2, unde verbul apare \u00een a doua pozi\u021bie \u00een propozi\u021bii \u0219i \u00eentreb\u0103ri declarative.<\/p>\n\n\n\n<h3 class=\"wp-block-heading\" id=\"h-tips-for-learning-swedish-grammar\">Sfaturi pentru \u00eenv\u0103\u021barea gramaticii suedeze:<\/h3>\n\n\n\n<p>Pentru a v\u0103 face c\u0103l\u0103toria de \u00eenv\u0103\u021bare a gramaticii suedeze mai u\u0219oar\u0103, iat\u0103 c\u00e2teva sfaturi practice de urmat:<\/p>\n\n\n\n<p><strong>1. Exerseaz\u0103 \u00een mod regulat:<\/strong> Consecven\u021ba este esen\u021bial\u0103. Aloca\u021bi timp \u00een fiecare zi sau s\u0103pt\u0103m\u00e2n\u0103 pentru a practica exerci\u021bii de <a href=\"https:\/\/talkpal.ai\/grammar\/\">gramatic\u0103<\/a>, citire \u0219i scriere \u00een suedez\u0103.<\/p>\n\n\n\n<p><strong>2. Utiliza\u021bi resurse native:<\/strong> Scufunda\u021bi-v\u0103 \u00een materiale suedeze native, cum ar fi literatura, articolele de \u0219tiri \u0219i podcasturile. Acest lucru nu numai c\u0103 v\u0103 va ajuta s\u0103 \u00een\u021belege\u021bi gramatica suedez\u0103 \u00een context, ci \u0219i s\u0103 v\u0103 \u00eembun\u0103t\u0103\u021bi\u021bi abilit\u0103\u021bile de citire \u0219i ascultare.<\/p>\n\n\n\n<p><strong>3. \u00cenv\u0103\u021ba\u021bi genurile substantivelor \u0219i pluralul: Memorarea genului<\/strong> (en sau ett) \u0219i a formelor de plural ale substantivelor suedeze este crucial\u0103. Practicarea \u00een timp v\u0103 va ajuta \u00een cele din urm\u0103 s\u0103 internaliza\u021bi aceste reguli.<\/p>\n\n\n\n<p>4. Conecta\u021bi-v\u0103 cu vorbitori nativi: Angajarea \u00een conversa\u021bii <strong>cu vorbitori nativi suedezi<\/strong> v\u0103 va permite s\u0103 exersa\u021bi gramatica \u0219i s\u0103 primi\u021bi feedback valoros. Lua\u021bi \u00een considerare aderarea la grupuri de schimb lingvistic sau forumuri online pentru a v\u0103 conecta cu persoane vorbitoare de limb\u0103 suedez\u0103.<\/p>\n\n\n\n<p><strong>5. Fi\u021bi r\u0103bd\u0103tori \u0219i persisten\u021bi:<\/strong> Aminti\u021bi-v\u0103 c\u0103 \u00eenv\u0103\u021barea gramaticii este un proces. R\u0103m\u00e2i angajat, continu\u0103 s\u0103 exersezi \u0219i s\u0103rb\u0103tore\u0219te progresul de-a lungul drumului.<\/p>\n\n\n\n<h2 class=\"wp-block-heading\" id=\"h-conclusion\">Concluzie:<\/h2>\n\n\n\n<p>Gramatica suedez\u0103, de\u0219i aparent complex\u0103, poate fi st\u0103p\u00e2nit\u0103 cu d\u0103ruire \u0219i \u00een\u021belegere a componentelor sale integrale. Urm\u00e2nd sugestiile noastre \u0219i implic\u00e2ndu-v\u0103 \u00een limb\u0103, ve\u021bi fi martorul unei \u00eembun\u0103t\u0103\u021biri constante a cuno\u0219tin\u021belor dumneavoastr\u0103 de limba suedez\u0103. \u00cembr\u0103\u021bi\u0219a\u021bi provocarea \u0219i bucura\u021bi-v\u0103 de c\u0103l\u0103toria spre m\u0103iestria gramatical\u0103 suedez\u0103!<\/p>\n<\/div><\/div>\n\r\n<section class=\"learnNavigationSection\">\r\n            \r\n        <a href=\"https:\/\/talkpal.ai\/ro\/invata-suedeza\/\">\r\n            <div class=\"learnNavigationWrapper\">\r\n                <div class=\"learnNavigationContent\">\r\n                    <img decoding=\"async\" src=\"https:\/\/talkpal.ai\/wp-content\/uploads\/2024\/08\/Swedish.jpg\" alt=\"Swedish Flag\">\r\n                    <div>\r\n                        <h4>Despre Swedish Learning<\/h4>\r\n                        <p>Afla\u021bi totul despre gramatica suedez\u0103.<\/p>\r\n                    <\/div>\r\n                <\/div>\r\n            <\/div>\r\n        <\/a>\r\n\r\n        \r\n        <a href=\"https:\/\/talkpal.ai\/ro\/exercitii-de-gramatica-suedeza\/\">\r\n            <div class=\"learnNavigationWrapper\">\r\n                <div class=\"learnNavigationContent\">\r\n                    <img decoding=\"async\" src=\"https:\/\/talkpal.ai\/wp-content\/uploads\/2024\/08\/Swedish.jpg\" alt=\"Swedish Flag\">\r\n                    <div>\r\n                        <h4>Exerci\u021biu de gramatic\u0103 suedez\u0103<\/h4>\r\n                        <p>Exersa\u021bi gramatica suedez\u0103.<\/p>\r\n                    <\/div>\r\n                <\/div>\r\n            <\/div>\r\n        <\/a>\r\n\r\n        \r\n        <a href=\"https:\/\/talkpal.ai\/vocabulary_language\/swedish\/\">\r\n            <div class=\"learnNavigationWrapper\">\r\n                <div class=\"learnNavigationContent\">\r\n                    <img decoding=\"async\" src=\"https:\/\/talkpal.ai\/wp-content\/uploads\/2024\/08\/Swedish.jpg\" alt=\"Swedish Flag\">\r\n                    <div>\r\n                        <h4>Vocabular suedez<\/h4>\r\n                        <p>Extinde\u021bi-v\u0103 vocabularul suedez.<\/p>\r\n                    <\/div>\r\n                <\/div>\r\n            <\/div>\r\n        <\/a>\r\n\r\n            <\/section>","protected":false},"excerpt":{"rendered":"<p>Demistificarea gramaticii suedeze: un ghid cuprinz\u0103tor pentru a-i st\u0103p\u00e2ni regulile \u0219i nuan\u021bele Suedeza, vorbit\u0103 de aproximativ 10 milioane de oameni, este o limb\u0103 bogat\u0103 \u0219i melodic\u0103 apar\u021bin\u00e2nd familiei germanice de nord. De\u0219i gramatica suedez\u0103 este relativ simpl\u0103 \u00een compara\u021bie cu alte limbi, \u00een\u021belegerea regulilor \u0219i structurii sale este esen\u021bial\u0103 pentru \u00eembun\u0103t\u0103\u021birea competen\u021bei lingvistice. \u00cen acest [&hellip;]<\/p>\n","protected":false},"author":1,"featured_media":108432,"parent":0,"menu_order":0,"comment_status":"closed","ping_status":"closed","template":"LearningContentPage.php","meta":{"_acf_changed":false,"footnotes":""},"class_list":["post-130790","page","type-page","status-publish","has-post-thumbnail","hentry"],"acf":[],"yoast_head":"<!-- This site is optimized with the Yoast SEO Premium plugin v27.2 (Yoast SEO v27.2) - https:\/\/yoast.com\/product\/yoast-seo-premium-wordpress\/ -->\n<title>Gramatica suedez\u0103 - Talkpal<\/title>\n<meta name=\"description\" content=\"Descoperi\u021bi secretele gramaticii suedeze pentru a v\u0103 \u00eembun\u0103t\u0103\u021bi competen\u021bele lingvistice cu ajutorul regulilor fundamentale \u0219i al sfaturilor utile.\" \/>\n<meta name=\"robots\" content=\"index, follow, max-snippet:-1, max-image-preview:large, max-video-preview:-1\" \/>\n<link rel=\"canonical\" href=\"https:\/\/talkpal.ai\/ro\/gramatica-suedeza\/\" \/>\n<meta property=\"og:locale\" content=\"ro_RO\" \/>\n<meta property=\"og:type\" content=\"article\" \/>\n<meta property=\"og:title\" content=\"Gramatica suedez\u0103\" \/>\n<meta property=\"og:description\" content=\"Demistificarea gramaticii suedeze: un ghid cuprinz\u0103tor pentru a-i st\u0103p\u00e2ni regulile \u0219i nuan\u021bele Suedeza, vorbit\u0103 de aproximativ 10 milioane de oameni, este\" \/>\n<meta property=\"og:url\" content=\"https:\/\/talkpal.ai\/ro\/gramatica-suedeza\/\" \/>\n<meta property=\"og:site_name\" content=\"Talkpal\" \/>\n<meta property=\"article:publisher\" content=\"https:\/\/www.facebook.com\/profile.php?id=100090733639311\" \/>\n<meta property=\"article:modified_time\" content=\"2025-12-11T16:31:42+00:00\" \/>\n<meta property=\"og:image\" content=\"https:\/\/talkpal.ai\/wp-content\/uploads\/2023\/04\/sweden.png\" \/>\n\t<meta property=\"og:image:width\" content=\"512\" \/>\n\t<meta property=\"og:image:height\" content=\"512\" \/>\n\t<meta property=\"og:image:type\" content=\"image\/png\" \/>\n<meta name=\"twitter:card\" content=\"summary_large_image\" \/>\n<meta name=\"twitter:site\" content=\"@talkpalai\" \/>\n<meta name=\"twitter:label1\" content=\"Timp estimat pentru citire\" \/>\n\t<meta name=\"twitter:data1\" content=\"3 minute\" \/>\n<script type=\"application\/ld+json\" class=\"yoast-schema-graph\">{\"@context\":\"https:\/\/schema.org\",\"@graph\":[{\"@type\":\"WebPage\",\"@id\":\"https:\/\/talkpal.ai\/ro\/gramatica-suedeza\/\",\"url\":\"https:\/\/talkpal.ai\/ro\/gramatica-suedeza\/\",\"name\":\"Gramatica suedez\u0103 - Talkpal\",\"isPartOf\":{\"@id\":\"https:\/\/talkpal.ai\/ro\/#website\"},\"primaryImageOfPage\":{\"@id\":\"https:\/\/talkpal.ai\/ro\/gramatica-suedeza\/#primaryimage\"},\"image\":{\"@id\":\"https:\/\/talkpal.ai\/ro\/gramatica-suedeza\/#primaryimage\"},\"thumbnailUrl\":\"https:\/\/talkpal.ai\/wp-content\/uploads\/2023\/04\/sweden.png\",\"datePublished\":\"2023-05-14T13:53:07+00:00\",\"dateModified\":\"2025-12-11T16:31:42+00:00\",\"description\":\"Descoperi\u021bi secretele gramaticii suedeze pentru a v\u0103 \u00eembun\u0103t\u0103\u021bi competen\u021bele lingvistice cu ajutorul regulilor fundamentale \u0219i al sfaturilor utile.\",\"breadcrumb\":{\"@id\":\"https:\/\/talkpal.ai\/ro\/gramatica-suedeza\/#breadcrumb\"},\"inLanguage\":\"ro-RO\",\"potentialAction\":[{\"@type\":\"ReadAction\",\"target\":[\"https:\/\/talkpal.ai\/ro\/gramatica-suedeza\/\"]}]},{\"@type\":\"ImageObject\",\"inLanguage\":\"ro-RO\",\"@id\":\"https:\/\/talkpal.ai\/ro\/gramatica-suedeza\/#primaryimage\",\"url\":\"https:\/\/talkpal.ai\/wp-content\/uploads\/2023\/04\/sweden.png\",\"contentUrl\":\"https:\/\/talkpal.ai\/wp-content\/uploads\/2023\/04\/sweden.png\",\"width\":512,\"height\":512},{\"@type\":\"BreadcrumbList\",\"@id\":\"https:\/\/talkpal.ai\/ro\/gramatica-suedeza\/#breadcrumb\",\"itemListElement\":[{\"@type\":\"ListItem\",\"position\":1,\"name\":\"Homepage\",\"item\":\"https:\/\/talkpal.ai\/ro\/\"},{\"@type\":\"ListItem\",\"position\":2,\"name\":\"Gramatica suedez\u0103\"}]},{\"@type\":\"WebSite\",\"@id\":\"https:\/\/talkpal.ai\/ro\/#website\",\"url\":\"https:\/\/talkpal.ai\/ro\/\",\"name\":\"Talkpal\",\"description\":\"AI Language Learning\",\"publisher\":{\"@id\":\"https:\/\/talkpal.ai\/ro\/#organization\"},\"alternateName\":\"Talkpal AI\",\"potentialAction\":[{\"@type\":\"SearchAction\",\"target\":{\"@type\":\"EntryPoint\",\"urlTemplate\":\"https:\/\/talkpal.ai\/ro\/?s={search_term_string}\"},\"query-input\":{\"@type\":\"PropertyValueSpecification\",\"valueRequired\":true,\"valueName\":\"search_term_string\"}}],\"inLanguage\":\"ro-RO\"},{\"@type\":\"Organization\",\"@id\":\"https:\/\/talkpal.ai\/ro\/#organization\",\"name\":\"Talkpal, Inc.\",\"alternateName\":\"Talkpal AI\",\"url\":\"https:\/\/talkpal.ai\/ro\/\",\"logo\":{\"@type\":\"ImageObject\",\"inLanguage\":\"ro-RO\",\"@id\":\"https:\/\/talkpal.ai\/ro\/#\/schema\/logo\/image\/\",\"url\":\"https:\/\/talkpal.ai\/wp-content\/uploads\/2024\/03\/Talkpal-Logo-Icon.png\",\"contentUrl\":\"https:\/\/talkpal.ai\/wp-content\/uploads\/2024\/03\/Talkpal-Logo-Icon.png\",\"width\":2880,\"height\":2880,\"caption\":\"Talkpal, Inc.\"},\"image\":{\"@id\":\"https:\/\/talkpal.ai\/ro\/#\/schema\/logo\/image\/\"},\"sameAs\":[\"https:\/\/www.facebook.com\/profile.php?id=100090733639311\",\"https:\/\/x.com\/talkpalai\",\"https:\/\/www.linkedin.com\/company\/talkpal\/\",\"https:\/\/www.youtube.com\/@TalkPal\/\",\"https:\/\/www.tiktok.com\/@talkpal\",\"https:\/\/www.instagram.com\/talkpal_ai\/\",\"https:\/\/www.crunchbase.com\/organization\/talkpal-9cde\",\"https:\/\/www.g2.com\/products\/talkpal-for-business\/\",\"https:\/\/www.trustpilot.com\/review\/talkpal.ai\",\"https:\/\/www.capterra.com\/p\/10006800\/TalkPal\/\"],\"description\":\"Talkpal is a language learning web and mobile education app, powered by the latest AI technologies, that provides engaging experiences to its customers in many different languages to help them improve their language skills. Users can chat about unlimited amount of topics with the app and use other modes to practice their language learning.\",\"email\":\"support@talkpal.ai\",\"legalName\":\"Talkpal, Inc.\",\"foundingDate\":\"2023-04-03\",\"duns\":\"118989042\",\"numberOfEmployees\":{\"@type\":\"QuantitativeValue\",\"minValue\":\"11\",\"maxValue\":\"50\"},\"publishingPrinciples\":\"https:\/\/talkpal.ai\/publishing-principles\/\",\"actionableFeedbackPolicy\":\"https:\/\/talkpal.ai\/actionable-feedback-policy\/\",\"correctionsPolicy\":\"https:\/\/talkpal.ai\/corrections-policy\/\",\"ethicsPolicy\":\"https:\/\/talkpal.ai\/ethics-policy\/\",\"diversityPolicy\":\"https:\/\/talkpal.ai\/diversity-policy\/\",\"diversityStaffingReport\":\"https:\/\/talkpal.ai\/diversity-policy\/\"}]}<\/script>\n<!-- \/ Yoast SEO Premium plugin. -->","yoast_head_json":{"title":"Gramatica suedez\u0103 - Talkpal","description":"Descoperi\u021bi secretele gramaticii suedeze pentru a v\u0103 \u00eembun\u0103t\u0103\u021bi competen\u021bele lingvistice cu ajutorul regulilor fundamentale \u0219i al sfaturilor utile.","robots":{"index":"index","follow":"follow","max-snippet":"max-snippet:-1","max-image-preview":"max-image-preview:large","max-video-preview":"max-video-preview:-1"},"canonical":"https:\/\/talkpal.ai\/ro\/gramatica-suedeza\/","og_locale":"ro_RO","og_type":"article","og_title":"Gramatica suedez\u0103","og_description":"Demistificarea gramaticii suedeze: un ghid cuprinz\u0103tor pentru a-i st\u0103p\u00e2ni regulile \u0219i nuan\u021bele Suedeza, vorbit\u0103 de aproximativ 10 milioane de oameni, este","og_url":"https:\/\/talkpal.ai\/ro\/gramatica-suedeza\/","og_site_name":"Talkpal","article_publisher":"https:\/\/www.facebook.com\/profile.php?id=100090733639311","article_modified_time":"2025-12-11T16:31:42+00:00","og_image":[{"width":512,"height":512,"url":"https:\/\/talkpal.ai\/wp-content\/uploads\/2023\/04\/sweden.png","type":"image\/png"}],"twitter_card":"summary_large_image","twitter_site":"@talkpalai","twitter_misc":{"Timp estimat pentru citire":"3 minute"},"schema":{"@context":"https:\/\/schema.org","@graph":[{"@type":"WebPage","@id":"https:\/\/talkpal.ai\/ro\/gramatica-suedeza\/","url":"https:\/\/talkpal.ai\/ro\/gramatica-suedeza\/","name":"Gramatica suedez\u0103 - Talkpal","isPartOf":{"@id":"https:\/\/talkpal.ai\/ro\/#website"},"primaryImageOfPage":{"@id":"https:\/\/talkpal.ai\/ro\/gramatica-suedeza\/#primaryimage"},"image":{"@id":"https:\/\/talkpal.ai\/ro\/gramatica-suedeza\/#primaryimage"},"thumbnailUrl":"https:\/\/talkpal.ai\/wp-content\/uploads\/2023\/04\/sweden.png","datePublished":"2023-05-14T13:53:07+00:00","dateModified":"2025-12-11T16:31:42+00:00","description":"Descoperi\u021bi secretele gramaticii suedeze pentru a v\u0103 \u00eembun\u0103t\u0103\u021bi competen\u021bele lingvistice cu ajutorul regulilor fundamentale \u0219i al sfaturilor utile.","breadcrumb":{"@id":"https:\/\/talkpal.ai\/ro\/gramatica-suedeza\/#breadcrumb"},"inLanguage":"ro-RO","potentialAction":[{"@type":"ReadAction","target":["https:\/\/talkpal.ai\/ro\/gramatica-suedeza\/"]}]},{"@type":"ImageObject","inLanguage":"ro-RO","@id":"https:\/\/talkpal.ai\/ro\/gramatica-suedeza\/#primaryimage","url":"https:\/\/talkpal.ai\/wp-content\/uploads\/2023\/04\/sweden.png","contentUrl":"https:\/\/talkpal.ai\/wp-content\/uploads\/2023\/04\/sweden.png","width":512,"height":512},{"@type":"BreadcrumbList","@id":"https:\/\/talkpal.ai\/ro\/gramatica-suedeza\/#breadcrumb","itemListElement":[{"@type":"ListItem","position":1,"name":"Homepage","item":"https:\/\/talkpal.ai\/ro\/"},{"@type":"ListItem","position":2,"name":"Gramatica suedez\u0103"}]},{"@type":"WebSite","@id":"https:\/\/talkpal.ai\/ro\/#website","url":"https:\/\/talkpal.ai\/ro\/","name":"Talkpal","description":"AI Language Learning","publisher":{"@id":"https:\/\/talkpal.ai\/ro\/#organization"},"alternateName":"Talkpal AI","potentialAction":[{"@type":"SearchAction","target":{"@type":"EntryPoint","urlTemplate":"https:\/\/talkpal.ai\/ro\/?s={search_term_string}"},"query-input":{"@type":"PropertyValueSpecification","valueRequired":true,"valueName":"search_term_string"}}],"inLanguage":"ro-RO"},{"@type":"Organization","@id":"https:\/\/talkpal.ai\/ro\/#organization","name":"Talkpal, Inc.","alternateName":"Talkpal AI","url":"https:\/\/talkpal.ai\/ro\/","logo":{"@type":"ImageObject","inLanguage":"ro-RO","@id":"https:\/\/talkpal.ai\/ro\/#\/schema\/logo\/image\/","url":"https:\/\/talkpal.ai\/wp-content\/uploads\/2024\/03\/Talkpal-Logo-Icon.png","contentUrl":"https:\/\/talkpal.ai\/wp-content\/uploads\/2024\/03\/Talkpal-Logo-Icon.png","width":2880,"height":2880,"caption":"Talkpal, Inc."},"image":{"@id":"https:\/\/talkpal.ai\/ro\/#\/schema\/logo\/image\/"},"sameAs":["https:\/\/www.facebook.com\/profile.php?id=100090733639311","https:\/\/x.com\/talkpalai","https:\/\/www.linkedin.com\/company\/talkpal\/","https:\/\/www.youtube.com\/@TalkPal\/","https:\/\/www.tiktok.com\/@talkpal","https:\/\/www.instagram.com\/talkpal_ai\/","https:\/\/www.crunchbase.com\/organization\/talkpal-9cde","https:\/\/www.g2.com\/products\/talkpal-for-business\/","https:\/\/www.trustpilot.com\/review\/talkpal.ai","https:\/\/www.capterra.com\/p\/10006800\/TalkPal\/"],"description":"Talkpal is a language learning web and mobile education app, powered by the latest AI technologies, that provides engaging experiences to its customers in many different languages to help them improve their language skills. Users can chat about unlimited amount of topics with the app and use other modes to practice their language learning.","email":"support@talkpal.ai","legalName":"Talkpal, Inc.","foundingDate":"2023-04-03","duns":"118989042","numberOfEmployees":{"@type":"QuantitativeValue","minValue":"11","maxValue":"50"},"publishingPrinciples":"https:\/\/talkpal.ai\/publishing-principles\/","actionableFeedbackPolicy":"https:\/\/talkpal.ai\/actionable-feedback-policy\/","correctionsPolicy":"https:\/\/talkpal.ai\/corrections-policy\/","ethicsPolicy":"https:\/\/talkpal.ai\/ethics-policy\/","diversityPolicy":"https:\/\/talkpal.ai\/diversity-policy\/","diversityStaffingReport":"https:\/\/talkpal.ai\/diversity-policy\/"}]}},"_links":{"self":[{"href":"https:\/\/talkpal.ai\/ro\/wp-json\/wp\/v2\/pages\/130790","targetHints":{"allow":["GET"]}}],"collection":[{"href":"https:\/\/talkpal.ai\/ro\/wp-json\/wp\/v2\/pages"}],"about":[{"href":"https:\/\/talkpal.ai\/ro\/wp-json\/wp\/v2\/types\/page"}],"author":[{"embeddable":true,"href":"https:\/\/talkpal.ai\/ro\/wp-json\/wp\/v2\/users\/1"}],"replies":[{"embeddable":true,"href":"https:\/\/talkpal.ai\/ro\/wp-json\/wp\/v2\/comments?post=130790"}],"version-history":[{"count":0,"href":"https:\/\/talkpal.ai\/ro\/wp-json\/wp\/v2\/pages\/130790\/revisions"}],"wp:featuredmedia":[{"embeddable":true,"href":"https:\/\/talkpal.ai\/ro\/wp-json\/wp\/v2\/media\/108432"}],"wp:attachment":[{"href":"https:\/\/talkpal.ai\/ro\/wp-json\/wp\/v2\/media?parent=130790"}],"curies":[{"name":"wp","href":"https:\/\/api.w.org\/{rel}","templated":true}]}}