{"id":130424,"date":"2023-05-14T13:52:27","date_gmt":"2023-05-14T13:52:27","guid":{"rendered":"http:\/\/talkpal.ai\/gramatica-coreeana\/"},"modified":"2025-12-11T16:24:06","modified_gmt":"2025-12-11T16:24:06","slug":"gramatica-coreeana","status":"publish","type":"page","link":"https:\/\/talkpal.ai\/ro\/gramatica-coreeana\/","title":{"rendered":"Gramatica coreean\u0103"},"content":{"rendered":"\r\n\r\n\r\n<section class=\"languageChallengeSection\">\r\n    <div class=\"languageInfoWrapper\">\r\n        \r\n        <h1>Gramatica coreean\u0103<\/h1>\r\n        <p>\u00cencepe\u021bi s\u0103 st\u0103p\u00e2ni\u021bi gramatica coreean\u0103 cu ghiduri u\u0219or de urmat \u0219i exemple practice. \u00cenv\u0103\u021ba\u021bi cum s\u0103 forma\u021bi propozi\u021bii, s\u0103 folosi\u021bi particule \u0219i s\u0103 conjuga\u021bi verbe pentru a v\u0103 exprima cu acurate\u021be. Exersa\u021bi-v\u0103 abilit\u0103\u021bile cu exerci\u021bii interactive concepute pentru a v\u0103 consolida \u00eencrederea. F\u0103 pasul urm\u0103tor \u00een c\u0103l\u0103toria ta \u00een limba coreean\u0103 \u0219i \u00eembun\u0103t\u0103\u021be\u0219te-\u021bi fluen\u021ba ast\u0103zi!<\/p>\r\n\r\n                            <a class=\"getStartedHidden\" href=\"https:\/\/app.talkpal.ai\/ro\/signup?lng=\">\u00cencepe<\/a>\r\n        \r\n    <\/div>\r\n\r\n    <figure>\r\n    <img decoding=\"async\" width=\"768\" height=\"768\" src=\"https:\/\/talkpal.ai\/wp-content\/uploads\/2023\/06\/korean-768x768.png\" class=\"languageImage no-lazy\" alt=\"Line-by-line learning for language acquisition\" fetchpriority=\"high\" sizes=\"(max-width: 768px) 150px, 768px\" srcset=\"https:\/\/talkpal.ai\/wp-content\/uploads\/2023\/06\/korean-768x768.png 768w, https:\/\/talkpal.ai\/wp-content\/uploads\/2023\/06\/korean-300x300.png 300w\" \/>\r\n    \r\n\r\n    <\/figure>\r\n\r\n            <a class=\"getStartedVisible\" href=\"https:\/\/app.talkpal.ai\/ro\/signup?lng=\">\u00cencepe<\/a>\r\n    \r\n<\/section>\r\n<section class=\"promotionalBanner\">\r\n    <p class=\"promotionalText\">Cel mai eficient mod de a \u00eenv\u0103\u021ba o limb\u0103<\/p>\r\n    <a class=\"promotionalLink\" href=\"https:\/\/app.talkpal.ai\/ro\/signup?lng=\">\u00cencerca\u021bi Talkpal gratuit<\/a>\r\n<\/section>\n<div class=\"wp-block-group pageContainerStyle\"><div class=\"wp-block-group__inner-container is-layout-constrained wp-block-group-is-layout-constrained\">\n<h2 class=\"wp-block-heading\" id=\"h-demystifying-korean-grammar-a-beginner-s-guide\">Demistificarea gramaticii coreene: un ghid pentru \u00eencep\u0103tori<\/h2>\n\n\n\n<p>\u00cenv\u0103\u021barea limbii coreene poate deschide o lume de oportunit\u0103\u021bi, fie c\u0103 este vorba de explorarea buc\u0103t\u0103riei coreene, de vizionarea celor mai recente drame coreene sau de lucrul cu una dintre numeroasele companii inovatoare din Coreea de Sud. Ca vorbitor non-nativ care se scufund\u0103 \u00een aceast\u0103 limb\u0103 fascinant\u0103, unul dintre cele mai provocatoare aspecte poate fi st\u0103p\u00e2nirea gramaticii <a href=\"https:\/\/talkpal.ai\/locations\/learn-english-in-sale\/\">sale<\/a>. Gramatica coreean\u0103 poate p\u0103rea complex\u0103 la prima vedere, dar are o logic\u0103 \u0219i o consisten\u021b\u0103 care pot fi mai accesibile dec\u00e2t <a href=\"https:\/\/talkpal.ai\/speaking-with-ai\/\">ai<\/a> putea crede. \u00cen acest articol, vom detalia caracteristicile cheie ale gramaticii coreene \u0219i vom oferi informa\u021bii valoroase pentru a v\u0103 face c\u0103l\u0103toria spre fluen\u021b\u0103 una u\u0219oar\u0103 \u0219i pl\u0103cut\u0103.<\/p>\n\n\n\n<h3 class=\"wp-block-heading\" id=\"h-1-word-nbsp-order-nbsp-get-in-the-flow\"><b>1. Ordinea cuvintelor<\/b><b> &#8211; Intra\u021bi \u00een flux!<\/b><\/h3>\n\n\n\n<p>Primul lucru <a href=\"https:\/\/talkpal.ai\/culture\/how-do-i-use-pe-care-correctly\/\">pe care<\/a> trebuie s\u0103-l \u0219ti\u021bi despre gramatica coreean\u0103 este ordinea de baz\u0103 a cuvintelor: subiect-obiect-verb (SOV). Acest lucru \u00eenseamn\u0103 c\u0103 verbele se afl\u0103 la sf\u00e2r\u0219itul propozi\u021biei, spre deosebire de ordinea subiect-verb-obiect (SVO) din limba <a href=\"https:\/\/talkpal.ai\/learn-english-with-ai\/\">englez\u0103<\/a>. Acest lucru poate dura ceva timp pentru a v\u0103 obi\u0219nui, dar cheia fluen\u021bei este s\u0103 v\u0103 sim\u021bi\u021bi confortabil cu aceast\u0103 nou\u0103 structur\u0103.<\/p>\n\n\n\n<p>Sfat: Exersa\u021bi formarea propozi\u021biilor coreene simple traduc\u00e2nd fraze \u00een englez\u0103 \u0219i rearanj\u00e2nd ordinea cuvintelor. Concentra\u021bi-v\u0103 pe \u00een\u021belegerea logicii din spatele structurii SOV pentru a deveni mai confortabil cu ea.<\/p>\n\n\n\n<h3 class=\"wp-block-heading\" id=\"h-2-particles-attach-and-connect\">2. Particule \u2013 Ata\u0219a\u021bi \u0219i conecta\u021bi!<\/h3>\n\n\n\n<p>Propozi\u021biile coreene folosesc buc\u0103\u021bi mici de informa\u021bii gramaticale numite particule pentru a ajuta la determinarea func\u021biei unui cuv\u00e2nt \u00eentr-o propozi\u021bie. De exemplu, \uc774\/\uac00 \u0219i \uc740\/\ub294 marcheaz\u0103 subiectul, \u00een timp ce \uc744\/\ub97c indic\u0103 obiectul. Particulele sunt o component\u0103 esen\u021bial\u0103 a gramaticii coreene, dar utilizarea lor ar putea p\u0103rea cople\u0219itoare ini\u021bial.<\/p>\n\n\n\n<p>Sfat: Aborda\u021bi c\u00e2te o particul\u0103 la un moment dat, familiariz\u00e2ndu-v\u0103 cu utilizarea \u0219i semnifica\u021bia acesteia. Dezvolta\u021bi o list\u0103 de exemple de propozi\u021bii folosind fiecare particul\u0103 pentru a crea o colec\u021bie de material de referin\u021b\u0103.<\/p>\n\n\n\n<h3 class=\"wp-block-heading\" id=\"h-3-verb-conjugation-keep-it-simple\">3. Conjugarea verbelor \u2013 P\u0103streaz\u0103-l simplu!<\/h3>\n\n\n\n<p>Verbele coreene sunt remarcabil de consistente, ceea ce le poate face mai u\u0219or de \u00eenv\u0103\u021bat dec\u00e2t verbele din alte limbi. Toate verbele coreene se termin\u0103 \u00een \ub2e4 (da) \u00een forma lor de baz\u0103, iar pentru a crea diferite timpuri sau niveluri de polite\u021be, ve\u021bi ad\u0103uga pur \u0219i simplu diferite termina\u021bii. Cele mai comune sunt -\uc694 (yo) pentru polite\u021be informal\u0103 \u0219i -\uc2b5\ub2c8\ub2e4 (seumnida) pentru situa\u021bii mai formale.<\/p>\n\n\n\n<p>Sfat: \u00cenv\u0103\u021ba\u021bi s\u0103 conjuga\u021bi c\u00e2teva verbe esen\u021biale \u00een diferitele niveluri de polite\u021be, cum ar fi \ud558\ub2e4 (a face), \uba39\ub2e4 (a m\u00e2nca), \uc790\ub2e4 (a dormi) \u0219i \uac00\ub2e4 (a pleca). Apoi, \u00eencepe\u021bi s\u0103 le \u00eencorpora\u021bi \u00een propozi\u021bii pentru a deveni mai familiariza\u021bi \u0219i mai confortabili cu utilizarea diferitelor conjug\u0103ri.<\/p>\n\n\n\n<h3 class=\"wp-block-heading\" id=\"h-4-adjectives-treat-them-like-verbs\">4. Adjective \u2013 Trateaz\u0103-le ca verbe!<\/h3>\n\n\n\n<p>\u00cen gramatica coreean\u0103, adjectivele func\u021bioneaz\u0103 similar cu verbele \u0219i sunt conjugate folosind acela\u0219i sistem. Multe adjective se termin\u0103 \u00een ~\ud558\ub2e4 (-hada) \u0219i pot fi conjugate \u00een acela\u0219i mod \u00een care a\u021bi conjuga verbele.<\/p>\n\n\n\n<p>Sfat: Exersa\u021bi conjugarea adjectivelor comune precum \uc88b\ub2e4 (a fi bun), \uc608\uc058\ub2e4 (a fi dr\u0103gu\u021b), \ub192\ub2e4 (a fi \u00eenalt), \ub0ae\ub2e4 (a fi sc\u0103zut) \u0219i \ud06c\ub2e4 (a fi mare). \u00cencorporarea lor \u00een propozi\u021bii v\u0103 va ajuta s\u0103 v\u0103 solidifica\u021bi \u00een\u021belegerea.<\/p>\n\n\n\n<h3 class=\"wp-block-heading\" id=\"h-5-honorifics-show-your-respect\">5. Onorifici \u2013 Arat\u0103-\u021bi respectul!<\/h3>\n\n\n\n<p>Cultura coreean\u0103 pune accentul pe respectul fa\u021b\u0103 de b\u0103tr\u00e2ni \u0219i fa\u021b\u0103 de cei afla\u021bi \u00een pozi\u021bii de autoritate. Acest lucru se reflect\u0103 \u00een limbajul s\u0103u prin onorifice, care sunt forme speciale de cuvinte \u0219i structuri gramaticale folosite pentru a ar\u0103ta polite\u021be. C\u00e2teva exemple cheie includ utilizarea particulei -\uaed8\uc11c (-kkeseo) \u00een loc de -\uc774\/\uac00 atunci c\u00e2nd v\u0103 referi\u021bi la cineva cu respect sau ata\u0219area -\uc2dc (-si) la verbe ca un marker de polite\u021be.<\/p>\n\n\n\n<p>Sfat: \u00cenv\u0103\u021ba\u021bi elementele de baz\u0103 ale folosirii onorificelor, dar nu v\u0103 face\u021bi prea multe griji pentru a deveni imediat un expert. Ca vorbitor de limba englez\u0103, coreenii vor \u00een\u021belege probabil dac\u0103 face\u021bi gre\u0219eli, dar ar\u0103t\u00e2nd un efort de a fi respectuos va fi apreciat.<\/p>\n\n\n\n<h3 class=\"wp-block-heading\" id=\"h-conclusion\">Concluzie:<\/h3>\n\n\n\n<p>Gramatica coreean\u0103 poate p\u0103rea o provocare la \u00eenceput, dar pe m\u0103sur\u0103 ce dob\u00e2ndi\u021bi experien\u021b\u0103 \u0219i \u00een\u021belegere, ve\u021bi descoperi un cadru logic \u0219i coerent. Concentr\u00e2ndu-v\u0103 pe concepte cheie precum ordinea cuvintelor, particule \u0219i conjugarea verbelor, ve\u021bi construi \u00een cur\u00e2nd propozi\u021bii ca un profesionist. \u00cembr\u0103\u021bi\u0219a\u021bi dragostea pentru aceast\u0103 limb\u0103 expresiv\u0103 \u0219i vede\u021bi cum st\u0103p\u00e2nirea gramaticii coreene v\u0103 conduce c\u0103tre o lume de posibilit\u0103\u021bi. \ud654\uc774\ud305 (hwaiting) &#8211; s\u0103<\/p>\n<\/div><\/div>\n\r\n<section class=\"learnNavigationSection\">\r\n            \r\n        <a href=\"https:\/\/talkpal.ai\/ro\/invata-coreeana\/\">\r\n            <div class=\"learnNavigationWrapper\">\r\n                <div class=\"learnNavigationContent\">\r\n                    <img decoding=\"async\" src=\"https:\/\/talkpal.ai\/wp-content\/uploads\/2024\/08\/Korean.jpg\" alt=\"Korean Flag\">\r\n                    <div>\r\n                        <h4>Despre \u00eenv\u0103\u021barea coreean\u0103<\/h4>\r\n                        <p>Afla\u021bi totul despre gramatica coreean\u0103.<\/p>\r\n                    <\/div>\r\n                <\/div>\r\n            <\/div>\r\n        <\/a>\r\n\r\n        \r\n        <a href=\"https:\/\/talkpal.ai\/ro\/exercitii-de-gramatica-coreeana\/\">\r\n            <div class=\"learnNavigationWrapper\">\r\n                <div class=\"learnNavigationContent\">\r\n                    <img decoding=\"async\" src=\"https:\/\/talkpal.ai\/wp-content\/uploads\/2024\/08\/Korean.jpg\" alt=\"Korean Flag\">\r\n                    <div>\r\n                        <h4>Exerci\u021biu de gramatic\u0103 coreean\u0103<\/h4>\r\n                        <p>Exersa\u021bi gramatica coreean\u0103.<\/p>\r\n                    <\/div>\r\n                <\/div>\r\n            <\/div>\r\n        <\/a>\r\n\r\n        \r\n        <a href=\"https:\/\/talkpal.ai\/vocabulary_language\/korean\/\">\r\n            <div class=\"learnNavigationWrapper\">\r\n                <div class=\"learnNavigationContent\">\r\n                    <img decoding=\"async\" src=\"https:\/\/talkpal.ai\/wp-content\/uploads\/2024\/08\/Korean.jpg\" alt=\"Korean Flag\">\r\n                    <div>\r\n                        <h4>Vocabular coreean<\/h4>\r\n                        <p>Extinde\u021bi-v\u0103 vocabularul coreean.<\/p>\r\n                    <\/div>\r\n                <\/div>\r\n            <\/div>\r\n        <\/a>\r\n\r\n            <\/section>","protected":false},"excerpt":{"rendered":"<p>Demistificarea gramaticii coreene: un ghid pentru \u00eencep\u0103tori \u00cenv\u0103\u021barea limbii coreene poate deschide o lume de oportunit\u0103\u021bi, fie c\u0103 este vorba de explorarea buc\u0103t\u0103riei coreene, de vizionarea celor mai recente drame coreene sau de lucrul cu una dintre numeroasele companii inovatoare din Coreea de Sud. Ca vorbitor non-nativ care se scufund\u0103 \u00een aceast\u0103 limb\u0103 fascinant\u0103, unul [&hellip;]<\/p>\n","protected":false},"author":1,"featured_media":107680,"parent":0,"menu_order":0,"comment_status":"closed","ping_status":"closed","template":"LearningContentPage.php","meta":{"_acf_changed":false,"footnotes":""},"class_list":["post-130424","page","type-page","status-publish","has-post-thumbnail","hentry"],"acf":[],"yoast_head":"<!-- This site is optimized with the Yoast SEO Premium plugin v27.2 (Yoast SEO v27.2) - https:\/\/yoast.com\/product\/yoast-seo-premium-wordpress\/ -->\n<title>Gramatica coreean\u0103 - Talkpal<\/title>\n<meta name=\"description\" content=\"St\u0103p\u00e2ni\u021bi gramatica coreean\u0103 cu \u00eencredere - consolida\u021bi structura propozi\u021biilor, clarifica\u021bi regulile \u0219i \u00eembun\u0103t\u0103\u021bi\u021bi fluen\u021ba cu u\u0219urin\u021b\u0103\" \/>\n<meta name=\"robots\" content=\"index, follow, max-snippet:-1, max-image-preview:large, max-video-preview:-1\" \/>\n<link rel=\"canonical\" href=\"https:\/\/talkpal.ai\/ro\/gramatica-coreeana\/\" \/>\n<meta property=\"og:locale\" content=\"ro_RO\" \/>\n<meta property=\"og:type\" content=\"article\" \/>\n<meta property=\"og:title\" content=\"Gramatica coreean\u0103\" \/>\n<meta property=\"og:description\" content=\"Demistificarea gramaticii coreene: un ghid pentru \u00eencep\u0103tori \u00cenv\u0103\u021barea limbii coreene poate deschide o lume de oportunit\u0103\u021bi, fie c\u0103 este vorba de\" \/>\n<meta property=\"og:url\" content=\"https:\/\/talkpal.ai\/ro\/gramatica-coreeana\/\" \/>\n<meta property=\"og:site_name\" content=\"Talkpal\" \/>\n<meta property=\"article:publisher\" content=\"https:\/\/www.facebook.com\/profile.php?id=100090733639311\" \/>\n<meta property=\"article:modified_time\" content=\"2025-12-11T16:24:06+00:00\" \/>\n<meta property=\"og:image\" content=\"https:\/\/talkpal.ai\/wp-content\/uploads\/2023\/04\/south-korea.png\" \/>\n\t<meta property=\"og:image:width\" content=\"512\" \/>\n\t<meta property=\"og:image:height\" content=\"512\" \/>\n\t<meta property=\"og:image:type\" content=\"image\/png\" \/>\n<meta name=\"twitter:card\" content=\"summary_large_image\" \/>\n<meta name=\"twitter:site\" content=\"@talkpalai\" \/>\n<meta name=\"twitter:label1\" content=\"Timp estimat pentru citire\" \/>\n\t<meta name=\"twitter:data1\" content=\"4 minute\" \/>\n<script type=\"application\/ld+json\" class=\"yoast-schema-graph\">{\"@context\":\"https:\/\/schema.org\",\"@graph\":[{\"@type\":\"WebPage\",\"@id\":\"https:\/\/talkpal.ai\/ro\/gramatica-coreeana\/\",\"url\":\"https:\/\/talkpal.ai\/ro\/gramatica-coreeana\/\",\"name\":\"Gramatica coreean\u0103 - Talkpal\",\"isPartOf\":{\"@id\":\"https:\/\/talkpal.ai\/ro\/#website\"},\"primaryImageOfPage\":{\"@id\":\"https:\/\/talkpal.ai\/ro\/gramatica-coreeana\/#primaryimage\"},\"image\":{\"@id\":\"https:\/\/talkpal.ai\/ro\/gramatica-coreeana\/#primaryimage\"},\"thumbnailUrl\":\"https:\/\/talkpal.ai\/wp-content\/uploads\/2023\/04\/south-korea.png\",\"datePublished\":\"2023-05-14T13:52:27+00:00\",\"dateModified\":\"2025-12-11T16:24:06+00:00\",\"description\":\"St\u0103p\u00e2ni\u021bi gramatica coreean\u0103 cu \u00eencredere - consolida\u021bi structura propozi\u021biilor, clarifica\u021bi regulile \u0219i \u00eembun\u0103t\u0103\u021bi\u021bi fluen\u021ba cu u\u0219urin\u021b\u0103\",\"breadcrumb\":{\"@id\":\"https:\/\/talkpal.ai\/ro\/gramatica-coreeana\/#breadcrumb\"},\"inLanguage\":\"ro-RO\",\"potentialAction\":[{\"@type\":\"ReadAction\",\"target\":[\"https:\/\/talkpal.ai\/ro\/gramatica-coreeana\/\"]}]},{\"@type\":\"ImageObject\",\"inLanguage\":\"ro-RO\",\"@id\":\"https:\/\/talkpal.ai\/ro\/gramatica-coreeana\/#primaryimage\",\"url\":\"https:\/\/talkpal.ai\/wp-content\/uploads\/2023\/04\/south-korea.png\",\"contentUrl\":\"https:\/\/talkpal.ai\/wp-content\/uploads\/2023\/04\/south-korea.png\",\"width\":512,\"height\":512},{\"@type\":\"BreadcrumbList\",\"@id\":\"https:\/\/talkpal.ai\/ro\/gramatica-coreeana\/#breadcrumb\",\"itemListElement\":[{\"@type\":\"ListItem\",\"position\":1,\"name\":\"Homepage\",\"item\":\"https:\/\/talkpal.ai\/ro\/\"},{\"@type\":\"ListItem\",\"position\":2,\"name\":\"Gramatica coreean\u0103\"}]},{\"@type\":\"WebSite\",\"@id\":\"https:\/\/talkpal.ai\/ro\/#website\",\"url\":\"https:\/\/talkpal.ai\/ro\/\",\"name\":\"Talkpal\",\"description\":\"AI Language Learning\",\"publisher\":{\"@id\":\"https:\/\/talkpal.ai\/ro\/#organization\"},\"alternateName\":\"Talkpal AI\",\"potentialAction\":[{\"@type\":\"SearchAction\",\"target\":{\"@type\":\"EntryPoint\",\"urlTemplate\":\"https:\/\/talkpal.ai\/ro\/?s={search_term_string}\"},\"query-input\":{\"@type\":\"PropertyValueSpecification\",\"valueRequired\":true,\"valueName\":\"search_term_string\"}}],\"inLanguage\":\"ro-RO\"},{\"@type\":\"Organization\",\"@id\":\"https:\/\/talkpal.ai\/ro\/#organization\",\"name\":\"Talkpal, Inc.\",\"alternateName\":\"Talkpal AI\",\"url\":\"https:\/\/talkpal.ai\/ro\/\",\"logo\":{\"@type\":\"ImageObject\",\"inLanguage\":\"ro-RO\",\"@id\":\"https:\/\/talkpal.ai\/ro\/#\/schema\/logo\/image\/\",\"url\":\"https:\/\/talkpal.ai\/wp-content\/uploads\/2024\/03\/Talkpal-Logo-Icon.png\",\"contentUrl\":\"https:\/\/talkpal.ai\/wp-content\/uploads\/2024\/03\/Talkpal-Logo-Icon.png\",\"width\":2880,\"height\":2880,\"caption\":\"Talkpal, Inc.\"},\"image\":{\"@id\":\"https:\/\/talkpal.ai\/ro\/#\/schema\/logo\/image\/\"},\"sameAs\":[\"https:\/\/www.facebook.com\/profile.php?id=100090733639311\",\"https:\/\/x.com\/talkpalai\",\"https:\/\/www.linkedin.com\/company\/talkpal\/\",\"https:\/\/www.youtube.com\/@TalkPal\/\",\"https:\/\/www.tiktok.com\/@talkpal\",\"https:\/\/www.instagram.com\/talkpal_ai\/\",\"https:\/\/www.crunchbase.com\/organization\/talkpal-9cde\",\"https:\/\/www.g2.com\/products\/talkpal-for-business\/\",\"https:\/\/www.trustpilot.com\/review\/talkpal.ai\",\"https:\/\/www.capterra.com\/p\/10006800\/TalkPal\/\"],\"description\":\"Talkpal is a language learning web and mobile education app, powered by the latest AI technologies, that provides engaging experiences to its customers in many different languages to help them improve their language skills. Users can chat about unlimited amount of topics with the app and use other modes to practice their language learning.\",\"email\":\"support@talkpal.ai\",\"legalName\":\"Talkpal, Inc.\",\"foundingDate\":\"2023-04-03\",\"duns\":\"118989042\",\"numberOfEmployees\":{\"@type\":\"QuantitativeValue\",\"minValue\":\"11\",\"maxValue\":\"50\"},\"publishingPrinciples\":\"https:\/\/talkpal.ai\/publishing-principles\/\",\"actionableFeedbackPolicy\":\"https:\/\/talkpal.ai\/actionable-feedback-policy\/\",\"correctionsPolicy\":\"https:\/\/talkpal.ai\/corrections-policy\/\",\"ethicsPolicy\":\"https:\/\/talkpal.ai\/ethics-policy\/\",\"diversityPolicy\":\"https:\/\/talkpal.ai\/diversity-policy\/\",\"diversityStaffingReport\":\"https:\/\/talkpal.ai\/diversity-policy\/\"}]}<\/script>\n<!-- \/ Yoast SEO Premium plugin. -->","yoast_head_json":{"title":"Gramatica coreean\u0103 - Talkpal","description":"St\u0103p\u00e2ni\u021bi gramatica coreean\u0103 cu \u00eencredere - consolida\u021bi structura propozi\u021biilor, clarifica\u021bi regulile \u0219i \u00eembun\u0103t\u0103\u021bi\u021bi fluen\u021ba cu u\u0219urin\u021b\u0103","robots":{"index":"index","follow":"follow","max-snippet":"max-snippet:-1","max-image-preview":"max-image-preview:large","max-video-preview":"max-video-preview:-1"},"canonical":"https:\/\/talkpal.ai\/ro\/gramatica-coreeana\/","og_locale":"ro_RO","og_type":"article","og_title":"Gramatica coreean\u0103","og_description":"Demistificarea gramaticii coreene: un ghid pentru \u00eencep\u0103tori \u00cenv\u0103\u021barea limbii coreene poate deschide o lume de oportunit\u0103\u021bi, fie c\u0103 este vorba de","og_url":"https:\/\/talkpal.ai\/ro\/gramatica-coreeana\/","og_site_name":"Talkpal","article_publisher":"https:\/\/www.facebook.com\/profile.php?id=100090733639311","article_modified_time":"2025-12-11T16:24:06+00:00","og_image":[{"width":512,"height":512,"url":"https:\/\/talkpal.ai\/wp-content\/uploads\/2023\/04\/south-korea.png","type":"image\/png"}],"twitter_card":"summary_large_image","twitter_site":"@talkpalai","twitter_misc":{"Timp estimat pentru citire":"4 minute"},"schema":{"@context":"https:\/\/schema.org","@graph":[{"@type":"WebPage","@id":"https:\/\/talkpal.ai\/ro\/gramatica-coreeana\/","url":"https:\/\/talkpal.ai\/ro\/gramatica-coreeana\/","name":"Gramatica coreean\u0103 - Talkpal","isPartOf":{"@id":"https:\/\/talkpal.ai\/ro\/#website"},"primaryImageOfPage":{"@id":"https:\/\/talkpal.ai\/ro\/gramatica-coreeana\/#primaryimage"},"image":{"@id":"https:\/\/talkpal.ai\/ro\/gramatica-coreeana\/#primaryimage"},"thumbnailUrl":"https:\/\/talkpal.ai\/wp-content\/uploads\/2023\/04\/south-korea.png","datePublished":"2023-05-14T13:52:27+00:00","dateModified":"2025-12-11T16:24:06+00:00","description":"St\u0103p\u00e2ni\u021bi gramatica coreean\u0103 cu \u00eencredere - consolida\u021bi structura propozi\u021biilor, clarifica\u021bi regulile \u0219i \u00eembun\u0103t\u0103\u021bi\u021bi fluen\u021ba cu u\u0219urin\u021b\u0103","breadcrumb":{"@id":"https:\/\/talkpal.ai\/ro\/gramatica-coreeana\/#breadcrumb"},"inLanguage":"ro-RO","potentialAction":[{"@type":"ReadAction","target":["https:\/\/talkpal.ai\/ro\/gramatica-coreeana\/"]}]},{"@type":"ImageObject","inLanguage":"ro-RO","@id":"https:\/\/talkpal.ai\/ro\/gramatica-coreeana\/#primaryimage","url":"https:\/\/talkpal.ai\/wp-content\/uploads\/2023\/04\/south-korea.png","contentUrl":"https:\/\/talkpal.ai\/wp-content\/uploads\/2023\/04\/south-korea.png","width":512,"height":512},{"@type":"BreadcrumbList","@id":"https:\/\/talkpal.ai\/ro\/gramatica-coreeana\/#breadcrumb","itemListElement":[{"@type":"ListItem","position":1,"name":"Homepage","item":"https:\/\/talkpal.ai\/ro\/"},{"@type":"ListItem","position":2,"name":"Gramatica coreean\u0103"}]},{"@type":"WebSite","@id":"https:\/\/talkpal.ai\/ro\/#website","url":"https:\/\/talkpal.ai\/ro\/","name":"Talkpal","description":"AI Language Learning","publisher":{"@id":"https:\/\/talkpal.ai\/ro\/#organization"},"alternateName":"Talkpal AI","potentialAction":[{"@type":"SearchAction","target":{"@type":"EntryPoint","urlTemplate":"https:\/\/talkpal.ai\/ro\/?s={search_term_string}"},"query-input":{"@type":"PropertyValueSpecification","valueRequired":true,"valueName":"search_term_string"}}],"inLanguage":"ro-RO"},{"@type":"Organization","@id":"https:\/\/talkpal.ai\/ro\/#organization","name":"Talkpal, Inc.","alternateName":"Talkpal AI","url":"https:\/\/talkpal.ai\/ro\/","logo":{"@type":"ImageObject","inLanguage":"ro-RO","@id":"https:\/\/talkpal.ai\/ro\/#\/schema\/logo\/image\/","url":"https:\/\/talkpal.ai\/wp-content\/uploads\/2024\/03\/Talkpal-Logo-Icon.png","contentUrl":"https:\/\/talkpal.ai\/wp-content\/uploads\/2024\/03\/Talkpal-Logo-Icon.png","width":2880,"height":2880,"caption":"Talkpal, Inc."},"image":{"@id":"https:\/\/talkpal.ai\/ro\/#\/schema\/logo\/image\/"},"sameAs":["https:\/\/www.facebook.com\/profile.php?id=100090733639311","https:\/\/x.com\/talkpalai","https:\/\/www.linkedin.com\/company\/talkpal\/","https:\/\/www.youtube.com\/@TalkPal\/","https:\/\/www.tiktok.com\/@talkpal","https:\/\/www.instagram.com\/talkpal_ai\/","https:\/\/www.crunchbase.com\/organization\/talkpal-9cde","https:\/\/www.g2.com\/products\/talkpal-for-business\/","https:\/\/www.trustpilot.com\/review\/talkpal.ai","https:\/\/www.capterra.com\/p\/10006800\/TalkPal\/"],"description":"Talkpal is a language learning web and mobile education app, powered by the latest AI technologies, that provides engaging experiences to its customers in many different languages to help them improve their language skills. Users can chat about unlimited amount of topics with the app and use other modes to practice their language learning.","email":"support@talkpal.ai","legalName":"Talkpal, Inc.","foundingDate":"2023-04-03","duns":"118989042","numberOfEmployees":{"@type":"QuantitativeValue","minValue":"11","maxValue":"50"},"publishingPrinciples":"https:\/\/talkpal.ai\/publishing-principles\/","actionableFeedbackPolicy":"https:\/\/talkpal.ai\/actionable-feedback-policy\/","correctionsPolicy":"https:\/\/talkpal.ai\/corrections-policy\/","ethicsPolicy":"https:\/\/talkpal.ai\/ethics-policy\/","diversityPolicy":"https:\/\/talkpal.ai\/diversity-policy\/","diversityStaffingReport":"https:\/\/talkpal.ai\/diversity-policy\/"}]}},"_links":{"self":[{"href":"https:\/\/talkpal.ai\/ro\/wp-json\/wp\/v2\/pages\/130424","targetHints":{"allow":["GET"]}}],"collection":[{"href":"https:\/\/talkpal.ai\/ro\/wp-json\/wp\/v2\/pages"}],"about":[{"href":"https:\/\/talkpal.ai\/ro\/wp-json\/wp\/v2\/types\/page"}],"author":[{"embeddable":true,"href":"https:\/\/talkpal.ai\/ro\/wp-json\/wp\/v2\/users\/1"}],"replies":[{"embeddable":true,"href":"https:\/\/talkpal.ai\/ro\/wp-json\/wp\/v2\/comments?post=130424"}],"version-history":[{"count":0,"href":"https:\/\/talkpal.ai\/ro\/wp-json\/wp\/v2\/pages\/130424\/revisions"}],"wp:featuredmedia":[{"embeddable":true,"href":"https:\/\/talkpal.ai\/ro\/wp-json\/wp\/v2\/media\/107680"}],"wp:attachment":[{"href":"https:\/\/talkpal.ai\/ro\/wp-json\/wp\/v2\/media?parent=130424"}],"curies":[{"name":"wp","href":"https:\/\/api.w.org\/{rel}","templated":true}]}}