{"id":130008,"date":"2023-05-14T13:51:46","date_gmt":"2023-05-14T13:51:46","guid":{"rendered":"http:\/\/talkpal.ai\/gramatica-portugheza\/"},"modified":"2025-12-11T16:46:15","modified_gmt":"2025-12-11T16:46:15","slug":"gramatica-portugheza","status":"publish","type":"page","link":"https:\/\/talkpal.ai\/ro\/gramatica-portugheza\/","title":{"rendered":"Gramatica portughez\u0103"},"content":{"rendered":"\r\n\r\n\r\n<section class=\"languageChallengeSection\">\r\n    <div class=\"languageInfoWrapper\">\r\n        \r\n        <h1>Gramatica portughez\u0103<\/h1>\r\n        <p>Explora\u021bi elementele esen\u021biale ale gramaticii portugheze \u0219i debloca\u021bi o lume de oportunit\u0103\u021bi de a intra \u00een contact cu milioane de vorbitori din \u00eentreaga lume. Prin st\u0103p\u00e2nirea regulilor \u0219i structurilor <a href=\"https:\/\/talkpal.ai\/locations\/learn-english-in-sale\/\">sale<\/a> cheie, ve\u021bi fi gata s\u0103 comunica\u021bi cu \u00eencredere \u0219i s\u0103 v\u0103 bucura\u021bi pe deplin de cultura <a href=\"https:\/\/talkpal.ai\/learn-portuguese\/\">portughez\u0103<\/a>. \u00cencepe\u021bi ast\u0103zi s\u0103 \u00eenv\u0103\u021ba\u021bi gramatica portughez\u0103 \u0219i face\u021bi primul pas c\u0103tre fluen\u021b\u0103!<\/p>\r\n\r\n                            <a class=\"getStartedHidden\" href=\"https:\/\/app.talkpal.ai\/ro\/signup?lng=\">\u00cencepe<\/a>\r\n        \r\n    <\/div>\r\n\r\n    <figure>\r\n    <img decoding=\"async\" width=\"768\" height=\"768\" src=\"https:\/\/talkpal.ai\/wp-content\/uploads\/2023\/06\/portuguese-768x768.png\" class=\"languageImage no-lazy\" alt=\"Language learning for broader world view\" fetchpriority=\"high\" sizes=\"(max-width: 768px) 150px, 768px\" srcset=\"https:\/\/talkpal.ai\/wp-content\/uploads\/2023\/06\/portuguese-768x768.png 768w, https:\/\/talkpal.ai\/wp-content\/uploads\/2023\/06\/portuguese-300x300.png 300w\" \/>\r\n    \r\n\r\n    <\/figure>\r\n\r\n            <a class=\"getStartedVisible\" href=\"https:\/\/app.talkpal.ai\/ro\/signup?lng=\">\u00cencepe<\/a>\r\n    \r\n<\/section>\r\n<section class=\"promotionalBanner\">\r\n    <p class=\"promotionalText\">Cel mai eficient mod de a \u00eenv\u0103\u021ba o limb\u0103<\/p>\r\n    <a class=\"promotionalLink\" href=\"https:\/\/app.talkpal.ai\/ro\/signup?lng=\">\u00cencerca\u021bi Talkpal gratuit<\/a>\r\n<\/section>\n<div class=\"wp-block-group pageContainerStyle\"><div class=\"wp-block-group__inner-container is-layout-constrained wp-block-group-is-layout-constrained\">\n<h2 class=\"wp-block-heading\" id=\"h-a-beginner-s-guide-to-understanding-portuguese-grammar\">Ghidul \u00eencep\u0103torului pentru a \u00een\u021belege gramatica portughez\u0103<\/h2>\n\n\n\n<p>Fie c\u0103 pl\u0103nui\u021bi o c\u0103l\u0103torie \u00een Portugalia, fie c\u0103 sunte\u021bi pur \u0219i simplu interesat s\u0103 st\u0103p\u00e2ni\u021bi o nou\u0103 limb\u0103, \u00eenv\u0103\u021barea limbii portugheze poate fi o experien\u021b\u0103 interesant\u0103 \u0219i plin\u0103 de satisfac\u021bii. Un aspect esen\u021bial al \u00eenv\u0103\u021b\u0103rii limbii portugheze, ca oricare altul, este \u00een\u021belegerea gramaticii sale. Acest articol v\u0103 va ghida prin elementele de baz\u0103 ale gramaticii portugheze, oferindu-v\u0103 sfaturi \u0219i informa\u021bii esen\u021biale pentru a v\u0103 ajuta s\u0103 naviga\u021bi \u0219i s\u0103 comunica\u021bi f\u0103r\u0103 efort. A\u0219adar, dac\u0103 a\u0219tepta\u021bi s\u0103 v\u0103 scufunda\u021bi \u00een lumea limbii portugheze, haide\u021bi s\u0103 \u00eencepem!<\/p>\n\n\n\n<h3 class=\"wp-block-heading\" id=\"h-1-the-basics-nouns-pronouns-and-articles\">1. Elementele de baz\u0103: substantive, pronume \u0219i articole<\/h3>\n\n\n\n<p>Ca \u0219i \u00een <a href=\"https:\/\/talkpal.ai\/learn-english-with-ai\/\">englez\u0103<\/a>, gramatica portughez\u0103 este construit\u0103 \u00een jurul substantivelor, pronumelor \u0219i articolelor. Substantivele \u00een limba portughez\u0103 pot fi masculine sau feminine \u0219i este important s\u0103 se stabileasc\u0103 genul pentru formarea corect\u0103 a propozi\u021biilor. De exemplu, &#8222;o menino&#8221; se traduce prin &#8222;b\u0103iatul&#8221;, \u00een timp ce &#8222;a menina&#8221; se traduce prin &#8222;fata&#8221;.<\/p>\n\n\n\n<p>Pronumele \u00een portughez\u0103, ca \u0219i engleza, ac\u021bioneaz\u0103 ca \u00eenlocuitori pentru substantive. \u0218i ei au genuri. Pronumele personale includ eu (I), voc\u00ea\/tu (tu), ele\/ela (el\/ea), n\u00f3s (noi) \u0219i eles\/elas (ei).<\/p>\n\n\n\n<p>Articolele hot\u0103r\u00e2te \u0219i articolele nehot\u0103r\u00e2te (a\/an) sunt, de asemenea, specifice genului \u0219i sunt esen\u021biale pentru construirea corect\u0103 a propozi\u021biilor. \u00cen limba portughez\u0103, articolele definite sunt &#8222;o&#8221; (masculin) \u0219i &#8222;a&#8221; (feminin), iar articolele nedefinite sunt &#8222;um&#8221; (masculin) \u0219i &#8222;uma&#8221; (feminin).<\/p>\n\n\n\n<h3 class=\"wp-block-heading\" id=\"h-2-adjectives-and-adverbs-add-spice-to-your-sentences\">2. Adjective \u0219i adverbe: ad\u0103uga\u021bi condimente la propozi\u021biile dvs.<\/h3>\n\n\n\n<p>Adjectivele sunt cuvinte care descriu sau modific\u0103 substantive \u0219i, la fel ca substantivele, au gen. De obicei, adjectivele care se termin\u0103 \u00een &#8222;o&#8221; sunt masculine, \u00een timp ce cele care se termin\u0103 \u00een &#8222;a&#8221; sunt feminine. Este esen\u021bial s\u0103 se potriveasc\u0103 genul adjectivului cu substantivul <a href=\"https:\/\/talkpal.ai\/culture\/how-do-i-use-pe-care-correctly\/\">pe care<\/a> \u00eel descrie. De exemplu, &#8222;homem alto&#8221; se traduce prin &#8222;b\u0103rbat \u00eenalt&#8221;, \u00een timp ce &#8222;mulher alta&#8221; \u00eenseamn\u0103 &#8222;femeie \u00eenalt\u0103&#8221;.<\/p>\n\n\n\n<p>Adverbele, pe de alt\u0103 parte, modific\u0103 verbele, adjectivele sau alte adverbe. \u00cen portughez\u0103, adverbele nu au, de obicei, forme specifice de gen. Printre adverbele comune se num\u0103r\u0103 &#8222;rapidamente&#8221; (repede), &#8222;lentamente&#8221; (\u00eencet) \u0219i &#8222;sempre&#8221; (\u00eentotdeauna).<\/p>\n\n\n\n<h3 class=\"wp-block-heading\" id=\"h-3-verbs-the-action-words\">3. Verbe: cuvintele de ac\u021biune<\/h3>\n\n\n\n<p>Verbele portugheze sunt clasificate \u00een trei grupe de conjugare (-ar, -er, -ir), iar formele lor se schimb\u0103 \u00een func\u021bie de timp \u0219i subiect. Acestea sunt c\u00e2teva dintre timpurile esen\u021biale pe care trebuie s\u0103 le cunoa\u0219te\u021bi:<\/p>\n\n\n\n<p>&#8211; Timp prezent (<a href=\"https:\/\/talkpal.ai\/zh-hans\/grammar_exercises\/presente-%e8%a5%bf%e7%8f%ad%e7%89%99%e8%af%ad%e6%b3%95%e7%bb%83%e4%b9%a0\/\">Presente<\/a>): Descrie ac\u021biuni care se petrec acum sau ac\u021biuni obi\u0219nuite.<br\/>&#8211; Trecutul (Pret\u00e9rito): Descrie ac\u021biuni care au avut loc \u00een trecut. Exist\u0103 dou\u0103 tipuri: <a href=\"https:\/\/talkpal.ai\/grammar\/preterite-perfect-in-portuguese-grammar\/\">Pret\u00e9rito Perfeito<\/a> (<a href=\"https:\/\/talkpal.ai\/ro\/grammar\/trecut-simplu-in-gramatica-engleza\/\">trecut simplu<\/a>) \u0219i <a href=\"https:\/\/talkpal.ai\/grammar\/preterito-imperfeito-in-portuguese-grammar\/\">Pret\u00e9rito Imperfeito<\/a> (trecut continuu).<br\/>&#8211; Timp viitor (Futuro): Descrie ac\u021biuni care se vor \u00eent\u00e2mpla \u00een viitor.<\/p>\n\n\n\n<p>St\u0103p\u00e2nirea conjug\u0103rii verbelor poate fi o provocare \u00een portughez\u0103, dar practica \u0219i consecven\u021ba v\u0103 vor ajuta s\u0103 o \u00een\u021belege\u021bi mai eficient.<\/p>\n\n\n\n<h3 class=\"wp-block-heading\" id=\"h-4-word-order-building-understandable-sentences\">4. Ordinea cuvintelor: construirea de propozi\u021bii u\u0219or de \u00een\u021beles<\/h3>\n\n\n\n<p>Structura tipic\u0103 a propozi\u021biei portugheze urmeaz\u0103 ordinea subiect-verb-obiect (SVO). De exemplu, propozi\u021bia &#8222;Eu amo pizza&#8221; (&#8222;Iubesc pizza&#8221;) urmeaz\u0103 acest model. Cu toate acestea, gramatica portughez\u0103 poate fi destul de flexibil\u0103 \u0219i s-ar putea s\u0103 \u00eent\u00e2lni\u021bi varia\u021bii \u00een ordinea cuvintelor, \u00een special \u00een literatur\u0103 sau conversa\u021bii informale. Contextul \u0219i bunul sim\u021b sunt cruciale \u00een \u00een\u021belegerea acestor varia\u021bii.<\/p>\n\n\n\n<h3 class=\"wp-block-heading\" id=\"h-5-negation-and-interrogation-say-no-and-ask-questions\">5. Negarea \u0219i interogarea: spune\u021bi nu \u0219i pune\u021bi \u00eentreb\u0103ri<\/h3>\n\n\n\n<p>Pentru a nega o propozi\u021bie \u00een limba portughez\u0103, pur \u0219i simplu se pune cuv\u00e2ntul &#8222;n\u00e3o&#8221; \u00eenaintea verbului. De exemplu, &#8222;Eu n\u00e3o falo portugu\u00eas&#8221; \u00eenseamn\u0103 &#8222;Nu vorbesc portughez\u0103&#8221;.<\/p>\n\n\n\n<p>Pentru a transforma o afirma\u021bie \u00eentr-o \u00eentrebare \u00een portughez\u0103, pute\u021bi fie s\u0103 schimba\u021bi ordinea cuvintelor, fie s\u0103 folosi\u021bi un cuv\u00e2nt interogativ (cum ar fi &#8222;quem&#8221; pentru &#8222;cine&#8221;, &#8222;o que&#8221; pentru &#8222;ce&#8221; sau &#8222;unde&#8221; pentru &#8222;unde&#8221;). De exemplu, &#8222;Voc\u00ea fala ingl\u00eas?&#8221; se traduce prin &#8222;Vorbe\u0219ti engleza?&#8221;.<\/p>\n\n\n\n<h3 class=\"wp-block-heading\" id=\"h-conclusion\">Concluzie<\/h3>\n\n\n\n<p>\u00cenv\u0103\u021barea gramaticii portugheze poate p\u0103rea descurajant\u0103, dar nu v\u0103 descuraja\u021bi! Fiecare limb\u0103 are complexitatea ei, dar cu consecven\u021b\u0103, practic\u0103 \u0219i pu\u021bin\u0103 r\u0103bdare, ve\u021bi reu\u0219i s\u0103 comunica\u021bi cu \u00eencredere \u0219i \u00een mod eficient. Re\u021bine\u021bi c\u0103 \u00eenv\u0103\u021barea gramaticii este doar o parte a achizi\u021biei limbii \u0219i ar trebui s\u0103 practica\u021bi, de asemenea, ascultarea, vorbirea \u0219i citirea \u00een portughez\u0103. Boa sorte! (Mult noroc!)<\/p>\n<\/div><\/div>\n\r\n<section class=\"learnNavigationSection\">\r\n            \r\n        <a href=\"https:\/\/talkpal.ai\/ro\/invata-portugheza\/\">\r\n            <div class=\"learnNavigationWrapper\">\r\n                <div class=\"learnNavigationContent\">\r\n                    <img decoding=\"async\" src=\"https:\/\/talkpal.ai\/wp-content\/uploads\/2024\/08\/Portuguese.jpg\" alt=\"Portuguese Flag\">\r\n                    <div>\r\n                        <h4>Despre Portugal Learning<\/h4>\r\n                        <p>Afla\u021bi totul despre gramatica portughez\u0103.<\/p>\r\n                    <\/div>\r\n                <\/div>\r\n            <\/div>\r\n        <\/a>\r\n\r\n        \r\n        <a href=\"https:\/\/talkpal.ai\/ro\/exercitii-de-gramatica-portugheza\/\">\r\n            <div class=\"learnNavigationWrapper\">\r\n                <div class=\"learnNavigationContent\">\r\n                    <img decoding=\"async\" src=\"https:\/\/talkpal.ai\/wp-content\/uploads\/2024\/08\/Portuguese.jpg\" alt=\"Portuguese Flag\">\r\n                    <div>\r\n                        <h4>Exerci\u021biu de gramatic\u0103 portughez\u0103<\/h4>\r\n                        <p>Exersa\u021bi gramatica portughez\u0103.<\/p>\r\n                    <\/div>\r\n                <\/div>\r\n            <\/div>\r\n        <\/a>\r\n\r\n        \r\n        <a href=\"https:\/\/talkpal.ai\/vocabulary_language\/portuguese\/\">\r\n            <div class=\"learnNavigationWrapper\">\r\n                <div class=\"learnNavigationContent\">\r\n                    <img decoding=\"async\" src=\"https:\/\/talkpal.ai\/wp-content\/uploads\/2024\/08\/Portuguese.jpg\" alt=\"Portuguese Flag\">\r\n                    <div>\r\n                        <h4>Vocabular portughez<\/h4>\r\n                        <p>Extinde\u021bi-v\u0103 vocabularul portughez.<\/p>\r\n                    <\/div>\r\n                <\/div>\r\n            <\/div>\r\n        <\/a>\r\n\r\n            <\/section>","protected":false},"excerpt":{"rendered":"<p>Ghidul \u00eencep\u0103torului pentru a \u00een\u021belege gramatica portughez\u0103 Fie c\u0103 pl\u0103nui\u021bi o c\u0103l\u0103torie \u00een Portugalia, fie c\u0103 sunte\u021bi pur \u0219i simplu interesat s\u0103 st\u0103p\u00e2ni\u021bi o nou\u0103 limb\u0103, \u00eenv\u0103\u021barea limbii portugheze poate fi o experien\u021b\u0103 interesant\u0103 \u0219i plin\u0103 de satisfac\u021bii. Un aspect esen\u021bial al \u00eenv\u0103\u021b\u0103rii limbii portugheze, ca oricare altul, este \u00een\u021belegerea gramaticii sale. Acest articol v\u0103 [&hellip;]<\/p>\n","protected":false},"author":1,"featured_media":107855,"parent":0,"menu_order":0,"comment_status":"closed","ping_status":"closed","template":"LearningContentPage.php","meta":{"_acf_changed":false,"footnotes":""},"class_list":["post-130008","page","type-page","status-publish","has-post-thumbnail","hentry"],"acf":[],"yoast_head":"<!-- This site is optimized with the Yoast SEO Premium plugin v27.2 (Yoast SEO v27.2) - https:\/\/yoast.com\/product\/yoast-seo-premium-wordpress\/ -->\n<title>Gramatica portughez\u0103 - Talkpal<\/title>\n<meta name=\"description\" content=\"\u00cenv\u0103\u021ba\u021bi gramatica portughez\u0103 cu exerci\u021bii interactive concepute pentru toate nivelurile de competen\u021b\u0103. \u00cembun\u0103t\u0103\u021bi\u021bi-v\u0103 cuno\u0219tin\u021bele lingvistice!\" \/>\n<meta name=\"robots\" content=\"index, follow, max-snippet:-1, max-image-preview:large, max-video-preview:-1\" \/>\n<link rel=\"canonical\" href=\"https:\/\/talkpal.ai\/ro\/gramatica-portugheza\/\" \/>\n<meta property=\"og:locale\" content=\"ro_RO\" \/>\n<meta property=\"og:type\" content=\"article\" \/>\n<meta property=\"og:title\" content=\"Gramatica portughez\u0103\" \/>\n<meta property=\"og:description\" content=\"Ghidul \u00eencep\u0103torului pentru a \u00een\u021belege gramatica portughez\u0103 Fie c\u0103 pl\u0103nui\u021bi o c\u0103l\u0103torie \u00een Portugalia, fie c\u0103 sunte\u021bi pur \u0219i simplu interesat s\u0103 st\u0103p\u00e2ni\u021bi\" \/>\n<meta property=\"og:url\" content=\"https:\/\/talkpal.ai\/ro\/gramatica-portugheza\/\" \/>\n<meta property=\"og:site_name\" content=\"Talkpal\" \/>\n<meta property=\"article:publisher\" content=\"https:\/\/www.facebook.com\/profile.php?id=100090733639311\" \/>\n<meta property=\"article:modified_time\" content=\"2025-12-11T16:46:15+00:00\" \/>\n<meta property=\"og:image\" content=\"https:\/\/talkpal.ai\/wp-content\/uploads\/2023\/04\/portugal.png\" \/>\n\t<meta property=\"og:image:width\" content=\"512\" \/>\n\t<meta property=\"og:image:height\" content=\"512\" \/>\n\t<meta property=\"og:image:type\" content=\"image\/png\" \/>\n<meta name=\"twitter:card\" content=\"summary_large_image\" \/>\n<meta name=\"twitter:site\" content=\"@talkpalai\" \/>\n<meta name=\"twitter:label1\" content=\"Timp estimat pentru citire\" \/>\n\t<meta name=\"twitter:data1\" content=\"4 minute\" \/>\n<script type=\"application\/ld+json\" class=\"yoast-schema-graph\">{\"@context\":\"https:\/\/schema.org\",\"@graph\":[{\"@type\":\"WebPage\",\"@id\":\"https:\/\/talkpal.ai\/ro\/gramatica-portugheza\/\",\"url\":\"https:\/\/talkpal.ai\/ro\/gramatica-portugheza\/\",\"name\":\"Gramatica portughez\u0103 - Talkpal\",\"isPartOf\":{\"@id\":\"https:\/\/talkpal.ai\/ro\/#website\"},\"primaryImageOfPage\":{\"@id\":\"https:\/\/talkpal.ai\/ro\/gramatica-portugheza\/#primaryimage\"},\"image\":{\"@id\":\"https:\/\/talkpal.ai\/ro\/gramatica-portugheza\/#primaryimage\"},\"thumbnailUrl\":\"https:\/\/talkpal.ai\/wp-content\/uploads\/2023\/04\/portugal.png\",\"datePublished\":\"2023-05-14T13:51:46+00:00\",\"dateModified\":\"2025-12-11T16:46:15+00:00\",\"description\":\"\u00cenv\u0103\u021ba\u021bi gramatica portughez\u0103 cu exerci\u021bii interactive concepute pentru toate nivelurile de competen\u021b\u0103. \u00cembun\u0103t\u0103\u021bi\u021bi-v\u0103 cuno\u0219tin\u021bele lingvistice!\",\"breadcrumb\":{\"@id\":\"https:\/\/talkpal.ai\/ro\/gramatica-portugheza\/#breadcrumb\"},\"inLanguage\":\"ro-RO\",\"potentialAction\":[{\"@type\":\"ReadAction\",\"target\":[\"https:\/\/talkpal.ai\/ro\/gramatica-portugheza\/\"]}]},{\"@type\":\"ImageObject\",\"inLanguage\":\"ro-RO\",\"@id\":\"https:\/\/talkpal.ai\/ro\/gramatica-portugheza\/#primaryimage\",\"url\":\"https:\/\/talkpal.ai\/wp-content\/uploads\/2023\/04\/portugal.png\",\"contentUrl\":\"https:\/\/talkpal.ai\/wp-content\/uploads\/2023\/04\/portugal.png\",\"width\":512,\"height\":512},{\"@type\":\"BreadcrumbList\",\"@id\":\"https:\/\/talkpal.ai\/ro\/gramatica-portugheza\/#breadcrumb\",\"itemListElement\":[{\"@type\":\"ListItem\",\"position\":1,\"name\":\"Homepage\",\"item\":\"https:\/\/talkpal.ai\/ro\/\"},{\"@type\":\"ListItem\",\"position\":2,\"name\":\"Gramatica portughez\u0103\"}]},{\"@type\":\"WebSite\",\"@id\":\"https:\/\/talkpal.ai\/ro\/#website\",\"url\":\"https:\/\/talkpal.ai\/ro\/\",\"name\":\"Talkpal\",\"description\":\"AI Language Learning\",\"publisher\":{\"@id\":\"https:\/\/talkpal.ai\/ro\/#organization\"},\"alternateName\":\"Talkpal AI\",\"potentialAction\":[{\"@type\":\"SearchAction\",\"target\":{\"@type\":\"EntryPoint\",\"urlTemplate\":\"https:\/\/talkpal.ai\/ro\/?s={search_term_string}\"},\"query-input\":{\"@type\":\"PropertyValueSpecification\",\"valueRequired\":true,\"valueName\":\"search_term_string\"}}],\"inLanguage\":\"ro-RO\"},{\"@type\":\"Organization\",\"@id\":\"https:\/\/talkpal.ai\/ro\/#organization\",\"name\":\"Talkpal, Inc.\",\"alternateName\":\"Talkpal AI\",\"url\":\"https:\/\/talkpal.ai\/ro\/\",\"logo\":{\"@type\":\"ImageObject\",\"inLanguage\":\"ro-RO\",\"@id\":\"https:\/\/talkpal.ai\/ro\/#\/schema\/logo\/image\/\",\"url\":\"https:\/\/talkpal.ai\/wp-content\/uploads\/2024\/03\/Talkpal-Logo-Icon.png\",\"contentUrl\":\"https:\/\/talkpal.ai\/wp-content\/uploads\/2024\/03\/Talkpal-Logo-Icon.png\",\"width\":2880,\"height\":2880,\"caption\":\"Talkpal, Inc.\"},\"image\":{\"@id\":\"https:\/\/talkpal.ai\/ro\/#\/schema\/logo\/image\/\"},\"sameAs\":[\"https:\/\/www.facebook.com\/profile.php?id=100090733639311\",\"https:\/\/x.com\/talkpalai\",\"https:\/\/www.linkedin.com\/company\/talkpal\/\",\"https:\/\/www.youtube.com\/@TalkPal\/\",\"https:\/\/www.tiktok.com\/@talkpal\",\"https:\/\/www.instagram.com\/talkpal_ai\/\",\"https:\/\/www.crunchbase.com\/organization\/talkpal-9cde\",\"https:\/\/www.g2.com\/products\/talkpal-for-business\/\",\"https:\/\/www.trustpilot.com\/review\/talkpal.ai\",\"https:\/\/www.capterra.com\/p\/10006800\/TalkPal\/\"],\"description\":\"Talkpal is a language learning web and mobile education app, powered by the latest AI technologies, that provides engaging experiences to its customers in many different languages to help them improve their language skills. Users can chat about unlimited amount of topics with the app and use other modes to practice their language learning.\",\"email\":\"support@talkpal.ai\",\"legalName\":\"Talkpal, Inc.\",\"foundingDate\":\"2023-04-03\",\"duns\":\"118989042\",\"numberOfEmployees\":{\"@type\":\"QuantitativeValue\",\"minValue\":\"11\",\"maxValue\":\"50\"},\"publishingPrinciples\":\"https:\/\/talkpal.ai\/publishing-principles\/\",\"actionableFeedbackPolicy\":\"https:\/\/talkpal.ai\/actionable-feedback-policy\/\",\"correctionsPolicy\":\"https:\/\/talkpal.ai\/corrections-policy\/\",\"ethicsPolicy\":\"https:\/\/talkpal.ai\/ethics-policy\/\",\"diversityPolicy\":\"https:\/\/talkpal.ai\/diversity-policy\/\",\"diversityStaffingReport\":\"https:\/\/talkpal.ai\/diversity-policy\/\"}]}<\/script>\n<!-- \/ Yoast SEO Premium plugin. -->","yoast_head_json":{"title":"Gramatica portughez\u0103 - Talkpal","description":"\u00cenv\u0103\u021ba\u021bi gramatica portughez\u0103 cu exerci\u021bii interactive concepute pentru toate nivelurile de competen\u021b\u0103. \u00cembun\u0103t\u0103\u021bi\u021bi-v\u0103 cuno\u0219tin\u021bele lingvistice!","robots":{"index":"index","follow":"follow","max-snippet":"max-snippet:-1","max-image-preview":"max-image-preview:large","max-video-preview":"max-video-preview:-1"},"canonical":"https:\/\/talkpal.ai\/ro\/gramatica-portugheza\/","og_locale":"ro_RO","og_type":"article","og_title":"Gramatica portughez\u0103","og_description":"Ghidul \u00eencep\u0103torului pentru a \u00een\u021belege gramatica portughez\u0103 Fie c\u0103 pl\u0103nui\u021bi o c\u0103l\u0103torie \u00een Portugalia, fie c\u0103 sunte\u021bi pur \u0219i simplu interesat s\u0103 st\u0103p\u00e2ni\u021bi","og_url":"https:\/\/talkpal.ai\/ro\/gramatica-portugheza\/","og_site_name":"Talkpal","article_publisher":"https:\/\/www.facebook.com\/profile.php?id=100090733639311","article_modified_time":"2025-12-11T16:46:15+00:00","og_image":[{"width":512,"height":512,"url":"https:\/\/talkpal.ai\/wp-content\/uploads\/2023\/04\/portugal.png","type":"image\/png"}],"twitter_card":"summary_large_image","twitter_site":"@talkpalai","twitter_misc":{"Timp estimat pentru citire":"4 minute"},"schema":{"@context":"https:\/\/schema.org","@graph":[{"@type":"WebPage","@id":"https:\/\/talkpal.ai\/ro\/gramatica-portugheza\/","url":"https:\/\/talkpal.ai\/ro\/gramatica-portugheza\/","name":"Gramatica portughez\u0103 - Talkpal","isPartOf":{"@id":"https:\/\/talkpal.ai\/ro\/#website"},"primaryImageOfPage":{"@id":"https:\/\/talkpal.ai\/ro\/gramatica-portugheza\/#primaryimage"},"image":{"@id":"https:\/\/talkpal.ai\/ro\/gramatica-portugheza\/#primaryimage"},"thumbnailUrl":"https:\/\/talkpal.ai\/wp-content\/uploads\/2023\/04\/portugal.png","datePublished":"2023-05-14T13:51:46+00:00","dateModified":"2025-12-11T16:46:15+00:00","description":"\u00cenv\u0103\u021ba\u021bi gramatica portughez\u0103 cu exerci\u021bii interactive concepute pentru toate nivelurile de competen\u021b\u0103. \u00cembun\u0103t\u0103\u021bi\u021bi-v\u0103 cuno\u0219tin\u021bele lingvistice!","breadcrumb":{"@id":"https:\/\/talkpal.ai\/ro\/gramatica-portugheza\/#breadcrumb"},"inLanguage":"ro-RO","potentialAction":[{"@type":"ReadAction","target":["https:\/\/talkpal.ai\/ro\/gramatica-portugheza\/"]}]},{"@type":"ImageObject","inLanguage":"ro-RO","@id":"https:\/\/talkpal.ai\/ro\/gramatica-portugheza\/#primaryimage","url":"https:\/\/talkpal.ai\/wp-content\/uploads\/2023\/04\/portugal.png","contentUrl":"https:\/\/talkpal.ai\/wp-content\/uploads\/2023\/04\/portugal.png","width":512,"height":512},{"@type":"BreadcrumbList","@id":"https:\/\/talkpal.ai\/ro\/gramatica-portugheza\/#breadcrumb","itemListElement":[{"@type":"ListItem","position":1,"name":"Homepage","item":"https:\/\/talkpal.ai\/ro\/"},{"@type":"ListItem","position":2,"name":"Gramatica portughez\u0103"}]},{"@type":"WebSite","@id":"https:\/\/talkpal.ai\/ro\/#website","url":"https:\/\/talkpal.ai\/ro\/","name":"Talkpal","description":"AI Language Learning","publisher":{"@id":"https:\/\/talkpal.ai\/ro\/#organization"},"alternateName":"Talkpal AI","potentialAction":[{"@type":"SearchAction","target":{"@type":"EntryPoint","urlTemplate":"https:\/\/talkpal.ai\/ro\/?s={search_term_string}"},"query-input":{"@type":"PropertyValueSpecification","valueRequired":true,"valueName":"search_term_string"}}],"inLanguage":"ro-RO"},{"@type":"Organization","@id":"https:\/\/talkpal.ai\/ro\/#organization","name":"Talkpal, Inc.","alternateName":"Talkpal AI","url":"https:\/\/talkpal.ai\/ro\/","logo":{"@type":"ImageObject","inLanguage":"ro-RO","@id":"https:\/\/talkpal.ai\/ro\/#\/schema\/logo\/image\/","url":"https:\/\/talkpal.ai\/wp-content\/uploads\/2024\/03\/Talkpal-Logo-Icon.png","contentUrl":"https:\/\/talkpal.ai\/wp-content\/uploads\/2024\/03\/Talkpal-Logo-Icon.png","width":2880,"height":2880,"caption":"Talkpal, Inc."},"image":{"@id":"https:\/\/talkpal.ai\/ro\/#\/schema\/logo\/image\/"},"sameAs":["https:\/\/www.facebook.com\/profile.php?id=100090733639311","https:\/\/x.com\/talkpalai","https:\/\/www.linkedin.com\/company\/talkpal\/","https:\/\/www.youtube.com\/@TalkPal\/","https:\/\/www.tiktok.com\/@talkpal","https:\/\/www.instagram.com\/talkpal_ai\/","https:\/\/www.crunchbase.com\/organization\/talkpal-9cde","https:\/\/www.g2.com\/products\/talkpal-for-business\/","https:\/\/www.trustpilot.com\/review\/talkpal.ai","https:\/\/www.capterra.com\/p\/10006800\/TalkPal\/"],"description":"Talkpal is a language learning web and mobile education app, powered by the latest AI technologies, that provides engaging experiences to its customers in many different languages to help them improve their language skills. Users can chat about unlimited amount of topics with the app and use other modes to practice their language learning.","email":"support@talkpal.ai","legalName":"Talkpal, Inc.","foundingDate":"2023-04-03","duns":"118989042","numberOfEmployees":{"@type":"QuantitativeValue","minValue":"11","maxValue":"50"},"publishingPrinciples":"https:\/\/talkpal.ai\/publishing-principles\/","actionableFeedbackPolicy":"https:\/\/talkpal.ai\/actionable-feedback-policy\/","correctionsPolicy":"https:\/\/talkpal.ai\/corrections-policy\/","ethicsPolicy":"https:\/\/talkpal.ai\/ethics-policy\/","diversityPolicy":"https:\/\/talkpal.ai\/diversity-policy\/","diversityStaffingReport":"https:\/\/talkpal.ai\/diversity-policy\/"}]}},"_links":{"self":[{"href":"https:\/\/talkpal.ai\/ro\/wp-json\/wp\/v2\/pages\/130008","targetHints":{"allow":["GET"]}}],"collection":[{"href":"https:\/\/talkpal.ai\/ro\/wp-json\/wp\/v2\/pages"}],"about":[{"href":"https:\/\/talkpal.ai\/ro\/wp-json\/wp\/v2\/types\/page"}],"author":[{"embeddable":true,"href":"https:\/\/talkpal.ai\/ro\/wp-json\/wp\/v2\/users\/1"}],"replies":[{"embeddable":true,"href":"https:\/\/talkpal.ai\/ro\/wp-json\/wp\/v2\/comments?post=130008"}],"version-history":[{"count":0,"href":"https:\/\/talkpal.ai\/ro\/wp-json\/wp\/v2\/pages\/130008\/revisions"}],"wp:featuredmedia":[{"embeddable":true,"href":"https:\/\/talkpal.ai\/ro\/wp-json\/wp\/v2\/media\/107855"}],"wp:attachment":[{"href":"https:\/\/talkpal.ai\/ro\/wp-json\/wp\/v2\/media?parent=130008"}],"curies":[{"name":"wp","href":"https:\/\/api.w.org\/{rel}","templated":true}]}}