{"id":129675,"date":"2023-05-14T13:51:09","date_gmt":"2023-05-14T13:51:09","guid":{"rendered":"http:\/\/talkpal.ai\/gramatica-japoneza\/"},"modified":"2025-12-11T16:42:58","modified_gmt":"2025-12-11T16:42:58","slug":"gramatica-japoneza","status":"publish","type":"page","link":"https:\/\/talkpal.ai\/ro\/gramatica-japoneza\/","title":{"rendered":"Gramatica japonez\u0103"},"content":{"rendered":"\r\n\r\n\r\n<section class=\"languageChallengeSection\">\r\n    <div class=\"languageInfoWrapper\">\r\n        \r\n        <h1>Gramatica japonez\u0103<\/h1>\r\n        <p>\u00cembun\u0103t\u0103\u021bi\u021bi-v\u0103 cuno\u0219tin\u021bele de limba japonez\u0103 prin st\u0103p\u00e2nirea punctelor gramaticale esen\u021biale cu explica\u021bii \u0219i exemple clare. \u00cencepe\u021bi c\u0103l\u0103toria c\u0103tre fluen\u021b\u0103 &#8211; p\u0103trunde\u021bi ast\u0103zi \u00een gramatica japonez\u0103!<\/p>\r\n\r\n                            <a class=\"getStartedHidden\" href=\"https:\/\/app.talkpal.ai\/ro\/signup?lng=\">\u00cencepe<\/a>\r\n        \r\n    <\/div>\r\n\r\n    <figure>\r\n    <img decoding=\"async\" width=\"768\" height=\"768\" src=\"https:\/\/talkpal.ai\/wp-content\/uploads\/2023\/06\/japanese-768x768.png\" class=\"languageImage no-lazy\" alt=\"Language learning for world travelers\" fetchpriority=\"high\" sizes=\"(max-width: 768px) 150px, 768px\" srcset=\"https:\/\/talkpal.ai\/wp-content\/uploads\/2023\/06\/japanese-768x768.png 768w, https:\/\/talkpal.ai\/wp-content\/uploads\/2023\/06\/japanese-300x300.png 300w\" \/>\r\n    \r\n\r\n    <\/figure>\r\n\r\n            <a class=\"getStartedVisible\" href=\"https:\/\/app.talkpal.ai\/ro\/signup?lng=\">\u00cencepe<\/a>\r\n    \r\n<\/section>\r\n<section class=\"promotionalBanner\">\r\n    <p class=\"promotionalText\">Cel mai eficient mod de a \u00eenv\u0103\u021ba o limb\u0103<\/p>\r\n    <a class=\"promotionalLink\" href=\"https:\/\/app.talkpal.ai\/ro\/signup?lng=\">\u00cencerca\u021bi Talkpal gratuit<\/a>\r\n<\/section>\n<div class=\"wp-block-group pageContainerStyle\"><div class=\"wp-block-group__inner-container is-layout-constrained wp-block-group-is-layout-constrained\">\n<h2 class=\"wp-block-heading\" id=\"h-mastering-the-intricacies-of-japanese-grammar\">St\u0103p\u00e2nirea complexit\u0103\u021bii gramaticii japoneze<\/h2>\n\n\n\n<p>Pasiona\u021bii de lingvistic\u0103 g\u0103sesc adesea japoneza ca fiind o limb\u0103 fascinant\u0103 \u0219i provocatoare de \u00eenv\u0103\u021bat, \u00een mare parte datorit\u0103 sistemului s\u0103u unic de <a href=\"https:\/\/talkpal.ai\/grammar\/\">gramatic\u0103<\/a>. \u00cen ciuda acestui fapt, \u00een\u021belegerea gramaticii japoneze v\u0103 poate \u00eembun\u0103t\u0103\u021bi semnificativ abilit\u0103\u021bile de comunicare \u0219i \u00een\u021belegerea cultural\u0103. \u00cen acest articol, vom discuta c\u00e2teva aspecte esen\u021biale ale gramaticii japoneze pentru a v\u0103 ajuta \u00een c\u0103l\u0103toria dvs. de \u00eenv\u0103\u021bare a limbilor str\u0103ine. A\u0219adar, pune\u021bi-v\u0103 centura \u0219i haide\u021bi s\u0103 p\u0103trundem \u00een lumea captivant\u0103 a gramaticii japoneze.<\/p>\n\n\n\n<h3 class=\"wp-block-heading\" id=\"h-1-sentence-structure-sov\">1. Structura propozi\u021biei: SOV<\/h3>\n\n\n\n<p>Spre deosebire de limba <a href=\"https:\/\/talkpal.ai\/learn-english-with-ai\/\">englez\u0103<\/a> (subiect &#8211; verb &#8211; obiect sau SVO), japoneza urmeaz\u0103 o structur\u0103 de propozi\u021bie subiect &#8211; obiect &#8211; verb (SOV). Aceasta \u00eenseamn\u0103 c\u0103, \u00een general, verbul este ultimul \u00eentr-o propozi\u021bie. Ob\u021binerea acestei ordini unice a cuvintelor este vital\u0103 \u00een formarea propozi\u021biilor inteligibile \u00een japonez\u0103.<\/p>\n\n\n\n<p>Exemplu:  <\/p>\n\n\n\n<p>&#8211; \u308f\u305f\u3057\u306f\u308a\u3093\u3054\u3092\u305f\u3079\u307e\u3059\u3002 (M\u0103n\u00e2nc un m\u0103r)<\/p>\n\n\n\n<p>&#8211; Watashi wa ringo o tabemasu. (lit. Eu un m\u0103r m\u0103n\u00e2nc\u0103)<\/p>\n\n\n\n<h3 class=\"wp-block-heading\" id=\"h-2-particles-the-sentence-connectors\">2. Particule: conectorii propozi\u021biei<\/h3>\n\n\n\n<p>Particulele joac\u0103 un rol crucial \u00een gramatica japonez\u0103, marc\u00e2nd func\u021bia unui cuv\u00e2nt \u00een cadrul unei propozi\u021bii. Unele particule comune includ \u306f (wa), \u3092 (o), \u304c (ga), \u3067 (de) \u0219i \u306b (ni). \u00cen\u021beleg\u00e2nd cum func\u021bioneaz\u0103 aceste particule, ve\u021bi descoperi c\u0103 descifrarea \u0219i construirea propozi\u021biilor \u00een japonez\u0103 devine mult mai u\u0219or de gestionat.<\/p>\n\n\n\n<h3 class=\"wp-block-heading\" id=\"h-3-verbs-an-introduction-to-conjugation\">3. Verbe: o introducere \u00een conjugare<\/h3>\n\n\n\n<p>Verbele japoneze au trei grupe principale, identificate prin termina\u021bia formei de baz\u0103. Aceste grupuri sunt luate \u00een considerare atunci c\u00e2nd se conjug\u0103 pentru tensiune, polite\u021be \u0219i dispozi\u021bie. Vestea bun\u0103 este c\u0103 verbele japoneze nu se schimb\u0103 \u00een func\u021bie de subiect, f\u0103c\u00e2ndu-le mai pu\u021bin complexe dec\u00e2t cele din alte limbi.<\/p>\n\n\n\n<p>&#8211; Grupa 1: Verbe U<\/p>\n\n\n\n<p>&#8211; Grupul 2: Ru-verbe<\/p>\n\n\n\n<p>&#8211; Grupul 3: Verbe neregulate (doar dou\u0103 verbe &#8211; \u3059\u308b (suru) \u0219i \u6765\u308b (kuru))<\/p>\n\n\n\n<h3 class=\"wp-block-heading\" id=\"h-4-politeness-levels\">4. Niveluri de polite\u021be<\/h3>\n\n\n\n<p>Japoneza este o limb\u0103 bogat\u0103 \u00een polite\u021be, iar gramatica limbii reflect\u0103 acest lucru. Exist\u0103 trei niveluri principale de polite\u021be: casual, politicos \u0219i onorific. Recunoa\u0219terea \u0219i utilizarea acestora \u00een mod corespunz\u0103tor este esen\u021bial\u0103 pentru o comunicare natural\u0103 \u0219i respectuoas\u0103.<\/p>\n\n\n\n<p>&#8211; Casual: forme verbale simple (de exemplu, \u98df\u3079\u308b &#8211; taberu &#8211; a m\u00e2nca)<\/p>\n\n\n\n<p>&#8211; Polite\u021be: \u307e\u3059 (masu) conjugare (de exemplu, \u98df\u3079\u307e\u3059 &#8211; tabemasu &#8211; a m\u00e2nca (politicos))<\/p>\n\n\n\n<p>&#8211; Onorific: conjug\u0103ri \u0219i prefixe speciale (de exemplu, \u304a\u53ec\u3057\u4e0a\u304c\u308a\u306b\u306a\u308b &#8211; omeshiagari ni naru &#8211; a m\u00e2nca (onorific))<\/p>\n\n\n\n<h3 class=\"wp-block-heading\" id=\"h-5-japanese-adjectives\">5. Adjective japoneze<\/h3>\n\n\n\n<p>Adjectivele japoneze vin \u00een dou\u0103 tipuri: adjective i \u0219i na-adjective. Ambele tipuri au reguli unice de conjugare \u0219i interac\u021bioneaz\u0103 diferit cu substantivele. St\u0103p\u00e2nirea utiliz\u0103rii acestor dou\u0103 tipuri de adjective este esen\u021bial\u0103 pentru o comunicare eficient\u0103 \u00een japonez\u0103.<\/p>\n\n\n\n<h3 class=\"wp-block-heading\" id=\"h-6-engaging-with-the-language\">6. Interac\u021biunea cu limba<\/h3>\n\n\n\n<p>Una dintre cele mai eficiente modalit\u0103\u021bi de a \u00eenv\u0103\u021ba gramatica japonez\u0103 este de a interac\u021biona cu limba \u00een mod consecvent. De la vizionarea filmelor japoneze \u0219i anime p\u00e2n\u0103 la participarea la schimburi de conversa\u021bii cu vorbitori nativi, scufundarea \u00een limb\u0103 v\u0103 va ajuta s\u0103 v\u0103 solidifica\u021bi conceptele gramaticale \u0219i s\u0103 v\u0103 extinde\u021bi vocabularul.<\/p>\n\n\n\n<h3 class=\"wp-block-heading\" id=\"h-conclusion\">Concluzie<\/h3>\n\n\n\n<p>De\u0219i gramatica japonez\u0103 poate p\u0103rea cople\u0219itoare la \u00eenceput, cu dedicare \u0219i timp, ve\u021bi reu\u0219i s\u0103 v\u0103 descurca\u021bi cu u\u0219urin\u021b\u0103 \u00een complexitatea ei. Cheia este s\u0103 r\u0103m\u00e2i curios \u0219i s\u0103 practici \u00een mod regulat. Mult noroc \u00een c\u0103l\u0103toria dvs. spre st\u0103p\u00e2nirea gramaticii japoneze \u0219i bucura\u021bi-v\u0103 de aventura lingvistic\u0103!<\/p>\n<\/div><\/div>\n\r\n<section class=\"learnNavigationSection\">\r\n            \r\n        <a href=\"https:\/\/talkpal.ai\/ro\/invata-japoneza\/\">\r\n            <div class=\"learnNavigationWrapper\">\r\n                <div class=\"learnNavigationContent\">\r\n                    <img decoding=\"async\" src=\"https:\/\/talkpal.ai\/wp-content\/uploads\/2024\/08\/Japanese.jpg\" alt=\"Japanese Flag\">\r\n                    <div>\r\n                        <h4>Despre \u00eenv\u0103\u021barea limbii japoneze<\/h4>\r\n                        <p>Afla\u021bi totul despre gramatica japonez\u0103.<\/p>\r\n                    <\/div>\r\n                <\/div>\r\n            <\/div>\r\n        <\/a>\r\n\r\n        \r\n        <a href=\"https:\/\/talkpal.ai\/ro\/exercitii-de-gramatica-japoneza\/\">\r\n            <div class=\"learnNavigationWrapper\">\r\n                <div class=\"learnNavigationContent\">\r\n                    <img decoding=\"async\" src=\"https:\/\/talkpal.ai\/wp-content\/uploads\/2024\/08\/Japanese.jpg\" alt=\"Japanese Flag\">\r\n                    <div>\r\n                        <h4>Exerci\u021biu de gramatic\u0103 japonez\u0103<\/h4>\r\n                        <p>Exersa\u021bi gramatica japonez\u0103.<\/p>\r\n                    <\/div>\r\n                <\/div>\r\n            <\/div>\r\n        <\/a>\r\n\r\n        \r\n        <a href=\"https:\/\/talkpal.ai\/vocabulary_language\/japanese\/\">\r\n            <div class=\"learnNavigationWrapper\">\r\n                <div class=\"learnNavigationContent\">\r\n                    <img decoding=\"async\" src=\"https:\/\/talkpal.ai\/wp-content\/uploads\/2024\/08\/Japanese.jpg\" alt=\"Japanese Flag\">\r\n                    <div>\r\n                        <h4>Vocabular japonez<\/h4>\r\n                        <p>Extinde\u021bi-v\u0103 vocabularul japonez.<\/p>\r\n                    <\/div>\r\n                <\/div>\r\n            <\/div>\r\n        <\/a>\r\n\r\n            <\/section>","protected":false},"excerpt":{"rendered":"<p>St\u0103p\u00e2nirea complexit\u0103\u021bii gramaticii japoneze Pasiona\u021bii de lingvistic\u0103 g\u0103sesc adesea japoneza ca fiind o limb\u0103 fascinant\u0103 \u0219i provocatoare de \u00eenv\u0103\u021bat, \u00een mare parte datorit\u0103 sistemului s\u0103u unic de gramatic\u0103. \u00cen ciuda acestui fapt, \u00een\u021belegerea gramaticii japoneze v\u0103 poate \u00eembun\u0103t\u0103\u021bi semnificativ abilit\u0103\u021bile de comunicare \u0219i \u00een\u021belegerea cultural\u0103. \u00cen acest articol, vom discuta c\u00e2teva aspecte esen\u021biale ale gramaticii [&hellip;]<\/p>\n","protected":false},"author":1,"featured_media":107384,"parent":0,"menu_order":0,"comment_status":"closed","ping_status":"closed","template":"LearningContentPage.php","meta":{"_acf_changed":false,"footnotes":""},"class_list":["post-129675","page","type-page","status-publish","has-post-thumbnail","hentry"],"acf":[],"yoast_head":"<!-- This site is optimized with the Yoast SEO Premium plugin v27.2 (Yoast SEO v27.2) - https:\/\/yoast.com\/product\/yoast-seo-premium-wordpress\/ -->\n<title>Gramatica japonez\u0103 - Talkpal<\/title>\n<meta name=\"description\" content=\"\u00cenv\u0103\u021ba\u021bi gramatica japonez\u0103 cu aplica\u021bia noastr\u0103 de \u00eenv\u0103\u021bare a limbii AI. \u00cembun\u0103t\u0103\u021bi\u021bi-v\u0103 abilit\u0103\u021bile lingvistice cu u\u0219urin\u021b\u0103 prin TalkpalAI.\" \/>\n<meta name=\"robots\" content=\"index, follow, max-snippet:-1, max-image-preview:large, max-video-preview:-1\" \/>\n<link rel=\"canonical\" href=\"https:\/\/talkpal.ai\/ro\/gramatica-japoneza\/\" \/>\n<meta property=\"og:locale\" content=\"ro_RO\" \/>\n<meta property=\"og:type\" content=\"article\" \/>\n<meta property=\"og:title\" content=\"Gramatica japonez\u0103\" \/>\n<meta property=\"og:description\" content=\"St\u0103p\u00e2nirea complexit\u0103\u021bii gramaticii japoneze Pasiona\u021bii de lingvistic\u0103 g\u0103sesc adesea japoneza ca fiind o limb\u0103 fascinant\u0103 \u0219i provocatoare de \u00eenv\u0103\u021bat, \u00een\" \/>\n<meta property=\"og:url\" content=\"https:\/\/talkpal.ai\/ro\/gramatica-japoneza\/\" \/>\n<meta property=\"og:site_name\" content=\"Talkpal\" \/>\n<meta property=\"article:publisher\" content=\"https:\/\/www.facebook.com\/profile.php?id=100090733639311\" \/>\n<meta property=\"article:modified_time\" content=\"2025-12-11T16:42:58+00:00\" \/>\n<meta property=\"og:image\" content=\"https:\/\/talkpal.ai\/wp-content\/uploads\/2023\/04\/japan.png\" \/>\n\t<meta property=\"og:image:width\" content=\"512\" \/>\n\t<meta property=\"og:image:height\" content=\"512\" \/>\n\t<meta property=\"og:image:type\" content=\"image\/png\" \/>\n<meta name=\"twitter:card\" content=\"summary_large_image\" \/>\n<meta name=\"twitter:site\" content=\"@talkpalai\" \/>\n<meta name=\"twitter:label1\" content=\"Timp estimat pentru citire\" \/>\n\t<meta name=\"twitter:data1\" content=\"3 minute\" \/>\n<script type=\"application\/ld+json\" class=\"yoast-schema-graph\">{\"@context\":\"https:\/\/schema.org\",\"@graph\":[{\"@type\":\"WebPage\",\"@id\":\"https:\/\/talkpal.ai\/ro\/gramatica-japoneza\/\",\"url\":\"https:\/\/talkpal.ai\/ro\/gramatica-japoneza\/\",\"name\":\"Gramatica japonez\u0103 - Talkpal\",\"isPartOf\":{\"@id\":\"https:\/\/talkpal.ai\/ro\/#website\"},\"primaryImageOfPage\":{\"@id\":\"https:\/\/talkpal.ai\/ro\/gramatica-japoneza\/#primaryimage\"},\"image\":{\"@id\":\"https:\/\/talkpal.ai\/ro\/gramatica-japoneza\/#primaryimage\"},\"thumbnailUrl\":\"https:\/\/talkpal.ai\/wp-content\/uploads\/2023\/04\/japan.png\",\"datePublished\":\"2023-05-14T13:51:09+00:00\",\"dateModified\":\"2025-12-11T16:42:58+00:00\",\"description\":\"\u00cenv\u0103\u021ba\u021bi gramatica japonez\u0103 cu aplica\u021bia noastr\u0103 de \u00eenv\u0103\u021bare a limbii AI. \u00cembun\u0103t\u0103\u021bi\u021bi-v\u0103 abilit\u0103\u021bile lingvistice cu u\u0219urin\u021b\u0103 prin TalkpalAI.\",\"breadcrumb\":{\"@id\":\"https:\/\/talkpal.ai\/ro\/gramatica-japoneza\/#breadcrumb\"},\"inLanguage\":\"ro-RO\",\"potentialAction\":[{\"@type\":\"ReadAction\",\"target\":[\"https:\/\/talkpal.ai\/ro\/gramatica-japoneza\/\"]}]},{\"@type\":\"ImageObject\",\"inLanguage\":\"ro-RO\",\"@id\":\"https:\/\/talkpal.ai\/ro\/gramatica-japoneza\/#primaryimage\",\"url\":\"https:\/\/talkpal.ai\/wp-content\/uploads\/2023\/04\/japan.png\",\"contentUrl\":\"https:\/\/talkpal.ai\/wp-content\/uploads\/2023\/04\/japan.png\",\"width\":512,\"height\":512},{\"@type\":\"BreadcrumbList\",\"@id\":\"https:\/\/talkpal.ai\/ro\/gramatica-japoneza\/#breadcrumb\",\"itemListElement\":[{\"@type\":\"ListItem\",\"position\":1,\"name\":\"Homepage\",\"item\":\"https:\/\/talkpal.ai\/ro\/\"},{\"@type\":\"ListItem\",\"position\":2,\"name\":\"Gramatica japonez\u0103\"}]},{\"@type\":\"WebSite\",\"@id\":\"https:\/\/talkpal.ai\/ro\/#website\",\"url\":\"https:\/\/talkpal.ai\/ro\/\",\"name\":\"Talkpal\",\"description\":\"AI Language Learning\",\"publisher\":{\"@id\":\"https:\/\/talkpal.ai\/ro\/#organization\"},\"alternateName\":\"Talkpal AI\",\"potentialAction\":[{\"@type\":\"SearchAction\",\"target\":{\"@type\":\"EntryPoint\",\"urlTemplate\":\"https:\/\/talkpal.ai\/ro\/?s={search_term_string}\"},\"query-input\":{\"@type\":\"PropertyValueSpecification\",\"valueRequired\":true,\"valueName\":\"search_term_string\"}}],\"inLanguage\":\"ro-RO\"},{\"@type\":\"Organization\",\"@id\":\"https:\/\/talkpal.ai\/ro\/#organization\",\"name\":\"Talkpal, Inc.\",\"alternateName\":\"Talkpal AI\",\"url\":\"https:\/\/talkpal.ai\/ro\/\",\"logo\":{\"@type\":\"ImageObject\",\"inLanguage\":\"ro-RO\",\"@id\":\"https:\/\/talkpal.ai\/ro\/#\/schema\/logo\/image\/\",\"url\":\"https:\/\/talkpal.ai\/wp-content\/uploads\/2024\/03\/Talkpal-Logo-Icon.png\",\"contentUrl\":\"https:\/\/talkpal.ai\/wp-content\/uploads\/2024\/03\/Talkpal-Logo-Icon.png\",\"width\":2880,\"height\":2880,\"caption\":\"Talkpal, Inc.\"},\"image\":{\"@id\":\"https:\/\/talkpal.ai\/ro\/#\/schema\/logo\/image\/\"},\"sameAs\":[\"https:\/\/www.facebook.com\/profile.php?id=100090733639311\",\"https:\/\/x.com\/talkpalai\",\"https:\/\/www.linkedin.com\/company\/talkpal\/\",\"https:\/\/www.youtube.com\/@TalkPal\/\",\"https:\/\/www.tiktok.com\/@talkpal\",\"https:\/\/www.instagram.com\/talkpal_ai\/\",\"https:\/\/www.crunchbase.com\/organization\/talkpal-9cde\",\"https:\/\/www.g2.com\/products\/talkpal-for-business\/\",\"https:\/\/www.trustpilot.com\/review\/talkpal.ai\",\"https:\/\/www.capterra.com\/p\/10006800\/TalkPal\/\"],\"description\":\"Talkpal is a language learning web and mobile education app, powered by the latest AI technologies, that provides engaging experiences to its customers in many different languages to help them improve their language skills. Users can chat about unlimited amount of topics with the app and use other modes to practice their language learning.\",\"email\":\"support@talkpal.ai\",\"legalName\":\"Talkpal, Inc.\",\"foundingDate\":\"2023-04-03\",\"duns\":\"118989042\",\"numberOfEmployees\":{\"@type\":\"QuantitativeValue\",\"minValue\":\"11\",\"maxValue\":\"50\"},\"publishingPrinciples\":\"https:\/\/talkpal.ai\/publishing-principles\/\",\"actionableFeedbackPolicy\":\"https:\/\/talkpal.ai\/actionable-feedback-policy\/\",\"correctionsPolicy\":\"https:\/\/talkpal.ai\/corrections-policy\/\",\"ethicsPolicy\":\"https:\/\/talkpal.ai\/ethics-policy\/\",\"diversityPolicy\":\"https:\/\/talkpal.ai\/diversity-policy\/\",\"diversityStaffingReport\":\"https:\/\/talkpal.ai\/diversity-policy\/\"}]}<\/script>\n<!-- \/ Yoast SEO Premium plugin. -->","yoast_head_json":{"title":"Gramatica japonez\u0103 - Talkpal","description":"\u00cenv\u0103\u021ba\u021bi gramatica japonez\u0103 cu aplica\u021bia noastr\u0103 de \u00eenv\u0103\u021bare a limbii AI. \u00cembun\u0103t\u0103\u021bi\u021bi-v\u0103 abilit\u0103\u021bile lingvistice cu u\u0219urin\u021b\u0103 prin TalkpalAI.","robots":{"index":"index","follow":"follow","max-snippet":"max-snippet:-1","max-image-preview":"max-image-preview:large","max-video-preview":"max-video-preview:-1"},"canonical":"https:\/\/talkpal.ai\/ro\/gramatica-japoneza\/","og_locale":"ro_RO","og_type":"article","og_title":"Gramatica japonez\u0103","og_description":"St\u0103p\u00e2nirea complexit\u0103\u021bii gramaticii japoneze Pasiona\u021bii de lingvistic\u0103 g\u0103sesc adesea japoneza ca fiind o limb\u0103 fascinant\u0103 \u0219i provocatoare de \u00eenv\u0103\u021bat, \u00een","og_url":"https:\/\/talkpal.ai\/ro\/gramatica-japoneza\/","og_site_name":"Talkpal","article_publisher":"https:\/\/www.facebook.com\/profile.php?id=100090733639311","article_modified_time":"2025-12-11T16:42:58+00:00","og_image":[{"width":512,"height":512,"url":"https:\/\/talkpal.ai\/wp-content\/uploads\/2023\/04\/japan.png","type":"image\/png"}],"twitter_card":"summary_large_image","twitter_site":"@talkpalai","twitter_misc":{"Timp estimat pentru citire":"3 minute"},"schema":{"@context":"https:\/\/schema.org","@graph":[{"@type":"WebPage","@id":"https:\/\/talkpal.ai\/ro\/gramatica-japoneza\/","url":"https:\/\/talkpal.ai\/ro\/gramatica-japoneza\/","name":"Gramatica japonez\u0103 - Talkpal","isPartOf":{"@id":"https:\/\/talkpal.ai\/ro\/#website"},"primaryImageOfPage":{"@id":"https:\/\/talkpal.ai\/ro\/gramatica-japoneza\/#primaryimage"},"image":{"@id":"https:\/\/talkpal.ai\/ro\/gramatica-japoneza\/#primaryimage"},"thumbnailUrl":"https:\/\/talkpal.ai\/wp-content\/uploads\/2023\/04\/japan.png","datePublished":"2023-05-14T13:51:09+00:00","dateModified":"2025-12-11T16:42:58+00:00","description":"\u00cenv\u0103\u021ba\u021bi gramatica japonez\u0103 cu aplica\u021bia noastr\u0103 de \u00eenv\u0103\u021bare a limbii AI. \u00cembun\u0103t\u0103\u021bi\u021bi-v\u0103 abilit\u0103\u021bile lingvistice cu u\u0219urin\u021b\u0103 prin TalkpalAI.","breadcrumb":{"@id":"https:\/\/talkpal.ai\/ro\/gramatica-japoneza\/#breadcrumb"},"inLanguage":"ro-RO","potentialAction":[{"@type":"ReadAction","target":["https:\/\/talkpal.ai\/ro\/gramatica-japoneza\/"]}]},{"@type":"ImageObject","inLanguage":"ro-RO","@id":"https:\/\/talkpal.ai\/ro\/gramatica-japoneza\/#primaryimage","url":"https:\/\/talkpal.ai\/wp-content\/uploads\/2023\/04\/japan.png","contentUrl":"https:\/\/talkpal.ai\/wp-content\/uploads\/2023\/04\/japan.png","width":512,"height":512},{"@type":"BreadcrumbList","@id":"https:\/\/talkpal.ai\/ro\/gramatica-japoneza\/#breadcrumb","itemListElement":[{"@type":"ListItem","position":1,"name":"Homepage","item":"https:\/\/talkpal.ai\/ro\/"},{"@type":"ListItem","position":2,"name":"Gramatica japonez\u0103"}]},{"@type":"WebSite","@id":"https:\/\/talkpal.ai\/ro\/#website","url":"https:\/\/talkpal.ai\/ro\/","name":"Talkpal","description":"AI Language Learning","publisher":{"@id":"https:\/\/talkpal.ai\/ro\/#organization"},"alternateName":"Talkpal AI","potentialAction":[{"@type":"SearchAction","target":{"@type":"EntryPoint","urlTemplate":"https:\/\/talkpal.ai\/ro\/?s={search_term_string}"},"query-input":{"@type":"PropertyValueSpecification","valueRequired":true,"valueName":"search_term_string"}}],"inLanguage":"ro-RO"},{"@type":"Organization","@id":"https:\/\/talkpal.ai\/ro\/#organization","name":"Talkpal, Inc.","alternateName":"Talkpal AI","url":"https:\/\/talkpal.ai\/ro\/","logo":{"@type":"ImageObject","inLanguage":"ro-RO","@id":"https:\/\/talkpal.ai\/ro\/#\/schema\/logo\/image\/","url":"https:\/\/talkpal.ai\/wp-content\/uploads\/2024\/03\/Talkpal-Logo-Icon.png","contentUrl":"https:\/\/talkpal.ai\/wp-content\/uploads\/2024\/03\/Talkpal-Logo-Icon.png","width":2880,"height":2880,"caption":"Talkpal, Inc."},"image":{"@id":"https:\/\/talkpal.ai\/ro\/#\/schema\/logo\/image\/"},"sameAs":["https:\/\/www.facebook.com\/profile.php?id=100090733639311","https:\/\/x.com\/talkpalai","https:\/\/www.linkedin.com\/company\/talkpal\/","https:\/\/www.youtube.com\/@TalkPal\/","https:\/\/www.tiktok.com\/@talkpal","https:\/\/www.instagram.com\/talkpal_ai\/","https:\/\/www.crunchbase.com\/organization\/talkpal-9cde","https:\/\/www.g2.com\/products\/talkpal-for-business\/","https:\/\/www.trustpilot.com\/review\/talkpal.ai","https:\/\/www.capterra.com\/p\/10006800\/TalkPal\/"],"description":"Talkpal is a language learning web and mobile education app, powered by the latest AI technologies, that provides engaging experiences to its customers in many different languages to help them improve their language skills. Users can chat about unlimited amount of topics with the app and use other modes to practice their language learning.","email":"support@talkpal.ai","legalName":"Talkpal, Inc.","foundingDate":"2023-04-03","duns":"118989042","numberOfEmployees":{"@type":"QuantitativeValue","minValue":"11","maxValue":"50"},"publishingPrinciples":"https:\/\/talkpal.ai\/publishing-principles\/","actionableFeedbackPolicy":"https:\/\/talkpal.ai\/actionable-feedback-policy\/","correctionsPolicy":"https:\/\/talkpal.ai\/corrections-policy\/","ethicsPolicy":"https:\/\/talkpal.ai\/ethics-policy\/","diversityPolicy":"https:\/\/talkpal.ai\/diversity-policy\/","diversityStaffingReport":"https:\/\/talkpal.ai\/diversity-policy\/"}]}},"_links":{"self":[{"href":"https:\/\/talkpal.ai\/ro\/wp-json\/wp\/v2\/pages\/129675","targetHints":{"allow":["GET"]}}],"collection":[{"href":"https:\/\/talkpal.ai\/ro\/wp-json\/wp\/v2\/pages"}],"about":[{"href":"https:\/\/talkpal.ai\/ro\/wp-json\/wp\/v2\/types\/page"}],"author":[{"embeddable":true,"href":"https:\/\/talkpal.ai\/ro\/wp-json\/wp\/v2\/users\/1"}],"replies":[{"embeddable":true,"href":"https:\/\/talkpal.ai\/ro\/wp-json\/wp\/v2\/comments?post=129675"}],"version-history":[{"count":0,"href":"https:\/\/talkpal.ai\/ro\/wp-json\/wp\/v2\/pages\/129675\/revisions"}],"wp:featuredmedia":[{"embeddable":true,"href":"https:\/\/talkpal.ai\/ro\/wp-json\/wp\/v2\/media\/107384"}],"wp:attachment":[{"href":"https:\/\/talkpal.ai\/ro\/wp-json\/wp\/v2\/media?parent=129675"}],"curies":[{"name":"wp","href":"https:\/\/api.w.org\/{rel}","templated":true}]}}