{"id":129434,"date":"2023-05-14T13:50:44","date_gmt":"2023-05-14T13:50:44","guid":{"rendered":"http:\/\/talkpal.ai\/gramatica-hindi\/"},"modified":"2025-12-13T14:59:12","modified_gmt":"2025-12-13T14:59:12","slug":"gramatica-hindi","status":"publish","type":"page","link":"https:\/\/talkpal.ai\/ro\/gramatica-hindi\/","title":{"rendered":"Gramatica hindi"},"content":{"rendered":"\r\n\r\n\r\n<section class=\"languageChallengeSection\">\r\n    <div class=\"languageInfoWrapper\">\r\n        \r\n        <h1>Gramatica hindi<\/h1>\r\n        <p>Sunte\u021bi gata s\u0103 \u00eenv\u0103\u021ba\u021bi <a href=\"https:\/\/talkpal.ai\/learn-hindi\/\">hindi<\/a>? P\u0103trunde\u021bi \u00een <a href=\"https:\/\/talkpal.ai\/hindi-grammar\/\">gramatica hindi<\/a>, unde substantivele de gen, structura propozi\u021biei subiect-obiect-verb \u0219i conjug\u0103rile verbale expresive dau via\u021b\u0103 limbii. \u00cencepe\u021bi ast\u0103zi c\u0103l\u0103toria dvs. \u00een hindi &#8211; st\u0103p\u00e2nirea gramaticii v\u0103 va permite s\u0103 comunica\u021bi cu \u00eencredere \u0219i s\u0103 v\u0103 conecta\u021bi cu cultura \u0219i tradi\u021biile vibrante ale Indiei!<\/p>\r\n\r\n                            <a class=\"getStartedHidden\" href=\"https:\/\/app.talkpal.ai\/ro\/signup?lng=\">\u00cencepe<\/a>\r\n        \r\n    <\/div>\r\n\r\n    <figure>\r\n    <img decoding=\"async\" width=\"768\" height=\"768\" src=\"https:\/\/talkpal.ai\/wp-content\/uploads\/2023\/06\/hindi-768x768.png\" class=\"languageImage no-lazy\" alt=\"Language learning for mental agility\" fetchpriority=\"high\" sizes=\"(max-width: 768px) 150px, 768px\" srcset=\"https:\/\/talkpal.ai\/wp-content\/uploads\/2023\/06\/hindi-768x768.png 768w, https:\/\/talkpal.ai\/wp-content\/uploads\/2023\/06\/hindi-300x300.png 300w\" \/>\r\n    \r\n\r\n    <\/figure>\r\n\r\n            <a class=\"getStartedVisible\" href=\"https:\/\/app.talkpal.ai\/ro\/signup?lng=\">\u00cencepe<\/a>\r\n    \r\n<\/section>\r\n<section class=\"promotionalBanner\">\r\n    <p class=\"promotionalText\">Cel mai eficient mod de a \u00eenv\u0103\u021ba o limb\u0103<\/p>\r\n    <a class=\"promotionalLink\" href=\"https:\/\/app.talkpal.ai\/ro\/signup?lng=\">\u00cencerca\u021bi Talkpal gratuit<\/a>\r\n<\/section>\n<div class=\"wp-block-group pageContainerStyle\"><div class=\"wp-block-group__inner-container is-layout-constrained wp-block-group-is-layout-constrained\">\n<h2 class=\"wp-block-heading\" id=\"h-mastering-hindi-grammar-your-ultimate-guide\">St\u0103p\u00e2nirea gramaticii hindi: ghidul t\u0103u final<\/h2>\n\n\n\n<p>Namaste, <a href=\"https:\/\/talkpal.ai\/talkpal-discount-for-language-enthusiasts\/\">pasiona\u021bi de limbi str\u0103ine<\/a>! Sunte\u021bi gata s\u0103 explora\u021bi lumea gramaticii hindi? A\u021bi venit la locul potrivit. Plin de informa\u021bii u\u0219or de \u00een\u021beles \u0219i un ton conversa\u021bional, acest articol v\u0103 va ghida prin t\u0103r\u00e2mul fascinant al gramaticii hindi. \u00cen cur\u00e2nd, ve\u021bi putea s\u0103 construi\u021bi propozi\u021bii \u0219i s\u0103 purta\u021bi conversa\u021bii semnificative cu vorbitori nativi. A\u0219a c\u0103, s\u0103 ne arunc\u0103m cu capul \u00eenainte!<\/p>\n\n\n\n<p><strong>Dar mai \u00eent\u00e2i, de ce gramatica hindi?<\/strong><\/p>\n\n\n\n<p>Dac\u0103 \u00eenv\u0103\u021ba\u021bi hindi, o baz\u0103 solid\u0103 de <a href=\"https:\/\/talkpal.ai\/grammar\/\">gramatic\u0103<\/a> este esen\u021bial\u0103 pentru a vorbi, citi \u0219i scrie fluent. \u00cen timp ce gramatica hindi poate p\u0103rea ini\u021bial complex\u0103, devine mai accesibil\u0103 atunci c\u00e2nd este \u00eemp\u0103r\u021bit\u0103 \u00een segmente mai mici \u0219i u\u0219or de gestionat. Acest articol va fi locul perfect pentru a \u00eencepe c\u0103l\u0103toria spre st\u0103p\u00e2nirea gramaticii hindi!<\/p>\n\n\n\n<h3 class=\"wp-block-heading\" id=\"h-1-nouns-gender-and-cases\">1. Substantive, gen \u0219i cazuri<\/h3>\n\n\n\n<p>Substantivele hindi vin \u00een dou\u0103 genuri: masculin \u0219i feminin. Este important s\u0103 identifica\u021bi genul substantivelor, deoarece acesta influen\u021beaz\u0103 alte p\u0103r\u021bi de vorbire, cum ar fi adjectivele \u0219i verbele.  <\/p>\n\n\n\n<p>O regul\u0103 general\u0103 simpl\u0103: dac\u0103 un substantiv se termin\u0103 \u00een \u201e-aa\u201d (\u201e\u0906\u201d), acesta este \u00een general masculin, \u00een timp ce un substantiv care se termin\u0103 \u00een \u201e-ii\u201d (\u201e\u0908\u201d) este de obicei feminin. Dar nu uita\u021bi &#8211; ca \u00eentotdeauna, exist\u0103 excep\u021bii!  <\/p>\n\n\n\n<p>Substantivele hindi iau forme diferite \u00een func\u021bie de rolul lor \u00eentr-o propozi\u021bie (subiect, obiect, posesiv etc.). Aceste forme se numesc cazuri. Cazurile principale \u00een hindi sunt directe (\u201e\u0906\u092e \u0915\u094d\u0930\u092e\u201d), oblice (\u201e\u0909\u092a \u0935\u093f\u0932\u094b\u092e\u201d) \u0219i vocative (\u201e\u0938\u0902\u092c\u094b\u0927\u0928\u201d).<\/p>\n\n\n\n<h3 class=\"wp-block-heading\" id=\"h-2-pronouns-and-agreement\">2. Pronumele \u0219i acordul<\/h3>\n\n\n\n<p>Pronumele hindi (eu, tu, el, ea etc.) se schimb\u0103 \u00een func\u021bie de sex \u0219i ierarhie. De exemplu: \u092e\u0948\u0902 (main &#8211; I), \u0924\u0941\u092e (tum &#8211; you, informal), \u0906\u092a (aap &#8211; you, formal), \u0935\u0939 (vah &#8211; he\/she), \u0939\u092e (hum &#8211; we) \u0219i \u0935\u0947 (ve &#8211; they).  <\/p>\n\n\n\n<p>Este esen\u021bial s\u0103 se \u021bin\u0103 cont de ierarhie atunci c\u00e2nd se folosesc pronumele. De exemplu, \u00een timp ce \u201e\u0924\u0941\u092e\u201d ar putea fi potrivit \u00eentre prieteni, utilizarea \u201e\u0906\u092a\u201d arat\u0103 respect atunci c\u00e2nd se adreseaz\u0103 b\u0103tr\u00e2nilor sau str\u0103inilor.<\/p>\n\n\n\n<h3 class=\"wp-block-heading\" id=\"h-3-verbs-tense-and-conjugation\">3. Verbe, timp \u0219i conjugare<\/h3>\n\n\n\n<p>Verbele formeaz\u0103 coloana vertebral\u0103 a gramaticii hindi, iar \u00een\u021belegerea lor este vital\u0103 pentru construirea propozi\u021biilor. Verbele hindi sunt clasificate \u00een general ca tranzitive (\u201e\u0938\u0915\u0930\u094d\u092e\u0915\u201d) \u0219i intransitive (\u201e\u0905\u0915\u0930\u094d\u092e\u0915\u201d), cu reguli diferite de conjugare pentru fiecare.  <\/p>\n\n\n\n<p>Pentru a v\u0103 oferi o scurt\u0103 prezentare general\u0103, s\u0103 discut\u0103m despre conjugarea la timpul prezent a verbelor regulate:<\/p>\n\n\n\n<p>&#8211; \u092e\u0948\u0902 \u092a\u0922\u093c\u0924\u093e \u0939\u0942\u0901 (main padhta hoon &#8211; am citit, masculin)<\/p>\n\n\n\n<p>&#8211; \u092e\u0948\u0902 \u092a\u0922\u093c\u0924\u0940 \u0939\u0942\u0901 (main padhti hoon &#8211; am citit, feminin)<\/p>\n\n\n\n<p>&#8211; \u0924\u0941\u092e \u092a\u0922\u093c\u0924\u0947 \u0939\u094b (tum padhte ho &#8211; <a href=\"https:\/\/talkpal.ai\/speaking-with-ai\/\">ai<\/a> citit, informal, masculin)<\/p>\n\n\n\n<p>&#8211; \u0924\u0941\u092e \u092a\u0922\u093c\u0924\u0940 \u0939\u094b (tum padhti ho &#8211; ai citit, informal, feminin)<\/p>\n\n\n\n<p>Aminti\u021bi-v\u0103, acesta este doar \u00eenceputul! Exist\u0103 multe timpuri \u0219i verbe neregulate de st\u0103p\u00e2nit, dar fiecare pas <a href=\"https:\/\/talkpal.ai\/talkpal-new-years-discount\/\">nou<\/a> v\u0103 aduce mai aproape de fluen\u021b\u0103.<\/p>\n\n\n\n<h3 class=\"wp-block-heading\" id=\"h-4-adjectives-adverbs-and-more\">4. Adjective, adverbe \u0219i multe altele!<\/h3>\n\n\n\n<p>Gramatica hindi include \u0219i alte componente, cum ar fi adjectivele (care trebuie s\u0103 fie de acord cu substantivele \u00een gen \u0219i num\u0103r), adverbe, prepozi\u021bii \u0219i expresii idiomatice. Fiecare element este esen\u021bial pentru a deveni fluent \u00een hindi, a\u0219a c\u0103 aborda\u021bi-le pas cu pas.<\/p>\n\n\n\n<p>\u00cen concluzie, nu exist\u0103 o scurt\u0103tur\u0103 pentru a st\u0103p\u00e2ni gramatica hindi. Este nevoie de perseveren\u021b\u0103, practic\u0103 \u0219i r\u0103bdare. Cu toate acestea, odat\u0103 ce o \u00een\u021belege\u021bi, ve\u021bi putea aprecia nuan\u021bele conversa\u021biei \u00een hindi, descoperind cultura \u0219i istoria bogat\u0103 \u0219i aprofund\u00e2ndu-v\u0103 dragostea pentru aceast\u0103 limb\u0103. \u0936\u0941\u092d\u0915\u093e\u092e\u0928\u093e\u090f\u0901 (shubhkaamnaayein &#8211; cele mai bune ur\u0103ri)!<\/p>\n<\/div><\/div>\n\r\n<section class=\"learnNavigationSection\">\r\n            \r\n        <a href=\"https:\/\/talkpal.ai\/ro\/invata-hindi\/\">\r\n            <div class=\"learnNavigationWrapper\">\r\n                <div class=\"learnNavigationContent\">\r\n                    <img decoding=\"async\" src=\"https:\/\/talkpal.ai\/wp-content\/uploads\/2024\/08\/Hindi.jpg\" alt=\"Indian Flag\">\r\n                    <div>\r\n                        <h4>Despre Hindi Learning<\/h4>\r\n                        <p>Afla\u021bi totul despre gramatica hindi .<\/p>\r\n                    <\/div>\r\n                <\/div>\r\n            <\/div>\r\n        <\/a>\r\n\r\n        \r\n        <a href=\"https:\/\/talkpal.ai\/ro\/exercitii-de-gramatica-hindi\/\">\r\n            <div class=\"learnNavigationWrapper\">\r\n                <div class=\"learnNavigationContent\">\r\n                    <img decoding=\"async\" src=\"https:\/\/talkpal.ai\/wp-content\/uploads\/2024\/08\/Hindi.jpg\" alt=\"Indian Flag\">\r\n                    <div>\r\n                        <h4>Exerci\u021biu de gramatic\u0103 hindi<\/h4>\r\n                        <p>Exersa\u021bi gramatica hindi.<\/p>\r\n                    <\/div>\r\n                <\/div>\r\n            <\/div>\r\n        <\/a>\r\n\r\n        \r\n        <a href=\"https:\/\/talkpal.ai\/vocabulary_language\/hindi\/\">\r\n            <div class=\"learnNavigationWrapper\">\r\n                <div class=\"learnNavigationContent\">\r\n                    <img decoding=\"async\" src=\"https:\/\/talkpal.ai\/wp-content\/uploads\/2024\/08\/Hindi.jpg\" alt=\"Indian Flag\">\r\n                    <div>\r\n                        <h4>Vocabular hindi<\/h4>\r\n                        <p>Extinde\u021bi-v\u0103 vocabularul hindi.<\/p>\r\n                    <\/div>\r\n                <\/div>\r\n            <\/div>\r\n        <\/a>\r\n\r\n            <\/section>","protected":false},"excerpt":{"rendered":"<p>St\u0103p\u00e2nirea gramaticii hindi: ghidul t\u0103u final Namaste, pasiona\u021bi de limbi str\u0103ine! Sunte\u021bi gata s\u0103 explora\u021bi lumea gramaticii hindi? A\u021bi venit la locul potrivit. Plin de informa\u021bii u\u0219or de \u00een\u021beles \u0219i un ton conversa\u021bional, acest articol v\u0103 va ghida prin t\u0103r\u00e2mul fascinant al gramaticii hindi. \u00cen cur\u00e2nd, ve\u021bi putea s\u0103 construi\u021bi propozi\u021bii \u0219i s\u0103 purta\u021bi conversa\u021bii [&hellip;]<\/p>\n","protected":false},"author":1,"featured_media":188227,"parent":0,"menu_order":0,"comment_status":"closed","ping_status":"closed","template":"LearningContentPage.php","meta":{"_acf_changed":false,"footnotes":""},"class_list":["post-129434","page","type-page","status-publish","has-post-thumbnail","hentry"],"acf":[],"yoast_head":"<!-- This site is optimized with the Yoast SEO Premium plugin v27.2 (Yoast SEO v27.2) - https:\/\/yoast.com\/product\/yoast-seo-premium-wordpress\/ -->\n<title>Gramatica hindi - Talkpal<\/title>\n<meta name=\"description\" content=\"St\u0103p\u00e2ni\u021bi gramatica hindi cu \u00eencredere - \u00eenv\u0103\u021ba\u021bi reguli clare, forma\u021bi propozi\u021bii corecte \u0219i vorbi\u021bi mai bine cu \u00eendrumare u\u0219oar\u0103 de la Talkpal AI.\" \/>\n<meta name=\"robots\" content=\"index, follow, max-snippet:-1, max-image-preview:large, max-video-preview:-1\" \/>\n<link rel=\"canonical\" href=\"https:\/\/talkpal.ai\/ro\/gramatica-hindi\/\" \/>\n<meta property=\"og:locale\" content=\"ro_RO\" \/>\n<meta property=\"og:type\" content=\"article\" \/>\n<meta property=\"og:title\" content=\"Gramatica hindi\" \/>\n<meta property=\"og:description\" content=\"St\u0103p\u00e2nirea gramaticii hindi: ghidul t\u0103u final Namaste, pasiona\u021bi de limbi str\u0103ine! Sunte\u021bi gata s\u0103 explora\u021bi lumea gramaticii hindi? A\u021bi venit la locul\" \/>\n<meta property=\"og:url\" content=\"https:\/\/talkpal.ai\/ro\/gramatica-hindi\/\" \/>\n<meta property=\"og:site_name\" content=\"Talkpal\" \/>\n<meta property=\"article:publisher\" content=\"https:\/\/www.facebook.com\/profile.php?id=100090733639311\" \/>\n<meta property=\"article:modified_time\" content=\"2025-12-13T14:59:12+00:00\" \/>\n<meta property=\"og:image\" content=\"https:\/\/talkpal.ai\/wp-content\/uploads\/2024\/02\/india.png\" \/>\n\t<meta property=\"og:image:width\" content=\"517\" \/>\n\t<meta property=\"og:image:height\" content=\"517\" \/>\n\t<meta property=\"og:image:type\" content=\"image\/png\" \/>\n<meta name=\"twitter:card\" content=\"summary_large_image\" \/>\n<meta name=\"twitter:site\" content=\"@talkpalai\" \/>\n<meta name=\"twitter:label1\" content=\"Timp estimat pentru citire\" \/>\n\t<meta name=\"twitter:data1\" content=\"3 minute\" \/>\n<script type=\"application\/ld+json\" class=\"yoast-schema-graph\">{\"@context\":\"https:\/\/schema.org\",\"@graph\":[{\"@type\":\"WebPage\",\"@id\":\"https:\/\/talkpal.ai\/ro\/gramatica-hindi\/\",\"url\":\"https:\/\/talkpal.ai\/ro\/gramatica-hindi\/\",\"name\":\"Gramatica hindi - Talkpal\",\"isPartOf\":{\"@id\":\"https:\/\/talkpal.ai\/ro\/#website\"},\"primaryImageOfPage\":{\"@id\":\"https:\/\/talkpal.ai\/ro\/gramatica-hindi\/#primaryimage\"},\"image\":{\"@id\":\"https:\/\/talkpal.ai\/ro\/gramatica-hindi\/#primaryimage\"},\"thumbnailUrl\":\"https:\/\/talkpal.ai\/wp-content\/uploads\/2024\/02\/india.png\",\"datePublished\":\"2023-05-14T13:50:44+00:00\",\"dateModified\":\"2025-12-13T14:59:12+00:00\",\"description\":\"St\u0103p\u00e2ni\u021bi gramatica hindi cu \u00eencredere - \u00eenv\u0103\u021ba\u021bi reguli clare, forma\u021bi propozi\u021bii corecte \u0219i vorbi\u021bi mai bine cu \u00eendrumare u\u0219oar\u0103 de la Talkpal AI.\",\"breadcrumb\":{\"@id\":\"https:\/\/talkpal.ai\/ro\/gramatica-hindi\/#breadcrumb\"},\"inLanguage\":\"ro-RO\",\"potentialAction\":[{\"@type\":\"ReadAction\",\"target\":[\"https:\/\/talkpal.ai\/ro\/gramatica-hindi\/\"]}]},{\"@type\":\"ImageObject\",\"inLanguage\":\"ro-RO\",\"@id\":\"https:\/\/talkpal.ai\/ro\/gramatica-hindi\/#primaryimage\",\"url\":\"https:\/\/talkpal.ai\/wp-content\/uploads\/2024\/02\/india.png\",\"contentUrl\":\"https:\/\/talkpal.ai\/wp-content\/uploads\/2024\/02\/india.png\",\"width\":517,\"height\":517,\"caption\":\"TalkPal Indian Flag\"},{\"@type\":\"BreadcrumbList\",\"@id\":\"https:\/\/talkpal.ai\/ro\/gramatica-hindi\/#breadcrumb\",\"itemListElement\":[{\"@type\":\"ListItem\",\"position\":1,\"name\":\"Homepage\",\"item\":\"https:\/\/talkpal.ai\/ro\/\"},{\"@type\":\"ListItem\",\"position\":2,\"name\":\"Gramatica hindi\"}]},{\"@type\":\"WebSite\",\"@id\":\"https:\/\/talkpal.ai\/ro\/#website\",\"url\":\"https:\/\/talkpal.ai\/ro\/\",\"name\":\"Talkpal\",\"description\":\"AI Language Learning\",\"publisher\":{\"@id\":\"https:\/\/talkpal.ai\/ro\/#organization\"},\"alternateName\":\"Talkpal AI\",\"potentialAction\":[{\"@type\":\"SearchAction\",\"target\":{\"@type\":\"EntryPoint\",\"urlTemplate\":\"https:\/\/talkpal.ai\/ro\/?s={search_term_string}\"},\"query-input\":{\"@type\":\"PropertyValueSpecification\",\"valueRequired\":true,\"valueName\":\"search_term_string\"}}],\"inLanguage\":\"ro-RO\"},{\"@type\":\"Organization\",\"@id\":\"https:\/\/talkpal.ai\/ro\/#organization\",\"name\":\"Talkpal, Inc.\",\"alternateName\":\"Talkpal AI\",\"url\":\"https:\/\/talkpal.ai\/ro\/\",\"logo\":{\"@type\":\"ImageObject\",\"inLanguage\":\"ro-RO\",\"@id\":\"https:\/\/talkpal.ai\/ro\/#\/schema\/logo\/image\/\",\"url\":\"https:\/\/talkpal.ai\/wp-content\/uploads\/2024\/03\/Talkpal-Logo-Icon.png\",\"contentUrl\":\"https:\/\/talkpal.ai\/wp-content\/uploads\/2024\/03\/Talkpal-Logo-Icon.png\",\"width\":2880,\"height\":2880,\"caption\":\"Talkpal, Inc.\"},\"image\":{\"@id\":\"https:\/\/talkpal.ai\/ro\/#\/schema\/logo\/image\/\"},\"sameAs\":[\"https:\/\/www.facebook.com\/profile.php?id=100090733639311\",\"https:\/\/x.com\/talkpalai\",\"https:\/\/www.linkedin.com\/company\/talkpal\/\",\"https:\/\/www.youtube.com\/@TalkPal\/\",\"https:\/\/www.tiktok.com\/@talkpal\",\"https:\/\/www.instagram.com\/talkpal_ai\/\",\"https:\/\/www.crunchbase.com\/organization\/talkpal-9cde\",\"https:\/\/www.g2.com\/products\/talkpal-for-business\/\",\"https:\/\/www.trustpilot.com\/review\/talkpal.ai\",\"https:\/\/www.capterra.com\/p\/10006800\/TalkPal\/\"],\"description\":\"Talkpal is a language learning web and mobile education app, powered by the latest AI technologies, that provides engaging experiences to its customers in many different languages to help them improve their language skills. Users can chat about unlimited amount of topics with the app and use other modes to practice their language learning.\",\"email\":\"support@talkpal.ai\",\"legalName\":\"Talkpal, Inc.\",\"foundingDate\":\"2023-04-03\",\"duns\":\"118989042\",\"numberOfEmployees\":{\"@type\":\"QuantitativeValue\",\"minValue\":\"11\",\"maxValue\":\"50\"},\"publishingPrinciples\":\"https:\/\/talkpal.ai\/publishing-principles\/\",\"actionableFeedbackPolicy\":\"https:\/\/talkpal.ai\/actionable-feedback-policy\/\",\"correctionsPolicy\":\"https:\/\/talkpal.ai\/corrections-policy\/\",\"ethicsPolicy\":\"https:\/\/talkpal.ai\/ethics-policy\/\",\"diversityPolicy\":\"https:\/\/talkpal.ai\/diversity-policy\/\",\"diversityStaffingReport\":\"https:\/\/talkpal.ai\/diversity-policy\/\"}]}<\/script>\n<!-- \/ Yoast SEO Premium plugin. -->","yoast_head_json":{"title":"Gramatica hindi - Talkpal","description":"St\u0103p\u00e2ni\u021bi gramatica hindi cu \u00eencredere - \u00eenv\u0103\u021ba\u021bi reguli clare, forma\u021bi propozi\u021bii corecte \u0219i vorbi\u021bi mai bine cu \u00eendrumare u\u0219oar\u0103 de la Talkpal AI.","robots":{"index":"index","follow":"follow","max-snippet":"max-snippet:-1","max-image-preview":"max-image-preview:large","max-video-preview":"max-video-preview:-1"},"canonical":"https:\/\/talkpal.ai\/ro\/gramatica-hindi\/","og_locale":"ro_RO","og_type":"article","og_title":"Gramatica hindi","og_description":"St\u0103p\u00e2nirea gramaticii hindi: ghidul t\u0103u final Namaste, pasiona\u021bi de limbi str\u0103ine! Sunte\u021bi gata s\u0103 explora\u021bi lumea gramaticii hindi? A\u021bi venit la locul","og_url":"https:\/\/talkpal.ai\/ro\/gramatica-hindi\/","og_site_name":"Talkpal","article_publisher":"https:\/\/www.facebook.com\/profile.php?id=100090733639311","article_modified_time":"2025-12-13T14:59:12+00:00","og_image":[{"width":517,"height":517,"url":"https:\/\/talkpal.ai\/wp-content\/uploads\/2024\/02\/india.png","type":"image\/png"}],"twitter_card":"summary_large_image","twitter_site":"@talkpalai","twitter_misc":{"Timp estimat pentru citire":"3 minute"},"schema":{"@context":"https:\/\/schema.org","@graph":[{"@type":"WebPage","@id":"https:\/\/talkpal.ai\/ro\/gramatica-hindi\/","url":"https:\/\/talkpal.ai\/ro\/gramatica-hindi\/","name":"Gramatica hindi - Talkpal","isPartOf":{"@id":"https:\/\/talkpal.ai\/ro\/#website"},"primaryImageOfPage":{"@id":"https:\/\/talkpal.ai\/ro\/gramatica-hindi\/#primaryimage"},"image":{"@id":"https:\/\/talkpal.ai\/ro\/gramatica-hindi\/#primaryimage"},"thumbnailUrl":"https:\/\/talkpal.ai\/wp-content\/uploads\/2024\/02\/india.png","datePublished":"2023-05-14T13:50:44+00:00","dateModified":"2025-12-13T14:59:12+00:00","description":"St\u0103p\u00e2ni\u021bi gramatica hindi cu \u00eencredere - \u00eenv\u0103\u021ba\u021bi reguli clare, forma\u021bi propozi\u021bii corecte \u0219i vorbi\u021bi mai bine cu \u00eendrumare u\u0219oar\u0103 de la Talkpal AI.","breadcrumb":{"@id":"https:\/\/talkpal.ai\/ro\/gramatica-hindi\/#breadcrumb"},"inLanguage":"ro-RO","potentialAction":[{"@type":"ReadAction","target":["https:\/\/talkpal.ai\/ro\/gramatica-hindi\/"]}]},{"@type":"ImageObject","inLanguage":"ro-RO","@id":"https:\/\/talkpal.ai\/ro\/gramatica-hindi\/#primaryimage","url":"https:\/\/talkpal.ai\/wp-content\/uploads\/2024\/02\/india.png","contentUrl":"https:\/\/talkpal.ai\/wp-content\/uploads\/2024\/02\/india.png","width":517,"height":517,"caption":"TalkPal Indian Flag"},{"@type":"BreadcrumbList","@id":"https:\/\/talkpal.ai\/ro\/gramatica-hindi\/#breadcrumb","itemListElement":[{"@type":"ListItem","position":1,"name":"Homepage","item":"https:\/\/talkpal.ai\/ro\/"},{"@type":"ListItem","position":2,"name":"Gramatica hindi"}]},{"@type":"WebSite","@id":"https:\/\/talkpal.ai\/ro\/#website","url":"https:\/\/talkpal.ai\/ro\/","name":"Talkpal","description":"AI Language Learning","publisher":{"@id":"https:\/\/talkpal.ai\/ro\/#organization"},"alternateName":"Talkpal AI","potentialAction":[{"@type":"SearchAction","target":{"@type":"EntryPoint","urlTemplate":"https:\/\/talkpal.ai\/ro\/?s={search_term_string}"},"query-input":{"@type":"PropertyValueSpecification","valueRequired":true,"valueName":"search_term_string"}}],"inLanguage":"ro-RO"},{"@type":"Organization","@id":"https:\/\/talkpal.ai\/ro\/#organization","name":"Talkpal, Inc.","alternateName":"Talkpal AI","url":"https:\/\/talkpal.ai\/ro\/","logo":{"@type":"ImageObject","inLanguage":"ro-RO","@id":"https:\/\/talkpal.ai\/ro\/#\/schema\/logo\/image\/","url":"https:\/\/talkpal.ai\/wp-content\/uploads\/2024\/03\/Talkpal-Logo-Icon.png","contentUrl":"https:\/\/talkpal.ai\/wp-content\/uploads\/2024\/03\/Talkpal-Logo-Icon.png","width":2880,"height":2880,"caption":"Talkpal, Inc."},"image":{"@id":"https:\/\/talkpal.ai\/ro\/#\/schema\/logo\/image\/"},"sameAs":["https:\/\/www.facebook.com\/profile.php?id=100090733639311","https:\/\/x.com\/talkpalai","https:\/\/www.linkedin.com\/company\/talkpal\/","https:\/\/www.youtube.com\/@TalkPal\/","https:\/\/www.tiktok.com\/@talkpal","https:\/\/www.instagram.com\/talkpal_ai\/","https:\/\/www.crunchbase.com\/organization\/talkpal-9cde","https:\/\/www.g2.com\/products\/talkpal-for-business\/","https:\/\/www.trustpilot.com\/review\/talkpal.ai","https:\/\/www.capterra.com\/p\/10006800\/TalkPal\/"],"description":"Talkpal is a language learning web and mobile education app, powered by the latest AI technologies, that provides engaging experiences to its customers in many different languages to help them improve their language skills. Users can chat about unlimited amount of topics with the app and use other modes to practice their language learning.","email":"support@talkpal.ai","legalName":"Talkpal, Inc.","foundingDate":"2023-04-03","duns":"118989042","numberOfEmployees":{"@type":"QuantitativeValue","minValue":"11","maxValue":"50"},"publishingPrinciples":"https:\/\/talkpal.ai\/publishing-principles\/","actionableFeedbackPolicy":"https:\/\/talkpal.ai\/actionable-feedback-policy\/","correctionsPolicy":"https:\/\/talkpal.ai\/corrections-policy\/","ethicsPolicy":"https:\/\/talkpal.ai\/ethics-policy\/","diversityPolicy":"https:\/\/talkpal.ai\/diversity-policy\/","diversityStaffingReport":"https:\/\/talkpal.ai\/diversity-policy\/"}]}},"_links":{"self":[{"href":"https:\/\/talkpal.ai\/ro\/wp-json\/wp\/v2\/pages\/129434","targetHints":{"allow":["GET"]}}],"collection":[{"href":"https:\/\/talkpal.ai\/ro\/wp-json\/wp\/v2\/pages"}],"about":[{"href":"https:\/\/talkpal.ai\/ro\/wp-json\/wp\/v2\/types\/page"}],"author":[{"embeddable":true,"href":"https:\/\/talkpal.ai\/ro\/wp-json\/wp\/v2\/users\/1"}],"replies":[{"embeddable":true,"href":"https:\/\/talkpal.ai\/ro\/wp-json\/wp\/v2\/comments?post=129434"}],"version-history":[{"count":0,"href":"https:\/\/talkpal.ai\/ro\/wp-json\/wp\/v2\/pages\/129434\/revisions"}],"wp:featuredmedia":[{"embeddable":true,"href":"https:\/\/talkpal.ai\/ro\/wp-json\/wp\/v2\/media\/188227"}],"wp:attachment":[{"href":"https:\/\/talkpal.ai\/ro\/wp-json\/wp\/v2\/media?parent=129434"}],"curies":[{"name":"wp","href":"https:\/\/api.w.org\/{rel}","templated":true}]}}