{"id":129090,"date":"2023-05-14T13:50:21","date_gmt":"2023-05-14T13:50:21","guid":{"rendered":"http:\/\/talkpal.ai\/gramatica-finlandeza\/"},"modified":"2025-12-11T17:06:14","modified_gmt":"2025-12-11T17:06:14","slug":"gramatica-finlandeza","status":"publish","type":"page","link":"https:\/\/talkpal.ai\/ro\/gramatica-finlandeza\/","title":{"rendered":"Gramatica finlandez\u0103"},"content":{"rendered":"\r\n\r\n\r\n<section class=\"languageChallengeSection\">\r\n    <div class=\"languageInfoWrapper\">\r\n        \r\n        <h1>Gramatica finlandez\u0103<\/h1>\r\n        <p>Sunte\u021bi gata s\u0103 descoperi\u021bi secretele limbii finlandeze? P\u0103trunde\u021bi \u00een <a href=\"https:\/\/talkpal.ai\/finnish-grammar\/\">gramatica finlandez\u0103<\/a>, renumit\u0103 pentru structura sa logic\u0103, armonia vocalelor \u0219i o gam\u0103 impresionant\u0103 de cazuri. \u00cencepe\u021bi s\u0103 \u00eenv\u0103\u021ba\u021bi ast\u0103zi &#8211; st\u0103p\u00e2nirea gramaticii finlandeze v\u0103 va oferi \u00eencrederea de a vorbi \u0219i de a stabili leg\u0103turi, deschiz\u00e2ndu-v\u0103 \u00een acela\u0219i timp u\u0219a c\u0103tre cultura \u0219i tradi\u021biile bogate ale Finlandei!<\/p>\r\n\r\n                            <a class=\"getStartedHidden\" href=\"https:\/\/app.talkpal.ai\/ro\/signup?lng=\">\u00cencepe<\/a>\r\n        \r\n    <\/div>\r\n\r\n    <figure>\r\n    <img decoding=\"async\" width=\"768\" height=\"768\" src=\"https:\/\/talkpal.ai\/wp-content\/uploads\/2023\/06\/Finnish-768x768.png\" class=\"languageImage no-lazy\" alt=\"Develop your language aptitude learning\" fetchpriority=\"high\" sizes=\"(max-width: 768px) 150px, 768px\" srcset=\"https:\/\/talkpal.ai\/wp-content\/uploads\/2023\/06\/Finnish-768x768.png 768w, https:\/\/talkpal.ai\/wp-content\/uploads\/2023\/06\/Finnish-300x300.png 300w\" \/>\r\n    \r\n\r\n    <\/figure>\r\n\r\n            <a class=\"getStartedVisible\" href=\"https:\/\/app.talkpal.ai\/ro\/signup?lng=\">\u00cencepe<\/a>\r\n    \r\n<\/section>\r\n<section class=\"promotionalBanner\">\r\n    <p class=\"promotionalText\">Cel mai eficient mod de a \u00eenv\u0103\u021ba o limb\u0103<\/p>\r\n    <a class=\"promotionalLink\" href=\"https:\/\/app.talkpal.ai\/ro\/signup?lng=\">\u00cencerca\u021bi Talkpal gratuit<\/a>\r\n<\/section>\n<div class=\"wp-block-group pageContainerStyle\"><div class=\"wp-block-group__inner-container is-layout-constrained wp-block-group-is-layout-constrained\">\n<h2 class=\"wp-block-heading\" id=\"h-finnish-grammar-a-guide-to-mastering-the-complexities-of-the-finnish-language\">Gramatica finlandez\u0103: un ghid pentru st\u0103p\u00e2nirea complexit\u0103\u021bii limbii finlandeze<\/h2>\n\n\n\n<p>Finlandeza, o limb\u0103 unic\u0103 \u0219i fascinant\u0103 vorbit\u0103 de aproximativ 5 milioane de oameni, este cunoscut\u0103 pentru complexitatea \u0219i sistemul s\u0103u gramatical distinctiv. La prima vedere, regulile \u0219i structurile din <a href=\"https:\/\/talkpal.ai\/finnish-grammar\/\">gramatica finlandez\u0103<\/a> pot p\u0103rea descurajante, dar nu v\u0103 teme\u021bi! Cu r\u0103bdare, practic\u0103 \u0219i \u00eendrumare, pute\u021bi dezv\u0103lui misterele gramaticii finlandeze \u0219i v\u0103 pute\u021bi \u00eembun\u0103t\u0103\u021bi abilit\u0103\u021bile lingvistice. \u00cen acest articol, v\u0103 vom oferi o prezentare general\u0103 a gramaticii finlandeze \u0219i v\u0103 vom da c\u00e2teva sfaturi pentru a v\u0103 u\u0219ura procesul de \u00eenv\u0103\u021bare.<\/p>\n\n\n\n<h3 class=\"wp-block-heading\" id=\"h-the-basics-of-finnish-grammar\">Bazele gramaticii finlandeze:<\/h3>\n\n\n\n<p>Gramatica <a href=\"https:\/\/talkpal.ai\/learn-finnish\/\">finlandez\u0103<\/a>, destul de diferit\u0103 de gramatica <a href=\"https:\/\/talkpal.ai\/learn-english-with-ai\/\">englez\u0103<\/a>, se caracterizeaz\u0103 prin utilizarea bogat\u0103 a cazurilor, lipsa genului gramatical \u0219i sistemul unic de conjugare a verbelor. Iat\u0103 c\u00e2teva aspecte esen\u021biale ale gramaticii finlandeze <a href=\"https:\/\/talkpal.ai\/culture\/how-do-i-use-pe-care-correctly\/\">pe care<\/a> ar trebui s\u0103 le cunoa\u0219te\u021bi:<\/p>\n\n\n\n<p>1. Cazuri substantivale: finlandeza are 15 cazuri <strong>substantivale<\/strong>, ceea ce denot\u0103 rela\u021bia dintre un substantiv \u0219i al\u021bi constituen\u021bi <a href=\"https:\/\/talkpal.ai\/speaking-with-ai\/\">ai<\/a> unei propozi\u021bii. Fiecare caz substantival are o termina\u021bie specific\u0103 care se ata\u0219eaz\u0103 la tulpina substantivului. C\u00e2teva exemple de cazuri substantivale includ nominativ, genitiv, acuzativ \u0219i partitiv.<\/p>\n\n\n\n<p><strong>2. F\u0103r\u0103 gen gramatical:<\/strong> Spre deosebire de multe limbi, finlandeza nu atribuie gen substantivelor. \u00cen schimb, limba folose\u0219te un singur cuv\u00e2nt &#8211; h\u00e4n &#8211; pentru a se referi at\u00e2t la &#8222;el&#8221;, c\u00e2t \u0219i la &#8222;ea&#8221;. Aceast\u0103 caracteristic\u0103 simplific\u0103 procesul de \u00eenv\u0103\u021bare a limbii finlandeze \u0219i elimin\u0103 necesitatea de a memora articolele sau formele pronumelor \u00een func\u021bie de gen.<\/p>\n\n\n\n<p><strong>3. Conjugarea verbelor:<\/strong> Verbele finlandeze sunt conjugate pe baza timpului, dispozi\u021biei \u0219i vocii. Exist\u0103 patru timpuri verbale \u00een finlandez\u0103: prezent, trecut, perfect \u0219i pluperfect. \u00cen plus, verbele finlandeze au cinci st\u0103ri: indicativ, condi\u021bionat, poten\u021bial, <a href=\"https:\/\/talkpal.ai\/ja\/grammar_exercises\/imperatif-%e3%83%95%e3%83%a9%e3%83%b3%e3%82%b9%e3%81%ae%e6%96%87%e6%b3%95%e3%81%ae%e3%81%9f%e3%82%81%e3%81%ae%e6%bc%94%e7%bf%92\/\">imperativ<\/a> \u0219i eventiv.<\/p>\n\n\n\n<p><strong>4. Armonia<\/strong> vocalelor: \u00cen finlandez\u0103, vocalele sunt \u00eemp\u0103r\u021bite \u00een trei grupe: fa\u021b\u0103 (\u00e4, \u00f6, y), spate (a, o, u) \u0219i neutru (i, e). Datorit\u0103 armoniei vocalelor, vocalele din fa\u021b\u0103 \u0219i din spate nu pot ap\u0103rea \u00een acela\u0219i cuv\u00e2nt, cu excep\u021bia cuvintelor compuse \u0219i a unor cuvinte \u00eemprumutate.<\/p>\n\n\n\n<h3 class=\"wp-block-heading\" id=\"h-strategies-for-learning-finnish-grammar\">Strategii pentru \u00eenv\u0103\u021barea gramaticii finlandeze:<\/h3>\n\n\n\n<p>\u00cen\u021belegerea gramaticii finlandeze poate p\u0103rea cople\u0219itoare, dar cu o mentalitate \u0219i strategii de \u00eenv\u0103\u021bare corecte, ve\u021bi reu\u0219i s\u0103 v\u0103 obi\u0219nui\u021bi cu ea. Iat\u0103 c\u00e2teva sfaturi utile pentru a v\u0103 ghida studiul:<\/p>\n\n\n\n<p><strong>1. Face\u021bi pa\u0219i mici:<\/strong> \u00cencepe\u021bi cu elementele de baz\u0103 ale gramaticii finlandeze, cum ar fi cazurile substantivale \u0219i conjugarea verbelor. Prin \u00eemp\u0103r\u021birea regulilor complexe \u00een buc\u0103\u021bi mai mici, u\u0219or de digerat, ve\u021bi putea progresa \u00een mod constant \u0219i ve\u021bi putea construi o baz\u0103 solid\u0103.<\/p>\n\n\n\n<p><strong>2. Exerseaz\u0103 \u00een mod regulat:<\/strong> Consecven\u021ba este esen\u021bial\u0103 atunci c\u00e2nd \u00eenve\u021bi o limb\u0103. Aloca\u021bi timp \u00een fiecare zi sau s\u0103pt\u0103m\u00e2n\u0103 pentru a practica gramatica prin exerci\u021bii, citire \u0219i scriere \u00een finlandez\u0103.<\/p>\n\n\n\n<p><strong>3. Utiliza\u021bi resurse<\/strong> native: Pentru a \u00een\u021belege mai bine gramatica finlandez\u0103 \u00een context, scufunda\u021bi-v\u0103 \u00een materiale native, cum ar fi literatur\u0103, articole de \u0219tiri \u0219i podcast-uri. Acest lucru v\u0103 va ajuta s\u0103 internaliza\u021bi regulile \u0219i s\u0103 v\u0103 \u00eembun\u0103t\u0103\u021bi\u021bi abilit\u0103\u021bile de ascultare \u0219i citire.<\/p>\n\n\n\n<p>4. Conecta\u021bi-v\u0103 cu vorbitori nativi: Angajarea <strong>\u00eentr-o conversa\u021bie cu vorbitori nativi finlandezi<\/strong> este o modalitate excelent\u0103 de a practica gramatica \u0219i de a primi feedback valoros. Lua\u021bi \u00een considerare aderarea la grupuri de schimb lingvistic sau forumuri online unde v\u0103 pute\u021bi conecta cu persoane care vorbesc finlandez\u0103.<\/p>\n\n\n\n<p><strong>5. Fi\u021bi r\u0103bd\u0103tor \u0219i perseverent:<\/strong> \u00cenv\u0103\u021barea gramaticii finlandeze este o c\u0103l\u0103torie plin\u0103 de provoc\u0103ri, dar cu r\u0103bdare \u0219i dedicare, \u00eei ve\u021bi deslu\u0219i complexitatea \u0219i ve\u021bi deveni competent \u00een aceast\u0103 limb\u0103.<\/p>\n\n\n\n<h3 class=\"wp-block-heading\" id=\"h-conclusion\">Concluzie:<\/h3>\n\n\n\n<p>Lumea gramaticii finlandeze, de\u0219i complex\u0103, este una interesant\u0103 care poate fi deslu\u0219it\u0103 prin determinare \u0219i practic\u0103. Familiariz\u00e2ndu-v\u0103 cu elementele de baz\u0103 ale gramaticii finlandeze \u0219i urm\u00e2nd strategiile noastre de \u00eenv\u0103\u021bare, ve\u021bi deschide calea c\u0103tre fluen\u021b\u0103 \u0219i o apreciere mai profund\u0103 a acestei limbi captivante. A\u0219adar, p\u0103trunde\u021bi \u00een complexitatea gramaticii finlandeze cu o mentalitate pozitiv\u0103 \u0219i, \u00eenainte de a v\u0103 da seama, ve\u021bi naviga cu \u00eencredere \u00een peisajul lingvistic al limbii suomi!<\/p>\n<\/div><\/div>\n\r\n<section class=\"learnNavigationSection\">\r\n            \r\n        <a href=\"https:\/\/talkpal.ai\/ro\/invata-finlandeza\/\">\r\n            <div class=\"learnNavigationWrapper\">\r\n                <div class=\"learnNavigationContent\">\r\n                    <img decoding=\"async\" src=\"https:\/\/talkpal.ai\/wp-content\/uploads\/2024\/08\/Finnish.jpg\" alt=\"Finnish Flag\">\r\n                    <div>\r\n                        <h4>Despre \u00eenv\u0103\u021barea finlandez\u0103<\/h4>\r\n                        <p>Afla\u021bi totul despre gramatica finlandez\u0103.<\/p>\r\n                    <\/div>\r\n                <\/div>\r\n            <\/div>\r\n        <\/a>\r\n\r\n        \r\n        <a href=\"https:\/\/talkpal.ai\/ro\/exercitii-de-gramatica-finlandeza\/\">\r\n            <div class=\"learnNavigationWrapper\">\r\n                <div class=\"learnNavigationContent\">\r\n                    <img decoding=\"async\" src=\"https:\/\/talkpal.ai\/wp-content\/uploads\/2024\/08\/Finnish.jpg\" alt=\"Finnish Flag\">\r\n                    <div>\r\n                        <h4>Exerci\u021biu de gramatic\u0103 finlandez\u0103<\/h4>\r\n                        <p>Exersa\u021bi gramatica finlandez\u0103.<\/p>\r\n                    <\/div>\r\n                <\/div>\r\n            <\/div>\r\n        <\/a>\r\n\r\n        \r\n        <a href=\"https:\/\/talkpal.ai\/vocabulary_language\/finnish\/\">\r\n            <div class=\"learnNavigationWrapper\">\r\n                <div class=\"learnNavigationContent\">\r\n                    <img decoding=\"async\" src=\"https:\/\/talkpal.ai\/wp-content\/uploads\/2024\/08\/Finnish.jpg\" alt=\"Finnish Flag\">\r\n                    <div>\r\n                        <h4>Vocabular finlandez<\/h4>\r\n                        <p>Extinde\u021bi-v\u0103 vocabularul finlandez.<\/p>\r\n                    <\/div>\r\n                <\/div>\r\n            <\/div>\r\n        <\/a>\r\n\r\n            <\/section>","protected":false},"excerpt":{"rendered":"<p>Gramatica finlandez\u0103: un ghid pentru st\u0103p\u00e2nirea complexit\u0103\u021bii limbii finlandeze Finlandeza, o limb\u0103 unic\u0103 \u0219i fascinant\u0103 vorbit\u0103 de aproximativ 5 milioane de oameni, este cunoscut\u0103 pentru complexitatea \u0219i sistemul s\u0103u gramatical distinctiv. La prima vedere, regulile \u0219i structurile din gramatica finlandez\u0103 pot p\u0103rea descurajante, dar nu v\u0103 teme\u021bi! Cu r\u0103bdare, practic\u0103 \u0219i \u00eendrumare, pute\u021bi dezv\u0103lui misterele [&hellip;]<\/p>\n","protected":false},"author":1,"featured_media":106781,"parent":0,"menu_order":0,"comment_status":"closed","ping_status":"closed","template":"LearningContentPage.php","meta":{"_acf_changed":false,"footnotes":""},"class_list":["post-129090","page","type-page","status-publish","has-post-thumbnail","hentry"],"acf":[],"yoast_head":"<!-- This site is optimized with the Yoast SEO Premium plugin v27.2 (Yoast SEO v27.2) - https:\/\/yoast.com\/product\/yoast-seo-premium-wordpress\/ -->\n<title>Gramatica finlandez\u0103 - Talkpal<\/title>\n<meta name=\"description\" content=\"\u00cenv\u0103\u021ba\u021bi aspectele esen\u021biale ale gramaticii finlandeze, inclusiv cazurile, verbele, structura propozi\u021biilor \u0219i sfaturi de pronun\u021bie pentru a st\u0103p\u00e2ni limba finlandez\u0103.\" \/>\n<meta name=\"robots\" content=\"index, follow, max-snippet:-1, max-image-preview:large, max-video-preview:-1\" \/>\n<link rel=\"canonical\" href=\"https:\/\/talkpal.ai\/ro\/gramatica-finlandeza\/\" \/>\n<meta property=\"og:locale\" content=\"ro_RO\" \/>\n<meta property=\"og:type\" content=\"article\" \/>\n<meta property=\"og:title\" content=\"Gramatica finlandez\u0103\" \/>\n<meta property=\"og:description\" content=\"Gramatica finlandez\u0103: un ghid pentru st\u0103p\u00e2nirea complexit\u0103\u021bii limbii finlandeze Finlandeza, o limb\u0103 unic\u0103 \u0219i fascinant\u0103 vorbit\u0103 de aproximativ 5 milioane\" \/>\n<meta property=\"og:url\" content=\"https:\/\/talkpal.ai\/ro\/gramatica-finlandeza\/\" \/>\n<meta property=\"og:site_name\" content=\"Talkpal\" \/>\n<meta property=\"article:publisher\" content=\"https:\/\/www.facebook.com\/profile.php?id=100090733639311\" \/>\n<meta property=\"article:modified_time\" content=\"2025-12-11T17:06:14+00:00\" \/>\n<meta property=\"og:image\" content=\"https:\/\/talkpal.ai\/wp-content\/uploads\/2023\/04\/finland.png\" \/>\n\t<meta property=\"og:image:width\" content=\"512\" \/>\n\t<meta property=\"og:image:height\" content=\"512\" \/>\n\t<meta property=\"og:image:type\" content=\"image\/png\" \/>\n<meta name=\"twitter:card\" content=\"summary_large_image\" \/>\n<meta name=\"twitter:site\" content=\"@talkpalai\" \/>\n<meta name=\"twitter:label1\" content=\"Timp estimat pentru citire\" \/>\n\t<meta name=\"twitter:data1\" content=\"4 minute\" \/>\n<script type=\"application\/ld+json\" class=\"yoast-schema-graph\">{\"@context\":\"https:\/\/schema.org\",\"@graph\":[{\"@type\":\"WebPage\",\"@id\":\"https:\/\/talkpal.ai\/ro\/gramatica-finlandeza\/\",\"url\":\"https:\/\/talkpal.ai\/ro\/gramatica-finlandeza\/\",\"name\":\"Gramatica finlandez\u0103 - Talkpal\",\"isPartOf\":{\"@id\":\"https:\/\/talkpal.ai\/ro\/#website\"},\"primaryImageOfPage\":{\"@id\":\"https:\/\/talkpal.ai\/ro\/gramatica-finlandeza\/#primaryimage\"},\"image\":{\"@id\":\"https:\/\/talkpal.ai\/ro\/gramatica-finlandeza\/#primaryimage\"},\"thumbnailUrl\":\"https:\/\/talkpal.ai\/wp-content\/uploads\/2023\/04\/finland.png\",\"datePublished\":\"2023-05-14T13:50:21+00:00\",\"dateModified\":\"2025-12-11T17:06:14+00:00\",\"description\":\"\u00cenv\u0103\u021ba\u021bi aspectele esen\u021biale ale gramaticii finlandeze, inclusiv cazurile, verbele, structura propozi\u021biilor \u0219i sfaturi de pronun\u021bie pentru a st\u0103p\u00e2ni limba finlandez\u0103.\",\"breadcrumb\":{\"@id\":\"https:\/\/talkpal.ai\/ro\/gramatica-finlandeza\/#breadcrumb\"},\"inLanguage\":\"ro-RO\",\"potentialAction\":[{\"@type\":\"ReadAction\",\"target\":[\"https:\/\/talkpal.ai\/ro\/gramatica-finlandeza\/\"]}]},{\"@type\":\"ImageObject\",\"inLanguage\":\"ro-RO\",\"@id\":\"https:\/\/talkpal.ai\/ro\/gramatica-finlandeza\/#primaryimage\",\"url\":\"https:\/\/talkpal.ai\/wp-content\/uploads\/2023\/04\/finland.png\",\"contentUrl\":\"https:\/\/talkpal.ai\/wp-content\/uploads\/2023\/04\/finland.png\",\"width\":512,\"height\":512,\"caption\":\"TalkPal finland Flag\"},{\"@type\":\"BreadcrumbList\",\"@id\":\"https:\/\/talkpal.ai\/ro\/gramatica-finlandeza\/#breadcrumb\",\"itemListElement\":[{\"@type\":\"ListItem\",\"position\":1,\"name\":\"Homepage\",\"item\":\"https:\/\/talkpal.ai\/ro\/\"},{\"@type\":\"ListItem\",\"position\":2,\"name\":\"Gramatica finlandez\u0103\"}]},{\"@type\":\"WebSite\",\"@id\":\"https:\/\/talkpal.ai\/ro\/#website\",\"url\":\"https:\/\/talkpal.ai\/ro\/\",\"name\":\"Talkpal\",\"description\":\"AI Language Learning\",\"publisher\":{\"@id\":\"https:\/\/talkpal.ai\/ro\/#organization\"},\"alternateName\":\"Talkpal AI\",\"potentialAction\":[{\"@type\":\"SearchAction\",\"target\":{\"@type\":\"EntryPoint\",\"urlTemplate\":\"https:\/\/talkpal.ai\/ro\/?s={search_term_string}\"},\"query-input\":{\"@type\":\"PropertyValueSpecification\",\"valueRequired\":true,\"valueName\":\"search_term_string\"}}],\"inLanguage\":\"ro-RO\"},{\"@type\":\"Organization\",\"@id\":\"https:\/\/talkpal.ai\/ro\/#organization\",\"name\":\"Talkpal, Inc.\",\"alternateName\":\"Talkpal AI\",\"url\":\"https:\/\/talkpal.ai\/ro\/\",\"logo\":{\"@type\":\"ImageObject\",\"inLanguage\":\"ro-RO\",\"@id\":\"https:\/\/talkpal.ai\/ro\/#\/schema\/logo\/image\/\",\"url\":\"https:\/\/talkpal.ai\/wp-content\/uploads\/2024\/03\/Talkpal-Logo-Icon.png\",\"contentUrl\":\"https:\/\/talkpal.ai\/wp-content\/uploads\/2024\/03\/Talkpal-Logo-Icon.png\",\"width\":2880,\"height\":2880,\"caption\":\"Talkpal, Inc.\"},\"image\":{\"@id\":\"https:\/\/talkpal.ai\/ro\/#\/schema\/logo\/image\/\"},\"sameAs\":[\"https:\/\/www.facebook.com\/profile.php?id=100090733639311\",\"https:\/\/x.com\/talkpalai\",\"https:\/\/www.linkedin.com\/company\/talkpal\/\",\"https:\/\/www.youtube.com\/@TalkPal\/\",\"https:\/\/www.tiktok.com\/@talkpal\",\"https:\/\/www.instagram.com\/talkpal_ai\/\",\"https:\/\/www.crunchbase.com\/organization\/talkpal-9cde\",\"https:\/\/www.g2.com\/products\/talkpal-for-business\/\",\"https:\/\/www.trustpilot.com\/review\/talkpal.ai\",\"https:\/\/www.capterra.com\/p\/10006800\/TalkPal\/\"],\"description\":\"Talkpal is a language learning web and mobile education app, powered by the latest AI technologies, that provides engaging experiences to its customers in many different languages to help them improve their language skills. Users can chat about unlimited amount of topics with the app and use other modes to practice their language learning.\",\"email\":\"support@talkpal.ai\",\"legalName\":\"Talkpal, Inc.\",\"foundingDate\":\"2023-04-03\",\"duns\":\"118989042\",\"numberOfEmployees\":{\"@type\":\"QuantitativeValue\",\"minValue\":\"11\",\"maxValue\":\"50\"},\"publishingPrinciples\":\"https:\/\/talkpal.ai\/publishing-principles\/\",\"actionableFeedbackPolicy\":\"https:\/\/talkpal.ai\/actionable-feedback-policy\/\",\"correctionsPolicy\":\"https:\/\/talkpal.ai\/corrections-policy\/\",\"ethicsPolicy\":\"https:\/\/talkpal.ai\/ethics-policy\/\",\"diversityPolicy\":\"https:\/\/talkpal.ai\/diversity-policy\/\",\"diversityStaffingReport\":\"https:\/\/talkpal.ai\/diversity-policy\/\"}]}<\/script>\n<!-- \/ Yoast SEO Premium plugin. -->","yoast_head_json":{"title":"Gramatica finlandez\u0103 - Talkpal","description":"\u00cenv\u0103\u021ba\u021bi aspectele esen\u021biale ale gramaticii finlandeze, inclusiv cazurile, verbele, structura propozi\u021biilor \u0219i sfaturi de pronun\u021bie pentru a st\u0103p\u00e2ni limba finlandez\u0103.","robots":{"index":"index","follow":"follow","max-snippet":"max-snippet:-1","max-image-preview":"max-image-preview:large","max-video-preview":"max-video-preview:-1"},"canonical":"https:\/\/talkpal.ai\/ro\/gramatica-finlandeza\/","og_locale":"ro_RO","og_type":"article","og_title":"Gramatica finlandez\u0103","og_description":"Gramatica finlandez\u0103: un ghid pentru st\u0103p\u00e2nirea complexit\u0103\u021bii limbii finlandeze Finlandeza, o limb\u0103 unic\u0103 \u0219i fascinant\u0103 vorbit\u0103 de aproximativ 5 milioane","og_url":"https:\/\/talkpal.ai\/ro\/gramatica-finlandeza\/","og_site_name":"Talkpal","article_publisher":"https:\/\/www.facebook.com\/profile.php?id=100090733639311","article_modified_time":"2025-12-11T17:06:14+00:00","og_image":[{"width":512,"height":512,"url":"https:\/\/talkpal.ai\/wp-content\/uploads\/2023\/04\/finland.png","type":"image\/png"}],"twitter_card":"summary_large_image","twitter_site":"@talkpalai","twitter_misc":{"Timp estimat pentru citire":"4 minute"},"schema":{"@context":"https:\/\/schema.org","@graph":[{"@type":"WebPage","@id":"https:\/\/talkpal.ai\/ro\/gramatica-finlandeza\/","url":"https:\/\/talkpal.ai\/ro\/gramatica-finlandeza\/","name":"Gramatica finlandez\u0103 - Talkpal","isPartOf":{"@id":"https:\/\/talkpal.ai\/ro\/#website"},"primaryImageOfPage":{"@id":"https:\/\/talkpal.ai\/ro\/gramatica-finlandeza\/#primaryimage"},"image":{"@id":"https:\/\/talkpal.ai\/ro\/gramatica-finlandeza\/#primaryimage"},"thumbnailUrl":"https:\/\/talkpal.ai\/wp-content\/uploads\/2023\/04\/finland.png","datePublished":"2023-05-14T13:50:21+00:00","dateModified":"2025-12-11T17:06:14+00:00","description":"\u00cenv\u0103\u021ba\u021bi aspectele esen\u021biale ale gramaticii finlandeze, inclusiv cazurile, verbele, structura propozi\u021biilor \u0219i sfaturi de pronun\u021bie pentru a st\u0103p\u00e2ni limba finlandez\u0103.","breadcrumb":{"@id":"https:\/\/talkpal.ai\/ro\/gramatica-finlandeza\/#breadcrumb"},"inLanguage":"ro-RO","potentialAction":[{"@type":"ReadAction","target":["https:\/\/talkpal.ai\/ro\/gramatica-finlandeza\/"]}]},{"@type":"ImageObject","inLanguage":"ro-RO","@id":"https:\/\/talkpal.ai\/ro\/gramatica-finlandeza\/#primaryimage","url":"https:\/\/talkpal.ai\/wp-content\/uploads\/2023\/04\/finland.png","contentUrl":"https:\/\/talkpal.ai\/wp-content\/uploads\/2023\/04\/finland.png","width":512,"height":512,"caption":"TalkPal finland Flag"},{"@type":"BreadcrumbList","@id":"https:\/\/talkpal.ai\/ro\/gramatica-finlandeza\/#breadcrumb","itemListElement":[{"@type":"ListItem","position":1,"name":"Homepage","item":"https:\/\/talkpal.ai\/ro\/"},{"@type":"ListItem","position":2,"name":"Gramatica finlandez\u0103"}]},{"@type":"WebSite","@id":"https:\/\/talkpal.ai\/ro\/#website","url":"https:\/\/talkpal.ai\/ro\/","name":"Talkpal","description":"AI Language Learning","publisher":{"@id":"https:\/\/talkpal.ai\/ro\/#organization"},"alternateName":"Talkpal AI","potentialAction":[{"@type":"SearchAction","target":{"@type":"EntryPoint","urlTemplate":"https:\/\/talkpal.ai\/ro\/?s={search_term_string}"},"query-input":{"@type":"PropertyValueSpecification","valueRequired":true,"valueName":"search_term_string"}}],"inLanguage":"ro-RO"},{"@type":"Organization","@id":"https:\/\/talkpal.ai\/ro\/#organization","name":"Talkpal, Inc.","alternateName":"Talkpal AI","url":"https:\/\/talkpal.ai\/ro\/","logo":{"@type":"ImageObject","inLanguage":"ro-RO","@id":"https:\/\/talkpal.ai\/ro\/#\/schema\/logo\/image\/","url":"https:\/\/talkpal.ai\/wp-content\/uploads\/2024\/03\/Talkpal-Logo-Icon.png","contentUrl":"https:\/\/talkpal.ai\/wp-content\/uploads\/2024\/03\/Talkpal-Logo-Icon.png","width":2880,"height":2880,"caption":"Talkpal, Inc."},"image":{"@id":"https:\/\/talkpal.ai\/ro\/#\/schema\/logo\/image\/"},"sameAs":["https:\/\/www.facebook.com\/profile.php?id=100090733639311","https:\/\/x.com\/talkpalai","https:\/\/www.linkedin.com\/company\/talkpal\/","https:\/\/www.youtube.com\/@TalkPal\/","https:\/\/www.tiktok.com\/@talkpal","https:\/\/www.instagram.com\/talkpal_ai\/","https:\/\/www.crunchbase.com\/organization\/talkpal-9cde","https:\/\/www.g2.com\/products\/talkpal-for-business\/","https:\/\/www.trustpilot.com\/review\/talkpal.ai","https:\/\/www.capterra.com\/p\/10006800\/TalkPal\/"],"description":"Talkpal is a language learning web and mobile education app, powered by the latest AI technologies, that provides engaging experiences to its customers in many different languages to help them improve their language skills. Users can chat about unlimited amount of topics with the app and use other modes to practice their language learning.","email":"support@talkpal.ai","legalName":"Talkpal, Inc.","foundingDate":"2023-04-03","duns":"118989042","numberOfEmployees":{"@type":"QuantitativeValue","minValue":"11","maxValue":"50"},"publishingPrinciples":"https:\/\/talkpal.ai\/publishing-principles\/","actionableFeedbackPolicy":"https:\/\/talkpal.ai\/actionable-feedback-policy\/","correctionsPolicy":"https:\/\/talkpal.ai\/corrections-policy\/","ethicsPolicy":"https:\/\/talkpal.ai\/ethics-policy\/","diversityPolicy":"https:\/\/talkpal.ai\/diversity-policy\/","diversityStaffingReport":"https:\/\/talkpal.ai\/diversity-policy\/"}]}},"_links":{"self":[{"href":"https:\/\/talkpal.ai\/ro\/wp-json\/wp\/v2\/pages\/129090","targetHints":{"allow":["GET"]}}],"collection":[{"href":"https:\/\/talkpal.ai\/ro\/wp-json\/wp\/v2\/pages"}],"about":[{"href":"https:\/\/talkpal.ai\/ro\/wp-json\/wp\/v2\/types\/page"}],"author":[{"embeddable":true,"href":"https:\/\/talkpal.ai\/ro\/wp-json\/wp\/v2\/users\/1"}],"replies":[{"embeddable":true,"href":"https:\/\/talkpal.ai\/ro\/wp-json\/wp\/v2\/comments?post=129090"}],"version-history":[{"count":0,"href":"https:\/\/talkpal.ai\/ro\/wp-json\/wp\/v2\/pages\/129090\/revisions"}],"wp:featuredmedia":[{"embeddable":true,"href":"https:\/\/talkpal.ai\/ro\/wp-json\/wp\/v2\/media\/106781"}],"wp:attachment":[{"href":"https:\/\/talkpal.ai\/ro\/wp-json\/wp\/v2\/media?parent=129090"}],"curies":[{"name":"wp","href":"https:\/\/api.w.org\/{rel}","templated":true}]}}