{"id":128742,"date":"2023-05-14T13:49:38","date_gmt":"2023-05-14T13:49:38","guid":{"rendered":"http:\/\/talkpal.ai\/gramatica-olandeza\/"},"modified":"2025-12-11T17:02:53","modified_gmt":"2025-12-11T17:02:53","slug":"gramatica-olandeza","status":"publish","type":"page","link":"https:\/\/talkpal.ai\/ro\/gramatica-olandeza\/","title":{"rendered":"Gramatica olandez\u0103"},"content":{"rendered":"\r\n\r\n\r\n<section class=\"languageChallengeSection\">\r\n    <div class=\"languageInfoWrapper\">\r\n        \r\n        <h1>Gramatica olandez\u0103<\/h1>\r\n        <p>Explora\u021bi bazele limbii olandeze prin \u00eenv\u0103\u021barea regulilor gramaticale esen\u021biale. St\u0103p\u00e2nirea gramaticii olandeze v\u0103 va ajuta s\u0103 comunica\u021bi eficient \u0219i s\u0103 ob\u021bine\u021bi o \u00een\u021belegere mai profund\u0103 a culturii olandeze. \u00cencepe\u021bi ast\u0103zi s\u0103 \u00eenv\u0103\u021ba\u021bi <a href=\"https:\/\/talkpal.ai\/dutch-grammar\/\">gramatica olandez\u0103<\/a> \u0219i face\u021bi primul pas spre fluen\u021b\u0103!\n<\/p>\r\n\r\n                            <a class=\"getStartedHidden\" href=\"https:\/\/app.talkpal.ai\/ro\/signup?lng=\">\u00cencepe<\/a>\r\n        \r\n    <\/div>\r\n\r\n    <figure>\r\n    <img decoding=\"async\" width=\"768\" height=\"768\" src=\"https:\/\/talkpal.ai\/wp-content\/uploads\/2023\/06\/Dutch-768x768.png\" class=\"languageImage no-lazy\" alt=\"Developing skills through language learning\" fetchpriority=\"high\" sizes=\"(max-width: 768px) 150px, 768px\" srcset=\"https:\/\/talkpal.ai\/wp-content\/uploads\/2023\/06\/Dutch-768x768.png 768w, https:\/\/talkpal.ai\/wp-content\/uploads\/2023\/06\/Dutch-300x300.png 300w\" \/>\r\n    \r\n\r\n    <\/figure>\r\n\r\n            <a class=\"getStartedVisible\" href=\"https:\/\/app.talkpal.ai\/ro\/signup?lng=\">\u00cencepe<\/a>\r\n    \r\n<\/section>\r\n<section class=\"promotionalBanner\">\r\n    <p class=\"promotionalText\">Cel mai eficient mod de a \u00eenv\u0103\u021ba o limb\u0103<\/p>\r\n    <a class=\"promotionalLink\" href=\"https:\/\/app.talkpal.ai\/ro\/signup?lng=\">\u00cencerca\u021bi Talkpal gratuit<\/a>\r\n<\/section>\n<div class=\"wp-block-group pageContainerStyle\"><div class=\"wp-block-group__inner-container is-layout-constrained wp-block-group-is-layout-constrained\">\n<h2 class=\"wp-block-heading\" id=\"h-dutch-grammar-master-the-mechanics-of-the-dutch-language\">Gramatica olandez\u0103: st\u0103p\u00e2ne\u0219te mecanica limbii olandeze<\/h2>\n\n\n\n<p>Dac\u0103 a\u021bi f\u0103cut pasul de a \u00eenv\u0103\u021ba <a href=\"https:\/\/talkpal.ai\/learn-dutch\/\">olandez\u0103<\/a>, v\u0103 a\u0219teapt\u0103 o c\u0103l\u0103torie interesant\u0103! Cu peste 23 de milioane de vorbitori \u00een \u00eentreaga lume, olandeza este o limb\u0103 fantastic\u0103 pentru a v\u0103 sus\u021bine priceperea lingvistic\u0103 \u0219i pentru a v\u0103 l\u0103rgi orizonturile. Acum, s-ar putea s\u0103 fi auzit \u0219oapte despre complexitatea gramaticii olandeze, dar nu v\u0103 teme\u021bi! Acest articol este un ghid prietenos pentru \u00eencep\u0103tori, care va explica <a href=\"https:\/\/talkpal.ai\/dutch-grammar\/\">gramatica olandez\u0103<\/a> \u00eentr-un mod amuzant, dar cuprinz\u0103tor.<\/p>\n\n\n\n<h3 class=\"wp-block-heading\" id=\"h-1-the-pillar-of-dutch-grammar-word-order\">1. St\u00e2lpul gramaticii olandeze: ordinea cuvintelor<\/h3>\n\n\n\n<p>Gramatica olandez\u0103 se bazeaz\u0103 foarte mult pe ordinea cuvintelor. \u00cen general, aceasta urmeaz\u0103 o structur\u0103 de tip &#8222;subiect-verb-obiect&#8221;, asem\u0103n\u0103toare cu cea din limba <a href=\"https:\/\/talkpal.ai\/learn-english-with-ai\/\">englez\u0103<\/a>. Cu toate acestea, olandeza are o caracteristic\u0103 unic\u0103: ordinea cuvintelor Verb Second (V2). \u00centr-o propozi\u021bie cu mai mult de un verb, al doilea verb este \u00eempins p\u00e2n\u0103 la sf\u00e2r\u0219it. De exemplu:<\/p>\n\n\n\n<p><a href=\"https:\/\/talkpal.ai\/learn-english-with-ai\/\">Englez\u0103<\/a>: Trebuie s\u0103 lucrez ast\u0103zi.<\/p>\n\n\n\n<p>Olandez\u0103: Ik moet vandaag werken. (literal: &#8222;Ast\u0103zi trebuie s\u0103 muncesc.&#8221;)<\/p>\n\n\n\n<p>St\u0103p\u00e2nirea ordinii cuvintelor V2 este esen\u021bial\u0103 atunci c\u00e2nd \u00eenv\u0103\u021ba\u021bi gramatica olandez\u0103.<\/p>\n\n\n\n<h3 class=\"wp-block-heading\" id=\"h-2-get-to-know-your-articles\">2. Cunoa\u0219te\u021bi-v\u0103 articolele<\/h3>\n\n\n\n<p>Olandeza are dou\u0103 articole hot\u0103r\u00e2te (&#8222;de&#8221; \u0219i &#8222;het&#8221;) \u0219i un <a href=\"https:\/\/talkpal.ai\/culture\/what-is-the-indefinite-article-in-romanian\/\">articol nehot\u0103r\u00e2t<\/a> (&#8222;een&#8221;). Alegerea \u00eentre cele dou\u0103 articole hot\u0103r\u00e2te poate fi dificil\u0103, f\u0103r\u0103 o regul\u0103 clar\u0103 de urmat. Ca \u00eencep\u0103tor, <a href=\"https:\/\/talkpal.ai\/culture\/how-do-i-say-the-best-in-romanian\/\">cel mai bun<\/a> mod de a le \u00eenv\u0103\u021ba este prin practic\u0103 \u0219i context. De exemplu:<\/p>\n\n\n\n<p>De man &#8211; The man<\/p>\n\n\n\n<p>Het meisje &#8211; The girl<\/p>\n\n\n\n<p>Een hond &#8211; Un c\u00e2ine<\/p>\n\n\n\n<h3 class=\"wp-block-heading\" id=\"h-3-the-dance-of-dutch-conjugations\">3. Dansul conjug\u0103rilor olandeze<\/h3>\n\n\n\n<p>Ca \u0219i engleza, verbele olandeze \u00ee\u0219i schimb\u0103 forma pentru a transmite timpul \u0219i starea de spirit. \u00cen olandez\u0103, exist\u0103 trei grupuri principale de conjug\u0103ri ale verbelor: verbe slabe, verbe puternice \u0219i verbe neregulate.<\/p>\n\n\n\n<p>Verbele slabe urmeaz\u0103 reguli stabilite pentru conjugare, ceea ce le face destul de u\u0219or de \u00eenv\u0103\u021bat.  <\/p>\n\n\n\n<p>Exemplu (timpul prezent): Ik werk, jij werkt, hij\/zij\/u werkt, wij\/jullie\/zij werken<\/p>\n\n\n\n<p>Verbele puternice implic\u0103 schimb\u0103ri de vocale, adesea determin\u00e2nd elevii s\u0103 le memoreze individual.<\/p>\n\n\n\n<p>Exemplu (timpul prezent): Ik zing, jij zingt, hij\/zij\/u zingt, wij\/jullie\/zij zingen<\/p>\n\n\n\n<p>Verbele neregulate, dup\u0103 cum sugereaz\u0103 \u0219i numele lor, nu urmeaz\u0103 niciun model prestabilit de conjugare \u0219i trebuie \u00eenv\u0103\u021bate \u00een mod independent.<\/p>\n\n\n\n<p>Exemplu (timpul prezent): Ik ben, jij bent, hij\/zij\/u is, wij\/jullie\/zij zijn<\/p>\n\n\n\n<h3 class=\"wp-block-heading\" id=\"h-4-a-flair-for-pronouns\">4. Un fler pentru pronume<\/h3>\n\n\n\n<p>Pronumele din gramatica olandez\u0103 \u00eenlocuiesc substantivele \u0219i sunt esen\u021biale pentru a v\u0103 face vorbirea mai dinamic\u0103 \u0219i mai fluid\u0103. Exist\u0103 pronume personale, pronume posesive, pronume demonstrative \u0219i pronume reflexive. Ca \u00eencep\u0103tor, \u00een\u021belegerea pronumelor personale \u0219i posesive este crucial\u0103.<\/p>\n\n\n\n<p>Pronume personale: ik (I), jij\/je (tu), hij\/zij\/ze (el\/ea), wij\/noi (noi), jullie (voi to\u021bi), zij\/ze (ei)<\/p>\n\n\n\n<p>Pronume posesive: mijn (<a href=\"https:\/\/talkpal.ai\/culture\/can-i-use-al-meu-instead-of-the-enclitic-article\/\">al meu<\/a>), jouw\/je (al t\u0103u), zijn\/haar (al lui\/ei), ons\/onze (al nostru), jullie (al t\u0103u), hun\/hen (al lor)<\/p>\n\n\n\n<h3 class=\"wp-block-heading\" id=\"h-5-cases-no-more-mostly\">5. Nu mai exist\u0103 cazuri (\u00een cea mai mare parte)<\/h3>\n\n\n\n<p>Spre deosebire de german\u0103, olandeza nu mai folose\u0219te un sistem de cazuri \u00een via\u021ba de zi cu zi, oferind o oarecare u\u0219urare de blocajele lingvistice. Singura excep\u021bie este reprezentat\u0103 de variantele olandeze ale cuvintelor \u201ecine\u201d \u0219i \u201ecare\u201d (wie \u0219i, respectiv, wie) \u0219i de c\u00e2teva expresii fixe (cum ar fi te <a href=\"https:\/\/talkpal.ai\/locations\/learn-english-in-allen\/\">allen<\/a> tijde, care \u00eenseamn\u0103 \u201e\u00een orice moment\u201d).  <\/p>\n\n\n\n<p>Felicit\u0103ri! A\u021bi f\u0103cut primii pa\u0219i pentru a st\u0103p\u00e2ni gramatica olandez\u0103. Nu uita\u021bi c\u0103 practica este esen\u021bial\u0103, a\u0219a c\u0103 nu ezita\u021bi s\u0103 aprofunda\u021bi, s\u0103 comunica\u021bi cu vorbitori nativi \u0219i s\u0103 v\u0103 construi\u021bi o baz\u0103 solid\u0103. Veel succes! (Mult noroc!)<\/p>\n<\/div><\/div>\n\r\n<section class=\"learnNavigationSection\">\r\n            \r\n        <a href=\"https:\/\/talkpal.ai\/ro\/invata-olandeza\/\">\r\n            <div class=\"learnNavigationWrapper\">\r\n                <div class=\"learnNavigationContent\">\r\n                    <img decoding=\"async\" src=\"https:\/\/talkpal.ai\/wp-content\/uploads\/2024\/08\/Dutch.jpg\" alt=\"Netherlands Flag\">\r\n                    <div>\r\n                        <h4>Despre Dutch Learning<\/h4>\r\n                        <p>Afla\u021bi totul despre gramatica olandez\u0103.<\/p>\r\n                    <\/div>\r\n                <\/div>\r\n            <\/div>\r\n        <\/a>\r\n\r\n        \r\n        <a href=\"https:\/\/talkpal.ai\/ro\/exercitii-de-gramatica-olandeza\/\">\r\n            <div class=\"learnNavigationWrapper\">\r\n                <div class=\"learnNavigationContent\">\r\n                    <img decoding=\"async\" src=\"https:\/\/talkpal.ai\/wp-content\/uploads\/2024\/08\/Dutch.jpg\" alt=\"Netherlands Flag\">\r\n                    <div>\r\n                        <h4>Exerci\u021biu de gramatic\u0103 olandez\u0103<\/h4>\r\n                        <p>Exersa\u021bi gramatica olandez\u0103.<\/p>\r\n                    <\/div>\r\n                <\/div>\r\n            <\/div>\r\n        <\/a>\r\n\r\n        \r\n        <a href=\"https:\/\/talkpal.ai\/vocabulary_language\/dutch\/\">\r\n            <div class=\"learnNavigationWrapper\">\r\n                <div class=\"learnNavigationContent\">\r\n                    <img decoding=\"async\" src=\"https:\/\/talkpal.ai\/wp-content\/uploads\/2024\/08\/Dutch.jpg\" alt=\"Netherlands Flag\">\r\n                    <div>\r\n                        <h4>Vocabularul olandez<\/h4>\r\n                        <p>Extinde\u021bi-v\u0103 vocabularul olandez.<\/p>\r\n                    <\/div>\r\n                <\/div>\r\n            <\/div>\r\n        <\/a>\r\n\r\n            <\/section>","protected":false},"excerpt":{"rendered":"<p>Gramatica olandez\u0103: st\u0103p\u00e2ne\u0219te mecanica limbii olandeze Dac\u0103 a\u021bi f\u0103cut pasul de a \u00eenv\u0103\u021ba olandez\u0103, v\u0103 a\u0219teapt\u0103 o c\u0103l\u0103torie interesant\u0103! Cu peste 23 de milioane de vorbitori \u00een \u00eentreaga lume, olandeza este o limb\u0103 fantastic\u0103 pentru a v\u0103 sus\u021bine priceperea lingvistic\u0103 \u0219i pentru a v\u0103 l\u0103rgi orizonturile. Acum, s-ar putea s\u0103 fi auzit \u0219oapte despre complexitatea [&hellip;]<\/p>\n","protected":false},"author":1,"featured_media":106478,"parent":0,"menu_order":0,"comment_status":"closed","ping_status":"closed","template":"LearningContentPage.php","meta":{"_acf_changed":false,"footnotes":""},"class_list":["post-128742","page","type-page","status-publish","has-post-thumbnail","hentry"],"acf":[],"yoast_head":"<!-- This site is optimized with the Yoast SEO Premium plugin v27.2 (Yoast SEO v27.2) - https:\/\/yoast.com\/product\/yoast-seo-premium-wordpress\/ -->\n<title>Gramatica olandez\u0103 - Talkpal<\/title>\n<meta name=\"description\" content=\"\u00cenv\u0103\u021ba\u021bi gramatica olandez\u0103 cu Talkpal, tutorele t\u0103u lingvistic bazat pe inteligen\u021b\u0103 artificial\u0103. Accesa\u021bi explica\u021bii clare, exemple practice \u0219i exerci\u021bii interactive!\" \/>\n<meta name=\"robots\" content=\"index, follow, max-snippet:-1, max-image-preview:large, max-video-preview:-1\" \/>\n<link rel=\"canonical\" href=\"https:\/\/talkpal.ai\/ro\/gramatica-olandeza\/\" \/>\n<meta property=\"og:locale\" content=\"ro_RO\" \/>\n<meta property=\"og:type\" content=\"article\" \/>\n<meta property=\"og:title\" content=\"Gramatica olandez\u0103\" \/>\n<meta property=\"og:description\" content=\"Gramatica olandez\u0103: st\u0103p\u00e2ne\u0219te mecanica limbii olandeze Dac\u0103 a\u021bi f\u0103cut pasul de a \u00eenv\u0103\u021ba olandez\u0103, v\u0103 a\u0219teapt\u0103 o c\u0103l\u0103torie interesant\u0103! Cu peste 23 de\" \/>\n<meta property=\"og:url\" content=\"https:\/\/talkpal.ai\/ro\/gramatica-olandeza\/\" \/>\n<meta property=\"og:site_name\" content=\"Talkpal\" \/>\n<meta property=\"article:publisher\" content=\"https:\/\/www.facebook.com\/profile.php?id=100090733639311\" \/>\n<meta property=\"article:modified_time\" content=\"2025-12-11T17:02:53+00:00\" \/>\n<meta property=\"og:image\" content=\"https:\/\/talkpal.ai\/wp-content\/uploads\/2023\/04\/netherlands-dutch.png\" \/>\n\t<meta property=\"og:image:width\" content=\"512\" \/>\n\t<meta property=\"og:image:height\" content=\"512\" \/>\n\t<meta property=\"og:image:type\" content=\"image\/png\" \/>\n<meta name=\"twitter:card\" content=\"summary_large_image\" \/>\n<meta name=\"twitter:site\" content=\"@talkpalai\" \/>\n<meta name=\"twitter:label1\" content=\"Timp estimat pentru citire\" \/>\n\t<meta name=\"twitter:data1\" content=\"3 minute\" \/>\n<script type=\"application\/ld+json\" class=\"yoast-schema-graph\">{\"@context\":\"https:\/\/schema.org\",\"@graph\":[{\"@type\":\"WebPage\",\"@id\":\"https:\/\/talkpal.ai\/ro\/gramatica-olandeza\/\",\"url\":\"https:\/\/talkpal.ai\/ro\/gramatica-olandeza\/\",\"name\":\"Gramatica olandez\u0103 - Talkpal\",\"isPartOf\":{\"@id\":\"https:\/\/talkpal.ai\/ro\/#website\"},\"primaryImageOfPage\":{\"@id\":\"https:\/\/talkpal.ai\/ro\/gramatica-olandeza\/#primaryimage\"},\"image\":{\"@id\":\"https:\/\/talkpal.ai\/ro\/gramatica-olandeza\/#primaryimage\"},\"thumbnailUrl\":\"https:\/\/talkpal.ai\/wp-content\/uploads\/2023\/04\/netherlands-dutch.png\",\"datePublished\":\"2023-05-14T13:49:38+00:00\",\"dateModified\":\"2025-12-11T17:02:53+00:00\",\"description\":\"\u00cenv\u0103\u021ba\u021bi gramatica olandez\u0103 cu Talkpal, tutorele t\u0103u lingvistic bazat pe inteligen\u021b\u0103 artificial\u0103. Accesa\u021bi explica\u021bii clare, exemple practice \u0219i exerci\u021bii interactive!\",\"breadcrumb\":{\"@id\":\"https:\/\/talkpal.ai\/ro\/gramatica-olandeza\/#breadcrumb\"},\"inLanguage\":\"ro-RO\",\"potentialAction\":[{\"@type\":\"ReadAction\",\"target\":[\"https:\/\/talkpal.ai\/ro\/gramatica-olandeza\/\"]}]},{\"@type\":\"ImageObject\",\"inLanguage\":\"ro-RO\",\"@id\":\"https:\/\/talkpal.ai\/ro\/gramatica-olandeza\/#primaryimage\",\"url\":\"https:\/\/talkpal.ai\/wp-content\/uploads\/2023\/04\/netherlands-dutch.png\",\"contentUrl\":\"https:\/\/talkpal.ai\/wp-content\/uploads\/2023\/04\/netherlands-dutch.png\",\"width\":512,\"height\":512},{\"@type\":\"BreadcrumbList\",\"@id\":\"https:\/\/talkpal.ai\/ro\/gramatica-olandeza\/#breadcrumb\",\"itemListElement\":[{\"@type\":\"ListItem\",\"position\":1,\"name\":\"Homepage\",\"item\":\"https:\/\/talkpal.ai\/ro\/\"},{\"@type\":\"ListItem\",\"position\":2,\"name\":\"Gramatica olandez\u0103\"}]},{\"@type\":\"WebSite\",\"@id\":\"https:\/\/talkpal.ai\/ro\/#website\",\"url\":\"https:\/\/talkpal.ai\/ro\/\",\"name\":\"Talkpal\",\"description\":\"AI Language Learning\",\"publisher\":{\"@id\":\"https:\/\/talkpal.ai\/ro\/#organization\"},\"alternateName\":\"Talkpal AI\",\"potentialAction\":[{\"@type\":\"SearchAction\",\"target\":{\"@type\":\"EntryPoint\",\"urlTemplate\":\"https:\/\/talkpal.ai\/ro\/?s={search_term_string}\"},\"query-input\":{\"@type\":\"PropertyValueSpecification\",\"valueRequired\":true,\"valueName\":\"search_term_string\"}}],\"inLanguage\":\"ro-RO\"},{\"@type\":\"Organization\",\"@id\":\"https:\/\/talkpal.ai\/ro\/#organization\",\"name\":\"Talkpal, Inc.\",\"alternateName\":\"Talkpal AI\",\"url\":\"https:\/\/talkpal.ai\/ro\/\",\"logo\":{\"@type\":\"ImageObject\",\"inLanguage\":\"ro-RO\",\"@id\":\"https:\/\/talkpal.ai\/ro\/#\/schema\/logo\/image\/\",\"url\":\"https:\/\/talkpal.ai\/wp-content\/uploads\/2024\/03\/Talkpal-Logo-Icon.png\",\"contentUrl\":\"https:\/\/talkpal.ai\/wp-content\/uploads\/2024\/03\/Talkpal-Logo-Icon.png\",\"width\":2880,\"height\":2880,\"caption\":\"Talkpal, Inc.\"},\"image\":{\"@id\":\"https:\/\/talkpal.ai\/ro\/#\/schema\/logo\/image\/\"},\"sameAs\":[\"https:\/\/www.facebook.com\/profile.php?id=100090733639311\",\"https:\/\/x.com\/talkpalai\",\"https:\/\/www.linkedin.com\/company\/talkpal\/\",\"https:\/\/www.youtube.com\/@TalkPal\/\",\"https:\/\/www.tiktok.com\/@talkpal\",\"https:\/\/www.instagram.com\/talkpal_ai\/\",\"https:\/\/www.crunchbase.com\/organization\/talkpal-9cde\",\"https:\/\/www.g2.com\/products\/talkpal-for-business\/\",\"https:\/\/www.trustpilot.com\/review\/talkpal.ai\",\"https:\/\/www.capterra.com\/p\/10006800\/TalkPal\/\"],\"description\":\"Talkpal is a language learning web and mobile education app, powered by the latest AI technologies, that provides engaging experiences to its customers in many different languages to help them improve their language skills. Users can chat about unlimited amount of topics with the app and use other modes to practice their language learning.\",\"email\":\"support@talkpal.ai\",\"legalName\":\"Talkpal, Inc.\",\"foundingDate\":\"2023-04-03\",\"duns\":\"118989042\",\"numberOfEmployees\":{\"@type\":\"QuantitativeValue\",\"minValue\":\"11\",\"maxValue\":\"50\"},\"publishingPrinciples\":\"https:\/\/talkpal.ai\/publishing-principles\/\",\"actionableFeedbackPolicy\":\"https:\/\/talkpal.ai\/actionable-feedback-policy\/\",\"correctionsPolicy\":\"https:\/\/talkpal.ai\/corrections-policy\/\",\"ethicsPolicy\":\"https:\/\/talkpal.ai\/ethics-policy\/\",\"diversityPolicy\":\"https:\/\/talkpal.ai\/diversity-policy\/\",\"diversityStaffingReport\":\"https:\/\/talkpal.ai\/diversity-policy\/\"}]}<\/script>\n<!-- \/ Yoast SEO Premium plugin. -->","yoast_head_json":{"title":"Gramatica olandez\u0103 - Talkpal","description":"\u00cenv\u0103\u021ba\u021bi gramatica olandez\u0103 cu Talkpal, tutorele t\u0103u lingvistic bazat pe inteligen\u021b\u0103 artificial\u0103. Accesa\u021bi explica\u021bii clare, exemple practice \u0219i exerci\u021bii interactive!","robots":{"index":"index","follow":"follow","max-snippet":"max-snippet:-1","max-image-preview":"max-image-preview:large","max-video-preview":"max-video-preview:-1"},"canonical":"https:\/\/talkpal.ai\/ro\/gramatica-olandeza\/","og_locale":"ro_RO","og_type":"article","og_title":"Gramatica olandez\u0103","og_description":"Gramatica olandez\u0103: st\u0103p\u00e2ne\u0219te mecanica limbii olandeze Dac\u0103 a\u021bi f\u0103cut pasul de a \u00eenv\u0103\u021ba olandez\u0103, v\u0103 a\u0219teapt\u0103 o c\u0103l\u0103torie interesant\u0103! Cu peste 23 de","og_url":"https:\/\/talkpal.ai\/ro\/gramatica-olandeza\/","og_site_name":"Talkpal","article_publisher":"https:\/\/www.facebook.com\/profile.php?id=100090733639311","article_modified_time":"2025-12-11T17:02:53+00:00","og_image":[{"width":512,"height":512,"url":"https:\/\/talkpal.ai\/wp-content\/uploads\/2023\/04\/netherlands-dutch.png","type":"image\/png"}],"twitter_card":"summary_large_image","twitter_site":"@talkpalai","twitter_misc":{"Timp estimat pentru citire":"3 minute"},"schema":{"@context":"https:\/\/schema.org","@graph":[{"@type":"WebPage","@id":"https:\/\/talkpal.ai\/ro\/gramatica-olandeza\/","url":"https:\/\/talkpal.ai\/ro\/gramatica-olandeza\/","name":"Gramatica olandez\u0103 - Talkpal","isPartOf":{"@id":"https:\/\/talkpal.ai\/ro\/#website"},"primaryImageOfPage":{"@id":"https:\/\/talkpal.ai\/ro\/gramatica-olandeza\/#primaryimage"},"image":{"@id":"https:\/\/talkpal.ai\/ro\/gramatica-olandeza\/#primaryimage"},"thumbnailUrl":"https:\/\/talkpal.ai\/wp-content\/uploads\/2023\/04\/netherlands-dutch.png","datePublished":"2023-05-14T13:49:38+00:00","dateModified":"2025-12-11T17:02:53+00:00","description":"\u00cenv\u0103\u021ba\u021bi gramatica olandez\u0103 cu Talkpal, tutorele t\u0103u lingvistic bazat pe inteligen\u021b\u0103 artificial\u0103. Accesa\u021bi explica\u021bii clare, exemple practice \u0219i exerci\u021bii interactive!","breadcrumb":{"@id":"https:\/\/talkpal.ai\/ro\/gramatica-olandeza\/#breadcrumb"},"inLanguage":"ro-RO","potentialAction":[{"@type":"ReadAction","target":["https:\/\/talkpal.ai\/ro\/gramatica-olandeza\/"]}]},{"@type":"ImageObject","inLanguage":"ro-RO","@id":"https:\/\/talkpal.ai\/ro\/gramatica-olandeza\/#primaryimage","url":"https:\/\/talkpal.ai\/wp-content\/uploads\/2023\/04\/netherlands-dutch.png","contentUrl":"https:\/\/talkpal.ai\/wp-content\/uploads\/2023\/04\/netherlands-dutch.png","width":512,"height":512},{"@type":"BreadcrumbList","@id":"https:\/\/talkpal.ai\/ro\/gramatica-olandeza\/#breadcrumb","itemListElement":[{"@type":"ListItem","position":1,"name":"Homepage","item":"https:\/\/talkpal.ai\/ro\/"},{"@type":"ListItem","position":2,"name":"Gramatica olandez\u0103"}]},{"@type":"WebSite","@id":"https:\/\/talkpal.ai\/ro\/#website","url":"https:\/\/talkpal.ai\/ro\/","name":"Talkpal","description":"AI Language Learning","publisher":{"@id":"https:\/\/talkpal.ai\/ro\/#organization"},"alternateName":"Talkpal AI","potentialAction":[{"@type":"SearchAction","target":{"@type":"EntryPoint","urlTemplate":"https:\/\/talkpal.ai\/ro\/?s={search_term_string}"},"query-input":{"@type":"PropertyValueSpecification","valueRequired":true,"valueName":"search_term_string"}}],"inLanguage":"ro-RO"},{"@type":"Organization","@id":"https:\/\/talkpal.ai\/ro\/#organization","name":"Talkpal, Inc.","alternateName":"Talkpal AI","url":"https:\/\/talkpal.ai\/ro\/","logo":{"@type":"ImageObject","inLanguage":"ro-RO","@id":"https:\/\/talkpal.ai\/ro\/#\/schema\/logo\/image\/","url":"https:\/\/talkpal.ai\/wp-content\/uploads\/2024\/03\/Talkpal-Logo-Icon.png","contentUrl":"https:\/\/talkpal.ai\/wp-content\/uploads\/2024\/03\/Talkpal-Logo-Icon.png","width":2880,"height":2880,"caption":"Talkpal, Inc."},"image":{"@id":"https:\/\/talkpal.ai\/ro\/#\/schema\/logo\/image\/"},"sameAs":["https:\/\/www.facebook.com\/profile.php?id=100090733639311","https:\/\/x.com\/talkpalai","https:\/\/www.linkedin.com\/company\/talkpal\/","https:\/\/www.youtube.com\/@TalkPal\/","https:\/\/www.tiktok.com\/@talkpal","https:\/\/www.instagram.com\/talkpal_ai\/","https:\/\/www.crunchbase.com\/organization\/talkpal-9cde","https:\/\/www.g2.com\/products\/talkpal-for-business\/","https:\/\/www.trustpilot.com\/review\/talkpal.ai","https:\/\/www.capterra.com\/p\/10006800\/TalkPal\/"],"description":"Talkpal is a language learning web and mobile education app, powered by the latest AI technologies, that provides engaging experiences to its customers in many different languages to help them improve their language skills. Users can chat about unlimited amount of topics with the app and use other modes to practice their language learning.","email":"support@talkpal.ai","legalName":"Talkpal, Inc.","foundingDate":"2023-04-03","duns":"118989042","numberOfEmployees":{"@type":"QuantitativeValue","minValue":"11","maxValue":"50"},"publishingPrinciples":"https:\/\/talkpal.ai\/publishing-principles\/","actionableFeedbackPolicy":"https:\/\/talkpal.ai\/actionable-feedback-policy\/","correctionsPolicy":"https:\/\/talkpal.ai\/corrections-policy\/","ethicsPolicy":"https:\/\/talkpal.ai\/ethics-policy\/","diversityPolicy":"https:\/\/talkpal.ai\/diversity-policy\/","diversityStaffingReport":"https:\/\/talkpal.ai\/diversity-policy\/"}]}},"_links":{"self":[{"href":"https:\/\/talkpal.ai\/ro\/wp-json\/wp\/v2\/pages\/128742","targetHints":{"allow":["GET"]}}],"collection":[{"href":"https:\/\/talkpal.ai\/ro\/wp-json\/wp\/v2\/pages"}],"about":[{"href":"https:\/\/talkpal.ai\/ro\/wp-json\/wp\/v2\/types\/page"}],"author":[{"embeddable":true,"href":"https:\/\/talkpal.ai\/ro\/wp-json\/wp\/v2\/users\/1"}],"replies":[{"embeddable":true,"href":"https:\/\/talkpal.ai\/ro\/wp-json\/wp\/v2\/comments?post=128742"}],"version-history":[{"count":0,"href":"https:\/\/talkpal.ai\/ro\/wp-json\/wp\/v2\/pages\/128742\/revisions"}],"wp:featuredmedia":[{"embeddable":true,"href":"https:\/\/talkpal.ai\/ro\/wp-json\/wp\/v2\/media\/106478"}],"wp:attachment":[{"href":"https:\/\/talkpal.ai\/ro\/wp-json\/wp\/v2\/media?parent=128742"}],"curies":[{"name":"wp","href":"https:\/\/api.w.org\/{rel}","templated":true}]}}