{"id":128332,"date":"2023-05-14T13:48:36","date_gmt":"2023-05-14T13:48:36","guid":{"rendered":"http:\/\/talkpal.ai\/gramatica-chineza\/"},"modified":"2025-06-17T16:38:45","modified_gmt":"2025-06-17T16:38:45","slug":"gramatica-chineza","status":"publish","type":"page","link":"https:\/\/talkpal.ai\/ro\/gramatica-chineza\/","title":{"rendered":"Gramatica chinez\u0103"},"content":{"rendered":"\r\n\r\n\r\n<section class=\"languageChallengeSection\">\r\n    <div class=\"languageInfoWrapper\">\r\n        \r\n        <h1>Gramatica chinez\u0103<\/h1>\r\n        <p>Consolidarea cuno\u0219tin\u021belor de limba chinez\u0103 prin \u00eenv\u0103\u021barea structurilor gramaticale cheie \u0219i a modelelor de utilizare. \u00cencepe\u021bi ast\u0103zi s\u0103 v\u0103 \u00eembun\u0103t\u0103\u021bi\u021bi <a href=\"https:\/\/talkpal.ai\/chinese-grammar\/\">gramatica chinez\u0103<\/a> \u0219i comunica\u021bi cu \u00eencredere!<\/p>\r\n\r\n                            <a class=\"getStartedHidden\" href=\"https:\/\/app.talkpal.ai\/ro\/signup?lng=\">\u00cencepe<\/a>\r\n        \r\n    <\/div>\r\n\r\n    <figure>\r\n    <img decoding=\"async\" width=\"768\" height=\"768\" src=\"https:\/\/talkpal.ai\/wp-content\/uploads\/2023\/06\/chinese-768x768.png\" class=\"languageImage no-lazy\" alt=\"Language learning for flexible communication\" fetchpriority=\"high\" sizes=\"(max-width: 768px) 150px, 768px\" srcset=\"https:\/\/talkpal.ai\/wp-content\/uploads\/2023\/06\/chinese-768x768.png 768w, https:\/\/talkpal.ai\/wp-content\/uploads\/2023\/06\/chinese-300x300.png 300w\" \/>\r\n    \r\n\r\n    <\/figure>\r\n\r\n            <a class=\"getStartedVisible\" href=\"https:\/\/app.talkpal.ai\/ro\/signup?lng=\">\u00cencepe<\/a>\r\n    \r\n<\/section>\r\n<section class=\"promotionalBanner\">\r\n    <p class=\"promotionalText\">Cel mai eficient mod de a \u00eenv\u0103\u021ba o limb\u0103<\/p>\r\n    <a class=\"promotionalLink\" href=\"https:\/\/app.talkpal.ai\/ro\/signup?lng=\">\u00cencerca\u021bi Talkpal gratuit<\/a>\r\n<\/section>\n<div class=\"wp-block-group pageContainerStyle\"><div class=\"wp-block-group__inner-container is-layout-constrained wp-block-group-is-layout-constrained\">\n<h2 class=\"wp-block-heading\" id=\"h-chinese-grammar-the-key-to-mastering-mandarin\">Gramatica chinez\u0103: cheia st\u0103p\u00e2nirii mandarinei<\/h2>\n\n\n\n<p>Sunte\u021bi un cursant ambi\u021bios de <a href=\"https:\/\/talkpal.ai\/ro\/tutor-de-limbi-straine\/\">limbi str\u0103ine<\/a> care \u0219i-a propus s\u0103 st\u0103p\u00e2neasc\u0103 mandarina? Dac\u0103 da, felicit\u0103ri! Abordarea limbii chineze este o modalitate fantastic\u0103 de a v\u0103 l\u0103rgi mentalitatea global\u0103, de a v\u0103 conecta cu o gam\u0103 larg\u0103 de vorbitori \u0219i de a v\u0103 provoca intelectual. Cu toate acestea, cu 1,2 miliarde de vorbitori nativi \u0219i un sistem lingvistic foarte diferit de limbile occidentale, <a href=\"https:\/\/talkpal.ai\/chinese-grammar\/\">gramatica chinez\u0103<\/a> poate p\u0103rea destul de descurajant\u0103. Nu v\u0103 teme\u021bi! Citi\u021bi mai departe pentru un curs intensiv de <a href=\"https:\/\/talkpal.ai\/grammar\/\">gramatic\u0103<\/a> chinez\u0103 pentru \u00eencep\u0103tori, care este at\u00e2t atractiv, c\u00e2t \u0219i informativ.<\/p>\n\n\n\n<p><strong>S\u0103 \u00eencepem cu \u00eenceputul: uita\u021bi ce \u0219ti\u021bi despre limbile europene!<\/strong><\/p>\n\n\n\n<p>Unul dintre principalele motive pentru care studen\u021bii sunt intimida\u021bi de gramatica chinez\u0103 este faptul c\u0103 aceasta este radical diferit\u0103 de structura &#8222;subiect-verb-obiect&#8221; cu care suntem obi\u0219nui\u021bi \u00een limbi precum engleza, spaniola sau franceza. A\u0219a c\u0103 respira\u021bi ad\u00e2nc \u0219i haide\u021bi s\u0103 ne scufund\u0103m \u00eentr-un univers <a href=\"https:\/\/talkpal.ai\/talkpal-new-years-discount\/\">nou<\/a> de reguli \u0219i concepte lingvistice!<\/p>\n\n\n\n<h3 class=\"wp-block-heading\" id=\"h-1-word-order-is-king\">1. Ordinea cuvintelor este rege<\/h3>\n\n\n\n<p>De\u0219i nu exist\u0103 timpuri, conjug\u0103ri verbale sau plural \u00een gramatica chinez\u0103, structura corect\u0103 a propozi\u021biei este primordial\u0103. Deci, cum se ob\u021bine ordinea corect\u0103 a cuvintelor? \u00cen cele mai multe cazuri, pur \u0219i simplu urma\u021bi modelul &#8222;subiect-verb-obiect&#8221; (similar cu limba <a href=\"https:\/\/talkpal.ai\/learn-english-with-ai\/\">englez\u0103<\/a>). De exemplu:<\/p>\n\n\n\n<p><a href=\"https:\/\/talkpal.ai\/learn-english-with-ai\/\">Englez\u0103<\/a>: Te iubesc.<br\/>Chinez\u0103: \u6211\u7231\u4f60\u3002 W\u01d2 \u00e0i n\u01d0.<\/p>\n\n\n\n<p>Exist\u0103 structuri mai complexe, dar dezvoltarea unei funda\u021bii puternice le va face mai u\u0219or de \u00een\u021beles atunci c\u00e2nd progresa\u021bi.<\/p>\n\n\n\n<h3 class=\"wp-block-heading\" id=\"h-2-particles-particles-everywhere\">2. Particule, particule peste tot!<\/h3>\n\n\n\n<p>\u00cen gramatica chinez\u0103, particulele joac\u0103 un rol critic \u00een transmiterea sensului. Una dintre cele mai frecvente particule este &#8222;\u4e86 (le)&#8221;, care semnaleaz\u0103 o ac\u021biune finalizat\u0103. De exemplu:<\/p>\n\n\n\n<p>\u6211\u5403\u4e86\u3002W\u01d2 ch\u012b le. &#8211; &#8222;Am m\u00e2ncat&#8221;.<\/p>\n\n\n\n<p>O alt\u0103 particul\u0103 frecvent\u0103 este &#8222;\u5427 (ba)&#8221;, care transform\u0103 o afirma\u021bie \u00eentr-o sugestie sau \u00eentrebare:<\/p>\n\n\n\n<p>\u8d70\u5427\uff01Z\u01d2u ba! &#8211; &#8222;S\u0103 mergem!&#8221;<\/p>\n\n\n\n<p>\u00cen\u021belegerea func\u021biilor diferitelor particule este esen\u021bial\u0103 pentru st\u0103p\u00e2nirea nuan\u021belor gramaticii chineze.<\/p>\n\n\n\n<h3 class=\"wp-block-heading\" id=\"h-3-measure-words-quality-not-quantity\">3. M\u0103sura\u021bi cuvintele: calitate, nu cantitate<\/h3>\n\n\n\n<p>\u00cen chinez\u0103, substantivele nu au plural. \u00cen schimb, ei folosesc cuvinte de m\u0103sur\u0103 (cunoscute \u0219i sub numele de clasificatori) pentru a exprima cantitatea. Cuvintele de m\u0103surare sunt ad\u0103ugate \u00eentre num\u0103r \u0219i substantiv. De exemplu:<\/p>\n\n\n\n<p>\u4e00\u672c\u4e66 &#8211; Y\u012b b\u011bn <a href=\"https:\/\/talkpal.ai\/locations\/language-courses-in-shu\/\">sh\u016b<\/a> &#8211; &#8222;o carte&#8221;<\/p>\n\n\n\n<p>Observa\u021bi folosirea lui \u672c (b\u011bn) ca cuv\u00e2nt de m\u0103sur\u0103 pentru c\u0103r\u021bi. Substantive diferite necesit\u0103 cuvinte de m\u0103sur\u0103 diferite \u0219i, de\u0219i acest lucru poate p\u0103rea derutant la \u00eenceput, va deveni o a doua natur\u0103 cu ajutorul practicii.<\/p>\n\n\n\n<h3 class=\"wp-block-heading\" id=\"h-4-the-magic-of-compound-words\">4. Magia cuvintelor compuse<\/h3>\n\n\n\n<p>Chineza este plin\u0103 de cuvinte compuse, care sunt formate prin combinarea a dou\u0103 sau mai multe caractere. Acest lucru nu numai c\u0103 simplific\u0103 \u00eenv\u0103\u021barea vocabularului, dar permite, de asemenea, imagini vii \u0219i context. De exemplu:<\/p>\n\n\n\n<p>\u706b\u8f66 &#8211; Hu\u01d2ch\u0113 &#8211; &#8222;tren&#8221; (literal: &#8222;vehicul de foc&#8221;)<br\/>\u7535\u8bdd &#8211; Di\u00e0nhu\u00e0 &#8211; &#8222;telefon&#8221; (literal: &#8222;vorbire electric\u0103&#8221;)<\/p>\n\n\n\n<p>\u00cen\u021beleg\u00e2nd semnifica\u021bia caracterelor individuale, pute\u021bi deduce cu u\u0219urin\u021b\u0103 sensul cuvintelor compuse <a href=\"https:\/\/talkpal.ai\/culture\/how-do-i-use-pe-care-correctly\/\">pe care<\/a> nu le-a\u021bi mai \u00eent\u00e2lnit p\u00e2n\u0103 acum.<\/p>\n\n\n\n<h3 class=\"wp-block-heading\" id=\"h-5-no-tenses-no-problem\">5. F\u0103r\u0103 timpuri? Nicio problem\u0103!<\/h3>\n\n\n\n<p>Unul dintre cele mai revigorante aspecte ale limbii chineze este lipsa conjug\u0103rilor verbelor pentru diferite timpuri. Dar cum exprimi timpul? Simplu! Include\u021bi doar cuvinte care indic\u0103 intervalul de timp, cum ar fi:<\/p>\n\n\n\n<p>\u5929 &#8211; Zu\u00f3ti\u0101n &#8211; &#8222;ieri&#8221;<br\/>\u660e\u5929 &#8211; M\u00edngti\u0101n &#8211; &#8222;m\u00e2ine&#8221;<\/p>\n\n\n\n<p><strong>De exemplu:<\/strong><\/p>\n\n\n\n<p>\u6211\u6628\u5929\u5403\u4e86\u996d\u3002W\u01d2 zu\u00f3ti\u0101n ch\u012b le f\u00e0n. &#8211; &#8222;Am m\u00e2ncat ieri m\u00e2ncare&#8221;.<br\/>\u6211\u660e\u5929\u5403\u996d\u3002W\u01d2 m\u00edngti\u0101n ch\u012b f\u00e0n. &#8211; &#8222;M\u00e2ine voi m\u00e2nca m\u00e2ncare&#8221;.<\/p>\n\n\n\n<p>Felicit\u0103ri! A\u021bi f\u0103cut primii pa\u0219i pentru a st\u0103p\u00e2ni gramatica chinez\u0103. Aminti\u021bi-v\u0103: practica face perfect. A\u0219adar, nu v\u0103 sfii\u021bi s\u0103 explora\u021bi noi structuri gramaticale, s\u0103 conversa\u021bi cu vorbitori nativi \u0219i s\u0103 v\u0103 consolida\u021bi bazele. Lumea limbii mandarine v\u0103 a\u0219teapt\u0103 &#8211; \u00eenv\u0103\u021bare pl\u0103cut\u0103!<\/p>\n<\/div><\/div>\n\r\n<section class=\"learnNavigationSection\">\r\n            \r\n        <a href=\"https:\/\/talkpal.ai\/ro\/invata-chineza\/\">\r\n            <div class=\"learnNavigationWrapper\">\r\n                <div class=\"learnNavigationContent\">\r\n                    <img decoding=\"async\" src=\"https:\/\/talkpal.ai\/wp-content\/uploads\/2024\/08\/Chinese.jpg\" alt=\"Chinese Flag\u00a0\">\r\n                    <div>\r\n                        <h4>Despre \u00eenv\u0103\u021barea chinez\u0103<\/h4>\r\n                        <p>Afla\u021bi totul despre gramatica chinez\u0103.<\/p>\r\n                    <\/div>\r\n                <\/div>\r\n            <\/div>\r\n        <\/a>\r\n\r\n        \r\n        <a href=\"https:\/\/talkpal.ai\/ro\/exercitii-de-gramatica-chineza\/\">\r\n            <div class=\"learnNavigationWrapper\">\r\n                <div class=\"learnNavigationContent\">\r\n                    <img decoding=\"async\" src=\"https:\/\/talkpal.ai\/wp-content\/uploads\/2024\/08\/Chinese.jpg\" alt=\"Chinese Flag\u00a0\">\r\n                    <div>\r\n                        <h4>Exerci\u021biu de gramatic\u0103 chinez\u0103<\/h4>\r\n                        <p>Exersa\u021bi gramatica chinez\u0103.<\/p>\r\n                    <\/div>\r\n                <\/div>\r\n            <\/div>\r\n        <\/a>\r\n\r\n        \r\n        <a href=\"https:\/\/talkpal.ai\/vocabulary_language\/chinese\/\">\r\n            <div class=\"learnNavigationWrapper\">\r\n                <div class=\"learnNavigationContent\">\r\n                    <img decoding=\"async\" src=\"https:\/\/talkpal.ai\/wp-content\/uploads\/2024\/08\/Chinese.jpg\" alt=\"Chinese Flag\u00a0\">\r\n                    <div>\r\n                        <h4>Vocabularul chinezesc<\/h4>\r\n                        <p>Extinde\u021bi-v\u0103 vocabularul chinezesc.<\/p>\r\n                    <\/div>\r\n                <\/div>\r\n            <\/div>\r\n        <\/a>\r\n\r\n            <\/section>","protected":false},"excerpt":{"rendered":"<p>Gramatica chinez\u0103: cheia st\u0103p\u00e2nirii mandarinei Sunte\u021bi un cursant ambi\u021bios de limbi str\u0103ine care \u0219i-a propus s\u0103 st\u0103p\u00e2neasc\u0103 mandarina? Dac\u0103 da, felicit\u0103ri! Abordarea limbii chineze este o modalitate fantastic\u0103 de a v\u0103 l\u0103rgi mentalitatea global\u0103, de a v\u0103 conecta cu o gam\u0103 larg\u0103 de vorbitori \u0219i de a v\u0103 provoca intelectual. Cu toate acestea, cu 1,2 [&hellip;]<\/p>\n","protected":false},"author":1,"featured_media":106152,"parent":0,"menu_order":0,"comment_status":"closed","ping_status":"closed","template":"LearningContentPage.php","meta":{"_acf_changed":false,"footnotes":""},"class_list":["post-128332","page","type-page","status-publish","has-post-thumbnail","hentry"],"acf":[],"yoast_head":"<!-- This site is optimized with the Yoast SEO Premium plugin v27.2 (Yoast SEO v27.2) - https:\/\/yoast.com\/product\/yoast-seo-premium-wordpress\/ -->\n<title>Gramatica chinez\u0103 - Talkpal<\/title>\n<meta name=\"description\" content=\"Descoperi\u021bi secretele gramaticii chineze pentru o mai bun\u0103 \u00een\u021belegere a limbii \u0219i culturii chineze.\" \/>\n<meta name=\"robots\" content=\"index, follow, max-snippet:-1, max-image-preview:large, max-video-preview:-1\" \/>\n<link rel=\"canonical\" href=\"https:\/\/talkpal.ai\/ro\/gramatica-chineza\/\" \/>\n<meta property=\"og:locale\" content=\"ro_RO\" \/>\n<meta property=\"og:type\" content=\"article\" \/>\n<meta property=\"og:title\" content=\"Gramatica chinez\u0103\" \/>\n<meta property=\"og:description\" content=\"Gramatica chinez\u0103: cheia st\u0103p\u00e2nirii mandarinei Sunte\u021bi un cursant ambi\u021bios de limbi str\u0103ine care \u0219i-a propus s\u0103 st\u0103p\u00e2neasc\u0103 mandarina? Dac\u0103 da,\" \/>\n<meta property=\"og:url\" content=\"https:\/\/talkpal.ai\/ro\/gramatica-chineza\/\" \/>\n<meta property=\"og:site_name\" content=\"Talkpal\" \/>\n<meta property=\"article:publisher\" content=\"https:\/\/www.facebook.com\/profile.php?id=100090733639311\" \/>\n<meta property=\"article:modified_time\" content=\"2025-06-17T16:38:45+00:00\" \/>\n<meta property=\"og:image\" content=\"https:\/\/talkpal.ai\/wp-content\/uploads\/2023\/04\/china.png\" \/>\n\t<meta property=\"og:image:width\" content=\"512\" \/>\n\t<meta property=\"og:image:height\" content=\"512\" \/>\n\t<meta property=\"og:image:type\" content=\"image\/png\" \/>\n<meta name=\"twitter:card\" content=\"summary_large_image\" \/>\n<meta name=\"twitter:site\" content=\"@talkpalai\" \/>\n<meta name=\"twitter:label1\" content=\"Timp estimat pentru citire\" \/>\n\t<meta name=\"twitter:data1\" content=\"3 minute\" \/>\n<script type=\"application\/ld+json\" class=\"yoast-schema-graph\">{\"@context\":\"https:\/\/schema.org\",\"@graph\":[{\"@type\":\"WebPage\",\"@id\":\"https:\/\/talkpal.ai\/ro\/gramatica-chineza\/\",\"url\":\"https:\/\/talkpal.ai\/ro\/gramatica-chineza\/\",\"name\":\"Gramatica chinez\u0103 - Talkpal\",\"isPartOf\":{\"@id\":\"https:\/\/talkpal.ai\/ro\/#website\"},\"primaryImageOfPage\":{\"@id\":\"https:\/\/talkpal.ai\/ro\/gramatica-chineza\/#primaryimage\"},\"image\":{\"@id\":\"https:\/\/talkpal.ai\/ro\/gramatica-chineza\/#primaryimage\"},\"thumbnailUrl\":\"https:\/\/talkpal.ai\/wp-content\/uploads\/2023\/04\/china.png\",\"datePublished\":\"2023-05-14T13:48:36+00:00\",\"dateModified\":\"2025-06-17T16:38:45+00:00\",\"description\":\"Descoperi\u021bi secretele gramaticii chineze pentru o mai bun\u0103 \u00een\u021belegere a limbii \u0219i culturii chineze.\",\"breadcrumb\":{\"@id\":\"https:\/\/talkpal.ai\/ro\/gramatica-chineza\/#breadcrumb\"},\"inLanguage\":\"ro-RO\",\"potentialAction\":[{\"@type\":\"ReadAction\",\"target\":[\"https:\/\/talkpal.ai\/ro\/gramatica-chineza\/\"]}]},{\"@type\":\"ImageObject\",\"inLanguage\":\"ro-RO\",\"@id\":\"https:\/\/talkpal.ai\/ro\/gramatica-chineza\/#primaryimage\",\"url\":\"https:\/\/talkpal.ai\/wp-content\/uploads\/2023\/04\/china.png\",\"contentUrl\":\"https:\/\/talkpal.ai\/wp-content\/uploads\/2023\/04\/china.png\",\"width\":512,\"height\":512},{\"@type\":\"BreadcrumbList\",\"@id\":\"https:\/\/talkpal.ai\/ro\/gramatica-chineza\/#breadcrumb\",\"itemListElement\":[{\"@type\":\"ListItem\",\"position\":1,\"name\":\"Homepage\",\"item\":\"https:\/\/talkpal.ai\/ro\/\"},{\"@type\":\"ListItem\",\"position\":2,\"name\":\"Gramatica chinez\u0103\"}]},{\"@type\":\"WebSite\",\"@id\":\"https:\/\/talkpal.ai\/ro\/#website\",\"url\":\"https:\/\/talkpal.ai\/ro\/\",\"name\":\"Talkpal\",\"description\":\"AI Language Learning\",\"publisher\":{\"@id\":\"https:\/\/talkpal.ai\/ro\/#organization\"},\"alternateName\":\"Talkpal AI\",\"potentialAction\":[{\"@type\":\"SearchAction\",\"target\":{\"@type\":\"EntryPoint\",\"urlTemplate\":\"https:\/\/talkpal.ai\/ro\/?s={search_term_string}\"},\"query-input\":{\"@type\":\"PropertyValueSpecification\",\"valueRequired\":true,\"valueName\":\"search_term_string\"}}],\"inLanguage\":\"ro-RO\"},{\"@type\":\"Organization\",\"@id\":\"https:\/\/talkpal.ai\/ro\/#organization\",\"name\":\"Talkpal, Inc.\",\"alternateName\":\"Talkpal AI\",\"url\":\"https:\/\/talkpal.ai\/ro\/\",\"logo\":{\"@type\":\"ImageObject\",\"inLanguage\":\"ro-RO\",\"@id\":\"https:\/\/talkpal.ai\/ro\/#\/schema\/logo\/image\/\",\"url\":\"https:\/\/talkpal.ai\/wp-content\/uploads\/2024\/03\/Talkpal-Logo-Icon.png\",\"contentUrl\":\"https:\/\/talkpal.ai\/wp-content\/uploads\/2024\/03\/Talkpal-Logo-Icon.png\",\"width\":2880,\"height\":2880,\"caption\":\"Talkpal, Inc.\"},\"image\":{\"@id\":\"https:\/\/talkpal.ai\/ro\/#\/schema\/logo\/image\/\"},\"sameAs\":[\"https:\/\/www.facebook.com\/profile.php?id=100090733639311\",\"https:\/\/x.com\/talkpalai\",\"https:\/\/www.linkedin.com\/company\/talkpal\/\",\"https:\/\/www.youtube.com\/@TalkPal\/\",\"https:\/\/www.tiktok.com\/@talkpal\",\"https:\/\/www.instagram.com\/talkpal_ai\/\",\"https:\/\/www.crunchbase.com\/organization\/talkpal-9cde\",\"https:\/\/www.g2.com\/products\/talkpal-for-business\/\",\"https:\/\/www.trustpilot.com\/review\/talkpal.ai\",\"https:\/\/www.capterra.com\/p\/10006800\/TalkPal\/\"],\"description\":\"Talkpal is a language learning web and mobile education app, powered by the latest AI technologies, that provides engaging experiences to its customers in many different languages to help them improve their language skills. Users can chat about unlimited amount of topics with the app and use other modes to practice their language learning.\",\"email\":\"support@talkpal.ai\",\"legalName\":\"Talkpal, Inc.\",\"foundingDate\":\"2023-04-03\",\"duns\":\"118989042\",\"numberOfEmployees\":{\"@type\":\"QuantitativeValue\",\"minValue\":\"11\",\"maxValue\":\"50\"},\"publishingPrinciples\":\"https:\/\/talkpal.ai\/publishing-principles\/\",\"actionableFeedbackPolicy\":\"https:\/\/talkpal.ai\/actionable-feedback-policy\/\",\"correctionsPolicy\":\"https:\/\/talkpal.ai\/corrections-policy\/\",\"ethicsPolicy\":\"https:\/\/talkpal.ai\/ethics-policy\/\",\"diversityPolicy\":\"https:\/\/talkpal.ai\/diversity-policy\/\",\"diversityStaffingReport\":\"https:\/\/talkpal.ai\/diversity-policy\/\"}]}<\/script>\n<!-- \/ Yoast SEO Premium plugin. -->","yoast_head_json":{"title":"Gramatica chinez\u0103 - Talkpal","description":"Descoperi\u021bi secretele gramaticii chineze pentru o mai bun\u0103 \u00een\u021belegere a limbii \u0219i culturii chineze.","robots":{"index":"index","follow":"follow","max-snippet":"max-snippet:-1","max-image-preview":"max-image-preview:large","max-video-preview":"max-video-preview:-1"},"canonical":"https:\/\/talkpal.ai\/ro\/gramatica-chineza\/","og_locale":"ro_RO","og_type":"article","og_title":"Gramatica chinez\u0103","og_description":"Gramatica chinez\u0103: cheia st\u0103p\u00e2nirii mandarinei Sunte\u021bi un cursant ambi\u021bios de limbi str\u0103ine care \u0219i-a propus s\u0103 st\u0103p\u00e2neasc\u0103 mandarina? Dac\u0103 da,","og_url":"https:\/\/talkpal.ai\/ro\/gramatica-chineza\/","og_site_name":"Talkpal","article_publisher":"https:\/\/www.facebook.com\/profile.php?id=100090733639311","article_modified_time":"2025-06-17T16:38:45+00:00","og_image":[{"width":512,"height":512,"url":"https:\/\/talkpal.ai\/wp-content\/uploads\/2023\/04\/china.png","type":"image\/png"}],"twitter_card":"summary_large_image","twitter_site":"@talkpalai","twitter_misc":{"Timp estimat pentru citire":"3 minute"},"schema":{"@context":"https:\/\/schema.org","@graph":[{"@type":"WebPage","@id":"https:\/\/talkpal.ai\/ro\/gramatica-chineza\/","url":"https:\/\/talkpal.ai\/ro\/gramatica-chineza\/","name":"Gramatica chinez\u0103 - Talkpal","isPartOf":{"@id":"https:\/\/talkpal.ai\/ro\/#website"},"primaryImageOfPage":{"@id":"https:\/\/talkpal.ai\/ro\/gramatica-chineza\/#primaryimage"},"image":{"@id":"https:\/\/talkpal.ai\/ro\/gramatica-chineza\/#primaryimage"},"thumbnailUrl":"https:\/\/talkpal.ai\/wp-content\/uploads\/2023\/04\/china.png","datePublished":"2023-05-14T13:48:36+00:00","dateModified":"2025-06-17T16:38:45+00:00","description":"Descoperi\u021bi secretele gramaticii chineze pentru o mai bun\u0103 \u00een\u021belegere a limbii \u0219i culturii chineze.","breadcrumb":{"@id":"https:\/\/talkpal.ai\/ro\/gramatica-chineza\/#breadcrumb"},"inLanguage":"ro-RO","potentialAction":[{"@type":"ReadAction","target":["https:\/\/talkpal.ai\/ro\/gramatica-chineza\/"]}]},{"@type":"ImageObject","inLanguage":"ro-RO","@id":"https:\/\/talkpal.ai\/ro\/gramatica-chineza\/#primaryimage","url":"https:\/\/talkpal.ai\/wp-content\/uploads\/2023\/04\/china.png","contentUrl":"https:\/\/talkpal.ai\/wp-content\/uploads\/2023\/04\/china.png","width":512,"height":512},{"@type":"BreadcrumbList","@id":"https:\/\/talkpal.ai\/ro\/gramatica-chineza\/#breadcrumb","itemListElement":[{"@type":"ListItem","position":1,"name":"Homepage","item":"https:\/\/talkpal.ai\/ro\/"},{"@type":"ListItem","position":2,"name":"Gramatica chinez\u0103"}]},{"@type":"WebSite","@id":"https:\/\/talkpal.ai\/ro\/#website","url":"https:\/\/talkpal.ai\/ro\/","name":"Talkpal","description":"AI Language Learning","publisher":{"@id":"https:\/\/talkpal.ai\/ro\/#organization"},"alternateName":"Talkpal AI","potentialAction":[{"@type":"SearchAction","target":{"@type":"EntryPoint","urlTemplate":"https:\/\/talkpal.ai\/ro\/?s={search_term_string}"},"query-input":{"@type":"PropertyValueSpecification","valueRequired":true,"valueName":"search_term_string"}}],"inLanguage":"ro-RO"},{"@type":"Organization","@id":"https:\/\/talkpal.ai\/ro\/#organization","name":"Talkpal, Inc.","alternateName":"Talkpal AI","url":"https:\/\/talkpal.ai\/ro\/","logo":{"@type":"ImageObject","inLanguage":"ro-RO","@id":"https:\/\/talkpal.ai\/ro\/#\/schema\/logo\/image\/","url":"https:\/\/talkpal.ai\/wp-content\/uploads\/2024\/03\/Talkpal-Logo-Icon.png","contentUrl":"https:\/\/talkpal.ai\/wp-content\/uploads\/2024\/03\/Talkpal-Logo-Icon.png","width":2880,"height":2880,"caption":"Talkpal, Inc."},"image":{"@id":"https:\/\/talkpal.ai\/ro\/#\/schema\/logo\/image\/"},"sameAs":["https:\/\/www.facebook.com\/profile.php?id=100090733639311","https:\/\/x.com\/talkpalai","https:\/\/www.linkedin.com\/company\/talkpal\/","https:\/\/www.youtube.com\/@TalkPal\/","https:\/\/www.tiktok.com\/@talkpal","https:\/\/www.instagram.com\/talkpal_ai\/","https:\/\/www.crunchbase.com\/organization\/talkpal-9cde","https:\/\/www.g2.com\/products\/talkpal-for-business\/","https:\/\/www.trustpilot.com\/review\/talkpal.ai","https:\/\/www.capterra.com\/p\/10006800\/TalkPal\/"],"description":"Talkpal is a language learning web and mobile education app, powered by the latest AI technologies, that provides engaging experiences to its customers in many different languages to help them improve their language skills. Users can chat about unlimited amount of topics with the app and use other modes to practice their language learning.","email":"support@talkpal.ai","legalName":"Talkpal, Inc.","foundingDate":"2023-04-03","duns":"118989042","numberOfEmployees":{"@type":"QuantitativeValue","minValue":"11","maxValue":"50"},"publishingPrinciples":"https:\/\/talkpal.ai\/publishing-principles\/","actionableFeedbackPolicy":"https:\/\/talkpal.ai\/actionable-feedback-policy\/","correctionsPolicy":"https:\/\/talkpal.ai\/corrections-policy\/","ethicsPolicy":"https:\/\/talkpal.ai\/ethics-policy\/","diversityPolicy":"https:\/\/talkpal.ai\/diversity-policy\/","diversityStaffingReport":"https:\/\/talkpal.ai\/diversity-policy\/"}]}},"_links":{"self":[{"href":"https:\/\/talkpal.ai\/ro\/wp-json\/wp\/v2\/pages\/128332","targetHints":{"allow":["GET"]}}],"collection":[{"href":"https:\/\/talkpal.ai\/ro\/wp-json\/wp\/v2\/pages"}],"about":[{"href":"https:\/\/talkpal.ai\/ro\/wp-json\/wp\/v2\/types\/page"}],"author":[{"embeddable":true,"href":"https:\/\/talkpal.ai\/ro\/wp-json\/wp\/v2\/users\/1"}],"replies":[{"embeddable":true,"href":"https:\/\/talkpal.ai\/ro\/wp-json\/wp\/v2\/comments?post=128332"}],"version-history":[{"count":0,"href":"https:\/\/talkpal.ai\/ro\/wp-json\/wp\/v2\/pages\/128332\/revisions"}],"wp:featuredmedia":[{"embeddable":true,"href":"https:\/\/talkpal.ai\/ro\/wp-json\/wp\/v2\/media\/106152"}],"wp:attachment":[{"href":"https:\/\/talkpal.ai\/ro\/wp-json\/wp\/v2\/media?parent=128332"}],"curies":[{"name":"wp","href":"https:\/\/api.w.org\/{rel}","templated":true}]}}