{"id":127910,"date":"2023-05-14T13:43:38","date_gmt":"2023-05-14T13:43:38","guid":{"rendered":"http:\/\/talkpal.ai\/gramatica-araba\/"},"modified":"2025-05-21T11:47:40","modified_gmt":"2025-05-21T11:47:40","slug":"gramatica-araba","status":"publish","type":"page","link":"https:\/\/talkpal.ai\/ro\/gramatica-araba\/","title":{"rendered":"Gramatica arab\u0103"},"content":{"rendered":"\r\n\r\n\r\n<section class=\"languageChallengeSection\">\r\n    <div class=\"languageInfoWrapper\">\r\n        \r\n        <h1>Gramatica arab\u0103<\/h1>\r\n        <p>\u00cembun\u0103t\u0103\u021bi\u021bi-v\u0103 cuno\u0219tin\u021bele de arab\u0103 prin explorarea conceptelor gramaticale esen\u021biale \u0219i a explica\u021biilor clare, pas cu pas. \u00cencepe\u021bi acum s\u0103 st\u0103p\u00e2ni\u021bi <a href=\"https:\/\/talkpal.ai\/arabic-grammar\/\">gramatica arab\u0103<\/a> \u0219i comunica\u021bi cu mai mult\u0103 fluen\u021b\u0103 \u0219i \u00eencredere!<\/p>\r\n\r\n                            <a class=\"getStartedHidden\" href=\"https:\/\/app.talkpal.ai\/ro\/signup?lng=\">\u00cencepe<\/a>\r\n        \r\n    <\/div>\r\n\r\n    <figure>\r\n    <img decoding=\"async\" width=\"768\" height=\"768\" src=\"https:\/\/talkpal.ai\/wp-content\/uploads\/2023\/06\/arabic-768x768.png\" class=\"languageImage no-lazy\" alt=\"Language learning for linguistic diversity\" fetchpriority=\"high\" sizes=\"(max-width: 768px) 150px, 768px\" srcset=\"https:\/\/talkpal.ai\/wp-content\/uploads\/2023\/06\/arabic-768x768.png 768w, https:\/\/talkpal.ai\/wp-content\/uploads\/2023\/06\/arabic-300x300.png 300w\" \/>\r\n    \r\n\r\n    <\/figure>\r\n\r\n            <a class=\"getStartedVisible\" href=\"https:\/\/app.talkpal.ai\/ro\/signup?lng=\">\u00cencepe<\/a>\r\n    \r\n<\/section>\r\n<section class=\"promotionalBanner\">\r\n    <p class=\"promotionalText\">Cel mai eficient mod de a \u00eenv\u0103\u021ba o limb\u0103<\/p>\r\n    <a class=\"promotionalLink\" href=\"https:\/\/app.talkpal.ai\/ro\/signup?lng=\">\u00cencerca\u021bi Talkpal gratuit<\/a>\r\n<\/section>\n<div class=\"wp-block-group pageContainerStyle\"><div class=\"wp-block-group__inner-container is-layout-constrained wp-block-group-is-layout-constrained\">\n<h2 class=\"wp-block-heading\" id=\"h-the-intricacies-of-arabic-grammar-a-journey-through-its-roots-and-beauty\">Complexitatea gramaticii arabe: o c\u0103l\u0103torie prin r\u0103d\u0103cinile \u0219i frumuse\u021bea ei<\/h2>\n\n\n\n<p><strong>\u00ce\u021bi aminte\u0219ti c\u00e2nd ai \u00eenceput s\u0103 \u00eenve\u021bi gramatica limbii engleze?<\/strong>  Regulile, excep\u021biile \u0219i terminologiile aparent nesf\u00e2r\u0219ite s-ar putea s\u0103 v\u0103 fi l\u0103sat uneori s\u0103 v\u0103 sim\u021bi\u021bi cople\u0219i\u021bi. Dac\u0103 v\u0103 g\u00e2ndi\u021bi s\u0103 \u00eenv\u0103\u021ba\u021bi limba arab\u0103, fi\u021bi siguri c\u0103 aceasta are \u0219i un sistem gramatical unic \u0219i complex. A\u0219adar, haide\u021bi s\u0103 facem o scurt\u0103, dar edificatoare c\u0103l\u0103torie prin r\u0103d\u0103cinile \u0219i frumuse\u021bea gramaticii arabe.<\/p>\n\n\n\n<p>Pentru \u00eenceput, s\u0103 stabilim c\u00e2teva <strong>diferen\u021be cheie \u00eentre gramatica arab\u0103 \u0219i cea englez\u0103<\/strong>. \u00cen arab\u0103, cuvintele sunt \u00eemp\u0103r\u021bite \u00een trei categorii: substantive, verbe \u0219i particule. Spre deosebire de limba <a href=\"https:\/\/talkpal.ai\/learn-english-with-ai\/\">englez\u0103<\/a>, cuvintele arabe urmeaz\u0103 un sistem r\u0103d\u0103cin\u0103, ceea ce \u00eenseamn\u0103 c\u0103 pute\u021bi urm\u0103ri sensul de baz\u0103 al unui cuv\u00e2nt identific\u00e2ndu-i r\u0103d\u0103cina. Acest sistem r\u0103d\u0103cin\u0103 ofer\u0103 limbii arabe un nivel excep\u021bional de profunzime \u0219i bog\u0103\u021bie. Un lucru incredibil despre gramatica arab\u0103 este dependen\u021ba sa de modele, care permite adesea vorbitorilor s\u0103 creeze cuvinte noi urm\u00e2nd anumite structuri.<\/p>\n\n\n\n<p>Un alt aspect important al <strong>gramaticii arabe este faptul c\u0103 este o limb\u0103<\/strong> de gen, ceea ce \u00eenseamn\u0103 c\u0103 substantivele \u0219i adjectivele au forme specifice de gen. \u0218tia\u021bi c\u0103 araba are chiar \u0219i o form\u0103 dual\u0103 \u00een plus fa\u021b\u0103 de formele singulare \u0219i <a href=\"https:\/\/talkpal.ai\/zh-hans\/grammar_exercises\/plurale-%e6%84%8f%e5%a4%a7%e5%88%a9%e8%af%ad%e6%b3%95%e7%bb%83%e4%b9%a0\/\">plurale<\/a>? Este adev\u0103rat! Forma dual\u0103 arab\u0103 este folosit\u0103 pentru a indica perechi, cum ar fi ochii, m\u00e2inile sau p\u0103rin\u021bii. Adaug\u0103 un strat suplimentar de specificitate care \u00eei lipse\u0219te limbii engleze.<\/p>\n\n\n\n<p>S\u0103 discut\u0103m acum despre <strong>conjugarea verbelor \u00een limba arab\u0103<\/strong>, care este o lume cu totul nou\u0103 \u00een sine. Verbele arabe se bazeaz\u0103 pe un sistem de r\u0103d\u0103cini, care constau de obicei din trei consoane de baz\u0103. R\u0103d\u0103cina determin\u0103 sensul de baz\u0103 al verbului \u0219i, ad\u0103ug\u00e2nd modele vocale, crea\u021bi diferite forme ale verbului care exprim\u0103 semnifica\u021bii \u0219i timpuri diferite. De exemplu, schimbarea vocalelor dintr-o r\u0103d\u0103cin\u0103 poate schimba timpul din trecut \u00een prezent sau poate transforma un verb activ \u00eentr-unul pasiv. Destul de uimitor, nu?<\/p>\n\n\n\n<p>Un alt aspect fascinant al gramaticii arabe despre care trebuie s\u0103 vorbim este <strong>claritatea<\/strong>. \u00cen limba englez\u0103, folosim cuv\u00e2ntul &#8222;the&#8221; pentru a indica faptul c\u0103 un substantiv este definit. \u00cen limba arab\u0103, acest concept este \u00eencorporat \u00een limb\u0103 printr-o mic\u0103 particul\u0103 numit\u0103 &#8222;Al-&#8222;, care se adaug\u0103 la \u00eenceputul unui cuv\u00e2nt. Atunci c\u00e2nd un substantiv este precedat de &#8222;Al-&#8222;, acesta devine hot\u0103r\u00e2t f\u0103r\u0103 calificative suplimentare. Astfel, \u00een loc s\u0103 spune\u021bi &#8222;casa este mare&#8221; \u00een arab\u0103, a\u021bi spune &#8222;Al-baytu kabir&#8221;, unde &#8222;Al-baytu&#8221; \u00eenseamn\u0103 &#8222;casa&#8221;.<\/p>\n\n\n\n<p><strong>Araba conversa\u021bional\u0103<\/strong> este mai dinamic\u0103 \u0219i mai fluid\u0103 dec\u00e2t araba formal\u0103, a\u0219a cum este cazul oric\u0103rei limbi. Cu toate acestea, st\u0103p\u00e2nirea principiilor de baz\u0103 ale gramaticii arabe r\u0103m\u00e2ne esen\u021bial\u0103 pentru \u00een\u021belegerea \u0219i aprecierea cu adev\u0103rat a limbii. Odat\u0103 ce v\u0103 obi\u0219nui\u021bi cu modelele de r\u0103d\u0103cin\u0103, formele de gen \u0219i conjug\u0103rile verbelor, va deveni mult mai u\u0219or s\u0103 recunoa\u0219te\u021bi \u0219i s\u0103 \u00eenv\u0103\u021ba\u021bi cuvinte noi.<\/p>\n\n\n\n<p><strong>\u00cenv\u0103\u021barea gramaticii arabe<\/strong> poate p\u0103rea descurajant\u0103 la \u00eenceput, dar, cu perseveren\u021b\u0103 \u0219i dedicare, ve\u021bi putea aprecia frumuse\u021bea acestei limbi complicate. La fel ca rezolvarea unui puzzle complex sau descifrarea unui cod criptat, recompensa const\u0103 \u00een satisfac\u021bia de a debloca misterele limbii arabe \u0219i de a v\u0103 cufunda \u00een cultura, istoria \u0219i literatura sa bogat\u0103. Deci, ce mai a\u0219tep\u021bi? Scufunda\u021bi-v\u0103 \u00een lumea \u00eenc\u00e2nt\u0103toare a gramaticii arabe \u0219i descoperi\u021bi adev\u0103rata esen\u021b\u0103 pentru dvs.<\/p>\n<\/div><\/div>\n\r\n<section class=\"learnNavigationSection\">\r\n            \r\n        <a href=\"https:\/\/talkpal.ai\/ro\/invata-araba\/\">\r\n            <div class=\"learnNavigationWrapper\">\r\n                <div class=\"learnNavigationContent\">\r\n                    <img decoding=\"async\" src=\"https:\/\/talkpal.ai\/wp-content\/uploads\/2024\/08\/Arabic.jpg\" alt=\"Arabic Flag\">\r\n                    <div>\r\n                        <h4>Despre \u00eenv\u0103\u021barea arab\u0103<\/h4>\r\n                        <p>Afla\u021bi totul despre gramatica arab\u0103.<\/p>\r\n                    <\/div>\r\n                <\/div>\r\n            <\/div>\r\n        <\/a>\r\n\r\n        \r\n        <a href=\"https:\/\/talkpal.ai\/ro\/exercitii-de-gramatica-araba\/\">\r\n            <div class=\"learnNavigationWrapper\">\r\n                <div class=\"learnNavigationContent\">\r\n                    <img decoding=\"async\" src=\"https:\/\/talkpal.ai\/wp-content\/uploads\/2024\/08\/Arabic.jpg\" alt=\"Arabic Flag\">\r\n                    <div>\r\n                        <h4>Exerci\u021biu de gramatic\u0103 arab\u0103<\/h4>\r\n                        <p>Exersa\u021bi gramatica arab\u0103.<\/p>\r\n                    <\/div>\r\n                <\/div>\r\n            <\/div>\r\n        <\/a>\r\n\r\n        \r\n        <a href=\"https:\/\/talkpal.ai\/vocabulary_language\/arabic\/\">\r\n            <div class=\"learnNavigationWrapper\">\r\n                <div class=\"learnNavigationContent\">\r\n                    <img decoding=\"async\" src=\"https:\/\/talkpal.ai\/wp-content\/uploads\/2024\/08\/Arabic.jpg\" alt=\"Arabic Flag\">\r\n                    <div>\r\n                        <h4>Vocabular arab<\/h4>\r\n                        <p>Extinde\u021bi-v\u0103 vocabularul arab.<\/p>\r\n                    <\/div>\r\n                <\/div>\r\n            <\/div>\r\n        <\/a>\r\n\r\n            <\/section>","protected":false},"excerpt":{"rendered":"<p>Complexitatea gramaticii arabe: o c\u0103l\u0103torie prin r\u0103d\u0103cinile \u0219i frumuse\u021bea ei \u00ce\u021bi aminte\u0219ti c\u00e2nd ai \u00eenceput s\u0103 \u00eenve\u021bi gramatica limbii engleze? Regulile, excep\u021biile \u0219i terminologiile aparent nesf\u00e2r\u0219ite s-ar putea s\u0103 v\u0103 fi l\u0103sat uneori s\u0103 v\u0103 sim\u021bi\u021bi cople\u0219i\u021bi. Dac\u0103 v\u0103 g\u00e2ndi\u021bi s\u0103 \u00eenv\u0103\u021ba\u021bi limba arab\u0103, fi\u021bi siguri c\u0103 aceasta are \u0219i un sistem gramatical unic \u0219i [&hellip;]<\/p>\n","protected":false},"author":1,"featured_media":105969,"parent":0,"menu_order":0,"comment_status":"closed","ping_status":"closed","template":"LearningContentPage.php","meta":{"_acf_changed":false,"footnotes":""},"class_list":["post-127910","page","type-page","status-publish","has-post-thumbnail","hentry"],"acf":[],"yoast_head":"<!-- This site is optimized with the Yoast SEO Premium plugin v27.2 (Yoast SEO v27.2) - https:\/\/yoast.com\/product\/yoast-seo-premium-wordpress\/ -->\n<title>Gramatica arab\u0103 - Talkpal<\/title>\n<meta name=\"description\" content=\"Explora\u021bi subtilit\u0103\u021bile gramaticii arabe \u0219i descoperi\u021bi structura sa unic\u0103 \u00een compara\u021bie cu gramatica englez\u0103.\" \/>\n<meta name=\"robots\" content=\"index, follow, max-snippet:-1, max-image-preview:large, max-video-preview:-1\" \/>\n<link rel=\"canonical\" href=\"https:\/\/talkpal.ai\/ro\/gramatica-araba\/\" \/>\n<meta property=\"og:locale\" content=\"ro_RO\" \/>\n<meta property=\"og:type\" content=\"article\" \/>\n<meta property=\"og:title\" content=\"Gramatica arab\u0103\" \/>\n<meta property=\"og:description\" content=\"Complexitatea gramaticii arabe: o c\u0103l\u0103torie prin r\u0103d\u0103cinile \u0219i frumuse\u021bea ei \u00ce\u021bi aminte\u0219ti c\u00e2nd ai \u00eenceput s\u0103 \u00eenve\u021bi gramatica limbii engleze? Regulile,\" \/>\n<meta property=\"og:url\" content=\"https:\/\/talkpal.ai\/ro\/gramatica-araba\/\" \/>\n<meta property=\"og:site_name\" content=\"Talkpal\" \/>\n<meta property=\"article:publisher\" content=\"https:\/\/www.facebook.com\/profile.php?id=100090733639311\" \/>\n<meta property=\"article:modified_time\" content=\"2025-05-21T11:47:40+00:00\" \/>\n<meta property=\"og:image\" content=\"https:\/\/talkpal.ai\/wp-content\/uploads\/2023\/04\/arabic-united-arab-emirates.png\" \/>\n\t<meta property=\"og:image:width\" content=\"512\" \/>\n\t<meta property=\"og:image:height\" content=\"512\" \/>\n\t<meta property=\"og:image:type\" content=\"image\/png\" \/>\n<meta name=\"twitter:card\" content=\"summary_large_image\" \/>\n<meta name=\"twitter:site\" content=\"@talkpalai\" \/>\n<meta name=\"twitter:label1\" content=\"Timp estimat pentru citire\" \/>\n\t<meta name=\"twitter:data1\" content=\"3 minute\" \/>\n<script type=\"application\/ld+json\" class=\"yoast-schema-graph\">{\"@context\":\"https:\/\/schema.org\",\"@graph\":[{\"@type\":\"WebPage\",\"@id\":\"https:\/\/talkpal.ai\/ro\/gramatica-araba\/\",\"url\":\"https:\/\/talkpal.ai\/ro\/gramatica-araba\/\",\"name\":\"Gramatica arab\u0103 - Talkpal\",\"isPartOf\":{\"@id\":\"https:\/\/talkpal.ai\/ro\/#website\"},\"primaryImageOfPage\":{\"@id\":\"https:\/\/talkpal.ai\/ro\/gramatica-araba\/#primaryimage\"},\"image\":{\"@id\":\"https:\/\/talkpal.ai\/ro\/gramatica-araba\/#primaryimage\"},\"thumbnailUrl\":\"https:\/\/talkpal.ai\/wp-content\/uploads\/2023\/04\/arabic-united-arab-emirates.png\",\"datePublished\":\"2023-05-14T13:43:38+00:00\",\"dateModified\":\"2025-05-21T11:47:40+00:00\",\"description\":\"Explora\u021bi subtilit\u0103\u021bile gramaticii arabe \u0219i descoperi\u021bi structura sa unic\u0103 \u00een compara\u021bie cu gramatica englez\u0103.\",\"breadcrumb\":{\"@id\":\"https:\/\/talkpal.ai\/ro\/gramatica-araba\/#breadcrumb\"},\"inLanguage\":\"ro-RO\",\"potentialAction\":[{\"@type\":\"ReadAction\",\"target\":[\"https:\/\/talkpal.ai\/ro\/gramatica-araba\/\"]}]},{\"@type\":\"ImageObject\",\"inLanguage\":\"ro-RO\",\"@id\":\"https:\/\/talkpal.ai\/ro\/gramatica-araba\/#primaryimage\",\"url\":\"https:\/\/talkpal.ai\/wp-content\/uploads\/2023\/04\/arabic-united-arab-emirates.png\",\"contentUrl\":\"https:\/\/talkpal.ai\/wp-content\/uploads\/2023\/04\/arabic-united-arab-emirates.png\",\"width\":512,\"height\":512},{\"@type\":\"BreadcrumbList\",\"@id\":\"https:\/\/talkpal.ai\/ro\/gramatica-araba\/#breadcrumb\",\"itemListElement\":[{\"@type\":\"ListItem\",\"position\":1,\"name\":\"Homepage\",\"item\":\"https:\/\/talkpal.ai\/ro\/\"},{\"@type\":\"ListItem\",\"position\":2,\"name\":\"Gramatica arab\u0103\"}]},{\"@type\":\"WebSite\",\"@id\":\"https:\/\/talkpal.ai\/ro\/#website\",\"url\":\"https:\/\/talkpal.ai\/ro\/\",\"name\":\"Talkpal\",\"description\":\"AI Language Learning\",\"publisher\":{\"@id\":\"https:\/\/talkpal.ai\/ro\/#organization\"},\"alternateName\":\"Talkpal AI\",\"potentialAction\":[{\"@type\":\"SearchAction\",\"target\":{\"@type\":\"EntryPoint\",\"urlTemplate\":\"https:\/\/talkpal.ai\/ro\/?s={search_term_string}\"},\"query-input\":{\"@type\":\"PropertyValueSpecification\",\"valueRequired\":true,\"valueName\":\"search_term_string\"}}],\"inLanguage\":\"ro-RO\"},{\"@type\":\"Organization\",\"@id\":\"https:\/\/talkpal.ai\/ro\/#organization\",\"name\":\"Talkpal, Inc.\",\"alternateName\":\"Talkpal AI\",\"url\":\"https:\/\/talkpal.ai\/ro\/\",\"logo\":{\"@type\":\"ImageObject\",\"inLanguage\":\"ro-RO\",\"@id\":\"https:\/\/talkpal.ai\/ro\/#\/schema\/logo\/image\/\",\"url\":\"https:\/\/talkpal.ai\/wp-content\/uploads\/2024\/03\/Talkpal-Logo-Icon.png\",\"contentUrl\":\"https:\/\/talkpal.ai\/wp-content\/uploads\/2024\/03\/Talkpal-Logo-Icon.png\",\"width\":2880,\"height\":2880,\"caption\":\"Talkpal, Inc.\"},\"image\":{\"@id\":\"https:\/\/talkpal.ai\/ro\/#\/schema\/logo\/image\/\"},\"sameAs\":[\"https:\/\/www.facebook.com\/profile.php?id=100090733639311\",\"https:\/\/x.com\/talkpalai\",\"https:\/\/www.linkedin.com\/company\/talkpal\/\",\"https:\/\/www.youtube.com\/@TalkPal\/\",\"https:\/\/www.tiktok.com\/@talkpal\",\"https:\/\/www.instagram.com\/talkpal_ai\/\",\"https:\/\/www.crunchbase.com\/organization\/talkpal-9cde\",\"https:\/\/www.g2.com\/products\/talkpal-for-business\/\",\"https:\/\/www.trustpilot.com\/review\/talkpal.ai\",\"https:\/\/www.capterra.com\/p\/10006800\/TalkPal\/\"],\"description\":\"Talkpal is a language learning web and mobile education app, powered by the latest AI technologies, that provides engaging experiences to its customers in many different languages to help them improve their language skills. Users can chat about unlimited amount of topics with the app and use other modes to practice their language learning.\",\"email\":\"support@talkpal.ai\",\"legalName\":\"Talkpal, Inc.\",\"foundingDate\":\"2023-04-03\",\"duns\":\"118989042\",\"numberOfEmployees\":{\"@type\":\"QuantitativeValue\",\"minValue\":\"11\",\"maxValue\":\"50\"},\"publishingPrinciples\":\"https:\/\/talkpal.ai\/publishing-principles\/\",\"actionableFeedbackPolicy\":\"https:\/\/talkpal.ai\/actionable-feedback-policy\/\",\"correctionsPolicy\":\"https:\/\/talkpal.ai\/corrections-policy\/\",\"ethicsPolicy\":\"https:\/\/talkpal.ai\/ethics-policy\/\",\"diversityPolicy\":\"https:\/\/talkpal.ai\/diversity-policy\/\",\"diversityStaffingReport\":\"https:\/\/talkpal.ai\/diversity-policy\/\"}]}<\/script>\n<!-- \/ Yoast SEO Premium plugin. -->","yoast_head_json":{"title":"Gramatica arab\u0103 - Talkpal","description":"Explora\u021bi subtilit\u0103\u021bile gramaticii arabe \u0219i descoperi\u021bi structura sa unic\u0103 \u00een compara\u021bie cu gramatica englez\u0103.","robots":{"index":"index","follow":"follow","max-snippet":"max-snippet:-1","max-image-preview":"max-image-preview:large","max-video-preview":"max-video-preview:-1"},"canonical":"https:\/\/talkpal.ai\/ro\/gramatica-araba\/","og_locale":"ro_RO","og_type":"article","og_title":"Gramatica arab\u0103","og_description":"Complexitatea gramaticii arabe: o c\u0103l\u0103torie prin r\u0103d\u0103cinile \u0219i frumuse\u021bea ei \u00ce\u021bi aminte\u0219ti c\u00e2nd ai \u00eenceput s\u0103 \u00eenve\u021bi gramatica limbii engleze? Regulile,","og_url":"https:\/\/talkpal.ai\/ro\/gramatica-araba\/","og_site_name":"Talkpal","article_publisher":"https:\/\/www.facebook.com\/profile.php?id=100090733639311","article_modified_time":"2025-05-21T11:47:40+00:00","og_image":[{"width":512,"height":512,"url":"https:\/\/talkpal.ai\/wp-content\/uploads\/2023\/04\/arabic-united-arab-emirates.png","type":"image\/png"}],"twitter_card":"summary_large_image","twitter_site":"@talkpalai","twitter_misc":{"Timp estimat pentru citire":"3 minute"},"schema":{"@context":"https:\/\/schema.org","@graph":[{"@type":"WebPage","@id":"https:\/\/talkpal.ai\/ro\/gramatica-araba\/","url":"https:\/\/talkpal.ai\/ro\/gramatica-araba\/","name":"Gramatica arab\u0103 - Talkpal","isPartOf":{"@id":"https:\/\/talkpal.ai\/ro\/#website"},"primaryImageOfPage":{"@id":"https:\/\/talkpal.ai\/ro\/gramatica-araba\/#primaryimage"},"image":{"@id":"https:\/\/talkpal.ai\/ro\/gramatica-araba\/#primaryimage"},"thumbnailUrl":"https:\/\/talkpal.ai\/wp-content\/uploads\/2023\/04\/arabic-united-arab-emirates.png","datePublished":"2023-05-14T13:43:38+00:00","dateModified":"2025-05-21T11:47:40+00:00","description":"Explora\u021bi subtilit\u0103\u021bile gramaticii arabe \u0219i descoperi\u021bi structura sa unic\u0103 \u00een compara\u021bie cu gramatica englez\u0103.","breadcrumb":{"@id":"https:\/\/talkpal.ai\/ro\/gramatica-araba\/#breadcrumb"},"inLanguage":"ro-RO","potentialAction":[{"@type":"ReadAction","target":["https:\/\/talkpal.ai\/ro\/gramatica-araba\/"]}]},{"@type":"ImageObject","inLanguage":"ro-RO","@id":"https:\/\/talkpal.ai\/ro\/gramatica-araba\/#primaryimage","url":"https:\/\/talkpal.ai\/wp-content\/uploads\/2023\/04\/arabic-united-arab-emirates.png","contentUrl":"https:\/\/talkpal.ai\/wp-content\/uploads\/2023\/04\/arabic-united-arab-emirates.png","width":512,"height":512},{"@type":"BreadcrumbList","@id":"https:\/\/talkpal.ai\/ro\/gramatica-araba\/#breadcrumb","itemListElement":[{"@type":"ListItem","position":1,"name":"Homepage","item":"https:\/\/talkpal.ai\/ro\/"},{"@type":"ListItem","position":2,"name":"Gramatica arab\u0103"}]},{"@type":"WebSite","@id":"https:\/\/talkpal.ai\/ro\/#website","url":"https:\/\/talkpal.ai\/ro\/","name":"Talkpal","description":"AI Language Learning","publisher":{"@id":"https:\/\/talkpal.ai\/ro\/#organization"},"alternateName":"Talkpal AI","potentialAction":[{"@type":"SearchAction","target":{"@type":"EntryPoint","urlTemplate":"https:\/\/talkpal.ai\/ro\/?s={search_term_string}"},"query-input":{"@type":"PropertyValueSpecification","valueRequired":true,"valueName":"search_term_string"}}],"inLanguage":"ro-RO"},{"@type":"Organization","@id":"https:\/\/talkpal.ai\/ro\/#organization","name":"Talkpal, Inc.","alternateName":"Talkpal AI","url":"https:\/\/talkpal.ai\/ro\/","logo":{"@type":"ImageObject","inLanguage":"ro-RO","@id":"https:\/\/talkpal.ai\/ro\/#\/schema\/logo\/image\/","url":"https:\/\/talkpal.ai\/wp-content\/uploads\/2024\/03\/Talkpal-Logo-Icon.png","contentUrl":"https:\/\/talkpal.ai\/wp-content\/uploads\/2024\/03\/Talkpal-Logo-Icon.png","width":2880,"height":2880,"caption":"Talkpal, Inc."},"image":{"@id":"https:\/\/talkpal.ai\/ro\/#\/schema\/logo\/image\/"},"sameAs":["https:\/\/www.facebook.com\/profile.php?id=100090733639311","https:\/\/x.com\/talkpalai","https:\/\/www.linkedin.com\/company\/talkpal\/","https:\/\/www.youtube.com\/@TalkPal\/","https:\/\/www.tiktok.com\/@talkpal","https:\/\/www.instagram.com\/talkpal_ai\/","https:\/\/www.crunchbase.com\/organization\/talkpal-9cde","https:\/\/www.g2.com\/products\/talkpal-for-business\/","https:\/\/www.trustpilot.com\/review\/talkpal.ai","https:\/\/www.capterra.com\/p\/10006800\/TalkPal\/"],"description":"Talkpal is a language learning web and mobile education app, powered by the latest AI technologies, that provides engaging experiences to its customers in many different languages to help them improve their language skills. Users can chat about unlimited amount of topics with the app and use other modes to practice their language learning.","email":"support@talkpal.ai","legalName":"Talkpal, Inc.","foundingDate":"2023-04-03","duns":"118989042","numberOfEmployees":{"@type":"QuantitativeValue","minValue":"11","maxValue":"50"},"publishingPrinciples":"https:\/\/talkpal.ai\/publishing-principles\/","actionableFeedbackPolicy":"https:\/\/talkpal.ai\/actionable-feedback-policy\/","correctionsPolicy":"https:\/\/talkpal.ai\/corrections-policy\/","ethicsPolicy":"https:\/\/talkpal.ai\/ethics-policy\/","diversityPolicy":"https:\/\/talkpal.ai\/diversity-policy\/","diversityStaffingReport":"https:\/\/talkpal.ai\/diversity-policy\/"}]}},"_links":{"self":[{"href":"https:\/\/talkpal.ai\/ro\/wp-json\/wp\/v2\/pages\/127910","targetHints":{"allow":["GET"]}}],"collection":[{"href":"https:\/\/talkpal.ai\/ro\/wp-json\/wp\/v2\/pages"}],"about":[{"href":"https:\/\/talkpal.ai\/ro\/wp-json\/wp\/v2\/types\/page"}],"author":[{"embeddable":true,"href":"https:\/\/talkpal.ai\/ro\/wp-json\/wp\/v2\/users\/1"}],"replies":[{"embeddable":true,"href":"https:\/\/talkpal.ai\/ro\/wp-json\/wp\/v2\/comments?post=127910"}],"version-history":[{"count":0,"href":"https:\/\/talkpal.ai\/ro\/wp-json\/wp\/v2\/pages\/127910\/revisions"}],"wp:featuredmedia":[{"embeddable":true,"href":"https:\/\/talkpal.ai\/ro\/wp-json\/wp\/v2\/media\/105969"}],"wp:attachment":[{"href":"https:\/\/talkpal.ai\/ro\/wp-json\/wp\/v2\/media?parent=127910"}],"curies":[{"name":"wp","href":"https:\/\/api.w.org\/{rel}","templated":true}]}}