{"id":126830,"date":"2023-03-26T12:27:22","date_gmt":"2023-03-26T12:27:22","guid":{"rendered":"http:\/\/talkpal.ai\/gramatica-italiana\/"},"modified":"2025-05-22T18:43:45","modified_gmt":"2025-05-22T18:43:45","slug":"gramatica-italiana","status":"publish","type":"page","link":"https:\/\/talkpal.ai\/ro\/gramatica-italiana\/","title":{"rendered":"Gramatica italian\u0103"},"content":{"rendered":"\r\n\r\n\r\n<section class=\"languageChallengeSection\">\r\n    <div class=\"languageInfoWrapper\">\r\n        \r\n        <h1>Gramatica italian\u0103<\/h1>\r\n        <p>Descoperi\u021bi bazele limbii italiene prin \u00eenv\u0103\u021barea regulilor sale gramaticale esen\u021biale. St\u0103p\u00e2nirea gramaticii italiene v\u0103 va ajuta s\u0103 v\u0103 exprima\u021bi cu \u00eencredere \u0219i s\u0103 v\u0103 conecta\u021bi mai profund cu cultura bogat\u0103 a Italiei. \u00cencepe\u021bi ast\u0103zi s\u0103 \u00eenv\u0103\u021ba\u021bi <a href=\"https:\/\/talkpal.ai\/italian-grammar\/\">gramatica italian\u0103<\/a> \u0219i face\u021bi primul pas spre fluen\u021b\u0103!<\/p>\r\n\r\n                            <a class=\"getStartedHidden\" href=\"https:\/\/app.talkpal.ai\/ro\/signup?lng=\">\u00cencepe<\/a>\r\n        \r\n    <\/div>\r\n\r\n    <figure>\r\n    <img decoding=\"async\" width=\"768\" height=\"768\" src=\"https:\/\/talkpal.ai\/wp-content\/uploads\/2023\/06\/italian-768x768.png\" class=\"languageImage no-lazy\" alt=\"Language learning for increased memory capacity\" fetchpriority=\"high\" sizes=\"(max-width: 768px) 150px, 768px\" srcset=\"https:\/\/talkpal.ai\/wp-content\/uploads\/2023\/06\/italian-768x768.png 768w, https:\/\/talkpal.ai\/wp-content\/uploads\/2023\/06\/italian-300x300.png 300w\" \/>\r\n    \r\n\r\n    <\/figure>\r\n\r\n            <a class=\"getStartedVisible\" href=\"https:\/\/app.talkpal.ai\/ro\/signup?lng=\">\u00cencepe<\/a>\r\n    \r\n<\/section>\r\n        <section class=\"grammarSection\">\r\n            <div class=\"grammarLinks\">\r\n                <a href=\"https:\/\/talkpal.ai\/ro\/language\/adjective-gramatica-italiana\/\">Adjective <\/a><a href=\"https:\/\/talkpal.ai\/ro\/language\/adverbe-gramatica-italiana\/\">Adverbe <\/a><a href=\"https:\/\/talkpal.ai\/ro\/language\/conjunctii-gramatica-italiana\/\">Conjunc\u021bii <\/a><a href=\"https:\/\/talkpal.ai\/ro\/language\/negatie-si-interogare-gramatica-italiana\/\">Nega\u021bie \u0219i interogare <\/a><a href=\"https:\/\/talkpal.ai\/ro\/language\/prepozitii-gramatica-italiana\/\">Prepozi\u021bii <\/a><a href=\"https:\/\/talkpal.ai\/ro\/language\/pronume-gramatica-italiana\/\">Pronume <\/a><a href=\"https:\/\/talkpal.ai\/ro\/language\/sintaxa-si-structura-propozitiilor-gramatica-italiana\/\">Sintaxa \u0219i structura propozi\u021biilor <\/a><a href=\"https:\/\/talkpal.ai\/ro\/language\/substantive-gramatica-italiana\/\">Substantive <\/a><a href=\"https:\/\/talkpal.ai\/ro\/language\/verbe-gramatica-italiana\/\">Verbe <\/a>            <\/div>\r\n        <\/section>\r\n    <section class=\"promotionalBanner\">\r\n    <p class=\"promotionalText\">Cel mai eficient mod de a \u00eenv\u0103\u021ba o limb\u0103<\/p>\r\n    <a class=\"promotionalLink\" href=\"https:\/\/app.talkpal.ai\/ro\/signup?lng=\">\u00cencerca\u021bi Talkpal gratuit<\/a>\r\n<\/section>\n<div class=\"wp-block-group pageContainerStyle\"><div class=\"wp-block-group__inner-container is-layout-constrained wp-block-group-is-layout-constrained\">\n<h2 class=\"wp-block-heading\" id=\"h-mastering-the-art-of-italian-grammar-your-ultimate-guide\">St\u0103p\u00e2nirea artei gramaticii italiene: Ghidul t\u0103u suprem<\/h2>\n\n\n\n<p>Ciao, pasiona\u021bilor de <a href=\"https:\/\/talkpal.ai\/ro\/tutor-de-limbi-straine\/\">limbi str\u0103ine<\/a>! Sunte\u021bi gata s\u0103 v\u0103 arunca\u021bi cu capul \u00eenainte \u00een lumea gramaticii italiene? A\u021bi venit la locul potrivit. Plin de informa\u021bii u\u0219or de asimilat \u0219i cu un ton conversa\u021bional, acest articol v\u0103 va ghida prin lumea fascinant\u0103 (\u0219i uneori dificil\u0103) a gramaticii italiene, astfel \u00eenc\u00e2t s\u0103 pute\u021bi construi propozi\u021bii cu \u00eencredere \u0219i s\u0103 purta\u021bi conversa\u021bii semnificative cu vorbitori nativi. A\u0219a c\u0103, pune\u021bi-v\u0103 centura \u0219i s\u0103 \u00eencepem!<\/p>\n\n\n\n<h3 class=\"wp-block-heading\" id=\"h-but-first-why-italian-grammar\">Dar mai \u00eent\u00e2i, de ce gramatica italian\u0103?<\/h3>\n\n\n\n<p>Dac\u0103 \u00eenv\u0103\u021ba\u021bi limba <a href=\"https:\/\/talkpal.ai\/learn-italian\/\">italian\u0103<\/a>, o baz\u0103 solid\u0103 de <a href=\"https:\/\/talkpal.ai\/grammar\/\">gramatic\u0103<\/a> este esen\u021bial\u0103 pentru a vorbi, citi \u0219i scrie fluent. Gramatica limbii italiene poate p\u0103rea complex\u0103 la \u00eenceput, dar este relativ simpl\u0103 odat\u0103 ce o \u00eemp\u0103r\u021bi\u021bi \u00een buc\u0103\u021bi mai mici, mai u\u0219or de gestionat. A\u0219adar, haide\u021bi s\u0103 \u00eencepem c\u0103l\u0103toria voastr\u0103 spre st\u0103p\u00e2nirea gramaticii italiene!<\/p>\n\n\n\n<h3 class=\"wp-block-heading\" id=\"h-1-nouns-articles-and-gender\">1. Substantive, articole \u0219i gen<\/h3>\n\n\n\n<p>Substantivele italiene sunt de dou\u0103 genuri: masculin \u0219i feminin. Spre deosebire de limba <a href=\"https:\/\/talkpal.ai\/learn-english-with-ai\/\">englez\u0103<\/a>, unde genul substantivului este irelevant, \u00een italian\u0103 este nevoie de genul corect pentru o construc\u021bie corect\u0103 a propozi\u021biei. Po\u021bi ghici genul unor substantive precum &#8222;tavolo&#8221; (mas\u0103) sau &#8222;casa&#8221; (cas\u0103)? Dac\u0103 a\u021bi ghicit masculin pentru &#8222;tavolo&#8221; \u0219i feminin pentru &#8222;casa&#8221;, bravo!<\/p>\n\n\n\n<p>\u00cen italian\u0103, substantivele se termin\u0103 de obicei cu &#8222;-o&#8221; pentru masculin \u0219i &#8222;-a&#8221; pentru feminin. Exist\u0103 \u0219i excep\u021bii &#8211; unele cuvinte se termin\u0103 cu &#8222;-e&#8221; \u0219i pot fi de ambele genuri &#8211; dar, deocamdat\u0103, s\u0103 \u021binem cont de acest principiu de baz\u0103.<\/p>\n\n\n\n<p>Acum, s\u0103 vorbim despre articole. La fel ca \u00een limba englez\u0103, avem nevoie de articole \u00eenaintea substantivelor. Italiana are articole definite (il, lo, la, i, gli, le) \u0219i articole nedeterminate (un, uno, una).<\/p>\n\n\n\n<p>Deci, cum alegem ce articol definit s\u0103 folosim?<\/p>\n\n\n\n<p>&#8211; &#8222;il&#8221; \u0219i &#8222;i&#8221; pentru substantive masculine care \u00eencep cu o consoan\u0103, de exemplu, il libro (cartea), i libri (c\u0103r\u021bile).<br\/>&#8211; &#8222;lo&#8221; \u0219i &#8222;gli&#8221; pentru substantive masculine care \u00eencep cu &#8222;s&#8221; urmat de o consoan\u0103, o vocal\u0103 (cu excep\u021bia lui &#8222;u&#8221;) sau un &#8222;z&#8221;, de exemplu, lo <a href=\"https:\/\/talkpal.ai\/talkpal-discount-for-students\/\">studente<\/a> (studentul), gli <a href=\"https:\/\/talkpal.ai\/talkpal-discount-for-students\/\">studenti<\/a> (studen\u021bii).<br\/>&#8211; &#8222;la&#8221; \u0219i &#8222;le&#8221; pentru substantive feminine, de exemplu, la casa (casa), le case (casele).<\/p>\n\n\n\n<h3 class=\"wp-block-heading\" id=\"h-2-adjectives-and-agreement\">2. Adjective \u0219i acord<\/h3>\n\n\n\n<p>Adjectivele \u00een limba italian\u0103 trebuie s\u0103 fie \u00een acord cu substantivul <a href=\"https:\/\/talkpal.ai\/culture\/how-do-i-use-pe-care-correctly\/\">pe care<\/a> \u00eel modific\u0103 \u00een gen \u0219i num\u0103r. De exemplu, pentru a descrie o pizza delicioas\u0103, a\u021bi spune &#8222;una pizza deliziosa&#8221; \u0219i nu &#8222;delizioso&#8221;. Nu uita\u021bi c\u0103, \u00een italian\u0103, adjectivul urmeaz\u0103 de obicei dup\u0103 substantiv.<\/p>\n\n\n\n<h3 class=\"wp-block-heading\" id=\"h-3-verbs-tense-and-conjugation\">3. Verbe, timp \u0219i conjugare<\/h3>\n\n\n\n<p>Verbele italiene sunt o parte important\u0103 a gramaticii. Exist\u0103 trei categorii de verbe (-are, -ere \u0219i -ire) \u0219i o mul\u021bime de verbe neregulate, a\u0219a c\u0103 avem mult de lucru! Pentru a v\u0103 oferi o scurt\u0103 prezentare general\u0103, s\u0103 ne ocup\u0103m de timpul prezent al verbelor regulate.<\/p>\n\n\n\n<p>&#8211; Verbe &#8222;-are&#8221;: de exemplu, parlare (a vorbi): io parlo, tu parli, lui\/lei parla, noi parliamo, voi parlate, loro parlano.<br\/>&#8211; verbe &#8222;-ere&#8221;: de exemplu, leggere (a citi): io leggo, tu leggi, lui\/lei legge, noi leggiamo, voi leggete, loro leggono.<br\/>&#8211; Verbe &#8222;-ire&#8221;: de exemplu, finire (a termina): io finisco, tu finisci, lui\/lei finisce, noi finiamo, voi finite, loro finiscono.<\/p>\n\n\n\n<p>Re\u021bine\u021bi c\u0103 acesta este doar v\u00e2rful icebergului! Exist\u0103 multe alte timpuri \u0219i verbe neregulate de \u00eenv\u0103\u021bat, dar fiecare c\u0103l\u0103torie \u00eencepe cu un singur pas.<\/p>\n\n\n\n<h3 class=\"wp-block-heading\" id=\"h-4-prepositions-pronouns-and-more\">4. Prepozi\u021bii, pronume \u0219i multe altele!<\/h3>\n\n\n\n<p>Gramatica italian\u0103 are multe alte componente, cum ar fi prepozi\u021biile (di, a, da, in, su, etc.), pronumele (io, tu, lui\/lei, etc.), verbele reflexive \u0219i expresiile idiomatice. Fiecare component\u0103 este esen\u021bial\u0103 pentru a v\u0103 debloca fluen\u021ba, a\u0219a c\u0103 lua\u021bi-o pas cu pas.<\/p>\n\n\n\n<p>\u00cen concluzie, nu exist\u0103 o scurt\u0103tur\u0103 pentru a st\u0103p\u00e2ni gramatica italian\u0103. Este nevoie de perseveren\u021b\u0103, practic\u0103 \u0219i r\u0103bdare. Dar, odat\u0103 ce v\u0103 ve\u021bi obi\u0219nui, ve\u021bi putea experimenta frumuse\u021bea conversa\u021biei \u00een italian\u0103, ve\u021bi descoperi cultura \u0219i istoria bogat\u0103 \u0219i v\u0103 ve\u021bi aprecia tot mai mult limba. Buona fortuna!<\/p>\n<\/div><\/div>\n\r\n<section class=\"learnNavigationSection\">\r\n            \r\n        <a href=\"https:\/\/talkpal.ai\/ro\/invatati-italiana\/\">\r\n            <div class=\"learnNavigationWrapper\">\r\n                <div class=\"learnNavigationContent\">\r\n                    <img decoding=\"async\" src=\"https:\/\/talkpal.ai\/wp-content\/uploads\/2024\/08\/Italian.jpg\" alt=\"Italian Flag\">\r\n                    <div>\r\n                        <h4>Despre \u00eenv\u0103\u021barea limbii italiene<\/h4>\r\n                        <p>Afla\u021bi totul despre gramatica italian\u0103.<\/p>\r\n                    <\/div>\r\n                <\/div>\r\n            <\/div>\r\n        <\/a>\r\n\r\n        \r\n        <a href=\"https:\/\/talkpal.ai\/ro\/exercitii-de-gramatica-italiana\/\">\r\n            <div class=\"learnNavigationWrapper\">\r\n                <div class=\"learnNavigationContent\">\r\n                    <img decoding=\"async\" src=\"https:\/\/talkpal.ai\/wp-content\/uploads\/2024\/08\/Italian.jpg\" alt=\"Italian Flag\">\r\n                    <div>\r\n                        <h4>Exerci\u021biu de gramatic\u0103 italian\u0103<\/h4>\r\n                        <p>Exersa\u021bi gramatica italian\u0103.<\/p>\r\n                    <\/div>\r\n                <\/div>\r\n            <\/div>\r\n        <\/a>\r\n\r\n        \r\n        <a href=\"https:\/\/talkpal.ai\/vocabulary_language\/italian\/\">\r\n            <div class=\"learnNavigationWrapper\">\r\n                <div class=\"learnNavigationContent\">\r\n                    <img decoding=\"async\" src=\"https:\/\/talkpal.ai\/wp-content\/uploads\/2024\/08\/Italian.jpg\" alt=\"Italian Flag\">\r\n                    <div>\r\n                        <h4>Vocabular \u00een italian\u0103<\/h4>\r\n                        <p>Extinde\u021bi-v\u0103 vocabularul \u00een italian\u0103.<\/p>\r\n                    <\/div>\r\n                <\/div>\r\n            <\/div>\r\n        <\/a>\r\n\r\n            <\/section>","protected":false},"excerpt":{"rendered":"<p>St\u0103p\u00e2nirea artei gramaticii italiene: Ghidul t\u0103u suprem Ciao, pasiona\u021bilor de limbi str\u0103ine! Sunte\u021bi gata s\u0103 v\u0103 arunca\u021bi cu capul \u00eenainte \u00een lumea gramaticii italiene? A\u021bi venit la locul potrivit. Plin de informa\u021bii u\u0219or de asimilat \u0219i cu un ton conversa\u021bional, acest articol v\u0103 va ghida prin lumea fascinant\u0103 (\u0219i uneori dificil\u0103) a gramaticii italiene, astfel [&hellip;]<\/p>\n","protected":false},"author":1,"featured_media":76294,"parent":0,"menu_order":0,"comment_status":"closed","ping_status":"closed","template":"LearningContentPage.php","meta":{"_acf_changed":false,"footnotes":""},"class_list":["post-126830","page","type-page","status-publish","has-post-thumbnail","hentry"],"acf":[],"yoast_head":"<!-- This site is optimized with the Yoast SEO Premium plugin v27.2 (Yoast SEO v27.2) - https:\/\/yoast.com\/product\/yoast-seo-premium-wordpress\/ -->\n<title>Gramatica italian\u0103 - Talkpal<\/title>\n<meta name=\"description\" content=\"\u00cenv\u0103\u021ba\u021bi gramatica italian\u0103 cu u\u0219urin\u021b\u0103 - exersa\u021bi clar, \u00een\u021belege\u021bi regulile \u0219i vorbi\u021bi mai bine cu \u00eendrumare simpl\u0103 de la Talkpal AI.\" \/>\n<meta name=\"robots\" content=\"index, follow, max-snippet:-1, max-image-preview:large, max-video-preview:-1\" \/>\n<link rel=\"canonical\" href=\"https:\/\/talkpal.ai\/ro\/gramatica-italiana\/\" \/>\n<meta property=\"og:locale\" content=\"ro_RO\" \/>\n<meta property=\"og:type\" content=\"article\" \/>\n<meta property=\"og:title\" content=\"Gramatica italian\u0103\" \/>\n<meta property=\"og:description\" content=\"St\u0103p\u00e2nirea artei gramaticii italiene: Ghidul t\u0103u suprem Ciao, pasiona\u021bilor de limbi str\u0103ine! Sunte\u021bi gata s\u0103 v\u0103 arunca\u021bi cu capul \u00eenainte \u00een lumea\" \/>\n<meta property=\"og:url\" content=\"https:\/\/talkpal.ai\/ro\/gramatica-italiana\/\" \/>\n<meta property=\"og:site_name\" content=\"Talkpal\" \/>\n<meta property=\"article:publisher\" content=\"https:\/\/www.facebook.com\/profile.php?id=100090733639311\" \/>\n<meta property=\"article:modified_time\" content=\"2025-05-22T18:43:45+00:00\" \/>\n<meta property=\"og:image\" content=\"https:\/\/talkpal.ai\/wp-content\/uploads\/2023\/03\/italy.png\" \/>\n\t<meta property=\"og:image:width\" content=\"512\" \/>\n\t<meta property=\"og:image:height\" content=\"512\" \/>\n\t<meta property=\"og:image:type\" content=\"image\/png\" \/>\n<meta name=\"twitter:card\" content=\"summary_large_image\" \/>\n<meta name=\"twitter:site\" content=\"@talkpalai\" \/>\n<meta name=\"twitter:label1\" content=\"Timp estimat pentru citire\" \/>\n\t<meta name=\"twitter:data1\" content=\"3 minute\" \/>\n<script type=\"application\/ld+json\" class=\"yoast-schema-graph\">{\"@context\":\"https:\/\/schema.org\",\"@graph\":[{\"@type\":\"WebPage\",\"@id\":\"https:\/\/talkpal.ai\/ro\/gramatica-italiana\/\",\"url\":\"https:\/\/talkpal.ai\/ro\/gramatica-italiana\/\",\"name\":\"Gramatica italian\u0103 - Talkpal\",\"isPartOf\":{\"@id\":\"https:\/\/talkpal.ai\/ro\/#website\"},\"primaryImageOfPage\":{\"@id\":\"https:\/\/talkpal.ai\/ro\/gramatica-italiana\/#primaryimage\"},\"image\":{\"@id\":\"https:\/\/talkpal.ai\/ro\/gramatica-italiana\/#primaryimage\"},\"thumbnailUrl\":\"https:\/\/talkpal.ai\/wp-content\/uploads\/2023\/03\/italy.png\",\"datePublished\":\"2023-03-26T12:27:22+00:00\",\"dateModified\":\"2025-05-22T18:43:45+00:00\",\"description\":\"\u00cenv\u0103\u021ba\u021bi gramatica italian\u0103 cu u\u0219urin\u021b\u0103 - exersa\u021bi clar, \u00een\u021belege\u021bi regulile \u0219i vorbi\u021bi mai bine cu \u00eendrumare simpl\u0103 de la Talkpal AI.\",\"breadcrumb\":{\"@id\":\"https:\/\/talkpal.ai\/ro\/gramatica-italiana\/#breadcrumb\"},\"inLanguage\":\"ro-RO\",\"potentialAction\":[{\"@type\":\"ReadAction\",\"target\":[\"https:\/\/talkpal.ai\/ro\/gramatica-italiana\/\"]}]},{\"@type\":\"ImageObject\",\"inLanguage\":\"ro-RO\",\"@id\":\"https:\/\/talkpal.ai\/ro\/gramatica-italiana\/#primaryimage\",\"url\":\"https:\/\/talkpal.ai\/wp-content\/uploads\/2023\/03\/italy.png\",\"contentUrl\":\"https:\/\/talkpal.ai\/wp-content\/uploads\/2023\/03\/italy.png\",\"width\":512,\"height\":512,\"caption\":\"Talkpal AI \u00eenva\u021b\u0103 italian\u0103\"},{\"@type\":\"BreadcrumbList\",\"@id\":\"https:\/\/talkpal.ai\/ro\/gramatica-italiana\/#breadcrumb\",\"itemListElement\":[{\"@type\":\"ListItem\",\"position\":1,\"name\":\"Homepage\",\"item\":\"https:\/\/talkpal.ai\/ro\/\"},{\"@type\":\"ListItem\",\"position\":2,\"name\":\"Gramatica italian\u0103\"}]},{\"@type\":\"WebSite\",\"@id\":\"https:\/\/talkpal.ai\/ro\/#website\",\"url\":\"https:\/\/talkpal.ai\/ro\/\",\"name\":\"Talkpal\",\"description\":\"AI Language Learning\",\"publisher\":{\"@id\":\"https:\/\/talkpal.ai\/ro\/#organization\"},\"alternateName\":\"Talkpal AI\",\"potentialAction\":[{\"@type\":\"SearchAction\",\"target\":{\"@type\":\"EntryPoint\",\"urlTemplate\":\"https:\/\/talkpal.ai\/ro\/?s={search_term_string}\"},\"query-input\":{\"@type\":\"PropertyValueSpecification\",\"valueRequired\":true,\"valueName\":\"search_term_string\"}}],\"inLanguage\":\"ro-RO\"},{\"@type\":\"Organization\",\"@id\":\"https:\/\/talkpal.ai\/ro\/#organization\",\"name\":\"Talkpal, Inc.\",\"alternateName\":\"Talkpal AI\",\"url\":\"https:\/\/talkpal.ai\/ro\/\",\"logo\":{\"@type\":\"ImageObject\",\"inLanguage\":\"ro-RO\",\"@id\":\"https:\/\/talkpal.ai\/ro\/#\/schema\/logo\/image\/\",\"url\":\"https:\/\/talkpal.ai\/wp-content\/uploads\/2024\/03\/Talkpal-Logo-Icon.png\",\"contentUrl\":\"https:\/\/talkpal.ai\/wp-content\/uploads\/2024\/03\/Talkpal-Logo-Icon.png\",\"width\":2880,\"height\":2880,\"caption\":\"Talkpal, Inc.\"},\"image\":{\"@id\":\"https:\/\/talkpal.ai\/ro\/#\/schema\/logo\/image\/\"},\"sameAs\":[\"https:\/\/www.facebook.com\/profile.php?id=100090733639311\",\"https:\/\/x.com\/talkpalai\",\"https:\/\/www.linkedin.com\/company\/talkpal\/\",\"https:\/\/www.youtube.com\/@TalkPal\/\",\"https:\/\/www.tiktok.com\/@talkpal\",\"https:\/\/www.instagram.com\/talkpal_ai\/\",\"https:\/\/www.crunchbase.com\/organization\/talkpal-9cde\",\"https:\/\/www.g2.com\/products\/talkpal-for-business\/\",\"https:\/\/www.trustpilot.com\/review\/talkpal.ai\",\"https:\/\/www.capterra.com\/p\/10006800\/TalkPal\/\"],\"description\":\"Talkpal is a language learning web and mobile education app, powered by the latest AI technologies, that provides engaging experiences to its customers in many different languages to help them improve their language skills. Users can chat about unlimited amount of topics with the app and use other modes to practice their language learning.\",\"email\":\"support@talkpal.ai\",\"legalName\":\"Talkpal, Inc.\",\"foundingDate\":\"2023-04-03\",\"duns\":\"118989042\",\"numberOfEmployees\":{\"@type\":\"QuantitativeValue\",\"minValue\":\"11\",\"maxValue\":\"50\"},\"publishingPrinciples\":\"https:\/\/talkpal.ai\/publishing-principles\/\",\"actionableFeedbackPolicy\":\"https:\/\/talkpal.ai\/actionable-feedback-policy\/\",\"correctionsPolicy\":\"https:\/\/talkpal.ai\/corrections-policy\/\",\"ethicsPolicy\":\"https:\/\/talkpal.ai\/ethics-policy\/\",\"diversityPolicy\":\"https:\/\/talkpal.ai\/diversity-policy\/\",\"diversityStaffingReport\":\"https:\/\/talkpal.ai\/diversity-policy\/\"}]}<\/script>\n<!-- \/ Yoast SEO Premium plugin. -->","yoast_head_json":{"title":"Gramatica italian\u0103 - Talkpal","description":"\u00cenv\u0103\u021ba\u021bi gramatica italian\u0103 cu u\u0219urin\u021b\u0103 - exersa\u021bi clar, \u00een\u021belege\u021bi regulile \u0219i vorbi\u021bi mai bine cu \u00eendrumare simpl\u0103 de la Talkpal AI.","robots":{"index":"index","follow":"follow","max-snippet":"max-snippet:-1","max-image-preview":"max-image-preview:large","max-video-preview":"max-video-preview:-1"},"canonical":"https:\/\/talkpal.ai\/ro\/gramatica-italiana\/","og_locale":"ro_RO","og_type":"article","og_title":"Gramatica italian\u0103","og_description":"St\u0103p\u00e2nirea artei gramaticii italiene: Ghidul t\u0103u suprem Ciao, pasiona\u021bilor de limbi str\u0103ine! Sunte\u021bi gata s\u0103 v\u0103 arunca\u021bi cu capul \u00eenainte \u00een lumea","og_url":"https:\/\/talkpal.ai\/ro\/gramatica-italiana\/","og_site_name":"Talkpal","article_publisher":"https:\/\/www.facebook.com\/profile.php?id=100090733639311","article_modified_time":"2025-05-22T18:43:45+00:00","og_image":[{"width":512,"height":512,"url":"https:\/\/talkpal.ai\/wp-content\/uploads\/2023\/03\/italy.png","type":"image\/png"}],"twitter_card":"summary_large_image","twitter_site":"@talkpalai","twitter_misc":{"Timp estimat pentru citire":"3 minute"},"schema":{"@context":"https:\/\/schema.org","@graph":[{"@type":"WebPage","@id":"https:\/\/talkpal.ai\/ro\/gramatica-italiana\/","url":"https:\/\/talkpal.ai\/ro\/gramatica-italiana\/","name":"Gramatica italian\u0103 - Talkpal","isPartOf":{"@id":"https:\/\/talkpal.ai\/ro\/#website"},"primaryImageOfPage":{"@id":"https:\/\/talkpal.ai\/ro\/gramatica-italiana\/#primaryimage"},"image":{"@id":"https:\/\/talkpal.ai\/ro\/gramatica-italiana\/#primaryimage"},"thumbnailUrl":"https:\/\/talkpal.ai\/wp-content\/uploads\/2023\/03\/italy.png","datePublished":"2023-03-26T12:27:22+00:00","dateModified":"2025-05-22T18:43:45+00:00","description":"\u00cenv\u0103\u021ba\u021bi gramatica italian\u0103 cu u\u0219urin\u021b\u0103 - exersa\u021bi clar, \u00een\u021belege\u021bi regulile \u0219i vorbi\u021bi mai bine cu \u00eendrumare simpl\u0103 de la Talkpal AI.","breadcrumb":{"@id":"https:\/\/talkpal.ai\/ro\/gramatica-italiana\/#breadcrumb"},"inLanguage":"ro-RO","potentialAction":[{"@type":"ReadAction","target":["https:\/\/talkpal.ai\/ro\/gramatica-italiana\/"]}]},{"@type":"ImageObject","inLanguage":"ro-RO","@id":"https:\/\/talkpal.ai\/ro\/gramatica-italiana\/#primaryimage","url":"https:\/\/talkpal.ai\/wp-content\/uploads\/2023\/03\/italy.png","contentUrl":"https:\/\/talkpal.ai\/wp-content\/uploads\/2023\/03\/italy.png","width":512,"height":512,"caption":"Talkpal AI \u00eenva\u021b\u0103 italian\u0103"},{"@type":"BreadcrumbList","@id":"https:\/\/talkpal.ai\/ro\/gramatica-italiana\/#breadcrumb","itemListElement":[{"@type":"ListItem","position":1,"name":"Homepage","item":"https:\/\/talkpal.ai\/ro\/"},{"@type":"ListItem","position":2,"name":"Gramatica italian\u0103"}]},{"@type":"WebSite","@id":"https:\/\/talkpal.ai\/ro\/#website","url":"https:\/\/talkpal.ai\/ro\/","name":"Talkpal","description":"AI Language Learning","publisher":{"@id":"https:\/\/talkpal.ai\/ro\/#organization"},"alternateName":"Talkpal AI","potentialAction":[{"@type":"SearchAction","target":{"@type":"EntryPoint","urlTemplate":"https:\/\/talkpal.ai\/ro\/?s={search_term_string}"},"query-input":{"@type":"PropertyValueSpecification","valueRequired":true,"valueName":"search_term_string"}}],"inLanguage":"ro-RO"},{"@type":"Organization","@id":"https:\/\/talkpal.ai\/ro\/#organization","name":"Talkpal, Inc.","alternateName":"Talkpal AI","url":"https:\/\/talkpal.ai\/ro\/","logo":{"@type":"ImageObject","inLanguage":"ro-RO","@id":"https:\/\/talkpal.ai\/ro\/#\/schema\/logo\/image\/","url":"https:\/\/talkpal.ai\/wp-content\/uploads\/2024\/03\/Talkpal-Logo-Icon.png","contentUrl":"https:\/\/talkpal.ai\/wp-content\/uploads\/2024\/03\/Talkpal-Logo-Icon.png","width":2880,"height":2880,"caption":"Talkpal, Inc."},"image":{"@id":"https:\/\/talkpal.ai\/ro\/#\/schema\/logo\/image\/"},"sameAs":["https:\/\/www.facebook.com\/profile.php?id=100090733639311","https:\/\/x.com\/talkpalai","https:\/\/www.linkedin.com\/company\/talkpal\/","https:\/\/www.youtube.com\/@TalkPal\/","https:\/\/www.tiktok.com\/@talkpal","https:\/\/www.instagram.com\/talkpal_ai\/","https:\/\/www.crunchbase.com\/organization\/talkpal-9cde","https:\/\/www.g2.com\/products\/talkpal-for-business\/","https:\/\/www.trustpilot.com\/review\/talkpal.ai","https:\/\/www.capterra.com\/p\/10006800\/TalkPal\/"],"description":"Talkpal is a language learning web and mobile education app, powered by the latest AI technologies, that provides engaging experiences to its customers in many different languages to help them improve their language skills. Users can chat about unlimited amount of topics with the app and use other modes to practice their language learning.","email":"support@talkpal.ai","legalName":"Talkpal, Inc.","foundingDate":"2023-04-03","duns":"118989042","numberOfEmployees":{"@type":"QuantitativeValue","minValue":"11","maxValue":"50"},"publishingPrinciples":"https:\/\/talkpal.ai\/publishing-principles\/","actionableFeedbackPolicy":"https:\/\/talkpal.ai\/actionable-feedback-policy\/","correctionsPolicy":"https:\/\/talkpal.ai\/corrections-policy\/","ethicsPolicy":"https:\/\/talkpal.ai\/ethics-policy\/","diversityPolicy":"https:\/\/talkpal.ai\/diversity-policy\/","diversityStaffingReport":"https:\/\/talkpal.ai\/diversity-policy\/"}]}},"_links":{"self":[{"href":"https:\/\/talkpal.ai\/ro\/wp-json\/wp\/v2\/pages\/126830","targetHints":{"allow":["GET"]}}],"collection":[{"href":"https:\/\/talkpal.ai\/ro\/wp-json\/wp\/v2\/pages"}],"about":[{"href":"https:\/\/talkpal.ai\/ro\/wp-json\/wp\/v2\/types\/page"}],"author":[{"embeddable":true,"href":"https:\/\/talkpal.ai\/ro\/wp-json\/wp\/v2\/users\/1"}],"replies":[{"embeddable":true,"href":"https:\/\/talkpal.ai\/ro\/wp-json\/wp\/v2\/comments?post=126830"}],"version-history":[{"count":0,"href":"https:\/\/talkpal.ai\/ro\/wp-json\/wp\/v2\/pages\/126830\/revisions"}],"wp:featuredmedia":[{"embeddable":true,"href":"https:\/\/talkpal.ai\/ro\/wp-json\/wp\/v2\/media\/76294"}],"wp:attachment":[{"href":"https:\/\/talkpal.ai\/ro\/wp-json\/wp\/v2\/media?parent=126830"}],"curies":[{"name":"wp","href":"https:\/\/api.w.org\/{rel}","templated":true}]}}