{"id":124434,"date":"2023-03-26T11:45:19","date_gmt":"2023-03-26T11:45:19","guid":{"rendered":"http:\/\/talkpal.ai\/gramatica-franceza\/"},"modified":"2025-05-22T18:46:46","modified_gmt":"2025-05-22T18:46:46","slug":"gramatica-franceza","status":"publish","type":"page","link":"https:\/\/talkpal.ai\/ro\/gramatica-franceza\/","title":{"rendered":"Gramatica francez\u0103"},"content":{"rendered":"\r\n\r\n\r\n<section class=\"languageChallengeSection\">\r\n    <div class=\"languageInfoWrapper\">\r\n        \r\n        <h1>Gramatica francez\u0103<\/h1>\r\n        <p>Descoperi\u021bi elegan\u021ba limbii franceze prin st\u0103p\u00e2nirea regulilor gramaticale esen\u021biale. O \u00een\u021belegere solid\u0103 a gramaticii franceze v\u0103 va ajuta s\u0103 comunica\u021bi cu u\u0219urin\u021b\u0103 \u0219i s\u0103 aprecia\u021bi bog\u0103\u021bia culturii franceze. \u00cencepe\u021bi s\u0103 \u00eenv\u0103\u021ba\u021bi ast\u0103zi gramatica francez\u0103 \u0219i \u00eencepe\u021bi c\u0103l\u0103toria c\u0103tre fluen\u021b\u0103!<\/p>\r\n\r\n                            <a class=\"getStartedHidden\" href=\"https:\/\/app.talkpal.ai\/ro\/signup?lng=\">\u00cencepe<\/a>\r\n        \r\n    <\/div>\r\n\r\n    <figure>\r\n    <img decoding=\"async\" width=\"768\" height=\"768\" src=\"https:\/\/talkpal.ai\/wp-content\/uploads\/2023\/06\/french-768x768.png\" class=\"languageImage no-lazy\" alt=\"Language learning strategies for professionals\" fetchpriority=\"high\" sizes=\"(max-width: 768px) 150px, 768px\" srcset=\"https:\/\/talkpal.ai\/wp-content\/uploads\/2023\/06\/french-768x768.png 768w, https:\/\/talkpal.ai\/wp-content\/uploads\/2023\/06\/french-300x300.png 300w\" \/>\r\n    \r\n\r\n    <\/figure>\r\n\r\n            <a class=\"getStartedVisible\" href=\"https:\/\/app.talkpal.ai\/ro\/signup?lng=\">\u00cencepe<\/a>\r\n    \r\n<\/section>\r\n        <section class=\"grammarSection\">\r\n            <div class=\"grammarLinks\">\r\n                <a href=\"https:\/\/talkpal.ai\/ro\/language\/adjective-gramatica-franceza\/\">Adjective <\/a><a href=\"https:\/\/talkpal.ai\/ro\/language\/adverbe-gramatica-franceza\/\">Adverbe <\/a><a href=\"https:\/\/talkpal.ai\/ro\/language\/articole-gramatica-franceza\/\">Articole <\/a><a href=\"https:\/\/talkpal.ai\/ro\/language\/indicativ-de-timpuri-gramatica-franceza\/\">Indicativ de timpuri <\/a><a href=\"https:\/\/talkpal.ai\/ro\/language\/prepozitii-gramatica-franceza\/\">Prepozi\u021bii <\/a><a href=\"https:\/\/talkpal.ai\/ro\/language\/pronume-si-determinanti-gramatica-franceza\/\">Pronume \u0219i determinan\u021bi <\/a><a href=\"https:\/\/talkpal.ai\/ro\/language\/structura-propozitiei-gramatica-franceza\/\">Structura propozi\u021biei <\/a><a href=\"https:\/\/talkpal.ai\/ro\/language\/substantive-gramatica-franceza\/\">Substantive <\/a><a href=\"https:\/\/talkpal.ai\/ro\/language\/verbe-gramatica-franceza\/\">Verbe <\/a>            <\/div>\r\n        <\/section>\r\n    <section class=\"promotionalBanner\">\r\n    <p class=\"promotionalText\"><\/p>\r\n    <a class=\"promotionalLink\" href=\"https:\/\/app.talkpal.ai\/ro\/signup?lng=\"><\/a>\r\n<\/section>\n<div class=\"wp-block-group pageContainerStyle\"><div class=\"wp-block-group__inner-container is-layout-constrained wp-block-group-is-layout-constrained\">\n<h2 class=\"wp-block-heading\" id=\"h-a-beginner-s-guide-to-french-grammar\">Ghidul \u00eencep\u0103torului de gramatic\u0103 francez\u0103<\/h2>\n\n\n\n<p>\u00cenv\u0103\u021barea limbii franceze poate fi o experien\u021b\u0103 interesant\u0103 \u0219i plin\u0103 de satisfac\u021bii. Cu toate acestea, st\u0103p\u00e2nirea gramaticii franceze poate fi o provocare, chiar \u0219i pentru cei care sunt competen\u021bi \u00een limba <a href=\"https:\/\/talkpal.ai\/learn-english-with-ai\/\">englez\u0103<\/a>. \u00cen acest articol, vom discuta c\u00e2teva sfaturi esen\u021biale de <a href=\"https:\/\/talkpal.ai\/grammar\/\">gramatic\u0103<\/a> francez\u0103 pentru a v\u0103 ajuta s\u0103 v\u0103 \u00eembun\u0103t\u0103\u021bi\u021bi abilit\u0103\u021bile lingvistice. Familiariz\u00e2ndu-v\u0103 cu aceste reguli \u0219i exers\u00e2ndu-le \u00een mod regulat, ve\u021bi fi pe drumul cel bun pentru a deveni un expert \u00een gramatica francez\u0103.<\/p>\n\n\n\n<h3 class=\"wp-block-heading\" id=\"h-1-the-importance-of-gender-in-french-nouns\">1. Importan\u021ba genului \u00een substantivele franceze<\/h3>\n\n\n\n<p>Una dintre cele mai semnificative diferen\u021be dintre gramatica francez\u0103 \u0219i cea englez\u0103 este conceptul de gen. Toate substantivele franceze sunt fie masculine, fie feminine, ceea ce afecteaz\u0103 articolele \u0219i adjectivele folosite cu ele. De exemplu, &#8222;le&#8221; \u0219i &#8222;la&#8221; sunt articolele definite pentru substantive masculine \u0219i, respectiv, feminine. Atunci c\u00e2nd \u00eent\u00e2lni\u021bi un substantiv <a href=\"https:\/\/talkpal.ai\/talkpal-new-years-discount\/\">nou<\/a>, este esen\u021bial s\u0103 v\u0103 aminti\u021bi genul acestuia pentru a evita s\u0103 face\u021bi gre\u0219eli gramaticale.<\/p>\n\n\n\n<h3 class=\"wp-block-heading\" id=\"h-2-mastering-verb-conjugations\">2. St\u0103p\u00e2nirea conjug\u0103rilor verbelor<\/h3>\n\n\n\n<p>Verbele franceze au numeroase conjug\u0103ri bazate pe pronumele tensionate, starea de spirit \u0219i subiect. Acest lucru poate p\u0103rea cople\u0219itor, dar exist\u0103 modele \u0219i comenzi rapide <a href=\"https:\/\/talkpal.ai\/culture\/how-do-i-use-pe-care-correctly\/\">pe care<\/a> le pute\u021bi utiliza pentru a simplifica procesul. Verbele regulate apar\u021bin unuia dintre cele trei grupuri bazate pe termina\u021biile lor infinitive (-er, -ir \u0219i -re), \u0219i fiecare grup are propriul set de reguli de conjugare. Odat\u0103 ce a\u021bi \u00eenv\u0103\u021bat aceste reguli, pute\u021bi conjuga cu u\u0219urin\u021b\u0103 un num\u0103r semnificativ de verbe franceze.<\/p>\n\n\n\n<h3 class=\"wp-block-heading\" id=\"h-3-the-partitive-article-du-de-la-and-de-l\">3. Articolul partitiv: du, de la \u0219i de l&#8217;.<\/h3>\n\n\n\n<p>Atunci c\u00e2nd vorbim despre o por\u021biune sau o cantitate nespecificat\u0103 din ceva, va trebui s\u0103 folosi\u021bi articolul partitiv. Articolul partitiv se schimb\u0103 \u00een func\u021bie de genul substantivului \u0219i dac\u0103 acesta \u00eencepe cu o vocal\u0103 sau o consoan\u0103. Pentru substantive masculine, folosi\u021bi &#8222;du&#8221;, pentru substantive feminine folosi\u021bi &#8222;de la&#8221;, iar pentru substantive care \u00eencep cu o vocal\u0103 sau cu &#8222;h&#8221; <a href=\"https:\/\/talkpal.ai\/locations\/language-courses-in-mut\/\">mut<\/a>, folosi\u021bi &#8222;de l&#8221;.<\/p>\n\n\n\n<h3 class=\"wp-block-heading\" id=\"h-4-adjective-agreement-and-placement\">4. Acordul adjectival \u0219i plasarea<\/h3>\n\n\n\n<p>\u00cen gramatica francez\u0103, adjectivele trebuie s\u0103 fie de acord cu substantivul pe care \u00eel modific\u0103 \u00een termeni de gen \u0219i num\u0103r. Adesea, acest lucru \u00eenseamn\u0103 c\u0103 va trebui s\u0103 ad\u0103uga\u021bi un &#8222;e&#8221; la adjectiv pentru a-l face feminin \u0219i un &#8222;s&#8221; pentru a-l face plural. \u00cen plus, adjectivele urmeaz\u0103, \u00een general, dup\u0103 substantivul pe care \u00eel modific\u0103, cu unele excep\u021bii pentru adjectivele scurte \u0219i comune, cum ar fi &#8222;beau&#8221;, &#8222;vieil&#8221; \u0219i &#8222;grand&#8221;.<\/p>\n\n\n\n<p>Exemple:<br\/>&#8211; Un chat noir (O pisic\u0103 neagr\u0103)<br\/>&#8211; Une voiture noire (O ma\u0219in\u0103 neagr\u0103)<br\/>&#8211; Deux chats noirs (Dou\u0103 pisici negre)<\/p>\n\n\n\n<h3 class=\"wp-block-heading\" id=\"h-5-passe-compose-past-tense-made-easy\">5. Passe Compose &#8211; Past Tense Made Easy<\/h3>\n\n\n\n<p>De\u0219i exist\u0103 multe modalit\u0103\u021bi de a exprima timpul trecut \u00een francez\u0103, pass\u00e8 compos\u00e9 este unul dintre cele mai utile \u0219i mai u\u0219or de \u00eenv\u0103\u021bat. Pentru a forma pasatul compus, ve\u021bi avea nevoie de timpul prezent al verbului auxiliar &#8222;avoir&#8221; sau &#8222;\u00eatre&#8221;, urmat de participiul trecut al verbului principal. Cele mai multe verbe folosesc &#8222;avoir&#8221; ca auxiliar, \u00een timp ce unele verbe, \u00een special cele legate de mi\u0219care \u0219i verbele reflexive, folosesc &#8222;\u00eatre&#8221;.<\/p>\n\n\n\n<p>Exemplu:<br\/>&#8211; J&#8217;ai mang\u00e9 (Am m\u00e2ncat)<br\/>&#8211; Nous sommes all\u00e9s (Ne-am dus)<\/p>\n\n\n\n<h3 class=\"wp-block-heading\" id=\"h-6-engaging-with-the-language\">6. Interac\u021biunea cu limba<\/h3>\n\n\n\n<p>Una dintre cele mai bune modalit\u0103\u021bi de a v\u0103 \u00eembun\u0103t\u0103\u021bi gramatica francez\u0103 este s\u0103 v\u0103 angaja\u021bi \u00een mod regulat cu limba. Fie c\u0103 citi\u021bi ziare franceze, viziona\u021bi filme franceze sau vorbi\u021bi cu un vorbitor nativ, expunerea la limba francez\u0103 \u00een diferite contexte v\u0103 va ajuta s\u0103 v\u0103 consolida\u021bi \u00een\u021belegerea gramaticii \u0219i s\u0103 v\u0103 extinde\u021bi vocabularul.<\/p>\n\n\n\n<h3 class=\"wp-block-heading\" id=\"h-conclusion\">Concluzie<\/h3>\n\n\n\n<p>St\u0103p\u00e2nirea gramaticii franceze ar putea p\u0103rea descurajant\u0103, dar cu practic\u0103 consecvent\u0103 \u0219i dedicare, pute\u021bi deveni fluent \u00een aceast\u0103 limb\u0103 frumoas\u0103. Concentr\u00e2ndu-v\u0103 pe regulile esen\u021biale prezentate mai sus \u0219i angaj\u00e2ndu-v\u0103 cu limba \u00een diferite contexte, abilit\u0103\u021bile dvs. de gramatic\u0103 francez\u0103 se vor \u00eembun\u0103t\u0103\u021bi rapid. Bonne \u0219ans\u0103 \u00een c\u0103l\u0103toria ta de a st\u0103p\u00e2ni gramatica francez\u0103!<\/p>\n<\/div><\/div>\n\r\n<section class=\"learnNavigationSection\">\r\n            \r\n        <a href=\"https:\/\/talkpal.ai\/ro\/invatati-franceza\/\">\r\n            <div class=\"learnNavigationWrapper\">\r\n                <div class=\"learnNavigationContent\">\r\n                    <img decoding=\"async\" src=\"https:\/\/talkpal.ai\/wp-content\/uploads\/2024\/08\/French.jpg\" alt=\"French Flag\">\r\n                    <div>\r\n                        <h4>Despre \u00eenv\u0103\u021barea limbii franceze<\/h4>\r\n                        <p>Afla\u021bi totul despre gramatica francez\u0103.<\/p>\r\n                    <\/div>\r\n                <\/div>\r\n            <\/div>\r\n        <\/a>\r\n\r\n        \r\n        <a href=\"https:\/\/talkpal.ai\/ro\/exercitii-de-gramatica-franceza\/\">\r\n            <div class=\"learnNavigationWrapper\">\r\n                <div class=\"learnNavigationContent\">\r\n                    <img decoding=\"async\" src=\"https:\/\/talkpal.ai\/wp-content\/uploads\/2024\/08\/French.jpg\" alt=\"French Flag\">\r\n                    <div>\r\n                        <h4>Exerci\u021biu de gramatic\u0103 francez\u0103<\/h4>\r\n                        <p>Exersa\u021bi gramatica francez\u0103.<\/p>\r\n                    <\/div>\r\n                <\/div>\r\n            <\/div>\r\n        <\/a>\r\n\r\n        \r\n        <a href=\"https:\/\/talkpal.ai\/vocabulary_language\/french\/\">\r\n            <div class=\"learnNavigationWrapper\">\r\n                <div class=\"learnNavigationContent\">\r\n                    <img decoding=\"async\" src=\"https:\/\/talkpal.ai\/wp-content\/uploads\/2024\/08\/French.jpg\" alt=\"French Flag\">\r\n                    <div>\r\n                        <h4>Vocabularul francez<\/h4>\r\n                        <p>Extinde\u021bi-v\u0103 vocabularul francez.<\/p>\r\n                    <\/div>\r\n                <\/div>\r\n            <\/div>\r\n        <\/a>\r\n\r\n            <\/section>","protected":false},"excerpt":{"rendered":"<p>Ghidul \u00eencep\u0103torului de gramatic\u0103 francez\u0103 \u00cenv\u0103\u021barea limbii franceze poate fi o experien\u021b\u0103 interesant\u0103 \u0219i plin\u0103 de satisfac\u021bii. Cu toate acestea, st\u0103p\u00e2nirea gramaticii franceze poate fi o provocare, chiar \u0219i pentru cei care sunt competen\u021bi \u00een limba englez\u0103. \u00cen acest articol, vom discuta c\u00e2teva sfaturi esen\u021biale de gramatic\u0103 francez\u0103 pentru a v\u0103 ajuta s\u0103 v\u0103 \u00eembun\u0103t\u0103\u021bi\u021bi [&hellip;]<\/p>\n","protected":false},"author":1,"featured_media":75991,"parent":0,"menu_order":0,"comment_status":"closed","ping_status":"closed","template":"LearningContentPage.php","meta":{"_acf_changed":false,"footnotes":""},"class_list":["post-124434","page","type-page","status-publish","has-post-thumbnail","hentry"],"acf":[],"yoast_head":"<!-- This site is optimized with the Yoast SEO Premium plugin v27.2 (Yoast SEO v27.2) - https:\/\/yoast.com\/product\/yoast-seo-premium-wordpress\/ -->\n<title>Gramatica francez\u0103 - Talkpal<\/title>\n<meta name=\"description\" content=\"St\u0103p\u00e2ne\u0219te conceptele esen\u021biale ale gramaticii franceze - acoper\u0103 verbele, conjug\u0103rile, timpii, substantivele, articolele, adjectivele, pronumele \u0219i structura propozi\u021biei.\" \/>\n<meta name=\"robots\" content=\"index, follow, max-snippet:-1, max-image-preview:large, max-video-preview:-1\" \/>\n<link rel=\"canonical\" href=\"https:\/\/talkpal.ai\/ro\/gramatica-franceza\/\" \/>\n<meta property=\"og:locale\" content=\"ro_RO\" \/>\n<meta property=\"og:type\" content=\"article\" \/>\n<meta property=\"og:title\" content=\"Gramatica francez\u0103\" \/>\n<meta property=\"og:description\" content=\"Ghidul \u00eencep\u0103torului de gramatic\u0103 francez\u0103 \u00cenv\u0103\u021barea limbii franceze poate fi o experien\u021b\u0103 interesant\u0103 \u0219i plin\u0103 de satisfac\u021bii. Cu toate acestea,\" \/>\n<meta property=\"og:url\" content=\"https:\/\/talkpal.ai\/ro\/gramatica-franceza\/\" \/>\n<meta property=\"og:site_name\" content=\"Talkpal\" \/>\n<meta property=\"article:publisher\" content=\"https:\/\/www.facebook.com\/profile.php?id=100090733639311\" \/>\n<meta property=\"article:modified_time\" content=\"2025-05-22T18:46:46+00:00\" \/>\n<meta property=\"og:image\" content=\"https:\/\/talkpal.ai\/wp-content\/uploads\/2023\/03\/france.png\" \/>\n\t<meta property=\"og:image:width\" content=\"512\" \/>\n\t<meta property=\"og:image:height\" content=\"512\" \/>\n\t<meta property=\"og:image:type\" content=\"image\/png\" \/>\n<meta name=\"twitter:card\" content=\"summary_large_image\" \/>\n<meta name=\"twitter:site\" content=\"@talkpalai\" \/>\n<meta name=\"twitter:label1\" content=\"Timp estimat pentru citire\" \/>\n\t<meta name=\"twitter:data1\" content=\"3 minute\" \/>\n<script type=\"application\/ld+json\" class=\"yoast-schema-graph\">{\"@context\":\"https:\/\/schema.org\",\"@graph\":[{\"@type\":\"WebPage\",\"@id\":\"https:\/\/talkpal.ai\/ro\/gramatica-franceza\/\",\"url\":\"https:\/\/talkpal.ai\/ro\/gramatica-franceza\/\",\"name\":\"Gramatica francez\u0103 - Talkpal\",\"isPartOf\":{\"@id\":\"https:\/\/talkpal.ai\/ro\/#website\"},\"primaryImageOfPage\":{\"@id\":\"https:\/\/talkpal.ai\/ro\/gramatica-franceza\/#primaryimage\"},\"image\":{\"@id\":\"https:\/\/talkpal.ai\/ro\/gramatica-franceza\/#primaryimage\"},\"thumbnailUrl\":\"https:\/\/talkpal.ai\/wp-content\/uploads\/2023\/03\/france.png\",\"datePublished\":\"2023-03-26T11:45:19+00:00\",\"dateModified\":\"2025-05-22T18:46:46+00:00\",\"description\":\"St\u0103p\u00e2ne\u0219te conceptele esen\u021biale ale gramaticii franceze - acoper\u0103 verbele, conjug\u0103rile, timpii, substantivele, articolele, adjectivele, pronumele \u0219i structura propozi\u021biei.\",\"breadcrumb\":{\"@id\":\"https:\/\/talkpal.ai\/ro\/gramatica-franceza\/#breadcrumb\"},\"inLanguage\":\"ro-RO\",\"potentialAction\":[{\"@type\":\"ReadAction\",\"target\":[\"https:\/\/talkpal.ai\/ro\/gramatica-franceza\/\"]}]},{\"@type\":\"ImageObject\",\"inLanguage\":\"ro-RO\",\"@id\":\"https:\/\/talkpal.ai\/ro\/gramatica-franceza\/#primaryimage\",\"url\":\"https:\/\/talkpal.ai\/wp-content\/uploads\/2023\/03\/france.png\",\"contentUrl\":\"https:\/\/talkpal.ai\/wp-content\/uploads\/2023\/03\/france.png\",\"width\":512,\"height\":512,\"caption\":\"TalkPal AI learn French\"},{\"@type\":\"BreadcrumbList\",\"@id\":\"https:\/\/talkpal.ai\/ro\/gramatica-franceza\/#breadcrumb\",\"itemListElement\":[{\"@type\":\"ListItem\",\"position\":1,\"name\":\"Homepage\",\"item\":\"https:\/\/talkpal.ai\/ro\/\"},{\"@type\":\"ListItem\",\"position\":2,\"name\":\"Gramatica francez\u0103\"}]},{\"@type\":\"WebSite\",\"@id\":\"https:\/\/talkpal.ai\/ro\/#website\",\"url\":\"https:\/\/talkpal.ai\/ro\/\",\"name\":\"Talkpal\",\"description\":\"AI Language Learning\",\"publisher\":{\"@id\":\"https:\/\/talkpal.ai\/ro\/#organization\"},\"alternateName\":\"Talkpal AI\",\"potentialAction\":[{\"@type\":\"SearchAction\",\"target\":{\"@type\":\"EntryPoint\",\"urlTemplate\":\"https:\/\/talkpal.ai\/ro\/?s={search_term_string}\"},\"query-input\":{\"@type\":\"PropertyValueSpecification\",\"valueRequired\":true,\"valueName\":\"search_term_string\"}}],\"inLanguage\":\"ro-RO\"},{\"@type\":\"Organization\",\"@id\":\"https:\/\/talkpal.ai\/ro\/#organization\",\"name\":\"Talkpal, Inc.\",\"alternateName\":\"Talkpal AI\",\"url\":\"https:\/\/talkpal.ai\/ro\/\",\"logo\":{\"@type\":\"ImageObject\",\"inLanguage\":\"ro-RO\",\"@id\":\"https:\/\/talkpal.ai\/ro\/#\/schema\/logo\/image\/\",\"url\":\"https:\/\/talkpal.ai\/wp-content\/uploads\/2024\/03\/Talkpal-Logo-Icon.png\",\"contentUrl\":\"https:\/\/talkpal.ai\/wp-content\/uploads\/2024\/03\/Talkpal-Logo-Icon.png\",\"width\":2880,\"height\":2880,\"caption\":\"Talkpal, Inc.\"},\"image\":{\"@id\":\"https:\/\/talkpal.ai\/ro\/#\/schema\/logo\/image\/\"},\"sameAs\":[\"https:\/\/www.facebook.com\/profile.php?id=100090733639311\",\"https:\/\/x.com\/talkpalai\",\"https:\/\/www.linkedin.com\/company\/talkpal\/\",\"https:\/\/www.youtube.com\/@TalkPal\/\",\"https:\/\/www.tiktok.com\/@talkpal\",\"https:\/\/www.instagram.com\/talkpal_ai\/\",\"https:\/\/www.crunchbase.com\/organization\/talkpal-9cde\",\"https:\/\/www.g2.com\/products\/talkpal-for-business\/\",\"https:\/\/www.trustpilot.com\/review\/talkpal.ai\",\"https:\/\/www.capterra.com\/p\/10006800\/TalkPal\/\"],\"description\":\"Talkpal is a language learning web and mobile education app, powered by the latest AI technologies, that provides engaging experiences to its customers in many different languages to help them improve their language skills. Users can chat about unlimited amount of topics with the app and use other modes to practice their language learning.\",\"email\":\"support@talkpal.ai\",\"legalName\":\"Talkpal, Inc.\",\"foundingDate\":\"2023-04-03\",\"duns\":\"118989042\",\"numberOfEmployees\":{\"@type\":\"QuantitativeValue\",\"minValue\":\"11\",\"maxValue\":\"50\"},\"publishingPrinciples\":\"https:\/\/talkpal.ai\/publishing-principles\/\",\"actionableFeedbackPolicy\":\"https:\/\/talkpal.ai\/actionable-feedback-policy\/\",\"correctionsPolicy\":\"https:\/\/talkpal.ai\/corrections-policy\/\",\"ethicsPolicy\":\"https:\/\/talkpal.ai\/ethics-policy\/\",\"diversityPolicy\":\"https:\/\/talkpal.ai\/diversity-policy\/\",\"diversityStaffingReport\":\"https:\/\/talkpal.ai\/diversity-policy\/\"}]}<\/script>\n<!-- \/ Yoast SEO Premium plugin. -->","yoast_head_json":{"title":"Gramatica francez\u0103 - Talkpal","description":"St\u0103p\u00e2ne\u0219te conceptele esen\u021biale ale gramaticii franceze - acoper\u0103 verbele, conjug\u0103rile, timpii, substantivele, articolele, adjectivele, pronumele \u0219i structura propozi\u021biei.","robots":{"index":"index","follow":"follow","max-snippet":"max-snippet:-1","max-image-preview":"max-image-preview:large","max-video-preview":"max-video-preview:-1"},"canonical":"https:\/\/talkpal.ai\/ro\/gramatica-franceza\/","og_locale":"ro_RO","og_type":"article","og_title":"Gramatica francez\u0103","og_description":"Ghidul \u00eencep\u0103torului de gramatic\u0103 francez\u0103 \u00cenv\u0103\u021barea limbii franceze poate fi o experien\u021b\u0103 interesant\u0103 \u0219i plin\u0103 de satisfac\u021bii. Cu toate acestea,","og_url":"https:\/\/talkpal.ai\/ro\/gramatica-franceza\/","og_site_name":"Talkpal","article_publisher":"https:\/\/www.facebook.com\/profile.php?id=100090733639311","article_modified_time":"2025-05-22T18:46:46+00:00","og_image":[{"width":512,"height":512,"url":"https:\/\/talkpal.ai\/wp-content\/uploads\/2023\/03\/france.png","type":"image\/png"}],"twitter_card":"summary_large_image","twitter_site":"@talkpalai","twitter_misc":{"Timp estimat pentru citire":"3 minute"},"schema":{"@context":"https:\/\/schema.org","@graph":[{"@type":"WebPage","@id":"https:\/\/talkpal.ai\/ro\/gramatica-franceza\/","url":"https:\/\/talkpal.ai\/ro\/gramatica-franceza\/","name":"Gramatica francez\u0103 - Talkpal","isPartOf":{"@id":"https:\/\/talkpal.ai\/ro\/#website"},"primaryImageOfPage":{"@id":"https:\/\/talkpal.ai\/ro\/gramatica-franceza\/#primaryimage"},"image":{"@id":"https:\/\/talkpal.ai\/ro\/gramatica-franceza\/#primaryimage"},"thumbnailUrl":"https:\/\/talkpal.ai\/wp-content\/uploads\/2023\/03\/france.png","datePublished":"2023-03-26T11:45:19+00:00","dateModified":"2025-05-22T18:46:46+00:00","description":"St\u0103p\u00e2ne\u0219te conceptele esen\u021biale ale gramaticii franceze - acoper\u0103 verbele, conjug\u0103rile, timpii, substantivele, articolele, adjectivele, pronumele \u0219i structura propozi\u021biei.","breadcrumb":{"@id":"https:\/\/talkpal.ai\/ro\/gramatica-franceza\/#breadcrumb"},"inLanguage":"ro-RO","potentialAction":[{"@type":"ReadAction","target":["https:\/\/talkpal.ai\/ro\/gramatica-franceza\/"]}]},{"@type":"ImageObject","inLanguage":"ro-RO","@id":"https:\/\/talkpal.ai\/ro\/gramatica-franceza\/#primaryimage","url":"https:\/\/talkpal.ai\/wp-content\/uploads\/2023\/03\/france.png","contentUrl":"https:\/\/talkpal.ai\/wp-content\/uploads\/2023\/03\/france.png","width":512,"height":512,"caption":"TalkPal AI learn French"},{"@type":"BreadcrumbList","@id":"https:\/\/talkpal.ai\/ro\/gramatica-franceza\/#breadcrumb","itemListElement":[{"@type":"ListItem","position":1,"name":"Homepage","item":"https:\/\/talkpal.ai\/ro\/"},{"@type":"ListItem","position":2,"name":"Gramatica francez\u0103"}]},{"@type":"WebSite","@id":"https:\/\/talkpal.ai\/ro\/#website","url":"https:\/\/talkpal.ai\/ro\/","name":"Talkpal","description":"AI Language Learning","publisher":{"@id":"https:\/\/talkpal.ai\/ro\/#organization"},"alternateName":"Talkpal AI","potentialAction":[{"@type":"SearchAction","target":{"@type":"EntryPoint","urlTemplate":"https:\/\/talkpal.ai\/ro\/?s={search_term_string}"},"query-input":{"@type":"PropertyValueSpecification","valueRequired":true,"valueName":"search_term_string"}}],"inLanguage":"ro-RO"},{"@type":"Organization","@id":"https:\/\/talkpal.ai\/ro\/#organization","name":"Talkpal, Inc.","alternateName":"Talkpal AI","url":"https:\/\/talkpal.ai\/ro\/","logo":{"@type":"ImageObject","inLanguage":"ro-RO","@id":"https:\/\/talkpal.ai\/ro\/#\/schema\/logo\/image\/","url":"https:\/\/talkpal.ai\/wp-content\/uploads\/2024\/03\/Talkpal-Logo-Icon.png","contentUrl":"https:\/\/talkpal.ai\/wp-content\/uploads\/2024\/03\/Talkpal-Logo-Icon.png","width":2880,"height":2880,"caption":"Talkpal, Inc."},"image":{"@id":"https:\/\/talkpal.ai\/ro\/#\/schema\/logo\/image\/"},"sameAs":["https:\/\/www.facebook.com\/profile.php?id=100090733639311","https:\/\/x.com\/talkpalai","https:\/\/www.linkedin.com\/company\/talkpal\/","https:\/\/www.youtube.com\/@TalkPal\/","https:\/\/www.tiktok.com\/@talkpal","https:\/\/www.instagram.com\/talkpal_ai\/","https:\/\/www.crunchbase.com\/organization\/talkpal-9cde","https:\/\/www.g2.com\/products\/talkpal-for-business\/","https:\/\/www.trustpilot.com\/review\/talkpal.ai","https:\/\/www.capterra.com\/p\/10006800\/TalkPal\/"],"description":"Talkpal is a language learning web and mobile education app, powered by the latest AI technologies, that provides engaging experiences to its customers in many different languages to help them improve their language skills. Users can chat about unlimited amount of topics with the app and use other modes to practice their language learning.","email":"support@talkpal.ai","legalName":"Talkpal, Inc.","foundingDate":"2023-04-03","duns":"118989042","numberOfEmployees":{"@type":"QuantitativeValue","minValue":"11","maxValue":"50"},"publishingPrinciples":"https:\/\/talkpal.ai\/publishing-principles\/","actionableFeedbackPolicy":"https:\/\/talkpal.ai\/actionable-feedback-policy\/","correctionsPolicy":"https:\/\/talkpal.ai\/corrections-policy\/","ethicsPolicy":"https:\/\/talkpal.ai\/ethics-policy\/","diversityPolicy":"https:\/\/talkpal.ai\/diversity-policy\/","diversityStaffingReport":"https:\/\/talkpal.ai\/diversity-policy\/"}]}},"_links":{"self":[{"href":"https:\/\/talkpal.ai\/ro\/wp-json\/wp\/v2\/pages\/124434","targetHints":{"allow":["GET"]}}],"collection":[{"href":"https:\/\/talkpal.ai\/ro\/wp-json\/wp\/v2\/pages"}],"about":[{"href":"https:\/\/talkpal.ai\/ro\/wp-json\/wp\/v2\/types\/page"}],"author":[{"embeddable":true,"href":"https:\/\/talkpal.ai\/ro\/wp-json\/wp\/v2\/users\/1"}],"replies":[{"embeddable":true,"href":"https:\/\/talkpal.ai\/ro\/wp-json\/wp\/v2\/comments?post=124434"}],"version-history":[{"count":0,"href":"https:\/\/talkpal.ai\/ro\/wp-json\/wp\/v2\/pages\/124434\/revisions"}],"wp:featuredmedia":[{"embeddable":true,"href":"https:\/\/talkpal.ai\/ro\/wp-json\/wp\/v2\/media\/75991"}],"wp:attachment":[{"href":"https:\/\/talkpal.ai\/ro\/wp-json\/wp\/v2\/media?parent=124434"}],"curies":[{"name":"wp","href":"https:\/\/api.w.org\/{rel}","templated":true}]}}