{"id":124382,"date":"2023-03-26T11:55:54","date_gmt":"2023-03-26T11:55:54","guid":{"rendered":"http:\/\/talkpal.ai\/gramatica-spaniola\/"},"modified":"2025-05-22T18:50:32","modified_gmt":"2025-05-22T18:50:32","slug":"gramatica-spaniola","status":"publish","type":"page","link":"https:\/\/talkpal.ai\/ro\/gramatica-spaniola\/","title":{"rendered":"Gramatica spaniol\u0103"},"content":{"rendered":"\r\n\r\n\r\n<section class=\"languageChallengeSection\">\r\n    <div class=\"languageInfoWrapper\">\r\n        \r\n        <h1>Gramatica spaniol\u0103<\/h1>\r\n        <p>P\u0103trunde\u021bi \u00een lumea vibrant\u0103 a limbii spaniole prin st\u0103p\u00e2nirea regulilor gramaticale esen\u021biale. \u00cen\u021belegerea gramaticii spaniole v\u0103 va ajuta s\u0103 comunica\u021bi cu \u00eencredere \u0219i s\u0103 stabili\u021bi noi leg\u0103turi cu milioane de vorbitori din \u00eentreaga lume. \u00cencepe\u021bi ast\u0103zi s\u0103 \u00eenv\u0103\u021ba\u021bi <a href=\"https:\/\/talkpal.ai\/spanish-grammar\/\">gramatica spaniol\u0103<\/a> \u0219i face\u021bi primul pas spre fluen\u021b\u0103!<\/p>\r\n\r\n                            <a class=\"getStartedHidden\" href=\"https:\/\/app.talkpal.ai\/ro\/signup?lng=\">\u00cencepe<\/a>\r\n        \r\n    <\/div>\r\n\r\n    <figure>\r\n    <img decoding=\"async\" width=\"768\" height=\"768\" src=\"https:\/\/talkpal.ai\/wp-content\/uploads\/2023\/06\/Spanish-768x768.png\" class=\"languageImage no-lazy\" alt=\"Practical application of language learning\" fetchpriority=\"high\" sizes=\"(max-width: 768px) 150px, 768px\" srcset=\"https:\/\/talkpal.ai\/wp-content\/uploads\/2023\/06\/Spanish-768x768.png 768w, https:\/\/talkpal.ai\/wp-content\/uploads\/2023\/06\/Spanish-300x300.png 300w\" \/>\r\n    \r\n\r\n    <\/figure>\r\n\r\n            <a class=\"getStartedVisible\" href=\"https:\/\/app.talkpal.ai\/ro\/signup?lng=\">\u00cencepe<\/a>\r\n    \r\n<\/section>\r\n        <section class=\"grammarSection\">\r\n            <div class=\"grammarLinks\">\r\n                <a href=\"https:\/\/talkpal.ai\/ro\/language\/adjective-gramatica-spaniola\/\">Adjective <\/a><a href=\"https:\/\/talkpal.ai\/ro\/language\/adverbe-gramatica-spaniola\/\">Adverbe <\/a><a href=\"https:\/\/talkpal.ai\/ro\/language\/articole-gramatica-spaniola\/\">Articole <\/a><a href=\"https:\/\/talkpal.ai\/ro\/language\/prepozitii-gramatica-spaniola\/\">Prepozi\u021bii <\/a><a href=\"https:\/\/talkpal.ai\/ro\/language\/pronume-gramatica-spaniola\/\">Pronume <\/a><a href=\"https:\/\/talkpal.ai\/ro\/language\/structura-propozitiei-gramatica-spaniola\/\">Structura propozi\u021biei <\/a><a href=\"https:\/\/talkpal.ai\/ro\/language\/substantive-gramatica-spaniola\/\">Substantive <\/a><a href=\"https:\/\/talkpal.ai\/ro\/language\/timpuri-indicative-gramatica-spaniola\/\">Timpuri Indicative <\/a><a href=\"https:\/\/talkpal.ai\/ro\/language\/timpuri-subjunctive-gramatica-spaniola\/\">Timpuri subjunctive <\/a><a href=\"https:\/\/talkpal.ai\/ro\/language\/verbe-gramatica-spaniola\/\">Verbe <\/a>            <\/div>\r\n        <\/section>\r\n    <section class=\"promotionalBanner\">\r\n    <p class=\"promotionalText\"><\/p>\r\n    <a class=\"promotionalLink\" href=\"https:\/\/app.talkpal.ai\/ro\/signup?lng=\"><\/a>\r\n<\/section>\n<div class=\"wp-block-group pageContainerStyle\"><div class=\"wp-block-group__inner-container is-layout-constrained wp-block-group-is-layout-constrained\">\n<h2 class=\"wp-block-heading\" id=\"h-a-quick-guide-to-learning-spanish-grammar\">Un ghid rapid pentru \u00eenv\u0103\u021barea gramaticii spaniole<\/h2>\n\n\n\n<p>Dac\u0103 v-a\u021bi g\u00e2ndit vreodat\u0103 s\u0103 \u00eenv\u0103\u021ba\u021bi o limb\u0103 nou\u0103, sunt \u0219anse mari s\u0103 v\u0103 fi trecut prin minte spaniola. Fiind una dintre <a href=\"https:\/\/talkpal.ai\/the-10-most-spoken-languages-in-the-world\/\">cele mai vorbite limbi<\/a> din \u00eentreaga lume, spaniola ofer\u0103 numeroase beneficii pentru cre\u0219terea personal\u0103 \u0219i profesional\u0103. \u00cenv\u0103\u021barea limbii spaniole nu numai c\u0103 v\u0103 va oferi acces la culturi noi, ci v\u0103 va \u00eembun\u0103t\u0103\u021bi \u0219i abilit\u0103\u021bile de comunicare. De\u0219i mul\u021bi oameni sunt speria\u021bi s\u0103 nu se \u00eencurce \u00een regulile gramaticale, pute\u021bi r\u0103sufla u\u0219ura\u021bi, deoarece gramatica <a href=\"https:\/\/talkpal.ai\/learn-spanish\/\">spaniol\u0103<\/a> este relativ simpl\u0103. \u00cen acest articol, v\u0103 vom oferi un ghid rapid pentru a v\u0103 ajuta s\u0103 naviga\u021bi \u00een lumea captivant\u0103 a gramaticii spaniole ca un profesionist!<\/p>\n\n\n\n<h3 class=\"wp-block-heading\" id=\"h-1-understanding-spanish-nouns-and-articles\">1. \u00cen\u021belegerea substantivelor \u0219i articolelor spaniole<\/h3>\n\n\n\n<p>Substantivele spaniole, ca \u0219i \u00een limba <a href=\"https:\/\/talkpal.ai\/learn-english-with-ai\/\">englez\u0103<\/a>, sunt folosite pentru a identifica oameni, locuri, obiecte, idei \u0219i sentimente. Prima regul\u0103 de re\u021binut despre substantivele spaniole este c\u0103 au gen. Substantivele spaniole sunt fie masculine, fie feminine. De exemplu, &#8222;libro&#8221; (carte) este masculin, iar &#8222;casa&#8221; (cas\u0103) este feminin. De multe ori, substantivele care se termin\u0103 \u00een &#8222;o&#8221; sunt masculine, \u00een timp ce cele care se termin\u0103 \u00een &#8222;a&#8221; sunt feminine.<\/p>\n\n\n\n<p>Articolele spaniole sunt similare cu cele engleze\u0219ti &#8222;the&#8221;, &#8222;a&#8221; sau &#8222;an&#8221;. Ele sunt o parte crucial\u0103 a limbii, deoarece trebuie s\u0103 fie de acord cu genul \u0219i num\u0103rul substantivului <a href=\"https:\/\/talkpal.ai\/culture\/how-do-i-use-pe-care-correctly\/\">pe care<\/a> \u00eel descriu. Exist\u0103 patru tipuri de articole spaniole:<\/p>\n\n\n\n<p>&#8211; <strong>Articolele definite:<\/strong> el (singularul masculin), la (singularul feminin), los (pluralul masculin) \u0219i las (pluralul feminin).<br\/>&#8211; <strong>Articolele nedefinite:<\/strong> un (un (a\/an masculin singular), una (a\/an feminin singular), unos (unele masculin plural) \u0219i unas (unele feminin plural).<\/p>\n\n\n\n<h3 class=\"wp-block-heading\" id=\"h-2-slaying-spanish-verbs-conjugation-and-tenses\">2. Uciderea verbelor spaniole: conjugare \u0219i timpuri<\/h3>\n\n\n\n<p>Unul dintre cele mai importante aspecte ale \u00eenv\u0103\u021b\u0103rii gramaticii spaniole este \u00een\u021belegerea conjug\u0103rii verbelor. Conjugarea \u00eenseamn\u0103 pur \u0219i simplu modificarea formei r\u0103d\u0103cinii verbului pentru a se potrivi cu subiectul \u0219i timpul s\u0103u. De exemplu, \u00een spaniol\u0103, se spune &#8222;Yo como&#8221; (eu m\u0103n\u00e2nc) \u0219i &#8222;el come&#8221; (el m\u0103n\u00e2nc\u0103). Observa\u021bi c\u0103 verbul comer (a m\u00e2nca) \u00ee\u0219i schimb\u0103 forma atunci c\u00e2nd schimba\u021bi subiectul.<\/p>\n\n\n\n<p><strong>Unele verbe obi\u0219nuite comune \u00een spaniol\u0103 includ:<\/strong><\/p>\n\n\n\n<p>&#8211; Verbe AR: hablar (a vorbi), amar (a iubi) \u0219i bailar (a dansa).<br\/>&#8211; Verbe ER: comer (a m\u00e2nca), aprender (a \u00eenv\u0103\u021ba) \u0219i vender (a vinde).<br\/>&#8211; Verbe IR: vivir (a tr\u0103i), escribir (a scrie) \u0219i descubrir (a descoperi).<\/p>\n\n\n\n<p>La fel ca \u00een englez\u0103, spaniola are mai multe timpuri verbale pentru a indica momentul \u00een care se \u00eent\u00e2mpl\u0103 o ac\u021biune. Cele mai fundamentale sunt:<\/p>\n\n\n\n<p><strong>&#8211; Prezent<\/strong><br\/><strong>&#8211; Preterit<\/strong><br\/><strong>&#8211; Imperfect<\/strong><br\/><strong>&#8211; Viitorul<\/strong><br\/><strong>&#8211; Condi\u021bional<\/strong><br\/><strong>&#8211; Subjonctiv prezent<\/strong><br\/><strong>&#8211; Subjonctiv imperfect<\/strong><\/p>\n\n\n\n<p>Nu v\u0103 stresa\u021bi s\u0103 \u00eenv\u0103\u021ba\u021bi toate timpurile verbale deodat\u0103. Aborda\u021bi-le pe r\u00e2nd \u0219i exersa\u021bi p\u00e2n\u0103 c\u00e2nd v\u0103 sim\u021bi\u021bi confortabil s\u0103 le folosi\u021bi.<\/p>\n\n\n\n<h3 class=\"wp-block-heading\" id=\"h-3-creating-sentences-with-spanish-adjectives-and-adverbs\">3. Crearea propozi\u021biilor cu adjective \u0219i adverbe spaniole<\/h3>\n\n\n\n<p>Adjectivele \u0219i adverbele joac\u0103 un rol esen\u021bial \u00een condimentarea propozi\u021biilor spaniole. Adjectivele descriu calit\u0103\u021bile sau caracteristicile substantivelor, \u00een timp ce adverbele descriu ac\u021biuni sau verbe. \u00cen spaniol\u0103, adjectivele trebuie s\u0103 fie de acord cu substantivul pe care \u00eel descriu, at\u00e2t \u00een gen, c\u00e2t \u0219i \u00een num\u0103r.<\/p>\n\n\n\n<p>O diferen\u021b\u0103 cheie \u00eentre spaniol\u0103 \u0219i englez\u0103 este ordinea adjectival\u0103. Adjectivele spaniole vin de obicei dup\u0103 substantiv, de exemplu, &#8222;un coche rojo&#8221; (o ma\u0219in\u0103 ro\u0219ie).<\/p>\n\n\n\n<p>Adverbele spaniole, pe de alt\u0103 parte, nu se schimb\u0103 niciodat\u0103 pentru gen sau num\u0103r. La fel ca \u00een limba englez\u0103, adverbele vin de obicei dup\u0103 verbul pe care \u00eel modific\u0103, de exemplu, &#8222;Ella habla r\u00e1pidamente&#8221; (Ea vorbe\u0219te repede).<\/p>\n\n\n\n<h3 class=\"wp-block-heading\" id=\"h-conclusion\">Concluzie<\/h3>\n\n\n\n<p><a href=\"https:\/\/talkpal.ai\/spanish-grammar\/\">Gramatica spaniol\u0103<\/a> nu ar trebui s\u0103 te sperie! Este adev\u0103rat c\u0103 este nevoie de practic\u0103, dar, urm\u00e2nd aceste \u00eendrum\u0103ri simple, ve\u021bi fi pe cale s\u0103 deveni\u021bi un vorbitor de spaniol\u0103 excep\u021bional. Aminti\u021bi-v\u0103 \u00eentotdeauna s\u0103 interac\u021biona\u021bi cu limba \u00eentr-un mod distractiv, conversa\u021bional, pe m\u0103sur\u0103 ce explora\u021bi substantive, verbe, adjective \u0219i adverbe. Continua\u021bi s\u0103 practica\u021bi, \u00eembr\u0103\u021bi\u0219a\u021bi cultura \u0219i l\u0103sa\u021bi-v\u0103 c\u0103l\u0103toria spaniol\u0103 s\u0103 se desf\u0103\u0219oare. \u00a1Buena suerte!<\/p>\n<\/div><\/div>\n\r\n<section class=\"learnNavigationSection\">\r\n            \r\n        <a href=\"https:\/\/talkpal.ai\/ro\/invatati-spaniola\/\">\r\n            <div class=\"learnNavigationWrapper\">\r\n                <div class=\"learnNavigationContent\">\r\n                    <img decoding=\"async\" src=\"https:\/\/talkpal.ai\/wp-content\/uploads\/2024\/08\/Spanish.jpg\" alt=\"Spanish Flag\">\r\n                    <div>\r\n                        <h4>Despre \u00eenv\u0103\u021barea limbii spaniole<\/h4>\r\n                        <p>Afla\u021bi totul despre gramatica spaniol\u0103.<\/p>\r\n                    <\/div>\r\n                <\/div>\r\n            <\/div>\r\n        <\/a>\r\n\r\n        \r\n        <a href=\"https:\/\/talkpal.ai\/ro\/exercitii-de-gramatica-spaniola\/\">\r\n            <div class=\"learnNavigationWrapper\">\r\n                <div class=\"learnNavigationContent\">\r\n                    <img decoding=\"async\" src=\"https:\/\/talkpal.ai\/wp-content\/uploads\/2024\/08\/Spanish.jpg\" alt=\"Spanish Flag\">\r\n                    <div>\r\n                        <h4>Exerci\u021biu de gramatic\u0103 spaniol\u0103<\/h4>\r\n                        <p>Exersa\u021bi gramatica spaniol\u0103.<\/p>\r\n                    <\/div>\r\n                <\/div>\r\n            <\/div>\r\n        <\/a>\r\n\r\n        \r\n        <a href=\"https:\/\/talkpal.ai\/vocabulary_language\/spanish\/\">\r\n            <div class=\"learnNavigationWrapper\">\r\n                <div class=\"learnNavigationContent\">\r\n                    <img decoding=\"async\" src=\"https:\/\/talkpal.ai\/wp-content\/uploads\/2024\/08\/Spanish.jpg\" alt=\"Spanish Flag\">\r\n                    <div>\r\n                        <h4>Vocabular spaniol<\/h4>\r\n                        <p>Extinde\u021bi-v\u0103 vocabularul spaniol.<\/p>\r\n                    <\/div>\r\n                <\/div>\r\n            <\/div>\r\n        <\/a>\r\n\r\n            <\/section>","protected":false},"excerpt":{"rendered":"<p>Un ghid rapid pentru \u00eenv\u0103\u021barea gramaticii spaniole Dac\u0103 v-a\u021bi g\u00e2ndit vreodat\u0103 s\u0103 \u00eenv\u0103\u021ba\u021bi o limb\u0103 nou\u0103, sunt \u0219anse mari s\u0103 v\u0103 fi trecut prin minte spaniola. Fiind una dintre cele mai vorbite limbi din \u00eentreaga lume, spaniola ofer\u0103 numeroase beneficii pentru cre\u0219terea personal\u0103 \u0219i profesional\u0103. \u00cenv\u0103\u021barea limbii spaniole nu numai c\u0103 v\u0103 va oferi acces [&hellip;]<\/p>\n","protected":false},"author":1,"featured_media":75433,"parent":0,"menu_order":0,"comment_status":"closed","ping_status":"closed","template":"LearningContentPage.php","meta":{"_acf_changed":false,"footnotes":""},"class_list":["post-124382","page","type-page","status-publish","has-post-thumbnail","hentry"],"acf":[],"yoast_head":"<!-- This site is optimized with the Yoast SEO Premium plugin v27.2 (Yoast SEO v27.2) - https:\/\/yoast.com\/product\/yoast-seo-premium-wordpress\/ -->\n<title>Gramatica spaniol\u0103 - Talkpal<\/title>\n<meta name=\"description\" content=\"\u00cembun\u0103t\u0103\u021bi\u021bi-v\u0103 cuno\u0219tin\u021bele de gramatic\u0103 spaniol\u0103 cu exerci\u021bii interactive concepute pentru toate nivelurile de competen\u021b\u0103. Practica\u021bi eficient limba spaniol\u0103!\" \/>\n<meta name=\"robots\" content=\"index, follow, max-snippet:-1, max-image-preview:large, max-video-preview:-1\" \/>\n<link rel=\"canonical\" href=\"https:\/\/talkpal.ai\/ro\/gramatica-spaniola\/\" \/>\n<meta property=\"og:locale\" content=\"ro_RO\" \/>\n<meta property=\"og:type\" content=\"article\" \/>\n<meta property=\"og:title\" content=\"Gramatica spaniol\u0103\" \/>\n<meta property=\"og:description\" content=\"Un ghid rapid pentru \u00eenv\u0103\u021barea gramaticii spaniole Dac\u0103 v-a\u021bi g\u00e2ndit vreodat\u0103 s\u0103 \u00eenv\u0103\u021ba\u021bi o limb\u0103 nou\u0103, sunt \u0219anse mari s\u0103 v\u0103 fi trecut prin minte\" \/>\n<meta property=\"og:url\" content=\"https:\/\/talkpal.ai\/ro\/gramatica-spaniola\/\" \/>\n<meta property=\"og:site_name\" content=\"Talkpal\" \/>\n<meta property=\"article:publisher\" content=\"https:\/\/www.facebook.com\/profile.php?id=100090733639311\" \/>\n<meta property=\"article:modified_time\" content=\"2025-05-22T18:50:32+00:00\" \/>\n<meta property=\"og:image\" content=\"https:\/\/talkpal.ai\/wp-content\/uploads\/2023\/03\/spain.png\" \/>\n\t<meta property=\"og:image:width\" content=\"512\" \/>\n\t<meta property=\"og:image:height\" content=\"512\" \/>\n\t<meta property=\"og:image:type\" content=\"image\/png\" \/>\n<meta name=\"twitter:card\" content=\"summary_large_image\" \/>\n<meta name=\"twitter:site\" content=\"@talkpalai\" \/>\n<meta name=\"twitter:label1\" content=\"Timp estimat pentru citire\" \/>\n\t<meta name=\"twitter:data1\" content=\"4 minute\" \/>\n<script type=\"application\/ld+json\" class=\"yoast-schema-graph\">{\"@context\":\"https:\/\/schema.org\",\"@graph\":[{\"@type\":\"WebPage\",\"@id\":\"https:\/\/talkpal.ai\/ro\/gramatica-spaniola\/\",\"url\":\"https:\/\/talkpal.ai\/ro\/gramatica-spaniola\/\",\"name\":\"Gramatica spaniol\u0103 - Talkpal\",\"isPartOf\":{\"@id\":\"https:\/\/talkpal.ai\/ro\/#website\"},\"primaryImageOfPage\":{\"@id\":\"https:\/\/talkpal.ai\/ro\/gramatica-spaniola\/#primaryimage\"},\"image\":{\"@id\":\"https:\/\/talkpal.ai\/ro\/gramatica-spaniola\/#primaryimage\"},\"thumbnailUrl\":\"https:\/\/talkpal.ai\/wp-content\/uploads\/2023\/03\/spain.png\",\"datePublished\":\"2023-03-26T11:55:54+00:00\",\"dateModified\":\"2025-05-22T18:50:32+00:00\",\"description\":\"\u00cembun\u0103t\u0103\u021bi\u021bi-v\u0103 cuno\u0219tin\u021bele de gramatic\u0103 spaniol\u0103 cu exerci\u021bii interactive concepute pentru toate nivelurile de competen\u021b\u0103. Practica\u021bi eficient limba spaniol\u0103!\",\"breadcrumb\":{\"@id\":\"https:\/\/talkpal.ai\/ro\/gramatica-spaniola\/#breadcrumb\"},\"inLanguage\":\"ro-RO\",\"potentialAction\":[{\"@type\":\"ReadAction\",\"target\":[\"https:\/\/talkpal.ai\/ro\/gramatica-spaniola\/\"]}]},{\"@type\":\"ImageObject\",\"inLanguage\":\"ro-RO\",\"@id\":\"https:\/\/talkpal.ai\/ro\/gramatica-spaniola\/#primaryimage\",\"url\":\"https:\/\/talkpal.ai\/wp-content\/uploads\/2023\/03\/spain.png\",\"contentUrl\":\"https:\/\/talkpal.ai\/wp-content\/uploads\/2023\/03\/spain.png\",\"width\":512,\"height\":512,\"caption\":\"TalkPal AI learn Spanish\"},{\"@type\":\"BreadcrumbList\",\"@id\":\"https:\/\/talkpal.ai\/ro\/gramatica-spaniola\/#breadcrumb\",\"itemListElement\":[{\"@type\":\"ListItem\",\"position\":1,\"name\":\"Homepage\",\"item\":\"https:\/\/talkpal.ai\/ro\/\"},{\"@type\":\"ListItem\",\"position\":2,\"name\":\"Gramatica spaniol\u0103\"}]},{\"@type\":\"WebSite\",\"@id\":\"https:\/\/talkpal.ai\/ro\/#website\",\"url\":\"https:\/\/talkpal.ai\/ro\/\",\"name\":\"Talkpal\",\"description\":\"AI Language Learning\",\"publisher\":{\"@id\":\"https:\/\/talkpal.ai\/ro\/#organization\"},\"alternateName\":\"Talkpal AI\",\"potentialAction\":[{\"@type\":\"SearchAction\",\"target\":{\"@type\":\"EntryPoint\",\"urlTemplate\":\"https:\/\/talkpal.ai\/ro\/?s={search_term_string}\"},\"query-input\":{\"@type\":\"PropertyValueSpecification\",\"valueRequired\":true,\"valueName\":\"search_term_string\"}}],\"inLanguage\":\"ro-RO\"},{\"@type\":\"Organization\",\"@id\":\"https:\/\/talkpal.ai\/ro\/#organization\",\"name\":\"Talkpal, Inc.\",\"alternateName\":\"Talkpal AI\",\"url\":\"https:\/\/talkpal.ai\/ro\/\",\"logo\":{\"@type\":\"ImageObject\",\"inLanguage\":\"ro-RO\",\"@id\":\"https:\/\/talkpal.ai\/ro\/#\/schema\/logo\/image\/\",\"url\":\"https:\/\/talkpal.ai\/wp-content\/uploads\/2024\/03\/Talkpal-Logo-Icon.png\",\"contentUrl\":\"https:\/\/talkpal.ai\/wp-content\/uploads\/2024\/03\/Talkpal-Logo-Icon.png\",\"width\":2880,\"height\":2880,\"caption\":\"Talkpal, Inc.\"},\"image\":{\"@id\":\"https:\/\/talkpal.ai\/ro\/#\/schema\/logo\/image\/\"},\"sameAs\":[\"https:\/\/www.facebook.com\/profile.php?id=100090733639311\",\"https:\/\/x.com\/talkpalai\",\"https:\/\/www.linkedin.com\/company\/talkpal\/\",\"https:\/\/www.youtube.com\/@TalkPal\/\",\"https:\/\/www.tiktok.com\/@talkpal\",\"https:\/\/www.instagram.com\/talkpal_ai\/\",\"https:\/\/www.crunchbase.com\/organization\/talkpal-9cde\",\"https:\/\/www.g2.com\/products\/talkpal-for-business\/\",\"https:\/\/www.trustpilot.com\/review\/talkpal.ai\",\"https:\/\/www.capterra.com\/p\/10006800\/TalkPal\/\"],\"description\":\"Talkpal is a language learning web and mobile education app, powered by the latest AI technologies, that provides engaging experiences to its customers in many different languages to help them improve their language skills. Users can chat about unlimited amount of topics with the app and use other modes to practice their language learning.\",\"email\":\"support@talkpal.ai\",\"legalName\":\"Talkpal, Inc.\",\"foundingDate\":\"2023-04-03\",\"duns\":\"118989042\",\"numberOfEmployees\":{\"@type\":\"QuantitativeValue\",\"minValue\":\"11\",\"maxValue\":\"50\"},\"publishingPrinciples\":\"https:\/\/talkpal.ai\/publishing-principles\/\",\"actionableFeedbackPolicy\":\"https:\/\/talkpal.ai\/actionable-feedback-policy\/\",\"correctionsPolicy\":\"https:\/\/talkpal.ai\/corrections-policy\/\",\"ethicsPolicy\":\"https:\/\/talkpal.ai\/ethics-policy\/\",\"diversityPolicy\":\"https:\/\/talkpal.ai\/diversity-policy\/\",\"diversityStaffingReport\":\"https:\/\/talkpal.ai\/diversity-policy\/\"}]}<\/script>\n<!-- \/ Yoast SEO Premium plugin. -->","yoast_head_json":{"title":"Gramatica spaniol\u0103 - Talkpal","description":"\u00cembun\u0103t\u0103\u021bi\u021bi-v\u0103 cuno\u0219tin\u021bele de gramatic\u0103 spaniol\u0103 cu exerci\u021bii interactive concepute pentru toate nivelurile de competen\u021b\u0103. Practica\u021bi eficient limba spaniol\u0103!","robots":{"index":"index","follow":"follow","max-snippet":"max-snippet:-1","max-image-preview":"max-image-preview:large","max-video-preview":"max-video-preview:-1"},"canonical":"https:\/\/talkpal.ai\/ro\/gramatica-spaniola\/","og_locale":"ro_RO","og_type":"article","og_title":"Gramatica spaniol\u0103","og_description":"Un ghid rapid pentru \u00eenv\u0103\u021barea gramaticii spaniole Dac\u0103 v-a\u021bi g\u00e2ndit vreodat\u0103 s\u0103 \u00eenv\u0103\u021ba\u021bi o limb\u0103 nou\u0103, sunt \u0219anse mari s\u0103 v\u0103 fi trecut prin minte","og_url":"https:\/\/talkpal.ai\/ro\/gramatica-spaniola\/","og_site_name":"Talkpal","article_publisher":"https:\/\/www.facebook.com\/profile.php?id=100090733639311","article_modified_time":"2025-05-22T18:50:32+00:00","og_image":[{"width":512,"height":512,"url":"https:\/\/talkpal.ai\/wp-content\/uploads\/2023\/03\/spain.png","type":"image\/png"}],"twitter_card":"summary_large_image","twitter_site":"@talkpalai","twitter_misc":{"Timp estimat pentru citire":"4 minute"},"schema":{"@context":"https:\/\/schema.org","@graph":[{"@type":"WebPage","@id":"https:\/\/talkpal.ai\/ro\/gramatica-spaniola\/","url":"https:\/\/talkpal.ai\/ro\/gramatica-spaniola\/","name":"Gramatica spaniol\u0103 - Talkpal","isPartOf":{"@id":"https:\/\/talkpal.ai\/ro\/#website"},"primaryImageOfPage":{"@id":"https:\/\/talkpal.ai\/ro\/gramatica-spaniola\/#primaryimage"},"image":{"@id":"https:\/\/talkpal.ai\/ro\/gramatica-spaniola\/#primaryimage"},"thumbnailUrl":"https:\/\/talkpal.ai\/wp-content\/uploads\/2023\/03\/spain.png","datePublished":"2023-03-26T11:55:54+00:00","dateModified":"2025-05-22T18:50:32+00:00","description":"\u00cembun\u0103t\u0103\u021bi\u021bi-v\u0103 cuno\u0219tin\u021bele de gramatic\u0103 spaniol\u0103 cu exerci\u021bii interactive concepute pentru toate nivelurile de competen\u021b\u0103. Practica\u021bi eficient limba spaniol\u0103!","breadcrumb":{"@id":"https:\/\/talkpal.ai\/ro\/gramatica-spaniola\/#breadcrumb"},"inLanguage":"ro-RO","potentialAction":[{"@type":"ReadAction","target":["https:\/\/talkpal.ai\/ro\/gramatica-spaniola\/"]}]},{"@type":"ImageObject","inLanguage":"ro-RO","@id":"https:\/\/talkpal.ai\/ro\/gramatica-spaniola\/#primaryimage","url":"https:\/\/talkpal.ai\/wp-content\/uploads\/2023\/03\/spain.png","contentUrl":"https:\/\/talkpal.ai\/wp-content\/uploads\/2023\/03\/spain.png","width":512,"height":512,"caption":"TalkPal AI learn Spanish"},{"@type":"BreadcrumbList","@id":"https:\/\/talkpal.ai\/ro\/gramatica-spaniola\/#breadcrumb","itemListElement":[{"@type":"ListItem","position":1,"name":"Homepage","item":"https:\/\/talkpal.ai\/ro\/"},{"@type":"ListItem","position":2,"name":"Gramatica spaniol\u0103"}]},{"@type":"WebSite","@id":"https:\/\/talkpal.ai\/ro\/#website","url":"https:\/\/talkpal.ai\/ro\/","name":"Talkpal","description":"AI Language Learning","publisher":{"@id":"https:\/\/talkpal.ai\/ro\/#organization"},"alternateName":"Talkpal AI","potentialAction":[{"@type":"SearchAction","target":{"@type":"EntryPoint","urlTemplate":"https:\/\/talkpal.ai\/ro\/?s={search_term_string}"},"query-input":{"@type":"PropertyValueSpecification","valueRequired":true,"valueName":"search_term_string"}}],"inLanguage":"ro-RO"},{"@type":"Organization","@id":"https:\/\/talkpal.ai\/ro\/#organization","name":"Talkpal, Inc.","alternateName":"Talkpal AI","url":"https:\/\/talkpal.ai\/ro\/","logo":{"@type":"ImageObject","inLanguage":"ro-RO","@id":"https:\/\/talkpal.ai\/ro\/#\/schema\/logo\/image\/","url":"https:\/\/talkpal.ai\/wp-content\/uploads\/2024\/03\/Talkpal-Logo-Icon.png","contentUrl":"https:\/\/talkpal.ai\/wp-content\/uploads\/2024\/03\/Talkpal-Logo-Icon.png","width":2880,"height":2880,"caption":"Talkpal, Inc."},"image":{"@id":"https:\/\/talkpal.ai\/ro\/#\/schema\/logo\/image\/"},"sameAs":["https:\/\/www.facebook.com\/profile.php?id=100090733639311","https:\/\/x.com\/talkpalai","https:\/\/www.linkedin.com\/company\/talkpal\/","https:\/\/www.youtube.com\/@TalkPal\/","https:\/\/www.tiktok.com\/@talkpal","https:\/\/www.instagram.com\/talkpal_ai\/","https:\/\/www.crunchbase.com\/organization\/talkpal-9cde","https:\/\/www.g2.com\/products\/talkpal-for-business\/","https:\/\/www.trustpilot.com\/review\/talkpal.ai","https:\/\/www.capterra.com\/p\/10006800\/TalkPal\/"],"description":"Talkpal is a language learning web and mobile education app, powered by the latest AI technologies, that provides engaging experiences to its customers in many different languages to help them improve their language skills. Users can chat about unlimited amount of topics with the app and use other modes to practice their language learning.","email":"support@talkpal.ai","legalName":"Talkpal, Inc.","foundingDate":"2023-04-03","duns":"118989042","numberOfEmployees":{"@type":"QuantitativeValue","minValue":"11","maxValue":"50"},"publishingPrinciples":"https:\/\/talkpal.ai\/publishing-principles\/","actionableFeedbackPolicy":"https:\/\/talkpal.ai\/actionable-feedback-policy\/","correctionsPolicy":"https:\/\/talkpal.ai\/corrections-policy\/","ethicsPolicy":"https:\/\/talkpal.ai\/ethics-policy\/","diversityPolicy":"https:\/\/talkpal.ai\/diversity-policy\/","diversityStaffingReport":"https:\/\/talkpal.ai\/diversity-policy\/"}]}},"_links":{"self":[{"href":"https:\/\/talkpal.ai\/ro\/wp-json\/wp\/v2\/pages\/124382","targetHints":{"allow":["GET"]}}],"collection":[{"href":"https:\/\/talkpal.ai\/ro\/wp-json\/wp\/v2\/pages"}],"about":[{"href":"https:\/\/talkpal.ai\/ro\/wp-json\/wp\/v2\/types\/page"}],"author":[{"embeddable":true,"href":"https:\/\/talkpal.ai\/ro\/wp-json\/wp\/v2\/users\/1"}],"replies":[{"embeddable":true,"href":"https:\/\/talkpal.ai\/ro\/wp-json\/wp\/v2\/comments?post=124382"}],"version-history":[{"count":0,"href":"https:\/\/talkpal.ai\/ro\/wp-json\/wp\/v2\/pages\/124382\/revisions"}],"wp:featuredmedia":[{"embeddable":true,"href":"https:\/\/talkpal.ai\/ro\/wp-json\/wp\/v2\/media\/75433"}],"wp:attachment":[{"href":"https:\/\/talkpal.ai\/ro\/wp-json\/wp\/v2\/media?parent=124382"}],"curies":[{"name":"wp","href":"https:\/\/api.w.org\/{rel}","templated":true}]}}