{"id":124115,"date":"2023-03-26T11:40:15","date_gmt":"2023-03-26T11:40:15","guid":{"rendered":"http:\/\/talkpal.ai\/gramatica-germana\/"},"modified":"2025-05-22T19:22:21","modified_gmt":"2025-05-22T19:22:21","slug":"gramatica-germana","status":"publish","type":"page","link":"https:\/\/talkpal.ai\/ro\/gramatica-germana\/","title":{"rendered":"Gramatica german\u0103"},"content":{"rendered":"\r\n\r\n\r\n<section class=\"languageChallengeSection\">\r\n    <div class=\"languageInfoWrapper\">\r\n        \r\n        <h1>Gramatica german\u0103<\/h1>\r\n        <p>Descoperi\u021bi structura limbii germane prin st\u0103p\u00e2nirea regulilor sale gramaticale esen\u021biale. \u00cen\u021belegerea gramaticii germane v\u0103 va ajuta s\u0103 comunica\u021bi cu \u00eencredere \u0219i s\u0103 aprecia\u021bi pe deplin bog\u0103\u021bia culturilor vorbitoare de limb\u0103 german\u0103. \u00cencepe\u021bi ast\u0103zi s\u0103 \u00eenv\u0103\u021ba\u021bi gramatica german\u0103 \u0219i face\u021bi primul pas spre fluen\u021b\u0103!\n\n<\/p>\r\n\r\n                            <a class=\"getStartedHidden\" href=\"https:\/\/app.talkpal.ai\/ro\/signup?lng=\">\u00cencepe<\/a>\r\n        \r\n    <\/div>\r\n\r\n    <figure>\r\n    <img decoding=\"async\" width=\"768\" height=\"768\" src=\"https:\/\/talkpal.ai\/wp-content\/uploads\/2023\/06\/german-768x768.png\" class=\"languageImage no-lazy\" alt=\"Language learning for global networking\" fetchpriority=\"high\" sizes=\"(max-width: 768px) 150px, 768px\" srcset=\"https:\/\/talkpal.ai\/wp-content\/uploads\/2023\/06\/german-768x768.png 768w, https:\/\/talkpal.ai\/wp-content\/uploads\/2023\/06\/german-300x300.png 300w\" \/>\r\n    \r\n\r\n    <\/figure>\r\n\r\n            <a class=\"getStartedVisible\" href=\"https:\/\/app.talkpal.ai\/ro\/signup?lng=\">\u00cencepe<\/a>\r\n    \r\n<\/section>\r\n        <section class=\"grammarSection\">\r\n            <div class=\"grammarLinks\">\r\n                <a href=\"https:\/\/talkpal.ai\/ro\/language\/adjective-gramatica-germana\/\">Adjective <\/a><a href=\"https:\/\/talkpal.ai\/ro\/language\/adverbe-gramatica-germana\/\">Adverbe <\/a><a href=\"https:\/\/talkpal.ai\/ro\/language\/declinare-gramatica-germana\/\">Declinare <\/a><a href=\"https:\/\/talkpal.ai\/ro\/language\/prepozitii-gramatica-germana\/\">Prepozi\u021bii <\/a><a href=\"https:\/\/talkpal.ai\/ro\/language\/pronume-gramatica-germana\/\">Pronume <\/a><a href=\"https:\/\/talkpal.ai\/ro\/language\/structura-propozitiilor-gramatica-germana\/\">Structura propozi\u021biilor <\/a><a href=\"https:\/\/talkpal.ai\/ro\/language\/substantive-si-articole-gramatica-germana\/\">Substantive \u0219i articole <\/a><a href=\"https:\/\/talkpal.ai\/ro\/language\/timpuri-gramatica-germana\/\">Timpuri <\/a><a href=\"https:\/\/talkpal.ai\/ro\/language\/verbe-gramatica-germana\/\">Verbe <\/a>            <\/div>\r\n        <\/section>\r\n    <section class=\"promotionalBanner\">\r\n    <p class=\"promotionalText\">Cel mai eficient mod de a \u00eenv\u0103\u021ba o limb\u0103<\/p>\r\n    <a class=\"promotionalLink\" href=\"https:\/\/app.talkpal.ai\/ro\/signup?lng=\">\u00cencerca\u021bi Talkpal gratuit<\/a>\r\n<\/section>\n<div class=\"wp-block-group pageContainerStyle\"><div class=\"wp-block-group__inner-container is-layout-constrained wp-block-group-is-layout-constrained\">\n<h2 class=\"wp-block-heading\" id=\"h-unraveling-the-intricacies-of-german-grammar\">Dezv\u0103luirea complexit\u0103\u021bii gramaticii germane<\/h2>\n\n\n\n<p>\u00cenv\u0103\u021barea limbii germane poate fi un efort interesant \u0219i plin de satisfac\u021bii. Nu numai c\u0103 ve\u021bi putea vorbi cu peste 130 de milioane de persoane din \u00eentreaga lume, dar ve\u021bi avea acces \u0219i la o bog\u0103\u021bie de literatur\u0103, muzic\u0103 \u0219i istorie cultural\u0103. Ca \u00een orice limb\u0103, st\u0103p\u00e2nirea limbii germane necesit\u0103 dedicare \u0219i r\u0103bdare \u2013 mai ales c\u00e2nd vine vorba de <a href=\"https:\/\/talkpal.ai\/grammar\/\">gramatic\u0103<\/a>. Vestea bun\u0103 este c\u0103 multe aspecte ale gramaticii germane sunt destul de asem\u0103n\u0103toare cu gramatica <a href=\"https:\/\/talkpal.ai\/learn-english-with-ai\/\">englez\u0103<\/a>, ceea ce face mai u\u0219or pentru vorbitorii de englez\u0103 s\u0103-\u0219i \u00eenf\u0103\u0219oare capul. \u00cen acest articol, vom explora c\u00e2teva dintre caracteristicile cheie ale gramaticii germane, oferind sfaturi \u0219i trucuri utile pentru a v\u0103 ajuta s\u0103 st\u0103p\u00e2ni\u021bi aceast\u0103 limb\u0103 frumoas\u0103 \u0219i complex\u0103.<\/p>\n\n\n\n<h3 class=\"wp-block-heading\" id=\"h-1-nouns-and-articles-get-your-cases-right\">1. Substantive \u0219i articole &#8211; Face\u021bi-v\u0103 cazurile corecte!<\/h3>\n\n\n\n<p>Unul dintre primele obstacole pentru vorbitorii de limba englez\u0103 care \u00eenva\u021b\u0103 limba german\u0103 este \u00een\u021belegerea celor patru cazuri: nominativ, acuzativ, dativ \u0219i genitiv. Fiecare caz semnaleaz\u0103 o func\u021bie diferit\u0103 a unui substantiv \u00eentr-o propozi\u021bie, cum ar fi subiectul, obiectul direct sau obiectul indirect. \u00cen plus, germana are trei genuri gramaticale (masculin, feminin \u0219i neutru), iar articolele pentru fiecare gen se schimb\u0103 \u00een func\u021bie de caz. Sun\u0103 confuz? Nu v\u0103 face\u021bi griji! Pe m\u0103sur\u0103 ce v\u0103 familiariza\u021bi cu limba german\u0103, ve\u021bi \u00eencepe s\u0103 recunoa\u0219te\u021bi tiparele \u0219i s\u0103 anticipa\u021bi ce caz \u0219i ce gen s\u0103 folosi\u021bi.<\/p>\n\n\n\n<p>Sfat: Face\u021bi o diagram\u0103 a articolelor definite (der, die, das) \u0219i a articolelor nedefinite (ein, eine, ein) pentru fiecare gen \u0219i caz. Memora\u021bi-le mai \u00eent\u00e2i, deoarece acestea v\u0103 vor servi drept baz\u0103 pentru \u00een\u021belegerea structurii propozi\u021biei germane.<\/p>\n\n\n\n<h3 class=\"wp-block-heading\" id=\"h-2-verbs-conjugate-and-dominate\">2. Verbe \u2013 Conjug\u0103 \u0219i domin\u0103!<\/h3>\n\n\n\n<p>\u00cen limba german\u0103, verbele sunt esen\u021biale nu numai pentru exprimarea ac\u021biunii, ci \u0219i pentru indicarea timpului \u0219i a dispozi\u021biei. La fel ca engleza, verbele germane trebuie conjugate pentru a se potrivi cu subiectul propozi\u021biei. Cu toate acestea, exist\u0103 unele diferen\u021be cheie, inclusiv utilizarea verbelor regulate (slabe) \u0219i neregulate (puternice), precum \u0219i utilizarea verbelor de ajutor pentru anumite timpuri. Vestea bun\u0103 este c\u0103 unele aspecte ale conjug\u0103rii verbelor germane sunt mai simple dec\u00e2t cele engleze\u0219ti, cum ar fi faptul c\u0103 nu este necesar\u0103 folosirea lui &#8222;do&#8221; pentru \u00eentreb\u0103ri sau nega\u021bii.<\/p>\n\n\n\n<p>Sfat: \u00cencepe\u021bi prin a st\u0103p\u00e2ni conjugarea obi\u0219nuit\u0103 a verbelor, apoi aborda\u021bi cele mai frecvente verbe neregulate. Exersa\u021bi folosirea verbelor ajut\u0103toare la timpul trecut \u0219i viitor \u0219i \u00een cur\u00e2nd ve\u021bi fi capabili s\u0103 construi\u021bi propozi\u021bii mai complexe.<\/p>\n\n\n\n<h3 class=\"wp-block-heading\" id=\"h-3-adjectives-show-your-agreement\">3. Adjective \u2013 Arat\u0103-\u021bi acordul!<\/h3>\n\n\n\n<p>Atunci c\u00e2nd folosi\u021bi adjective pentru a descrie substantive \u00een limba german\u0103, este esen\u021bial s\u0103 \u00een\u021belege\u021bi acordul adjectivelor. Aceasta \u00eenseamn\u0103 c\u0103 adjectivele trebuie s\u0103 se potriveasc\u0103 cu genul \u0219i cazul substantivului. \u00cen unele cazuri, acest lucru va necesita ad\u0103ugarea unei termina\u021bii la adjectiv, \u00een func\u021bie de articolul \u0219i cazul substantivului.<\/p>\n\n\n\n<p>Sfat: folosi\u021bi diagrama articolului de mai devreme pentru a v\u0103 ajuta s\u0103 v\u0103 aminti\u021bi termina\u021biile adjectivale corecte. Pe m\u0103sur\u0103 ce exersa\u021bi utilizarea adjectivelor \u00een propozi\u021bii, face\u021bi o not\u0103 mental\u0103 a modelelor de \u00eencheiere \u0219i a modului \u00een care acestea se refer\u0103 la genul \u0219i cazul substantivului.<\/p>\n\n\n\n<h3 class=\"wp-block-heading\" id=\"h-4-word-order-embrace-the-flexibility\">4. Ordinea cuvintelor &#8211; \u00cembr\u0103\u021bi\u0219eaz\u0103 flexibilitatea!<\/h3>\n\n\n\n<p>Una dintre multele bucurii ale gramaticii germane este ordinea flexibil\u0103 a cuvintelor. Spre deosebire de englez\u0103, care urmeaz\u0103 \u00een general un model strict subiect-verb-obiect, propozi\u021biile germane pot varia \u00een structura lor. Cheia este \u00een\u021belegerea importan\u021bei pozi\u021biei verbului, care de obicei este al doilea \u00eentr-o propozi\u021bie principal\u0103 \u0219i ultimul \u00eentr-o propozi\u021bie subordonat\u0103.<\/p>\n\n\n\n<p>Sfat: Pentru a v\u0103 obi\u0219nui cu diferite modele de ordine a cuvintelor, <a href=\"https:\/\/talkpal.ai\/ko\/ai-%ec%96%b8%ec%96%b4-%ea%b5%90%ec%82%ac\/\">\u00eencerca\u021bi<\/a> s\u0103 traduce\u021bi propozi\u021bii simple \u00een englez\u0103 \u00een german\u0103, apoi rearanja\u021bi propozi\u021bia p\u0103str\u00e2nd verbul la locul s\u0103u. Acest lucru v\u0103 va ajuta s\u0103 deveni\u021bi mai priceput la crearea de propozi\u021bii nuan\u021bate \u0219i expresive \u00een limba german\u0103.<\/p>\n\n\n\n<h3 class=\"wp-block-heading\" id=\"h-5-prepositions-think-in-german\">5. Prepozi\u021bii \u2013 G\u00e2nde\u0219te \u00een german\u0103!<\/h3>\n\n\n\n<p>F\u0103r\u0103 \u00eendoial\u0103, cea mai dificil\u0103 parte a \u00eenv\u0103\u021b\u0103rii gramaticii germane este st\u0103p\u00e2nirea prepozi\u021biilor. \u00cen timp ce prepozi\u021biile exist\u0103 \u00een limba englez\u0103 \u0219i au un scop similar, utilizarea lor \u00een limba german\u0103 este diferit\u0103 \u0219i deseori este nevoie s\u0103 &#8222;g\u00e2ndi\u021bi \u00een german\u0103&#8221; pentru a o selecta pe cea potrivit\u0103. De exemplu, prepozi\u021bia englez\u0103 &#8222;in&#8221; se poate traduce \u00een german\u0103 prin &#8222;in&#8221;, &#8222;an&#8221; sau &#8222;auf&#8221;, \u00een func\u021bie de context.<\/p>\n\n\n\n<p>Sfat: Crea\u021bi carduri flash cu prepozi\u021bii comune \u0219i omologii lor \u00een limba englez\u0103. Exersa\u021bi folosirea lor \u00een propozi\u021bii \u0219i concentra\u021bi-v\u0103 asupra contextelor specifice \u00een care este folosit\u0103 fiecare prepozi\u021bie.<\/p>\n\n\n\n<h3 class=\"wp-block-heading\" id=\"h-conclusion\">Concluzie:<\/h3>\n\n\n\n<p>Gramatica limbii germane poate p\u0103rea descurajant\u0103 la \u00eenceput, dar cu practic\u0103 dedicat\u0103, r\u0103bdare \u0219i concentrare pe \u00een\u021belegerea regulilor \u0219i modelelor care stau la baza acesteia, ve\u021bi construi \u00een cur\u00e2nd propozi\u021bii sofisticate cu u\u0219urin\u021b\u0103. Prin \u00een\u021belegerea complexit\u0103\u021bii gramaticii germane, vorbitorii de englez\u0103 nu numai c\u0103 \u00ee\u0219i vor \u00eembun\u0103t\u0103\u021bi abilit\u0103\u021bile lingvistice, ci \u0219i vor dezvolta o nou\u0103 apreciere pentru aceast\u0103 limb\u0103 frumoas\u0103 \u0219i complex\u0103. Now, auf geht&#8217;s! Este timpul s\u0103 v\u0103 scufunda\u021bi \u00een lumea gramaticii germane \u0219i s\u0103 v\u0103 debloca\u021bi \u00eentregul poten\u021bial de \u00eenv\u0103\u021bare a limbilor str\u0103ine.<\/p>\n<\/div><\/div>\n\r\n<section class=\"learnNavigationSection\">\r\n            \r\n        <a href=\"https:\/\/talkpal.ai\/ro\/invatati-germana\/\">\r\n            <div class=\"learnNavigationWrapper\">\r\n                <div class=\"learnNavigationContent\">\r\n                    <img decoding=\"async\" src=\"https:\/\/talkpal.ai\/wp-content\/uploads\/2024\/08\/German.jpg\" alt=\"German Flag\">\r\n                    <div>\r\n                        <h4>Despre \u00eenv\u0103\u021barea limbii germane<\/h4>\r\n                        <p>Afla\u021bi totul despre gramatica german\u0103.<\/p>\r\n                    <\/div>\r\n                <\/div>\r\n            <\/div>\r\n        <\/a>\r\n\r\n        \r\n        <a href=\"https:\/\/talkpal.ai\/ro\/exercitii-de-gramatica-germana\/\">\r\n            <div class=\"learnNavigationWrapper\">\r\n                <div class=\"learnNavigationContent\">\r\n                    <img decoding=\"async\" src=\"https:\/\/talkpal.ai\/wp-content\/uploads\/2024\/08\/German.jpg\" alt=\"German Flag\">\r\n                    <div>\r\n                        <h4>Exerci\u021biu de gramatic\u0103 german\u0103<\/h4>\r\n                        <p>Exersa\u021bi gramatica german\u0103.<\/p>\r\n                    <\/div>\r\n                <\/div>\r\n            <\/div>\r\n        <\/a>\r\n\r\n        \r\n        <a href=\"https:\/\/talkpal.ai\/vocabulary_language\/german\/\">\r\n            <div class=\"learnNavigationWrapper\">\r\n                <div class=\"learnNavigationContent\">\r\n                    <img decoding=\"async\" src=\"https:\/\/talkpal.ai\/wp-content\/uploads\/2024\/08\/German.jpg\" alt=\"German Flag\">\r\n                    <div>\r\n                        <h4>Vocabularul german<\/h4>\r\n                        <p>Extinde\u021bi-v\u0103 vocabularul german.<\/p>\r\n                    <\/div>\r\n                <\/div>\r\n            <\/div>\r\n        <\/a>\r\n\r\n            <\/section>","protected":false},"excerpt":{"rendered":"<p>Dezv\u0103luirea complexit\u0103\u021bii gramaticii germane \u00cenv\u0103\u021barea limbii germane poate fi un efort interesant \u0219i plin de satisfac\u021bii. Nu numai c\u0103 ve\u021bi putea vorbi cu peste 130 de milioane de persoane din \u00eentreaga lume, dar ve\u021bi avea acces \u0219i la o bog\u0103\u021bie de literatur\u0103, muzic\u0103 \u0219i istorie cultural\u0103. Ca \u00een orice limb\u0103, st\u0103p\u00e2nirea limbii germane necesit\u0103 dedicare [&hellip;]<\/p>\n","protected":false},"author":1,"featured_media":75770,"parent":0,"menu_order":0,"comment_status":"closed","ping_status":"closed","template":"LearningContentPage.php","meta":{"_acf_changed":false,"footnotes":""},"class_list":["post-124115","page","type-page","status-publish","has-post-thumbnail","hentry"],"acf":[],"yoast_head":"<!-- This site is optimized with the Yoast SEO Premium plugin v27.2 (Yoast SEO v27.2) - https:\/\/yoast.com\/product\/yoast-seo-premium-wordpress\/ -->\n<title>Gramatica german\u0103 - Talkpal<\/title>\n<meta name=\"description\" content=\"\u00cenv\u0103\u021ba\u021bi gramatica german\u0103 cu u\u0219urin\u021b\u0103 - \u00een\u021belege\u021bi regulile esen\u021biale, exersa\u021bi construirea propozi\u021biilor \u0219i vorbi\u021bi clar cu Talkpalcu ajutorul AI-ului.\" \/>\n<meta name=\"robots\" content=\"index, follow, max-snippet:-1, max-image-preview:large, max-video-preview:-1\" \/>\n<link rel=\"canonical\" href=\"https:\/\/talkpal.ai\/ro\/gramatica-germana\/\" \/>\n<meta property=\"og:locale\" content=\"ro_RO\" \/>\n<meta property=\"og:type\" content=\"article\" \/>\n<meta property=\"og:title\" content=\"Gramatica german\u0103\" \/>\n<meta property=\"og:description\" content=\"Dezv\u0103luirea complexit\u0103\u021bii gramaticii germane \u00cenv\u0103\u021barea limbii germane poate fi un efort interesant \u0219i plin de satisfac\u021bii. Nu numai c\u0103 ve\u021bi putea vorbi cu\" \/>\n<meta property=\"og:url\" content=\"https:\/\/talkpal.ai\/ro\/gramatica-germana\/\" \/>\n<meta property=\"og:site_name\" content=\"Talkpal\" \/>\n<meta property=\"article:publisher\" content=\"https:\/\/www.facebook.com\/profile.php?id=100090733639311\" \/>\n<meta property=\"article:modified_time\" content=\"2025-05-22T19:22:21+00:00\" \/>\n<meta property=\"og:image\" content=\"https:\/\/talkpal.ai\/wp-content\/uploads\/2023\/03\/germany.png\" \/>\n\t<meta property=\"og:image:width\" content=\"512\" \/>\n\t<meta property=\"og:image:height\" content=\"512\" \/>\n\t<meta property=\"og:image:type\" content=\"image\/png\" \/>\n<meta name=\"twitter:card\" content=\"summary_large_image\" \/>\n<meta name=\"twitter:site\" content=\"@talkpalai\" \/>\n<meta name=\"twitter:label1\" content=\"Timp estimat pentru citire\" \/>\n\t<meta name=\"twitter:data1\" content=\"5 minute\" \/>\n<script type=\"application\/ld+json\" class=\"yoast-schema-graph\">{\"@context\":\"https:\/\/schema.org\",\"@graph\":[{\"@type\":\"WebPage\",\"@id\":\"https:\/\/talkpal.ai\/ro\/gramatica-germana\/\",\"url\":\"https:\/\/talkpal.ai\/ro\/gramatica-germana\/\",\"name\":\"Gramatica german\u0103 - Talkpal\",\"isPartOf\":{\"@id\":\"https:\/\/talkpal.ai\/ro\/#website\"},\"primaryImageOfPage\":{\"@id\":\"https:\/\/talkpal.ai\/ro\/gramatica-germana\/#primaryimage\"},\"image\":{\"@id\":\"https:\/\/talkpal.ai\/ro\/gramatica-germana\/#primaryimage\"},\"thumbnailUrl\":\"https:\/\/talkpal.ai\/wp-content\/uploads\/2023\/03\/germany.png\",\"datePublished\":\"2023-03-26T11:40:15+00:00\",\"dateModified\":\"2025-05-22T19:22:21+00:00\",\"description\":\"\u00cenv\u0103\u021ba\u021bi gramatica german\u0103 cu u\u0219urin\u021b\u0103 - \u00een\u021belege\u021bi regulile esen\u021biale, exersa\u021bi construirea propozi\u021biilor \u0219i vorbi\u021bi clar cu Talkpalcu ajutorul AI-ului.\",\"breadcrumb\":{\"@id\":\"https:\/\/talkpal.ai\/ro\/gramatica-germana\/#breadcrumb\"},\"inLanguage\":\"ro-RO\",\"potentialAction\":[{\"@type\":\"ReadAction\",\"target\":[\"https:\/\/talkpal.ai\/ro\/gramatica-germana\/\"]}]},{\"@type\":\"ImageObject\",\"inLanguage\":\"ro-RO\",\"@id\":\"https:\/\/talkpal.ai\/ro\/gramatica-germana\/#primaryimage\",\"url\":\"https:\/\/talkpal.ai\/wp-content\/uploads\/2023\/03\/germany.png\",\"contentUrl\":\"https:\/\/talkpal.ai\/wp-content\/uploads\/2023\/03\/germany.png\",\"width\":512,\"height\":512,\"caption\":\"TalkPal AI learn German\"},{\"@type\":\"BreadcrumbList\",\"@id\":\"https:\/\/talkpal.ai\/ro\/gramatica-germana\/#breadcrumb\",\"itemListElement\":[{\"@type\":\"ListItem\",\"position\":1,\"name\":\"Homepage\",\"item\":\"https:\/\/talkpal.ai\/ro\/\"},{\"@type\":\"ListItem\",\"position\":2,\"name\":\"Gramatica german\u0103\"}]},{\"@type\":\"WebSite\",\"@id\":\"https:\/\/talkpal.ai\/ro\/#website\",\"url\":\"https:\/\/talkpal.ai\/ro\/\",\"name\":\"Talkpal\",\"description\":\"AI Language Learning\",\"publisher\":{\"@id\":\"https:\/\/talkpal.ai\/ro\/#organization\"},\"alternateName\":\"Talkpal AI\",\"potentialAction\":[{\"@type\":\"SearchAction\",\"target\":{\"@type\":\"EntryPoint\",\"urlTemplate\":\"https:\/\/talkpal.ai\/ro\/?s={search_term_string}\"},\"query-input\":{\"@type\":\"PropertyValueSpecification\",\"valueRequired\":true,\"valueName\":\"search_term_string\"}}],\"inLanguage\":\"ro-RO\"},{\"@type\":\"Organization\",\"@id\":\"https:\/\/talkpal.ai\/ro\/#organization\",\"name\":\"Talkpal, Inc.\",\"alternateName\":\"Talkpal AI\",\"url\":\"https:\/\/talkpal.ai\/ro\/\",\"logo\":{\"@type\":\"ImageObject\",\"inLanguage\":\"ro-RO\",\"@id\":\"https:\/\/talkpal.ai\/ro\/#\/schema\/logo\/image\/\",\"url\":\"https:\/\/talkpal.ai\/wp-content\/uploads\/2024\/03\/Talkpal-Logo-Icon.png\",\"contentUrl\":\"https:\/\/talkpal.ai\/wp-content\/uploads\/2024\/03\/Talkpal-Logo-Icon.png\",\"width\":2880,\"height\":2880,\"caption\":\"Talkpal, Inc.\"},\"image\":{\"@id\":\"https:\/\/talkpal.ai\/ro\/#\/schema\/logo\/image\/\"},\"sameAs\":[\"https:\/\/www.facebook.com\/profile.php?id=100090733639311\",\"https:\/\/x.com\/talkpalai\",\"https:\/\/www.linkedin.com\/company\/talkpal\/\",\"https:\/\/www.youtube.com\/@TalkPal\/\",\"https:\/\/www.tiktok.com\/@talkpal\",\"https:\/\/www.instagram.com\/talkpal_ai\/\",\"https:\/\/www.crunchbase.com\/organization\/talkpal-9cde\",\"https:\/\/www.g2.com\/products\/talkpal-for-business\/\",\"https:\/\/www.trustpilot.com\/review\/talkpal.ai\",\"https:\/\/www.capterra.com\/p\/10006800\/TalkPal\/\"],\"description\":\"Talkpal is a language learning web and mobile education app, powered by the latest AI technologies, that provides engaging experiences to its customers in many different languages to help them improve their language skills. Users can chat about unlimited amount of topics with the app and use other modes to practice their language learning.\",\"email\":\"support@talkpal.ai\",\"legalName\":\"Talkpal, Inc.\",\"foundingDate\":\"2023-04-03\",\"duns\":\"118989042\",\"numberOfEmployees\":{\"@type\":\"QuantitativeValue\",\"minValue\":\"11\",\"maxValue\":\"50\"},\"publishingPrinciples\":\"https:\/\/talkpal.ai\/publishing-principles\/\",\"actionableFeedbackPolicy\":\"https:\/\/talkpal.ai\/actionable-feedback-policy\/\",\"correctionsPolicy\":\"https:\/\/talkpal.ai\/corrections-policy\/\",\"ethicsPolicy\":\"https:\/\/talkpal.ai\/ethics-policy\/\",\"diversityPolicy\":\"https:\/\/talkpal.ai\/diversity-policy\/\",\"diversityStaffingReport\":\"https:\/\/talkpal.ai\/diversity-policy\/\"}]}<\/script>\n<!-- \/ Yoast SEO Premium plugin. -->","yoast_head_json":{"title":"Gramatica german\u0103 - Talkpal","description":"\u00cenv\u0103\u021ba\u021bi gramatica german\u0103 cu u\u0219urin\u021b\u0103 - \u00een\u021belege\u021bi regulile esen\u021biale, exersa\u021bi construirea propozi\u021biilor \u0219i vorbi\u021bi clar cu Talkpalcu ajutorul AI-ului.","robots":{"index":"index","follow":"follow","max-snippet":"max-snippet:-1","max-image-preview":"max-image-preview:large","max-video-preview":"max-video-preview:-1"},"canonical":"https:\/\/talkpal.ai\/ro\/gramatica-germana\/","og_locale":"ro_RO","og_type":"article","og_title":"Gramatica german\u0103","og_description":"Dezv\u0103luirea complexit\u0103\u021bii gramaticii germane \u00cenv\u0103\u021barea limbii germane poate fi un efort interesant \u0219i plin de satisfac\u021bii. Nu numai c\u0103 ve\u021bi putea vorbi cu","og_url":"https:\/\/talkpal.ai\/ro\/gramatica-germana\/","og_site_name":"Talkpal","article_publisher":"https:\/\/www.facebook.com\/profile.php?id=100090733639311","article_modified_time":"2025-05-22T19:22:21+00:00","og_image":[{"width":512,"height":512,"url":"https:\/\/talkpal.ai\/wp-content\/uploads\/2023\/03\/germany.png","type":"image\/png"}],"twitter_card":"summary_large_image","twitter_site":"@talkpalai","twitter_misc":{"Timp estimat pentru citire":"5 minute"},"schema":{"@context":"https:\/\/schema.org","@graph":[{"@type":"WebPage","@id":"https:\/\/talkpal.ai\/ro\/gramatica-germana\/","url":"https:\/\/talkpal.ai\/ro\/gramatica-germana\/","name":"Gramatica german\u0103 - Talkpal","isPartOf":{"@id":"https:\/\/talkpal.ai\/ro\/#website"},"primaryImageOfPage":{"@id":"https:\/\/talkpal.ai\/ro\/gramatica-germana\/#primaryimage"},"image":{"@id":"https:\/\/talkpal.ai\/ro\/gramatica-germana\/#primaryimage"},"thumbnailUrl":"https:\/\/talkpal.ai\/wp-content\/uploads\/2023\/03\/germany.png","datePublished":"2023-03-26T11:40:15+00:00","dateModified":"2025-05-22T19:22:21+00:00","description":"\u00cenv\u0103\u021ba\u021bi gramatica german\u0103 cu u\u0219urin\u021b\u0103 - \u00een\u021belege\u021bi regulile esen\u021biale, exersa\u021bi construirea propozi\u021biilor \u0219i vorbi\u021bi clar cu Talkpalcu ajutorul AI-ului.","breadcrumb":{"@id":"https:\/\/talkpal.ai\/ro\/gramatica-germana\/#breadcrumb"},"inLanguage":"ro-RO","potentialAction":[{"@type":"ReadAction","target":["https:\/\/talkpal.ai\/ro\/gramatica-germana\/"]}]},{"@type":"ImageObject","inLanguage":"ro-RO","@id":"https:\/\/talkpal.ai\/ro\/gramatica-germana\/#primaryimage","url":"https:\/\/talkpal.ai\/wp-content\/uploads\/2023\/03\/germany.png","contentUrl":"https:\/\/talkpal.ai\/wp-content\/uploads\/2023\/03\/germany.png","width":512,"height":512,"caption":"TalkPal AI learn German"},{"@type":"BreadcrumbList","@id":"https:\/\/talkpal.ai\/ro\/gramatica-germana\/#breadcrumb","itemListElement":[{"@type":"ListItem","position":1,"name":"Homepage","item":"https:\/\/talkpal.ai\/ro\/"},{"@type":"ListItem","position":2,"name":"Gramatica german\u0103"}]},{"@type":"WebSite","@id":"https:\/\/talkpal.ai\/ro\/#website","url":"https:\/\/talkpal.ai\/ro\/","name":"Talkpal","description":"AI Language Learning","publisher":{"@id":"https:\/\/talkpal.ai\/ro\/#organization"},"alternateName":"Talkpal AI","potentialAction":[{"@type":"SearchAction","target":{"@type":"EntryPoint","urlTemplate":"https:\/\/talkpal.ai\/ro\/?s={search_term_string}"},"query-input":{"@type":"PropertyValueSpecification","valueRequired":true,"valueName":"search_term_string"}}],"inLanguage":"ro-RO"},{"@type":"Organization","@id":"https:\/\/talkpal.ai\/ro\/#organization","name":"Talkpal, Inc.","alternateName":"Talkpal AI","url":"https:\/\/talkpal.ai\/ro\/","logo":{"@type":"ImageObject","inLanguage":"ro-RO","@id":"https:\/\/talkpal.ai\/ro\/#\/schema\/logo\/image\/","url":"https:\/\/talkpal.ai\/wp-content\/uploads\/2024\/03\/Talkpal-Logo-Icon.png","contentUrl":"https:\/\/talkpal.ai\/wp-content\/uploads\/2024\/03\/Talkpal-Logo-Icon.png","width":2880,"height":2880,"caption":"Talkpal, Inc."},"image":{"@id":"https:\/\/talkpal.ai\/ro\/#\/schema\/logo\/image\/"},"sameAs":["https:\/\/www.facebook.com\/profile.php?id=100090733639311","https:\/\/x.com\/talkpalai","https:\/\/www.linkedin.com\/company\/talkpal\/","https:\/\/www.youtube.com\/@TalkPal\/","https:\/\/www.tiktok.com\/@talkpal","https:\/\/www.instagram.com\/talkpal_ai\/","https:\/\/www.crunchbase.com\/organization\/talkpal-9cde","https:\/\/www.g2.com\/products\/talkpal-for-business\/","https:\/\/www.trustpilot.com\/review\/talkpal.ai","https:\/\/www.capterra.com\/p\/10006800\/TalkPal\/"],"description":"Talkpal is a language learning web and mobile education app, powered by the latest AI technologies, that provides engaging experiences to its customers in many different languages to help them improve their language skills. Users can chat about unlimited amount of topics with the app and use other modes to practice their language learning.","email":"support@talkpal.ai","legalName":"Talkpal, Inc.","foundingDate":"2023-04-03","duns":"118989042","numberOfEmployees":{"@type":"QuantitativeValue","minValue":"11","maxValue":"50"},"publishingPrinciples":"https:\/\/talkpal.ai\/publishing-principles\/","actionableFeedbackPolicy":"https:\/\/talkpal.ai\/actionable-feedback-policy\/","correctionsPolicy":"https:\/\/talkpal.ai\/corrections-policy\/","ethicsPolicy":"https:\/\/talkpal.ai\/ethics-policy\/","diversityPolicy":"https:\/\/talkpal.ai\/diversity-policy\/","diversityStaffingReport":"https:\/\/talkpal.ai\/diversity-policy\/"}]}},"_links":{"self":[{"href":"https:\/\/talkpal.ai\/ro\/wp-json\/wp\/v2\/pages\/124115","targetHints":{"allow":["GET"]}}],"collection":[{"href":"https:\/\/talkpal.ai\/ro\/wp-json\/wp\/v2\/pages"}],"about":[{"href":"https:\/\/talkpal.ai\/ro\/wp-json\/wp\/v2\/types\/page"}],"author":[{"embeddable":true,"href":"https:\/\/talkpal.ai\/ro\/wp-json\/wp\/v2\/users\/1"}],"replies":[{"embeddable":true,"href":"https:\/\/talkpal.ai\/ro\/wp-json\/wp\/v2\/comments?post=124115"}],"version-history":[{"count":0,"href":"https:\/\/talkpal.ai\/ro\/wp-json\/wp\/v2\/pages\/124115\/revisions"}],"wp:featuredmedia":[{"embeddable":true,"href":"https:\/\/talkpal.ai\/ro\/wp-json\/wp\/v2\/media\/75770"}],"wp:attachment":[{"href":"https:\/\/talkpal.ai\/ro\/wp-json\/wp\/v2\/media?parent=124115"}],"curies":[{"name":"wp","href":"https:\/\/api.w.org\/{rel}","templated":true}]}}