{"id":997966,"date":"2023-10-09T10:03:45","date_gmt":"2023-10-09T10:03:45","guid":{"rendered":"https:\/\/talkpal.ai\/instrucoes-de-gestao-da-subscricao\/"},"modified":"2025-07-12T09:46:46","modified_gmt":"2025-07-12T09:46:46","slug":"instrucoes-de-gestao-da-subscricao","status":"publish","type":"page","link":"https:\/\/talkpal.ai\/pt-pt\/instrucoes-de-gestao-da-subscricao\/","title":{"rendered":"Instru\u00e7\u00f5es de gest\u00e3o da subscri\u00e7\u00e3o"},"content":{"rendered":"\n<p>Podes gerir as tuas subscri\u00e7\u00f5es nas nossas aplica\u00e7\u00f5es <a href=\"https:\/\/talkpal.ai\/es\/descargar-la-aplicacion-talkpal-para-android-e-ios\/\">App Store<\/a> (Apple <a href=\"https:\/\/talkpal.ai\/es\/descargar-la-aplicacion-talkpal-para-android-e-ios\/\">iOS<\/a>), Google Play (Android) ou Website.<\/p>\n\n<h2 class=\"wp-block-heading\" id=\"h-app-store-apple-ios\">App Store (Apple iOS)<\/h2>\n\n<p>Observa\u00e7\u00e3o: voc\u00ea precisa cancelar sua assinatura ou avalia\u00e7\u00e3o da Apple pelo menos 24 horas antes do t\u00e9rmino. Se voc\u00ea cancel\u00e1-lo no \u00faltimo dia, ele ser\u00e1 renovado automaticamente.<\/p>\n\n<p>Para cancelar a tua subscri\u00e7\u00e3o de <a href=\"https:\/\/talkpal.ai\/ko\/ai-%ec%96%b8%ec%96%b4-%ea%b5%90%ec%82%ac\/\">Talkpal<\/a> atrav\u00e9s da App Store, segue estes <a href=\"https:\/\/talkpal.ai\/locations\/language-courses-in-passos\/\">passos<\/a> no teu dispositivo iOS:<\/p>\n\n<p><strong>Passo 1<\/strong> &#8211; Abre a aplica\u00e7\u00e3o Defini\u00e7\u00f5es.<\/p>\n\n<p><strong>Passo 2<\/strong> &#8211; Seleciona o teu ID Apple localizado na parte <a href=\"https:\/\/talkpal.ai\/locations\/learn-english-in-superior\/\">superior<\/a> da p\u00e1gina.<\/p>\n\n<p><strong>Passo 3<\/strong> &#8211; Escolhe &#8220;Ver ID Apple&#8221;<\/p>\n\n<p><strong>Passo 4<\/strong> &#8211; Vai a &#8220;Subscriptions&#8221; e seleciona a que queres cancelar.<\/p>\n\n<p><strong>Passo 5<\/strong> &#8211; Toca em &#8220;Cancelar subscri\u00e7\u00e3o&#8221;.<\/p>\n\n<h2 class=\"wp-block-heading\" id=\"h-google-play-android\">Google Play (Android)<\/h2>\n\n<p><b>Passo 1<\/b> &#8211; No teu dispositivo Android, navega at\u00e9 \u00e0s tuas subscri\u00e7\u00f5es no Google Play.<\/p>\n\n<p><b>Passo 2<\/b> &#8211; Escolhe a subscri\u00e7\u00e3o que queres cancelar.<\/p>\n\n<p><b>Passo 3<\/b> &#8211; Carrega em Cancelar subscri\u00e7\u00e3o.<\/p>\n\n<h2 class=\"wp-block-heading\" id=\"h-website\">S\u00edtio Web<\/h2>\n\n<p><b>Passo 1<\/b> &#8211; Vai \u00e0 p\u00e1gina da tua conta.<\/p>\n\n<p><b>Passo 2<\/b> &#8211; Desce at\u00e9 \u00e0 sec\u00e7\u00e3o &#8220;Subscri\u00e7\u00e3o&#8221;.<\/p>\n\n<p><b>Passo 3<\/b> &#8211; Clica em &#8220;Cancelar subscri\u00e7\u00e3o&#8221;.<\/p>\n","protected":false},"excerpt":{"rendered":"<p>Podes gerir as tuas subscri\u00e7\u00f5es nas nossas aplica\u00e7\u00f5es App Store (Apple iOS), Google Play (Android) ou Website. App Store (Apple iOS) Observa\u00e7\u00e3o: voc\u00ea precisa cancelar sua assinatura ou avalia\u00e7\u00e3o da Apple pelo menos 24 horas antes do t\u00e9rmino. Se voc\u00ea cancel\u00e1-lo no \u00faltimo dia, ele ser\u00e1 renovado automaticamente. Para cancelar a tua subscri\u00e7\u00e3o de Talkpal [&hellip;]<\/p>\n","protected":false},"author":10,"featured_media":197975,"parent":0,"menu_order":0,"comment_status":"closed","ping_status":"closed","template":"","meta":{"_acf_changed":false,"footnotes":""},"class_list":["post-997966","page","type-page","status-publish","has-post-thumbnail","hentry"],"acf":[],"yoast_head":"<!-- This site is optimized with the Yoast SEO Premium plugin v27.2 (Yoast SEO v27.2) - https:\/\/yoast.com\/product\/yoast-seo-premium-wordpress\/ -->\n<title>Instru\u00e7\u00f5es de gest\u00e3o da subscri\u00e7\u00e3o - Talkpal<\/title>\n<meta name=\"description\" content=\"Siga estas instru\u00e7\u00f5es de gerenciamento de assinaturas para cancelar facilmente suas assinaturas nos aplicativos Apple ou Google Play.\" \/>\n<meta name=\"robots\" content=\"index, follow, max-snippet:-1, max-image-preview:large, max-video-preview:-1\" \/>\n<link rel=\"canonical\" href=\"https:\/\/talkpal.ai\/pt-pt\/instrucoes-de-gestao-da-subscricao\/\" \/>\n<meta property=\"og:locale\" content=\"pt_PT\" \/>\n<meta property=\"og:type\" content=\"article\" \/>\n<meta property=\"og:title\" content=\"Instru\u00e7\u00f5es de gest\u00e3o da subscri\u00e7\u00e3o\" \/>\n<meta property=\"og:description\" content=\"Podes gerir as tuas subscri\u00e7\u00f5es nas nossas aplica\u00e7\u00f5es App Store (Apple iOS), Google Play (Android) ou Website. App Store (Apple iOS) Observa\u00e7\u00e3o: voc\u00ea\" \/>\n<meta property=\"og:url\" content=\"https:\/\/talkpal.ai\/pt-pt\/instrucoes-de-gestao-da-subscricao\/\" \/>\n<meta property=\"og:site_name\" content=\"Talkpal\" \/>\n<meta property=\"article:publisher\" content=\"https:\/\/www.facebook.com\/profile.php?id=100090733639311\" \/>\n<meta property=\"article:modified_time\" content=\"2025-07-12T09:46:46+00:00\" \/>\n<meta property=\"og:image\" content=\"https:\/\/talkpal.ai\/wp-content\/uploads\/2024\/03\/Talkpal-Logo-Icon.png\" \/>\n\t<meta property=\"og:image:width\" content=\"5000\" \/>\n\t<meta property=\"og:image:height\" content=\"5000\" \/>\n\t<meta property=\"og:image:type\" content=\"image\/png\" \/>\n<meta name=\"twitter:card\" content=\"summary_large_image\" \/>\n<meta name=\"twitter:site\" content=\"@talkpalai\" \/>\n<meta name=\"twitter:label1\" content=\"Tempo estimado de leitura\" \/>\n\t<meta name=\"twitter:data1\" content=\"1 minuto\" \/>\n<script type=\"application\/ld+json\" class=\"yoast-schema-graph\">{\"@context\":\"https:\/\/schema.org\",\"@graph\":[{\"@type\":\"WebPage\",\"@id\":\"https:\/\/talkpal.ai\/pt-pt\/instrucoes-de-gestao-da-subscricao\/\",\"url\":\"https:\/\/talkpal.ai\/pt-pt\/instrucoes-de-gestao-da-subscricao\/\",\"name\":\"Instru\u00e7\u00f5es de gest\u00e3o da subscri\u00e7\u00e3o - Talkpal\",\"isPartOf\":{\"@id\":\"https:\/\/talkpal.ai\/pt-pt\/#website\"},\"primaryImageOfPage\":{\"@id\":\"https:\/\/talkpal.ai\/pt-pt\/instrucoes-de-gestao-da-subscricao\/#primaryimage\"},\"image\":{\"@id\":\"https:\/\/talkpal.ai\/pt-pt\/instrucoes-de-gestao-da-subscricao\/#primaryimage\"},\"thumbnailUrl\":\"https:\/\/talkpal.ai\/wp-content\/uploads\/2024\/03\/Talkpal-Logo-Icon.png\",\"datePublished\":\"2023-10-09T10:03:45+00:00\",\"dateModified\":\"2025-07-12T09:46:46+00:00\",\"description\":\"Siga estas instru\u00e7\u00f5es de gerenciamento de assinaturas para cancelar facilmente suas assinaturas nos aplicativos Apple ou Google Play.\",\"breadcrumb\":{\"@id\":\"https:\/\/talkpal.ai\/pt-pt\/instrucoes-de-gestao-da-subscricao\/#breadcrumb\"},\"inLanguage\":\"pt-PT\",\"potentialAction\":[{\"@type\":\"ReadAction\",\"target\":[\"https:\/\/talkpal.ai\/pt-pt\/instrucoes-de-gestao-da-subscricao\/\"]}]},{\"@type\":\"ImageObject\",\"inLanguage\":\"pt-PT\",\"@id\":\"https:\/\/talkpal.ai\/pt-pt\/instrucoes-de-gestao-da-subscricao\/#primaryimage\",\"url\":\"https:\/\/talkpal.ai\/wp-content\/uploads\/2024\/03\/Talkpal-Logo-Icon.png\",\"contentUrl\":\"https:\/\/talkpal.ai\/wp-content\/uploads\/2024\/03\/Talkpal-Logo-Icon.png\",\"width\":5000,\"height\":5000,\"caption\":\"Logo do talkpal\"},{\"@type\":\"BreadcrumbList\",\"@id\":\"https:\/\/talkpal.ai\/pt-pt\/instrucoes-de-gestao-da-subscricao\/#breadcrumb\",\"itemListElement\":[{\"@type\":\"ListItem\",\"position\":1,\"name\":\"Homepage\",\"item\":\"https:\/\/talkpal.ai\/pt-pt\/\"},{\"@type\":\"ListItem\",\"position\":2,\"name\":\"Instru\u00e7\u00f5es de gest\u00e3o da subscri\u00e7\u00e3o\"}]},{\"@type\":\"WebSite\",\"@id\":\"https:\/\/talkpal.ai\/pt-pt\/#website\",\"url\":\"https:\/\/talkpal.ai\/pt-pt\/\",\"name\":\"Talkpal\",\"description\":\"AI Language Learning\",\"publisher\":{\"@id\":\"https:\/\/talkpal.ai\/pt-pt\/#organization\"},\"alternateName\":\"Talkpal AI\",\"potentialAction\":[{\"@type\":\"SearchAction\",\"target\":{\"@type\":\"EntryPoint\",\"urlTemplate\":\"https:\/\/talkpal.ai\/pt-pt\/?s={search_term_string}\"},\"query-input\":{\"@type\":\"PropertyValueSpecification\",\"valueRequired\":true,\"valueName\":\"search_term_string\"}}],\"inLanguage\":\"pt-PT\"},{\"@type\":\"Organization\",\"@id\":\"https:\/\/talkpal.ai\/pt-pt\/#organization\",\"name\":\"Talkpal, Inc.\",\"alternateName\":\"Talkpal AI\",\"url\":\"https:\/\/talkpal.ai\/pt-pt\/\",\"logo\":{\"@type\":\"ImageObject\",\"inLanguage\":\"pt-PT\",\"@id\":\"https:\/\/talkpal.ai\/pt-pt\/#\/schema\/logo\/image\/\",\"url\":\"https:\/\/talkpal.ai\/wp-content\/uploads\/2024\/03\/Talkpal-Logo-Icon.png\",\"contentUrl\":\"https:\/\/talkpal.ai\/wp-content\/uploads\/2024\/03\/Talkpal-Logo-Icon.png\",\"width\":2880,\"height\":2880,\"caption\":\"Talkpal, Inc.\"},\"image\":{\"@id\":\"https:\/\/talkpal.ai\/pt-pt\/#\/schema\/logo\/image\/\"},\"sameAs\":[\"https:\/\/www.facebook.com\/profile.php?id=100090733639311\",\"https:\/\/x.com\/talkpalai\",\"https:\/\/www.linkedin.com\/company\/talkpal\/\",\"https:\/\/www.youtube.com\/@TalkPal\/\",\"https:\/\/www.tiktok.com\/@talkpal\",\"https:\/\/www.instagram.com\/talkpal_ai\/\",\"https:\/\/www.crunchbase.com\/organization\/talkpal-9cde\",\"https:\/\/www.g2.com\/products\/talkpal-for-business\/\",\"https:\/\/www.trustpilot.com\/review\/talkpal.ai\",\"https:\/\/www.capterra.com\/p\/10006800\/TalkPal\/\"],\"description\":\"Talkpal is a language learning web and mobile education app, powered by the latest AI technologies, that provides engaging experiences to its customers in many different languages to help them improve their language skills. Users can chat about unlimited amount of topics with the app and use other modes to practice their language learning.\",\"email\":\"support@talkpal.ai\",\"legalName\":\"Talkpal, Inc.\",\"foundingDate\":\"2023-04-03\",\"duns\":\"118989042\",\"numberOfEmployees\":{\"@type\":\"QuantitativeValue\",\"minValue\":\"11\",\"maxValue\":\"50\"},\"publishingPrinciples\":\"https:\/\/talkpal.ai\/publishing-principles\/\",\"actionableFeedbackPolicy\":\"https:\/\/talkpal.ai\/actionable-feedback-policy\/\",\"correctionsPolicy\":\"https:\/\/talkpal.ai\/corrections-policy\/\",\"ethicsPolicy\":\"https:\/\/talkpal.ai\/ethics-policy\/\",\"diversityPolicy\":\"https:\/\/talkpal.ai\/diversity-policy\/\",\"diversityStaffingReport\":\"https:\/\/talkpal.ai\/diversity-policy\/\"}]}<\/script>\n<!-- \/ Yoast SEO Premium plugin. -->","yoast_head_json":{"title":"Instru\u00e7\u00f5es de gest\u00e3o da subscri\u00e7\u00e3o - Talkpal","description":"Siga estas instru\u00e7\u00f5es de gerenciamento de assinaturas para cancelar facilmente suas assinaturas nos aplicativos Apple ou Google Play.","robots":{"index":"index","follow":"follow","max-snippet":"max-snippet:-1","max-image-preview":"max-image-preview:large","max-video-preview":"max-video-preview:-1"},"canonical":"https:\/\/talkpal.ai\/pt-pt\/instrucoes-de-gestao-da-subscricao\/","og_locale":"pt_PT","og_type":"article","og_title":"Instru\u00e7\u00f5es de gest\u00e3o da subscri\u00e7\u00e3o","og_description":"Podes gerir as tuas subscri\u00e7\u00f5es nas nossas aplica\u00e7\u00f5es App Store (Apple iOS), Google Play (Android) ou Website. App Store (Apple iOS) Observa\u00e7\u00e3o: voc\u00ea","og_url":"https:\/\/talkpal.ai\/pt-pt\/instrucoes-de-gestao-da-subscricao\/","og_site_name":"Talkpal","article_publisher":"https:\/\/www.facebook.com\/profile.php?id=100090733639311","article_modified_time":"2025-07-12T09:46:46+00:00","og_image":[{"width":5000,"height":5000,"url":"https:\/\/talkpal.ai\/wp-content\/uploads\/2024\/03\/Talkpal-Logo-Icon.png","type":"image\/png"}],"twitter_card":"summary_large_image","twitter_site":"@talkpalai","twitter_misc":{"Tempo estimado de leitura":"1 minuto"},"schema":{"@context":"https:\/\/schema.org","@graph":[{"@type":"WebPage","@id":"https:\/\/talkpal.ai\/pt-pt\/instrucoes-de-gestao-da-subscricao\/","url":"https:\/\/talkpal.ai\/pt-pt\/instrucoes-de-gestao-da-subscricao\/","name":"Instru\u00e7\u00f5es de gest\u00e3o da subscri\u00e7\u00e3o - Talkpal","isPartOf":{"@id":"https:\/\/talkpal.ai\/pt-pt\/#website"},"primaryImageOfPage":{"@id":"https:\/\/talkpal.ai\/pt-pt\/instrucoes-de-gestao-da-subscricao\/#primaryimage"},"image":{"@id":"https:\/\/talkpal.ai\/pt-pt\/instrucoes-de-gestao-da-subscricao\/#primaryimage"},"thumbnailUrl":"https:\/\/talkpal.ai\/wp-content\/uploads\/2024\/03\/Talkpal-Logo-Icon.png","datePublished":"2023-10-09T10:03:45+00:00","dateModified":"2025-07-12T09:46:46+00:00","description":"Siga estas instru\u00e7\u00f5es de gerenciamento de assinaturas para cancelar facilmente suas assinaturas nos aplicativos Apple ou Google Play.","breadcrumb":{"@id":"https:\/\/talkpal.ai\/pt-pt\/instrucoes-de-gestao-da-subscricao\/#breadcrumb"},"inLanguage":"pt-PT","potentialAction":[{"@type":"ReadAction","target":["https:\/\/talkpal.ai\/pt-pt\/instrucoes-de-gestao-da-subscricao\/"]}]},{"@type":"ImageObject","inLanguage":"pt-PT","@id":"https:\/\/talkpal.ai\/pt-pt\/instrucoes-de-gestao-da-subscricao\/#primaryimage","url":"https:\/\/talkpal.ai\/wp-content\/uploads\/2024\/03\/Talkpal-Logo-Icon.png","contentUrl":"https:\/\/talkpal.ai\/wp-content\/uploads\/2024\/03\/Talkpal-Logo-Icon.png","width":5000,"height":5000,"caption":"Logo do talkpal"},{"@type":"BreadcrumbList","@id":"https:\/\/talkpal.ai\/pt-pt\/instrucoes-de-gestao-da-subscricao\/#breadcrumb","itemListElement":[{"@type":"ListItem","position":1,"name":"Homepage","item":"https:\/\/talkpal.ai\/pt-pt\/"},{"@type":"ListItem","position":2,"name":"Instru\u00e7\u00f5es de gest\u00e3o da subscri\u00e7\u00e3o"}]},{"@type":"WebSite","@id":"https:\/\/talkpal.ai\/pt-pt\/#website","url":"https:\/\/talkpal.ai\/pt-pt\/","name":"Talkpal","description":"AI Language Learning","publisher":{"@id":"https:\/\/talkpal.ai\/pt-pt\/#organization"},"alternateName":"Talkpal AI","potentialAction":[{"@type":"SearchAction","target":{"@type":"EntryPoint","urlTemplate":"https:\/\/talkpal.ai\/pt-pt\/?s={search_term_string}"},"query-input":{"@type":"PropertyValueSpecification","valueRequired":true,"valueName":"search_term_string"}}],"inLanguage":"pt-PT"},{"@type":"Organization","@id":"https:\/\/talkpal.ai\/pt-pt\/#organization","name":"Talkpal, Inc.","alternateName":"Talkpal AI","url":"https:\/\/talkpal.ai\/pt-pt\/","logo":{"@type":"ImageObject","inLanguage":"pt-PT","@id":"https:\/\/talkpal.ai\/pt-pt\/#\/schema\/logo\/image\/","url":"https:\/\/talkpal.ai\/wp-content\/uploads\/2024\/03\/Talkpal-Logo-Icon.png","contentUrl":"https:\/\/talkpal.ai\/wp-content\/uploads\/2024\/03\/Talkpal-Logo-Icon.png","width":2880,"height":2880,"caption":"Talkpal, Inc."},"image":{"@id":"https:\/\/talkpal.ai\/pt-pt\/#\/schema\/logo\/image\/"},"sameAs":["https:\/\/www.facebook.com\/profile.php?id=100090733639311","https:\/\/x.com\/talkpalai","https:\/\/www.linkedin.com\/company\/talkpal\/","https:\/\/www.youtube.com\/@TalkPal\/","https:\/\/www.tiktok.com\/@talkpal","https:\/\/www.instagram.com\/talkpal_ai\/","https:\/\/www.crunchbase.com\/organization\/talkpal-9cde","https:\/\/www.g2.com\/products\/talkpal-for-business\/","https:\/\/www.trustpilot.com\/review\/talkpal.ai","https:\/\/www.capterra.com\/p\/10006800\/TalkPal\/"],"description":"Talkpal is a language learning web and mobile education app, powered by the latest AI technologies, that provides engaging experiences to its customers in many different languages to help them improve their language skills. Users can chat about unlimited amount of topics with the app and use other modes to practice their language learning.","email":"support@talkpal.ai","legalName":"Talkpal, Inc.","foundingDate":"2023-04-03","duns":"118989042","numberOfEmployees":{"@type":"QuantitativeValue","minValue":"11","maxValue":"50"},"publishingPrinciples":"https:\/\/talkpal.ai\/publishing-principles\/","actionableFeedbackPolicy":"https:\/\/talkpal.ai\/actionable-feedback-policy\/","correctionsPolicy":"https:\/\/talkpal.ai\/corrections-policy\/","ethicsPolicy":"https:\/\/talkpal.ai\/ethics-policy\/","diversityPolicy":"https:\/\/talkpal.ai\/diversity-policy\/","diversityStaffingReport":"https:\/\/talkpal.ai\/diversity-policy\/"}]}},"_links":{"self":[{"href":"https:\/\/talkpal.ai\/pt-pt\/wp-json\/wp\/v2\/pages\/997966","targetHints":{"allow":["GET"]}}],"collection":[{"href":"https:\/\/talkpal.ai\/pt-pt\/wp-json\/wp\/v2\/pages"}],"about":[{"href":"https:\/\/talkpal.ai\/pt-pt\/wp-json\/wp\/v2\/types\/page"}],"author":[{"embeddable":true,"href":"https:\/\/talkpal.ai\/pt-pt\/wp-json\/wp\/v2\/users\/10"}],"replies":[{"embeddable":true,"href":"https:\/\/talkpal.ai\/pt-pt\/wp-json\/wp\/v2\/comments?post=997966"}],"version-history":[{"count":0,"href":"https:\/\/talkpal.ai\/pt-pt\/wp-json\/wp\/v2\/pages\/997966\/revisions"}],"wp:featuredmedia":[{"embeddable":true,"href":"https:\/\/talkpal.ai\/pt-pt\/wp-json\/wp\/v2\/media\/197975"}],"wp:attachment":[{"href":"https:\/\/talkpal.ai\/pt-pt\/wp-json\/wp\/v2\/media?parent=997966"}],"curies":[{"name":"wp","href":"https:\/\/api.w.org\/{rel}","templated":true}]}}