{"id":91634,"date":"2023-06-16T08:35:52","date_gmt":"2023-06-16T08:35:52","guid":{"rendered":"http:\/\/talkpal.ai\/exercicios-de-gramatica-francesa\/"},"modified":"2025-12-17T16:46:47","modified_gmt":"2025-12-17T16:46:47","slug":"exercicios-de-gramatica-francesa","status":"publish","type":"page","link":"https:\/\/talkpal.ai\/pt-pt\/exercicios-de-gramatica-francesa\/","title":{"rendered":"Exerc\u00edcios de Gram\u00e1tica Francesa"},"content":{"rendered":"\r\n\r\n\r\n<section class=\"languageChallengeSection\">\r\n    <div class=\"languageInfoWrapper\">\r\n        \r\n        <h1>Exerc\u00edcios de Gram\u00e1tica Francesa<\/h1>\r\n        <p>Queres dominar o <a href=\"https:\/\/talkpal.ai\/learn-french\/\">franc\u00eas<\/a>? Praticar exerc\u00edcios de gram\u00e1tica \u00e9 uma forma fant\u00e1stica de compreender a estrutura das frases, as conjuga\u00e7\u00f5es verbais e os padr\u00f5es \u00fanicos da l\u00edngua francesa. Come\u00e7a hoje a trabalhar a <a href=\"https:\/\/talkpal.ai\/pt-pt\/o-que-ha-de-especial-na-gramatica-francesa\/\">gram\u00e1tica francesa<\/a> e v\u00ea a tua confian\u00e7a e flu\u00eancia crescerem com cada exerc\u00edcio!\n\n<\/p>\r\n\r\n                            <a class=\"getStartedHidden\" href=\"https:\/\/app.talkpal.ai\/pt-pt\/signup?lng=\">Come\u00e7a<\/a>\r\n        \r\n    <\/div>\r\n\r\n    <figure>\r\n    <img decoding=\"async\" width=\"768\" height=\"768\" src=\"https:\/\/talkpal.ai\/wp-content\/uploads\/2023\/06\/french-768x768.png\" class=\"languageImage no-lazy\" alt=\"Default alt text\" fetchpriority=\"high\" sizes=\"(max-width: 768px) 150px, 768px\" srcset=\"https:\/\/talkpal.ai\/wp-content\/uploads\/2023\/06\/french-768x768.png 768w, https:\/\/talkpal.ai\/wp-content\/uploads\/2023\/06\/french-300x300.png 300w\" \/>\r\n    \r\n\r\n    <\/figure>\r\n\r\n            <a class=\"getStartedVisible\" href=\"https:\/\/app.talkpal.ai\/pt-pt\/signup?lng=\">Come\u00e7a<\/a>\r\n    \r\n<\/section>\r\n\r\n\r\n<!-- <section class=\"grammarSection\">\r\n    <div class=\"grammarLinks\">\r\n        <a href=\"https:\/\/talkpal.ai\/pt-pt\/exercise_language\/adjetivos-pt-pt-2\/\">Adjetivos <\/a><a href=\"https:\/\/talkpal.ai\/pt-pt\/exercise_language\/adverbios-pt-pt-2\/\">Adv\u00e9rbios <\/a><a href=\"https:\/\/talkpal.ai\/pt-pt\/exercise_language\/artigos-pt-pt\/\">Artigos <\/a><a href=\"https:\/\/talkpal.ai\/pt-pt\/exercise_language\/estrutura-de-sentenca-pt-pt\/\">Estrutura da frase <\/a><a href=\"https:\/\/talkpal.ai\/pt-pt\/exercise_language\/preposicoes-pt-pt-2\/\">Preposi\u00e7\u00f5es <\/a><a href=\"https:\/\/talkpal.ai\/pt-pt\/exercise_language\/pronomes-e-determinantes\/\">Pronomes e Determinantes <\/a><a href=\"https:\/\/talkpal.ai\/pt-pt\/exercise_language\/substantivos-pt-pt\/\">Substantivos <\/a><a href=\"https:\/\/talkpal.ai\/pt-pt\/exercise_language\/tempos-indicativo\/\">Tempos Verbais \u2013 Indicativos \u2013 Gram\u00e1tica Francesa<\/a><a href=\"https:\/\/talkpal.ai\/pt-pt\/exercise_language\/verbos-pt-pt-2\/\">Verbos <\/a>    <\/div>\r\n<\/section> -->\r\n\r\n\r\n\r\n\r\n        <section class=\"grammarSection\">\r\n            <div class=\"grammarLinks\">\r\n                <a href=\"https:\/\/talkpal.ai\/pt-pt\/exercise_language\/adjetivos-pt-pt-2\/\">Adjetivos <\/a><a href=\"https:\/\/talkpal.ai\/pt-pt\/exercise_language\/adverbios-pt-pt-2\/\">Adv\u00e9rbios <\/a><a href=\"https:\/\/talkpal.ai\/pt-pt\/exercise_language\/artigos-pt-pt\/\">Artigos <\/a><a href=\"https:\/\/talkpal.ai\/pt-pt\/exercise_language\/estrutura-de-sentenca-pt-pt\/\">Estrutura da frase <\/a><a href=\"https:\/\/talkpal.ai\/pt-pt\/exercise_language\/preposicoes-pt-pt-2\/\">Preposi\u00e7\u00f5es <\/a><a href=\"https:\/\/talkpal.ai\/pt-pt\/exercise_language\/pronomes-e-determinantes\/\">Pronomes e Determinantes <\/a><a href=\"https:\/\/talkpal.ai\/pt-pt\/exercise_language\/substantivos-pt-pt\/\">Substantivos <\/a><a href=\"https:\/\/talkpal.ai\/pt-pt\/exercise_language\/tempos-indicativo\/\">Tempos Verbais \u2013 Indicativos \u2013 Gram\u00e1tica Francesa<\/a><a href=\"https:\/\/talkpal.ai\/pt-pt\/exercise_language\/verbos-pt-pt-2\/\">Verbos <\/a>            <\/div>\r\n        <\/section>\r\n<section class=\"promotionalBanner\">\r\n    <p class=\"promotionalText\">A maneira mais eficiente de aprender um idioma<\/p>\r\n    <a class=\"promotionalLink\" href=\"https:\/\/app.talkpal.ai\/pt-pt\/signup?lng=\">Experimente o Talkpal gratuitamente<\/a>\r\n<\/section>\n<div class=\"wp-block-group pageContainerStyle\"><div class=\"wp-block-group__inner-container is-layout-constrained wp-block-group-is-layout-constrained\">\n<h2 class=\"wp-block-heading\" id=\"h-french-grammar-topics\">T\u00f3picos de Gram\u00e1tica Francesa<\/h2>\n\n\n\n<p><a href=\"https:\/\/talkpal.ai\/pt-pt\/como-aprender-frances\/\">Aprender franc\u00eas<\/a> pode ser uma experi\u00eancia emocionante e gratificante. <a href=\"https:\/\/talkpal.ai\/locations\/language-courses-in-como\/\">Como<\/a> uma l\u00edngua rica em hist\u00f3ria e cultura, o franc\u00eas oferece uma perspectiva \u00fanica sobre o mundo e \u00e9 uma ferramenta de comunica\u00e7\u00e3o essencial em v\u00e1rios <a href=\"https:\/\/talkpal.ai\/locations\/language-courses-in-campos\/\">campos<\/a>. Para aprender efetivamente franc\u00eas, \u00e9 crucial ter uma boa compreens\u00e3o de sua gram\u00e1tica, que \u00e9 a base de qualquer l\u00edngua. A seguinte sequ\u00eancia de t\u00f3picos da <a href=\"https:\/\/talkpal.ai\/pt-pt\/o-que-ha-de-especial-na-gramatica-francesa\/\">gram\u00e1tica francesa<\/a>, incluindo adjetivos, adv\u00e9rbios, artigos, substantivos, preposi\u00e7\u00f5es, pronomes e determinantes, estrutura frasal, tempos \u2013 indicativos e verbos, ajudar\u00e1 a gui\u00e1-lo em sua jornada para dominar o idioma.<\/p>\n\n\n\n<h3 class=\"wp-block-heading\" id=\"h-1-nouns\">1. Substantivos:<\/h3>\n\n\n\n<p>Os substantivos s\u00e3o os principais blocos de constru\u00e7\u00e3o de qualquer idioma, pois representam pessoas, lugares, coisas ou ideias. Em franc\u00eas, os substantivos t\u00eam g\u00eaneros (masculino ou feminino) e podem ser singulares ou plurais. Entender o g\u00eanero e o n\u00famero de substantivos \u00e9 vital, pois influencia as formas de outras palavras em uma frase, <a href=\"https:\/\/talkpal.ai\/locations\/language-courses-in-como\/\">como<\/a> adjetivos, artigos e pronomes.<\/p>\n\n\n\n<h3 class=\"wp-block-heading\" id=\"h-2-articles\">2. Artigos:<\/h3>\n\n\n\n<p>Os artigos s\u00e3o essenciais na gram\u00e1tica francesa, pois fornecem informa\u00e7\u00f5es sobre o g\u00eanero e o n\u00famero de um substantivo. Existem tr\u00eas tipos de artigos em franc\u00eas: definidos (le, la, les), indefinidos (un, une, des) e partitivos (du, de la, des). Usar o artigo apropriado ajuda a transmitir o significado pretendido de uma frase.<\/p>\n\n\n\n<h3 class=\"wp-block-heading\" id=\"h-3-adjectives\">3. Adjetivos:<\/h3>\n\n\n\n<p>Os adjetivos s\u00e3o usados para descrever ou modificar substantivos. Em franc\u00eas, os adjetivos devem concordar com o substantivo que modificam em g\u00eanero e n\u00famero. Al\u00e9m disso, a posi\u00e7\u00e3o dos adjetivos em uma frase pode variar, embora a maioria dos adjetivos siga o substantivo que descrevem.<\/p>\n\n\n\n<h3 class=\"wp-block-heading\" id=\"h-4-pronouns-and-determiners\">4. Pronomes e Determinantes:<\/h3>\n\n\n\n<p>Os pronomes substituem os substantivos para evitar a repeti\u00e7\u00e3o, enquanto os determinantes especificam ou quantificam os substantivos. Tanto os pronomes quanto os determinantes devem concordar com o substantivo que substituem ou acompanham em g\u00eanero e n\u00famero. Os pronomes franceses incluem pronomes de sujeito (je, tu, il, etc.), pronomes de objeto (me, te, lui, etc.) e <a href=\"https:\/\/talkpal.ai\/grammar\/pronomes-reflexivos-in-portuguese-grammar\/\">pronomes reflexivos<\/a> (me, te, se, etc.). Os determinantes incluem adjetivos possessivos (mon, ma, mes, etc.) e <a href=\"https:\/\/talkpal.ai\/pt-pt\/grammar\/adjetivos-demonstrativos-na-gramatica-tamil\/\">adjetivos demonstrativos<\/a> (ce, cette, ces, etc.).<\/p>\n\n\n\n<h3 class=\"wp-block-heading\" id=\"h-5-verbs\">5. Verbos:<\/h3>\n\n\n\n<p>Os verbos expressam a\u00e7\u00f5es, estados ou ocorr\u00eancias. Em franc\u00eas, os verbos s\u00e3o conjugados para concordar com o sujeito em pessoa e n\u00famero e para expressar diferentes tempos e humores. Verbos regulares seguem um padr\u00e3o previs\u00edvel, enquanto verbos irregulares requerem memoriza\u00e7\u00e3o.<\/p>\n\n\n\n<h3 class=\"wp-block-heading\" id=\"h-6-tenses-indicative\">6. Tempos verbais &#8211; Indicativo:<\/h3>\n\n\n\n<p>O humor indicativo \u00e9 usado para expressar fatos e afirma\u00e7\u00f5es objetivas. H\u00e1 oito tempos no indicativo franc\u00eas: presente, futuro, imperfeito, passado simples, pluperfeito, futuro perfeito, passado condicional e passado perfeito. Compreender e dominar esses tempos \u00e9 crucial para expressar o tempo e a sequ\u00eancia em franc\u00eas.<\/p>\n\n\n\n<h3 class=\"wp-block-heading\" id=\"h-7-adverbs\">7. Adv\u00e9rbios:<\/h3>\n\n\n\n<p>Os adv\u00e9rbios modificam verbos, adjetivos ou outros adv\u00e9rbios, fornecendo informa\u00e7\u00f5es adicionais sobre a a\u00e7\u00e3o, estado ou qualidade. Em franc\u00eas, a maioria dos adv\u00e9rbios \u00e9 formada pela adi\u00e7\u00e3o de -ment \u00e0 forma feminina do adjetivo. Os adv\u00e9rbios geralmente seguem o verbo que modificam.<\/p>\n\n\n\n<h3 class=\"wp-block-heading\" id=\"h-8-prepositions\">8. Preposi\u00e7\u00f5es:<\/h3>\n\n\n\n<p>As preposi\u00e7\u00f5es vinculam palavras ou grupos de palavras, indicando rela\u00e7\u00f5es como localiza\u00e7\u00e3o, dire\u00e7\u00e3o, tempo ou causa. As preposi\u00e7\u00f5es francesas comuns incluem \u00e0 (at, to), de (of, from), en (in, on) e pour (for). A aprendizagem de preposi\u00e7\u00f5es e seu uso \u00e9 essencial para a constru\u00e7\u00e3o de senten\u00e7as coerentes.<\/p>\n\n\n\n<h3 class=\"wp-block-heading\" id=\"h-9-sentence-structure\">9. Estrutura da frase:<\/h3>\n\n\n\n<p>As frases francesas seguem uma estrutura sujeito-verbo-objeto (SVO), semelhante \u00e0 do ingl\u00eas. No entanto, a ordem das palavras pode variar dependendo do uso de pronomes, nega\u00e7\u00e3o e \u00eanfase. Compreender a estrutura da frase \u00e9 vital para formar afirma\u00e7\u00f5es e perguntas claras e precisas em franc\u00eas.<\/p>\n<\/div><\/div>\n\r\n<section class=\"learnNavigationSection\">\r\n            \r\n        <a href=\"https:\/\/talkpal.ai\/pt-pt\/aprender-frances\/\">\r\n            <div class=\"learnNavigationWrapper\">\r\n                <div class=\"learnNavigationContent\">\r\n                    <img decoding=\"async\" src=\"https:\/\/talkpal.ai\/wp-content\/uploads\/2024\/08\/French.jpg\" alt=\"French Flag\">\r\n                    <div>\r\n                        <h4>Sobre a aprendizagem do franc\u00eas<\/h4>\r\n                        <p>Descobre tudo sobre a gram\u00e1tica francesa.<\/p>\r\n                    <\/div>\r\n                <\/div>\r\n            <\/div>\r\n        <\/a>\r\n\r\n        \r\n        <a href=\"https:\/\/talkpal.ai\/pt-pt\/gramatica-francesa\/\">\r\n            <div class=\"learnNavigationWrapper\">\r\n                <div class=\"learnNavigationContent\">\r\n                    <img decoding=\"async\" src=\"https:\/\/talkpal.ai\/wp-content\/uploads\/2024\/08\/French.jpg\" alt=\"French Flag\">\r\n                    <div>\r\n                        <h4>Aulas de Gram\u00e1tica Francesa<\/h4>\r\n                        <p>Pratica a gram\u00e1tica francesa.<\/p>\r\n                    <\/div>\r\n                <\/div>\r\n            <\/div>\r\n        <\/a>\r\n\r\n        \r\n        <a href=\"https:\/\/talkpal.ai\/vocabulary_language\/french\/\">\r\n            <div class=\"learnNavigationWrapper\">\r\n                <div class=\"learnNavigationContent\">\r\n                    <img decoding=\"async\" src=\"https:\/\/talkpal.ai\/wp-content\/uploads\/2024\/08\/French.jpg\" alt=\"French Flag\">\r\n                    <div>\r\n                        <h4>Vocabul\u00e1rio em franc\u00eas<\/h4>\r\n                        <p>Amplia o teu vocabul\u00e1rio franc\u00eas.<\/p>\r\n                    <\/div>\r\n                <\/div>\r\n            <\/div>\r\n        <\/a>\r\n\r\n            <\/section>","protected":false},"excerpt":{"rendered":"<p>T\u00f3picos de Gram\u00e1tica Francesa Aprender franc\u00eas pode ser uma experi\u00eancia emocionante e gratificante. Como uma l\u00edngua rica em hist\u00f3ria e cultura, o franc\u00eas oferece uma perspectiva \u00fanica sobre o mundo e \u00e9 uma ferramenta de comunica\u00e7\u00e3o essencial em v\u00e1rios campos. Para aprender efetivamente franc\u00eas, \u00e9 crucial ter uma boa compreens\u00e3o de sua gram\u00e1tica, que \u00e9 [&hellip;]<\/p>\n","protected":false},"author":6,"featured_media":13609,"parent":0,"menu_order":0,"comment_status":"closed","ping_status":"closed","template":"LearningContentPage.php","meta":{"_acf_changed":false,"footnotes":""},"class_list":["post-91634","page","type-page","status-publish","has-post-thumbnail","hentry"],"acf":[],"yoast_head":"<!-- This site is optimized with the Yoast SEO Premium plugin v27.2 (Yoast SEO v27.2) - https:\/\/yoast.com\/product\/yoast-seo-premium-wordpress\/ -->\n<title>Exerc\u00edcios de Gram\u00e1tica Francesa - Talkpal<\/title>\n<meta name=\"description\" content=\"Pratica e melhora as tuas compet\u00eancias gramaticais em franc\u00eas com exerc\u00edcios interactivos concebidos para todos os n\u00edveis. Melhora a tua profici\u00eancia lingu\u00edstica!\" \/>\n<meta name=\"robots\" content=\"index, follow, max-snippet:-1, max-image-preview:large, max-video-preview:-1\" \/>\n<link rel=\"canonical\" href=\"https:\/\/talkpal.ai\/pt-pt\/exercicios-de-gramatica-francesa\/\" \/>\n<meta property=\"og:locale\" content=\"pt_PT\" \/>\n<meta property=\"og:type\" content=\"article\" \/>\n<meta property=\"og:title\" content=\"Exerc\u00edcios de Gram\u00e1tica Francesa\" \/>\n<meta property=\"og:description\" content=\"T\u00f3picos de Gram\u00e1tica Francesa Aprender franc\u00eas pode ser uma experi\u00eancia emocionante e gratificante. Como uma l\u00edngua rica em hist\u00f3ria e cultura, o franc\u00eas\" \/>\n<meta property=\"og:url\" content=\"https:\/\/talkpal.ai\/pt-pt\/exercicios-de-gramatica-francesa\/\" \/>\n<meta property=\"og:site_name\" content=\"Talkpal\" \/>\n<meta property=\"article:publisher\" content=\"https:\/\/www.facebook.com\/profile.php?id=100090733639311\" \/>\n<meta property=\"article:modified_time\" content=\"2025-12-17T16:46:47+00:00\" \/>\n<meta property=\"og:image\" content=\"https:\/\/talkpal.ai\/wp-content\/uploads\/2023\/03\/france.png\" \/>\n\t<meta property=\"og:image:width\" content=\"512\" \/>\n\t<meta property=\"og:image:height\" content=\"512\" \/>\n\t<meta property=\"og:image:type\" content=\"image\/png\" \/>\n<meta name=\"twitter:card\" content=\"summary_large_image\" \/>\n<meta name=\"twitter:site\" content=\"@talkpalai\" \/>\n<meta name=\"twitter:label1\" content=\"Tempo estimado de leitura\" \/>\n\t<meta name=\"twitter:data1\" content=\"3 minutos\" \/>\n<script type=\"application\/ld+json\" class=\"yoast-schema-graph\">{\"@context\":\"https:\/\/schema.org\",\"@graph\":[{\"@type\":\"WebPage\",\"@id\":\"https:\/\/talkpal.ai\/pt-pt\/exercicios-de-gramatica-francesa\/\",\"url\":\"https:\/\/talkpal.ai\/pt-pt\/exercicios-de-gramatica-francesa\/\",\"name\":\"Exerc\u00edcios de Gram\u00e1tica Francesa - Talkpal\",\"isPartOf\":{\"@id\":\"https:\/\/talkpal.ai\/pt-pt\/#website\"},\"primaryImageOfPage\":{\"@id\":\"https:\/\/talkpal.ai\/pt-pt\/exercicios-de-gramatica-francesa\/#primaryimage\"},\"image\":{\"@id\":\"https:\/\/talkpal.ai\/pt-pt\/exercicios-de-gramatica-francesa\/#primaryimage\"},\"thumbnailUrl\":\"https:\/\/talkpal.ai\/wp-content\/uploads\/2023\/03\/france.png\",\"datePublished\":\"2023-06-16T08:35:52+00:00\",\"dateModified\":\"2025-12-17T16:46:47+00:00\",\"description\":\"Pratica e melhora as tuas compet\u00eancias gramaticais em franc\u00eas com exerc\u00edcios interactivos concebidos para todos os n\u00edveis. Melhora a tua profici\u00eancia lingu\u00edstica!\",\"breadcrumb\":{\"@id\":\"https:\/\/talkpal.ai\/pt-pt\/exercicios-de-gramatica-francesa\/#breadcrumb\"},\"inLanguage\":\"pt-PT\",\"potentialAction\":[{\"@type\":\"ReadAction\",\"target\":[\"https:\/\/talkpal.ai\/pt-pt\/exercicios-de-gramatica-francesa\/\"]}]},{\"@type\":\"ImageObject\",\"inLanguage\":\"pt-PT\",\"@id\":\"https:\/\/talkpal.ai\/pt-pt\/exercicios-de-gramatica-francesa\/#primaryimage\",\"url\":\"https:\/\/talkpal.ai\/wp-content\/uploads\/2023\/03\/france.png\",\"contentUrl\":\"https:\/\/talkpal.ai\/wp-content\/uploads\/2023\/03\/france.png\",\"width\":512,\"height\":512,\"caption\":\"TalkPal AI learn French\"},{\"@type\":\"BreadcrumbList\",\"@id\":\"https:\/\/talkpal.ai\/pt-pt\/exercicios-de-gramatica-francesa\/#breadcrumb\",\"itemListElement\":[{\"@type\":\"ListItem\",\"position\":1,\"name\":\"Homepage\",\"item\":\"https:\/\/talkpal.ai\/pt-pt\/\"},{\"@type\":\"ListItem\",\"position\":2,\"name\":\"Exerc\u00edcios de Gram\u00e1tica Francesa\"}]},{\"@type\":\"WebSite\",\"@id\":\"https:\/\/talkpal.ai\/pt-pt\/#website\",\"url\":\"https:\/\/talkpal.ai\/pt-pt\/\",\"name\":\"Talkpal\",\"description\":\"AI Language Learning\",\"publisher\":{\"@id\":\"https:\/\/talkpal.ai\/pt-pt\/#organization\"},\"alternateName\":\"Talkpal AI\",\"potentialAction\":[{\"@type\":\"SearchAction\",\"target\":{\"@type\":\"EntryPoint\",\"urlTemplate\":\"https:\/\/talkpal.ai\/pt-pt\/?s={search_term_string}\"},\"query-input\":{\"@type\":\"PropertyValueSpecification\",\"valueRequired\":true,\"valueName\":\"search_term_string\"}}],\"inLanguage\":\"pt-PT\"},{\"@type\":\"Organization\",\"@id\":\"https:\/\/talkpal.ai\/pt-pt\/#organization\",\"name\":\"Talkpal, Inc.\",\"alternateName\":\"Talkpal AI\",\"url\":\"https:\/\/talkpal.ai\/pt-pt\/\",\"logo\":{\"@type\":\"ImageObject\",\"inLanguage\":\"pt-PT\",\"@id\":\"https:\/\/talkpal.ai\/pt-pt\/#\/schema\/logo\/image\/\",\"url\":\"https:\/\/talkpal.ai\/wp-content\/uploads\/2024\/03\/Talkpal-Logo-Icon.png\",\"contentUrl\":\"https:\/\/talkpal.ai\/wp-content\/uploads\/2024\/03\/Talkpal-Logo-Icon.png\",\"width\":2880,\"height\":2880,\"caption\":\"Talkpal, Inc.\"},\"image\":{\"@id\":\"https:\/\/talkpal.ai\/pt-pt\/#\/schema\/logo\/image\/\"},\"sameAs\":[\"https:\/\/www.facebook.com\/profile.php?id=100090733639311\",\"https:\/\/x.com\/talkpalai\",\"https:\/\/www.linkedin.com\/company\/talkpal\/\",\"https:\/\/www.youtube.com\/@TalkPal\/\",\"https:\/\/www.tiktok.com\/@talkpal\",\"https:\/\/www.instagram.com\/talkpal_ai\/\",\"https:\/\/www.crunchbase.com\/organization\/talkpal-9cde\",\"https:\/\/www.g2.com\/products\/talkpal-for-business\/\",\"https:\/\/www.trustpilot.com\/review\/talkpal.ai\",\"https:\/\/www.capterra.com\/p\/10006800\/TalkPal\/\"],\"description\":\"Talkpal is a language learning web and mobile education app, powered by the latest AI technologies, that provides engaging experiences to its customers in many different languages to help them improve their language skills. Users can chat about unlimited amount of topics with the app and use other modes to practice their language learning.\",\"email\":\"support@talkpal.ai\",\"legalName\":\"Talkpal, Inc.\",\"foundingDate\":\"2023-04-03\",\"duns\":\"118989042\",\"numberOfEmployees\":{\"@type\":\"QuantitativeValue\",\"minValue\":\"11\",\"maxValue\":\"50\"},\"publishingPrinciples\":\"https:\/\/talkpal.ai\/publishing-principles\/\",\"actionableFeedbackPolicy\":\"https:\/\/talkpal.ai\/actionable-feedback-policy\/\",\"correctionsPolicy\":\"https:\/\/talkpal.ai\/corrections-policy\/\",\"ethicsPolicy\":\"https:\/\/talkpal.ai\/ethics-policy\/\",\"diversityPolicy\":\"https:\/\/talkpal.ai\/diversity-policy\/\",\"diversityStaffingReport\":\"https:\/\/talkpal.ai\/diversity-policy\/\"}]}<\/script>\n<!-- \/ Yoast SEO Premium plugin. -->","yoast_head_json":{"title":"Exerc\u00edcios de Gram\u00e1tica Francesa - Talkpal","description":"Pratica e melhora as tuas compet\u00eancias gramaticais em franc\u00eas com exerc\u00edcios interactivos concebidos para todos os n\u00edveis. Melhora a tua profici\u00eancia lingu\u00edstica!","robots":{"index":"index","follow":"follow","max-snippet":"max-snippet:-1","max-image-preview":"max-image-preview:large","max-video-preview":"max-video-preview:-1"},"canonical":"https:\/\/talkpal.ai\/pt-pt\/exercicios-de-gramatica-francesa\/","og_locale":"pt_PT","og_type":"article","og_title":"Exerc\u00edcios de Gram\u00e1tica Francesa","og_description":"T\u00f3picos de Gram\u00e1tica Francesa Aprender franc\u00eas pode ser uma experi\u00eancia emocionante e gratificante. Como uma l\u00edngua rica em hist\u00f3ria e cultura, o franc\u00eas","og_url":"https:\/\/talkpal.ai\/pt-pt\/exercicios-de-gramatica-francesa\/","og_site_name":"Talkpal","article_publisher":"https:\/\/www.facebook.com\/profile.php?id=100090733639311","article_modified_time":"2025-12-17T16:46:47+00:00","og_image":[{"width":512,"height":512,"url":"https:\/\/talkpal.ai\/wp-content\/uploads\/2023\/03\/france.png","type":"image\/png"}],"twitter_card":"summary_large_image","twitter_site":"@talkpalai","twitter_misc":{"Tempo estimado de leitura":"3 minutos"},"schema":{"@context":"https:\/\/schema.org","@graph":[{"@type":"WebPage","@id":"https:\/\/talkpal.ai\/pt-pt\/exercicios-de-gramatica-francesa\/","url":"https:\/\/talkpal.ai\/pt-pt\/exercicios-de-gramatica-francesa\/","name":"Exerc\u00edcios de Gram\u00e1tica Francesa - Talkpal","isPartOf":{"@id":"https:\/\/talkpal.ai\/pt-pt\/#website"},"primaryImageOfPage":{"@id":"https:\/\/talkpal.ai\/pt-pt\/exercicios-de-gramatica-francesa\/#primaryimage"},"image":{"@id":"https:\/\/talkpal.ai\/pt-pt\/exercicios-de-gramatica-francesa\/#primaryimage"},"thumbnailUrl":"https:\/\/talkpal.ai\/wp-content\/uploads\/2023\/03\/france.png","datePublished":"2023-06-16T08:35:52+00:00","dateModified":"2025-12-17T16:46:47+00:00","description":"Pratica e melhora as tuas compet\u00eancias gramaticais em franc\u00eas com exerc\u00edcios interactivos concebidos para todos os n\u00edveis. Melhora a tua profici\u00eancia lingu\u00edstica!","breadcrumb":{"@id":"https:\/\/talkpal.ai\/pt-pt\/exercicios-de-gramatica-francesa\/#breadcrumb"},"inLanguage":"pt-PT","potentialAction":[{"@type":"ReadAction","target":["https:\/\/talkpal.ai\/pt-pt\/exercicios-de-gramatica-francesa\/"]}]},{"@type":"ImageObject","inLanguage":"pt-PT","@id":"https:\/\/talkpal.ai\/pt-pt\/exercicios-de-gramatica-francesa\/#primaryimage","url":"https:\/\/talkpal.ai\/wp-content\/uploads\/2023\/03\/france.png","contentUrl":"https:\/\/talkpal.ai\/wp-content\/uploads\/2023\/03\/france.png","width":512,"height":512,"caption":"TalkPal AI learn French"},{"@type":"BreadcrumbList","@id":"https:\/\/talkpal.ai\/pt-pt\/exercicios-de-gramatica-francesa\/#breadcrumb","itemListElement":[{"@type":"ListItem","position":1,"name":"Homepage","item":"https:\/\/talkpal.ai\/pt-pt\/"},{"@type":"ListItem","position":2,"name":"Exerc\u00edcios de Gram\u00e1tica Francesa"}]},{"@type":"WebSite","@id":"https:\/\/talkpal.ai\/pt-pt\/#website","url":"https:\/\/talkpal.ai\/pt-pt\/","name":"Talkpal","description":"AI Language Learning","publisher":{"@id":"https:\/\/talkpal.ai\/pt-pt\/#organization"},"alternateName":"Talkpal AI","potentialAction":[{"@type":"SearchAction","target":{"@type":"EntryPoint","urlTemplate":"https:\/\/talkpal.ai\/pt-pt\/?s={search_term_string}"},"query-input":{"@type":"PropertyValueSpecification","valueRequired":true,"valueName":"search_term_string"}}],"inLanguage":"pt-PT"},{"@type":"Organization","@id":"https:\/\/talkpal.ai\/pt-pt\/#organization","name":"Talkpal, Inc.","alternateName":"Talkpal AI","url":"https:\/\/talkpal.ai\/pt-pt\/","logo":{"@type":"ImageObject","inLanguage":"pt-PT","@id":"https:\/\/talkpal.ai\/pt-pt\/#\/schema\/logo\/image\/","url":"https:\/\/talkpal.ai\/wp-content\/uploads\/2024\/03\/Talkpal-Logo-Icon.png","contentUrl":"https:\/\/talkpal.ai\/wp-content\/uploads\/2024\/03\/Talkpal-Logo-Icon.png","width":2880,"height":2880,"caption":"Talkpal, Inc."},"image":{"@id":"https:\/\/talkpal.ai\/pt-pt\/#\/schema\/logo\/image\/"},"sameAs":["https:\/\/www.facebook.com\/profile.php?id=100090733639311","https:\/\/x.com\/talkpalai","https:\/\/www.linkedin.com\/company\/talkpal\/","https:\/\/www.youtube.com\/@TalkPal\/","https:\/\/www.tiktok.com\/@talkpal","https:\/\/www.instagram.com\/talkpal_ai\/","https:\/\/www.crunchbase.com\/organization\/talkpal-9cde","https:\/\/www.g2.com\/products\/talkpal-for-business\/","https:\/\/www.trustpilot.com\/review\/talkpal.ai","https:\/\/www.capterra.com\/p\/10006800\/TalkPal\/"],"description":"Talkpal is a language learning web and mobile education app, powered by the latest AI technologies, that provides engaging experiences to its customers in many different languages to help them improve their language skills. Users can chat about unlimited amount of topics with the app and use other modes to practice their language learning.","email":"support@talkpal.ai","legalName":"Talkpal, Inc.","foundingDate":"2023-04-03","duns":"118989042","numberOfEmployees":{"@type":"QuantitativeValue","minValue":"11","maxValue":"50"},"publishingPrinciples":"https:\/\/talkpal.ai\/publishing-principles\/","actionableFeedbackPolicy":"https:\/\/talkpal.ai\/actionable-feedback-policy\/","correctionsPolicy":"https:\/\/talkpal.ai\/corrections-policy\/","ethicsPolicy":"https:\/\/talkpal.ai\/ethics-policy\/","diversityPolicy":"https:\/\/talkpal.ai\/diversity-policy\/","diversityStaffingReport":"https:\/\/talkpal.ai\/diversity-policy\/"}]}},"_links":{"self":[{"href":"https:\/\/talkpal.ai\/pt-pt\/wp-json\/wp\/v2\/pages\/91634","targetHints":{"allow":["GET"]}}],"collection":[{"href":"https:\/\/talkpal.ai\/pt-pt\/wp-json\/wp\/v2\/pages"}],"about":[{"href":"https:\/\/talkpal.ai\/pt-pt\/wp-json\/wp\/v2\/types\/page"}],"author":[{"embeddable":true,"href":"https:\/\/talkpal.ai\/pt-pt\/wp-json\/wp\/v2\/users\/6"}],"replies":[{"embeddable":true,"href":"https:\/\/talkpal.ai\/pt-pt\/wp-json\/wp\/v2\/comments?post=91634"}],"version-history":[{"count":0,"href":"https:\/\/talkpal.ai\/pt-pt\/wp-json\/wp\/v2\/pages\/91634\/revisions"}],"wp:featuredmedia":[{"embeddable":true,"href":"https:\/\/talkpal.ai\/pt-pt\/wp-json\/wp\/v2\/media\/13609"}],"wp:attachment":[{"href":"https:\/\/talkpal.ai\/pt-pt\/wp-json\/wp\/v2\/media?parent=91634"}],"curies":[{"name":"wp","href":"https:\/\/api.w.org\/{rel}","templated":true}]}}