{"id":91488,"date":"2023-03-26T11:45:19","date_gmt":"2023-03-26T11:45:19","guid":{"rendered":"http:\/\/talkpal.ai\/gramatica-francesa\/"},"modified":"2025-05-22T18:46:46","modified_gmt":"2025-05-22T18:46:46","slug":"gramatica-francesa","status":"publish","type":"page","link":"https:\/\/talkpal.ai\/pt-pt\/gramatica-francesa\/","title":{"rendered":"Gram\u00e1tica Francesa"},"content":{"rendered":"\r\n\r\n\r\n<section class=\"languageChallengeSection\">\r\n    <div class=\"languageInfoWrapper\">\r\n        \r\n        <h1>Gram\u00e1tica Francesa<\/h1>\r\n        <p>Desbloqueia a eleg\u00e2ncia da l\u00edngua francesa dominando as suas regras gramaticais essenciais. Uma s\u00f3lida compreens\u00e3o da <a href=\"https:\/\/talkpal.ai\/pt-pt\/o-que-ha-de-especial-na-gramatica-francesa\/\">gram\u00e1tica francesa<\/a> vai ajudar-te a comunicar com facilidade e a apreciar a riqueza da cultura francesa. Come\u00e7a hoje a aprender gram\u00e1tica francesa e inicia a tua viagem rumo \u00e0 flu\u00eancia!<\/p>\r\n\r\n                            <a class=\"getStartedHidden\" href=\"https:\/\/app.talkpal.ai\/pt-pt\/signup?lng=\">Come\u00e7a<\/a>\r\n        \r\n    <\/div>\r\n\r\n    <figure>\r\n    <img decoding=\"async\" width=\"768\" height=\"768\" src=\"https:\/\/talkpal.ai\/wp-content\/uploads\/2023\/06\/french-768x768.png\" class=\"languageImage no-lazy\" alt=\"Default alt text\" fetchpriority=\"high\" sizes=\"(max-width: 768px) 150px, 768px\" srcset=\"https:\/\/talkpal.ai\/wp-content\/uploads\/2023\/06\/french-768x768.png 768w, https:\/\/talkpal.ai\/wp-content\/uploads\/2023\/06\/french-300x300.png 300w\" \/>\r\n    \r\n\r\n    <\/figure>\r\n\r\n            <a class=\"getStartedVisible\" href=\"https:\/\/app.talkpal.ai\/pt-pt\/signup?lng=\">Come\u00e7a<\/a>\r\n    \r\n<\/section>\r\n        <section class=\"grammarSection\">\r\n            <div class=\"grammarLinks\">\r\n                <a href=\"https:\/\/talkpal.ai\/pt-pt\/language\/adjetivos-gramatica-francesa\/\">Adjetivos <\/a><a href=\"https:\/\/talkpal.ai\/pt-pt\/language\/adverbios-gramatica-francesa\/\">Adv\u00e9rbios <\/a><a href=\"https:\/\/talkpal.ai\/pt-pt\/language\/artigos-gramatica-francesa\/\">Artigos <\/a><a href=\"https:\/\/talkpal.ai\/pt-pt\/language\/estrutura-da-frase-gramatica-francesa\/\">Estrutura da frase <\/a><a href=\"https:\/\/talkpal.ai\/pt-pt\/language\/indicativo-de-tempos-gramatica-francesa\/\">Indicativo de Tempos <\/a><a href=\"https:\/\/talkpal.ai\/pt-pt\/language\/preposicoes-gramatica-francesa\/\">Preposi\u00e7\u00f5es <\/a><a href=\"https:\/\/talkpal.ai\/pt-pt\/language\/pronomes-e-determinantes-gramatica-francesa\/\">Pronomes e Determinantes <\/a><a href=\"https:\/\/talkpal.ai\/pt-pt\/language\/substantivos-gramatica-francesa\/\">Substantivos <\/a><a href=\"https:\/\/talkpal.ai\/pt-pt\/language\/verbos-gramatica-francesa\/\">Verbos <\/a>            <\/div>\r\n        <\/section>\r\n    <section class=\"promotionalBanner\">\r\n    <p class=\"promotionalText\"><\/p>\r\n    <a class=\"promotionalLink\" href=\"https:\/\/app.talkpal.ai\/pt-pt\/signup?lng=\"><\/a>\r\n<\/section>\n<div class=\"wp-block-group pageContainerStyle\"><div class=\"wp-block-group__inner-container is-layout-constrained wp-block-group-is-layout-constrained\">\n<h2 class=\"wp-block-heading\" id=\"h-a-beginner-s-guide-to-french-grammar\">Guia de gram\u00e1tica francesa para principiantes<\/h2>\n\n\n\n<p><a href=\"https:\/\/talkpal.ai\/pt-pt\/como-aprender-frances\/\">Aprender franc\u00eas<\/a> pode ser uma experi\u00eancia emocionante e gratificante. No entanto, dominar a gram\u00e1tica francesa pode ser um desafio, mesmo para aqueles que s\u00e3o proficientes em <a href=\"https:\/\/talkpal.ai\/pt-pt\/locations\/aprenda-ingles-em-passos\/\">ingl\u00eas<\/a>. Neste artigo, vamos discutir algumas dicas essenciais de gram\u00e1tica francesa para te ajudar a melhorar as tuas compet\u00eancias lingu\u00edsticas. Se te familiarizares com estas regras e as praticares regularmente, estar\u00e1s no bom caminho para te tornares um especialista em gram\u00e1tica francesa.<\/p>\n\n\n\n<h3 class=\"wp-block-heading\" id=\"h-1-the-importance-of-gender-in-french-nouns\">1. A import\u00e2ncia do g\u00eanero nos substantivos franceses<\/h3>\n\n\n\n<p>Uma das diferen\u00e7as mais significativas entre a gram\u00e1tica francesa e inglesa \u00e9 o conceito de g\u00eanero. Todos os substantivos franceses s\u00e3o masculinos ou femininos, o que afeta os artigos e adjetivos usados com eles. Por exemplo, \u201cle\u201d e \u201cla\u201d s\u00e3o os <a href=\"https:\/\/talkpal.ai\/hi\/grammar_exercises\/articulos-%e0%a4%b8%e0%a5%8d%e0%a4%aa%e0%a5%87%e0%a4%a8%e0%a4%bf%e0%a4%b6-%e0%a4%b5%e0%a5%8d%e0%a4%af%e0%a4%be%e0%a4%95%e0%a4%b0%e0%a4%a3-%e0%a4%95%e0%a5%87-%e0%a4%b2%e0%a4%bf%e0%a4%8f-%e0%a4%b5\/\">artigos definidos<\/a> para substantivos masculinos e femininos, respetivamente. Quando encontras um <a href=\"https:\/\/talkpal.ai\/talkpal-new-years-discount\/\">novo<\/a> substantivo, \u00e9 crucial recordar o seu g\u00e9nero para evitar cometer erros gramaticais.<\/p>\n\n\n\n<h3 class=\"wp-block-heading\" id=\"h-2-mastering-verb-conjugations\">2. Dominando Conjuga\u00e7\u00f5es Verbais<\/h3>\n\n\n\n<p>Os verbos franceses t\u00eam numerosas conjuga\u00e7\u00f5es baseadas em tempo, humor e pronomes de sujeito. Isso pode parecer esmagador, mas h\u00e1 padr\u00f5es e atalhos que voc\u00ea pode usar para simplificar o processo. Os verbos regulares pertencem a um dos tr\u00eas grupos com base em suas termina\u00e7\u00f5es do <a href=\"https:\/\/talkpal.ai\/hi\/grammar_exercises\/infinitivo-%e0%a4%b8%e0%a5%8d%e0%a4%aa%e0%a5%87%e0%a4%a8%e0%a4%bf%e0%a4%b6-%e0%a4%b5%e0%a5%8d%e0%a4%af%e0%a4%be%e0%a4%95%e0%a4%b0%e0%a4%a3-%e0%a4%95%e0%a5%87-%e0%a4%b2%e0%a4%bf%e0%a4%8f-%e0%a4%b5\/\">infinitivo<\/a> (-er, -ir e -re), e cada grupo tem seu pr\u00f3prio conjunto de regras de conjuga\u00e7\u00e3o. Depois de aprender essas regras, voc\u00ea pode facilmente conjugar um n\u00famero significativo de verbos franceses.<\/p>\n\n\n\n<h3 class=\"wp-block-heading\" id=\"h-3-the-partitive-article-du-de-la-and-de-l\">3. O artigo partitivo: du, de la, e de l&#8217;<\/h3>\n\n\n\n<p>Quando falas de uma por\u00e7\u00e3o ou de uma quantidade n\u00e3o especificada de algo, tens de usar o artigo partitivo. O artigo partitivo muda consoante o g\u00e9nero do substantivo e se este come\u00e7a com uma vogal ou uma consoante. Para os substantivos masculinos, <a href=\"https:\/\/talkpal.ai\/locations\/learn-english-in-usa\/\">usa<\/a> &#8220;du&#8221;, para os femininos usa &#8220;de la&#8221; e para os substantivos que come\u00e7am com uma vogal ou um &#8216;h&#8217; silencioso, usa &#8220;de l'&#8221;.<\/p>\n\n\n\n<h3 class=\"wp-block-heading\" id=\"h-4-adjective-agreement-and-placement\">4. Acordo Adjetivo e Coloca\u00e7\u00e3o<\/h3>\n\n\n\n<p>Na gram\u00e1tica francesa, os adjetivos devem concordar com o substantivo que est\u00e3o modificando em termos de g\u00eanero e n\u00famero. Muitas vezes, isto significa que ter\u00e1s de acrescentar um \u201ce\u201d ao adjetivo para o tornar feminino e um \u201cs\u201d para o tornar plural. Al\u00e9m disso, os adjectivos seguem geralmente o substantivo que modificam, com algumas excep\u00e7\u00f5es para adjectivos curtos e comuns como \u201cbeau\u201d, \u201cvieil\u201d e \u201cgrand\u201d.<\/p>\n\n\n\n<p>Exemplos:<br\/>&#8211; Un chat noir (Um gato preto)<br\/>&#8211; Une voiture noire (Um carro preto)<br\/>&#8211; Deux chats noirs (Dois gatos pretos)<\/p>\n\n\n\n<h3 class=\"wp-block-heading\" id=\"h-5-passe-compose-past-tense-made-easy\">5. Passe Compose &#8211; O pret\u00e9rito mais f\u00e1cil<\/h3>\n\n\n\n<p>Embora existam muitas maneiras de expressar o pret\u00e9rito em franc\u00eas, o pass\u00e8 compos\u00e9 \u00e9 um dos mais \u00fateis e f\u00e1ceis de aprender. Para formar o pass\u00e9 compos\u00e9, precisas do presente do verbo auxiliar \u201cavoir\u201d ou \u201c\u00eatre\u201d, seguido do partic\u00edpio passado do verbo principal. A maioria dos verbos usa \u201cavoir\u201d como auxiliar, enquanto alguns verbos, principalmente relacionados com movimento e verbos reflexivos, usam \u201c\u00eatre\u201d.<\/p>\n\n\n\n<p>Exemplo:<br\/>&#8211; J&#8217;ai mang\u00e9 (comi)<br\/>&#8211; Nous sommes all\u00e9s (N\u00f3s fomos)<\/p>\n\n\n\n<h3 class=\"wp-block-heading\" id=\"h-6-engaging-with-the-language\">6. Envolvendo-se com o idioma<\/h3>\n\n\n\n<p>Uma das melhores maneiras de melhorar sua gram\u00e1tica francesa \u00e9 se envolvendo com o idioma regularmente. Quer seja a ler jornais franceses, a ver filmes franceses ou a falar com um falante nativo, a exposi\u00e7\u00e3o \u00e0 l\u00edngua em diferentes contextos ajudar\u00e1 a refor\u00e7ar a tua compreens\u00e3o da gram\u00e1tica e a expandir o teu vocabul\u00e1rio.<\/p>\n\n\n\n<h3 class=\"wp-block-heading\" id=\"h-conclusion\">Conclus\u00e3o<\/h3>\n\n\n\n<p>Dominar a gram\u00e1tica francesa pode parecer assustador, mas com pr\u00e1tica e dedica\u00e7\u00e3o consistentes, voc\u00ea pode se tornar fluente neste belo idioma. Ao se concentrar nas regras essenciais descritas acima e se envolver com o idioma em v\u00e1rios contextos, suas habilidades gramaticais em franc\u00eas melhorar\u00e3o rapidamente. Bonne chance em sua jornada para dominar a gram\u00e1tica francesa!<\/p>\n<\/div><\/div>\n\r\n<section class=\"learnNavigationSection\">\r\n            \r\n        <a href=\"https:\/\/talkpal.ai\/pt-pt\/aprender-frances\/\">\r\n            <div class=\"learnNavigationWrapper\">\r\n                <div class=\"learnNavigationContent\">\r\n                    <img decoding=\"async\" src=\"https:\/\/talkpal.ai\/wp-content\/uploads\/2024\/08\/French.jpg\" alt=\"French Flag\">\r\n                    <div>\r\n                        <h4>Sobre a aprendizagem do franc\u00eas<\/h4>\r\n                        <p>Descobre tudo sobre a gram\u00e1tica francesa.<\/p>\r\n                    <\/div>\r\n                <\/div>\r\n            <\/div>\r\n        <\/a>\r\n\r\n        \r\n        <a href=\"https:\/\/talkpal.ai\/pt-pt\/exercicios-de-gramatica-francesa\/\">\r\n            <div class=\"learnNavigationWrapper\">\r\n                <div class=\"learnNavigationContent\">\r\n                    <img decoding=\"async\" src=\"https:\/\/talkpal.ai\/wp-content\/uploads\/2024\/08\/French.jpg\" alt=\"French Flag\">\r\n                    <div>\r\n                        <h4>Exerc\u00edcio de gram\u00e1tica francesa<\/h4>\r\n                        <p>Pratica a gram\u00e1tica francesa.<\/p>\r\n                    <\/div>\r\n                <\/div>\r\n            <\/div>\r\n        <\/a>\r\n\r\n        \r\n        <a href=\"https:\/\/talkpal.ai\/vocabulary_language\/french\/\">\r\n            <div class=\"learnNavigationWrapper\">\r\n                <div class=\"learnNavigationContent\">\r\n                    <img decoding=\"async\" src=\"https:\/\/talkpal.ai\/wp-content\/uploads\/2024\/08\/French.jpg\" alt=\"French Flag\">\r\n                    <div>\r\n                        <h4>Vocabul\u00e1rio em franc\u00eas<\/h4>\r\n                        <p>Amplia o teu vocabul\u00e1rio franc\u00eas.<\/p>\r\n                    <\/div>\r\n                <\/div>\r\n            <\/div>\r\n        <\/a>\r\n\r\n            <\/section>","protected":false},"excerpt":{"rendered":"<p>Guia de gram\u00e1tica francesa para principiantes Aprender franc\u00eas pode ser uma experi\u00eancia emocionante e gratificante. No entanto, dominar a gram\u00e1tica francesa pode ser um desafio, mesmo para aqueles que s\u00e3o proficientes em ingl\u00eas. Neste artigo, vamos discutir algumas dicas essenciais de gram\u00e1tica francesa para te ajudar a melhorar as tuas compet\u00eancias lingu\u00edsticas. Se te familiarizares [&hellip;]<\/p>\n","protected":false},"author":1,"featured_media":13609,"parent":0,"menu_order":0,"comment_status":"closed","ping_status":"closed","template":"LearningContentPage.php","meta":{"_acf_changed":false,"footnotes":""},"class_list":["post-91488","page","type-page","status-publish","has-post-thumbnail","hentry"],"acf":[],"yoast_head":"<!-- This site is optimized with the Yoast SEO Premium plugin v27.2 (Yoast SEO v27.2) - https:\/\/yoast.com\/product\/yoast-seo-premium-wordpress\/ -->\n<title>Gram\u00e1tica Francesa - Talkpal<\/title>\n<meta name=\"description\" content=\"Domina os conceitos essenciais da gram\u00e1tica francesa - verbos, conjuga\u00e7\u00f5es, tempos verbais, substantivos, artigos, adjectivos, pronomes e estrutura das frases.\" \/>\n<meta name=\"robots\" content=\"index, follow, max-snippet:-1, max-image-preview:large, max-video-preview:-1\" \/>\n<link rel=\"canonical\" href=\"https:\/\/talkpal.ai\/pt-pt\/gramatica-francesa\/\" \/>\n<meta property=\"og:locale\" content=\"pt_PT\" \/>\n<meta property=\"og:type\" content=\"article\" \/>\n<meta property=\"og:title\" content=\"Gram\u00e1tica Francesa\" \/>\n<meta property=\"og:description\" content=\"Guia de gram\u00e1tica francesa para principiantes Aprender franc\u00eas pode ser uma experi\u00eancia emocionante e gratificante. No entanto, dominar a gram\u00e1tica\" \/>\n<meta property=\"og:url\" content=\"https:\/\/talkpal.ai\/pt-pt\/gramatica-francesa\/\" \/>\n<meta property=\"og:site_name\" content=\"Talkpal\" \/>\n<meta property=\"article:publisher\" content=\"https:\/\/www.facebook.com\/profile.php?id=100090733639311\" \/>\n<meta property=\"article:modified_time\" content=\"2025-05-22T18:46:46+00:00\" \/>\n<meta property=\"og:image\" content=\"https:\/\/talkpal.ai\/wp-content\/uploads\/2023\/03\/france.png\" \/>\n\t<meta property=\"og:image:width\" content=\"512\" \/>\n\t<meta property=\"og:image:height\" content=\"512\" \/>\n\t<meta property=\"og:image:type\" content=\"image\/png\" \/>\n<meta name=\"twitter:card\" content=\"summary_large_image\" \/>\n<meta name=\"twitter:site\" content=\"@talkpalai\" \/>\n<meta name=\"twitter:label1\" content=\"Tempo estimado de leitura\" \/>\n\t<meta name=\"twitter:data1\" content=\"3 minutos\" \/>\n<script type=\"application\/ld+json\" class=\"yoast-schema-graph\">{\"@context\":\"https:\/\/schema.org\",\"@graph\":[{\"@type\":\"WebPage\",\"@id\":\"https:\/\/talkpal.ai\/pt-pt\/gramatica-francesa\/\",\"url\":\"https:\/\/talkpal.ai\/pt-pt\/gramatica-francesa\/\",\"name\":\"Gram\u00e1tica Francesa - Talkpal\",\"isPartOf\":{\"@id\":\"https:\/\/talkpal.ai\/pt-pt\/#website\"},\"primaryImageOfPage\":{\"@id\":\"https:\/\/talkpal.ai\/pt-pt\/gramatica-francesa\/#primaryimage\"},\"image\":{\"@id\":\"https:\/\/talkpal.ai\/pt-pt\/gramatica-francesa\/#primaryimage\"},\"thumbnailUrl\":\"https:\/\/talkpal.ai\/wp-content\/uploads\/2023\/03\/france.png\",\"datePublished\":\"2023-03-26T11:45:19+00:00\",\"dateModified\":\"2025-05-22T18:46:46+00:00\",\"description\":\"Domina os conceitos essenciais da gram\u00e1tica francesa - verbos, conjuga\u00e7\u00f5es, tempos verbais, substantivos, artigos, adjectivos, pronomes e estrutura das frases.\",\"breadcrumb\":{\"@id\":\"https:\/\/talkpal.ai\/pt-pt\/gramatica-francesa\/#breadcrumb\"},\"inLanguage\":\"pt-PT\",\"potentialAction\":[{\"@type\":\"ReadAction\",\"target\":[\"https:\/\/talkpal.ai\/pt-pt\/gramatica-francesa\/\"]}]},{\"@type\":\"ImageObject\",\"inLanguage\":\"pt-PT\",\"@id\":\"https:\/\/talkpal.ai\/pt-pt\/gramatica-francesa\/#primaryimage\",\"url\":\"https:\/\/talkpal.ai\/wp-content\/uploads\/2023\/03\/france.png\",\"contentUrl\":\"https:\/\/talkpal.ai\/wp-content\/uploads\/2023\/03\/france.png\",\"width\":512,\"height\":512,\"caption\":\"TalkPal AI learn French\"},{\"@type\":\"BreadcrumbList\",\"@id\":\"https:\/\/talkpal.ai\/pt-pt\/gramatica-francesa\/#breadcrumb\",\"itemListElement\":[{\"@type\":\"ListItem\",\"position\":1,\"name\":\"Homepage\",\"item\":\"https:\/\/talkpal.ai\/pt-pt\/\"},{\"@type\":\"ListItem\",\"position\":2,\"name\":\"Gram\u00e1tica Francesa\"}]},{\"@type\":\"WebSite\",\"@id\":\"https:\/\/talkpal.ai\/pt-pt\/#website\",\"url\":\"https:\/\/talkpal.ai\/pt-pt\/\",\"name\":\"Talkpal\",\"description\":\"AI Language Learning\",\"publisher\":{\"@id\":\"https:\/\/talkpal.ai\/pt-pt\/#organization\"},\"alternateName\":\"Talkpal AI\",\"potentialAction\":[{\"@type\":\"SearchAction\",\"target\":{\"@type\":\"EntryPoint\",\"urlTemplate\":\"https:\/\/talkpal.ai\/pt-pt\/?s={search_term_string}\"},\"query-input\":{\"@type\":\"PropertyValueSpecification\",\"valueRequired\":true,\"valueName\":\"search_term_string\"}}],\"inLanguage\":\"pt-PT\"},{\"@type\":\"Organization\",\"@id\":\"https:\/\/talkpal.ai\/pt-pt\/#organization\",\"name\":\"Talkpal, Inc.\",\"alternateName\":\"Talkpal AI\",\"url\":\"https:\/\/talkpal.ai\/pt-pt\/\",\"logo\":{\"@type\":\"ImageObject\",\"inLanguage\":\"pt-PT\",\"@id\":\"https:\/\/talkpal.ai\/pt-pt\/#\/schema\/logo\/image\/\",\"url\":\"https:\/\/talkpal.ai\/wp-content\/uploads\/2024\/03\/Talkpal-Logo-Icon.png\",\"contentUrl\":\"https:\/\/talkpal.ai\/wp-content\/uploads\/2024\/03\/Talkpal-Logo-Icon.png\",\"width\":2880,\"height\":2880,\"caption\":\"Talkpal, Inc.\"},\"image\":{\"@id\":\"https:\/\/talkpal.ai\/pt-pt\/#\/schema\/logo\/image\/\"},\"sameAs\":[\"https:\/\/www.facebook.com\/profile.php?id=100090733639311\",\"https:\/\/x.com\/talkpalai\",\"https:\/\/www.linkedin.com\/company\/talkpal\/\",\"https:\/\/www.youtube.com\/@TalkPal\/\",\"https:\/\/www.tiktok.com\/@talkpal\",\"https:\/\/www.instagram.com\/talkpal_ai\/\",\"https:\/\/www.crunchbase.com\/organization\/talkpal-9cde\",\"https:\/\/www.g2.com\/products\/talkpal-for-business\/\",\"https:\/\/www.trustpilot.com\/review\/talkpal.ai\",\"https:\/\/www.capterra.com\/p\/10006800\/TalkPal\/\"],\"description\":\"Talkpal is a language learning web and mobile education app, powered by the latest AI technologies, that provides engaging experiences to its customers in many different languages to help them improve their language skills. Users can chat about unlimited amount of topics with the app and use other modes to practice their language learning.\",\"email\":\"support@talkpal.ai\",\"legalName\":\"Talkpal, Inc.\",\"foundingDate\":\"2023-04-03\",\"duns\":\"118989042\",\"numberOfEmployees\":{\"@type\":\"QuantitativeValue\",\"minValue\":\"11\",\"maxValue\":\"50\"},\"publishingPrinciples\":\"https:\/\/talkpal.ai\/publishing-principles\/\",\"actionableFeedbackPolicy\":\"https:\/\/talkpal.ai\/actionable-feedback-policy\/\",\"correctionsPolicy\":\"https:\/\/talkpal.ai\/corrections-policy\/\",\"ethicsPolicy\":\"https:\/\/talkpal.ai\/ethics-policy\/\",\"diversityPolicy\":\"https:\/\/talkpal.ai\/diversity-policy\/\",\"diversityStaffingReport\":\"https:\/\/talkpal.ai\/diversity-policy\/\"}]}<\/script>\n<!-- \/ Yoast SEO Premium plugin. -->","yoast_head_json":{"title":"Gram\u00e1tica Francesa - Talkpal","description":"Domina os conceitos essenciais da gram\u00e1tica francesa - verbos, conjuga\u00e7\u00f5es, tempos verbais, substantivos, artigos, adjectivos, pronomes e estrutura das frases.","robots":{"index":"index","follow":"follow","max-snippet":"max-snippet:-1","max-image-preview":"max-image-preview:large","max-video-preview":"max-video-preview:-1"},"canonical":"https:\/\/talkpal.ai\/pt-pt\/gramatica-francesa\/","og_locale":"pt_PT","og_type":"article","og_title":"Gram\u00e1tica Francesa","og_description":"Guia de gram\u00e1tica francesa para principiantes Aprender franc\u00eas pode ser uma experi\u00eancia emocionante e gratificante. No entanto, dominar a gram\u00e1tica","og_url":"https:\/\/talkpal.ai\/pt-pt\/gramatica-francesa\/","og_site_name":"Talkpal","article_publisher":"https:\/\/www.facebook.com\/profile.php?id=100090733639311","article_modified_time":"2025-05-22T18:46:46+00:00","og_image":[{"width":512,"height":512,"url":"https:\/\/talkpal.ai\/wp-content\/uploads\/2023\/03\/france.png","type":"image\/png"}],"twitter_card":"summary_large_image","twitter_site":"@talkpalai","twitter_misc":{"Tempo estimado de leitura":"3 minutos"},"schema":{"@context":"https:\/\/schema.org","@graph":[{"@type":"WebPage","@id":"https:\/\/talkpal.ai\/pt-pt\/gramatica-francesa\/","url":"https:\/\/talkpal.ai\/pt-pt\/gramatica-francesa\/","name":"Gram\u00e1tica Francesa - Talkpal","isPartOf":{"@id":"https:\/\/talkpal.ai\/pt-pt\/#website"},"primaryImageOfPage":{"@id":"https:\/\/talkpal.ai\/pt-pt\/gramatica-francesa\/#primaryimage"},"image":{"@id":"https:\/\/talkpal.ai\/pt-pt\/gramatica-francesa\/#primaryimage"},"thumbnailUrl":"https:\/\/talkpal.ai\/wp-content\/uploads\/2023\/03\/france.png","datePublished":"2023-03-26T11:45:19+00:00","dateModified":"2025-05-22T18:46:46+00:00","description":"Domina os conceitos essenciais da gram\u00e1tica francesa - verbos, conjuga\u00e7\u00f5es, tempos verbais, substantivos, artigos, adjectivos, pronomes e estrutura das frases.","breadcrumb":{"@id":"https:\/\/talkpal.ai\/pt-pt\/gramatica-francesa\/#breadcrumb"},"inLanguage":"pt-PT","potentialAction":[{"@type":"ReadAction","target":["https:\/\/talkpal.ai\/pt-pt\/gramatica-francesa\/"]}]},{"@type":"ImageObject","inLanguage":"pt-PT","@id":"https:\/\/talkpal.ai\/pt-pt\/gramatica-francesa\/#primaryimage","url":"https:\/\/talkpal.ai\/wp-content\/uploads\/2023\/03\/france.png","contentUrl":"https:\/\/talkpal.ai\/wp-content\/uploads\/2023\/03\/france.png","width":512,"height":512,"caption":"TalkPal AI learn French"},{"@type":"BreadcrumbList","@id":"https:\/\/talkpal.ai\/pt-pt\/gramatica-francesa\/#breadcrumb","itemListElement":[{"@type":"ListItem","position":1,"name":"Homepage","item":"https:\/\/talkpal.ai\/pt-pt\/"},{"@type":"ListItem","position":2,"name":"Gram\u00e1tica Francesa"}]},{"@type":"WebSite","@id":"https:\/\/talkpal.ai\/pt-pt\/#website","url":"https:\/\/talkpal.ai\/pt-pt\/","name":"Talkpal","description":"AI Language Learning","publisher":{"@id":"https:\/\/talkpal.ai\/pt-pt\/#organization"},"alternateName":"Talkpal AI","potentialAction":[{"@type":"SearchAction","target":{"@type":"EntryPoint","urlTemplate":"https:\/\/talkpal.ai\/pt-pt\/?s={search_term_string}"},"query-input":{"@type":"PropertyValueSpecification","valueRequired":true,"valueName":"search_term_string"}}],"inLanguage":"pt-PT"},{"@type":"Organization","@id":"https:\/\/talkpal.ai\/pt-pt\/#organization","name":"Talkpal, Inc.","alternateName":"Talkpal AI","url":"https:\/\/talkpal.ai\/pt-pt\/","logo":{"@type":"ImageObject","inLanguage":"pt-PT","@id":"https:\/\/talkpal.ai\/pt-pt\/#\/schema\/logo\/image\/","url":"https:\/\/talkpal.ai\/wp-content\/uploads\/2024\/03\/Talkpal-Logo-Icon.png","contentUrl":"https:\/\/talkpal.ai\/wp-content\/uploads\/2024\/03\/Talkpal-Logo-Icon.png","width":2880,"height":2880,"caption":"Talkpal, Inc."},"image":{"@id":"https:\/\/talkpal.ai\/pt-pt\/#\/schema\/logo\/image\/"},"sameAs":["https:\/\/www.facebook.com\/profile.php?id=100090733639311","https:\/\/x.com\/talkpalai","https:\/\/www.linkedin.com\/company\/talkpal\/","https:\/\/www.youtube.com\/@TalkPal\/","https:\/\/www.tiktok.com\/@talkpal","https:\/\/www.instagram.com\/talkpal_ai\/","https:\/\/www.crunchbase.com\/organization\/talkpal-9cde","https:\/\/www.g2.com\/products\/talkpal-for-business\/","https:\/\/www.trustpilot.com\/review\/talkpal.ai","https:\/\/www.capterra.com\/p\/10006800\/TalkPal\/"],"description":"Talkpal is a language learning web and mobile education app, powered by the latest AI technologies, that provides engaging experiences to its customers in many different languages to help them improve their language skills. Users can chat about unlimited amount of topics with the app and use other modes to practice their language learning.","email":"support@talkpal.ai","legalName":"Talkpal, Inc.","foundingDate":"2023-04-03","duns":"118989042","numberOfEmployees":{"@type":"QuantitativeValue","minValue":"11","maxValue":"50"},"publishingPrinciples":"https:\/\/talkpal.ai\/publishing-principles\/","actionableFeedbackPolicy":"https:\/\/talkpal.ai\/actionable-feedback-policy\/","correctionsPolicy":"https:\/\/talkpal.ai\/corrections-policy\/","ethicsPolicy":"https:\/\/talkpal.ai\/ethics-policy\/","diversityPolicy":"https:\/\/talkpal.ai\/diversity-policy\/","diversityStaffingReport":"https:\/\/talkpal.ai\/diversity-policy\/"}]}},"_links":{"self":[{"href":"https:\/\/talkpal.ai\/pt-pt\/wp-json\/wp\/v2\/pages\/91488","targetHints":{"allow":["GET"]}}],"collection":[{"href":"https:\/\/talkpal.ai\/pt-pt\/wp-json\/wp\/v2\/pages"}],"about":[{"href":"https:\/\/talkpal.ai\/pt-pt\/wp-json\/wp\/v2\/types\/page"}],"author":[{"embeddable":true,"href":"https:\/\/talkpal.ai\/pt-pt\/wp-json\/wp\/v2\/users\/1"}],"replies":[{"embeddable":true,"href":"https:\/\/talkpal.ai\/pt-pt\/wp-json\/wp\/v2\/comments?post=91488"}],"version-history":[{"count":0,"href":"https:\/\/talkpal.ai\/pt-pt\/wp-json\/wp\/v2\/pages\/91488\/revisions"}],"wp:featuredmedia":[{"embeddable":true,"href":"https:\/\/talkpal.ai\/pt-pt\/wp-json\/wp\/v2\/media\/13609"}],"wp:attachment":[{"href":"https:\/\/talkpal.ai\/pt-pt\/wp-json\/wp\/v2\/media?parent=91488"}],"curies":[{"name":"wp","href":"https:\/\/api.w.org\/{rel}","templated":true}]}}