{"id":91427,"date":"2023-03-26T11:55:54","date_gmt":"2023-03-26T11:55:54","guid":{"rendered":"http:\/\/talkpal.ai\/gramatica-espanhola\/"},"modified":"2025-05-22T18:50:32","modified_gmt":"2025-05-22T18:50:32","slug":"gramatica-espanhola","status":"publish","type":"page","link":"https:\/\/talkpal.ai\/pt-pt\/gramatica-espanhola\/","title":{"rendered":"Gram\u00e1tica espanhola"},"content":{"rendered":"\r\n\r\n\r\n<section class=\"languageChallengeSection\">\r\n    <div class=\"languageInfoWrapper\">\r\n        \r\n        <h1>Gram\u00e1tica espanhola<\/h1>\r\n        <p>Mergulha no mundo vibrante do <a href=\"https:\/\/talkpal.ai\/pt-pt\/locations\/aprenda-espanhol-em-breves\/\">espanhol<\/a> dominando as suas regras gramaticais essenciais. Compreender a <a href=\"https:\/\/talkpal.ai\/spanish-grammar\/\">gram\u00e1tica espanhola<\/a> vai ajudar-te a comunicar com confian\u00e7a e a estabelecer novas liga\u00e7\u00f5es com milh\u00f5es de falantes em todo o mundo. Come\u00e7a a <a href=\"https:\/\/talkpal.ai\/fr\/grammaire\/\">aprender gram\u00e1tica<\/a> espanhola hoje e d\u00e1 o teu primeiro passo para a flu\u00eancia!<\/p>\r\n\r\n                            <a class=\"getStartedHidden\" href=\"https:\/\/app.talkpal.ai\/pt-pt\/signup?lng=\">Come\u00e7a<\/a>\r\n        \r\n    <\/div>\r\n\r\n    <figure>\r\n    <img decoding=\"async\" width=\"768\" height=\"768\" src=\"https:\/\/talkpal.ai\/wp-content\/uploads\/2023\/06\/Spanish-768x768.png\" class=\"languageImage no-lazy\" alt=\"Default alt text\" fetchpriority=\"high\" sizes=\"(max-width: 768px) 150px, 768px\" srcset=\"https:\/\/talkpal.ai\/wp-content\/uploads\/2023\/06\/Spanish-768x768.png 768w, https:\/\/talkpal.ai\/wp-content\/uploads\/2023\/06\/Spanish-300x300.png 300w\" \/>\r\n    \r\n\r\n    <\/figure>\r\n\r\n            <a class=\"getStartedVisible\" href=\"https:\/\/app.talkpal.ai\/pt-pt\/signup?lng=\">Come\u00e7a<\/a>\r\n    \r\n<\/section>\r\n        <section class=\"grammarSection\">\r\n            <div class=\"grammarLinks\">\r\n                <a href=\"https:\/\/talkpal.ai\/pt-pt\/language\/adjetivos-gramatica-espanhola\/\">Adjetivos <\/a><a href=\"https:\/\/talkpal.ai\/pt-pt\/language\/adverbios-gramatica-espanhola\/\">Adv\u00e9rbios <\/a><a href=\"https:\/\/talkpal.ai\/pt-pt\/language\/artigos-gramatica-espanhola\/\">Artigos <\/a><a href=\"https:\/\/talkpal.ai\/pt-pt\/language\/estrutura-da-frase-gramatica-espanhola\/\">Estrutura da frase <\/a><a href=\"https:\/\/talkpal.ai\/pt-pt\/language\/indicativo-de-tempos-gramatica-espanhola\/\">Indicativo de Tempos <\/a><a href=\"https:\/\/talkpal.ai\/pt-pt\/language\/preposicoes-gramatica-espanhola\/\">Preposi\u00e7\u00f5es <\/a><a href=\"https:\/\/talkpal.ai\/pt-pt\/language\/pronomes-gramatica-espanhola\/\">Pronomes <\/a><a href=\"https:\/\/talkpal.ai\/pt-pt\/language\/substantivos-gramatica-espanhola\/\">Substantivos <\/a><a href=\"https:\/\/talkpal.ai\/pt-pt\/language\/tempos-do-subjuntivo-gramatica-espanhola\/\">Tempos do Subjuntivo <\/a><a href=\"https:\/\/talkpal.ai\/pt-pt\/language\/verbos-gramatica-espanhola\/\">Verbos <\/a>            <\/div>\r\n        <\/section>\r\n    <section class=\"promotionalBanner\">\r\n    <p class=\"promotionalText\"><\/p>\r\n    <a class=\"promotionalLink\" href=\"https:\/\/app.talkpal.ai\/pt-pt\/signup?lng=\"><\/a>\r\n<\/section>\n<div class=\"wp-block-group pageContainerStyle\"><div class=\"wp-block-group__inner-container is-layout-constrained wp-block-group-is-layout-constrained\">\n<h2 class=\"wp-block-heading\" id=\"h-a-quick-guide-to-learning-spanish-grammar\">Um Guia R\u00e1pido para Aprender Gram\u00e1tica Espanhola<\/h2>\n\n\n\n<p>Se alguma vez pensaste em aprender uma nova l\u00edngua, \u00e9 muito prov\u00e1vel que o espanhol te tenha passado pela cabe\u00e7a. <a href=\"https:\/\/talkpal.ai\/locations\/language-courses-in-como\/\">Como<\/a> uma das <a href=\"https:\/\/talkpal.ai\/the-10-most-spoken-languages-in-the-world\/\">l\u00ednguas mais faladas<\/a> em todo o mundo, o espanhol oferece in\u00fameros benef\u00edcios para o crescimento pessoal e profissional. <a href=\"https:\/\/talkpal.ai\/pt-pt\/aprender-a-falar-espanhol-fluentemente-guia-rapido-e-eficaz\/\">Aprender espanhol<\/a> n\u00e3o s\u00f3 lhe dar\u00e1 acesso a novas culturas, mas tamb\u00e9m melhorar\u00e1 suas habilidades de comunica\u00e7\u00e3o. Embora muitas pessoas tenham medo de se enredar em regras gramaticais, voc\u00ea pode respirar aliviado, j\u00e1 que a gram\u00e1tica espanhola \u00e9 relativamente simples. Neste artigo, vamos fornecer-te um guia r\u00e1pido para te ajudar a navegar no excitante mundo da gram\u00e1tica espanhola <a href=\"https:\/\/talkpal.ai\/locations\/language-courses-in-como\/\">como<\/a> um profissional!<\/p>\n\n\n\n<h3 class=\"wp-block-heading\" id=\"h-1-understanding-spanish-nouns-and-articles\">1. Entendendo substantivos e artigos em espanhol<\/h3>\n\n\n\n<p>Substantivos espanh\u00f3is, como em <a href=\"https:\/\/talkpal.ai\/pt-pt\/locations\/aprenda-ingles-em-passos\/\">ingl\u00eas<\/a>, s\u00e3o usados para identificar pessoas, lugares, objetos, ideias e sentimentos. A primeira regra a ser lembrada sobre os substantivos espanh\u00f3is \u00e9 que eles t\u00eam g\u00eanero. Os substantivos espanh\u00f3is s\u00e3o masculinos ou femininos. Por exemplo, \u201clibro\u201d (livro) \u00e9 masculino, e \u201ccasa\u201d (casa) \u00e9 feminino. Muitas vezes, os substantivos terminados em \u201co\u201d s\u00e3o masculinos, enquanto os terminados em \u201ca\u201d s\u00e3o femininos.<\/p>\n\n\n\n<p>Os artigos espanh\u00f3is s\u00e3o semelhantes aos artigos ingleses \u201cthe\u201d, \u201ca\u201d ou \u201can\u201d. Eles s\u00e3o uma parte crucial da l\u00edngua, pois devem concordar com o g\u00eanero e o n\u00famero do substantivo que descrevem. Existem quatro tipos de artigos espanh\u00f3is:<\/p>\n\n\n\n<p>&#8211; <strong>Artigos definidos:<\/strong> el (masculino singular), la (feminino singular), los (masculino plural) e las (feminino plural).<br\/>&#8211; <strong>Artigos indefinidos:<\/strong> un (a\/um masculino singular), una (a\/um feminino singular), unos (alguns masculinos plurais) e unas (alguns femininos plurais).<\/p>\n\n\n\n<h3 class=\"wp-block-heading\" id=\"h-2-slaying-spanish-verbs-conjugation-and-tenses\">2. Matando verbos espanh\u00f3is: conjuga\u00e7\u00e3o e tempos<\/h3>\n\n\n\n<p>Um dos aspectos mais importantes do aprendizado da gram\u00e1tica espanhola \u00e9 a compreens\u00e3o da conjuga\u00e7\u00e3o de verbos. Conjuga\u00e7\u00e3o significa simplesmente alterar a forma da raiz do verbo para corresponder ao seu sujeito e tempo verbal. Por exemplo, em espanhol, dizes \u201cYo como\u201d (eu como) e \u201c\u00e9l come\u201d (ele come). Observe que o verbo comer (comer) muda de forma quando voc\u00ea muda de assunto.<\/p>\n\n\n\n<p><strong>Alguns verbos regulares comuns em espanhol incluem:<\/strong><\/p>\n\n\n\n<p>&#8211; Verbos AR: hablar (falar), amar (amar) e bailar (dan\u00e7ar).<br\/>&#8211; Verbos ER: comer (comer), aprender (aprender) e vender (vender).<br\/>&#8211; Verbos IR: vivir (viver), escribir (escrever) e descubrir (descobrir).<\/p>\n\n\n\n<p>Assim como em ingl\u00eas, o espanhol tem v\u00e1rios tempos verbais para denotar o momento em que uma a\u00e7\u00e3o acontece. Os mais fundamentais s\u00e3o:<\/p>\n\n\n\n<p><strong>&#8211; Presente<\/strong><br\/><strong>&#8211; Pret\u00e9rito<\/strong><br\/><strong>&#8211; Imperfeito<\/strong><br\/><strong>&#8211; Futuro<\/strong><br\/><strong>&#8211; Condicional<\/strong><br\/><strong>&#8211; Subjuntivo presente<\/strong><br\/><strong>&#8211; Subjuntivo imperfeito<\/strong><\/p>\n\n\n\n<p>N\u00e3o te preocupes em aprender todos os tempos verbais de uma s\u00f3 vez. Trata de um de cada vez e pratica at\u00e9 te sentires confort\u00e1vel a utiliz\u00e1-los.<\/p>\n\n\n\n<h3 class=\"wp-block-heading\" id=\"h-3-creating-sentences-with-spanish-adjectives-and-adverbs\">3. Cria\u00e7\u00e3o de Frases com Adjetivos e Adv\u00e9rbios em Espanhol<\/h3>\n\n\n\n<p>Adjetivos e adv\u00e9rbios desempenham um papel essencial na apimenta\u00e7\u00e3o de suas frases em espanhol. Os adjetivos descrevem qualidades ou caracter\u00edsticas dos substantivos, enquanto os adv\u00e9rbios descrevem a\u00e7\u00f5es ou verbos. Em espanhol, os adjetivos devem concordar com o substantivo que descrevem, tanto em g\u00eanero quanto em n\u00famero.<\/p>\n\n\n\n<p>Uma diferen\u00e7a fundamental entre o espanhol e o ingl\u00eas \u00e9 a ordem dos adjetivos. Os adjectivos espanh\u00f3is v\u00eam normalmente depois do substantivo, por exemplo, \u201cun coche rojo\u201d (um carro vermelho).<\/p>\n\n\n\n<p>Os adv\u00e9rbios espanh\u00f3is, por outro lado, nunca mudam de g\u00eanero ou n\u00famero. Tal como em ingl\u00eas, os adv\u00e9rbios v\u00eam normalmente depois do verbo que modificam, por exemplo, \u201cElla habla r\u00e1pidamente\u201d (Ela fala depressa).<\/p>\n\n\n\n<h3 class=\"wp-block-heading\" id=\"h-conclusion\">Conclus\u00e3o<\/h3>\n\n\n\n<p>A gram\u00e1tica espanhola n\u00e3o te deve assustar! \u00c9 certo que requer pr\u00e1tica, mas se seguires estas orienta\u00e7\u00f5es simples, estar\u00e1s no caminho certo para te tornares um falante de espanhol excecional. Lembre-se sempre de se envolver com o idioma de forma divertida e conversacional, enquanto explora substantivos, verbos, adjetivos e adv\u00e9rbios. Continue praticando, abrace a cultura e deixe sua jornada espanhola se desenrolar. \u00a1Buena suerte!<\/p>\n<\/div><\/div>\n\r\n<section class=\"learnNavigationSection\">\r\n            \r\n        <a href=\"https:\/\/talkpal.ai\/pt-pt\/aprender-espanhol\/\">\r\n            <div class=\"learnNavigationWrapper\">\r\n                <div class=\"learnNavigationContent\">\r\n                    <img decoding=\"async\" src=\"https:\/\/talkpal.ai\/wp-content\/uploads\/2024\/08\/Spanish.jpg\" alt=\"Spanish Flag\">\r\n                    <div>\r\n                        <h4>Sobre a aprendizagem de espanhol<\/h4>\r\n                        <p>Descubra tudo sobre a gram\u00e1tica espanhola.<\/p>\r\n                    <\/div>\r\n                <\/div>\r\n            <\/div>\r\n        <\/a>\r\n\r\n        \r\n        <a href=\"https:\/\/talkpal.ai\/pt-pt\/exercicios-de-gramatica-espanhola\/\">\r\n            <div class=\"learnNavigationWrapper\">\r\n                <div class=\"learnNavigationContent\">\r\n                    <img decoding=\"async\" src=\"https:\/\/talkpal.ai\/wp-content\/uploads\/2024\/08\/Spanish.jpg\" alt=\"Spanish Flag\">\r\n                    <div>\r\n                        <h4>Exerc\u00edcio de gram\u00e1tica espanhola<\/h4>\r\n                        <p>Pratique a gram\u00e1tica espanhola.<\/p>\r\n                    <\/div>\r\n                <\/div>\r\n            <\/div>\r\n        <\/a>\r\n\r\n        \r\n        <a href=\"https:\/\/talkpal.ai\/vocabulary_language\/spanish\/\">\r\n            <div class=\"learnNavigationWrapper\">\r\n                <div class=\"learnNavigationContent\">\r\n                    <img decoding=\"async\" src=\"https:\/\/talkpal.ai\/wp-content\/uploads\/2024\/08\/Spanish.jpg\" alt=\"Spanish Flag\">\r\n                    <div>\r\n                        <h4>Vocabul\u00e1rio em espanhol<\/h4>\r\n                        <p>Expanda seu vocabul\u00e1rio em espanhol.<\/p>\r\n                    <\/div>\r\n                <\/div>\r\n            <\/div>\r\n        <\/a>\r\n\r\n            <\/section>","protected":false},"excerpt":{"rendered":"<p>Um Guia R\u00e1pido para Aprender Gram\u00e1tica Espanhola Se alguma vez pensaste em aprender uma nova l\u00edngua, \u00e9 muito prov\u00e1vel que o espanhol te tenha passado pela cabe\u00e7a. Como uma das l\u00ednguas mais faladas em todo o mundo, o espanhol oferece in\u00fameros benef\u00edcios para o crescimento pessoal e profissional. Aprender espanhol n\u00e3o s\u00f3 lhe dar\u00e1 acesso [&hellip;]<\/p>\n","protected":false},"author":1,"featured_media":13634,"parent":0,"menu_order":0,"comment_status":"closed","ping_status":"closed","template":"LearningContentPage.php","meta":{"_acf_changed":false,"footnotes":""},"class_list":["post-91427","page","type-page","status-publish","has-post-thumbnail","hentry"],"acf":[],"yoast_head":"<!-- This site is optimized with the Yoast SEO Premium plugin v27.2 (Yoast SEO v27.2) - https:\/\/yoast.com\/product\/yoast-seo-premium-wordpress\/ -->\n<title>Gram\u00e1tica espanhola - Talkpal<\/title>\n<meta name=\"description\" content=\"Melhora as tuas compet\u00eancias de gram\u00e1tica espanhola com exerc\u00edcios interactivos concebidos para todos os n\u00edveis de profici\u00eancia. Pratica espanhol de forma eficaz!\" \/>\n<meta name=\"robots\" content=\"index, follow, max-snippet:-1, max-image-preview:large, max-video-preview:-1\" \/>\n<link rel=\"canonical\" href=\"https:\/\/talkpal.ai\/pt-pt\/gramatica-espanhola\/\" \/>\n<meta property=\"og:locale\" content=\"pt_PT\" \/>\n<meta property=\"og:type\" content=\"article\" \/>\n<meta property=\"og:title\" content=\"Gram\u00e1tica espanhola\" \/>\n<meta property=\"og:description\" content=\"Um Guia R\u00e1pido para Aprender Gram\u00e1tica Espanhola Se alguma vez pensaste em aprender uma nova l\u00edngua, \u00e9 muito prov\u00e1vel que o espanhol te tenha passado pela\" \/>\n<meta property=\"og:url\" content=\"https:\/\/talkpal.ai\/pt-pt\/gramatica-espanhola\/\" \/>\n<meta property=\"og:site_name\" content=\"Talkpal\" \/>\n<meta property=\"article:publisher\" content=\"https:\/\/www.facebook.com\/profile.php?id=100090733639311\" \/>\n<meta property=\"article:modified_time\" content=\"2025-05-22T18:50:32+00:00\" \/>\n<meta property=\"og:image\" content=\"https:\/\/talkpal.ai\/wp-content\/uploads\/2023\/03\/spain.png\" \/>\n\t<meta property=\"og:image:width\" content=\"512\" \/>\n\t<meta property=\"og:image:height\" content=\"512\" \/>\n\t<meta property=\"og:image:type\" content=\"image\/png\" \/>\n<meta name=\"twitter:card\" content=\"summary_large_image\" \/>\n<meta name=\"twitter:site\" content=\"@talkpalai\" \/>\n<meta name=\"twitter:label1\" content=\"Tempo estimado de leitura\" \/>\n\t<meta name=\"twitter:data1\" content=\"3 minutos\" \/>\n<script type=\"application\/ld+json\" class=\"yoast-schema-graph\">{\"@context\":\"https:\/\/schema.org\",\"@graph\":[{\"@type\":\"WebPage\",\"@id\":\"https:\/\/talkpal.ai\/pt-pt\/gramatica-espanhola\/\",\"url\":\"https:\/\/talkpal.ai\/pt-pt\/gramatica-espanhola\/\",\"name\":\"Gram\u00e1tica espanhola - Talkpal\",\"isPartOf\":{\"@id\":\"https:\/\/talkpal.ai\/pt-pt\/#website\"},\"primaryImageOfPage\":{\"@id\":\"https:\/\/talkpal.ai\/pt-pt\/gramatica-espanhola\/#primaryimage\"},\"image\":{\"@id\":\"https:\/\/talkpal.ai\/pt-pt\/gramatica-espanhola\/#primaryimage\"},\"thumbnailUrl\":\"https:\/\/talkpal.ai\/wp-content\/uploads\/2023\/03\/spain.png\",\"datePublished\":\"2023-03-26T11:55:54+00:00\",\"dateModified\":\"2025-05-22T18:50:32+00:00\",\"description\":\"Melhora as tuas compet\u00eancias de gram\u00e1tica espanhola com exerc\u00edcios interactivos concebidos para todos os n\u00edveis de profici\u00eancia. Pratica espanhol de forma eficaz!\",\"breadcrumb\":{\"@id\":\"https:\/\/talkpal.ai\/pt-pt\/gramatica-espanhola\/#breadcrumb\"},\"inLanguage\":\"pt-PT\",\"potentialAction\":[{\"@type\":\"ReadAction\",\"target\":[\"https:\/\/talkpal.ai\/pt-pt\/gramatica-espanhola\/\"]}]},{\"@type\":\"ImageObject\",\"inLanguage\":\"pt-PT\",\"@id\":\"https:\/\/talkpal.ai\/pt-pt\/gramatica-espanhola\/#primaryimage\",\"url\":\"https:\/\/talkpal.ai\/wp-content\/uploads\/2023\/03\/spain.png\",\"contentUrl\":\"https:\/\/talkpal.ai\/wp-content\/uploads\/2023\/03\/spain.png\",\"width\":512,\"height\":512,\"caption\":\"TalkPal AI learn Spanish\"},{\"@type\":\"BreadcrumbList\",\"@id\":\"https:\/\/talkpal.ai\/pt-pt\/gramatica-espanhola\/#breadcrumb\",\"itemListElement\":[{\"@type\":\"ListItem\",\"position\":1,\"name\":\"Homepage\",\"item\":\"https:\/\/talkpal.ai\/pt-pt\/\"},{\"@type\":\"ListItem\",\"position\":2,\"name\":\"Gram\u00e1tica espanhola\"}]},{\"@type\":\"WebSite\",\"@id\":\"https:\/\/talkpal.ai\/pt-pt\/#website\",\"url\":\"https:\/\/talkpal.ai\/pt-pt\/\",\"name\":\"Talkpal\",\"description\":\"AI Language Learning\",\"publisher\":{\"@id\":\"https:\/\/talkpal.ai\/pt-pt\/#organization\"},\"alternateName\":\"Talkpal AI\",\"potentialAction\":[{\"@type\":\"SearchAction\",\"target\":{\"@type\":\"EntryPoint\",\"urlTemplate\":\"https:\/\/talkpal.ai\/pt-pt\/?s={search_term_string}\"},\"query-input\":{\"@type\":\"PropertyValueSpecification\",\"valueRequired\":true,\"valueName\":\"search_term_string\"}}],\"inLanguage\":\"pt-PT\"},{\"@type\":\"Organization\",\"@id\":\"https:\/\/talkpal.ai\/pt-pt\/#organization\",\"name\":\"Talkpal, Inc.\",\"alternateName\":\"Talkpal AI\",\"url\":\"https:\/\/talkpal.ai\/pt-pt\/\",\"logo\":{\"@type\":\"ImageObject\",\"inLanguage\":\"pt-PT\",\"@id\":\"https:\/\/talkpal.ai\/pt-pt\/#\/schema\/logo\/image\/\",\"url\":\"https:\/\/talkpal.ai\/wp-content\/uploads\/2024\/03\/Talkpal-Logo-Icon.png\",\"contentUrl\":\"https:\/\/talkpal.ai\/wp-content\/uploads\/2024\/03\/Talkpal-Logo-Icon.png\",\"width\":2880,\"height\":2880,\"caption\":\"Talkpal, Inc.\"},\"image\":{\"@id\":\"https:\/\/talkpal.ai\/pt-pt\/#\/schema\/logo\/image\/\"},\"sameAs\":[\"https:\/\/www.facebook.com\/profile.php?id=100090733639311\",\"https:\/\/x.com\/talkpalai\",\"https:\/\/www.linkedin.com\/company\/talkpal\/\",\"https:\/\/www.youtube.com\/@TalkPal\/\",\"https:\/\/www.tiktok.com\/@talkpal\",\"https:\/\/www.instagram.com\/talkpal_ai\/\",\"https:\/\/www.crunchbase.com\/organization\/talkpal-9cde\",\"https:\/\/www.g2.com\/products\/talkpal-for-business\/\",\"https:\/\/www.trustpilot.com\/review\/talkpal.ai\",\"https:\/\/www.capterra.com\/p\/10006800\/TalkPal\/\"],\"description\":\"Talkpal is a language learning web and mobile education app, powered by the latest AI technologies, that provides engaging experiences to its customers in many different languages to help them improve their language skills. Users can chat about unlimited amount of topics with the app and use other modes to practice their language learning.\",\"email\":\"support@talkpal.ai\",\"legalName\":\"Talkpal, Inc.\",\"foundingDate\":\"2023-04-03\",\"duns\":\"118989042\",\"numberOfEmployees\":{\"@type\":\"QuantitativeValue\",\"minValue\":\"11\",\"maxValue\":\"50\"},\"publishingPrinciples\":\"https:\/\/talkpal.ai\/publishing-principles\/\",\"actionableFeedbackPolicy\":\"https:\/\/talkpal.ai\/actionable-feedback-policy\/\",\"correctionsPolicy\":\"https:\/\/talkpal.ai\/corrections-policy\/\",\"ethicsPolicy\":\"https:\/\/talkpal.ai\/ethics-policy\/\",\"diversityPolicy\":\"https:\/\/talkpal.ai\/diversity-policy\/\",\"diversityStaffingReport\":\"https:\/\/talkpal.ai\/diversity-policy\/\"}]}<\/script>\n<!-- \/ Yoast SEO Premium plugin. -->","yoast_head_json":{"title":"Gram\u00e1tica espanhola - Talkpal","description":"Melhora as tuas compet\u00eancias de gram\u00e1tica espanhola com exerc\u00edcios interactivos concebidos para todos os n\u00edveis de profici\u00eancia. Pratica espanhol de forma eficaz!","robots":{"index":"index","follow":"follow","max-snippet":"max-snippet:-1","max-image-preview":"max-image-preview:large","max-video-preview":"max-video-preview:-1"},"canonical":"https:\/\/talkpal.ai\/pt-pt\/gramatica-espanhola\/","og_locale":"pt_PT","og_type":"article","og_title":"Gram\u00e1tica espanhola","og_description":"Um Guia R\u00e1pido para Aprender Gram\u00e1tica Espanhola Se alguma vez pensaste em aprender uma nova l\u00edngua, \u00e9 muito prov\u00e1vel que o espanhol te tenha passado pela","og_url":"https:\/\/talkpal.ai\/pt-pt\/gramatica-espanhola\/","og_site_name":"Talkpal","article_publisher":"https:\/\/www.facebook.com\/profile.php?id=100090733639311","article_modified_time":"2025-05-22T18:50:32+00:00","og_image":[{"width":512,"height":512,"url":"https:\/\/talkpal.ai\/wp-content\/uploads\/2023\/03\/spain.png","type":"image\/png"}],"twitter_card":"summary_large_image","twitter_site":"@talkpalai","twitter_misc":{"Tempo estimado de leitura":"3 minutos"},"schema":{"@context":"https:\/\/schema.org","@graph":[{"@type":"WebPage","@id":"https:\/\/talkpal.ai\/pt-pt\/gramatica-espanhola\/","url":"https:\/\/talkpal.ai\/pt-pt\/gramatica-espanhola\/","name":"Gram\u00e1tica espanhola - Talkpal","isPartOf":{"@id":"https:\/\/talkpal.ai\/pt-pt\/#website"},"primaryImageOfPage":{"@id":"https:\/\/talkpal.ai\/pt-pt\/gramatica-espanhola\/#primaryimage"},"image":{"@id":"https:\/\/talkpal.ai\/pt-pt\/gramatica-espanhola\/#primaryimage"},"thumbnailUrl":"https:\/\/talkpal.ai\/wp-content\/uploads\/2023\/03\/spain.png","datePublished":"2023-03-26T11:55:54+00:00","dateModified":"2025-05-22T18:50:32+00:00","description":"Melhora as tuas compet\u00eancias de gram\u00e1tica espanhola com exerc\u00edcios interactivos concebidos para todos os n\u00edveis de profici\u00eancia. Pratica espanhol de forma eficaz!","breadcrumb":{"@id":"https:\/\/talkpal.ai\/pt-pt\/gramatica-espanhola\/#breadcrumb"},"inLanguage":"pt-PT","potentialAction":[{"@type":"ReadAction","target":["https:\/\/talkpal.ai\/pt-pt\/gramatica-espanhola\/"]}]},{"@type":"ImageObject","inLanguage":"pt-PT","@id":"https:\/\/talkpal.ai\/pt-pt\/gramatica-espanhola\/#primaryimage","url":"https:\/\/talkpal.ai\/wp-content\/uploads\/2023\/03\/spain.png","contentUrl":"https:\/\/talkpal.ai\/wp-content\/uploads\/2023\/03\/spain.png","width":512,"height":512,"caption":"TalkPal AI learn Spanish"},{"@type":"BreadcrumbList","@id":"https:\/\/talkpal.ai\/pt-pt\/gramatica-espanhola\/#breadcrumb","itemListElement":[{"@type":"ListItem","position":1,"name":"Homepage","item":"https:\/\/talkpal.ai\/pt-pt\/"},{"@type":"ListItem","position":2,"name":"Gram\u00e1tica espanhola"}]},{"@type":"WebSite","@id":"https:\/\/talkpal.ai\/pt-pt\/#website","url":"https:\/\/talkpal.ai\/pt-pt\/","name":"Talkpal","description":"AI Language Learning","publisher":{"@id":"https:\/\/talkpal.ai\/pt-pt\/#organization"},"alternateName":"Talkpal AI","potentialAction":[{"@type":"SearchAction","target":{"@type":"EntryPoint","urlTemplate":"https:\/\/talkpal.ai\/pt-pt\/?s={search_term_string}"},"query-input":{"@type":"PropertyValueSpecification","valueRequired":true,"valueName":"search_term_string"}}],"inLanguage":"pt-PT"},{"@type":"Organization","@id":"https:\/\/talkpal.ai\/pt-pt\/#organization","name":"Talkpal, Inc.","alternateName":"Talkpal AI","url":"https:\/\/talkpal.ai\/pt-pt\/","logo":{"@type":"ImageObject","inLanguage":"pt-PT","@id":"https:\/\/talkpal.ai\/pt-pt\/#\/schema\/logo\/image\/","url":"https:\/\/talkpal.ai\/wp-content\/uploads\/2024\/03\/Talkpal-Logo-Icon.png","contentUrl":"https:\/\/talkpal.ai\/wp-content\/uploads\/2024\/03\/Talkpal-Logo-Icon.png","width":2880,"height":2880,"caption":"Talkpal, Inc."},"image":{"@id":"https:\/\/talkpal.ai\/pt-pt\/#\/schema\/logo\/image\/"},"sameAs":["https:\/\/www.facebook.com\/profile.php?id=100090733639311","https:\/\/x.com\/talkpalai","https:\/\/www.linkedin.com\/company\/talkpal\/","https:\/\/www.youtube.com\/@TalkPal\/","https:\/\/www.tiktok.com\/@talkpal","https:\/\/www.instagram.com\/talkpal_ai\/","https:\/\/www.crunchbase.com\/organization\/talkpal-9cde","https:\/\/www.g2.com\/products\/talkpal-for-business\/","https:\/\/www.trustpilot.com\/review\/talkpal.ai","https:\/\/www.capterra.com\/p\/10006800\/TalkPal\/"],"description":"Talkpal is a language learning web and mobile education app, powered by the latest AI technologies, that provides engaging experiences to its customers in many different languages to help them improve their language skills. Users can chat about unlimited amount of topics with the app and use other modes to practice their language learning.","email":"support@talkpal.ai","legalName":"Talkpal, Inc.","foundingDate":"2023-04-03","duns":"118989042","numberOfEmployees":{"@type":"QuantitativeValue","minValue":"11","maxValue":"50"},"publishingPrinciples":"https:\/\/talkpal.ai\/publishing-principles\/","actionableFeedbackPolicy":"https:\/\/talkpal.ai\/actionable-feedback-policy\/","correctionsPolicy":"https:\/\/talkpal.ai\/corrections-policy\/","ethicsPolicy":"https:\/\/talkpal.ai\/ethics-policy\/","diversityPolicy":"https:\/\/talkpal.ai\/diversity-policy\/","diversityStaffingReport":"https:\/\/talkpal.ai\/diversity-policy\/"}]}},"_links":{"self":[{"href":"https:\/\/talkpal.ai\/pt-pt\/wp-json\/wp\/v2\/pages\/91427","targetHints":{"allow":["GET"]}}],"collection":[{"href":"https:\/\/talkpal.ai\/pt-pt\/wp-json\/wp\/v2\/pages"}],"about":[{"href":"https:\/\/talkpal.ai\/pt-pt\/wp-json\/wp\/v2\/types\/page"}],"author":[{"embeddable":true,"href":"https:\/\/talkpal.ai\/pt-pt\/wp-json\/wp\/v2\/users\/1"}],"replies":[{"embeddable":true,"href":"https:\/\/talkpal.ai\/pt-pt\/wp-json\/wp\/v2\/comments?post=91427"}],"version-history":[{"count":0,"href":"https:\/\/talkpal.ai\/pt-pt\/wp-json\/wp\/v2\/pages\/91427\/revisions"}],"wp:featuredmedia":[{"embeddable":true,"href":"https:\/\/talkpal.ai\/pt-pt\/wp-json\/wp\/v2\/media\/13634"}],"wp:attachment":[{"href":"https:\/\/talkpal.ai\/pt-pt\/wp-json\/wp\/v2\/media?parent=91427"}],"curies":[{"name":"wp","href":"https:\/\/api.w.org\/{rel}","templated":true}]}}