{"id":89801,"date":"2023-12-05T11:40:45","date_gmt":"2023-12-05T11:40:45","guid":{"rendered":"http:\/\/talkpal.ai\/certificados-de-lingua-francesa\/"},"modified":"2026-01-07T15:07:18","modified_gmt":"2026-01-07T15:07:18","slug":"certificados-de-lingua-francesa","status":"publish","type":"page","link":"https:\/\/talkpal.ai\/pt-pt\/certificados-de-lingua-francesa\/","title":{"rendered":"Certificados de L\u00edngua Francesa"},"content":{"rendered":"\r\n\r\n\r\n<section class=\"languageChallengeSection\">\r\n    <div class=\"languageInfoWrapper\">\r\n        \r\n        <h1>Certificados de L\u00edngua Francesa<\/h1>\r\n        <p>Talkpal \u00e9 um aplicativo de aprendizado de idiomas gerado por IA que pode ajudar os usu\u00e1rios a se prepararem para esses exames de ingl\u00eas. Com foco principal em melhorar as habilidades de fala e audi\u00e7\u00e3o, o Talkpal oferece conversas interativas realistas e pr\u00e1tica de pron\u00fancia. Sua natureza de IA permite feedback personalizado, ajudando os usu\u00e1rios a entender seu progresso e \u00e1reas a melhorar. Os <a href=\"https:\/\/talkpal.ai\/french-language-certificates\/\">certificados de l\u00edngua francesa<\/a> s\u00e3o qualifica\u00e7\u00f5es oficiais que demonstram a profici\u00eancia de um indiv\u00edduo em franc\u00eas e s\u00e3o reconhecidos em todo o mundo. Inclui exames como DELF\/DALF, TEF, TCF e TEFAQ. Cada um desses testes avalia diferentes n\u00edveis de compet\u00eancia lingu\u00edstica para falantes n\u00e3o nativos de franc\u00eas e atua como uma prova reconhecida de habilidades no idioma franc\u00eas para institui\u00e7\u00f5es educacionais e empregadores.<\/p>\r\n\r\n                            <a class=\"getStartedHidden\" href=\"https:\/\/app.talkpal.ai\/pt-pt\/signup?lng=\">Come\u00e7a<\/a>\r\n        \r\n    <\/div>\r\n\r\n    <figure>\r\n    <img decoding=\"async\" width=\"768\" height=\"768\" src=\"https:\/\/talkpal.ai\/wp-content\/uploads\/2026\/01\/curly-girl-with-phone-light-background-768x768.webp\" class=\"languageImage no-lazy\" alt=\"Default alt text\" fetchpriority=\"high\" sizes=\"(max-width: 768px) 150px, 768px\" srcset=\"https:\/\/talkpal.ai\/wp-content\/uploads\/2026\/01\/curly-girl-with-phone-light-background-768x768.webp 768w, https:\/\/talkpal.ai\/wp-content\/uploads\/2026\/01\/curly-girl-with-phone-light-background-300x300.webp 300w\" \/>\r\n    \r\n\r\n    <\/figure>\r\n\r\n            <a class=\"getStartedVisible\" href=\"https:\/\/app.talkpal.ai\/pt-pt\/signup?lng=\">Come\u00e7a<\/a>\r\n    \r\n<\/section>\n<div class=\"wp-block-group pageContainerStyle\"><div class=\"wp-block-group__inner-container is-layout-constrained wp-block-group-is-layout-constrained\">\n<h2 class=\"wp-block-heading\" id=\"h-french-language-certificates\">Certificados de L\u00edngua Francesa<\/h2>\n\n\n\r\n                    <div class=\"methodWraper\">\r\n            <div class=\"methodContent\">\r\n                <img decoding=\"async\" src=\"https:\/\/talkpal.ai\/wp-content\/uploads\/2025\/05\/check_icon.png\" alt=\"Checkmark Icon\">\r\n                <h3>DELF\/DALF:<\/h3>\r\n            <\/div>\r\n            <p>Uma qualifica\u00e7\u00e3o oficial concedida pelo Minist\u00e9rio da Educa\u00e7\u00e3o da Fran\u00e7a, o Dipl\u00f4me d&#039;Etudes en Langue Fran\u00e7aise (DELF) e o Dipl\u00f4me Approfondi de Langue Fran\u00e7aise (DALF) cobrem quatro habilidades lingu\u00edsticas, incluindo fala e audi\u00e7\u00e3o.<\/p>\r\n        <\/div>\r\n                    <div class=\"methodWraper\">\r\n            <div class=\"methodContent\">\r\n                <img decoding=\"async\" src=\"https:\/\/talkpal.ai\/wp-content\/uploads\/2025\/05\/check_icon.png\" alt=\"Checkmark Icon\">\r\n                <h3>TEF:<\/h3>\r\n            <\/div>\r\n            <p>O Test d&#039;Evaluation de Fran\u00e7ais (TEF) \u00e9 uma ferramenta abrangente de avalia\u00e7\u00e3o de idiomas usada para avaliar a profici\u00eancia de um indiv\u00edduo em franc\u00eas. Este teste se concentra principalmente em avaliar as habilidades de escrita e fala dos candidatos.<\/p>\r\n        <\/div>\r\n                    <div class=\"methodWraper\">\r\n            <div class=\"methodContent\">\r\n                <img decoding=\"async\" src=\"https:\/\/talkpal.ai\/wp-content\/uploads\/2025\/05\/check_icon.png\" alt=\"Checkmark Icon\">\r\n                <h3>TCF:<\/h3>\r\n            <\/div>\r\n            <p>O Test de Connaissance du Fran\u00e7ais (TCF) tamb\u00e9m \u00e9 um teste oficial de profici\u00eancia em franc\u00eas que avalia principalmente as habilidades de leitura, escrita, fala e audi\u00e7\u00e3o dos usu\u00e1rios.<\/p>\r\n        <\/div>\r\n                    <div class=\"methodWraper\">\r\n            <div class=\"methodContent\">\r\n                <img decoding=\"async\" src=\"https:\/\/talkpal.ai\/wp-content\/uploads\/2025\/05\/check_icon.png\" alt=\"Checkmark Icon\">\r\n                <h3>TEFAQ:<\/h3>\r\n            <\/div>\r\n            <p>O Test d&#039;Evaluation de Fran\u00e7ais adapt\u00e9 au Qu\u00e9bec (TEFAQ) \u00e9 especialmente projetado para pessoas que desejam migrar para Quebec, uma prov\u00edncia de maioria francesa no Canad\u00e1. Este teste se concentra principalmente em habilidades de audi\u00e7\u00e3o e fala.<\/p>\r\n        <\/div>\r\n    <\/div><\/div>\n","protected":false},"excerpt":{"rendered":"<p>Certificados de L\u00edngua Francesa<\/p>\n","protected":false},"author":8,"featured_media":13609,"parent":0,"menu_order":0,"comment_status":"closed","ping_status":"closed","template":"LearningContentPage.php","meta":{"_acf_changed":false,"footnotes":""},"class_list":["post-89801","page","type-page","status-publish","has-post-thumbnail","hentry"],"acf":[],"yoast_head":"<!-- This site is optimized with the Yoast SEO Premium plugin v27.2 (Yoast SEO v27.2) - https:\/\/yoast.com\/product\/yoast-seo-premium-wordpress\/ -->\n<title>Certificados de L\u00edngua Francesa - Talkpal<\/title>\n<meta name=\"description\" content=\"Descubra os principais certificados de l\u00edngua francesa, como DELF, DALF, TEF e TCF, para certificar a profici\u00eancia.\" \/>\n<meta name=\"robots\" content=\"index, follow, max-snippet:-1, max-image-preview:large, max-video-preview:-1\" \/>\n<link rel=\"canonical\" href=\"https:\/\/talkpal.ai\/pt-pt\/certificados-de-lingua-francesa\/\" \/>\n<meta property=\"og:locale\" content=\"pt_PT\" \/>\n<meta property=\"og:type\" content=\"article\" \/>\n<meta property=\"og:title\" content=\"Certificados de L\u00edngua Francesa\" \/>\n<meta property=\"og:description\" content=\"Certificados de L\u00edngua Francesa\" \/>\n<meta property=\"og:url\" content=\"https:\/\/talkpal.ai\/pt-pt\/certificados-de-lingua-francesa\/\" \/>\n<meta property=\"og:site_name\" content=\"Talkpal\" \/>\n<meta property=\"article:publisher\" content=\"https:\/\/www.facebook.com\/profile.php?id=100090733639311\" \/>\n<meta property=\"article:modified_time\" content=\"2026-01-07T15:07:18+00:00\" \/>\n<meta property=\"og:image\" content=\"https:\/\/talkpal.ai\/wp-content\/uploads\/2023\/03\/france.png\" \/>\n\t<meta property=\"og:image:width\" content=\"512\" \/>\n\t<meta property=\"og:image:height\" content=\"512\" \/>\n\t<meta property=\"og:image:type\" content=\"image\/png\" \/>\n<meta name=\"twitter:card\" content=\"summary_large_image\" \/>\n<meta name=\"twitter:site\" content=\"@talkpalai\" \/>\n<script type=\"application\/ld+json\" class=\"yoast-schema-graph\">{\"@context\":\"https:\/\/schema.org\",\"@graph\":[{\"@type\":\"WebPage\",\"@id\":\"https:\/\/talkpal.ai\/pt-pt\/certificados-de-lingua-francesa\/\",\"url\":\"https:\/\/talkpal.ai\/pt-pt\/certificados-de-lingua-francesa\/\",\"name\":\"Certificados de L\u00edngua Francesa - Talkpal\",\"isPartOf\":{\"@id\":\"https:\/\/talkpal.ai\/pt-pt\/#website\"},\"primaryImageOfPage\":{\"@id\":\"https:\/\/talkpal.ai\/pt-pt\/certificados-de-lingua-francesa\/#primaryimage\"},\"image\":{\"@id\":\"https:\/\/talkpal.ai\/pt-pt\/certificados-de-lingua-francesa\/#primaryimage\"},\"thumbnailUrl\":\"https:\/\/talkpal.ai\/wp-content\/uploads\/2023\/03\/france.png\",\"datePublished\":\"2023-12-05T11:40:45+00:00\",\"dateModified\":\"2026-01-07T15:07:18+00:00\",\"description\":\"Descubra os principais certificados de l\u00edngua francesa, como DELF, DALF, TEF e TCF, para certificar a profici\u00eancia.\",\"breadcrumb\":{\"@id\":\"https:\/\/talkpal.ai\/pt-pt\/certificados-de-lingua-francesa\/#breadcrumb\"},\"inLanguage\":\"pt-PT\",\"potentialAction\":[{\"@type\":\"ReadAction\",\"target\":[\"https:\/\/talkpal.ai\/pt-pt\/certificados-de-lingua-francesa\/\"]}]},{\"@type\":\"ImageObject\",\"inLanguage\":\"pt-PT\",\"@id\":\"https:\/\/talkpal.ai\/pt-pt\/certificados-de-lingua-francesa\/#primaryimage\",\"url\":\"https:\/\/talkpal.ai\/wp-content\/uploads\/2023\/03\/france.png\",\"contentUrl\":\"https:\/\/talkpal.ai\/wp-content\/uploads\/2023\/03\/france.png\",\"width\":512,\"height\":512,\"caption\":\"TalkPal AI learn French\"},{\"@type\":\"BreadcrumbList\",\"@id\":\"https:\/\/talkpal.ai\/pt-pt\/certificados-de-lingua-francesa\/#breadcrumb\",\"itemListElement\":[{\"@type\":\"ListItem\",\"position\":1,\"name\":\"Homepage\",\"item\":\"https:\/\/talkpal.ai\/pt-pt\/\"},{\"@type\":\"ListItem\",\"position\":2,\"name\":\"Certificados de L\u00edngua Francesa\"}]},{\"@type\":\"WebSite\",\"@id\":\"https:\/\/talkpal.ai\/pt-pt\/#website\",\"url\":\"https:\/\/talkpal.ai\/pt-pt\/\",\"name\":\"Talkpal\",\"description\":\"AI Language Learning\",\"publisher\":{\"@id\":\"https:\/\/talkpal.ai\/pt-pt\/#organization\"},\"alternateName\":\"Talkpal AI\",\"potentialAction\":[{\"@type\":\"SearchAction\",\"target\":{\"@type\":\"EntryPoint\",\"urlTemplate\":\"https:\/\/talkpal.ai\/pt-pt\/?s={search_term_string}\"},\"query-input\":{\"@type\":\"PropertyValueSpecification\",\"valueRequired\":true,\"valueName\":\"search_term_string\"}}],\"inLanguage\":\"pt-PT\"},{\"@type\":\"Organization\",\"@id\":\"https:\/\/talkpal.ai\/pt-pt\/#organization\",\"name\":\"Talkpal, Inc.\",\"alternateName\":\"Talkpal AI\",\"url\":\"https:\/\/talkpal.ai\/pt-pt\/\",\"logo\":{\"@type\":\"ImageObject\",\"inLanguage\":\"pt-PT\",\"@id\":\"https:\/\/talkpal.ai\/pt-pt\/#\/schema\/logo\/image\/\",\"url\":\"https:\/\/talkpal.ai\/wp-content\/uploads\/2024\/03\/Talkpal-Logo-Icon.png\",\"contentUrl\":\"https:\/\/talkpal.ai\/wp-content\/uploads\/2024\/03\/Talkpal-Logo-Icon.png\",\"width\":2880,\"height\":2880,\"caption\":\"Talkpal, Inc.\"},\"image\":{\"@id\":\"https:\/\/talkpal.ai\/pt-pt\/#\/schema\/logo\/image\/\"},\"sameAs\":[\"https:\/\/www.facebook.com\/profile.php?id=100090733639311\",\"https:\/\/x.com\/talkpalai\",\"https:\/\/www.linkedin.com\/company\/talkpal\/\",\"https:\/\/www.youtube.com\/@TalkPal\/\",\"https:\/\/www.tiktok.com\/@talkpal\",\"https:\/\/www.instagram.com\/talkpal_ai\/\",\"https:\/\/www.crunchbase.com\/organization\/talkpal-9cde\",\"https:\/\/www.g2.com\/products\/talkpal-for-business\/\",\"https:\/\/www.trustpilot.com\/review\/talkpal.ai\",\"https:\/\/www.capterra.com\/p\/10006800\/TalkPal\/\"],\"description\":\"Talkpal is a language learning web and mobile education app, powered by the latest AI technologies, that provides engaging experiences to its customers in many different languages to help them improve their language skills. Users can chat about unlimited amount of topics with the app and use other modes to practice their language learning.\",\"email\":\"support@talkpal.ai\",\"legalName\":\"Talkpal, Inc.\",\"foundingDate\":\"2023-04-03\",\"duns\":\"118989042\",\"numberOfEmployees\":{\"@type\":\"QuantitativeValue\",\"minValue\":\"11\",\"maxValue\":\"50\"},\"publishingPrinciples\":\"https:\/\/talkpal.ai\/publishing-principles\/\",\"actionableFeedbackPolicy\":\"https:\/\/talkpal.ai\/actionable-feedback-policy\/\",\"correctionsPolicy\":\"https:\/\/talkpal.ai\/corrections-policy\/\",\"ethicsPolicy\":\"https:\/\/talkpal.ai\/ethics-policy\/\",\"diversityPolicy\":\"https:\/\/talkpal.ai\/diversity-policy\/\",\"diversityStaffingReport\":\"https:\/\/talkpal.ai\/diversity-policy\/\"}]}<\/script>\n<!-- \/ Yoast SEO Premium plugin. -->","yoast_head_json":{"title":"Certificados de L\u00edngua Francesa - Talkpal","description":"Descubra os principais certificados de l\u00edngua francesa, como DELF, DALF, TEF e TCF, para certificar a profici\u00eancia.","robots":{"index":"index","follow":"follow","max-snippet":"max-snippet:-1","max-image-preview":"max-image-preview:large","max-video-preview":"max-video-preview:-1"},"canonical":"https:\/\/talkpal.ai\/pt-pt\/certificados-de-lingua-francesa\/","og_locale":"pt_PT","og_type":"article","og_title":"Certificados de L\u00edngua Francesa","og_description":"Certificados de L\u00edngua Francesa","og_url":"https:\/\/talkpal.ai\/pt-pt\/certificados-de-lingua-francesa\/","og_site_name":"Talkpal","article_publisher":"https:\/\/www.facebook.com\/profile.php?id=100090733639311","article_modified_time":"2026-01-07T15:07:18+00:00","og_image":[{"width":512,"height":512,"url":"https:\/\/talkpal.ai\/wp-content\/uploads\/2023\/03\/france.png","type":"image\/png"}],"twitter_card":"summary_large_image","twitter_site":"@talkpalai","schema":{"@context":"https:\/\/schema.org","@graph":[{"@type":"WebPage","@id":"https:\/\/talkpal.ai\/pt-pt\/certificados-de-lingua-francesa\/","url":"https:\/\/talkpal.ai\/pt-pt\/certificados-de-lingua-francesa\/","name":"Certificados de L\u00edngua Francesa - Talkpal","isPartOf":{"@id":"https:\/\/talkpal.ai\/pt-pt\/#website"},"primaryImageOfPage":{"@id":"https:\/\/talkpal.ai\/pt-pt\/certificados-de-lingua-francesa\/#primaryimage"},"image":{"@id":"https:\/\/talkpal.ai\/pt-pt\/certificados-de-lingua-francesa\/#primaryimage"},"thumbnailUrl":"https:\/\/talkpal.ai\/wp-content\/uploads\/2023\/03\/france.png","datePublished":"2023-12-05T11:40:45+00:00","dateModified":"2026-01-07T15:07:18+00:00","description":"Descubra os principais certificados de l\u00edngua francesa, como DELF, DALF, TEF e TCF, para certificar a profici\u00eancia.","breadcrumb":{"@id":"https:\/\/talkpal.ai\/pt-pt\/certificados-de-lingua-francesa\/#breadcrumb"},"inLanguage":"pt-PT","potentialAction":[{"@type":"ReadAction","target":["https:\/\/talkpal.ai\/pt-pt\/certificados-de-lingua-francesa\/"]}]},{"@type":"ImageObject","inLanguage":"pt-PT","@id":"https:\/\/talkpal.ai\/pt-pt\/certificados-de-lingua-francesa\/#primaryimage","url":"https:\/\/talkpal.ai\/wp-content\/uploads\/2023\/03\/france.png","contentUrl":"https:\/\/talkpal.ai\/wp-content\/uploads\/2023\/03\/france.png","width":512,"height":512,"caption":"TalkPal AI learn French"},{"@type":"BreadcrumbList","@id":"https:\/\/talkpal.ai\/pt-pt\/certificados-de-lingua-francesa\/#breadcrumb","itemListElement":[{"@type":"ListItem","position":1,"name":"Homepage","item":"https:\/\/talkpal.ai\/pt-pt\/"},{"@type":"ListItem","position":2,"name":"Certificados de L\u00edngua Francesa"}]},{"@type":"WebSite","@id":"https:\/\/talkpal.ai\/pt-pt\/#website","url":"https:\/\/talkpal.ai\/pt-pt\/","name":"Talkpal","description":"AI Language Learning","publisher":{"@id":"https:\/\/talkpal.ai\/pt-pt\/#organization"},"alternateName":"Talkpal AI","potentialAction":[{"@type":"SearchAction","target":{"@type":"EntryPoint","urlTemplate":"https:\/\/talkpal.ai\/pt-pt\/?s={search_term_string}"},"query-input":{"@type":"PropertyValueSpecification","valueRequired":true,"valueName":"search_term_string"}}],"inLanguage":"pt-PT"},{"@type":"Organization","@id":"https:\/\/talkpal.ai\/pt-pt\/#organization","name":"Talkpal, Inc.","alternateName":"Talkpal AI","url":"https:\/\/talkpal.ai\/pt-pt\/","logo":{"@type":"ImageObject","inLanguage":"pt-PT","@id":"https:\/\/talkpal.ai\/pt-pt\/#\/schema\/logo\/image\/","url":"https:\/\/talkpal.ai\/wp-content\/uploads\/2024\/03\/Talkpal-Logo-Icon.png","contentUrl":"https:\/\/talkpal.ai\/wp-content\/uploads\/2024\/03\/Talkpal-Logo-Icon.png","width":2880,"height":2880,"caption":"Talkpal, Inc."},"image":{"@id":"https:\/\/talkpal.ai\/pt-pt\/#\/schema\/logo\/image\/"},"sameAs":["https:\/\/www.facebook.com\/profile.php?id=100090733639311","https:\/\/x.com\/talkpalai","https:\/\/www.linkedin.com\/company\/talkpal\/","https:\/\/www.youtube.com\/@TalkPal\/","https:\/\/www.tiktok.com\/@talkpal","https:\/\/www.instagram.com\/talkpal_ai\/","https:\/\/www.crunchbase.com\/organization\/talkpal-9cde","https:\/\/www.g2.com\/products\/talkpal-for-business\/","https:\/\/www.trustpilot.com\/review\/talkpal.ai","https:\/\/www.capterra.com\/p\/10006800\/TalkPal\/"],"description":"Talkpal is a language learning web and mobile education app, powered by the latest AI technologies, that provides engaging experiences to its customers in many different languages to help them improve their language skills. Users can chat about unlimited amount of topics with the app and use other modes to practice their language learning.","email":"support@talkpal.ai","legalName":"Talkpal, Inc.","foundingDate":"2023-04-03","duns":"118989042","numberOfEmployees":{"@type":"QuantitativeValue","minValue":"11","maxValue":"50"},"publishingPrinciples":"https:\/\/talkpal.ai\/publishing-principles\/","actionableFeedbackPolicy":"https:\/\/talkpal.ai\/actionable-feedback-policy\/","correctionsPolicy":"https:\/\/talkpal.ai\/corrections-policy\/","ethicsPolicy":"https:\/\/talkpal.ai\/ethics-policy\/","diversityPolicy":"https:\/\/talkpal.ai\/diversity-policy\/","diversityStaffingReport":"https:\/\/talkpal.ai\/diversity-policy\/"}]}},"_links":{"self":[{"href":"https:\/\/talkpal.ai\/pt-pt\/wp-json\/wp\/v2\/pages\/89801","targetHints":{"allow":["GET"]}}],"collection":[{"href":"https:\/\/talkpal.ai\/pt-pt\/wp-json\/wp\/v2\/pages"}],"about":[{"href":"https:\/\/talkpal.ai\/pt-pt\/wp-json\/wp\/v2\/types\/page"}],"author":[{"embeddable":true,"href":"https:\/\/talkpal.ai\/pt-pt\/wp-json\/wp\/v2\/users\/8"}],"replies":[{"embeddable":true,"href":"https:\/\/talkpal.ai\/pt-pt\/wp-json\/wp\/v2\/comments?post=89801"}],"version-history":[{"count":0,"href":"https:\/\/talkpal.ai\/pt-pt\/wp-json\/wp\/v2\/pages\/89801\/revisions"}],"wp:featuredmedia":[{"embeddable":true,"href":"https:\/\/talkpal.ai\/pt-pt\/wp-json\/wp\/v2\/media\/13609"}],"wp:attachment":[{"href":"https:\/\/talkpal.ai\/pt-pt\/wp-json\/wp\/v2\/media?parent=89801"}],"curies":[{"name":"wp","href":"https:\/\/api.w.org\/{rel}","templated":true}]}}