{"id":75170,"date":"2023-05-14T13:51:46","date_gmt":"2023-05-14T13:51:46","guid":{"rendered":"http:\/\/talkpal.ai\/gramatica-do-portugues\/"},"modified":"2025-12-11T16:46:52","modified_gmt":"2025-12-11T16:46:52","slug":"gramatica-do-portugues","status":"publish","type":"page","link":"https:\/\/talkpal.ai\/pt-pt\/gramatica-do-portugues\/","title":{"rendered":"Gram\u00e1tica do Portugu\u00eas"},"content":{"rendered":"\r\n\r\n\r\n<section class=\"languageChallengeSection\">\r\n    <div class=\"languageInfoWrapper\">\r\n        \r\n        <h1>Gram\u00e1tica do Portugu\u00eas<\/h1>\r\n        <p>Explora o essencial da <a href=\"https:\/\/talkpal.ai\/it\/cosa-ce-di-speciale-nella-grammatica-portoghese\/\">gram\u00e1tica portuguesa<\/a> e abre um mundo de oportunidades para te ligares a milh\u00f5es de falantes em todo o mundo. Ao dominares as suas principais regras e estruturas, estar\u00e1s pronto para comunicar com confian\u00e7a e desfrutar plenamente da cultura portuguesa. Come\u00e7a hoje a aprender gram\u00e1tica portuguesa e d\u00e1 o teu primeiro passo para a flu\u00eancia!<\/p>\r\n\r\n                            <a class=\"getStartedHidden\" href=\"https:\/\/app.talkpal.ai\/pt-pt\/signup?lng=\">Come\u00e7a<\/a>\r\n        \r\n    <\/div>\r\n\r\n    <figure>\r\n    <img decoding=\"async\" width=\"768\" height=\"768\" src=\"https:\/\/talkpal.ai\/wp-content\/uploads\/2023\/06\/portuguese-768x768.png\" class=\"languageImage no-lazy\" alt=\"Default alt text\" fetchpriority=\"high\" sizes=\"(max-width: 768px) 150px, 768px\" srcset=\"https:\/\/talkpal.ai\/wp-content\/uploads\/2023\/06\/portuguese-768x768.png 768w, https:\/\/talkpal.ai\/wp-content\/uploads\/2023\/06\/portuguese-300x300.png 300w\" \/>\r\n    \r\n\r\n    <\/figure>\r\n\r\n            <a class=\"getStartedVisible\" href=\"https:\/\/app.talkpal.ai\/pt-pt\/signup?lng=\">Come\u00e7a<\/a>\r\n    \r\n<\/section>\r\n        <section class=\"grammarSection\">\r\n            <div class=\"grammarLinks\">\r\n                <a href=\"https:\/\/talkpal.ai\/pt-pt\/language\/adjetivos-gramatica-portuguesa-pt-pt\/\">Adjetivos <\/a><a href=\"https:\/\/talkpal.ai\/pt-pt\/language\/adverbios-gramatica-portuguesa-pt-pt\/\">Adv\u00e9rbios <\/a><a href=\"https:\/\/talkpal.ai\/pt-pt\/language\/artigos-gramatica-portuguesa\/\">Artigos <\/a><a href=\"https:\/\/talkpal.ai\/pt-pt\/language\/comparacao-de-tempos-verbais-gramatica-portuguesa\/\">Compara\u00e7\u00e3o de Tempos Verbais <\/a><a href=\"https:\/\/talkpal.ai\/pt-pt\/language\/estrutura-da-frase-gramatica-portuguesa\/\">Estrutura da Frase <\/a><a href=\"https:\/\/talkpal.ai\/pt-pt\/language\/indicativo-de-tempos-gramatica-portuguesa\/\">Indicativo de Tempos <\/a><a href=\"https:\/\/talkpal.ai\/pt-pt\/language\/preposicoes-gramatica-portuguesa\/\">Preposi\u00e7\u00f5es <\/a><a href=\"https:\/\/talkpal.ai\/pt-pt\/language\/pronomes-gramatica-portuguesa\/\">Pronomes <\/a><a href=\"https:\/\/talkpal.ai\/pt-pt\/language\/substantivos-gramatica-portuguesa\/\">Substantivos <\/a><a href=\"https:\/\/talkpal.ai\/pt-pt\/language\/tempos-do-subjuntivo-gramatica-do-portugues\/\">Tempos do Subjuntivo <\/a><a href=\"https:\/\/talkpal.ai\/pt-pt\/language\/verbos-gramatica-portuguesa-pt-pt\/\">Verbos <\/a>            <\/div>\r\n        <\/section>\r\n    <section class=\"promotionalBanner\">\r\n    <p class=\"promotionalText\">A maneira mais eficiente de aprender um idioma<\/p>\r\n    <a class=\"promotionalLink\" href=\"https:\/\/app.talkpal.ai\/pt-pt\/signup?lng=\">Experimente o Talkpal gratuitamente<\/a>\r\n<\/section>\n<div class=\"wp-block-group pageContainerStyle\"><div class=\"wp-block-group__inner-container is-layout-constrained wp-block-group-is-layout-constrained\">\n<h2 class=\"wp-block-heading\" id=\"h-a-beginner-s-guide-to-understanding-portuguese-grammar\">Um guia para principiantes para compreenderes a gram\u00e1tica portuguesa<\/h2>\n\n\n\n<p>Quer estejas a planear uma viagem a <a href=\"https:\/\/talkpal.ai\/locations\/language-courses-in-portugal\/\">Portugal<\/a> ou simplesmente interessado em dominar uma nova l\u00edngua, <a href=\"https:\/\/talkpal.ai\/pt-pt\/culture\/vamos-aprender-portugues-com-as-tabernas-tradicionais\/\">aprender portugu\u00eas<\/a> pode ser uma experi\u00eancia emocionante e gratificante. Um aspecto essencial da aprendizagem da <a href=\"https:\/\/talkpal.ai\/pt-pt\/pratica-a-conversacao-em-portugues\/\">l\u00edngua portuguesa<\/a>, <a href=\"https:\/\/talkpal.ai\/locations\/language-courses-in-como\/\">como<\/a> qualquer outro, \u00e9 a compreens\u00e3o da sua gram\u00e1tica. Este artigo ir\u00e1 gui\u00e1-lo atrav\u00e9s dos fundamentos da gram\u00e1tica do <a href=\"https:\/\/talkpal.ai\/learn-portuguese\/\">portugu\u00eas<\/a>, fornecendo-lhe dicas e insights essenciais para ajud\u00e1-lo a navegar e se comunicar sem esfor\u00e7o. Por isso, se estavas \u00e0 espera de mergulhar no mundo do portugu\u00eas, vamos come\u00e7ar!<\/p>\n\n\n\n<h3 class=\"wp-block-heading\" id=\"h-1-the-basics-nouns-pronouns-and-articles\">1. O B\u00e1sico: Substantivos, Pronomes e Artigos<\/h3>\n\n\n\n<p>Assim como no <a href=\"https:\/\/talkpal.ai\/pt-pt\/locations\/aprenda-ingles-em-passos\/\">ingl\u00eas<\/a>, a gram\u00e1tica do portugu\u00eas \u00e9 constru\u00edda em torno de substantivos, pronomes e artigos. Os substantivos em portugu\u00eas podem ser masculinos ou femininos, e \u00e9 importante estabelecer o g\u00e9nero para a forma\u00e7\u00e3o correta das frases. Por exemplo, \u201co menino\u201d traduz-se por \u201co rapaz\u201d, enquanto \u201ca menina\u201d se traduz por \u201ca rapariga\u201d.<\/p>\n\n\n\n<p>Os pronomes em portugu\u00eas, assim como o ingl\u00eas, substituem os substantivos. Eles tamb\u00e9m t\u00eam g\u00eaneros. Os pronomes pessoais incluem eu (eu), voc\u00ea\/tu (voc\u00ea), ele\/ela (ele\/ela), n\u00f3s (n\u00f3s) e eles\/elas (eles).<\/p>\n\n\n\n<p>Artigos definidos (o) e artigos indefinidos (a\/an) tamb\u00e9m s\u00e3o espec\u00edficos de g\u00eanero e s\u00e3o essenciais para a constru\u00e7\u00e3o adequada de frases. Em portugu\u00eas, os artigos definidos s\u00e3o \u201co\u201d (masculino) e \u201ca\u201d (feminino), e os artigos indefinidos s\u00e3o \u201cum\u201d (masculino) e \u201cuma\u201d (feminino).<\/p>\n\n\n\n<h3 class=\"wp-block-heading\" id=\"h-2-adjectives-and-adverbs-add-spice-to-your-sentences\">2. Adjetivos e adv\u00e9rbios: adicione tempero \u00e0s suas frases<\/h3>\n\n\n\n<p>Adjetivos s\u00e3o palavras que descrevem ou modificam substantivos e, como substantivos, t\u00eam g\u00eaneros. Normalmente, os adjectivos terminados em \u201co\u201d s\u00e3o masculinos, enquanto os terminados em \u201ca\u201d s\u00e3o femininos. \u00c9 essencial que fa\u00e7as corresponder o g\u00e9nero do adjetivo ao substantivo que est\u00e1 a descrever. Por exemplo, \u201chomem alto\u201d traduz-se por \u201chomem alto\u201d, enquanto \u201cmulher alta\u201d significa \u201cmulher alta\u201d.<\/p>\n\n\n\n<p>Os adv\u00e9rbios, por outro lado, modificam verbos, adjetivos ou outros adv\u00e9rbios. Em portugu\u00eas, os adv\u00e9rbios n\u00e3o t\u00eam formas espec\u00edficas de g\u00e9nero. Alguns adv\u00e9rbios comuns incluem \u201crapidamente\u201d (rapidamente), \u201clentamente\u201d (lentamente) e \u201csempre\u201d (sempre).<\/p>\n\n\n\n<h3 class=\"wp-block-heading\" id=\"h-3-verbs-the-action-words\">3. Verbos: As palavras de a\u00e7\u00e3o<\/h3>\n\n\n\n<p>Os verbos portugueses s\u00e3o classificados em tr\u00eas grupos de conjuga\u00e7\u00e3o (-ar, -er, -ir), e suas formas mudam dependendo do tempo e do sujeito. Estes s\u00e3o alguns dos tempos verbais essenciais que tens de saber:<\/p>\n\n\n\n<p>&#8211; Tempo presente (Presente): Descreve ac\u00e7\u00f5es que est\u00e3o a acontecer agora ou ac\u00e7\u00f5es habituais.<br\/>&#8211; Pret\u00e9rito (Pret\u00e9rito): Descreve ac\u00e7\u00f5es que aconteceram no passado. Existem dois tipos: Pret\u00e9rito Perfeito (passado simples) e Pret\u00e9rito Imperfeito (passado cont\u00ednuo).<br\/>&#8211; Tempo verbal futuro (Futuro): Descreve ac\u00e7\u00f5es que ir\u00e3o acontecer no futuro.<\/p>\n\n\n\n<p>Dominar a conjuga\u00e7\u00e3o de verbos pode ser um desafio em portugu\u00eas, mas a pr\u00e1tica e a consist\u00eancia ajudar\u00e3o voc\u00ea a compreend\u00ea-la de forma mais eficiente.<\/p>\n\n\n\n<h3 class=\"wp-block-heading\" id=\"h-4-word-order-building-understandable-sentences\">4. Ordem das palavras: Construindo frases compreens\u00edveis<\/h3>\n\n\n\n<p>A estrutura frasal t\u00edpica do portugu\u00eas segue a ordem Sujeito-Verbo-Objeto (SVO). Por exemplo, a frase \u201cEu amo pizza\u201d segue este padr\u00e3o. No entanto, a gram\u00e1tica do portugu\u00eas pode ser bastante flex\u00edvel, e voc\u00ea pode encontrar varia\u00e7\u00f5es na ordem das palavras, especialmente na literatura ou em conversas informais. O contexto e o bom senso s\u00e3o cruciais para entender essas varia\u00e7\u00f5es.<\/p>\n\n\n\n<h3 class=\"wp-block-heading\" id=\"h-5-negation-and-interrogation-say-no-and-ask-questions\">5. Nega\u00e7\u00e3o e interroga\u00e7\u00e3o: diga n\u00e3o e fa\u00e7a perguntas<\/h3>\n\n\n\n<p>Para negares uma frase em portugu\u00eas, basta colocares a palavra \u201cn\u00e3o\u201d antes do verbo. Por exemplo, \u201cEu n\u00e3o falo portugu\u00eas\u201d significa \u201cEu n\u00e3o falo portugu\u00eas\u201d.<\/p>\n\n\n\n<p>Para transformar uma afirma\u00e7\u00e3o numa pergunta em portugu\u00eas, podes alterar a ordem das palavras ou usar uma palavra interrogativa (como \u201cquem\u201d para \u201cquem\u201d, \u201co que\u201d para \u201co qu\u00ea\u201d ou \u201conde\u201d para \u201conde\u201d). Por exemplo, \u201cVoc\u00ea fala ingl\u00eas?\u201d traduz-se para \u201cDo you speak English?\u201d.<\/p>\n\n\n\n<h3 class=\"wp-block-heading\" id=\"h-conclusion\">Conclus\u00e3o<\/h3>\n\n\n\n<p>Aprender a gram\u00e1tica portuguesa pode parecer assustador, mas n\u00e3o desanimes! Todas as l\u00ednguas t\u00eam as suas complexidades, mas com consist\u00eancia, pr\u00e1tica e um pouco de paci\u00eancia, acabar\u00e1s por comunicar com confian\u00e7a e efic\u00e1cia. Tenha em mente que aprender gram\u00e1tica \u00e9 apenas uma parte da aquisi\u00e7\u00e3o da l\u00edngua, e voc\u00ea tamb\u00e9m deve praticar a audi\u00e7\u00e3o, a fala e a leitura em portugu\u00eas. Boa sorte! (Boa sorte!)<\/p>\n<\/div><\/div>\n\r\n<section class=\"learnNavigationSection\">\r\n            \r\n        <a href=\"https:\/\/talkpal.ai\/pt-pt\/aprender-portugues\/\">\r\n            <div class=\"learnNavigationWrapper\">\r\n                <div class=\"learnNavigationContent\">\r\n                    <img decoding=\"async\" src=\"https:\/\/talkpal.ai\/wp-content\/uploads\/2024\/08\/Portuguese.jpg\" alt=\"Portuguese Flag\">\r\n                    <div>\r\n                        <h4>Sobre a Portugal Learning<\/h4>\r\n                        <p>Descobre tudo sobre a gram\u00e1tica portuguesa.<\/p>\r\n                    <\/div>\r\n                <\/div>\r\n            <\/div>\r\n        <\/a>\r\n\r\n        \r\n        <a href=\"https:\/\/talkpal.ai\/pt-pt\/exercicios-de-gramatica-do-portugues\/\">\r\n            <div class=\"learnNavigationWrapper\">\r\n                <div class=\"learnNavigationContent\">\r\n                    <img decoding=\"async\" src=\"https:\/\/talkpal.ai\/wp-content\/uploads\/2024\/08\/Portuguese.jpg\" alt=\"Portuguese Flag\">\r\n                    <div>\r\n                        <h4>Exerc\u00edcio de gram\u00e1tica portuguesa<\/h4>\r\n                        <p>Pratica a gram\u00e1tica portuguesa.<\/p>\r\n                    <\/div>\r\n                <\/div>\r\n            <\/div>\r\n        <\/a>\r\n\r\n        \r\n        <a href=\"https:\/\/talkpal.ai\/vocabulary_language\/portuguese\/\">\r\n            <div class=\"learnNavigationWrapper\">\r\n                <div class=\"learnNavigationContent\">\r\n                    <img decoding=\"async\" src=\"https:\/\/talkpal.ai\/wp-content\/uploads\/2024\/08\/Portuguese.jpg\" alt=\"Portuguese Flag\">\r\n                    <div>\r\n                        <h4>Vocabul\u00e1rio de Portugu\u00eas<\/h4>\r\n                        <p>Amplia o teu vocabul\u00e1rio portugu\u00eas.<\/p>\r\n                    <\/div>\r\n                <\/div>\r\n            <\/div>\r\n        <\/a>\r\n\r\n            <\/section>","protected":false},"excerpt":{"rendered":"<p>Um guia para principiantes para compreenderes a gram\u00e1tica portuguesa Quer estejas a planear uma viagem a Portugal ou simplesmente interessado em dominar uma nova l\u00edngua, aprender portugu\u00eas pode ser uma experi\u00eancia emocionante e gratificante. Um aspecto essencial da aprendizagem da l\u00edngua portuguesa, como qualquer outro, \u00e9 a compreens\u00e3o da sua gram\u00e1tica. Este artigo ir\u00e1 gui\u00e1-lo [&hellip;]<\/p>\n","protected":false},"author":1,"featured_media":13882,"parent":0,"menu_order":0,"comment_status":"closed","ping_status":"closed","template":"LearningContentPage.php","meta":{"_acf_changed":false,"footnotes":""},"class_list":["post-75170","page","type-page","status-publish","has-post-thumbnail","hentry"],"acf":[],"yoast_head":"<!-- This site is optimized with the Yoast SEO Premium plugin v27.2 (Yoast SEO v27.2) - https:\/\/yoast.com\/product\/yoast-seo-premium-wordpress\/ -->\n<title>Gram\u00e1tica do Portugu\u00eas - Talkpal<\/title>\n<meta name=\"description\" content=\"Domina a gram\u00e1tica portuguesa com exerc\u00edcios interactivos concebidos para todos os n\u00edveis de compet\u00eancias. Melhora a tua profici\u00eancia lingu\u00edstica!\" \/>\n<meta name=\"robots\" content=\"index, follow, max-snippet:-1, max-image-preview:large, max-video-preview:-1\" \/>\n<link rel=\"canonical\" href=\"https:\/\/talkpal.ai\/pt-pt\/gramatica-do-portugues\/\" \/>\n<meta property=\"og:locale\" content=\"pt_PT\" \/>\n<meta property=\"og:type\" content=\"article\" \/>\n<meta property=\"og:title\" content=\"Gram\u00e1tica do Portugu\u00eas\" \/>\n<meta property=\"og:description\" content=\"Um guia para principiantes para compreenderes a gram\u00e1tica portuguesa Quer estejas a planear uma viagem a Portugal ou simplesmente interessado em dominar\" \/>\n<meta property=\"og:url\" content=\"https:\/\/talkpal.ai\/pt-pt\/gramatica-do-portugues\/\" \/>\n<meta property=\"og:site_name\" content=\"Talkpal\" \/>\n<meta property=\"article:publisher\" content=\"https:\/\/www.facebook.com\/profile.php?id=100090733639311\" \/>\n<meta property=\"article:modified_time\" content=\"2025-12-11T16:46:52+00:00\" \/>\n<meta property=\"og:image\" content=\"https:\/\/talkpal.ai\/wp-content\/uploads\/2023\/04\/portugal.png\" \/>\n\t<meta property=\"og:image:width\" content=\"512\" \/>\n\t<meta property=\"og:image:height\" content=\"512\" \/>\n\t<meta property=\"og:image:type\" content=\"image\/png\" \/>\n<meta name=\"twitter:card\" content=\"summary_large_image\" \/>\n<meta name=\"twitter:site\" content=\"@talkpalai\" \/>\n<meta name=\"twitter:label1\" content=\"Tempo estimado de leitura\" \/>\n\t<meta name=\"twitter:data1\" content=\"4 minutos\" \/>\n<script type=\"application\/ld+json\" class=\"yoast-schema-graph\">{\"@context\":\"https:\/\/schema.org\",\"@graph\":[{\"@type\":\"WebPage\",\"@id\":\"https:\/\/talkpal.ai\/pt-pt\/gramatica-do-portugues\/\",\"url\":\"https:\/\/talkpal.ai\/pt-pt\/gramatica-do-portugues\/\",\"name\":\"Gram\u00e1tica do Portugu\u00eas - Talkpal\",\"isPartOf\":{\"@id\":\"https:\/\/talkpal.ai\/pt-pt\/#website\"},\"primaryImageOfPage\":{\"@id\":\"https:\/\/talkpal.ai\/pt-pt\/gramatica-do-portugues\/#primaryimage\"},\"image\":{\"@id\":\"https:\/\/talkpal.ai\/pt-pt\/gramatica-do-portugues\/#primaryimage\"},\"thumbnailUrl\":\"https:\/\/talkpal.ai\/wp-content\/uploads\/2023\/04\/portugal.png\",\"datePublished\":\"2023-05-14T13:51:46+00:00\",\"dateModified\":\"2025-12-11T16:46:52+00:00\",\"description\":\"Domina a gram\u00e1tica portuguesa com exerc\u00edcios interactivos concebidos para todos os n\u00edveis de compet\u00eancias. Melhora a tua profici\u00eancia lingu\u00edstica!\",\"breadcrumb\":{\"@id\":\"https:\/\/talkpal.ai\/pt-pt\/gramatica-do-portugues\/#breadcrumb\"},\"inLanguage\":\"pt-PT\",\"potentialAction\":[{\"@type\":\"ReadAction\",\"target\":[\"https:\/\/talkpal.ai\/pt-pt\/gramatica-do-portugues\/\"]}]},{\"@type\":\"ImageObject\",\"inLanguage\":\"pt-PT\",\"@id\":\"https:\/\/talkpal.ai\/pt-pt\/gramatica-do-portugues\/#primaryimage\",\"url\":\"https:\/\/talkpal.ai\/wp-content\/uploads\/2023\/04\/portugal.png\",\"contentUrl\":\"https:\/\/talkpal.ai\/wp-content\/uploads\/2023\/04\/portugal.png\",\"width\":512,\"height\":512},{\"@type\":\"BreadcrumbList\",\"@id\":\"https:\/\/talkpal.ai\/pt-pt\/gramatica-do-portugues\/#breadcrumb\",\"itemListElement\":[{\"@type\":\"ListItem\",\"position\":1,\"name\":\"Homepage\",\"item\":\"https:\/\/talkpal.ai\/pt-pt\/\"},{\"@type\":\"ListItem\",\"position\":2,\"name\":\"Gram\u00e1tica do Portugu\u00eas\"}]},{\"@type\":\"WebSite\",\"@id\":\"https:\/\/talkpal.ai\/pt-pt\/#website\",\"url\":\"https:\/\/talkpal.ai\/pt-pt\/\",\"name\":\"Talkpal\",\"description\":\"AI Language Learning\",\"publisher\":{\"@id\":\"https:\/\/talkpal.ai\/pt-pt\/#organization\"},\"alternateName\":\"Talkpal AI\",\"potentialAction\":[{\"@type\":\"SearchAction\",\"target\":{\"@type\":\"EntryPoint\",\"urlTemplate\":\"https:\/\/talkpal.ai\/pt-pt\/?s={search_term_string}\"},\"query-input\":{\"@type\":\"PropertyValueSpecification\",\"valueRequired\":true,\"valueName\":\"search_term_string\"}}],\"inLanguage\":\"pt-PT\"},{\"@type\":\"Organization\",\"@id\":\"https:\/\/talkpal.ai\/pt-pt\/#organization\",\"name\":\"Talkpal, Inc.\",\"alternateName\":\"Talkpal AI\",\"url\":\"https:\/\/talkpal.ai\/pt-pt\/\",\"logo\":{\"@type\":\"ImageObject\",\"inLanguage\":\"pt-PT\",\"@id\":\"https:\/\/talkpal.ai\/pt-pt\/#\/schema\/logo\/image\/\",\"url\":\"https:\/\/talkpal.ai\/wp-content\/uploads\/2024\/03\/Talkpal-Logo-Icon.png\",\"contentUrl\":\"https:\/\/talkpal.ai\/wp-content\/uploads\/2024\/03\/Talkpal-Logo-Icon.png\",\"width\":2880,\"height\":2880,\"caption\":\"Talkpal, Inc.\"},\"image\":{\"@id\":\"https:\/\/talkpal.ai\/pt-pt\/#\/schema\/logo\/image\/\"},\"sameAs\":[\"https:\/\/www.facebook.com\/profile.php?id=100090733639311\",\"https:\/\/x.com\/talkpalai\",\"https:\/\/www.linkedin.com\/company\/talkpal\/\",\"https:\/\/www.youtube.com\/@TalkPal\/\",\"https:\/\/www.tiktok.com\/@talkpal\",\"https:\/\/www.instagram.com\/talkpal_ai\/\",\"https:\/\/www.crunchbase.com\/organization\/talkpal-9cde\",\"https:\/\/www.g2.com\/products\/talkpal-for-business\/\",\"https:\/\/www.trustpilot.com\/review\/talkpal.ai\",\"https:\/\/www.capterra.com\/p\/10006800\/TalkPal\/\"],\"description\":\"Talkpal is a language learning web and mobile education app, powered by the latest AI technologies, that provides engaging experiences to its customers in many different languages to help them improve their language skills. Users can chat about unlimited amount of topics with the app and use other modes to practice their language learning.\",\"email\":\"support@talkpal.ai\",\"legalName\":\"Talkpal, Inc.\",\"foundingDate\":\"2023-04-03\",\"duns\":\"118989042\",\"numberOfEmployees\":{\"@type\":\"QuantitativeValue\",\"minValue\":\"11\",\"maxValue\":\"50\"},\"publishingPrinciples\":\"https:\/\/talkpal.ai\/publishing-principles\/\",\"actionableFeedbackPolicy\":\"https:\/\/talkpal.ai\/actionable-feedback-policy\/\",\"correctionsPolicy\":\"https:\/\/talkpal.ai\/corrections-policy\/\",\"ethicsPolicy\":\"https:\/\/talkpal.ai\/ethics-policy\/\",\"diversityPolicy\":\"https:\/\/talkpal.ai\/diversity-policy\/\",\"diversityStaffingReport\":\"https:\/\/talkpal.ai\/diversity-policy\/\"}]}<\/script>\n<!-- \/ Yoast SEO Premium plugin. -->","yoast_head_json":{"title":"Gram\u00e1tica do Portugu\u00eas - Talkpal","description":"Domina a gram\u00e1tica portuguesa com exerc\u00edcios interactivos concebidos para todos os n\u00edveis de compet\u00eancias. Melhora a tua profici\u00eancia lingu\u00edstica!","robots":{"index":"index","follow":"follow","max-snippet":"max-snippet:-1","max-image-preview":"max-image-preview:large","max-video-preview":"max-video-preview:-1"},"canonical":"https:\/\/talkpal.ai\/pt-pt\/gramatica-do-portugues\/","og_locale":"pt_PT","og_type":"article","og_title":"Gram\u00e1tica do Portugu\u00eas","og_description":"Um guia para principiantes para compreenderes a gram\u00e1tica portuguesa Quer estejas a planear uma viagem a Portugal ou simplesmente interessado em dominar","og_url":"https:\/\/talkpal.ai\/pt-pt\/gramatica-do-portugues\/","og_site_name":"Talkpal","article_publisher":"https:\/\/www.facebook.com\/profile.php?id=100090733639311","article_modified_time":"2025-12-11T16:46:52+00:00","og_image":[{"width":512,"height":512,"url":"https:\/\/talkpal.ai\/wp-content\/uploads\/2023\/04\/portugal.png","type":"image\/png"}],"twitter_card":"summary_large_image","twitter_site":"@talkpalai","twitter_misc":{"Tempo estimado de leitura":"4 minutos"},"schema":{"@context":"https:\/\/schema.org","@graph":[{"@type":"WebPage","@id":"https:\/\/talkpal.ai\/pt-pt\/gramatica-do-portugues\/","url":"https:\/\/talkpal.ai\/pt-pt\/gramatica-do-portugues\/","name":"Gram\u00e1tica do Portugu\u00eas - Talkpal","isPartOf":{"@id":"https:\/\/talkpal.ai\/pt-pt\/#website"},"primaryImageOfPage":{"@id":"https:\/\/talkpal.ai\/pt-pt\/gramatica-do-portugues\/#primaryimage"},"image":{"@id":"https:\/\/talkpal.ai\/pt-pt\/gramatica-do-portugues\/#primaryimage"},"thumbnailUrl":"https:\/\/talkpal.ai\/wp-content\/uploads\/2023\/04\/portugal.png","datePublished":"2023-05-14T13:51:46+00:00","dateModified":"2025-12-11T16:46:52+00:00","description":"Domina a gram\u00e1tica portuguesa com exerc\u00edcios interactivos concebidos para todos os n\u00edveis de compet\u00eancias. Melhora a tua profici\u00eancia lingu\u00edstica!","breadcrumb":{"@id":"https:\/\/talkpal.ai\/pt-pt\/gramatica-do-portugues\/#breadcrumb"},"inLanguage":"pt-PT","potentialAction":[{"@type":"ReadAction","target":["https:\/\/talkpal.ai\/pt-pt\/gramatica-do-portugues\/"]}]},{"@type":"ImageObject","inLanguage":"pt-PT","@id":"https:\/\/talkpal.ai\/pt-pt\/gramatica-do-portugues\/#primaryimage","url":"https:\/\/talkpal.ai\/wp-content\/uploads\/2023\/04\/portugal.png","contentUrl":"https:\/\/talkpal.ai\/wp-content\/uploads\/2023\/04\/portugal.png","width":512,"height":512},{"@type":"BreadcrumbList","@id":"https:\/\/talkpal.ai\/pt-pt\/gramatica-do-portugues\/#breadcrumb","itemListElement":[{"@type":"ListItem","position":1,"name":"Homepage","item":"https:\/\/talkpal.ai\/pt-pt\/"},{"@type":"ListItem","position":2,"name":"Gram\u00e1tica do Portugu\u00eas"}]},{"@type":"WebSite","@id":"https:\/\/talkpal.ai\/pt-pt\/#website","url":"https:\/\/talkpal.ai\/pt-pt\/","name":"Talkpal","description":"AI Language Learning","publisher":{"@id":"https:\/\/talkpal.ai\/pt-pt\/#organization"},"alternateName":"Talkpal AI","potentialAction":[{"@type":"SearchAction","target":{"@type":"EntryPoint","urlTemplate":"https:\/\/talkpal.ai\/pt-pt\/?s={search_term_string}"},"query-input":{"@type":"PropertyValueSpecification","valueRequired":true,"valueName":"search_term_string"}}],"inLanguage":"pt-PT"},{"@type":"Organization","@id":"https:\/\/talkpal.ai\/pt-pt\/#organization","name":"Talkpal, Inc.","alternateName":"Talkpal AI","url":"https:\/\/talkpal.ai\/pt-pt\/","logo":{"@type":"ImageObject","inLanguage":"pt-PT","@id":"https:\/\/talkpal.ai\/pt-pt\/#\/schema\/logo\/image\/","url":"https:\/\/talkpal.ai\/wp-content\/uploads\/2024\/03\/Talkpal-Logo-Icon.png","contentUrl":"https:\/\/talkpal.ai\/wp-content\/uploads\/2024\/03\/Talkpal-Logo-Icon.png","width":2880,"height":2880,"caption":"Talkpal, Inc."},"image":{"@id":"https:\/\/talkpal.ai\/pt-pt\/#\/schema\/logo\/image\/"},"sameAs":["https:\/\/www.facebook.com\/profile.php?id=100090733639311","https:\/\/x.com\/talkpalai","https:\/\/www.linkedin.com\/company\/talkpal\/","https:\/\/www.youtube.com\/@TalkPal\/","https:\/\/www.tiktok.com\/@talkpal","https:\/\/www.instagram.com\/talkpal_ai\/","https:\/\/www.crunchbase.com\/organization\/talkpal-9cde","https:\/\/www.g2.com\/products\/talkpal-for-business\/","https:\/\/www.trustpilot.com\/review\/talkpal.ai","https:\/\/www.capterra.com\/p\/10006800\/TalkPal\/"],"description":"Talkpal is a language learning web and mobile education app, powered by the latest AI technologies, that provides engaging experiences to its customers in many different languages to help them improve their language skills. Users can chat about unlimited amount of topics with the app and use other modes to practice their language learning.","email":"support@talkpal.ai","legalName":"Talkpal, Inc.","foundingDate":"2023-04-03","duns":"118989042","numberOfEmployees":{"@type":"QuantitativeValue","minValue":"11","maxValue":"50"},"publishingPrinciples":"https:\/\/talkpal.ai\/publishing-principles\/","actionableFeedbackPolicy":"https:\/\/talkpal.ai\/actionable-feedback-policy\/","correctionsPolicy":"https:\/\/talkpal.ai\/corrections-policy\/","ethicsPolicy":"https:\/\/talkpal.ai\/ethics-policy\/","diversityPolicy":"https:\/\/talkpal.ai\/diversity-policy\/","diversityStaffingReport":"https:\/\/talkpal.ai\/diversity-policy\/"}]}},"_links":{"self":[{"href":"https:\/\/talkpal.ai\/pt-pt\/wp-json\/wp\/v2\/pages\/75170","targetHints":{"allow":["GET"]}}],"collection":[{"href":"https:\/\/talkpal.ai\/pt-pt\/wp-json\/wp\/v2\/pages"}],"about":[{"href":"https:\/\/talkpal.ai\/pt-pt\/wp-json\/wp\/v2\/types\/page"}],"author":[{"embeddable":true,"href":"https:\/\/talkpal.ai\/pt-pt\/wp-json\/wp\/v2\/users\/1"}],"replies":[{"embeddable":true,"href":"https:\/\/talkpal.ai\/pt-pt\/wp-json\/wp\/v2\/comments?post=75170"}],"version-history":[{"count":0,"href":"https:\/\/talkpal.ai\/pt-pt\/wp-json\/wp\/v2\/pages\/75170\/revisions"}],"wp:featuredmedia":[{"embeddable":true,"href":"https:\/\/talkpal.ai\/pt-pt\/wp-json\/wp\/v2\/media\/13882"}],"wp:attachment":[{"href":"https:\/\/talkpal.ai\/pt-pt\/wp-json\/wp\/v2\/media?parent=75170"}],"curies":[{"name":"wp","href":"https:\/\/api.w.org\/{rel}","templated":true}]}}