{"id":60239,"date":"2023-03-25T16:57:06","date_gmt":"2023-03-25T16:57:06","guid":{"rendered":"http:\/\/talkpal.ai\/gramatica-inglesa\/"},"modified":"2025-05-22T19:26:29","modified_gmt":"2025-05-22T19:26:29","slug":"gramatica-inglesa","status":"publish","type":"page","link":"https:\/\/talkpal.ai\/pt-pt\/gramatica-inglesa\/","title":{"rendered":"Gram\u00e1tica inglesa"},"content":{"rendered":"\r\n\r\n\r\n<section class=\"languageChallengeSection\">\r\n    <div class=\"languageInfoWrapper\">\r\n        \r\n        <h1>Gram\u00e1tica inglesa<\/h1>\r\n        <p>Est\u00e1s pronto para come\u00e7ar a aprender <a href=\"https:\/\/talkpal.ai\/pt-pt\/locations\/aprenda-ingles-em-passos\/\">ingl\u00eas<\/a>? Com apenas um pouco de gram\u00e1tica e algumas palavras novas, estar\u00e1s a conversar e a estabelecer contacto com pessoas de todo o mundo num instante. Mergulha e vamos tornar a aprendizagem do ingl\u00eas divertida e f\u00e1cil &#8211; a tua viagem para a flu\u00eancia come\u00e7a hoje!\n\n<\/p>\r\n\r\n                            <a class=\"getStartedHidden\" href=\"https:\/\/app.talkpal.ai\/pt-pt\/signup?lng=\">Come\u00e7a<\/a>\r\n        \r\n    <\/div>\r\n\r\n    <figure>\r\n    <img decoding=\"async\" width=\"768\" height=\"768\" src=\"https:\/\/talkpal.ai\/wp-content\/uploads\/2023\/06\/English-768x768.png\" class=\"languageImage no-lazy\" alt=\"Default alt text\" fetchpriority=\"high\" sizes=\"(max-width: 768px) 150px, 768px\" srcset=\"https:\/\/talkpal.ai\/wp-content\/uploads\/2023\/06\/English-768x768.png 768w, https:\/\/talkpal.ai\/wp-content\/uploads\/2023\/06\/English-300x300.png 300w\" \/>\r\n    \r\n\r\n    <\/figure>\r\n\r\n            <a class=\"getStartedVisible\" href=\"https:\/\/app.talkpal.ai\/pt-pt\/signup?lng=\">Come\u00e7a<\/a>\r\n    \r\n<\/section>\r\n        <section class=\"grammarSection\">\r\n            <div class=\"grammarLinks\">\r\n                <a href=\"https:\/\/talkpal.ai\/pt-pt\/language\/adjetivos-pt-pt\/\">Adjetivos <\/a><a href=\"https:\/\/talkpal.ai\/pt-pt\/language\/adverbios-pt-pt\/\">Adv\u00e9rbios <\/a><a href=\"https:\/\/talkpal.ai\/pt-pt\/language\/artigos\/\">Artigos <\/a><a href=\"https:\/\/talkpal.ai\/pt-pt\/language\/condicionais\/\">Condicionais <\/a><a href=\"https:\/\/talkpal.ai\/pt-pt\/language\/frases\/\">Frases <\/a><a href=\"https:\/\/talkpal.ai\/pt-pt\/language\/preposicoes\/\">Preposi\u00e7\u00f5es <\/a><a href=\"https:\/\/talkpal.ai\/pt-pt\/language\/pronomes-determinantes\/\">Pronomes\/Determinantes <\/a><a href=\"https:\/\/talkpal.ai\/pt-pt\/language\/substantivos\/\">Substantivos <\/a><a href=\"https:\/\/talkpal.ai\/pt-pt\/language\/tempos\/\">Tempos Verbais <\/a><a href=\"https:\/\/talkpal.ai\/pt-pt\/language\/verbos-pt-pt\/\">Verbos <\/a>            <\/div>\r\n        <\/section>\r\n    <section class=\"promotionalBanner\">\r\n    <p class=\"promotionalText\">A maneira mais eficiente de aprender um idioma<\/p>\r\n    <a class=\"promotionalLink\" href=\"https:\/\/app.talkpal.ai\/pt-pt\/signup?lng=\">Experimente o Talkpal gratuitamente<\/a>\r\n<\/section>\n<div class=\"wp-block-group pageContainerStyle\"><div class=\"wp-block-group__inner-container is-layout-constrained wp-block-group-is-layout-constrained\">\n<h2 class=\"wp-block-heading\" id=\"h-the-importance-of-english-grammar-a-guide-to-mastering-the-rules-and-principles\">A import\u00e2ncia da gram\u00e1tica inglesa: um guia para dominar as regras e os princ\u00edpios<\/h2>\n\n\n\n<p>Sendo o ingl\u00eas uma das <a href=\"https:\/\/talkpal.ai\/the-10-most-spoken-languages-in-the-world\/\">l\u00ednguas mais faladas<\/a> em todo o mundo, n\u00e3o \u00e9 de admirar que as pessoas estejam ansiosas por melhorar a sua flu\u00eancia e dom\u00ednio da l\u00edngua. Um aspeto crucial para dominar a l\u00edngua inglesa \u00e9 compreender a sua gram\u00e1tica. Mas porque \u00e9 que a gram\u00e1tica \u00e9 t\u00e3o importante e <a href=\"https:\/\/talkpal.ai\/locations\/language-courses-in-como\/\">como<\/a> \u00e9 que a podemos aprender eficazmente? Neste artigo, vamos mergulhar no significado da <a href=\"https:\/\/talkpal.ai\/pt-pt\/o-que-ha-de-especial-na-gramatica-inglesa\/\">gram\u00e1tica inglesa<\/a>, discutir os seus princ\u00edpios fundamentais e partilhar algumas dicas \u00fateis para aperfei\u00e7oares as tuas compet\u00eancias.<\/p>\n\n\n\n<h3 class=\"wp-block-heading\" id=\"h-the-role-of-grammar-in-the-english-language\">O papel da gram\u00e1tica na l\u00edngua inglesa:<\/h3>\n\n\n\n<p>Ent\u00e3o, qual \u00e9 o problema da gram\u00e1tica? Na sua ess\u00eancia, a gram\u00e1tica serve de base a qualquer l\u00edngua &#8211; \u00e9 o conjunto de regras e princ\u00edpios que regem a forma como usamos as palavras para formar frases com significado. Ao aderir a estas regras, podemos garantir uma comunica\u00e7\u00e3o clara e evitar mal-entendidos. Imagine tentar cozinhar uma refei\u00e7\u00e3o sem seguir uma receita &#8211; o resultado final pode ser desagrad\u00e1vel! Da mesma forma, negligenciar a gram\u00e1tica na nossa fala e escrita quotidianas pode levar a confus\u00f5es e interpreta\u00e7\u00f5es erradas.<\/p>\n\n\n\n<h3 class=\"wp-block-heading\" id=\"h-key-principles-of-english-grammar\">Princ\u00edpios fundamentais da gram\u00e1tica inglesa:<\/h3>\n\n\n\n<p>Embora a gram\u00e1tica inglesa englobe um <a href=\"https:\/\/talkpal.ai\/locations\/language-courses-in-vasto\/\">vasto<\/a> conjunto de regras, existem alguns princ\u00edpios fundamentais que deve conhecer:<\/p>\n\n\n\n<p><strong>1. Partes do discurso:<\/strong> S\u00e3o as fun\u00e7\u00f5es que as palavras desempenham numa frase. Dependendo da sua fun\u00e7\u00e3o, as palavras podem ser classificadas como substantivos, pronomes, verbos, adjectivos, adv\u00e9rbios, preposi\u00e7\u00f5es, conjun\u00e7\u00f5es ou interjei\u00e7\u00f5es.<\/p>\n\n\n\n<p><strong>2. Tempos:<\/strong> Os tempos verbais indicam o tempo das ac\u00e7\u00f5es ou estados de ser. S\u00e3o categorizados em passado, <a href=\"https:\/\/talkpal.ai\/zh-hans\/grammar_exercises\/presente-%e8%a5%bf%e7%8f%ad%e7%89%99%e8%af%ad%e6%b3%95%e7%bb%83%e4%b9%a0\/\">presente<\/a> e <a href=\"https:\/\/talkpal.ai\/ja\/grammar_exercises\/futuro-%e3%82%b9%e3%83%9a%e3%82%a4%e3%83%b3%e8%aa%9e%e3%81%ae%e6%96%87%e6%b3%95%e3%81%ae%e6%bc%94%e7%bf%92\/\">futuro<\/a>, com cada tempo verbal tendo quatro aspectos &#8211; simples, progressivo, perfeito e progressivo perfeito.<\/p>\n\n\n\n<p><strong>3. Concord\u00e2ncia sujeito-verbo:<\/strong> Essencialmente, o sujeito (substantivo ou pronome) e o verbo numa frase devem concordar em n\u00famero &#8211; singular ou plural. Por exemplo, \u201cEla l\u00ea um livro\u201d e \u201cEles l\u00eaem livros\u201d s\u00e3o ambos gramaticalmente corretos.<\/p>\n\n\n\n<p><strong>4. Estrutura da frase:<\/strong> Uma frase bem estruturada \u00e9 composta por um sujeito, um verbo e, frequentemente, um objeto. As frases podem ser simples (uma ora\u00e7\u00e3o independente), compostas (duas ou mais ora\u00e7\u00f5es independentes) ou complexas (uma ora\u00e7\u00e3o independente e uma ou mais ora\u00e7\u00f5es dependentes).<\/p>\n\n\n\n<p><strong>5. Pontua\u00e7\u00e3o:<\/strong> Os sinais de pontua\u00e7\u00e3o, tais como v\u00edrgulas, pontos e ponto e v\u00edrgula, s\u00e3o fundamentais para organizar e clarificar a linguagem escrita. A pontua\u00e7\u00e3o correcta garante que as suas ideias s\u00e3o transmitidas com precis\u00e3o e coer\u00eancia.<\/p>\n\n\n\n<h3 class=\"wp-block-heading\" id=\"h-tips-to-improve-your-english-grammar\">Dicas para melhorar a sua gram\u00e1tica inglesa:<\/h3>\n\n\n\n<p>Agora que j\u00e1 discutimos os fundamentos da gram\u00e1tica inglesa, vamos explorar algumas formas eficazes de aperfei\u00e7oar as tuas compet\u00eancias:<\/p>\n\n\n\n<p><strong>1. Leia regularmente:<\/strong> A leitura \u00e9 uma excelente forma de interiorizar a gram\u00e1tica correcta. Quanto mais te expuseres a artigos, livros ou ensaios bem escritos, melhor compreender\u00e1s as regras e as estruturas.<\/p>\n\n\n\n<p><strong>2. Praticar a escrita:<\/strong> Escrever regularmente permite-lhe aplicar os seus conhecimentos gramaticais e identificar as \u00e1reas em que precisa de melhorar. Pense em manter um di\u00e1rio ou come\u00e7ar um blogue para desenvolver as suas capacidades de escrita.<\/p>\n\n\n\n<p><strong>3. Estudar recursos gramaticais:<\/strong> Arranje alguns livros de gram\u00e1tica, s\u00edtios Web ou aplica\u00e7\u00f5es respeit\u00e1veis para aprofundar a sua compreens\u00e3o das regras. A revis\u00e3o regular destes materiais ajudar\u00e1 a solidificar os seus conhecimentos.<\/p>\n\n\n\n<p><strong>4. Procurar feedback:<\/strong> Contacte com outras pessoas para receber cr\u00edticas construtivas sobre o seu ingl\u00eas escrito e falado. Pode ser atrav\u00e9s de f\u00f3runs em linha, grupos de interc\u00e2mbio lingu\u00edstico ou amigos e colegas que dominem o ingl\u00eas.<\/p>\n\n\n\n<p><strong>5. Seja paciente e persistente:<\/strong> A aprendizagem da gram\u00e1tica \u00e9 um processo gradual que requer tempo e esfor\u00e7o. Mantenha-se empenhado, continue a praticar e celebre os seus progressos.<\/p>\n\n\n\n<h3 class=\"wp-block-heading\" id=\"h-conclusion\">Conclus\u00e3o:<\/h3>\n\n\n\n<p>Dominar a gram\u00e1tica inglesa \u00e9 um passo essencial no caminho para a flu\u00eancia. Ao compreenderes a sua import\u00e2ncia, ao familiarizares-te com os princ\u00edpios fundamentais e ao praticares ativamente, em breve desenvolver\u00e1s um forte dom\u00ednio da l\u00edngua. Lembra-te que Roma n\u00e3o foi constru\u00edda num dia &#8211; por isso, tem paci\u00eancia, diverte-te e aprecia a viagem rumo a uma gram\u00e1tica impec\u00e1vel!<\/p>\n<\/div><\/div>\n\r\n<section class=\"learnNavigationSection\">\r\n            \r\n        <a href=\"https:\/\/talkpal.ai\/pt-pt\/aprender-ingles\/\">\r\n            <div class=\"learnNavigationWrapper\">\r\n                <div class=\"learnNavigationContent\">\r\n                    <img decoding=\"async\" src=\"https:\/\/talkpal.ai\/wp-content\/uploads\/2024\/08\/English.jpg\" alt=\"English Flag\">\r\n                    <div>\r\n                        <h4>Acerca da aprendizagem de ingl\u00eas<\/h4>\r\n                        <p>Descobre tudo sobre a gram\u00e1tica inglesa.<\/p>\r\n                    <\/div>\r\n                <\/div>\r\n            <\/div>\r\n        <\/a>\r\n\r\n        \r\n        <a href=\"https:\/\/talkpal.ai\/pt-pt\/exercicios-de-gramatica-inglesa\/\">\r\n            <div class=\"learnNavigationWrapper\">\r\n                <div class=\"learnNavigationContent\">\r\n                    <img decoding=\"async\" src=\"https:\/\/talkpal.ai\/wp-content\/uploads\/2024\/08\/English.jpg\" alt=\"English Flag\">\r\n                    <div>\r\n                        <h4>Exerc\u00edcios de Gram\u00e1tica Inglesa<\/h4>\r\n                        <p>Pratica a gram\u00e1tica inglesa.<\/p>\r\n                    <\/div>\r\n                <\/div>\r\n            <\/div>\r\n        <\/a>\r\n\r\n        \r\n        <a href=\"https:\/\/talkpal.ai\/vocabulary_language\/english\/\">\r\n            <div class=\"learnNavigationWrapper\">\r\n                <div class=\"learnNavigationContent\">\r\n                    <img decoding=\"async\" src=\"https:\/\/talkpal.ai\/wp-content\/uploads\/2024\/08\/English.jpg\" alt=\"English Flag\">\r\n                    <div>\r\n                        <h4>Vocabul\u00e1rio em ingl\u00eas<\/h4>\r\n                        <p>Aumenta o teu vocabul\u00e1rio de ingl\u00eas.<\/p>\r\n                    <\/div>\r\n                <\/div>\r\n            <\/div>\r\n        <\/a>\r\n\r\n            <\/section>","protected":false},"excerpt":{"rendered":"<p>A import\u00e2ncia da gram\u00e1tica inglesa: um guia para dominar as regras e os princ\u00edpios Sendo o ingl\u00eas uma das l\u00ednguas mais faladas em todo o mundo, n\u00e3o \u00e9 de admirar que as pessoas estejam ansiosas por melhorar a sua flu\u00eancia e dom\u00ednio da l\u00edngua. Um aspeto crucial para dominar a l\u00edngua inglesa \u00e9 compreender a [&hellip;]<\/p>\n","protected":false},"author":1,"featured_media":13598,"parent":0,"menu_order":0,"comment_status":"closed","ping_status":"closed","template":"LearningContentPage.php","meta":{"_acf_changed":false,"footnotes":""},"class_list":["post-60239","page","type-page","status-publish","has-post-thumbnail","hentry"],"acf":[],"yoast_head":"<!-- This site is optimized with the Yoast SEO Premium plugin v27.2 (Yoast SEO v27.2) - https:\/\/yoast.com\/product\/yoast-seo-premium-wordpress\/ -->\n<title>Gram\u00e1tica inglesa - Talkpal<\/title>\n<meta name=\"description\" content=\"Melhora as tuas compet\u00eancias gramaticais em ingl\u00eas sem esfor\u00e7o com a aplica\u00e7\u00e3o de aprendizagem de l\u00ednguas com IA da Talkpala aplica\u00e7\u00e3o de aprendizagem de l\u00ednguas com tecnologia de IA.\" \/>\n<meta name=\"robots\" content=\"index, follow, max-snippet:-1, max-image-preview:large, max-video-preview:-1\" \/>\n<link rel=\"canonical\" href=\"https:\/\/talkpal.ai\/pt-pt\/gramatica-inglesa\/\" \/>\n<meta property=\"og:locale\" content=\"pt_PT\" \/>\n<meta property=\"og:type\" content=\"article\" \/>\n<meta property=\"og:title\" content=\"Gram\u00e1tica inglesa\" \/>\n<meta property=\"og:description\" content=\"A import\u00e2ncia da gram\u00e1tica inglesa: um guia para dominar as regras e os princ\u00edpios Sendo o ingl\u00eas uma das l\u00ednguas mais faladas em todo o mundo, n\u00e3o \u00e9 de\" \/>\n<meta property=\"og:url\" content=\"https:\/\/talkpal.ai\/pt-pt\/gramatica-inglesa\/\" \/>\n<meta property=\"og:site_name\" content=\"Talkpal\" \/>\n<meta property=\"article:publisher\" content=\"https:\/\/www.facebook.com\/profile.php?id=100090733639311\" \/>\n<meta property=\"article:modified_time\" content=\"2025-05-22T19:26:29+00:00\" \/>\n<meta property=\"og:image\" content=\"https:\/\/talkpal.ai\/wp-content\/uploads\/2023\/03\/united-kingdom.png\" \/>\n\t<meta property=\"og:image:width\" content=\"512\" \/>\n\t<meta property=\"og:image:height\" content=\"512\" \/>\n\t<meta property=\"og:image:type\" content=\"image\/png\" \/>\n<meta name=\"twitter:card\" content=\"summary_large_image\" \/>\n<meta name=\"twitter:site\" content=\"@talkpalai\" \/>\n<meta name=\"twitter:label1\" content=\"Tempo estimado de leitura\" \/>\n\t<meta name=\"twitter:data1\" content=\"4 minutos\" \/>\n<script type=\"application\/ld+json\" class=\"yoast-schema-graph\">{\"@context\":\"https:\/\/schema.org\",\"@graph\":[{\"@type\":\"WebPage\",\"@id\":\"https:\/\/talkpal.ai\/pt-pt\/gramatica-inglesa\/\",\"url\":\"https:\/\/talkpal.ai\/pt-pt\/gramatica-inglesa\/\",\"name\":\"Gram\u00e1tica inglesa - Talkpal\",\"isPartOf\":{\"@id\":\"https:\/\/talkpal.ai\/pt-pt\/#website\"},\"primaryImageOfPage\":{\"@id\":\"https:\/\/talkpal.ai\/pt-pt\/gramatica-inglesa\/#primaryimage\"},\"image\":{\"@id\":\"https:\/\/talkpal.ai\/pt-pt\/gramatica-inglesa\/#primaryimage\"},\"thumbnailUrl\":\"https:\/\/talkpal.ai\/wp-content\/uploads\/2023\/03\/united-kingdom.png\",\"datePublished\":\"2023-03-25T16:57:06+00:00\",\"dateModified\":\"2025-05-22T19:26:29+00:00\",\"description\":\"Melhora as tuas compet\u00eancias gramaticais em ingl\u00eas sem esfor\u00e7o com a aplica\u00e7\u00e3o de aprendizagem de l\u00ednguas com IA da Talkpala aplica\u00e7\u00e3o de aprendizagem de l\u00ednguas com tecnologia de IA.\",\"breadcrumb\":{\"@id\":\"https:\/\/talkpal.ai\/pt-pt\/gramatica-inglesa\/#breadcrumb\"},\"inLanguage\":\"pt-PT\",\"potentialAction\":[{\"@type\":\"ReadAction\",\"target\":[\"https:\/\/talkpal.ai\/pt-pt\/gramatica-inglesa\/\"]}]},{\"@type\":\"ImageObject\",\"inLanguage\":\"pt-PT\",\"@id\":\"https:\/\/talkpal.ai\/pt-pt\/gramatica-inglesa\/#primaryimage\",\"url\":\"https:\/\/talkpal.ai\/wp-content\/uploads\/2023\/03\/united-kingdom.png\",\"contentUrl\":\"https:\/\/talkpal.ai\/wp-content\/uploads\/2023\/03\/united-kingdom.png\",\"width\":512,\"height\":512,\"caption\":\"TalkPal AI learn English\"},{\"@type\":\"BreadcrumbList\",\"@id\":\"https:\/\/talkpal.ai\/pt-pt\/gramatica-inglesa\/#breadcrumb\",\"itemListElement\":[{\"@type\":\"ListItem\",\"position\":1,\"name\":\"Homepage\",\"item\":\"https:\/\/talkpal.ai\/pt-pt\/\"},{\"@type\":\"ListItem\",\"position\":2,\"name\":\"Gram\u00e1tica inglesa\"}]},{\"@type\":\"WebSite\",\"@id\":\"https:\/\/talkpal.ai\/pt-pt\/#website\",\"url\":\"https:\/\/talkpal.ai\/pt-pt\/\",\"name\":\"Talkpal\",\"description\":\"AI Language Learning\",\"publisher\":{\"@id\":\"https:\/\/talkpal.ai\/pt-pt\/#organization\"},\"alternateName\":\"Talkpal AI\",\"potentialAction\":[{\"@type\":\"SearchAction\",\"target\":{\"@type\":\"EntryPoint\",\"urlTemplate\":\"https:\/\/talkpal.ai\/pt-pt\/?s={search_term_string}\"},\"query-input\":{\"@type\":\"PropertyValueSpecification\",\"valueRequired\":true,\"valueName\":\"search_term_string\"}}],\"inLanguage\":\"pt-PT\"},{\"@type\":\"Organization\",\"@id\":\"https:\/\/talkpal.ai\/pt-pt\/#organization\",\"name\":\"Talkpal, Inc.\",\"alternateName\":\"Talkpal AI\",\"url\":\"https:\/\/talkpal.ai\/pt-pt\/\",\"logo\":{\"@type\":\"ImageObject\",\"inLanguage\":\"pt-PT\",\"@id\":\"https:\/\/talkpal.ai\/pt-pt\/#\/schema\/logo\/image\/\",\"url\":\"https:\/\/talkpal.ai\/wp-content\/uploads\/2024\/03\/Talkpal-Logo-Icon.png\",\"contentUrl\":\"https:\/\/talkpal.ai\/wp-content\/uploads\/2024\/03\/Talkpal-Logo-Icon.png\",\"width\":2880,\"height\":2880,\"caption\":\"Talkpal, Inc.\"},\"image\":{\"@id\":\"https:\/\/talkpal.ai\/pt-pt\/#\/schema\/logo\/image\/\"},\"sameAs\":[\"https:\/\/www.facebook.com\/profile.php?id=100090733639311\",\"https:\/\/x.com\/talkpalai\",\"https:\/\/www.linkedin.com\/company\/talkpal\/\",\"https:\/\/www.youtube.com\/@TalkPal\/\",\"https:\/\/www.tiktok.com\/@talkpal\",\"https:\/\/www.instagram.com\/talkpal_ai\/\",\"https:\/\/www.crunchbase.com\/organization\/talkpal-9cde\",\"https:\/\/www.g2.com\/products\/talkpal-for-business\/\",\"https:\/\/www.trustpilot.com\/review\/talkpal.ai\",\"https:\/\/www.capterra.com\/p\/10006800\/TalkPal\/\"],\"description\":\"Talkpal is a language learning web and mobile education app, powered by the latest AI technologies, that provides engaging experiences to its customers in many different languages to help them improve their language skills. Users can chat about unlimited amount of topics with the app and use other modes to practice their language learning.\",\"email\":\"support@talkpal.ai\",\"legalName\":\"Talkpal, Inc.\",\"foundingDate\":\"2023-04-03\",\"duns\":\"118989042\",\"numberOfEmployees\":{\"@type\":\"QuantitativeValue\",\"minValue\":\"11\",\"maxValue\":\"50\"},\"publishingPrinciples\":\"https:\/\/talkpal.ai\/publishing-principles\/\",\"actionableFeedbackPolicy\":\"https:\/\/talkpal.ai\/actionable-feedback-policy\/\",\"correctionsPolicy\":\"https:\/\/talkpal.ai\/corrections-policy\/\",\"ethicsPolicy\":\"https:\/\/talkpal.ai\/ethics-policy\/\",\"diversityPolicy\":\"https:\/\/talkpal.ai\/diversity-policy\/\",\"diversityStaffingReport\":\"https:\/\/talkpal.ai\/diversity-policy\/\"}]}<\/script>\n<!-- \/ Yoast SEO Premium plugin. -->","yoast_head_json":{"title":"Gram\u00e1tica inglesa - Talkpal","description":"Melhora as tuas compet\u00eancias gramaticais em ingl\u00eas sem esfor\u00e7o com a aplica\u00e7\u00e3o de aprendizagem de l\u00ednguas com IA da Talkpala aplica\u00e7\u00e3o de aprendizagem de l\u00ednguas com tecnologia de IA.","robots":{"index":"index","follow":"follow","max-snippet":"max-snippet:-1","max-image-preview":"max-image-preview:large","max-video-preview":"max-video-preview:-1"},"canonical":"https:\/\/talkpal.ai\/pt-pt\/gramatica-inglesa\/","og_locale":"pt_PT","og_type":"article","og_title":"Gram\u00e1tica inglesa","og_description":"A import\u00e2ncia da gram\u00e1tica inglesa: um guia para dominar as regras e os princ\u00edpios Sendo o ingl\u00eas uma das l\u00ednguas mais faladas em todo o mundo, n\u00e3o \u00e9 de","og_url":"https:\/\/talkpal.ai\/pt-pt\/gramatica-inglesa\/","og_site_name":"Talkpal","article_publisher":"https:\/\/www.facebook.com\/profile.php?id=100090733639311","article_modified_time":"2025-05-22T19:26:29+00:00","og_image":[{"width":512,"height":512,"url":"https:\/\/talkpal.ai\/wp-content\/uploads\/2023\/03\/united-kingdom.png","type":"image\/png"}],"twitter_card":"summary_large_image","twitter_site":"@talkpalai","twitter_misc":{"Tempo estimado de leitura":"4 minutos"},"schema":{"@context":"https:\/\/schema.org","@graph":[{"@type":"WebPage","@id":"https:\/\/talkpal.ai\/pt-pt\/gramatica-inglesa\/","url":"https:\/\/talkpal.ai\/pt-pt\/gramatica-inglesa\/","name":"Gram\u00e1tica inglesa - Talkpal","isPartOf":{"@id":"https:\/\/talkpal.ai\/pt-pt\/#website"},"primaryImageOfPage":{"@id":"https:\/\/talkpal.ai\/pt-pt\/gramatica-inglesa\/#primaryimage"},"image":{"@id":"https:\/\/talkpal.ai\/pt-pt\/gramatica-inglesa\/#primaryimage"},"thumbnailUrl":"https:\/\/talkpal.ai\/wp-content\/uploads\/2023\/03\/united-kingdom.png","datePublished":"2023-03-25T16:57:06+00:00","dateModified":"2025-05-22T19:26:29+00:00","description":"Melhora as tuas compet\u00eancias gramaticais em ingl\u00eas sem esfor\u00e7o com a aplica\u00e7\u00e3o de aprendizagem de l\u00ednguas com IA da Talkpala aplica\u00e7\u00e3o de aprendizagem de l\u00ednguas com tecnologia de IA.","breadcrumb":{"@id":"https:\/\/talkpal.ai\/pt-pt\/gramatica-inglesa\/#breadcrumb"},"inLanguage":"pt-PT","potentialAction":[{"@type":"ReadAction","target":["https:\/\/talkpal.ai\/pt-pt\/gramatica-inglesa\/"]}]},{"@type":"ImageObject","inLanguage":"pt-PT","@id":"https:\/\/talkpal.ai\/pt-pt\/gramatica-inglesa\/#primaryimage","url":"https:\/\/talkpal.ai\/wp-content\/uploads\/2023\/03\/united-kingdom.png","contentUrl":"https:\/\/talkpal.ai\/wp-content\/uploads\/2023\/03\/united-kingdom.png","width":512,"height":512,"caption":"TalkPal AI learn English"},{"@type":"BreadcrumbList","@id":"https:\/\/talkpal.ai\/pt-pt\/gramatica-inglesa\/#breadcrumb","itemListElement":[{"@type":"ListItem","position":1,"name":"Homepage","item":"https:\/\/talkpal.ai\/pt-pt\/"},{"@type":"ListItem","position":2,"name":"Gram\u00e1tica inglesa"}]},{"@type":"WebSite","@id":"https:\/\/talkpal.ai\/pt-pt\/#website","url":"https:\/\/talkpal.ai\/pt-pt\/","name":"Talkpal","description":"AI Language Learning","publisher":{"@id":"https:\/\/talkpal.ai\/pt-pt\/#organization"},"alternateName":"Talkpal AI","potentialAction":[{"@type":"SearchAction","target":{"@type":"EntryPoint","urlTemplate":"https:\/\/talkpal.ai\/pt-pt\/?s={search_term_string}"},"query-input":{"@type":"PropertyValueSpecification","valueRequired":true,"valueName":"search_term_string"}}],"inLanguage":"pt-PT"},{"@type":"Organization","@id":"https:\/\/talkpal.ai\/pt-pt\/#organization","name":"Talkpal, Inc.","alternateName":"Talkpal AI","url":"https:\/\/talkpal.ai\/pt-pt\/","logo":{"@type":"ImageObject","inLanguage":"pt-PT","@id":"https:\/\/talkpal.ai\/pt-pt\/#\/schema\/logo\/image\/","url":"https:\/\/talkpal.ai\/wp-content\/uploads\/2024\/03\/Talkpal-Logo-Icon.png","contentUrl":"https:\/\/talkpal.ai\/wp-content\/uploads\/2024\/03\/Talkpal-Logo-Icon.png","width":2880,"height":2880,"caption":"Talkpal, Inc."},"image":{"@id":"https:\/\/talkpal.ai\/pt-pt\/#\/schema\/logo\/image\/"},"sameAs":["https:\/\/www.facebook.com\/profile.php?id=100090733639311","https:\/\/x.com\/talkpalai","https:\/\/www.linkedin.com\/company\/talkpal\/","https:\/\/www.youtube.com\/@TalkPal\/","https:\/\/www.tiktok.com\/@talkpal","https:\/\/www.instagram.com\/talkpal_ai\/","https:\/\/www.crunchbase.com\/organization\/talkpal-9cde","https:\/\/www.g2.com\/products\/talkpal-for-business\/","https:\/\/www.trustpilot.com\/review\/talkpal.ai","https:\/\/www.capterra.com\/p\/10006800\/TalkPal\/"],"description":"Talkpal is a language learning web and mobile education app, powered by the latest AI technologies, that provides engaging experiences to its customers in many different languages to help them improve their language skills. Users can chat about unlimited amount of topics with the app and use other modes to practice their language learning.","email":"support@talkpal.ai","legalName":"Talkpal, Inc.","foundingDate":"2023-04-03","duns":"118989042","numberOfEmployees":{"@type":"QuantitativeValue","minValue":"11","maxValue":"50"},"publishingPrinciples":"https:\/\/talkpal.ai\/publishing-principles\/","actionableFeedbackPolicy":"https:\/\/talkpal.ai\/actionable-feedback-policy\/","correctionsPolicy":"https:\/\/talkpal.ai\/corrections-policy\/","ethicsPolicy":"https:\/\/talkpal.ai\/ethics-policy\/","diversityPolicy":"https:\/\/talkpal.ai\/diversity-policy\/","diversityStaffingReport":"https:\/\/talkpal.ai\/diversity-policy\/"}]}},"_links":{"self":[{"href":"https:\/\/talkpal.ai\/pt-pt\/wp-json\/wp\/v2\/pages\/60239","targetHints":{"allow":["GET"]}}],"collection":[{"href":"https:\/\/talkpal.ai\/pt-pt\/wp-json\/wp\/v2\/pages"}],"about":[{"href":"https:\/\/talkpal.ai\/pt-pt\/wp-json\/wp\/v2\/types\/page"}],"author":[{"embeddable":true,"href":"https:\/\/talkpal.ai\/pt-pt\/wp-json\/wp\/v2\/users\/1"}],"replies":[{"embeddable":true,"href":"https:\/\/talkpal.ai\/pt-pt\/wp-json\/wp\/v2\/comments?post=60239"}],"version-history":[{"count":0,"href":"https:\/\/talkpal.ai\/pt-pt\/wp-json\/wp\/v2\/pages\/60239\/revisions"}],"wp:featuredmedia":[{"embeddable":true,"href":"https:\/\/talkpal.ai\/pt-pt\/wp-json\/wp\/v2\/media\/13598"}],"wp:attachment":[{"href":"https:\/\/talkpal.ai\/pt-pt\/wp-json\/wp\/v2\/media?parent=60239"}],"curies":[{"name":"wp","href":"https:\/\/api.w.org\/{rel}","templated":true}]}}