{"id":166752,"date":"2023-04-03T14:56:00","date_gmt":"2023-04-03T14:56:00","guid":{"rendered":"http:\/\/talkpal.ai\/sobre\/"},"modified":"2026-03-06T16:39:43","modified_gmt":"2026-03-06T16:39:43","slug":"sobre","status":"publish","type":"page","link":"https:\/\/talkpal.ai\/pt-pt\/sobre\/","title":{"rendered":"Sobre"},"content":{"rendered":"\n<p id=\"h-\">A <a href=\"https:\/\/talkpal.ai\/ko\/ai-%ec%96%b8%ec%96%b4-%ea%b5%90%ec%82%ac\/\">Talkpal<\/a>, Inc. \u00e9 uma empresa de <a href=\"https:\/\/talkpal.ai\/pt-pt\/beneficios-da-aprendizagem-de-linguas-para-o-desenvolvimento-cognitivo\/\">aprendizagem de l\u00ednguas<\/a> com base em IA, cuja miss\u00e3o \u00e9 tornar a aprendizagem de qualquer l\u00edngua acess\u00edvel a todos, em todo o lado. A Talkpal desenvolve uma das plataformas de <a href=\"https:\/\/talkpal.ai\/home\/\">tutor de idiomas<\/a> com IA mais avan\u00e7adas do mundo, ajudando milh\u00f5es de alunos a praticar conversas reais com confian\u00e7a.<\/p>\n\n<p>Fundada em 2023, a Talkpal foi constru\u00edda com base numa cren\u00e7a simples mas poderosa: a aprendizagem de l\u00ednguas n\u00e3o deve ser um privil\u00e9gio e deve ser acess\u00edvel a todos. Ao combinar <a href=\"https:\/\/talkpal.ai\/culture\/how-do-i-talk-about-artificial-intelligence-in-portuguese\/\">intelig\u00eancia artificial<\/a> de ponta com experi\u00eancia e pesquisa lingu\u00edstica, a Talkpal elimina as <a href=\"https:\/\/talkpal.ai\/locations\/language-courses-in-barreiras\/\">barreiras<\/a> tradicionais, <a href=\"https:\/\/talkpal.ai\/locations\/language-courses-in-como\/\">como<\/a> custo, tempo e medo de falar, substituindo-as por uma pr\u00e1tica personalizada e sem press\u00e3o, dispon\u00edvel em v\u00e1rias plataformas 24 horas por dia, 7 dias por semana.<\/p>\n\n<p>Atualmente, a Talkpal suporta mais de 80 idiomas, serve milh\u00f5es de alunos em mais de 180 pa\u00edses e est\u00e1 dispon\u00edvel na Web, <a href=\"https:\/\/talkpal.ai\/es\/descargar-la-aplicacion-talkpal-para-android-e-ios\/\">iOS<\/a> e <a href=\"https:\/\/talkpal.ai\/es\/descargar-la-aplicacion-talkpal-para-android-e-ios\/\">Android<\/a>.<\/p>\n\n<h2 class=\"wp-block-heading\" id=\"h-our-mission\">A nossa miss\u00e3o<\/h2>\n\n<p>A nossa miss\u00e3o \u00e9 revolucionar a aprendizagem de l\u00ednguas, proporcionando uma experi\u00eancia de tutoria de l\u00ednguas envolvente, interactiva e personalizada, baseada em IA.<br\/><br\/>N\u00f3s nos esfor\u00e7amos para quebrar as barreiras lingu\u00edsticas, promover conex\u00f5es globais e cultivar uma comunidade de alunos apaixonados, capacitando-os a se comunicar com confian\u00e7a e flu\u00eancia no idioma escolhido.<\/p>\n\n<h2 class=\"wp-block-heading\" id=\"h-our-vision\">A nossa vis\u00e3o<\/h2>\n\n<p>A nossa vis\u00e3o \u00e9 tornarmo-nos o principal tutor de l\u00ednguas com IA do mundo, transformando a forma como as pessoas aprendem l\u00ednguas atrav\u00e9s de conversas imersivas e orientadas para o contexto e de tecnologia de aprendizagem adaptativa.<br\/><br\/>Nosso objetivo \u00e9 inspirar e nutrir o amor pelo aprendizado de idiomas, incentivando o interc\u00e2mbio cultural e preenchendo a lacuna de comunica\u00e7\u00e3o al\u00e9m das fronteiras, moldando um mundo mais conectado e compreensivo.<\/p>\n\n<h2 class=\"wp-block-heading\" id=\"h-our-story\">Nossa Hist\u00f3ria<\/h2>\n\n<p>A Talkpal foi fundada por David Gegechkori (na foto \u00e0 esquerda) e Dimitri Dekanozishvili (na foto \u00e0 direita), motivados por uma frustra\u00e7\u00e3o partilhada com os m\u00e9todos tradicionais de aprendizagem de l\u00ednguas que, muitas vezes, n\u00e3o preparam os alunos para falar no mundo real.<\/p>\n\n<div class=\"wp-block-columns is-layout-flex wp-container-core-columns-is-layout-9d6595d7 wp-block-columns-is-layout-flex\">\n<div class=\"wp-block-column is-layout-flow wp-block-column-is-layout-flow\" style=\"flex-basis:50%\"><div class=\"wp-block-image\">\n<figure class=\"alignleft size-large\"><img decoding=\"async\" width=\"1024\" height=\"683\" src=\"https:\/\/talkpal.ai\/wp-content\/uploads\/2025\/12\/Talkpal-Entrepreneur-1024x683.jpg\" alt=\"\" class=\"wp-image-1557444\" style=\"aspect-ratio:1.4992888417882142\" srcset=\"https:\/\/talkpal.ai\/wp-content\/uploads\/2025\/12\/Talkpal-Entrepreneur-1024x683.jpg 1024w, https:\/\/talkpal.ai\/wp-content\/uploads\/2025\/12\/Talkpal-Entrepreneur-300x200.jpg 300w, https:\/\/talkpal.ai\/wp-content\/uploads\/2025\/12\/Talkpal-Entrepreneur-768x512.jpg 768w, https:\/\/talkpal.ai\/wp-content\/uploads\/2025\/12\/Talkpal-Entrepreneur.jpg 1344w\" sizes=\"(max-width: 1024px) 100vw, 1024px\" \/><\/figure>\n<\/div><\/div>\n\n\n\n<div class=\"wp-block-column is-layout-flow wp-block-column-is-layout-flow\" style=\"flex-basis:50%\">\n<p>Desde o in\u00edcio, o objetivo era claro: construir um companheiro de linguagem de IA que se parecesse menos com um livro de texto e mais com um parceiro de conversa\u00e7\u00e3o. O nome &#8220;Talkpal&#8221; reflecte esta filosofia &#8211; um companheiro amig\u00e1vel e sempre dispon\u00edvel que incentiva os alunos a praticar a fala sem receio de julgamento.<\/p>\n\n\n\n<p>Come\u00e7ando como um produto baseado na Web, a Talkpal expandiu-se rapidamente para plataformas m\u00f3veis, reunindo uma equipa global de engenheiros de IA, linguistas, educadores, profissionais de marketing e designers de produtos. Atrav\u00e9s da itera\u00e7\u00e3o cont\u00ednua, da pesquisa e do feedback dos utilizadores, a Talkpal evoluiu para uma plataforma abrangente de aprendizagem de l\u00ednguas com IA em que milh\u00f5es de pessoas em todo o mundo confiam.<\/p>\n<\/div>\n<\/div>\n\n<h2 class=\"wp-block-heading\" id=\"h-what-we-do\">O que fazemos<\/h2>\n\n<p>A Talkpal fornece experi\u00eancias de aprendizagem de texto e voz com base em IA, concebidas para simular a intera\u00e7\u00e3o humana real. A nossa plataforma adapta-se dinamicamente ao n\u00edvel, objectivos e estilo de aprendizagem de cada aluno.<\/p>\n\n<p>As principais capacidades incluem:<\/p>\n\n<ul class=\"wp-block-list\">\n<li>Conversas naturais com IA para praticar a fala<\/li>\n\n\n\n<li>Feedback em tempo real sobre a pron\u00fancia, a gram\u00e1tica e a flu\u00eancia<\/li>\n\n\n\n<li>Apoio para alunos principiantes e avan\u00e7ados<\/li>\n\n\n\n<li>Li\u00e7\u00f5es em mais de 80 idiomas globais, incluindo ingl\u00eas, espanhol, alem\u00e3o, franc\u00eas, italiano, japon\u00eas, chin\u00eas, coreano, \u00e1rabe, holand\u00eas, portugu\u00eas, sueco, hebraico, grego, turco, finland\u00eas e afric\u00e2ner, alban\u00eas, arm\u00e9nio, assam\u00eas, azerbaijano, basco, bielorrusso, bengali, b\u00f3snio, b\u00falgaro, birman\u00eas, canton\u00eas, catal\u00e3o, croata, checo, dinamarqu\u00eas, est\u00f3nio, galego, georgiano, gujarati, hindi, h\u00fangaro, island\u00eas, indon\u00e9sio, irland\u00eas, javan\u00eas, canadiano, cazaque, khmer, laociano, let\u00e3o, lituano, maced\u00f3nio, malaio, malaiala, malt\u00eas, maori, marata, mongol, nepal\u00eas, noruegu\u00eas, odia, Pashto, persa, polaco, punjabi, romeno, russo, s\u00e9rvio, cingal\u00eas, eslovaco, esloveno, somali, sua\u00edli, tagalo, t\u00e2mil, telugu, tailand\u00eas, ucraniano, urdu, uzbeque, vietnamita, gal\u00eas, zulu e muito mais<\/li>\n\n\n\n<li>Um modelo freemium com planos de subscri\u00e7\u00e3o flex\u00edveis<\/li>\n\n\n\n<li>Solu\u00e7\u00f5es empresariais dedicadas para universidades, escolas de l\u00ednguas, empresas e outras organiza\u00e7\u00f5es<\/li>\n<\/ul>\n\n<p>Os nossos conte\u00fados e sistemas s\u00e3o desenvolvidos em colabora\u00e7\u00e3o com especialistas em l\u00ednguas e investigadores de IA, garantindo a solidez pedag\u00f3gica e a excel\u00eancia t\u00e9cnica.<\/p>\n\n<h2 class=\"wp-block-heading\" id=\"h-research-backed-learning\">Aprendizagem com base na investiga\u00e7\u00e3o<\/h2>\n\n<p>A efic\u00e1cia do Talkpal foi examinada em v\u00e1rios estudos acad\u00e9micos, particularmente em contextos de ESL e EFL. A investiga\u00e7\u00e3o demonstrou melhorias estatisticamente significativas na flu\u00eancia da fala, pron\u00fancia, gram\u00e1tica e confian\u00e7a dos alunos quando utilizam ferramentas de conversa\u00e7\u00e3o baseadas em IA como o Talkpal.<\/p>\n\n<p>Esta abordagem orientada para a investiga\u00e7\u00e3o sustenta o nosso compromisso de criar n\u00e3o s\u00f3 tecnologia inovadora, mas tamb\u00e9m experi\u00eancias de aprendizagem de l\u00ednguas mensur\u00e1veis e eficazes.<\/p>\n\n<h2 class=\"wp-block-heading\" id=\"h-trusted-by-learners-worldwide\">Confiado por alunos de todo o mundo<\/h2>\n\n<p>A Talkpal tem a confian\u00e7a de milh\u00f5es de utilizadores em todo o mundo e recebe consistentemente fortes classifica\u00e7\u00f5es nas lojas de aplica\u00e7\u00f5es e plataformas de avalia\u00e7\u00e3o. Os alunos destacam frequentemente:<\/p>\n\n<ul class=\"wp-block-list\">\n<li>O ambiente sem press\u00f5es para praticar a oralidade<\/li>\n\n\n\n<li>Feedback imediato e acion\u00e1vel<\/li>\n\n\n\n<li>Flexibilidade para aprender a qualquer hora e em qualquer lugar<\/li>\n\n\n\n<li>A capacidade de praticar sem precisar de um parceiro lingu\u00edstico humano<\/li>\n<\/ul>\n\n<h2 class=\"wp-block-heading\" id=\"h-our-commitment\">O nosso compromisso<\/h2>\n\n<p>Na Talkpal, estamos empenhados em:<\/p>\n\n<ul class=\"wp-block-list\">\n<li><strong>Inova\u00e7\u00e3o<\/strong> &#8211; avan\u00e7o cont\u00ednuo na IA e na tecnologia da educa\u00e7\u00e3o<\/li>\n\n\n\n<li><strong>Qualidade<\/strong> &#8211; experi\u00eancias de aprendizagem baseadas na investiga\u00e7\u00e3o<\/li>\n\n\n\n<li><strong>Acessibilidade<\/strong> &#8211; aprendizagem de l\u00ednguas acess\u00edvel e inclusiva para todos<\/li>\n\n\n\n<li><strong>Impacto global<\/strong> &#8211; potenciar a comunica\u00e7\u00e3o entre culturas<\/li>\n<\/ul>\n\n<p>Acreditamos que a linguagem tem o poder de mudar vidas &#8211; e com a IA, esse poder pode chegar a toda a gente.<\/p>\n\n<p><\/p>\n","protected":false},"excerpt":{"rendered":"<p>A Talkpal, Inc. \u00e9 uma empresa de aprendizagem de l\u00ednguas com base em IA, cuja miss\u00e3o \u00e9 tornar a aprendizagem de qualquer l\u00edngua acess\u00edvel a todos, em todo o lado. A Talkpal desenvolve uma das plataformas de tutor de idiomas com IA mais avan\u00e7adas do mundo, ajudando milh\u00f5es de alunos a praticar conversas reais com [&hellip;]<\/p>\n","protected":false},"author":1,"featured_media":197975,"parent":0,"menu_order":0,"comment_status":"closed","ping_status":"closed","template":"","meta":{"_acf_changed":false,"footnotes":""},"class_list":["post-166752","page","type-page","status-publish","has-post-thumbnail","hentry"],"acf":[],"yoast_head":"<!-- This site is optimized with the Yoast SEO Premium plugin v27.2 (Yoast SEO v27.2) - https:\/\/yoast.com\/product\/yoast-seo-premium-wordpress\/ -->\n<title>Sobre - Talkpal<\/title>\n<meta name=\"description\" content=\"Talkpal \u00e9 um tutor de idiomas baseado em IA com GPT, fundado com a cren\u00e7a de que o aprendizado de idiomas deve ser acess\u00edvel a todos.\" \/>\n<meta name=\"robots\" content=\"index, follow, max-snippet:-1, max-image-preview:large, max-video-preview:-1\" \/>\n<link rel=\"canonical\" href=\"https:\/\/talkpal.ai\/pt-pt\/sobre\/\" \/>\n<meta property=\"og:locale\" content=\"pt_PT\" \/>\n<meta property=\"og:type\" content=\"article\" \/>\n<meta property=\"og:title\" content=\"Sobre\" \/>\n<meta property=\"og:description\" content=\"A Talkpal, Inc. \u00e9 uma empresa de aprendizagem de l\u00ednguas com base em IA, cuja miss\u00e3o \u00e9 tornar a aprendizagem de qualquer l\u00edngua acess\u00edvel a todos, em todo\" \/>\n<meta property=\"og:url\" content=\"https:\/\/talkpal.ai\/pt-pt\/sobre\/\" \/>\n<meta property=\"og:site_name\" content=\"Talkpal\" \/>\n<meta property=\"article:publisher\" content=\"https:\/\/www.facebook.com\/profile.php?id=100090733639311\" \/>\n<meta property=\"article:modified_time\" content=\"2026-03-06T16:39:43+00:00\" \/>\n<meta property=\"og:image\" content=\"https:\/\/talkpal.ai\/wp-content\/uploads\/2024\/03\/Talkpal-Logo-Icon.png\" \/>\n\t<meta property=\"og:image:width\" content=\"5000\" \/>\n\t<meta property=\"og:image:height\" content=\"5000\" \/>\n\t<meta property=\"og:image:type\" content=\"image\/png\" \/>\n<meta name=\"twitter:card\" content=\"summary_large_image\" \/>\n<meta name=\"twitter:site\" content=\"@talkpalai\" \/>\n<meta name=\"twitter:label1\" content=\"Tempo estimado de leitura\" \/>\n\t<meta name=\"twitter:data1\" content=\"5 minutos\" \/>\n<script type=\"application\/ld+json\" class=\"yoast-schema-graph\">{\"@context\":\"https:\/\/schema.org\",\"@graph\":[{\"@type\":\"WebPage\",\"@id\":\"https:\/\/talkpal.ai\/pt-pt\/sobre\/\",\"url\":\"https:\/\/talkpal.ai\/pt-pt\/sobre\/\",\"name\":\"Sobre - Talkpal\",\"isPartOf\":{\"@id\":\"https:\/\/talkpal.ai\/pt-pt\/#website\"},\"primaryImageOfPage\":{\"@id\":\"https:\/\/talkpal.ai\/pt-pt\/sobre\/#primaryimage\"},\"image\":{\"@id\":\"https:\/\/talkpal.ai\/pt-pt\/sobre\/#primaryimage\"},\"thumbnailUrl\":\"https:\/\/talkpal.ai\/wp-content\/uploads\/2024\/03\/Talkpal-Logo-Icon.png\",\"datePublished\":\"2023-04-03T14:56:00+00:00\",\"dateModified\":\"2026-03-06T16:39:43+00:00\",\"description\":\"Talkpal \u00e9 um tutor de idiomas baseado em IA com GPT, fundado com a cren\u00e7a de que o aprendizado de idiomas deve ser acess\u00edvel a todos.\",\"breadcrumb\":{\"@id\":\"https:\/\/talkpal.ai\/pt-pt\/sobre\/#breadcrumb\"},\"inLanguage\":\"pt-PT\",\"potentialAction\":[{\"@type\":\"ReadAction\",\"target\":[\"https:\/\/talkpal.ai\/pt-pt\/sobre\/\"]}]},{\"@type\":\"ImageObject\",\"inLanguage\":\"pt-PT\",\"@id\":\"https:\/\/talkpal.ai\/pt-pt\/sobre\/#primaryimage\",\"url\":\"https:\/\/talkpal.ai\/wp-content\/uploads\/2024\/03\/Talkpal-Logo-Icon.png\",\"contentUrl\":\"https:\/\/talkpal.ai\/wp-content\/uploads\/2024\/03\/Talkpal-Logo-Icon.png\",\"width\":5000,\"height\":5000,\"caption\":\"Logo do talkpal\"},{\"@type\":\"BreadcrumbList\",\"@id\":\"https:\/\/talkpal.ai\/pt-pt\/sobre\/#breadcrumb\",\"itemListElement\":[{\"@type\":\"ListItem\",\"position\":1,\"name\":\"Homepage\",\"item\":\"https:\/\/talkpal.ai\/pt-pt\/\"},{\"@type\":\"ListItem\",\"position\":2,\"name\":\"Sobre\"}]},{\"@type\":\"WebSite\",\"@id\":\"https:\/\/talkpal.ai\/pt-pt\/#website\",\"url\":\"https:\/\/talkpal.ai\/pt-pt\/\",\"name\":\"Talkpal\",\"description\":\"AI Language Learning\",\"publisher\":{\"@id\":\"https:\/\/talkpal.ai\/pt-pt\/#organization\"},\"alternateName\":\"Talkpal AI\",\"potentialAction\":[{\"@type\":\"SearchAction\",\"target\":{\"@type\":\"EntryPoint\",\"urlTemplate\":\"https:\/\/talkpal.ai\/pt-pt\/?s={search_term_string}\"},\"query-input\":{\"@type\":\"PropertyValueSpecification\",\"valueRequired\":true,\"valueName\":\"search_term_string\"}}],\"inLanguage\":\"pt-PT\"},{\"@type\":\"Organization\",\"@id\":\"https:\/\/talkpal.ai\/pt-pt\/#organization\",\"name\":\"Talkpal, Inc.\",\"alternateName\":\"Talkpal AI\",\"url\":\"https:\/\/talkpal.ai\/pt-pt\/\",\"logo\":{\"@type\":\"ImageObject\",\"inLanguage\":\"pt-PT\",\"@id\":\"https:\/\/talkpal.ai\/pt-pt\/#\/schema\/logo\/image\/\",\"url\":\"https:\/\/talkpal.ai\/wp-content\/uploads\/2024\/03\/Talkpal-Logo-Icon.png\",\"contentUrl\":\"https:\/\/talkpal.ai\/wp-content\/uploads\/2024\/03\/Talkpal-Logo-Icon.png\",\"width\":2880,\"height\":2880,\"caption\":\"Talkpal, Inc.\"},\"image\":{\"@id\":\"https:\/\/talkpal.ai\/pt-pt\/#\/schema\/logo\/image\/\"},\"sameAs\":[\"https:\/\/www.facebook.com\/profile.php?id=100090733639311\",\"https:\/\/x.com\/talkpalai\",\"https:\/\/www.linkedin.com\/company\/talkpal\/\",\"https:\/\/www.youtube.com\/@TalkPal\/\",\"https:\/\/www.tiktok.com\/@talkpal\",\"https:\/\/www.instagram.com\/talkpal_ai\/\",\"https:\/\/www.crunchbase.com\/organization\/talkpal-9cde\",\"https:\/\/www.g2.com\/products\/talkpal-for-business\/\",\"https:\/\/www.trustpilot.com\/review\/talkpal.ai\",\"https:\/\/www.capterra.com\/p\/10006800\/TalkPal\/\"],\"description\":\"Talkpal is a language learning web and mobile education app, powered by the latest AI technologies, that provides engaging experiences to its customers in many different languages to help them improve their language skills. Users can chat about unlimited amount of topics with the app and use other modes to practice their language learning.\",\"email\":\"support@talkpal.ai\",\"legalName\":\"Talkpal, Inc.\",\"foundingDate\":\"2023-04-03\",\"duns\":\"118989042\",\"numberOfEmployees\":{\"@type\":\"QuantitativeValue\",\"minValue\":\"11\",\"maxValue\":\"50\"},\"publishingPrinciples\":\"https:\/\/talkpal.ai\/publishing-principles\/\",\"actionableFeedbackPolicy\":\"https:\/\/talkpal.ai\/actionable-feedback-policy\/\",\"correctionsPolicy\":\"https:\/\/talkpal.ai\/corrections-policy\/\",\"ethicsPolicy\":\"https:\/\/talkpal.ai\/ethics-policy\/\",\"diversityPolicy\":\"https:\/\/talkpal.ai\/diversity-policy\/\",\"diversityStaffingReport\":\"https:\/\/talkpal.ai\/diversity-policy\/\"}]}<\/script>\n<!-- \/ Yoast SEO Premium plugin. -->","yoast_head_json":{"title":"Sobre - Talkpal","description":"Talkpal \u00e9 um tutor de idiomas baseado em IA com GPT, fundado com a cren\u00e7a de que o aprendizado de idiomas deve ser acess\u00edvel a todos.","robots":{"index":"index","follow":"follow","max-snippet":"max-snippet:-1","max-image-preview":"max-image-preview:large","max-video-preview":"max-video-preview:-1"},"canonical":"https:\/\/talkpal.ai\/pt-pt\/sobre\/","og_locale":"pt_PT","og_type":"article","og_title":"Sobre","og_description":"A Talkpal, Inc. \u00e9 uma empresa de aprendizagem de l\u00ednguas com base em IA, cuja miss\u00e3o \u00e9 tornar a aprendizagem de qualquer l\u00edngua acess\u00edvel a todos, em todo","og_url":"https:\/\/talkpal.ai\/pt-pt\/sobre\/","og_site_name":"Talkpal","article_publisher":"https:\/\/www.facebook.com\/profile.php?id=100090733639311","article_modified_time":"2026-03-06T16:39:43+00:00","og_image":[{"width":5000,"height":5000,"url":"https:\/\/talkpal.ai\/wp-content\/uploads\/2024\/03\/Talkpal-Logo-Icon.png","type":"image\/png"}],"twitter_card":"summary_large_image","twitter_site":"@talkpalai","twitter_misc":{"Tempo estimado de leitura":"5 minutos"},"schema":{"@context":"https:\/\/schema.org","@graph":[{"@type":"WebPage","@id":"https:\/\/talkpal.ai\/pt-pt\/sobre\/","url":"https:\/\/talkpal.ai\/pt-pt\/sobre\/","name":"Sobre - Talkpal","isPartOf":{"@id":"https:\/\/talkpal.ai\/pt-pt\/#website"},"primaryImageOfPage":{"@id":"https:\/\/talkpal.ai\/pt-pt\/sobre\/#primaryimage"},"image":{"@id":"https:\/\/talkpal.ai\/pt-pt\/sobre\/#primaryimage"},"thumbnailUrl":"https:\/\/talkpal.ai\/wp-content\/uploads\/2024\/03\/Talkpal-Logo-Icon.png","datePublished":"2023-04-03T14:56:00+00:00","dateModified":"2026-03-06T16:39:43+00:00","description":"Talkpal \u00e9 um tutor de idiomas baseado em IA com GPT, fundado com a cren\u00e7a de que o aprendizado de idiomas deve ser acess\u00edvel a todos.","breadcrumb":{"@id":"https:\/\/talkpal.ai\/pt-pt\/sobre\/#breadcrumb"},"inLanguage":"pt-PT","potentialAction":[{"@type":"ReadAction","target":["https:\/\/talkpal.ai\/pt-pt\/sobre\/"]}]},{"@type":"ImageObject","inLanguage":"pt-PT","@id":"https:\/\/talkpal.ai\/pt-pt\/sobre\/#primaryimage","url":"https:\/\/talkpal.ai\/wp-content\/uploads\/2024\/03\/Talkpal-Logo-Icon.png","contentUrl":"https:\/\/talkpal.ai\/wp-content\/uploads\/2024\/03\/Talkpal-Logo-Icon.png","width":5000,"height":5000,"caption":"Logo do talkpal"},{"@type":"BreadcrumbList","@id":"https:\/\/talkpal.ai\/pt-pt\/sobre\/#breadcrumb","itemListElement":[{"@type":"ListItem","position":1,"name":"Homepage","item":"https:\/\/talkpal.ai\/pt-pt\/"},{"@type":"ListItem","position":2,"name":"Sobre"}]},{"@type":"WebSite","@id":"https:\/\/talkpal.ai\/pt-pt\/#website","url":"https:\/\/talkpal.ai\/pt-pt\/","name":"Talkpal","description":"AI Language Learning","publisher":{"@id":"https:\/\/talkpal.ai\/pt-pt\/#organization"},"alternateName":"Talkpal AI","potentialAction":[{"@type":"SearchAction","target":{"@type":"EntryPoint","urlTemplate":"https:\/\/talkpal.ai\/pt-pt\/?s={search_term_string}"},"query-input":{"@type":"PropertyValueSpecification","valueRequired":true,"valueName":"search_term_string"}}],"inLanguage":"pt-PT"},{"@type":"Organization","@id":"https:\/\/talkpal.ai\/pt-pt\/#organization","name":"Talkpal, Inc.","alternateName":"Talkpal AI","url":"https:\/\/talkpal.ai\/pt-pt\/","logo":{"@type":"ImageObject","inLanguage":"pt-PT","@id":"https:\/\/talkpal.ai\/pt-pt\/#\/schema\/logo\/image\/","url":"https:\/\/talkpal.ai\/wp-content\/uploads\/2024\/03\/Talkpal-Logo-Icon.png","contentUrl":"https:\/\/talkpal.ai\/wp-content\/uploads\/2024\/03\/Talkpal-Logo-Icon.png","width":2880,"height":2880,"caption":"Talkpal, Inc."},"image":{"@id":"https:\/\/talkpal.ai\/pt-pt\/#\/schema\/logo\/image\/"},"sameAs":["https:\/\/www.facebook.com\/profile.php?id=100090733639311","https:\/\/x.com\/talkpalai","https:\/\/www.linkedin.com\/company\/talkpal\/","https:\/\/www.youtube.com\/@TalkPal\/","https:\/\/www.tiktok.com\/@talkpal","https:\/\/www.instagram.com\/talkpal_ai\/","https:\/\/www.crunchbase.com\/organization\/talkpal-9cde","https:\/\/www.g2.com\/products\/talkpal-for-business\/","https:\/\/www.trustpilot.com\/review\/talkpal.ai","https:\/\/www.capterra.com\/p\/10006800\/TalkPal\/"],"description":"Talkpal is a language learning web and mobile education app, powered by the latest AI technologies, that provides engaging experiences to its customers in many different languages to help them improve their language skills. Users can chat about unlimited amount of topics with the app and use other modes to practice their language learning.","email":"support@talkpal.ai","legalName":"Talkpal, Inc.","foundingDate":"2023-04-03","duns":"118989042","numberOfEmployees":{"@type":"QuantitativeValue","minValue":"11","maxValue":"50"},"publishingPrinciples":"https:\/\/talkpal.ai\/publishing-principles\/","actionableFeedbackPolicy":"https:\/\/talkpal.ai\/actionable-feedback-policy\/","correctionsPolicy":"https:\/\/talkpal.ai\/corrections-policy\/","ethicsPolicy":"https:\/\/talkpal.ai\/ethics-policy\/","diversityPolicy":"https:\/\/talkpal.ai\/diversity-policy\/","diversityStaffingReport":"https:\/\/talkpal.ai\/diversity-policy\/"}]}},"_links":{"self":[{"href":"https:\/\/talkpal.ai\/pt-pt\/wp-json\/wp\/v2\/pages\/166752","targetHints":{"allow":["GET"]}}],"collection":[{"href":"https:\/\/talkpal.ai\/pt-pt\/wp-json\/wp\/v2\/pages"}],"about":[{"href":"https:\/\/talkpal.ai\/pt-pt\/wp-json\/wp\/v2\/types\/page"}],"author":[{"embeddable":true,"href":"https:\/\/talkpal.ai\/pt-pt\/wp-json\/wp\/v2\/users\/1"}],"replies":[{"embeddable":true,"href":"https:\/\/talkpal.ai\/pt-pt\/wp-json\/wp\/v2\/comments?post=166752"}],"version-history":[{"count":0,"href":"https:\/\/talkpal.ai\/pt-pt\/wp-json\/wp\/v2\/pages\/166752\/revisions"}],"wp:featuredmedia":[{"embeddable":true,"href":"https:\/\/talkpal.ai\/pt-pt\/wp-json\/wp\/v2\/media\/197975"}],"wp:attachment":[{"href":"https:\/\/talkpal.ai\/pt-pt\/wp-json\/wp\/v2\/media?parent=166752"}],"curies":[{"name":"wp","href":"https:\/\/api.w.org\/{rel}","templated":true}]}}