{"id":161300,"date":"2023-06-22T07:25:42","date_gmt":"2023-06-22T07:25:42","guid":{"rendered":"http:\/\/talkpal.ai\/exercicios-de-gramatica-indonesia\/"},"modified":"2025-12-17T14:53:04","modified_gmt":"2025-12-17T14:53:04","slug":"exercicios-de-gramatica-indonesia","status":"publish","type":"page","link":"https:\/\/talkpal.ai\/pt-pt\/exercicios-de-gramatica-indonesia\/","title":{"rendered":"Exerc\u00edcios de gram\u00e1tica indon\u00e9sia"},"content":{"rendered":"\r\n\r\n\r\n<section class=\"languageChallengeSection\">\r\n    <div class=\"languageInfoWrapper\">\r\n        \r\n        <h1>Exerc\u00edcios de gram\u00e1tica indon\u00e9sia<\/h1>\r\n        <p>Queres aumentar a tua confian\u00e7a em <a href=\"https:\/\/talkpal.ai\/learn-indonesian\/\">indon\u00e9sio<\/a>? Os exerc\u00edcios de gram\u00e1tica s\u00e3o uma excelente forma de dominar a estrutura das frases, as formas verbais e os padr\u00f5es-chave que te ajudar\u00e3o a comunicar de forma mais natural. Come\u00e7a a praticar <a href=\"https:\/\/talkpal.ai\/pt-pt\/o-que-ha-de-especial-na-gramatica-indonesia\/\">gram\u00e1tica indon\u00e9sia<\/a> hoje e v\u00ea as tuas capacidades e compreens\u00e3o crescerem a cada sess\u00e3o!<\/p>\r\n\r\n                            <a class=\"getStartedHidden\" href=\"https:\/\/app.talkpal.ai\/pt-pt\/signup?lng=\">Come\u00e7a<\/a>\r\n        \r\n    <\/div>\r\n\r\n    <figure>\r\n    <img decoding=\"async\" width=\"768\" height=\"768\" src=\"https:\/\/talkpal.ai\/wp-content\/uploads\/2023\/06\/indonesia-768x768.png\" class=\"languageImage no-lazy\" alt=\"Default alt text\" fetchpriority=\"high\" sizes=\"(max-width: 768px) 150px, 768px\" srcset=\"https:\/\/talkpal.ai\/wp-content\/uploads\/2023\/06\/indonesia-768x768.png 768w, https:\/\/talkpal.ai\/wp-content\/uploads\/2023\/06\/indonesia-300x300.png 300w\" \/>\r\n    \r\n\r\n    <\/figure>\r\n\r\n            <a class=\"getStartedVisible\" href=\"https:\/\/app.talkpal.ai\/pt-pt\/signup?lng=\">Come\u00e7a<\/a>\r\n    \r\n<\/section>\r\n\r\n\r\n<!-- <section class=\"grammarSection\">\r\n    <div class=\"grammarLinks\">\r\n        <a href=\"https:\/\/talkpal.ai\/pt-pt\/exercise_language\/adjetivos-gramatica-indonesia-pt-pt\/\">Adjetivos <\/a><a href=\"https:\/\/talkpal.ai\/pt-pt\/exercise_language\/adverbios-gramatica-indonesia-pt-pt\/\">Adv\u00e9rbios <\/a><a href=\"https:\/\/talkpal.ai\/pt-pt\/exercise_language\/artigos-gramatica-indonesia\/\">Artigos <\/a><a href=\"https:\/\/talkpal.ai\/pt-pt\/exercise_language\/comparacao-tensa-gramatica-indonesia\/\">Compara\u00e7\u00e3o Tensa <\/a><a href=\"https:\/\/talkpal.ai\/pt-pt\/exercise_language\/condicionais-gramatica-indonesia\/\">Condicionais <\/a><a href=\"https:\/\/talkpal.ai\/pt-pt\/exercise_language\/frases-gramatica-indonesia\/\">Frases <\/a><a href=\"https:\/\/talkpal.ai\/pt-pt\/exercise_language\/preposicoes-gramatica-indonesia\/\">Preposi\u00e7\u00f5es <\/a><a href=\"https:\/\/talkpal.ai\/pt-pt\/exercise_language\/progressivo-gramatica-indonesia\/\">Progressivo <\/a><a href=\"https:\/\/talkpal.ai\/pt-pt\/exercise_language\/progressivo-perfeito-gramatica-indonesia\/\">Progressivo Perfeito <\/a><a href=\"https:\/\/talkpal.ai\/pt-pt\/exercise_language\/pronomes-determinantes-gramatica-indonesia\/\">Pronomes\/Determinantes <\/a><a href=\"https:\/\/talkpal.ai\/pt-pt\/exercise_language\/substantivos-gramatica-indonesia\/\">Substantivos <\/a><a href=\"https:\/\/talkpal.ai\/pt-pt\/exercise_language\/tempos-verbais-gramatica-indonesia\/\">Tempos Verbais <\/a><a href=\"https:\/\/talkpal.ai\/pt-pt\/exercise_language\/verbos-gramatica-indonesia-pt-pt\/\">Verbos <\/a>    <\/div>\r\n<\/section> -->\r\n\r\n\r\n\r\n\r\n        <section class=\"grammarSection\">\r\n            <div class=\"grammarLinks\">\r\n                <a href=\"https:\/\/talkpal.ai\/pt-pt\/exercise_language\/adjetivos-gramatica-indonesia-pt-pt\/\">Adjetivos <\/a><a href=\"https:\/\/talkpal.ai\/pt-pt\/exercise_language\/adverbios-gramatica-indonesia-pt-pt\/\">Adv\u00e9rbios <\/a><a href=\"https:\/\/talkpal.ai\/pt-pt\/exercise_language\/artigos-gramatica-indonesia\/\">Artigos <\/a><a href=\"https:\/\/talkpal.ai\/pt-pt\/exercise_language\/comparacao-tensa-gramatica-indonesia\/\">Compara\u00e7\u00e3o Tensa <\/a><a href=\"https:\/\/talkpal.ai\/pt-pt\/exercise_language\/condicionais-gramatica-indonesia\/\">Condicionais <\/a><a href=\"https:\/\/talkpal.ai\/pt-pt\/exercise_language\/frases-gramatica-indonesia\/\">Frases <\/a><a href=\"https:\/\/talkpal.ai\/pt-pt\/exercise_language\/preposicoes-gramatica-indonesia\/\">Preposi\u00e7\u00f5es <\/a><a href=\"https:\/\/talkpal.ai\/pt-pt\/exercise_language\/progressivo-gramatica-indonesia\/\">Progressivo <\/a><a href=\"https:\/\/talkpal.ai\/pt-pt\/exercise_language\/progressivo-perfeito-gramatica-indonesia\/\">Progressivo Perfeito <\/a><a href=\"https:\/\/talkpal.ai\/pt-pt\/exercise_language\/pronomes-determinantes-gramatica-indonesia\/\">Pronomes\/Determinantes <\/a><a href=\"https:\/\/talkpal.ai\/pt-pt\/exercise_language\/substantivos-gramatica-indonesia\/\">Substantivos <\/a><a href=\"https:\/\/talkpal.ai\/pt-pt\/exercise_language\/tempos-verbais-gramatica-indonesia\/\">Tempos Verbais <\/a><a href=\"https:\/\/talkpal.ai\/pt-pt\/exercise_language\/verbos-gramatica-indonesia-pt-pt\/\">Verbos <\/a>            <\/div>\r\n        <\/section>\r\n<section class=\"promotionalBanner\">\r\n    <p class=\"promotionalText\">A maneira mais eficiente de aprender um idioma<\/p>\r\n    <a class=\"promotionalLink\" href=\"https:\/\/app.talkpal.ai\/pt-pt\/signup?lng=\">Experimente o Talkpal gratuitamente<\/a>\r\n<\/section>\n<div class=\"wp-block-group pageContainerStyle\"><div class=\"wp-block-group__inner-container is-layout-constrained wp-block-group-is-layout-constrained\">\n<h2 class=\"wp-block-heading\" id=\"h-indonesian-grammar-topics\">T\u00f3picos de gram\u00e1tica indon\u00e9sia<\/h2>\n\n\n\n<p>O indon\u00e9sio, ou <a href=\"https:\/\/talkpal.ai\/id\/belajar-bahasa-indonesia\/\">Bahasa Indonesia<\/a>, \u00e9 a l\u00edngua oficial da Indon\u00e9sia e serve <a href=\"https:\/\/talkpal.ai\/locations\/language-courses-in-como\/\">como<\/a> uma l\u00edngua unificadora <a href=\"https:\/\/talkpal.ai\/culture\/how-do-i-combine-em-and-um-to-form-num\/\">em um<\/a> pa\u00eds com mais de 700 l\u00ednguas faladas. <a href=\"https:\/\/talkpal.ai\/locations\/language-courses-in-como\/\">Como<\/a> um <a href=\"https:\/\/talkpal.ai\/locations\/learn-english-in-registro\/\">registro<\/a> padronizado do <a href=\"https:\/\/talkpal.ai\/learn-malay\/\">malaio<\/a>, \u00e9 uma l\u00edngua austron\u00e9sia com um sistema gramatical f\u00e1cil de aprender. Enquanto aprendes indon\u00e9sio, \u00e9 essencial compreender as suas regras gramaticais e a sua estrutura para uma comunica\u00e7\u00e3o eficaz. Neste guia, vamos nos concentrar na sequ\u00eancia de aprendizagem de v\u00e1rios t\u00f3picos de gram\u00e1tica indon\u00e9sia, como tempos, verbos, substantivos, artigos, pronomes, adjetivos, adv\u00e9rbios, condicionais, preposi\u00e7\u00f5es e estrutura de frases.<\/p>\n\n\n\n<h3 class=\"wp-block-heading\" id=\"h-1-nouns\">1. Substantivos<\/h3>\n\n\n\n<p>Comece aprendendo substantivos indon\u00e9sios, pois eles s\u00e3o os blocos de constru\u00e7\u00e3o mais simples da l\u00edngua. Os substantivos indon\u00e9sios n\u00e3o s\u00e3o generificados ou pluralizados, tornando-os f\u00e1ceis de entender. Familiarize-se com substantivos comuns e seu uso no contexto.<\/p>\n\n\n\n<h3 class=\"wp-block-heading\" id=\"h-2-pronouns-determiners\">2. Pronomes\/Determinantes<\/h3>\n\n\n\n<p>Depois de entender substantivos, aprenda pronomes e determinantes. O indon\u00e9sio tem v\u00e1rios pronomes pessoais e determinantes possessivos que correspondem aos equivalentes em ingl\u00eas. Pratique us\u00e1-los em diferentes contextos para construir sua base na constru\u00e7\u00e3o de frases.<\/p>\n\n\n\n<h3 class=\"wp-block-heading\" id=\"h-3-adjectives\">3. Adjetivos<\/h3>\n\n\n\n<p>Os adjetivos s\u00e3o essenciais para descrever e distinguir substantivos em indon\u00e9sio. Aprenda a usar adjetivos em frases simples e entenda sua coloca\u00e7\u00e3o em rela\u00e7\u00e3o aos substantivos.<\/p>\n\n\n\n<h3 class=\"wp-block-heading\" id=\"h-4-verbs\">4. Verbos<\/h3>\n\n\n\n<p>Os verbos indon\u00e9sios n\u00e3o s\u00e3o conjugados, tornando-os relativamente mais f\u00e1ceis de aprender em compara\u00e7\u00e3o com outras l\u00ednguas. Estude as formas verbais b\u00e1sicas e seu uso em frases.<\/p>\n\n\n\n<h3 class=\"wp-block-heading\" id=\"h-5-tenses\">5. Tempos<\/h3>\n\n\n\n<p>O indon\u00e9sio n\u00e3o tem equivalente direto aos tempos ingleses. Em vez disso, o tempo \u00e9 expresso atrav\u00e9s do contexto ou usando palavras espec\u00edficas. Aprenda a transmitir eventos passados, presentes e futuros em indon\u00e9sio usando v\u00e1rios adv\u00e9rbios e frases.<\/p>\n\n\n\n<h3 class=\"wp-block-heading\" id=\"h-6-tense-comparison-progressive-perfect-progressive\">6. Compara\u00e7\u00e3o de Tempo, Progressiva, Progressiva Perfeita<\/h3>\n\n\n\n<p>Como o indon\u00e9sio n\u00e3o tem um sistema tenso, entender o conceito de compara\u00e7\u00e3o de tempo, progressivo e progressivo perfeito \u00e9 crucial. Aprenda a expressar esses aspectos usando palavras e frases diferentes.<\/p>\n\n\n\n<h3 class=\"wp-block-heading\" id=\"h-7-adverbs\">7. Adv\u00e9rbios<\/h3>\n\n\n\n<p>Incorpore adv\u00e9rbios em seu vocabul\u00e1rio indon\u00e9sio para adicionar mais detalhes e profundidade \u00e0s suas frases. Aprenda as regras que regem a coloca\u00e7\u00e3o e o uso de adv\u00e9rbios.<\/p>\n\n\n\n<h3 class=\"wp-block-heading\" id=\"h-8-prepositions\">8. Preposi\u00e7\u00f5es<\/h3>\n\n\n\n<p>Preposi\u00e7\u00f5es s\u00e3o usadas para indicar rela\u00e7\u00f5es entre palavras em uma frase. Aprenda as preposi\u00e7\u00f5es indon\u00e9sias comuns e seu uso em v\u00e1rios contextos.<\/p>\n\n\n\n<h3 class=\"wp-block-heading\" id=\"h-9-conditionals\">9. Condicionais<\/h3>\n\n\n\n<p>Estude senten\u00e7as condicionais em indon\u00e9sio, que expressam situa\u00e7\u00f5es hipot\u00e9ticas e suas consequ\u00eancias. Aprende a formar e a utilizar cl\u00e1usulas \u201cse\u201d e outras estruturas condicionais.<\/p>\n\n\n\n<h3 class=\"wp-block-heading\" id=\"h-10-sentences\">10. Senten\u00e7as<\/h3>\n\n\n\n<p>Finalmente, pratique a constru\u00e7\u00e3o de frases usando as regras gramaticais e os t\u00f3picos abordados acima. Familiarize-se com os diferentes tipos de frases indon\u00e9sias, como declarativa, interrogativa, imperativa e exclamativa, para melhorar suas habilidades gerais de comunica\u00e7\u00e3o no idioma.<\/p>\n<\/div><\/div>\n\r\n<section class=\"learnNavigationSection\">\r\n            \r\n        <a href=\"https:\/\/talkpal.ai\/pt-pt\/aprender-indonesio\/\">\r\n            <div class=\"learnNavigationWrapper\">\r\n                <div class=\"learnNavigationContent\">\r\n                    <img decoding=\"async\" src=\"https:\/\/talkpal.ai\/wp-content\/uploads\/2024\/08\/Indonesian.jpg\" alt=\"Indonesian Flag\">\r\n                    <div>\r\n                        <h4>Sobre a aprendizagem da l\u00edngua indon\u00e9sia<\/h4>\r\n                        <p>Descobre tudo sobre a gram\u00e1tica indon\u00e9sia.<\/p>\r\n                    <\/div>\r\n                <\/div>\r\n            <\/div>\r\n        <\/a>\r\n\r\n        \r\n        <a href=\"https:\/\/talkpal.ai\/pt-pt\/gramatica-indonesia\/\">\r\n            <div class=\"learnNavigationWrapper\">\r\n                <div class=\"learnNavigationContent\">\r\n                    <img decoding=\"async\" src=\"https:\/\/talkpal.ai\/wp-content\/uploads\/2024\/08\/Indonesian.jpg\" alt=\"Indonesian Flag\">\r\n                    <div>\r\n                        <h4>Li\u00e7\u00f5es de gram\u00e1tica indon\u00e9sia<\/h4>\r\n                        <p>Pratica a gram\u00e1tica indon\u00e9sia.<\/p>\r\n                    <\/div>\r\n                <\/div>\r\n            <\/div>\r\n        <\/a>\r\n\r\n        \r\n        <a href=\"https:\/\/talkpal.ai\/vocabulary_language\/indonesian\/\">\r\n            <div class=\"learnNavigationWrapper\">\r\n                <div class=\"learnNavigationContent\">\r\n                    <img decoding=\"async\" src=\"https:\/\/talkpal.ai\/wp-content\/uploads\/2024\/08\/Indonesian.jpg\" alt=\"Indonesian Flag\">\r\n                    <div>\r\n                        <h4>Vocabul\u00e1rio indon\u00e9sio<\/h4>\r\n                        <p>Amplia o teu vocabul\u00e1rio indon\u00e9sio.<\/p>\r\n                    <\/div>\r\n                <\/div>\r\n            <\/div>\r\n        <\/a>\r\n\r\n            <\/section>","protected":false},"excerpt":{"rendered":"<p>T\u00f3picos de gram\u00e1tica indon\u00e9sia O indon\u00e9sio, ou Bahasa Indonesia, \u00e9 a l\u00edngua oficial da Indon\u00e9sia e serve como uma l\u00edngua unificadora em um pa\u00eds com mais de 700 l\u00ednguas faladas. Como um registro padronizado do malaio, \u00e9 uma l\u00edngua austron\u00e9sia com um sistema gramatical f\u00e1cil de aprender. Enquanto aprendes indon\u00e9sio, \u00e9 essencial compreender as suas [&hellip;]<\/p>\n","protected":false},"author":6,"featured_media":28386,"parent":0,"menu_order":0,"comment_status":"closed","ping_status":"closed","template":"LearningContentPage.php","meta":{"_acf_changed":false,"footnotes":""},"class_list":["post-161300","page","type-page","status-publish","has-post-thumbnail","hentry"],"acf":[],"yoast_head":"<!-- This site is optimized with the Yoast SEO Premium plugin v27.2 (Yoast SEO v27.2) - https:\/\/yoast.com\/product\/yoast-seo-premium-wordpress\/ -->\n<title>Exerc\u00edcios de gram\u00e1tica indon\u00e9sia - Talkpal<\/title>\n<meta name=\"description\" content=\"Melhora a tua gram\u00e1tica indon\u00e9sia - pratica com exerc\u00edcios simples, exemplos interactivos e feedback claro utilizando Talkpal AI.\" \/>\n<meta name=\"robots\" content=\"index, follow, max-snippet:-1, max-image-preview:large, max-video-preview:-1\" \/>\n<link rel=\"canonical\" href=\"https:\/\/talkpal.ai\/pt-pt\/exercicios-de-gramatica-indonesia\/\" \/>\n<meta property=\"og:locale\" content=\"pt_PT\" \/>\n<meta property=\"og:type\" content=\"article\" \/>\n<meta property=\"og:title\" content=\"Exerc\u00edcios de gram\u00e1tica indon\u00e9sia\" \/>\n<meta property=\"og:description\" content=\"T\u00f3picos de gram\u00e1tica indon\u00e9sia O indon\u00e9sio, ou Bahasa Indonesia, \u00e9 a l\u00edngua oficial da Indon\u00e9sia e serve como uma l\u00edngua unificadora em um pa\u00eds com mais\" \/>\n<meta property=\"og:url\" content=\"https:\/\/talkpal.ai\/pt-pt\/exercicios-de-gramatica-indonesia\/\" \/>\n<meta property=\"og:site_name\" content=\"Talkpal\" \/>\n<meta property=\"article:publisher\" content=\"https:\/\/www.facebook.com\/profile.php?id=100090733639311\" \/>\n<meta property=\"article:modified_time\" content=\"2025-12-17T14:53:04+00:00\" \/>\n<meta property=\"og:image\" content=\"https:\/\/talkpal.ai\/wp-content\/uploads\/2023\/05\/indonesia.png\" \/>\n\t<meta property=\"og:image:width\" content=\"512\" \/>\n\t<meta property=\"og:image:height\" content=\"512\" \/>\n\t<meta property=\"og:image:type\" content=\"image\/png\" \/>\n<meta name=\"twitter:card\" content=\"summary_large_image\" \/>\n<meta name=\"twitter:site\" content=\"@talkpalai\" \/>\n<meta name=\"twitter:label1\" content=\"Tempo estimado de leitura\" \/>\n\t<meta name=\"twitter:data1\" content=\"2 minutos\" \/>\n<script type=\"application\/ld+json\" class=\"yoast-schema-graph\">{\"@context\":\"https:\/\/schema.org\",\"@graph\":[{\"@type\":\"WebPage\",\"@id\":\"https:\/\/talkpal.ai\/pt-pt\/exercicios-de-gramatica-indonesia\/\",\"url\":\"https:\/\/talkpal.ai\/pt-pt\/exercicios-de-gramatica-indonesia\/\",\"name\":\"Exerc\u00edcios de gram\u00e1tica indon\u00e9sia - Talkpal\",\"isPartOf\":{\"@id\":\"https:\/\/talkpal.ai\/pt-pt\/#website\"},\"primaryImageOfPage\":{\"@id\":\"https:\/\/talkpal.ai\/pt-pt\/exercicios-de-gramatica-indonesia\/#primaryimage\"},\"image\":{\"@id\":\"https:\/\/talkpal.ai\/pt-pt\/exercicios-de-gramatica-indonesia\/#primaryimage\"},\"thumbnailUrl\":\"https:\/\/talkpal.ai\/wp-content\/uploads\/2023\/05\/indonesia.png\",\"datePublished\":\"2023-06-22T07:25:42+00:00\",\"dateModified\":\"2025-12-17T14:53:04+00:00\",\"description\":\"Melhora a tua gram\u00e1tica indon\u00e9sia - pratica com exerc\u00edcios simples, exemplos interactivos e feedback claro utilizando Talkpal AI.\",\"breadcrumb\":{\"@id\":\"https:\/\/talkpal.ai\/pt-pt\/exercicios-de-gramatica-indonesia\/#breadcrumb\"},\"inLanguage\":\"pt-PT\",\"potentialAction\":[{\"@type\":\"ReadAction\",\"target\":[\"https:\/\/talkpal.ai\/pt-pt\/exercicios-de-gramatica-indonesia\/\"]}]},{\"@type\":\"ImageObject\",\"inLanguage\":\"pt-PT\",\"@id\":\"https:\/\/talkpal.ai\/pt-pt\/exercicios-de-gramatica-indonesia\/#primaryimage\",\"url\":\"https:\/\/talkpal.ai\/wp-content\/uploads\/2023\/05\/indonesia.png\",\"contentUrl\":\"https:\/\/talkpal.ai\/wp-content\/uploads\/2023\/05\/indonesia.png\",\"width\":512,\"height\":512},{\"@type\":\"BreadcrumbList\",\"@id\":\"https:\/\/talkpal.ai\/pt-pt\/exercicios-de-gramatica-indonesia\/#breadcrumb\",\"itemListElement\":[{\"@type\":\"ListItem\",\"position\":1,\"name\":\"Homepage\",\"item\":\"https:\/\/talkpal.ai\/pt-pt\/\"},{\"@type\":\"ListItem\",\"position\":2,\"name\":\"Exerc\u00edcios de gram\u00e1tica indon\u00e9sia\"}]},{\"@type\":\"WebSite\",\"@id\":\"https:\/\/talkpal.ai\/pt-pt\/#website\",\"url\":\"https:\/\/talkpal.ai\/pt-pt\/\",\"name\":\"Talkpal\",\"description\":\"AI Language Learning\",\"publisher\":{\"@id\":\"https:\/\/talkpal.ai\/pt-pt\/#organization\"},\"alternateName\":\"Talkpal AI\",\"potentialAction\":[{\"@type\":\"SearchAction\",\"target\":{\"@type\":\"EntryPoint\",\"urlTemplate\":\"https:\/\/talkpal.ai\/pt-pt\/?s={search_term_string}\"},\"query-input\":{\"@type\":\"PropertyValueSpecification\",\"valueRequired\":true,\"valueName\":\"search_term_string\"}}],\"inLanguage\":\"pt-PT\"},{\"@type\":\"Organization\",\"@id\":\"https:\/\/talkpal.ai\/pt-pt\/#organization\",\"name\":\"Talkpal, Inc.\",\"alternateName\":\"Talkpal AI\",\"url\":\"https:\/\/talkpal.ai\/pt-pt\/\",\"logo\":{\"@type\":\"ImageObject\",\"inLanguage\":\"pt-PT\",\"@id\":\"https:\/\/talkpal.ai\/pt-pt\/#\/schema\/logo\/image\/\",\"url\":\"https:\/\/talkpal.ai\/wp-content\/uploads\/2024\/03\/Talkpal-Logo-Icon.png\",\"contentUrl\":\"https:\/\/talkpal.ai\/wp-content\/uploads\/2024\/03\/Talkpal-Logo-Icon.png\",\"width\":2880,\"height\":2880,\"caption\":\"Talkpal, Inc.\"},\"image\":{\"@id\":\"https:\/\/talkpal.ai\/pt-pt\/#\/schema\/logo\/image\/\"},\"sameAs\":[\"https:\/\/www.facebook.com\/profile.php?id=100090733639311\",\"https:\/\/x.com\/talkpalai\",\"https:\/\/www.linkedin.com\/company\/talkpal\/\",\"https:\/\/www.youtube.com\/@TalkPal\/\",\"https:\/\/www.tiktok.com\/@talkpal\",\"https:\/\/www.instagram.com\/talkpal_ai\/\",\"https:\/\/www.crunchbase.com\/organization\/talkpal-9cde\",\"https:\/\/www.g2.com\/products\/talkpal-for-business\/\",\"https:\/\/www.trustpilot.com\/review\/talkpal.ai\",\"https:\/\/www.capterra.com\/p\/10006800\/TalkPal\/\"],\"description\":\"Talkpal is a language learning web and mobile education app, powered by the latest AI technologies, that provides engaging experiences to its customers in many different languages to help them improve their language skills. Users can chat about unlimited amount of topics with the app and use other modes to practice their language learning.\",\"email\":\"support@talkpal.ai\",\"legalName\":\"Talkpal, Inc.\",\"foundingDate\":\"2023-04-03\",\"duns\":\"118989042\",\"numberOfEmployees\":{\"@type\":\"QuantitativeValue\",\"minValue\":\"11\",\"maxValue\":\"50\"},\"publishingPrinciples\":\"https:\/\/talkpal.ai\/publishing-principles\/\",\"actionableFeedbackPolicy\":\"https:\/\/talkpal.ai\/actionable-feedback-policy\/\",\"correctionsPolicy\":\"https:\/\/talkpal.ai\/corrections-policy\/\",\"ethicsPolicy\":\"https:\/\/talkpal.ai\/ethics-policy\/\",\"diversityPolicy\":\"https:\/\/talkpal.ai\/diversity-policy\/\",\"diversityStaffingReport\":\"https:\/\/talkpal.ai\/diversity-policy\/\"}]}<\/script>\n<!-- \/ Yoast SEO Premium plugin. -->","yoast_head_json":{"title":"Exerc\u00edcios de gram\u00e1tica indon\u00e9sia - Talkpal","description":"Melhora a tua gram\u00e1tica indon\u00e9sia - pratica com exerc\u00edcios simples, exemplos interactivos e feedback claro utilizando Talkpal AI.","robots":{"index":"index","follow":"follow","max-snippet":"max-snippet:-1","max-image-preview":"max-image-preview:large","max-video-preview":"max-video-preview:-1"},"canonical":"https:\/\/talkpal.ai\/pt-pt\/exercicios-de-gramatica-indonesia\/","og_locale":"pt_PT","og_type":"article","og_title":"Exerc\u00edcios de gram\u00e1tica indon\u00e9sia","og_description":"T\u00f3picos de gram\u00e1tica indon\u00e9sia O indon\u00e9sio, ou Bahasa Indonesia, \u00e9 a l\u00edngua oficial da Indon\u00e9sia e serve como uma l\u00edngua unificadora em um pa\u00eds com mais","og_url":"https:\/\/talkpal.ai\/pt-pt\/exercicios-de-gramatica-indonesia\/","og_site_name":"Talkpal","article_publisher":"https:\/\/www.facebook.com\/profile.php?id=100090733639311","article_modified_time":"2025-12-17T14:53:04+00:00","og_image":[{"width":512,"height":512,"url":"https:\/\/talkpal.ai\/wp-content\/uploads\/2023\/05\/indonesia.png","type":"image\/png"}],"twitter_card":"summary_large_image","twitter_site":"@talkpalai","twitter_misc":{"Tempo estimado de leitura":"2 minutos"},"schema":{"@context":"https:\/\/schema.org","@graph":[{"@type":"WebPage","@id":"https:\/\/talkpal.ai\/pt-pt\/exercicios-de-gramatica-indonesia\/","url":"https:\/\/talkpal.ai\/pt-pt\/exercicios-de-gramatica-indonesia\/","name":"Exerc\u00edcios de gram\u00e1tica indon\u00e9sia - Talkpal","isPartOf":{"@id":"https:\/\/talkpal.ai\/pt-pt\/#website"},"primaryImageOfPage":{"@id":"https:\/\/talkpal.ai\/pt-pt\/exercicios-de-gramatica-indonesia\/#primaryimage"},"image":{"@id":"https:\/\/talkpal.ai\/pt-pt\/exercicios-de-gramatica-indonesia\/#primaryimage"},"thumbnailUrl":"https:\/\/talkpal.ai\/wp-content\/uploads\/2023\/05\/indonesia.png","datePublished":"2023-06-22T07:25:42+00:00","dateModified":"2025-12-17T14:53:04+00:00","description":"Melhora a tua gram\u00e1tica indon\u00e9sia - pratica com exerc\u00edcios simples, exemplos interactivos e feedback claro utilizando Talkpal AI.","breadcrumb":{"@id":"https:\/\/talkpal.ai\/pt-pt\/exercicios-de-gramatica-indonesia\/#breadcrumb"},"inLanguage":"pt-PT","potentialAction":[{"@type":"ReadAction","target":["https:\/\/talkpal.ai\/pt-pt\/exercicios-de-gramatica-indonesia\/"]}]},{"@type":"ImageObject","inLanguage":"pt-PT","@id":"https:\/\/talkpal.ai\/pt-pt\/exercicios-de-gramatica-indonesia\/#primaryimage","url":"https:\/\/talkpal.ai\/wp-content\/uploads\/2023\/05\/indonesia.png","contentUrl":"https:\/\/talkpal.ai\/wp-content\/uploads\/2023\/05\/indonesia.png","width":512,"height":512},{"@type":"BreadcrumbList","@id":"https:\/\/talkpal.ai\/pt-pt\/exercicios-de-gramatica-indonesia\/#breadcrumb","itemListElement":[{"@type":"ListItem","position":1,"name":"Homepage","item":"https:\/\/talkpal.ai\/pt-pt\/"},{"@type":"ListItem","position":2,"name":"Exerc\u00edcios de gram\u00e1tica indon\u00e9sia"}]},{"@type":"WebSite","@id":"https:\/\/talkpal.ai\/pt-pt\/#website","url":"https:\/\/talkpal.ai\/pt-pt\/","name":"Talkpal","description":"AI Language Learning","publisher":{"@id":"https:\/\/talkpal.ai\/pt-pt\/#organization"},"alternateName":"Talkpal AI","potentialAction":[{"@type":"SearchAction","target":{"@type":"EntryPoint","urlTemplate":"https:\/\/talkpal.ai\/pt-pt\/?s={search_term_string}"},"query-input":{"@type":"PropertyValueSpecification","valueRequired":true,"valueName":"search_term_string"}}],"inLanguage":"pt-PT"},{"@type":"Organization","@id":"https:\/\/talkpal.ai\/pt-pt\/#organization","name":"Talkpal, Inc.","alternateName":"Talkpal AI","url":"https:\/\/talkpal.ai\/pt-pt\/","logo":{"@type":"ImageObject","inLanguage":"pt-PT","@id":"https:\/\/talkpal.ai\/pt-pt\/#\/schema\/logo\/image\/","url":"https:\/\/talkpal.ai\/wp-content\/uploads\/2024\/03\/Talkpal-Logo-Icon.png","contentUrl":"https:\/\/talkpal.ai\/wp-content\/uploads\/2024\/03\/Talkpal-Logo-Icon.png","width":2880,"height":2880,"caption":"Talkpal, Inc."},"image":{"@id":"https:\/\/talkpal.ai\/pt-pt\/#\/schema\/logo\/image\/"},"sameAs":["https:\/\/www.facebook.com\/profile.php?id=100090733639311","https:\/\/x.com\/talkpalai","https:\/\/www.linkedin.com\/company\/talkpal\/","https:\/\/www.youtube.com\/@TalkPal\/","https:\/\/www.tiktok.com\/@talkpal","https:\/\/www.instagram.com\/talkpal_ai\/","https:\/\/www.crunchbase.com\/organization\/talkpal-9cde","https:\/\/www.g2.com\/products\/talkpal-for-business\/","https:\/\/www.trustpilot.com\/review\/talkpal.ai","https:\/\/www.capterra.com\/p\/10006800\/TalkPal\/"],"description":"Talkpal is a language learning web and mobile education app, powered by the latest AI technologies, that provides engaging experiences to its customers in many different languages to help them improve their language skills. Users can chat about unlimited amount of topics with the app and use other modes to practice their language learning.","email":"support@talkpal.ai","legalName":"Talkpal, Inc.","foundingDate":"2023-04-03","duns":"118989042","numberOfEmployees":{"@type":"QuantitativeValue","minValue":"11","maxValue":"50"},"publishingPrinciples":"https:\/\/talkpal.ai\/publishing-principles\/","actionableFeedbackPolicy":"https:\/\/talkpal.ai\/actionable-feedback-policy\/","correctionsPolicy":"https:\/\/talkpal.ai\/corrections-policy\/","ethicsPolicy":"https:\/\/talkpal.ai\/ethics-policy\/","diversityPolicy":"https:\/\/talkpal.ai\/diversity-policy\/","diversityStaffingReport":"https:\/\/talkpal.ai\/diversity-policy\/"}]}},"_links":{"self":[{"href":"https:\/\/talkpal.ai\/pt-pt\/wp-json\/wp\/v2\/pages\/161300","targetHints":{"allow":["GET"]}}],"collection":[{"href":"https:\/\/talkpal.ai\/pt-pt\/wp-json\/wp\/v2\/pages"}],"about":[{"href":"https:\/\/talkpal.ai\/pt-pt\/wp-json\/wp\/v2\/types\/page"}],"author":[{"embeddable":true,"href":"https:\/\/talkpal.ai\/pt-pt\/wp-json\/wp\/v2\/users\/6"}],"replies":[{"embeddable":true,"href":"https:\/\/talkpal.ai\/pt-pt\/wp-json\/wp\/v2\/comments?post=161300"}],"version-history":[{"count":0,"href":"https:\/\/talkpal.ai\/pt-pt\/wp-json\/wp\/v2\/pages\/161300\/revisions"}],"wp:featuredmedia":[{"embeddable":true,"href":"https:\/\/talkpal.ai\/pt-pt\/wp-json\/wp\/v2\/media\/28386"}],"wp:attachment":[{"href":"https:\/\/talkpal.ai\/pt-pt\/wp-json\/wp\/v2\/media?parent=161300"}],"curies":[{"name":"wp","href":"https:\/\/api.w.org\/{rel}","templated":true}]}}