{"id":161048,"date":"2023-06-22T07:53:19","date_gmt":"2023-06-22T07:53:19","guid":{"rendered":"http:\/\/talkpal.ai\/exercicios-de-gramatica-kannada\/"},"modified":"2025-12-17T15:10:05","modified_gmt":"2025-12-17T15:10:05","slug":"exercicios-de-gramatica-kannada","status":"publish","type":"page","link":"https:\/\/talkpal.ai\/pt-pt\/exercicios-de-gramatica-kannada\/","title":{"rendered":"Exerc\u00edcios de Gram\u00e1tica Kannada"},"content":{"rendered":"\r\n\r\n\r\n<section class=\"languageChallengeSection\">\r\n    <div class=\"languageInfoWrapper\">\r\n        \r\n        <h1>Exerc\u00edcios de Gram\u00e1tica Kannada<\/h1>\r\n        <p>Est\u00e1s ansioso por melhorar os teus conhecimentos de <a href=\"https:\/\/talkpal.ai\/learn-kannada\/\">Kannada<\/a>? Praticar exerc\u00edcios de gram\u00e1tica \u00e9 uma \u00f3ptima maneira de aprender a estrutura das frases, as formas verbais e as carater\u00edsticas \u00fanicas da l\u00edngua Kannada. Come\u00e7a a trabalhar a <a href=\"https:\/\/talkpal.ai\/es\/gramatica-kannada\/\">gram\u00e1tica Kannada<\/a> hoje e v\u00ea a tua confian\u00e7a e flu\u00eancia crescerem com cada novo exerc\u00edcio!<\/p>\r\n\r\n                            <a class=\"getStartedHidden\" href=\"https:\/\/app.talkpal.ai\/pt-pt\/signup?lng=\">Come\u00e7a<\/a>\r\n        \r\n    <\/div>\r\n\r\n    <figure>\r\n    <img decoding=\"async\" width=\"768\" height=\"768\" src=\"https:\/\/talkpal.ai\/wp-content\/uploads\/2023\/06\/Kannada-768x768.png\" class=\"languageImage no-lazy\" alt=\"Default alt text\" fetchpriority=\"high\" sizes=\"(max-width: 768px) 150px, 768px\" srcset=\"https:\/\/talkpal.ai\/wp-content\/uploads\/2023\/06\/Kannada-768x768.png 768w, https:\/\/talkpal.ai\/wp-content\/uploads\/2023\/06\/Kannada-300x300.png 300w\" \/>\r\n    \r\n\r\n    <\/figure>\r\n\r\n            <a class=\"getStartedVisible\" href=\"https:\/\/app.talkpal.ai\/pt-pt\/signup?lng=\">Come\u00e7a<\/a>\r\n    \r\n<\/section>\r\n\r\n\r\n<!-- <section class=\"grammarSection\">\r\n    <div class=\"grammarLinks\">\r\n        <a href=\"https:\/\/talkpal.ai\/pt-pt\/exercise_language\/adjetivos-gramatica-kannada-pt-pt\/\">Adjetivos <\/a><a href=\"https:\/\/talkpal.ai\/pt-pt\/exercise_language\/adverbios-gramatica-kannada-pt-pt\/\">Adv\u00e9rbios <\/a><a href=\"https:\/\/talkpal.ai\/pt-pt\/exercise_language\/artigos-gramatica-kannada\/\">Artigos <\/a><a href=\"https:\/\/talkpal.ai\/pt-pt\/exercise_language\/comparacao-de-tempos-gramatica-kannada\/\">Compara\u00e7\u00e3o de Tempos <\/a><a href=\"https:\/\/talkpal.ai\/pt-pt\/exercise_language\/condicionais-gramatica-kannada\/\">Condicionais <\/a><a href=\"https:\/\/talkpal.ai\/pt-pt\/exercise_language\/frases-gramatica-kannada\/\">Frases <\/a><a href=\"https:\/\/talkpal.ai\/pt-pt\/exercise_language\/preposicoes-gramatica-kannada\/\">Preposi\u00e7\u00f5es <\/a><a href=\"https:\/\/talkpal.ai\/pt-pt\/exercise_language\/progressivo-gramatica-kannada\/\">Progressivo <\/a><a href=\"https:\/\/talkpal.ai\/pt-pt\/exercise_language\/progressivo-perfeito-gramatica-kannada\/\">Progressivo Perfeito <\/a><a href=\"https:\/\/talkpal.ai\/pt-pt\/exercise_language\/pronomes-determinantes-gramatica-kannada\/\">Pronomes\/Determinantes <\/a><a href=\"https:\/\/talkpal.ai\/pt-pt\/exercise_language\/substantivos-gramatica-kannada\/\">Substantivos <\/a><a href=\"https:\/\/talkpal.ai\/pt-pt\/exercise_language\/tempos-verbais-gramatica-kannada\/\">Tempos Verbais <\/a><a href=\"https:\/\/talkpal.ai\/pt-pt\/exercise_language\/verbos-gramatica-kannada-pt-pt\/\">Verbos <\/a>    <\/div>\r\n<\/section> -->\r\n\r\n\r\n\r\n\r\n        <section class=\"grammarSection\">\r\n            <div class=\"grammarLinks\">\r\n                <a href=\"https:\/\/talkpal.ai\/pt-pt\/exercise_language\/adjetivos-gramatica-kannada-pt-pt\/\">Adjetivos <\/a><a href=\"https:\/\/talkpal.ai\/pt-pt\/exercise_language\/adverbios-gramatica-kannada-pt-pt\/\">Adv\u00e9rbios <\/a><a href=\"https:\/\/talkpal.ai\/pt-pt\/exercise_language\/artigos-gramatica-kannada\/\">Artigos <\/a><a href=\"https:\/\/talkpal.ai\/pt-pt\/exercise_language\/comparacao-de-tempos-gramatica-kannada\/\">Compara\u00e7\u00e3o de Tempos <\/a><a href=\"https:\/\/talkpal.ai\/pt-pt\/exercise_language\/condicionais-gramatica-kannada\/\">Condicionais <\/a><a href=\"https:\/\/talkpal.ai\/pt-pt\/exercise_language\/frases-gramatica-kannada\/\">Frases <\/a><a href=\"https:\/\/talkpal.ai\/pt-pt\/exercise_language\/preposicoes-gramatica-kannada\/\">Preposi\u00e7\u00f5es <\/a><a href=\"https:\/\/talkpal.ai\/pt-pt\/exercise_language\/progressivo-gramatica-kannada\/\">Progressivo <\/a><a href=\"https:\/\/talkpal.ai\/pt-pt\/exercise_language\/progressivo-perfeito-gramatica-kannada\/\">Progressivo Perfeito <\/a><a href=\"https:\/\/talkpal.ai\/pt-pt\/exercise_language\/pronomes-determinantes-gramatica-kannada\/\">Pronomes\/Determinantes <\/a><a href=\"https:\/\/talkpal.ai\/pt-pt\/exercise_language\/substantivos-gramatica-kannada\/\">Substantivos <\/a><a href=\"https:\/\/talkpal.ai\/pt-pt\/exercise_language\/tempos-verbais-gramatica-kannada\/\">Tempos Verbais <\/a><a href=\"https:\/\/talkpal.ai\/pt-pt\/exercise_language\/verbos-gramatica-kannada-pt-pt\/\">Verbos <\/a>            <\/div>\r\n        <\/section>\r\n<section class=\"promotionalBanner\">\r\n    <p class=\"promotionalText\">A maneira mais eficiente de aprender um idioma<\/p>\r\n    <a class=\"promotionalLink\" href=\"https:\/\/app.talkpal.ai\/pt-pt\/signup?lng=\">Experimente o Talkpal gratuitamente<\/a>\r\n<\/section>\n<div class=\"wp-block-group pageContainerStyle\"><div class=\"wp-block-group__inner-container is-layout-constrained wp-block-group-is-layout-constrained\">\n<h2 class=\"wp-block-heading\" id=\"h-kannada-grammar-topics\">T\u00f3picos de Gram\u00e1tica Kannada<\/h2>\n\n\n\n<p>Kannada \u00e9 uma l\u00edngua dravidiana predominantemente falada no estado indiano de Karnataka por aproximadamente 44 milh\u00f5es de pessoas. \u00c9 uma das 22 l\u00ednguas da \u00cdndia e a l\u00edngua oficial do estado de Karnataka. <a href=\"https:\/\/talkpal.ai\/es\/5-estrategias-comprobadas-para-aprender-kannada-en-casa\/\">Aprender Kannada<\/a> n\u00e3o \u00e9 apenas essencial para entender a rica cultura e hist\u00f3ria de Karnataka, mas tamb\u00e9m ajuda na comunica\u00e7\u00e3o eficaz com a popula\u00e7\u00e3o local. Este artigo tem <a href=\"https:\/\/talkpal.ai\/locations\/language-courses-in-como\/\">como<\/a> objetivo fornecer uma abordagem estruturada para aprender v\u00e1rios t\u00f3picos de <a href=\"https:\/\/talkpal.ai\/es\/gramatica-kannada\/\">gram\u00e1tica Kannada<\/a>, o que ir\u00e1 ajud\u00e1-lo a construir uma base s\u00f3lida na l\u00edngua.<\/p>\n\n\n\n<h3 class=\"wp-block-heading\" id=\"h-1-nouns\">1. Substantivos<\/h3>\n\n\n\n<p><a href=\"https:\/\/talkpal.ai\/locations\/language-courses-in-como\/\">Como<\/a> os blocos de constru\u00e7\u00e3o de qualquer l\u00edngua, substantivos em Kannada s\u00e3o essenciais para aprender primeiro. Os substantivos kannada t\u00eam diferentes formas com base no g\u00eanero, n\u00famero e caso, que influenciam a forma do substantivo. Comece entendendo os conceitos b\u00e1sicos das formas nominativas e seu uso na l\u00edngua.<\/p>\n\n\n\n<h3 class=\"wp-block-heading\" id=\"h-2-pronouns-determiners\">2. Pronomes\/Determinantes<\/h3>\n\n\n\n<p>Pronomes s\u00e3o palavras que substituem substantivos em frases, enquanto determinantes modificam substantivos. Aprenda sobre os v\u00e1rios tipos de pronomes e determinantes em Kannada, seu uso e como eles mudam dependendo do g\u00eanero, n\u00famero e caso.<\/p>\n\n\n\n<h3 class=\"wp-block-heading\" id=\"h-3-articles\">3. Artigos<\/h3>\n\n\n\n<p>O Kannada n\u00e3o tem artigos como o <a href=\"https:\/\/talkpal.ai\/pt-pt\/locations\/aprenda-ingles-em-passos\/\">ingl\u00eas<\/a>, mas tem palavras semelhantes que ajudam a especificar a defini\u00e7\u00e3o do substantivo. Familiarize-se com essas palavras e seu uso em Kannada.<\/p>\n\n\n\n<h3 class=\"wp-block-heading\" id=\"h-4-adjectives\">4. Adjetivos<\/h3>\n\n\n\n<p>Os adjetivos descrevem substantivos e d\u00e3o mais informa\u00e7\u00f5es sobre eles. Aprenda a formar e usar adjetivos em Kannada, bem como suas regras de concord\u00e2ncia com substantivos.<\/p>\n\n\n\n<h3 class=\"wp-block-heading\" id=\"h-5-verbs\">5. Verbos<\/h3>\n\n\n\n<p>Verbos s\u00e3o palavras de a\u00e7\u00e3o que indicam o que o sujeito est\u00e1 fazendo. Aprenda sobre os diferentes tipos de verbos em Kannada, suas formas e regras de conjuga\u00e7\u00e3o com base no tempo, aspecto e humor.<\/p>\n\n\n\n<h3 class=\"wp-block-heading\" id=\"h-6-tenses\">6. Tempos<\/h3>\n\n\n\n<p>Tempos em Kannada ajudam a expressar quando uma a\u00e7\u00e3o ocorreu. Familiariza-te com os tr\u00eas tempos verbais principais &#8211; passado, <a href=\"https:\/\/talkpal.ai\/zh-hans\/grammar_exercises\/presente-%e8%a5%bf%e7%8f%ad%e7%89%99%e8%af%ad%e6%b3%95%e7%bb%83%e4%b9%a0\/\">presente<\/a> e <a href=\"https:\/\/talkpal.ai\/ja\/grammar_exercises\/futuro-%e3%82%b9%e3%83%9a%e3%82%a4%e3%83%b3%e8%aa%9e%e3%81%ae%e6%96%87%e6%b3%95%e3%81%ae%e6%bc%94%e7%bf%92\/\">futuro<\/a> &#8211; e as suas v\u00e1rias formas.<\/p>\n\n\n\n<h3 class=\"wp-block-heading\" id=\"h-7-tense-comparison\">7. Compara\u00e7\u00e3o tensa<\/h3>\n\n\n\n<p>Entenda como comparar a\u00e7\u00f5es em diferentes tempos em Kannada. Isso ajudar\u00e1 voc\u00ea a construir frases mais complexas e expressar seus pensamentos com mais precis\u00e3o.<\/p>\n\n\n\n<h3 class=\"wp-block-heading\" id=\"h-8-progressive-and-perfect-progressive\">8. Progressiva e Progressiva Perfeita<\/h3>\n\n\n\n<p>Esses aspectos dos verbos Kannada indicam a\u00e7\u00f5es em andamento ou a\u00e7\u00f5es que estavam em andamento, mas agora est\u00e3o completas. Aprenda a formar e usar verbos progressivos e progressivos perfeitos em Kannada.<\/p>\n\n\n\n<h3 class=\"wp-block-heading\" id=\"h-9-adverbs\">9. Adv\u00e9rbios<\/h3>\n\n\n\n<p>Os adv\u00e9rbios fornecem informa\u00e7\u00f5es adicionais sobre verbos, adjetivos ou outros adv\u00e9rbios. Aprenda os diferentes tipos de adv\u00e9rbios em Kannada e sua coloca\u00e7\u00e3o em frases.<\/p>\n\n\n\n<h3 class=\"wp-block-heading\" id=\"h-10-conditionals\">10. Condicionais<\/h3>\n\n\n\n<p>Condicionais s\u00e3o senten\u00e7as que expressam uma condi\u00e7\u00e3o e seu poss\u00edvel resultado. Aprenda a formar e usar ora\u00e7\u00f5es condicionais em Kannada usando formas verbais e conjun\u00e7\u00f5es apropriadas.<\/p>\n\n\n\n<h3 class=\"wp-block-heading\" id=\"h-11-prepositions\">11. Preposi\u00e7\u00f5es<\/h3>\n\n\n\n<p>Preposi\u00e7\u00f5es s\u00e3o palavras que mostram rela\u00e7\u00f5es entre substantivos ou pronomes e outras palavras em uma frase. Aprenda as preposi\u00e7\u00f5es Kannada comuns e seu uso.<\/p>\n\n\n\n<h3 class=\"wp-block-heading\" id=\"h-12-sentences\">12. Senten\u00e7as<\/h3>\n\n\n\n<p>Finalmente, pratica a combina\u00e7\u00e3o de todos os t\u00f3picos gramaticais que aprendeste para formar frases completas em Kannada. Isso ajudar\u00e1 voc\u00ea a melhorar sua profici\u00eancia geral no idioma e habilidades de comunica\u00e7\u00e3o.<\/p>\n<\/div><\/div>\n\r\n<section class=\"learnNavigationSection\">\r\n            \r\n        <a href=\"https:\/\/talkpal.ai\/pt-pt\/aprender-kannada\/\">\r\n            <div class=\"learnNavigationWrapper\">\r\n                <div class=\"learnNavigationContent\">\r\n                    <img decoding=\"async\" src=\"https:\/\/talkpal.ai\/wp-content\/uploads\/2024\/08\/Kannada.jpg\" alt=\"Indian Simplified Flag\">\r\n                    <div>\r\n                        <h4>Sobre a aprendizagem de Kannada<\/h4>\r\n                        <p>Descobre tudo sobre a gram\u00e1tica Kannada.<\/p>\r\n                    <\/div>\r\n                <\/div>\r\n            <\/div>\r\n        <\/a>\r\n\r\n        \r\n        <a href=\"https:\/\/talkpal.ai\/pt-pt\/gramatica-kannada\/\">\r\n            <div class=\"learnNavigationWrapper\">\r\n                <div class=\"learnNavigationContent\">\r\n                    <img decoding=\"async\" src=\"https:\/\/talkpal.ai\/wp-content\/uploads\/2024\/08\/Kannada.jpg\" alt=\"Indian Simplified Flag\">\r\n                    <div>\r\n                        <h4>Li\u00e7\u00f5es de gram\u00e1tica Kannada<\/h4>\r\n                        <p>Pratica a gram\u00e1tica Kannada.<\/p>\r\n                    <\/div>\r\n                <\/div>\r\n            <\/div>\r\n        <\/a>\r\n\r\n        \r\n        <a href=\"https:\/\/talkpal.ai\/vocabulary_language\/kannada\/\">\r\n            <div class=\"learnNavigationWrapper\">\r\n                <div class=\"learnNavigationContent\">\r\n                    <img decoding=\"async\" src=\"https:\/\/talkpal.ai\/wp-content\/uploads\/2024\/08\/Kannada.jpg\" alt=\"Indian Simplified Flag\">\r\n                    <div>\r\n                        <h4>Vocabul\u00e1rio Kannada<\/h4>\r\n                        <p>Amplia o teu vocabul\u00e1rio em Kannada.<\/p>\r\n                    <\/div>\r\n                <\/div>\r\n            <\/div>\r\n        <\/a>\r\n\r\n            <\/section>","protected":false},"excerpt":{"rendered":"<p>T\u00f3picos de Gram\u00e1tica Kannada Kannada \u00e9 uma l\u00edngua dravidiana predominantemente falada no estado indiano de Karnataka por aproximadamente 44 milh\u00f5es de pessoas. \u00c9 uma das 22 l\u00ednguas da \u00cdndia e a l\u00edngua oficial do estado de Karnataka. Aprender Kannada n\u00e3o \u00e9 apenas essencial para entender a rica cultura e hist\u00f3ria de Karnataka, mas tamb\u00e9m ajuda [&hellip;]<\/p>\n","protected":false},"author":6,"featured_media":28418,"parent":0,"menu_order":0,"comment_status":"closed","ping_status":"closed","template":"LearningContentPage.php","meta":{"_acf_changed":false,"footnotes":""},"class_list":["post-161048","page","type-page","status-publish","has-post-thumbnail","hentry"],"acf":[],"yoast_head":"<!-- This site is optimized with the Yoast SEO Premium plugin v27.2 (Yoast SEO v27.2) - https:\/\/yoast.com\/product\/yoast-seo-premium-wordpress\/ -->\n<title>Exerc\u00edcios de Gram\u00e1tica Kannada - Talkpal<\/title>\n<meta name=\"description\" content=\"Refor\u00e7a a tua gram\u00e1tica Kannada - participa em exerc\u00edcios interactivos, domina os padr\u00f5es das frases e melhora a flu\u00eancia com o tutor de IA do Talkpalo tutor de IA do Kannada.\" \/>\n<meta name=\"robots\" content=\"index, follow, max-snippet:-1, max-image-preview:large, max-video-preview:-1\" \/>\n<link rel=\"canonical\" href=\"https:\/\/talkpal.ai\/pt-pt\/exercicios-de-gramatica-kannada\/\" \/>\n<meta property=\"og:locale\" content=\"pt_PT\" \/>\n<meta property=\"og:type\" content=\"article\" \/>\n<meta property=\"og:title\" content=\"Exerc\u00edcios de Gram\u00e1tica Kannada\" \/>\n<meta property=\"og:description\" content=\"T\u00f3picos de Gram\u00e1tica Kannada Kannada \u00e9 uma l\u00edngua dravidiana predominantemente falada no estado indiano de Karnataka por aproximadamente 44 milh\u00f5es de\" \/>\n<meta property=\"og:url\" content=\"https:\/\/talkpal.ai\/pt-pt\/exercicios-de-gramatica-kannada\/\" \/>\n<meta property=\"og:site_name\" content=\"Talkpal\" \/>\n<meta property=\"article:publisher\" content=\"https:\/\/www.facebook.com\/profile.php?id=100090733639311\" \/>\n<meta property=\"article:modified_time\" content=\"2025-12-17T15:10:05+00:00\" \/>\n<meta property=\"og:image\" content=\"https:\/\/talkpal.ai\/wp-content\/uploads\/2023\/05\/Kannada-india.png\" \/>\n\t<meta property=\"og:image:width\" content=\"512\" \/>\n\t<meta property=\"og:image:height\" content=\"512\" \/>\n\t<meta property=\"og:image:type\" content=\"image\/png\" \/>\n<meta name=\"twitter:card\" content=\"summary_large_image\" \/>\n<meta name=\"twitter:site\" content=\"@talkpalai\" \/>\n<meta name=\"twitter:label1\" content=\"Tempo estimado de leitura\" \/>\n\t<meta name=\"twitter:data1\" content=\"3 minutos\" \/>\n<script type=\"application\/ld+json\" class=\"yoast-schema-graph\">{\"@context\":\"https:\/\/schema.org\",\"@graph\":[{\"@type\":\"WebPage\",\"@id\":\"https:\/\/talkpal.ai\/pt-pt\/exercicios-de-gramatica-kannada\/\",\"url\":\"https:\/\/talkpal.ai\/pt-pt\/exercicios-de-gramatica-kannada\/\",\"name\":\"Exerc\u00edcios de Gram\u00e1tica Kannada - Talkpal\",\"isPartOf\":{\"@id\":\"https:\/\/talkpal.ai\/pt-pt\/#website\"},\"primaryImageOfPage\":{\"@id\":\"https:\/\/talkpal.ai\/pt-pt\/exercicios-de-gramatica-kannada\/#primaryimage\"},\"image\":{\"@id\":\"https:\/\/talkpal.ai\/pt-pt\/exercicios-de-gramatica-kannada\/#primaryimage\"},\"thumbnailUrl\":\"https:\/\/talkpal.ai\/wp-content\/uploads\/2023\/05\/Kannada-india.png\",\"datePublished\":\"2023-06-22T07:53:19+00:00\",\"dateModified\":\"2025-12-17T15:10:05+00:00\",\"description\":\"Refor\u00e7a a tua gram\u00e1tica Kannada - participa em exerc\u00edcios interactivos, domina os padr\u00f5es das frases e melhora a flu\u00eancia com o tutor de IA do Talkpalo tutor de IA do Kannada.\",\"breadcrumb\":{\"@id\":\"https:\/\/talkpal.ai\/pt-pt\/exercicios-de-gramatica-kannada\/#breadcrumb\"},\"inLanguage\":\"pt-PT\",\"potentialAction\":[{\"@type\":\"ReadAction\",\"target\":[\"https:\/\/talkpal.ai\/pt-pt\/exercicios-de-gramatica-kannada\/\"]}]},{\"@type\":\"ImageObject\",\"inLanguage\":\"pt-PT\",\"@id\":\"https:\/\/talkpal.ai\/pt-pt\/exercicios-de-gramatica-kannada\/#primaryimage\",\"url\":\"https:\/\/talkpal.ai\/wp-content\/uploads\/2023\/05\/Kannada-india.png\",\"contentUrl\":\"https:\/\/talkpal.ai\/wp-content\/uploads\/2023\/05\/Kannada-india.png\",\"width\":512,\"height\":512},{\"@type\":\"BreadcrumbList\",\"@id\":\"https:\/\/talkpal.ai\/pt-pt\/exercicios-de-gramatica-kannada\/#breadcrumb\",\"itemListElement\":[{\"@type\":\"ListItem\",\"position\":1,\"name\":\"Homepage\",\"item\":\"https:\/\/talkpal.ai\/pt-pt\/\"},{\"@type\":\"ListItem\",\"position\":2,\"name\":\"Exerc\u00edcios de Gram\u00e1tica Kannada\"}]},{\"@type\":\"WebSite\",\"@id\":\"https:\/\/talkpal.ai\/pt-pt\/#website\",\"url\":\"https:\/\/talkpal.ai\/pt-pt\/\",\"name\":\"Talkpal\",\"description\":\"AI Language Learning\",\"publisher\":{\"@id\":\"https:\/\/talkpal.ai\/pt-pt\/#organization\"},\"alternateName\":\"Talkpal AI\",\"potentialAction\":[{\"@type\":\"SearchAction\",\"target\":{\"@type\":\"EntryPoint\",\"urlTemplate\":\"https:\/\/talkpal.ai\/pt-pt\/?s={search_term_string}\"},\"query-input\":{\"@type\":\"PropertyValueSpecification\",\"valueRequired\":true,\"valueName\":\"search_term_string\"}}],\"inLanguage\":\"pt-PT\"},{\"@type\":\"Organization\",\"@id\":\"https:\/\/talkpal.ai\/pt-pt\/#organization\",\"name\":\"Talkpal, Inc.\",\"alternateName\":\"Talkpal AI\",\"url\":\"https:\/\/talkpal.ai\/pt-pt\/\",\"logo\":{\"@type\":\"ImageObject\",\"inLanguage\":\"pt-PT\",\"@id\":\"https:\/\/talkpal.ai\/pt-pt\/#\/schema\/logo\/image\/\",\"url\":\"https:\/\/talkpal.ai\/wp-content\/uploads\/2024\/03\/Talkpal-Logo-Icon.png\",\"contentUrl\":\"https:\/\/talkpal.ai\/wp-content\/uploads\/2024\/03\/Talkpal-Logo-Icon.png\",\"width\":2880,\"height\":2880,\"caption\":\"Talkpal, Inc.\"},\"image\":{\"@id\":\"https:\/\/talkpal.ai\/pt-pt\/#\/schema\/logo\/image\/\"},\"sameAs\":[\"https:\/\/www.facebook.com\/profile.php?id=100090733639311\",\"https:\/\/x.com\/talkpalai\",\"https:\/\/www.linkedin.com\/company\/talkpal\/\",\"https:\/\/www.youtube.com\/@TalkPal\/\",\"https:\/\/www.tiktok.com\/@talkpal\",\"https:\/\/www.instagram.com\/talkpal_ai\/\",\"https:\/\/www.crunchbase.com\/organization\/talkpal-9cde\",\"https:\/\/www.g2.com\/products\/talkpal-for-business\/\",\"https:\/\/www.trustpilot.com\/review\/talkpal.ai\",\"https:\/\/www.capterra.com\/p\/10006800\/TalkPal\/\"],\"description\":\"Talkpal is a language learning web and mobile education app, powered by the latest AI technologies, that provides engaging experiences to its customers in many different languages to help them improve their language skills. Users can chat about unlimited amount of topics with the app and use other modes to practice their language learning.\",\"email\":\"support@talkpal.ai\",\"legalName\":\"Talkpal, Inc.\",\"foundingDate\":\"2023-04-03\",\"duns\":\"118989042\",\"numberOfEmployees\":{\"@type\":\"QuantitativeValue\",\"minValue\":\"11\",\"maxValue\":\"50\"},\"publishingPrinciples\":\"https:\/\/talkpal.ai\/publishing-principles\/\",\"actionableFeedbackPolicy\":\"https:\/\/talkpal.ai\/actionable-feedback-policy\/\",\"correctionsPolicy\":\"https:\/\/talkpal.ai\/corrections-policy\/\",\"ethicsPolicy\":\"https:\/\/talkpal.ai\/ethics-policy\/\",\"diversityPolicy\":\"https:\/\/talkpal.ai\/diversity-policy\/\",\"diversityStaffingReport\":\"https:\/\/talkpal.ai\/diversity-policy\/\"}]}<\/script>\n<!-- \/ Yoast SEO Premium plugin. -->","yoast_head_json":{"title":"Exerc\u00edcios de Gram\u00e1tica Kannada - Talkpal","description":"Refor\u00e7a a tua gram\u00e1tica Kannada - participa em exerc\u00edcios interactivos, domina os padr\u00f5es das frases e melhora a flu\u00eancia com o tutor de IA do Talkpalo tutor de IA do Kannada.","robots":{"index":"index","follow":"follow","max-snippet":"max-snippet:-1","max-image-preview":"max-image-preview:large","max-video-preview":"max-video-preview:-1"},"canonical":"https:\/\/talkpal.ai\/pt-pt\/exercicios-de-gramatica-kannada\/","og_locale":"pt_PT","og_type":"article","og_title":"Exerc\u00edcios de Gram\u00e1tica Kannada","og_description":"T\u00f3picos de Gram\u00e1tica Kannada Kannada \u00e9 uma l\u00edngua dravidiana predominantemente falada no estado indiano de Karnataka por aproximadamente 44 milh\u00f5es de","og_url":"https:\/\/talkpal.ai\/pt-pt\/exercicios-de-gramatica-kannada\/","og_site_name":"Talkpal","article_publisher":"https:\/\/www.facebook.com\/profile.php?id=100090733639311","article_modified_time":"2025-12-17T15:10:05+00:00","og_image":[{"width":512,"height":512,"url":"https:\/\/talkpal.ai\/wp-content\/uploads\/2023\/05\/Kannada-india.png","type":"image\/png"}],"twitter_card":"summary_large_image","twitter_site":"@talkpalai","twitter_misc":{"Tempo estimado de leitura":"3 minutos"},"schema":{"@context":"https:\/\/schema.org","@graph":[{"@type":"WebPage","@id":"https:\/\/talkpal.ai\/pt-pt\/exercicios-de-gramatica-kannada\/","url":"https:\/\/talkpal.ai\/pt-pt\/exercicios-de-gramatica-kannada\/","name":"Exerc\u00edcios de Gram\u00e1tica Kannada - Talkpal","isPartOf":{"@id":"https:\/\/talkpal.ai\/pt-pt\/#website"},"primaryImageOfPage":{"@id":"https:\/\/talkpal.ai\/pt-pt\/exercicios-de-gramatica-kannada\/#primaryimage"},"image":{"@id":"https:\/\/talkpal.ai\/pt-pt\/exercicios-de-gramatica-kannada\/#primaryimage"},"thumbnailUrl":"https:\/\/talkpal.ai\/wp-content\/uploads\/2023\/05\/Kannada-india.png","datePublished":"2023-06-22T07:53:19+00:00","dateModified":"2025-12-17T15:10:05+00:00","description":"Refor\u00e7a a tua gram\u00e1tica Kannada - participa em exerc\u00edcios interactivos, domina os padr\u00f5es das frases e melhora a flu\u00eancia com o tutor de IA do Talkpalo tutor de IA do Kannada.","breadcrumb":{"@id":"https:\/\/talkpal.ai\/pt-pt\/exercicios-de-gramatica-kannada\/#breadcrumb"},"inLanguage":"pt-PT","potentialAction":[{"@type":"ReadAction","target":["https:\/\/talkpal.ai\/pt-pt\/exercicios-de-gramatica-kannada\/"]}]},{"@type":"ImageObject","inLanguage":"pt-PT","@id":"https:\/\/talkpal.ai\/pt-pt\/exercicios-de-gramatica-kannada\/#primaryimage","url":"https:\/\/talkpal.ai\/wp-content\/uploads\/2023\/05\/Kannada-india.png","contentUrl":"https:\/\/talkpal.ai\/wp-content\/uploads\/2023\/05\/Kannada-india.png","width":512,"height":512},{"@type":"BreadcrumbList","@id":"https:\/\/talkpal.ai\/pt-pt\/exercicios-de-gramatica-kannada\/#breadcrumb","itemListElement":[{"@type":"ListItem","position":1,"name":"Homepage","item":"https:\/\/talkpal.ai\/pt-pt\/"},{"@type":"ListItem","position":2,"name":"Exerc\u00edcios de Gram\u00e1tica Kannada"}]},{"@type":"WebSite","@id":"https:\/\/talkpal.ai\/pt-pt\/#website","url":"https:\/\/talkpal.ai\/pt-pt\/","name":"Talkpal","description":"AI Language Learning","publisher":{"@id":"https:\/\/talkpal.ai\/pt-pt\/#organization"},"alternateName":"Talkpal AI","potentialAction":[{"@type":"SearchAction","target":{"@type":"EntryPoint","urlTemplate":"https:\/\/talkpal.ai\/pt-pt\/?s={search_term_string}"},"query-input":{"@type":"PropertyValueSpecification","valueRequired":true,"valueName":"search_term_string"}}],"inLanguage":"pt-PT"},{"@type":"Organization","@id":"https:\/\/talkpal.ai\/pt-pt\/#organization","name":"Talkpal, Inc.","alternateName":"Talkpal AI","url":"https:\/\/talkpal.ai\/pt-pt\/","logo":{"@type":"ImageObject","inLanguage":"pt-PT","@id":"https:\/\/talkpal.ai\/pt-pt\/#\/schema\/logo\/image\/","url":"https:\/\/talkpal.ai\/wp-content\/uploads\/2024\/03\/Talkpal-Logo-Icon.png","contentUrl":"https:\/\/talkpal.ai\/wp-content\/uploads\/2024\/03\/Talkpal-Logo-Icon.png","width":2880,"height":2880,"caption":"Talkpal, Inc."},"image":{"@id":"https:\/\/talkpal.ai\/pt-pt\/#\/schema\/logo\/image\/"},"sameAs":["https:\/\/www.facebook.com\/profile.php?id=100090733639311","https:\/\/x.com\/talkpalai","https:\/\/www.linkedin.com\/company\/talkpal\/","https:\/\/www.youtube.com\/@TalkPal\/","https:\/\/www.tiktok.com\/@talkpal","https:\/\/www.instagram.com\/talkpal_ai\/","https:\/\/www.crunchbase.com\/organization\/talkpal-9cde","https:\/\/www.g2.com\/products\/talkpal-for-business\/","https:\/\/www.trustpilot.com\/review\/talkpal.ai","https:\/\/www.capterra.com\/p\/10006800\/TalkPal\/"],"description":"Talkpal is a language learning web and mobile education app, powered by the latest AI technologies, that provides engaging experiences to its customers in many different languages to help them improve their language skills. Users can chat about unlimited amount of topics with the app and use other modes to practice their language learning.","email":"support@talkpal.ai","legalName":"Talkpal, Inc.","foundingDate":"2023-04-03","duns":"118989042","numberOfEmployees":{"@type":"QuantitativeValue","minValue":"11","maxValue":"50"},"publishingPrinciples":"https:\/\/talkpal.ai\/publishing-principles\/","actionableFeedbackPolicy":"https:\/\/talkpal.ai\/actionable-feedback-policy\/","correctionsPolicy":"https:\/\/talkpal.ai\/corrections-policy\/","ethicsPolicy":"https:\/\/talkpal.ai\/ethics-policy\/","diversityPolicy":"https:\/\/talkpal.ai\/diversity-policy\/","diversityStaffingReport":"https:\/\/talkpal.ai\/diversity-policy\/"}]}},"_links":{"self":[{"href":"https:\/\/talkpal.ai\/pt-pt\/wp-json\/wp\/v2\/pages\/161048","targetHints":{"allow":["GET"]}}],"collection":[{"href":"https:\/\/talkpal.ai\/pt-pt\/wp-json\/wp\/v2\/pages"}],"about":[{"href":"https:\/\/talkpal.ai\/pt-pt\/wp-json\/wp\/v2\/types\/page"}],"author":[{"embeddable":true,"href":"https:\/\/talkpal.ai\/pt-pt\/wp-json\/wp\/v2\/users\/6"}],"replies":[{"embeddable":true,"href":"https:\/\/talkpal.ai\/pt-pt\/wp-json\/wp\/v2\/comments?post=161048"}],"version-history":[{"count":0,"href":"https:\/\/talkpal.ai\/pt-pt\/wp-json\/wp\/v2\/pages\/161048\/revisions"}],"wp:featuredmedia":[{"embeddable":true,"href":"https:\/\/talkpal.ai\/pt-pt\/wp-json\/wp\/v2\/media\/28418"}],"wp:attachment":[{"href":"https:\/\/talkpal.ai\/pt-pt\/wp-json\/wp\/v2\/media?parent=161048"}],"curies":[{"name":"wp","href":"https:\/\/api.w.org\/{rel}","templated":true}]}}