{"id":156844,"date":"2023-06-28T13:54:56","date_gmt":"2023-06-28T13:54:56","guid":{"rendered":"http:\/\/talkpal.ai\/exercicios-de-gramatica-eslovena\/"},"modified":"2025-12-17T09:51:03","modified_gmt":"2025-12-17T09:51:03","slug":"exercicios-de-gramatica-eslovena","status":"publish","type":"page","link":"https:\/\/talkpal.ai\/pt-pt\/exercicios-de-gramatica-eslovena\/","title":{"rendered":"Exerc\u00edcios de gram\u00e1tica eslovena"},"content":{"rendered":"\r\n\r\n\r\n<section class=\"languageChallengeSection\">\r\n    <div class=\"languageInfoWrapper\">\r\n        \r\n        <h1>Exerc\u00edcios de gram\u00e1tica eslovena<\/h1>\r\n        <p>Est\u00e1s pronto para levar os teus conhecimentos de <a href=\"https:\/\/talkpal.ai\/learn-slovenian\/\">esloveno<\/a> para o pr\u00f3ximo n\u00edvel? Praticar exerc\u00edcios de gram\u00e1tica \u00e9 uma forma fant\u00e1stica de dominar a estrutura das frases, as termina\u00e7\u00f5es verbais e os padr\u00f5es \u00fanicos da l\u00edngua eslovena. Come\u00e7a hoje a trabalhar a <a href=\"https:\/\/talkpal.ai\/es\/gramatica-eslovena\/\">gram\u00e1tica eslovena<\/a> e v\u00ea a tua confian\u00e7a e flu\u00eancia melhorarem com cada exerc\u00edcio!<\/p>\r\n\r\n                            <a class=\"getStartedHidden\" href=\"https:\/\/app.talkpal.ai\/pt-pt\/signup?lng=\">Come\u00e7a<\/a>\r\n        \r\n    <\/div>\r\n\r\n    <figure>\r\n    <img decoding=\"async\" width=\"768\" height=\"768\" src=\"https:\/\/talkpal.ai\/wp-content\/uploads\/2023\/06\/slovenian-768x768.png\" class=\"languageImage no-lazy\" alt=\"Default alt text\" fetchpriority=\"high\" sizes=\"(max-width: 768px) 150px, 768px\" srcset=\"https:\/\/talkpal.ai\/wp-content\/uploads\/2023\/06\/slovenian-768x768.png 768w, https:\/\/talkpal.ai\/wp-content\/uploads\/2023\/06\/slovenian-300x300.png 300w\" \/>\r\n    \r\n\r\n    <\/figure>\r\n\r\n            <a class=\"getStartedVisible\" href=\"https:\/\/app.talkpal.ai\/pt-pt\/signup?lng=\">Come\u00e7a<\/a>\r\n    \r\n<\/section>\r\n\r\n\r\n<!-- <section class=\"grammarSection\">\r\n    <div class=\"grammarLinks\">\r\n        <a href=\"https:\/\/talkpal.ai\/pt-pt\/exercise_language\/adjetivos-gramatica-eslovena-pt-pt\/\">Adjetivos <\/a><a href=\"https:\/\/talkpal.ai\/pt-pt\/exercise_language\/adverbios-gramatica-eslovena-pt-pt\/\">Adv\u00e9rbios <\/a><a href=\"https:\/\/talkpal.ai\/pt-pt\/exercise_language\/artigos-gramatica-eslovena\/\">Artigos <\/a><a href=\"https:\/\/talkpal.ai\/pt-pt\/exercise_language\/comparacao-de-tempo-gramatica-eslovena\/\">Compara\u00e7\u00e3o de Tempo <\/a><a href=\"https:\/\/talkpal.ai\/pt-pt\/exercise_language\/condicionais-gramatica-eslovena\/\">Condicionais <\/a><a href=\"https:\/\/talkpal.ai\/pt-pt\/exercise_language\/frases-gramatica-eslovena\/\">Frases <\/a><a href=\"https:\/\/talkpal.ai\/pt-pt\/exercise_language\/preposicoes-gramatica-eslovena\/\">Preposi\u00e7\u00f5es <\/a><a href=\"https:\/\/talkpal.ai\/pt-pt\/exercise_language\/progressivo-gramatica-eslovena\/\">Progressivo <\/a><a href=\"https:\/\/talkpal.ai\/pt-pt\/exercise_language\/progressivo-perfeito-gramatica-eslovena\/\">Progressivo Perfeito <\/a><a href=\"https:\/\/talkpal.ai\/pt-pt\/exercise_language\/pronomes-determinantes-gramatica-eslovena\/\">Pronomes\/Determinantes <\/a><a href=\"https:\/\/talkpal.ai\/pt-pt\/exercise_language\/substantivos-gramatica-eslovena\/\">Substantivos <\/a><a href=\"https:\/\/talkpal.ai\/pt-pt\/exercise_language\/tempos-verbais-gramatica-eslovena\/\">Tempos Verbais <\/a><a href=\"https:\/\/talkpal.ai\/pt-pt\/exercise_language\/verbos-gramatica-eslovena-pt-pt\/\">Verbos <\/a>    <\/div>\r\n<\/section> -->\r\n\r\n\r\n\r\n\r\n        <section class=\"grammarSection\">\r\n            <div class=\"grammarLinks\">\r\n                <a href=\"https:\/\/talkpal.ai\/pt-pt\/exercise_language\/adjetivos-gramatica-eslovena-pt-pt\/\">Adjetivos <\/a><a href=\"https:\/\/talkpal.ai\/pt-pt\/exercise_language\/adverbios-gramatica-eslovena-pt-pt\/\">Adv\u00e9rbios <\/a><a href=\"https:\/\/talkpal.ai\/pt-pt\/exercise_language\/artigos-gramatica-eslovena\/\">Artigos <\/a><a href=\"https:\/\/talkpal.ai\/pt-pt\/exercise_language\/comparacao-de-tempo-gramatica-eslovena\/\">Compara\u00e7\u00e3o de Tempo <\/a><a href=\"https:\/\/talkpal.ai\/pt-pt\/exercise_language\/condicionais-gramatica-eslovena\/\">Condicionais <\/a><a href=\"https:\/\/talkpal.ai\/pt-pt\/exercise_language\/frases-gramatica-eslovena\/\">Frases <\/a><a href=\"https:\/\/talkpal.ai\/pt-pt\/exercise_language\/preposicoes-gramatica-eslovena\/\">Preposi\u00e7\u00f5es <\/a><a href=\"https:\/\/talkpal.ai\/pt-pt\/exercise_language\/progressivo-gramatica-eslovena\/\">Progressivo <\/a><a href=\"https:\/\/talkpal.ai\/pt-pt\/exercise_language\/progressivo-perfeito-gramatica-eslovena\/\">Progressivo Perfeito <\/a><a href=\"https:\/\/talkpal.ai\/pt-pt\/exercise_language\/pronomes-determinantes-gramatica-eslovena\/\">Pronomes\/Determinantes <\/a><a href=\"https:\/\/talkpal.ai\/pt-pt\/exercise_language\/substantivos-gramatica-eslovena\/\">Substantivos <\/a><a href=\"https:\/\/talkpal.ai\/pt-pt\/exercise_language\/tempos-verbais-gramatica-eslovena\/\">Tempos Verbais <\/a><a href=\"https:\/\/talkpal.ai\/pt-pt\/exercise_language\/verbos-gramatica-eslovena-pt-pt\/\">Verbos <\/a>            <\/div>\r\n        <\/section>\r\n<section class=\"promotionalBanner\">\r\n    <p class=\"promotionalText\">A maneira mais eficiente de aprender um idioma<\/p>\r\n    <a class=\"promotionalLink\" href=\"https:\/\/app.talkpal.ai\/pt-pt\/signup?lng=\">Experimente o Talkpal gratuitamente<\/a>\r\n<\/section>\n<div class=\"wp-block-group pageContainerStyle\"><div class=\"wp-block-group__inner-container is-layout-constrained wp-block-group-is-layout-constrained\">\n<h2 class=\"wp-block-heading\" id=\"h-slovenian-grammar-topics\">T\u00f3picos de gram\u00e1tica eslovena<\/h2>\n\n\n\n<p>O esloveno, tamb\u00e9m conhecido <a href=\"https:\/\/talkpal.ai\/locations\/language-courses-in-como\/\">como<\/a> esloveno, \u00e9 uma l\u00edngua eslava do sul falada predominantemente na Eslov\u00eania. \u00c9 uma das 24 l\u00ednguas oficiais e de trabalho da <a href=\"https:\/\/talkpal.ai\/locations\/language-courses-in-uniao\/\">Uni\u00e3o<\/a> Europeia. <a href=\"https:\/\/talkpal.ai\/pt-pt\/aprender-esloveno\/\">Aprender esloveno<\/a> requer uma compreens\u00e3o de v\u00e1rios componentes gramaticais, como tempos, verbos, substantivos, artigos, etc. A sequ\u00eancia de t\u00f3picos a seguir \u00e9 sugerida para tornar o processo de aprendizagem mais estruturado e eficaz.<\/p>\n\n\n\n<h3 class=\"wp-block-heading\" id=\"h-1-nouns-and-articles\">1. Substantivos e Artigos:<\/h3>\n\n\n\n<p>Come\u00e7a com as bases da gram\u00e1tica eslovena &#8211; substantivos e artigos. Compreender o conceito de g\u00eanero (masculino, feminino, neutro) e n\u00famero (singular, dual, plural) em substantivos eslovenos. Reconhecer os <a href=\"https:\/\/talkpal.ai\/pt-pt\/grammar\/artigos-definidos-e-indefinidos-na-gramatica-arabe\/\">artigos definidos e indefinidos<\/a> e seu uso.<\/p>\n\n\n\n<h3 class=\"wp-block-heading\" id=\"h-2-adjectives\">2. Adjetivos:<\/h3>\n\n\n\n<p>Depois de entender os substantivos, prossiga para os adjetivos. Saiba mais sobre a <a href=\"https:\/\/talkpal.ai\/pt-pt\/grammar\/adjetivo-declinacao-na-gramatica\/\">declina\u00e7\u00e3o de adjetivos<\/a> em g\u00eanero, n\u00famero e caso. Al\u00e9m disso, entenda formas comparativas e superlativas.<\/p>\n\n\n\n<h3 class=\"wp-block-heading\" id=\"h-3-pronouns-determiners\">3. Pronomes\/Determinantes:<\/h3>\n\n\n\n<p>Em seguida, concentre-se nos pronomes e determinantes. Eles s\u00e3o essenciais na forma\u00e7\u00e3o de frases e t\u00eam uma estreita associa\u00e7\u00e3o com substantivos e adjetivos.<\/p>\n\n\n\n<h3 class=\"wp-block-heading\" id=\"h-4-verbs\">4. Verbos:<\/h3>\n\n\n\n<p>Familiarize-se com os verbos eslovenos. Aprenda sobre os tr\u00eas padr\u00f5es de conjuga\u00e7\u00e3o, verbos modais e verbos reflexivos.<\/p>\n\n\n\n<h3 class=\"wp-block-heading\" id=\"h-5-tenses\">5. Tempos:<\/h3>\n\n\n\n<p>O esloveno tem apenas tr\u00eas tempos verbais &#8211; passado, presente e futuro. Estude cada tempo em detalhes, juntamente com suas regras de uso.<\/p>\n\n\n\n<h3 class=\"wp-block-heading\" id=\"h-6-tense-comparison\">6. Compara\u00e7\u00e3o tensa:<\/h3>\n\n\n\n<p>Depois de entender os tempos individuais, aprenda a compara\u00e7\u00e3o entre eles. Isso ajudar\u00e1 voc\u00ea a escolher o tempo correto de acordo com a situa\u00e7\u00e3o.<\/p>\n\n\n\n<h3 class=\"wp-block-heading\" id=\"h-7-progressive-and-perfect-progressive\">7. Progressista e Progressista Perfeito:<\/h3>\n\n\n\n<p>A l\u00edngua eslovena n\u00e3o tem um equivalente direto aos tempos progressivos e progressivos perfeitos do ingl\u00eas. No entanto, aprenda a expressar a\u00e7\u00f5es em andamento ou conclu\u00eddas em esloveno.<\/p>\n\n\n\n<h3 class=\"wp-block-heading\" id=\"h-8-adverbs\">8. Adv\u00e9rbios:<\/h3>\n\n\n\n<p>Eles modificam verbos, adjetivos ou outros adv\u00e9rbios. Saiba mais sobre os tipos de adv\u00e9rbios e sua coloca\u00e7\u00e3o em uma frase.<\/p>\n\n\n\n<h3 class=\"wp-block-heading\" id=\"h-9-prepositions\">9. Preposi\u00e7\u00f5es:<\/h3>\n\n\n\n<p>Ligam palavras a outras palavras. Entenda as preposi\u00e7\u00f5es eslovenas e seus casos.<\/p>\n\n\n\n<h3 class=\"wp-block-heading\" id=\"h-10-conditionals\">10. Condicionais:<\/h3>\n\n\n\n<p>Aprenda frases condicionais para expressar situa\u00e7\u00f5es hipot\u00e9ticas e suas consequ\u00eancias.<\/p>\n\n\n\n<h3 class=\"wp-block-heading\" id=\"h-11-sentences\">11. Senten\u00e7as:<\/h3>\n\n\n\n<p>Finalmente, pratique a constru\u00e7\u00e3o de senten\u00e7as usando as regras gramaticais aprendidas. Isso melhorar\u00e1 suas habilidades de escrita e conversa\u00e7\u00e3o em esloveno.<\/p>\n<\/div><\/div>\n\r\n<section class=\"learnNavigationSection\">\r\n            \r\n        <a href=\"https:\/\/talkpal.ai\/pt-pt\/aprender-esloveno\/\">\r\n            <div class=\"learnNavigationWrapper\">\r\n                <div class=\"learnNavigationContent\">\r\n                    <img decoding=\"async\" src=\"https:\/\/talkpal.ai\/wp-content\/uploads\/2024\/08\/Slovenian.jpg\" alt=\"Slovenian Flag\">\r\n                    <div>\r\n                        <h4>Sobre a aprendizagem da Eslov\u00e9nia<\/h4>\r\n                        <p>Descobre tudo sobre a gram\u00e1tica eslovena.<\/p>\r\n                    <\/div>\r\n                <\/div>\r\n            <\/div>\r\n        <\/a>\r\n\r\n        \r\n        <a href=\"https:\/\/talkpal.ai\/pt-pt\/gramatica-eslovena\/\">\r\n            <div class=\"learnNavigationWrapper\">\r\n                <div class=\"learnNavigationContent\">\r\n                    <img decoding=\"async\" src=\"https:\/\/talkpal.ai\/wp-content\/uploads\/2024\/08\/Slovenian.jpg\" alt=\"Slovenian Flag\">\r\n                    <div>\r\n                        <h4>Li\u00e7\u00f5es de gram\u00e1tica eslovena<\/h4>\r\n                        <p>Pratica a gram\u00e1tica eslovena.<\/p>\r\n                    <\/div>\r\n                <\/div>\r\n            <\/div>\r\n        <\/a>\r\n\r\n        \r\n        <a href=\"https:\/\/talkpal.ai\/vocabulary_language\/slovenian\/\">\r\n            <div class=\"learnNavigationWrapper\">\r\n                <div class=\"learnNavigationContent\">\r\n                    <img decoding=\"async\" src=\"https:\/\/talkpal.ai\/wp-content\/uploads\/2024\/08\/Slovenian.jpg\" alt=\"Slovenian Flag\">\r\n                    <div>\r\n                        <h4>Vocabul\u00e1rio esloveno<\/h4>\r\n                        <p>Amplia o teu vocabul\u00e1rio esloveno.<\/p>\r\n                    <\/div>\r\n                <\/div>\r\n            <\/div>\r\n        <\/a>\r\n\r\n            <\/section>","protected":false},"excerpt":{"rendered":"<p>T\u00f3picos de gram\u00e1tica eslovena O esloveno, tamb\u00e9m conhecido como esloveno, \u00e9 uma l\u00edngua eslava do sul falada predominantemente na Eslov\u00eania. \u00c9 uma das 24 l\u00ednguas oficiais e de trabalho da Uni\u00e3o Europeia. Aprender esloveno requer uma compreens\u00e3o de v\u00e1rios componentes gramaticais, como tempos, verbos, substantivos, artigos, etc. A sequ\u00eancia de t\u00f3picos a seguir \u00e9 sugerida [&hellip;]<\/p>\n","protected":false},"author":6,"featured_media":28658,"parent":0,"menu_order":0,"comment_status":"closed","ping_status":"closed","template":"LearningContentPage.php","meta":{"_acf_changed":false,"footnotes":""},"class_list":["post-156844","page","type-page","status-publish","has-post-thumbnail","hentry"],"acf":[],"yoast_head":"<!-- This site is optimized with the Yoast SEO Premium plugin v27.2 (Yoast SEO v27.2) - https:\/\/yoast.com\/product\/yoast-seo-premium-wordpress\/ -->\n<title>Exerc\u00edcios de gram\u00e1tica eslovena - Talkpal<\/title>\n<meta name=\"description\" content=\"Melhora as tuas compet\u00eancias gramaticais em esloveno com exerc\u00edcios interactivos concebidos para todos os n\u00edveis. Melhora o teu processo de aprendizagem de l\u00ednguas hoje mesmo!\" \/>\n<meta name=\"robots\" content=\"index, follow, max-snippet:-1, max-image-preview:large, max-video-preview:-1\" \/>\n<link rel=\"canonical\" href=\"https:\/\/talkpal.ai\/pt-pt\/exercicios-de-gramatica-eslovena\/\" \/>\n<meta property=\"og:locale\" content=\"pt_PT\" \/>\n<meta property=\"og:type\" content=\"article\" \/>\n<meta property=\"og:title\" content=\"Exerc\u00edcios de gram\u00e1tica eslovena\" \/>\n<meta property=\"og:description\" content=\"T\u00f3picos de gram\u00e1tica eslovena O esloveno, tamb\u00e9m conhecido como esloveno, \u00e9 uma l\u00edngua eslava do sul falada predominantemente na Eslov\u00eania. \u00c9 uma das 24\" \/>\n<meta property=\"og:url\" content=\"https:\/\/talkpal.ai\/pt-pt\/exercicios-de-gramatica-eslovena\/\" \/>\n<meta property=\"og:site_name\" content=\"Talkpal\" \/>\n<meta property=\"article:publisher\" content=\"https:\/\/www.facebook.com\/profile.php?id=100090733639311\" \/>\n<meta property=\"article:modified_time\" content=\"2025-12-17T09:51:03+00:00\" \/>\n<meta property=\"og:image\" content=\"https:\/\/talkpal.ai\/wp-content\/uploads\/2023\/05\/slovenia.png\" \/>\n\t<meta property=\"og:image:width\" content=\"512\" \/>\n\t<meta property=\"og:image:height\" content=\"512\" \/>\n\t<meta property=\"og:image:type\" content=\"image\/png\" \/>\n<meta name=\"twitter:card\" content=\"summary_large_image\" \/>\n<meta name=\"twitter:site\" content=\"@talkpalai\" \/>\n<meta name=\"twitter:label1\" content=\"Tempo estimado de leitura\" \/>\n\t<meta name=\"twitter:data1\" content=\"2 minutos\" \/>\n<script type=\"application\/ld+json\" class=\"yoast-schema-graph\">{\"@context\":\"https:\/\/schema.org\",\"@graph\":[{\"@type\":\"WebPage\",\"@id\":\"https:\/\/talkpal.ai\/pt-pt\/exercicios-de-gramatica-eslovena\/\",\"url\":\"https:\/\/talkpal.ai\/pt-pt\/exercicios-de-gramatica-eslovena\/\",\"name\":\"Exerc\u00edcios de gram\u00e1tica eslovena - Talkpal\",\"isPartOf\":{\"@id\":\"https:\/\/talkpal.ai\/pt-pt\/#website\"},\"primaryImageOfPage\":{\"@id\":\"https:\/\/talkpal.ai\/pt-pt\/exercicios-de-gramatica-eslovena\/#primaryimage\"},\"image\":{\"@id\":\"https:\/\/talkpal.ai\/pt-pt\/exercicios-de-gramatica-eslovena\/#primaryimage\"},\"thumbnailUrl\":\"https:\/\/talkpal.ai\/wp-content\/uploads\/2023\/05\/slovenia.png\",\"datePublished\":\"2023-06-28T13:54:56+00:00\",\"dateModified\":\"2025-12-17T09:51:03+00:00\",\"description\":\"Melhora as tuas compet\u00eancias gramaticais em esloveno com exerc\u00edcios interactivos concebidos para todos os n\u00edveis. Melhora o teu processo de aprendizagem de l\u00ednguas hoje mesmo!\",\"breadcrumb\":{\"@id\":\"https:\/\/talkpal.ai\/pt-pt\/exercicios-de-gramatica-eslovena\/#breadcrumb\"},\"inLanguage\":\"pt-PT\",\"potentialAction\":[{\"@type\":\"ReadAction\",\"target\":[\"https:\/\/talkpal.ai\/pt-pt\/exercicios-de-gramatica-eslovena\/\"]}]},{\"@type\":\"ImageObject\",\"inLanguage\":\"pt-PT\",\"@id\":\"https:\/\/talkpal.ai\/pt-pt\/exercicios-de-gramatica-eslovena\/#primaryimage\",\"url\":\"https:\/\/talkpal.ai\/wp-content\/uploads\/2023\/05\/slovenia.png\",\"contentUrl\":\"https:\/\/talkpal.ai\/wp-content\/uploads\/2023\/05\/slovenia.png\",\"width\":512,\"height\":512},{\"@type\":\"BreadcrumbList\",\"@id\":\"https:\/\/talkpal.ai\/pt-pt\/exercicios-de-gramatica-eslovena\/#breadcrumb\",\"itemListElement\":[{\"@type\":\"ListItem\",\"position\":1,\"name\":\"Homepage\",\"item\":\"https:\/\/talkpal.ai\/pt-pt\/\"},{\"@type\":\"ListItem\",\"position\":2,\"name\":\"Exerc\u00edcios de gram\u00e1tica eslovena\"}]},{\"@type\":\"WebSite\",\"@id\":\"https:\/\/talkpal.ai\/pt-pt\/#website\",\"url\":\"https:\/\/talkpal.ai\/pt-pt\/\",\"name\":\"Talkpal\",\"description\":\"AI Language Learning\",\"publisher\":{\"@id\":\"https:\/\/talkpal.ai\/pt-pt\/#organization\"},\"alternateName\":\"Talkpal AI\",\"potentialAction\":[{\"@type\":\"SearchAction\",\"target\":{\"@type\":\"EntryPoint\",\"urlTemplate\":\"https:\/\/talkpal.ai\/pt-pt\/?s={search_term_string}\"},\"query-input\":{\"@type\":\"PropertyValueSpecification\",\"valueRequired\":true,\"valueName\":\"search_term_string\"}}],\"inLanguage\":\"pt-PT\"},{\"@type\":\"Organization\",\"@id\":\"https:\/\/talkpal.ai\/pt-pt\/#organization\",\"name\":\"Talkpal, Inc.\",\"alternateName\":\"Talkpal AI\",\"url\":\"https:\/\/talkpal.ai\/pt-pt\/\",\"logo\":{\"@type\":\"ImageObject\",\"inLanguage\":\"pt-PT\",\"@id\":\"https:\/\/talkpal.ai\/pt-pt\/#\/schema\/logo\/image\/\",\"url\":\"https:\/\/talkpal.ai\/wp-content\/uploads\/2024\/03\/Talkpal-Logo-Icon.png\",\"contentUrl\":\"https:\/\/talkpal.ai\/wp-content\/uploads\/2024\/03\/Talkpal-Logo-Icon.png\",\"width\":2880,\"height\":2880,\"caption\":\"Talkpal, Inc.\"},\"image\":{\"@id\":\"https:\/\/talkpal.ai\/pt-pt\/#\/schema\/logo\/image\/\"},\"sameAs\":[\"https:\/\/www.facebook.com\/profile.php?id=100090733639311\",\"https:\/\/x.com\/talkpalai\",\"https:\/\/www.linkedin.com\/company\/talkpal\/\",\"https:\/\/www.youtube.com\/@TalkPal\/\",\"https:\/\/www.tiktok.com\/@talkpal\",\"https:\/\/www.instagram.com\/talkpal_ai\/\",\"https:\/\/www.crunchbase.com\/organization\/talkpal-9cde\",\"https:\/\/www.g2.com\/products\/talkpal-for-business\/\",\"https:\/\/www.trustpilot.com\/review\/talkpal.ai\",\"https:\/\/www.capterra.com\/p\/10006800\/TalkPal\/\"],\"description\":\"Talkpal is a language learning web and mobile education app, powered by the latest AI technologies, that provides engaging experiences to its customers in many different languages to help them improve their language skills. Users can chat about unlimited amount of topics with the app and use other modes to practice their language learning.\",\"email\":\"support@talkpal.ai\",\"legalName\":\"Talkpal, Inc.\",\"foundingDate\":\"2023-04-03\",\"duns\":\"118989042\",\"numberOfEmployees\":{\"@type\":\"QuantitativeValue\",\"minValue\":\"11\",\"maxValue\":\"50\"},\"publishingPrinciples\":\"https:\/\/talkpal.ai\/publishing-principles\/\",\"actionableFeedbackPolicy\":\"https:\/\/talkpal.ai\/actionable-feedback-policy\/\",\"correctionsPolicy\":\"https:\/\/talkpal.ai\/corrections-policy\/\",\"ethicsPolicy\":\"https:\/\/talkpal.ai\/ethics-policy\/\",\"diversityPolicy\":\"https:\/\/talkpal.ai\/diversity-policy\/\",\"diversityStaffingReport\":\"https:\/\/talkpal.ai\/diversity-policy\/\"}]}<\/script>\n<!-- \/ Yoast SEO Premium plugin. -->","yoast_head_json":{"title":"Exerc\u00edcios de gram\u00e1tica eslovena - Talkpal","description":"Melhora as tuas compet\u00eancias gramaticais em esloveno com exerc\u00edcios interactivos concebidos para todos os n\u00edveis. Melhora o teu processo de aprendizagem de l\u00ednguas hoje mesmo!","robots":{"index":"index","follow":"follow","max-snippet":"max-snippet:-1","max-image-preview":"max-image-preview:large","max-video-preview":"max-video-preview:-1"},"canonical":"https:\/\/talkpal.ai\/pt-pt\/exercicios-de-gramatica-eslovena\/","og_locale":"pt_PT","og_type":"article","og_title":"Exerc\u00edcios de gram\u00e1tica eslovena","og_description":"T\u00f3picos de gram\u00e1tica eslovena O esloveno, tamb\u00e9m conhecido como esloveno, \u00e9 uma l\u00edngua eslava do sul falada predominantemente na Eslov\u00eania. \u00c9 uma das 24","og_url":"https:\/\/talkpal.ai\/pt-pt\/exercicios-de-gramatica-eslovena\/","og_site_name":"Talkpal","article_publisher":"https:\/\/www.facebook.com\/profile.php?id=100090733639311","article_modified_time":"2025-12-17T09:51:03+00:00","og_image":[{"width":512,"height":512,"url":"https:\/\/talkpal.ai\/wp-content\/uploads\/2023\/05\/slovenia.png","type":"image\/png"}],"twitter_card":"summary_large_image","twitter_site":"@talkpalai","twitter_misc":{"Tempo estimado de leitura":"2 minutos"},"schema":{"@context":"https:\/\/schema.org","@graph":[{"@type":"WebPage","@id":"https:\/\/talkpal.ai\/pt-pt\/exercicios-de-gramatica-eslovena\/","url":"https:\/\/talkpal.ai\/pt-pt\/exercicios-de-gramatica-eslovena\/","name":"Exerc\u00edcios de gram\u00e1tica eslovena - Talkpal","isPartOf":{"@id":"https:\/\/talkpal.ai\/pt-pt\/#website"},"primaryImageOfPage":{"@id":"https:\/\/talkpal.ai\/pt-pt\/exercicios-de-gramatica-eslovena\/#primaryimage"},"image":{"@id":"https:\/\/talkpal.ai\/pt-pt\/exercicios-de-gramatica-eslovena\/#primaryimage"},"thumbnailUrl":"https:\/\/talkpal.ai\/wp-content\/uploads\/2023\/05\/slovenia.png","datePublished":"2023-06-28T13:54:56+00:00","dateModified":"2025-12-17T09:51:03+00:00","description":"Melhora as tuas compet\u00eancias gramaticais em esloveno com exerc\u00edcios interactivos concebidos para todos os n\u00edveis. Melhora o teu processo de aprendizagem de l\u00ednguas hoje mesmo!","breadcrumb":{"@id":"https:\/\/talkpal.ai\/pt-pt\/exercicios-de-gramatica-eslovena\/#breadcrumb"},"inLanguage":"pt-PT","potentialAction":[{"@type":"ReadAction","target":["https:\/\/talkpal.ai\/pt-pt\/exercicios-de-gramatica-eslovena\/"]}]},{"@type":"ImageObject","inLanguage":"pt-PT","@id":"https:\/\/talkpal.ai\/pt-pt\/exercicios-de-gramatica-eslovena\/#primaryimage","url":"https:\/\/talkpal.ai\/wp-content\/uploads\/2023\/05\/slovenia.png","contentUrl":"https:\/\/talkpal.ai\/wp-content\/uploads\/2023\/05\/slovenia.png","width":512,"height":512},{"@type":"BreadcrumbList","@id":"https:\/\/talkpal.ai\/pt-pt\/exercicios-de-gramatica-eslovena\/#breadcrumb","itemListElement":[{"@type":"ListItem","position":1,"name":"Homepage","item":"https:\/\/talkpal.ai\/pt-pt\/"},{"@type":"ListItem","position":2,"name":"Exerc\u00edcios de gram\u00e1tica eslovena"}]},{"@type":"WebSite","@id":"https:\/\/talkpal.ai\/pt-pt\/#website","url":"https:\/\/talkpal.ai\/pt-pt\/","name":"Talkpal","description":"AI Language Learning","publisher":{"@id":"https:\/\/talkpal.ai\/pt-pt\/#organization"},"alternateName":"Talkpal AI","potentialAction":[{"@type":"SearchAction","target":{"@type":"EntryPoint","urlTemplate":"https:\/\/talkpal.ai\/pt-pt\/?s={search_term_string}"},"query-input":{"@type":"PropertyValueSpecification","valueRequired":true,"valueName":"search_term_string"}}],"inLanguage":"pt-PT"},{"@type":"Organization","@id":"https:\/\/talkpal.ai\/pt-pt\/#organization","name":"Talkpal, Inc.","alternateName":"Talkpal AI","url":"https:\/\/talkpal.ai\/pt-pt\/","logo":{"@type":"ImageObject","inLanguage":"pt-PT","@id":"https:\/\/talkpal.ai\/pt-pt\/#\/schema\/logo\/image\/","url":"https:\/\/talkpal.ai\/wp-content\/uploads\/2024\/03\/Talkpal-Logo-Icon.png","contentUrl":"https:\/\/talkpal.ai\/wp-content\/uploads\/2024\/03\/Talkpal-Logo-Icon.png","width":2880,"height":2880,"caption":"Talkpal, Inc."},"image":{"@id":"https:\/\/talkpal.ai\/pt-pt\/#\/schema\/logo\/image\/"},"sameAs":["https:\/\/www.facebook.com\/profile.php?id=100090733639311","https:\/\/x.com\/talkpalai","https:\/\/www.linkedin.com\/company\/talkpal\/","https:\/\/www.youtube.com\/@TalkPal\/","https:\/\/www.tiktok.com\/@talkpal","https:\/\/www.instagram.com\/talkpal_ai\/","https:\/\/www.crunchbase.com\/organization\/talkpal-9cde","https:\/\/www.g2.com\/products\/talkpal-for-business\/","https:\/\/www.trustpilot.com\/review\/talkpal.ai","https:\/\/www.capterra.com\/p\/10006800\/TalkPal\/"],"description":"Talkpal is a language learning web and mobile education app, powered by the latest AI technologies, that provides engaging experiences to its customers in many different languages to help them improve their language skills. Users can chat about unlimited amount of topics with the app and use other modes to practice their language learning.","email":"support@talkpal.ai","legalName":"Talkpal, Inc.","foundingDate":"2023-04-03","duns":"118989042","numberOfEmployees":{"@type":"QuantitativeValue","minValue":"11","maxValue":"50"},"publishingPrinciples":"https:\/\/talkpal.ai\/publishing-principles\/","actionableFeedbackPolicy":"https:\/\/talkpal.ai\/actionable-feedback-policy\/","correctionsPolicy":"https:\/\/talkpal.ai\/corrections-policy\/","ethicsPolicy":"https:\/\/talkpal.ai\/ethics-policy\/","diversityPolicy":"https:\/\/talkpal.ai\/diversity-policy\/","diversityStaffingReport":"https:\/\/talkpal.ai\/diversity-policy\/"}]}},"_links":{"self":[{"href":"https:\/\/talkpal.ai\/pt-pt\/wp-json\/wp\/v2\/pages\/156844","targetHints":{"allow":["GET"]}}],"collection":[{"href":"https:\/\/talkpal.ai\/pt-pt\/wp-json\/wp\/v2\/pages"}],"about":[{"href":"https:\/\/talkpal.ai\/pt-pt\/wp-json\/wp\/v2\/types\/page"}],"author":[{"embeddable":true,"href":"https:\/\/talkpal.ai\/pt-pt\/wp-json\/wp\/v2\/users\/6"}],"replies":[{"embeddable":true,"href":"https:\/\/talkpal.ai\/pt-pt\/wp-json\/wp\/v2\/comments?post=156844"}],"version-history":[{"count":0,"href":"https:\/\/talkpal.ai\/pt-pt\/wp-json\/wp\/v2\/pages\/156844\/revisions"}],"wp:featuredmedia":[{"embeddable":true,"href":"https:\/\/talkpal.ai\/pt-pt\/wp-json\/wp\/v2\/media\/28658"}],"wp:attachment":[{"href":"https:\/\/talkpal.ai\/pt-pt\/wp-json\/wp\/v2\/media?parent=156844"}],"curies":[{"name":"wp","href":"https:\/\/api.w.org\/{rel}","templated":true}]}}