{"id":154284,"date":"2023-06-16T11:18:42","date_gmt":"2023-06-16T11:18:42","guid":{"rendered":"http:\/\/talkpal.ai\/exercicios-de-gramatica-africaner\/"},"modified":"2025-05-23T14:06:15","modified_gmt":"2025-05-23T14:06:15","slug":"exercicios-de-gramatica-africaner","status":"publish","type":"page","link":"https:\/\/talkpal.ai\/pt-pt\/exercicios-de-gramatica-africaner\/","title":{"rendered":"Exerc\u00edcios de Gram\u00e1tica Afric\u00e2ner"},"content":{"rendered":"\r\n\r\n\r\n<section class=\"languageChallengeSection\">\r\n    <div class=\"languageInfoWrapper\">\r\n        \r\n        <h1>Exerc\u00edcios de Gram\u00e1tica Afric\u00e2ner<\/h1>\r\n        <p>Est\u00e1s pronto para desenvolver as tuas compet\u00eancias em <a href=\"https:\/\/talkpal.ai\/learn-afrikaans\/\">afric\u00e2ner<\/a>? Praticar exerc\u00edcios de gram\u00e1tica \u00e9 uma \u00f3ptima maneira de dominar a estrutura das frases, as formas verbais e as carater\u00edsticas \u00fanicas da l\u00edngua afric\u00e2ner. Come\u00e7a hoje a trabalhar a <a href=\"https:\/\/talkpal.ai\/es\/gramatica-afrikaans\/\">gram\u00e1tica afric\u00e2ner<\/a> e v\u00ea a tua confian\u00e7a e flu\u00eancia crescerem com cada exerc\u00edcio!\n\n<\/p>\r\n\r\n                            <a class=\"getStartedHidden\" href=\"https:\/\/app.talkpal.ai\/pt-pt\/signup?lng=\">Come\u00e7a<\/a>\r\n        \r\n    <\/div>\r\n\r\n    <figure>\r\n    <img decoding=\"async\" width=\"768\" height=\"768\" src=\"https:\/\/talkpal.ai\/wp-content\/uploads\/2023\/06\/afrikaans-768x768.png\" class=\"languageImage no-lazy\" alt=\"Default alt text\" fetchpriority=\"high\" sizes=\"(max-width: 768px) 150px, 768px\" srcset=\"https:\/\/talkpal.ai\/wp-content\/uploads\/2023\/06\/afrikaans-768x768.png 768w, https:\/\/talkpal.ai\/wp-content\/uploads\/2023\/06\/afrikaans-300x300.png 300w\" \/>\r\n    \r\n\r\n    <\/figure>\r\n\r\n            <a class=\"getStartedVisible\" href=\"https:\/\/app.talkpal.ai\/pt-pt\/signup?lng=\">Come\u00e7a<\/a>\r\n    \r\n<\/section>\r\n\r\n\r\n<!-- <section class=\"grammarSection\">\r\n    <div class=\"grammarLinks\">\r\n        <a href=\"https:\/\/talkpal.ai\/pt-pt\/exercise_language\/adjetivos-gramatica-africaner\/\">Adjetivos <\/a><a href=\"https:\/\/talkpal.ai\/pt-pt\/exercise_language\/adverbios-gramatica-africaner\/\">Adv\u00e9rbios <\/a><a href=\"https:\/\/talkpal.ai\/pt-pt\/exercise_language\/artigos-gramatica-africaner\/\">Artigos <\/a><a href=\"https:\/\/talkpal.ai\/pt-pt\/exercise_language\/comparacao-tensa-gramatica-africaner\/\">Compara\u00e7\u00e3o Tensa <\/a><a href=\"https:\/\/talkpal.ai\/pt-pt\/exercise_language\/condicionais-gramatica-africaner\/\">Condicionais <\/a><a href=\"https:\/\/talkpal.ai\/pt-pt\/exercise_language\/frases-gramatica-africaner\/\">Frases <\/a><a href=\"https:\/\/talkpal.ai\/pt-pt\/exercise_language\/preposicoes-gramatica-africaner\/\">Preposi\u00e7\u00f5es <\/a><a href=\"https:\/\/talkpal.ai\/pt-pt\/exercise_language\/progressivo-gramatica-africaner\/\">Progressivo <\/a><a href=\"https:\/\/talkpal.ai\/pt-pt\/exercise_language\/progressivo-perfeito-gramatica-africaner\/\">Progressivo Perfeito <\/a><a href=\"https:\/\/talkpal.ai\/pt-pt\/exercise_language\/pronomes-determinantes-gramatica-africaner\/\">Pronomes\/Determinantes <\/a><a href=\"https:\/\/talkpal.ai\/pt-pt\/exercise_language\/substantivos-gramatica-africaner\/\">Substantivos <\/a><a href=\"https:\/\/talkpal.ai\/pt-pt\/exercise_language\/tempos-verbais-gramatica-africaner\/\">Tempos Verbais <\/a><a href=\"https:\/\/talkpal.ai\/pt-pt\/exercise_language\/verbos-gramatica-africaner\/\">Verbos <\/a>    <\/div>\r\n<\/section> -->\r\n\r\n\r\n\r\n\r\n        <section class=\"grammarSection\">\r\n            <div class=\"grammarLinks\">\r\n                <a href=\"https:\/\/talkpal.ai\/pt-pt\/exercise_language\/adjetivos-gramatica-africaner\/\">Adjetivos <\/a><a href=\"https:\/\/talkpal.ai\/pt-pt\/exercise_language\/adverbios-gramatica-africaner\/\">Adv\u00e9rbios <\/a><a href=\"https:\/\/talkpal.ai\/pt-pt\/exercise_language\/artigos-gramatica-africaner\/\">Artigos <\/a><a href=\"https:\/\/talkpal.ai\/pt-pt\/exercise_language\/comparacao-tensa-gramatica-africaner\/\">Compara\u00e7\u00e3o Tensa <\/a><a href=\"https:\/\/talkpal.ai\/pt-pt\/exercise_language\/condicionais-gramatica-africaner\/\">Condicionais <\/a><a href=\"https:\/\/talkpal.ai\/pt-pt\/exercise_language\/frases-gramatica-africaner\/\">Frases <\/a><a href=\"https:\/\/talkpal.ai\/pt-pt\/exercise_language\/preposicoes-gramatica-africaner\/\">Preposi\u00e7\u00f5es <\/a><a href=\"https:\/\/talkpal.ai\/pt-pt\/exercise_language\/progressivo-gramatica-africaner\/\">Progressivo <\/a><a href=\"https:\/\/talkpal.ai\/pt-pt\/exercise_language\/progressivo-perfeito-gramatica-africaner\/\">Progressivo Perfeito <\/a><a href=\"https:\/\/talkpal.ai\/pt-pt\/exercise_language\/pronomes-determinantes-gramatica-africaner\/\">Pronomes\/Determinantes <\/a><a href=\"https:\/\/talkpal.ai\/pt-pt\/exercise_language\/substantivos-gramatica-africaner\/\">Substantivos <\/a><a href=\"https:\/\/talkpal.ai\/pt-pt\/exercise_language\/tempos-verbais-gramatica-africaner\/\">Tempos Verbais <\/a><a href=\"https:\/\/talkpal.ai\/pt-pt\/exercise_language\/verbos-gramatica-africaner\/\">Verbos <\/a>            <\/div>\r\n        <\/section>\r\n<section class=\"promotionalBanner\">\r\n    <p class=\"promotionalText\">A maneira mais eficiente de aprender um idioma<\/p>\r\n    <a class=\"promotionalLink\" href=\"https:\/\/app.talkpal.ai\/pt-pt\/signup?lng=\">Experimente o Talkpal gratuitamente<\/a>\r\n<\/section>\n<div class=\"wp-block-group pageContainerStyle\"><div class=\"wp-block-group__inner-container is-layout-constrained wp-block-group-is-layout-constrained\">\n<h2 class=\"wp-block-heading\" id=\"h-afrikaans-grammar-topics\">T\u00f3picos de Gram\u00e1tica Afric\u00e2ner<\/h2>\n\n\n\n<p>O afric\u00e2ner, uma l\u00edngua germ\u00e2nica ocidental, \u00e9 uma das onze l\u00ednguas oficiais da \u00c1frica do Sul e \u00e9 falada por aproximadamente 6 milh\u00f5es de pessoas. <a href=\"https:\/\/talkpal.ai\/pt-pt\/os-aplicativos-gratuitos-para-aprender-africaner\/\">Aprender afric\u00e2ner<\/a> pode ser uma experi\u00eancia enriquecedora e gratificante, <a href=\"https:\/\/talkpal.ai\/culture\/how-do-i-use-the-phrase-pois-nao-correctly\/\">pois n\u00e3o<\/a> \u00e9 falado apenas na \u00c1frica do Sul, mas tamb\u00e9m na Nam\u00edbia e, em menor grau, no Zimb\u00e1bue e Botsuana. O idioma \u00e9 relativamente f\u00e1cil de aprender, especialmente para falantes de <a href=\"https:\/\/talkpal.ai\/pt-pt\/locations\/aprenda-ingles-em-passos\/\">ingl\u00eas<\/a>, pois tem uma gram\u00e1tica simplificada e compartilha muitas palavras com ingl\u00eas e holand\u00eas. Neste guia, vamos lev\u00e1-lo atrav\u00e9s dos t\u00f3picos essenciais da <a href=\"https:\/\/talkpal.ai\/es\/gramatica-afrikaans\/\">gram\u00e1tica afric\u00e2ner<\/a> que voc\u00ea precisa dominar para falar e entender o idioma fluentemente.<\/p>\n\n\n\n<h3 class=\"wp-block-heading\" id=\"h-1-nouns-and-articles\">1. Substantivos e Artigos:<\/h3>\n\n\n\n<p>Em afric\u00e2ner, os substantivos n\u00e3o t\u00eam g\u00eanero, o que facilita o aprendizado em compara\u00e7\u00e3o com outras l\u00ednguas germ\u00e2nicas. Os artigos tamb\u00e9m s\u00e3o simples, sendo \u201cdie\u201d o artigo definido e \u201cn\u201d ou \u201ceen\u201d o <a href=\"https:\/\/talkpal.ai\/pt-pt\/grammar\/artigo-indefinido-na-gramatica-galesa\/\">artigo indefinido<\/a>.<\/p>\n\n\n\n<h3 class=\"wp-block-heading\" id=\"h-2-pronouns-determiners\">2. Pronomes\/determinantes:<\/h3>\n\n\n\n<p>Pronomes s\u00e3o palavras que substituem substantivos e ajudam a evitar a repeti\u00e7\u00e3o em uma frase. O afric\u00e2ner tem <a href=\"https:\/\/talkpal.ai\/grammar\/pronomes-pessoais-in-portuguese-grammar\/\">pronomes pessoais<\/a>, possessivos, demonstrativos e interrogativos, que s\u00e3o essenciais na forma\u00e7\u00e3o de frases.<\/p>\n\n\n\n<h3 class=\"wp-block-heading\" id=\"h-3-adjectives\">3. Adjetivos:<\/h3>\n\n\n\n<p>Adjetivos descrevem ou modificam substantivos. Em afric\u00e2ner, eles geralmente v\u00eam antes do substantivo e concordam em n\u00famero com ele. N\u00e3o h\u00e1 acordo de g\u00eanero, o que torna mais simples o aprendizado.<\/p>\n\n\n\n<h3 class=\"wp-block-heading\" id=\"h-4-verbs\">4. Verbos:<\/h3>\n\n\n\n<p>Os verbos s\u00e3o palavras de a\u00e7\u00e3o e s\u00e3o essenciais na forma\u00e7\u00e3o de frases. Em afric\u00e2ner, os verbos n\u00e3o se conjugam de acordo com o sujeito, o que torna a l\u00edngua mais f\u00e1cil de aprender do que noutras l\u00ednguas. Verbos regulares seguem um padr\u00e3o simples, enquanto verbos irregulares precisam ser memorizados.<\/p>\n\n\n\n<h3 class=\"wp-block-heading\" id=\"h-5-tenses-and-tense-comparison\">5. Compara\u00e7\u00e3o de tempos e tensos:<\/h3>\n\n\n\n<p>O afric\u00e2ner tem tr\u00eas tempos principais: passado, presente e futuro. Aprender a formar e comparar esses tempos \u00e9 crucial para entender e falar a l\u00edngua.<\/p>\n\n\n\n<h3 class=\"wp-block-heading\" id=\"h-6-progressive-and-perfect-progressive\">6. Progressista e Progressista Perfeito:<\/h3>\n\n\n\n<p>O tempo progressivo \u00e9 usado para descrever a\u00e7\u00f5es em andamento, enquanto o progressivo perfeito indica a\u00e7\u00f5es que foram conclu\u00eddas. Aprender esses tempos ajuda a expressar as a\u00e7\u00f5es com clareza.<\/p>\n\n\n\n<h3 class=\"wp-block-heading\" id=\"h-7-adverbs\">7. Adv\u00e9rbios:<\/h3>\n\n\n\n<p>Os adv\u00e9rbios modificam verbos, adjetivos ou outros adv\u00e9rbios, fornecendo mais informa\u00e7\u00f5es sobre a a\u00e7\u00e3o, qualidade ou maneira. Eles s\u00e3o importantes para adicionar detalhes \u00e0s suas frases.<\/p>\n\n\n\n<h3 class=\"wp-block-heading\" id=\"h-8-prepositions\">8. Preposi\u00e7\u00f5es:<\/h3>\n\n\n\n<p>Preposi\u00e7\u00f5es s\u00e3o palavras que mostram a rela\u00e7\u00e3o entre substantivos ou pronomes e outras palavras na frase. Eles s\u00e3o cruciais para expressar localiza\u00e7\u00e3o, dire\u00e7\u00e3o, tempo e outras rela\u00e7\u00f5es.<\/p>\n\n\n\n<h3 class=\"wp-block-heading\" id=\"h-9-conditionals\">9. Condicionais:<\/h3>\n\n\n\n<p>As senten\u00e7as condicionais expressam uma a\u00e7\u00e3o ou estado que depende de uma condi\u00e7\u00e3o ser atendida. Aprender condicionais ajuda a expressar situa\u00e7\u00f5es hipot\u00e9ticas e consequ\u00eancias.<\/p>\n\n\n\n<h3 class=\"wp-block-heading\" id=\"h-10-sentences\">10. Frases:<\/h3>\n\n\n\n<p>Compreender a estrutura das senten\u00e7as afric\u00e2neres \u00e9 crucial para formar suas pr\u00f3prias senten\u00e7as e compreender o que os outros est\u00e3o dizendo. Saber usar todos os componentes gramaticais mencionados acima ir\u00e1 ajud\u00e1-lo a criar frases claras e coerentes.<\/p>\n<\/div><\/div>\n\r\n<section class=\"learnNavigationSection\">\r\n            \r\n        <a href=\"https:\/\/talkpal.ai\/pt-pt\/aprender-afrikaans\/\">\r\n            <div class=\"learnNavigationWrapper\">\r\n                <div class=\"learnNavigationContent\">\r\n                    <img decoding=\"async\" src=\"https:\/\/talkpal.ai\/wp-content\/uploads\/2024\/08\/Afrikaans.jpg\" alt=\"South Africa Flag\">\r\n                    <div>\r\n                        <h4>Acerca da aprendizagem do afric\u00e2ner<\/h4>\r\n                        <p>Descobre tudo sobre a gram\u00e1tica afric\u00e2ner.<\/p>\r\n                    <\/div>\r\n                <\/div>\r\n            <\/div>\r\n        <\/a>\r\n\r\n        \r\n        <a href=\"https:\/\/talkpal.ai\/pt-pt\/gramatica-africaner\/\">\r\n            <div class=\"learnNavigationWrapper\">\r\n                <div class=\"learnNavigationContent\">\r\n                    <img decoding=\"async\" src=\"https:\/\/talkpal.ai\/wp-content\/uploads\/2024\/08\/Afrikaans.jpg\" alt=\"South Africa Flag\">\r\n                    <div>\r\n                        <h4>Li\u00e7\u00f5es de Gram\u00e1tica Afric\u00e2ner<\/h4>\r\n                        <p>Pratica a gram\u00e1tica afric\u00e2ner.<\/p>\r\n                    <\/div>\r\n                <\/div>\r\n            <\/div>\r\n        <\/a>\r\n\r\n        \r\n        <a href=\"https:\/\/talkpal.ai\/vocabulary_language\/afrikaans\/\">\r\n            <div class=\"learnNavigationWrapper\">\r\n                <div class=\"learnNavigationContent\">\r\n                    <img decoding=\"async\" src=\"https:\/\/talkpal.ai\/wp-content\/uploads\/2024\/08\/Afrikaans.jpg\" alt=\"South Africa Flag\">\r\n                    <div>\r\n                        <h4>Vocabul\u00e1rio afric\u00e2ner<\/h4>\r\n                        <p>Amplia o teu vocabul\u00e1rio afric\u00e2ner.<\/p>\r\n                    <\/div>\r\n                <\/div>\r\n            <\/div>\r\n        <\/a>\r\n\r\n            <\/section>","protected":false},"excerpt":{"rendered":"<p>T\u00f3picos de Gram\u00e1tica Afric\u00e2ner O afric\u00e2ner, uma l\u00edngua germ\u00e2nica ocidental, \u00e9 uma das onze l\u00ednguas oficiais da \u00c1frica do Sul e \u00e9 falada por aproximadamente 6 milh\u00f5es de pessoas. Aprender afric\u00e2ner pode ser uma experi\u00eancia enriquecedora e gratificante, pois n\u00e3o \u00e9 falado apenas na \u00c1frica do Sul, mas tamb\u00e9m na Nam\u00edbia e, em menor grau, [&hellip;]<\/p>\n","protected":false},"author":6,"featured_media":28674,"parent":0,"menu_order":0,"comment_status":"closed","ping_status":"closed","template":"LearningContentPage.php","meta":{"_acf_changed":false,"footnotes":""},"class_list":["post-154284","page","type-page","status-publish","has-post-thumbnail","hentry"],"acf":[],"yoast_head":"<!-- This site is optimized with the Yoast SEO Premium plugin v27.2 (Yoast SEO v27.2) - https:\/\/yoast.com\/product\/yoast-seo-premium-wordpress\/ -->\n<title>Exerc\u00edcios de Gram\u00e1tica Afric\u00e2ner - Talkpal<\/title>\n<meta name=\"description\" content=\"Domina o Afrikaans com exerc\u00edcios de gram\u00e1tica do Afrikaans, concebidos para melhorar as tuas compet\u00eancias lingu\u00edsticas e a tua flu\u00eancia.\" \/>\n<meta name=\"robots\" content=\"index, follow, max-snippet:-1, max-image-preview:large, max-video-preview:-1\" \/>\n<link rel=\"canonical\" href=\"https:\/\/talkpal.ai\/pt-pt\/exercicios-de-gramatica-africaner\/\" \/>\n<meta property=\"og:locale\" content=\"pt_PT\" \/>\n<meta property=\"og:type\" content=\"article\" \/>\n<meta property=\"og:title\" content=\"Exerc\u00edcios de Gram\u00e1tica Afric\u00e2ner\" \/>\n<meta property=\"og:description\" content=\"T\u00f3picos de Gram\u00e1tica Afric\u00e2ner O afric\u00e2ner, uma l\u00edngua germ\u00e2nica ocidental, \u00e9 uma das onze l\u00ednguas oficiais da \u00c1frica do Sul e \u00e9 falada por\" \/>\n<meta property=\"og:url\" content=\"https:\/\/talkpal.ai\/pt-pt\/exercicios-de-gramatica-africaner\/\" \/>\n<meta property=\"og:site_name\" content=\"Talkpal\" \/>\n<meta property=\"article:publisher\" content=\"https:\/\/www.facebook.com\/profile.php?id=100090733639311\" \/>\n<meta property=\"article:modified_time\" content=\"2025-05-23T14:06:15+00:00\" \/>\n<meta property=\"og:image\" content=\"https:\/\/talkpal.ai\/wp-content\/uploads\/2023\/05\/south-africa.png\" \/>\n\t<meta property=\"og:image:width\" content=\"512\" \/>\n\t<meta property=\"og:image:height\" content=\"512\" \/>\n\t<meta property=\"og:image:type\" content=\"image\/png\" \/>\n<meta name=\"twitter:card\" content=\"summary_large_image\" \/>\n<meta name=\"twitter:site\" content=\"@talkpalai\" \/>\n<meta name=\"twitter:label1\" content=\"Tempo estimado de leitura\" \/>\n\t<meta name=\"twitter:data1\" content=\"3 minutos\" \/>\n<script type=\"application\/ld+json\" class=\"yoast-schema-graph\">{\"@context\":\"https:\/\/schema.org\",\"@graph\":[{\"@type\":\"WebPage\",\"@id\":\"https:\/\/talkpal.ai\/pt-pt\/exercicios-de-gramatica-africaner\/\",\"url\":\"https:\/\/talkpal.ai\/pt-pt\/exercicios-de-gramatica-africaner\/\",\"name\":\"Exerc\u00edcios de Gram\u00e1tica Afric\u00e2ner - Talkpal\",\"isPartOf\":{\"@id\":\"https:\/\/talkpal.ai\/pt-pt\/#website\"},\"primaryImageOfPage\":{\"@id\":\"https:\/\/talkpal.ai\/pt-pt\/exercicios-de-gramatica-africaner\/#primaryimage\"},\"image\":{\"@id\":\"https:\/\/talkpal.ai\/pt-pt\/exercicios-de-gramatica-africaner\/#primaryimage\"},\"thumbnailUrl\":\"https:\/\/talkpal.ai\/wp-content\/uploads\/2023\/05\/south-africa.png\",\"datePublished\":\"2023-06-16T11:18:42+00:00\",\"dateModified\":\"2025-05-23T14:06:15+00:00\",\"description\":\"Domina o Afrikaans com exerc\u00edcios de gram\u00e1tica do Afrikaans, concebidos para melhorar as tuas compet\u00eancias lingu\u00edsticas e a tua flu\u00eancia.\",\"breadcrumb\":{\"@id\":\"https:\/\/talkpal.ai\/pt-pt\/exercicios-de-gramatica-africaner\/#breadcrumb\"},\"inLanguage\":\"pt-PT\",\"potentialAction\":[{\"@type\":\"ReadAction\",\"target\":[\"https:\/\/talkpal.ai\/pt-pt\/exercicios-de-gramatica-africaner\/\"]}]},{\"@type\":\"ImageObject\",\"inLanguage\":\"pt-PT\",\"@id\":\"https:\/\/talkpal.ai\/pt-pt\/exercicios-de-gramatica-africaner\/#primaryimage\",\"url\":\"https:\/\/talkpal.ai\/wp-content\/uploads\/2023\/05\/south-africa.png\",\"contentUrl\":\"https:\/\/talkpal.ai\/wp-content\/uploads\/2023\/05\/south-africa.png\",\"width\":512,\"height\":512},{\"@type\":\"BreadcrumbList\",\"@id\":\"https:\/\/talkpal.ai\/pt-pt\/exercicios-de-gramatica-africaner\/#breadcrumb\",\"itemListElement\":[{\"@type\":\"ListItem\",\"position\":1,\"name\":\"Homepage\",\"item\":\"https:\/\/talkpal.ai\/pt-pt\/\"},{\"@type\":\"ListItem\",\"position\":2,\"name\":\"Exerc\u00edcios de Gram\u00e1tica Afric\u00e2ner\"}]},{\"@type\":\"WebSite\",\"@id\":\"https:\/\/talkpal.ai\/pt-pt\/#website\",\"url\":\"https:\/\/talkpal.ai\/pt-pt\/\",\"name\":\"Talkpal\",\"description\":\"AI Language Learning\",\"publisher\":{\"@id\":\"https:\/\/talkpal.ai\/pt-pt\/#organization\"},\"alternateName\":\"Talkpal AI\",\"potentialAction\":[{\"@type\":\"SearchAction\",\"target\":{\"@type\":\"EntryPoint\",\"urlTemplate\":\"https:\/\/talkpal.ai\/pt-pt\/?s={search_term_string}\"},\"query-input\":{\"@type\":\"PropertyValueSpecification\",\"valueRequired\":true,\"valueName\":\"search_term_string\"}}],\"inLanguage\":\"pt-PT\"},{\"@type\":\"Organization\",\"@id\":\"https:\/\/talkpal.ai\/pt-pt\/#organization\",\"name\":\"Talkpal, Inc.\",\"alternateName\":\"Talkpal AI\",\"url\":\"https:\/\/talkpal.ai\/pt-pt\/\",\"logo\":{\"@type\":\"ImageObject\",\"inLanguage\":\"pt-PT\",\"@id\":\"https:\/\/talkpal.ai\/pt-pt\/#\/schema\/logo\/image\/\",\"url\":\"https:\/\/talkpal.ai\/wp-content\/uploads\/2024\/03\/Talkpal-Logo-Icon.png\",\"contentUrl\":\"https:\/\/talkpal.ai\/wp-content\/uploads\/2024\/03\/Talkpal-Logo-Icon.png\",\"width\":2880,\"height\":2880,\"caption\":\"Talkpal, Inc.\"},\"image\":{\"@id\":\"https:\/\/talkpal.ai\/pt-pt\/#\/schema\/logo\/image\/\"},\"sameAs\":[\"https:\/\/www.facebook.com\/profile.php?id=100090733639311\",\"https:\/\/x.com\/talkpalai\",\"https:\/\/www.linkedin.com\/company\/talkpal\/\",\"https:\/\/www.youtube.com\/@TalkPal\/\",\"https:\/\/www.tiktok.com\/@talkpal\",\"https:\/\/www.instagram.com\/talkpal_ai\/\",\"https:\/\/www.crunchbase.com\/organization\/talkpal-9cde\",\"https:\/\/www.g2.com\/products\/talkpal-for-business\/\",\"https:\/\/www.trustpilot.com\/review\/talkpal.ai\",\"https:\/\/www.capterra.com\/p\/10006800\/TalkPal\/\"],\"description\":\"Talkpal is a language learning web and mobile education app, powered by the latest AI technologies, that provides engaging experiences to its customers in many different languages to help them improve their language skills. Users can chat about unlimited amount of topics with the app and use other modes to practice their language learning.\",\"email\":\"support@talkpal.ai\",\"legalName\":\"Talkpal, Inc.\",\"foundingDate\":\"2023-04-03\",\"duns\":\"118989042\",\"numberOfEmployees\":{\"@type\":\"QuantitativeValue\",\"minValue\":\"11\",\"maxValue\":\"50\"},\"publishingPrinciples\":\"https:\/\/talkpal.ai\/publishing-principles\/\",\"actionableFeedbackPolicy\":\"https:\/\/talkpal.ai\/actionable-feedback-policy\/\",\"correctionsPolicy\":\"https:\/\/talkpal.ai\/corrections-policy\/\",\"ethicsPolicy\":\"https:\/\/talkpal.ai\/ethics-policy\/\",\"diversityPolicy\":\"https:\/\/talkpal.ai\/diversity-policy\/\",\"diversityStaffingReport\":\"https:\/\/talkpal.ai\/diversity-policy\/\"}]}<\/script>\n<!-- \/ Yoast SEO Premium plugin. -->","yoast_head_json":{"title":"Exerc\u00edcios de Gram\u00e1tica Afric\u00e2ner - Talkpal","description":"Domina o Afrikaans com exerc\u00edcios de gram\u00e1tica do Afrikaans, concebidos para melhorar as tuas compet\u00eancias lingu\u00edsticas e a tua flu\u00eancia.","robots":{"index":"index","follow":"follow","max-snippet":"max-snippet:-1","max-image-preview":"max-image-preview:large","max-video-preview":"max-video-preview:-1"},"canonical":"https:\/\/talkpal.ai\/pt-pt\/exercicios-de-gramatica-africaner\/","og_locale":"pt_PT","og_type":"article","og_title":"Exerc\u00edcios de Gram\u00e1tica Afric\u00e2ner","og_description":"T\u00f3picos de Gram\u00e1tica Afric\u00e2ner O afric\u00e2ner, uma l\u00edngua germ\u00e2nica ocidental, \u00e9 uma das onze l\u00ednguas oficiais da \u00c1frica do Sul e \u00e9 falada por","og_url":"https:\/\/talkpal.ai\/pt-pt\/exercicios-de-gramatica-africaner\/","og_site_name":"Talkpal","article_publisher":"https:\/\/www.facebook.com\/profile.php?id=100090733639311","article_modified_time":"2025-05-23T14:06:15+00:00","og_image":[{"width":512,"height":512,"url":"https:\/\/talkpal.ai\/wp-content\/uploads\/2023\/05\/south-africa.png","type":"image\/png"}],"twitter_card":"summary_large_image","twitter_site":"@talkpalai","twitter_misc":{"Tempo estimado de leitura":"3 minutos"},"schema":{"@context":"https:\/\/schema.org","@graph":[{"@type":"WebPage","@id":"https:\/\/talkpal.ai\/pt-pt\/exercicios-de-gramatica-africaner\/","url":"https:\/\/talkpal.ai\/pt-pt\/exercicios-de-gramatica-africaner\/","name":"Exerc\u00edcios de Gram\u00e1tica Afric\u00e2ner - Talkpal","isPartOf":{"@id":"https:\/\/talkpal.ai\/pt-pt\/#website"},"primaryImageOfPage":{"@id":"https:\/\/talkpal.ai\/pt-pt\/exercicios-de-gramatica-africaner\/#primaryimage"},"image":{"@id":"https:\/\/talkpal.ai\/pt-pt\/exercicios-de-gramatica-africaner\/#primaryimage"},"thumbnailUrl":"https:\/\/talkpal.ai\/wp-content\/uploads\/2023\/05\/south-africa.png","datePublished":"2023-06-16T11:18:42+00:00","dateModified":"2025-05-23T14:06:15+00:00","description":"Domina o Afrikaans com exerc\u00edcios de gram\u00e1tica do Afrikaans, concebidos para melhorar as tuas compet\u00eancias lingu\u00edsticas e a tua flu\u00eancia.","breadcrumb":{"@id":"https:\/\/talkpal.ai\/pt-pt\/exercicios-de-gramatica-africaner\/#breadcrumb"},"inLanguage":"pt-PT","potentialAction":[{"@type":"ReadAction","target":["https:\/\/talkpal.ai\/pt-pt\/exercicios-de-gramatica-africaner\/"]}]},{"@type":"ImageObject","inLanguage":"pt-PT","@id":"https:\/\/talkpal.ai\/pt-pt\/exercicios-de-gramatica-africaner\/#primaryimage","url":"https:\/\/talkpal.ai\/wp-content\/uploads\/2023\/05\/south-africa.png","contentUrl":"https:\/\/talkpal.ai\/wp-content\/uploads\/2023\/05\/south-africa.png","width":512,"height":512},{"@type":"BreadcrumbList","@id":"https:\/\/talkpal.ai\/pt-pt\/exercicios-de-gramatica-africaner\/#breadcrumb","itemListElement":[{"@type":"ListItem","position":1,"name":"Homepage","item":"https:\/\/talkpal.ai\/pt-pt\/"},{"@type":"ListItem","position":2,"name":"Exerc\u00edcios de Gram\u00e1tica Afric\u00e2ner"}]},{"@type":"WebSite","@id":"https:\/\/talkpal.ai\/pt-pt\/#website","url":"https:\/\/talkpal.ai\/pt-pt\/","name":"Talkpal","description":"AI Language Learning","publisher":{"@id":"https:\/\/talkpal.ai\/pt-pt\/#organization"},"alternateName":"Talkpal AI","potentialAction":[{"@type":"SearchAction","target":{"@type":"EntryPoint","urlTemplate":"https:\/\/talkpal.ai\/pt-pt\/?s={search_term_string}"},"query-input":{"@type":"PropertyValueSpecification","valueRequired":true,"valueName":"search_term_string"}}],"inLanguage":"pt-PT"},{"@type":"Organization","@id":"https:\/\/talkpal.ai\/pt-pt\/#organization","name":"Talkpal, Inc.","alternateName":"Talkpal AI","url":"https:\/\/talkpal.ai\/pt-pt\/","logo":{"@type":"ImageObject","inLanguage":"pt-PT","@id":"https:\/\/talkpal.ai\/pt-pt\/#\/schema\/logo\/image\/","url":"https:\/\/talkpal.ai\/wp-content\/uploads\/2024\/03\/Talkpal-Logo-Icon.png","contentUrl":"https:\/\/talkpal.ai\/wp-content\/uploads\/2024\/03\/Talkpal-Logo-Icon.png","width":2880,"height":2880,"caption":"Talkpal, Inc."},"image":{"@id":"https:\/\/talkpal.ai\/pt-pt\/#\/schema\/logo\/image\/"},"sameAs":["https:\/\/www.facebook.com\/profile.php?id=100090733639311","https:\/\/x.com\/talkpalai","https:\/\/www.linkedin.com\/company\/talkpal\/","https:\/\/www.youtube.com\/@TalkPal\/","https:\/\/www.tiktok.com\/@talkpal","https:\/\/www.instagram.com\/talkpal_ai\/","https:\/\/www.crunchbase.com\/organization\/talkpal-9cde","https:\/\/www.g2.com\/products\/talkpal-for-business\/","https:\/\/www.trustpilot.com\/review\/talkpal.ai","https:\/\/www.capterra.com\/p\/10006800\/TalkPal\/"],"description":"Talkpal is a language learning web and mobile education app, powered by the latest AI technologies, that provides engaging experiences to its customers in many different languages to help them improve their language skills. Users can chat about unlimited amount of topics with the app and use other modes to practice their language learning.","email":"support@talkpal.ai","legalName":"Talkpal, Inc.","foundingDate":"2023-04-03","duns":"118989042","numberOfEmployees":{"@type":"QuantitativeValue","minValue":"11","maxValue":"50"},"publishingPrinciples":"https:\/\/talkpal.ai\/publishing-principles\/","actionableFeedbackPolicy":"https:\/\/talkpal.ai\/actionable-feedback-policy\/","correctionsPolicy":"https:\/\/talkpal.ai\/corrections-policy\/","ethicsPolicy":"https:\/\/talkpal.ai\/ethics-policy\/","diversityPolicy":"https:\/\/talkpal.ai\/diversity-policy\/","diversityStaffingReport":"https:\/\/talkpal.ai\/diversity-policy\/"}]}},"_links":{"self":[{"href":"https:\/\/talkpal.ai\/pt-pt\/wp-json\/wp\/v2\/pages\/154284","targetHints":{"allow":["GET"]}}],"collection":[{"href":"https:\/\/talkpal.ai\/pt-pt\/wp-json\/wp\/v2\/pages"}],"about":[{"href":"https:\/\/talkpal.ai\/pt-pt\/wp-json\/wp\/v2\/types\/page"}],"author":[{"embeddable":true,"href":"https:\/\/talkpal.ai\/pt-pt\/wp-json\/wp\/v2\/users\/6"}],"replies":[{"embeddable":true,"href":"https:\/\/talkpal.ai\/pt-pt\/wp-json\/wp\/v2\/comments?post=154284"}],"version-history":[{"count":0,"href":"https:\/\/talkpal.ai\/pt-pt\/wp-json\/wp\/v2\/pages\/154284\/revisions"}],"wp:featuredmedia":[{"embeddable":true,"href":"https:\/\/talkpal.ai\/pt-pt\/wp-json\/wp\/v2\/media\/28674"}],"wp:attachment":[{"href":"https:\/\/talkpal.ai\/pt-pt\/wp-json\/wp\/v2\/media?parent=154284"}],"curies":[{"name":"wp","href":"https:\/\/api.w.org\/{rel}","templated":true}]}}